{"id":1749,"date":"2020-04-04T10:49:27","date_gmt":"2020-04-04T09:49:27","guid":{"rendered":"http:\/\/www.beachspirit.fr\/bs\/?post_type=product&#038;p=1749"},"modified":"2025-01-15T14:56:40","modified_gmt":"2025-01-15T13:56:40","slug":"poulie-triple-viadana-57mm-billes-bateau-char","status":"publish","type":"product","link":"https:\/\/www.beachspirit.fr\/bs\/produit\/poulie-triple-viadana-57mm-billes-bateau-char\/","title":{"rendered":"Poulies triple Viadana 57mm \u00e0 billes (ref 96.68)"},"content":{"rendered":"<h3><span style=\"color: #ff6600;\">Poulie triple bateau char \u00e0 voile Viadana 57mm \u00e0 billes<\/span><\/h3>\n<ul>\n<li><strong>poulies triples<\/strong> de diam 57mm \u00e9vid\u00e9es au centre (permettant d&rsquo;attacher l&rsquo;\u00e9coute) \u00e0 billes en delrin et bloc\u00a0 composite avec \u00e9merillon blocable de marque Viadana (ref 96.68)<\/li>\n<\/ul>\n<p>Test\u00e9es et approuv\u00e9s en comp\u00e9tition, ces poulies d&rsquo;un excellent rapport qualit\u00e9 prix sont id\u00e9ales pour le bateau\u00a0 de sport et chars \u00e0 voile de comp\u00e9tition<\/p>\n<p>&nbsp;<\/p>\n<p>Vous cherchez un produit sp\u00e9cifique :<\/p>\n<p><a href=\"http:\/\/www.viadana.it\/wp-content\/uploads\/2014\/04\/viadana_bassa.pdf\" target=\"_blank\" rel=\"noopener noreferrer\">http:\/\/www.viadana.it\/wp-content\/uploads\/2014\/04\/viadana_bassa.pdf <\/a>et n&rsquo;h\u00e9sitez pas \u00e0 nous <a href=\"https:\/\/www.beachspirit.fr\/bs\/nous-contacter\/\" target=\"_blank\" rel=\"noopener noreferrer\">contacter<\/a><\/p>\n","protected":false},"excerpt":{"rendered":"<h2><span style=\"color: #ff6600;\">Poulie triple <\/span><span style=\"color: #ff6600;\">57mm <\/span><span style=\"color: #ff6600;\">Viadana \u00e0 billes<\/span><\/h2>\n","protected":false},"featured_media":1655,"comment_status":"open","ping_status":"closed","template":"","meta":[],"product_brand":[],"product_cat":[18,546,547,361],"product_tag":[],"class_list":{"0":"post-1749","1":"product","2":"type-product","3":"status-publish","4":"has-post-thumbnail","6":"product_cat-accastillage-poulies-voile-char-a-voile-bateau","7":"product_cat-char-a-voile-classes-2-et-3","8":"product_cat-chars-a-voile-classes-5-promo-standart-mini-loisir","9":"product_cat-articles-techniques-voile-char-a-voile","10":"product_shipping_class-tarif-suivant-poids","12":"first","13":"instock","14":"purchasable","15":"product-type-simple"},"yoast_head":"<!-- This site is optimized with the Yoast SEO plugin v27.5 - https:\/\/yoast.com\/product\/yoast-seo-wordpress\/ -->\n<title>- Poulies triple Viadana 57mm \u00e0 billes (ref 96.68) - BEACH SPIRIT<\/title>\n<meta name=\"description\" content=\"Poulie triple 57mm viadana \u00e0 billes test\u00e9es et approuv\u00e9es en comp\u00e9tition pour palan d&#039;ecoute de catamaran de sport et chars \u00e0 voile.\" \/>\n<meta name=\"robots\" content=\"index, follow, max-snippet:-1, max-image-preview:large, max-video-preview:-1\" \/>\n<link rel=\"canonical\" href=\"https:\/\/www.beachspirit.fr\/bs\/produit\/poulie-triple-viadana-57mm-billes-bateau-char\/\" \/>\n<meta property=\"og:locale\" content=\"fr_FR\" \/>\n<meta property=\"og:type\" content=\"article\" \/>\n<meta property=\"og:title\" content=\"- Poulies triple Viadana 57mm \u00e0 billes (ref 96.68) - BEACH SPIRIT\" \/>\n<meta property=\"og:description\" content=\"Poulie triple 57mm viadana \u00e0 billes test\u00e9es et approuv\u00e9es en comp\u00e9tition pour palan d&#039;ecoute de catamaran de sport et chars \u00e0 voile.\" \/>\n<meta property=\"og:url\" content=\"https:\/\/www.beachspirit.fr\/bs\/produit\/poulie-triple-viadana-57mm-billes-bateau-char\/\" \/>\n<meta property=\"og:site_name\" content=\"BEACH SPIRIT\" \/>\n<meta property=\"article:publisher\" content=\"https:\/\/www.facebook.com\/beachspirit.fr\/\" \/>\n<meta property=\"article:modified_time\" content=\"2025-01-15T13:56:40+00:00\" \/>\n<meta property=\"og:image\" content=\"https:\/\/www.beachspirit.fr\/bs\/wp-content\/uploads\/2016\/02\/viadana-poulie-triple-a-emerillon.jpg\" \/>\n\t<meta property=\"og:image:width\" content=\"600\" \/>\n\t<meta property=\"og:image:height\" content=\"600\" \/>\n\t<meta property=\"og:image:type\" content=\"image\/jpeg\" \/>\n<meta name=\"twitter:card\" content=\"summary_large_image\" \/>\n<meta name=\"twitter:label1\" content=\"Dur\u00e9e de lecture estim\u00e9e\" \/>\n\t<meta name=\"twitter:data1\" content=\"1 minute\" \/>\n<script type=\"application\/ld+json\" class=\"yoast-schema-graph\">{\"@context\":\"https:\\\/\\\/schema.org\",\"@graph\":[{\"@type\":\"WebPage\",\"@id\":\"https:\\\/\\\/www.beachspirit.fr\\\/bs\\\/produit\\\/poulie-triple-viadana-57mm-billes-bateau-char\\\/\",\"url\":\"https:\\\/\\\/www.beachspirit.fr\\\/bs\\\/produit\\\/poulie-triple-viadana-57mm-billes-bateau-char\\\/\",\"name\":\"- Poulies triple Viadana 57mm \u00e0 billes (ref 96.68) - BEACH SPIRIT\",\"isPartOf\":{\"@id\":\"https:\\\/\\\/www.beachspirit.fr\\\/bs\\\/#website\"},\"primaryImageOfPage\":{\"@id\":\"https:\\\/\\\/www.beachspirit.fr\\\/bs\\\/produit\\\/poulie-triple-viadana-57mm-billes-bateau-char\\\/#primaryimage\"},\"image\":{\"@id\":\"https:\\\/\\\/www.beachspirit.fr\\\/bs\\\/produit\\\/poulie-triple-viadana-57mm-billes-bateau-char\\\/#primaryimage\"},\"thumbnailUrl\":\"https:\\\/\\\/www.beachspirit.fr\\\/bs\\\/wp-content\\\/uploads\\\/2016\\\/02\\\/viadana-poulie-triple-a-emerillon.jpg\",\"datePublished\":\"2020-04-04T09:49:27+00:00\",\"dateModified\":\"2025-01-15T13:56:40+00:00\",\"description\":\"Poulie triple 57mm viadana \u00e0 billes test\u00e9es et approuv\u00e9es en comp\u00e9tition pour palan d'ecoute de catamaran de sport et chars \u00e0 voile.\",\"breadcrumb\":{\"@id\":\"https:\\\/\\\/www.beachspirit.fr\\\/bs\\\/produit\\\/poulie-triple-viadana-57mm-billes-bateau-char\\\/#breadcrumb\"},\"inLanguage\":\"fr-FR\",\"potentialAction\":[{\"@type\":\"ReadAction\",\"target\":[\"https:\\\/\\\/www.beachspirit.fr\\\/bs\\\/produit\\\/poulie-triple-viadana-57mm-billes-bateau-char\\\/\"]}]},{\"@type\":\"ImageObject\",\"inLanguage\":\"fr-FR\",\"@id\":\"https:\\\/\\\/www.beachspirit.fr\\\/bs\\\/produit\\\/poulie-triple-viadana-57mm-billes-bateau-char\\\/#primaryimage\",\"url\":\"https:\\\/\\\/www.beachspirit.fr\\\/bs\\\/wp-content\\\/uploads\\\/2016\\\/02\\\/viadana-poulie-triple-a-emerillon.jpg\",\"contentUrl\":\"https:\\\/\\\/www.beachspirit.fr\\\/bs\\\/wp-content\\\/uploads\\\/2016\\\/02\\\/viadana-poulie-triple-a-emerillon.jpg\",\"width\":600,\"height\":600,\"caption\":\"Articles techniques\"},{\"@type\":\"BreadcrumbList\",\"@id\":\"https:\\\/\\\/www.beachspirit.fr\\\/bs\\\/produit\\\/poulie-triple-viadana-57mm-billes-bateau-char\\\/#breadcrumb\",\"itemListElement\":[{\"@type\":\"ListItem\",\"position\":1,\"name\":\"Accueil\",\"item\":\"https:\\\/\\\/www.beachspirit.fr\\\/bs\\\/\"},{\"@type\":\"ListItem\",\"position\":2,\"name\":\"Boutique\",\"item\":\"https:\\\/\\\/www.beachspirit.fr\\\/bs\\\/boutique\\\/\"},{\"@type\":\"ListItem\",\"position\":3,\"name\":\"Poulies triple Viadana 57mm \u00e0 billes (ref 96.68)\"}]},{\"@type\":\"WebSite\",\"@id\":\"https:\\\/\\\/www.beachspirit.fr\\\/bs\\\/#website\",\"url\":\"https:\\\/\\\/www.beachspirit.fr\\\/bs\\\/\",\"name\":\"BEACH SPIRIT\",\"description\":\"beach spirit approved\",\"publisher\":{\"@id\":\"https:\\\/\\\/www.beachspirit.fr\\\/bs\\\/#organization\"},\"potentialAction\":[{\"@type\":\"SearchAction\",\"target\":{\"@type\":\"EntryPoint\",\"urlTemplate\":\"https:\\\/\\\/www.beachspirit.fr\\\/bs\\\/?s={search_term_string}\"},\"query-input\":{\"@type\":\"PropertyValueSpecification\",\"valueRequired\":true,\"valueName\":\"search_term_string\"}}],\"inLanguage\":\"fr-FR\"},{\"@type\":\"Organization\",\"@id\":\"https:\\\/\\\/www.beachspirit.fr\\\/bs\\\/#organization\",\"name\":\"BEACH SPIRIT\",\"url\":\"https:\\\/\\\/www.beachspirit.fr\\\/bs\\\/\",\"logo\":{\"@type\":\"ImageObject\",\"inLanguage\":\"fr-FR\",\"@id\":\"https:\\\/\\\/www.beachspirit.fr\\\/bs\\\/#\\\/schema\\\/logo\\\/image\\\/\",\"url\":\"http:\\\/\\\/www.beachspirit.fr\\\/bs\\\/wp-content\\\/uploads\\\/2020\\\/03\\\/logoBS-petit-2.png\",\"contentUrl\":\"http:\\\/\\\/www.beachspirit.fr\\\/bs\\\/wp-content\\\/uploads\\\/2020\\\/03\\\/logoBS-petit-2.png\",\"width\":200,\"height\":117,\"caption\":\"BEACH SPIRIT\"},\"image\":{\"@id\":\"https:\\\/\\\/www.beachspirit.fr\\\/bs\\\/#\\\/schema\\\/logo\\\/image\\\/\"},\"sameAs\":[\"https:\\\/\\\/www.facebook.com\\\/beachspirit.fr\\\/\",\"https:\\\/\\\/www.instagram.com\\\/beachspirit.fr\\\/\"]}]}<\/script>\n<!-- \/ Yoast SEO plugin. -->","yoast_head_json":{"title":"- Poulies triple Viadana 57mm \u00e0 billes (ref 96.68) - BEACH SPIRIT","description":"Poulie triple 57mm viadana \u00e0 billes test\u00e9es et approuv\u00e9es en comp\u00e9tition pour palan d'ecoute de catamaran de sport et chars \u00e0 voile.","robots":{"index":"index","follow":"follow","max-snippet":"max-snippet:-1","max-image-preview":"max-image-preview:large","max-video-preview":"max-video-preview:-1"},"canonical":"https:\/\/www.beachspirit.fr\/bs\/produit\/poulie-triple-viadana-57mm-billes-bateau-char\/","og_locale":"fr_FR","og_type":"article","og_title":"- Poulies triple Viadana 57mm \u00e0 billes (ref 96.68) - BEACH SPIRIT","og_description":"Poulie triple 57mm viadana \u00e0 billes test\u00e9es et approuv\u00e9es en comp\u00e9tition pour palan d'ecoute de catamaran de sport et chars \u00e0 voile.","og_url":"https:\/\/www.beachspirit.fr\/bs\/produit\/poulie-triple-viadana-57mm-billes-bateau-char\/","og_site_name":"BEACH SPIRIT","article_publisher":"https:\/\/www.facebook.com\/beachspirit.fr\/","article_modified_time":"2025-01-15T13:56:40+00:00","og_image":[{"width":600,"height":600,"url":"https:\/\/www.beachspirit.fr\/bs\/wp-content\/uploads\/2016\/02\/viadana-poulie-triple-a-emerillon.jpg","type":"image\/jpeg"}],"twitter_card":"summary_large_image","twitter_misc":{"Dur\u00e9e de lecture estim\u00e9e":"1 minute"},"schema":{"@context":"https:\/\/schema.org","@graph":[{"@type":"WebPage","@id":"https:\/\/www.beachspirit.fr\/bs\/produit\/poulie-triple-viadana-57mm-billes-bateau-char\/","url":"https:\/\/www.beachspirit.fr\/bs\/produit\/poulie-triple-viadana-57mm-billes-bateau-char\/","name":"- Poulies triple Viadana 57mm \u00e0 billes (ref 96.68) - BEACH SPIRIT","isPartOf":{"@id":"https:\/\/www.beachspirit.fr\/bs\/#website"},"primaryImageOfPage":{"@id":"https:\/\/www.beachspirit.fr\/bs\/produit\/poulie-triple-viadana-57mm-billes-bateau-char\/#primaryimage"},"image":{"@id":"https:\/\/www.beachspirit.fr\/bs\/produit\/poulie-triple-viadana-57mm-billes-bateau-char\/#primaryimage"},"thumbnailUrl":"https:\/\/www.beachspirit.fr\/bs\/wp-content\/uploads\/2016\/02\/viadana-poulie-triple-a-emerillon.jpg","datePublished":"2020-04-04T09:49:27+00:00","dateModified":"2025-01-15T13:56:40+00:00","description":"Poulie triple 57mm viadana \u00e0 billes test\u00e9es et approuv\u00e9es en comp\u00e9tition pour palan d'ecoute de catamaran de sport et chars \u00e0 voile.","breadcrumb":{"@id":"https:\/\/www.beachspirit.fr\/bs\/produit\/poulie-triple-viadana-57mm-billes-bateau-char\/#breadcrumb"},"inLanguage":"fr-FR","potentialAction":[{"@type":"ReadAction","target":["https:\/\/www.beachspirit.fr\/bs\/produit\/poulie-triple-viadana-57mm-billes-bateau-char\/"]}]},{"@type":"ImageObject","inLanguage":"fr-FR","@id":"https:\/\/www.beachspirit.fr\/bs\/produit\/poulie-triple-viadana-57mm-billes-bateau-char\/#primaryimage","url":"https:\/\/www.beachspirit.fr\/bs\/wp-content\/uploads\/2016\/02\/viadana-poulie-triple-a-emerillon.jpg","contentUrl":"https:\/\/www.beachspirit.fr\/bs\/wp-content\/uploads\/2016\/02\/viadana-poulie-triple-a-emerillon.jpg","width":600,"height":600,"caption":"Articles techniques"},{"@type":"BreadcrumbList","@id":"https:\/\/www.beachspirit.fr\/bs\/produit\/poulie-triple-viadana-57mm-billes-bateau-char\/#breadcrumb","itemListElement":[{"@type":"ListItem","position":1,"name":"Accueil","item":"https:\/\/www.beachspirit.fr\/bs\/"},{"@type":"ListItem","position":2,"name":"Boutique","item":"https:\/\/www.beachspirit.fr\/bs\/boutique\/"},{"@type":"ListItem","position":3,"name":"Poulies triple Viadana 57mm \u00e0 billes (ref 96.68)"}]},{"@type":"WebSite","@id":"https:\/\/www.beachspirit.fr\/bs\/#website","url":"https:\/\/www.beachspirit.fr\/bs\/","name":"BEACH SPIRIT","description":"beach spirit approved","publisher":{"@id":"https:\/\/www.beachspirit.fr\/bs\/#organization"},"potentialAction":[{"@type":"SearchAction","target":{"@type":"EntryPoint","urlTemplate":"https:\/\/www.beachspirit.fr\/bs\/?s={search_term_string}"},"query-input":{"@type":"PropertyValueSpecification","valueRequired":true,"valueName":"search_term_string"}}],"inLanguage":"fr-FR"},{"@type":"Organization","@id":"https:\/\/www.beachspirit.fr\/bs\/#organization","name":"BEACH SPIRIT","url":"https:\/\/www.beachspirit.fr\/bs\/","logo":{"@type":"ImageObject","inLanguage":"fr-FR","@id":"https:\/\/www.beachspirit.fr\/bs\/#\/schema\/logo\/image\/","url":"http:\/\/www.beachspirit.fr\/bs\/wp-content\/uploads\/2020\/03\/logoBS-petit-2.png","contentUrl":"http:\/\/www.beachspirit.fr\/bs\/wp-content\/uploads\/2020\/03\/logoBS-petit-2.png","width":200,"height":117,"caption":"BEACH SPIRIT"},"image":{"@id":"https:\/\/www.beachspirit.fr\/bs\/#\/schema\/logo\/image\/"},"sameAs":["https:\/\/www.facebook.com\/beachspirit.fr\/","https:\/\/www.instagram.com\/beachspirit.fr\/"]}]}},"_links":{"self":[{"href":"https:\/\/www.beachspirit.fr\/bs\/wp-json\/wp\/v2\/product\/1749","targetHints":{"allow":["GET"]}}],"collection":[{"href":"https:\/\/www.beachspirit.fr\/bs\/wp-json\/wp\/v2\/product"}],"about":[{"href":"https:\/\/www.beachspirit.fr\/bs\/wp-json\/wp\/v2\/types\/product"}],"replies":[{"embeddable":true,"href":"https:\/\/www.beachspirit.fr\/bs\/wp-json\/wp\/v2\/comments?post=1749"}],"wp:featuredmedia":[{"embeddable":true,"href":"https:\/\/www.beachspirit.fr\/bs\/wp-json\/wp\/v2\/media\/1655"}],"wp:attachment":[{"href":"https:\/\/www.beachspirit.fr\/bs\/wp-json\/wp\/v2\/media?parent=1749"}],"wp:term":[{"taxonomy":"product_brand","embeddable":true,"href":"https:\/\/www.beachspirit.fr\/bs\/wp-json\/wp\/v2\/product_brand?post=1749"},{"taxonomy":"product_cat","embeddable":true,"href":"https:\/\/www.beachspirit.fr\/bs\/wp-json\/wp\/v2\/product_cat?post=1749"},{"taxonomy":"product_tag","embeddable":true,"href":"https:\/\/www.beachspirit.fr\/bs\/wp-json\/wp\/v2\/product_tag?post=1749"}],"curies":[{"name":"wp","href":"https:\/\/api.w.org\/{rel}","templated":true}]}}