{"id":1776,"date":"2020-04-04T10:52:32","date_gmt":"2020-04-04T09:52:32","guid":{"rendered":"http:\/\/www.beachspirit.fr\/bs\/?post_type=product&#038;p=1776"},"modified":"2025-01-15T14:53:13","modified_gmt":"2025-01-15T13:53:13","slug":"poulie-triple-winch-ringot-taquet-57mm-viadana-bateau-catamaran","status":"publish","type":"product","link":"https:\/\/www.beachspirit.fr\/bs\/produit\/poulie-triple-winch-ringot-taquet-57mm-viadana-bateau-catamaran\/","title":{"rendered":"Poulies Triple winch ringot taquet 57mm Viadana"},"content":{"rendered":"<h3><span style=\"color: #ff6600;\">Poulie Triple winch ringot taquet 57mm bateau catamaran Viadana 14.26<\/span><\/h3>\n<p>Poulie triple \u00e0 billes de fabrication italienne. R\u00e9a 57mm, winch d\u00e9brayable, ringot et taquet. Excellent rapport qualit\u00e9 prix. Id\u00e9ale en bateau et plus particuli\u00e8rement en catamaran de sport.<\/p>\n<p>Vous cherchez un produit sp\u00e9cifique :<\/p>\n<p><a href=\"http:\/\/www.viadana.it\/wp-content\/uploads\/2014\/04\/viadana_bassa.pdf\" target=\"_blank\" rel=\"noopener noreferrer\">http:\/\/www.viadana.it\/wp-content\/uploads\/2014\/04\/viadana_bassa.pdf <\/a>et n&rsquo;h\u00e9sitez pas \u00e0 nous <a href=\"https:\/\/www.beachspirit.fr\/bs\/nous-contacter\/\" target=\"_blank\" rel=\"noopener noreferrer\">contacter<\/a><\/p>\n<p>&nbsp;<\/p>\n<p>&nbsp;<\/p>\n","protected":false},"excerpt":{"rendered":"<h3><span style=\"color: #ff6600;\">poulies triple 57mm viadana winch ringot et taquet<\/span><\/h3>\n","protected":false},"featured_media":1652,"comment_status":"open","ping_status":"closed","template":"","meta":[],"product_brand":[],"product_cat":[18,361],"product_tag":[],"class_list":{"0":"post-1776","1":"product","2":"type-product","3":"status-publish","4":"has-post-thumbnail","6":"product_cat-accastillage-poulies-voile-char-a-voile-bateau","7":"product_cat-articles-techniques-voile-char-a-voile","8":"product_shipping_class-tarif-suivant-poids","10":"first","11":"onbackorder","12":"purchasable","13":"product-type-simple"},"yoast_head":"<!-- This site is optimized with the Yoast SEO plugin v27.5 - https:\/\/yoast.com\/product\/yoast-seo-wordpress\/ -->\n<title>Poulies Triple winch ringot taquet 57mm Viadana - BEACH SPIRIT<\/title>\n<meta name=\"description\" content=\"Poulie triple, winch, ringot, taquet, r\u00e9as de 57mm de marque viadana. Test\u00e9e et appprouv\u00e9e, tr\u00e8s bon rapport qualit\u00e9\/prix\" \/>\n<meta name=\"robots\" content=\"index, follow, max-snippet:-1, max-image-preview:large, max-video-preview:-1\" \/>\n<link rel=\"canonical\" href=\"https:\/\/www.beachspirit.fr\/bs\/produit\/poulie-triple-winch-ringot-taquet-57mm-viadana-bateau-catamaran\/\" \/>\n<meta property=\"og:locale\" content=\"fr_FR\" \/>\n<meta property=\"og:type\" content=\"article\" \/>\n<meta property=\"og:title\" content=\"Poulies Triple winch ringot taquet 57mm Viadana - BEACH SPIRIT\" \/>\n<meta property=\"og:description\" content=\"Poulie triple, winch, ringot, taquet, r\u00e9as de 57mm de marque viadana. Test\u00e9e et appprouv\u00e9e, tr\u00e8s bon rapport qualit\u00e9\/prix\" \/>\n<meta property=\"og:url\" content=\"https:\/\/www.beachspirit.fr\/bs\/produit\/poulie-triple-winch-ringot-taquet-57mm-viadana-bateau-catamaran\/\" \/>\n<meta property=\"og:site_name\" content=\"BEACH SPIRIT\" \/>\n<meta property=\"article:publisher\" content=\"https:\/\/www.facebook.com\/beachspirit.fr\/\" \/>\n<meta property=\"article:modified_time\" content=\"2025-01-15T13:53:13+00:00\" \/>\n<meta property=\"og:image\" content=\"https:\/\/www.beachspirit.fr\/bs\/wp-content\/uploads\/2016\/02\/VIADANA-TRIPLE-WINCH.jpg\" \/>\n\t<meta property=\"og:image:width\" content=\"280\" \/>\n\t<meta property=\"og:image:height\" content=\"280\" \/>\n\t<meta property=\"og:image:type\" content=\"image\/jpeg\" \/>\n<meta name=\"twitter:card\" content=\"summary_large_image\" \/>\n<meta name=\"twitter:label1\" content=\"Dur\u00e9e de lecture estim\u00e9e\" \/>\n\t<meta name=\"twitter:data1\" content=\"1 minute\" \/>\n<script type=\"application\/ld+json\" class=\"yoast-schema-graph\">{\"@context\":\"https:\\\/\\\/schema.org\",\"@graph\":[{\"@type\":\"WebPage\",\"@id\":\"https:\\\/\\\/www.beachspirit.fr\\\/bs\\\/produit\\\/poulie-triple-winch-ringot-taquet-57mm-viadana-bateau-catamaran\\\/\",\"url\":\"https:\\\/\\\/www.beachspirit.fr\\\/bs\\\/produit\\\/poulie-triple-winch-ringot-taquet-57mm-viadana-bateau-catamaran\\\/\",\"name\":\"Poulies Triple winch ringot taquet 57mm Viadana - BEACH SPIRIT\",\"isPartOf\":{\"@id\":\"https:\\\/\\\/www.beachspirit.fr\\\/bs\\\/#website\"},\"primaryImageOfPage\":{\"@id\":\"https:\\\/\\\/www.beachspirit.fr\\\/bs\\\/produit\\\/poulie-triple-winch-ringot-taquet-57mm-viadana-bateau-catamaran\\\/#primaryimage\"},\"image\":{\"@id\":\"https:\\\/\\\/www.beachspirit.fr\\\/bs\\\/produit\\\/poulie-triple-winch-ringot-taquet-57mm-viadana-bateau-catamaran\\\/#primaryimage\"},\"thumbnailUrl\":\"https:\\\/\\\/www.beachspirit.fr\\\/bs\\\/wp-content\\\/uploads\\\/2016\\\/02\\\/VIADANA-TRIPLE-WINCH.jpg\",\"datePublished\":\"2020-04-04T09:52:32+00:00\",\"dateModified\":\"2025-01-15T13:53:13+00:00\",\"description\":\"Poulie triple, winch, ringot, taquet, r\u00e9as de 57mm de marque viadana. Test\u00e9e et appprouv\u00e9e, tr\u00e8s bon rapport qualit\u00e9\\\/prix\",\"breadcrumb\":{\"@id\":\"https:\\\/\\\/www.beachspirit.fr\\\/bs\\\/produit\\\/poulie-triple-winch-ringot-taquet-57mm-viadana-bateau-catamaran\\\/#breadcrumb\"},\"inLanguage\":\"fr-FR\",\"potentialAction\":[{\"@type\":\"ReadAction\",\"target\":[\"https:\\\/\\\/www.beachspirit.fr\\\/bs\\\/produit\\\/poulie-triple-winch-ringot-taquet-57mm-viadana-bateau-catamaran\\\/\"]}]},{\"@type\":\"ImageObject\",\"inLanguage\":\"fr-FR\",\"@id\":\"https:\\\/\\\/www.beachspirit.fr\\\/bs\\\/produit\\\/poulie-triple-winch-ringot-taquet-57mm-viadana-bateau-catamaran\\\/#primaryimage\",\"url\":\"https:\\\/\\\/www.beachspirit.fr\\\/bs\\\/wp-content\\\/uploads\\\/2016\\\/02\\\/VIADANA-TRIPLE-WINCH.jpg\",\"contentUrl\":\"https:\\\/\\\/www.beachspirit.fr\\\/bs\\\/wp-content\\\/uploads\\\/2016\\\/02\\\/VIADANA-TRIPLE-WINCH.jpg\",\"width\":280,\"height\":280,\"caption\":\"Poulies Viadana triple winch ringot taquet bateau catamaran\"},{\"@type\":\"BreadcrumbList\",\"@id\":\"https:\\\/\\\/www.beachspirit.fr\\\/bs\\\/produit\\\/poulie-triple-winch-ringot-taquet-57mm-viadana-bateau-catamaran\\\/#breadcrumb\",\"itemListElement\":[{\"@type\":\"ListItem\",\"position\":1,\"name\":\"Accueil\",\"item\":\"https:\\\/\\\/www.beachspirit.fr\\\/bs\\\/\"},{\"@type\":\"ListItem\",\"position\":2,\"name\":\"Boutique\",\"item\":\"https:\\\/\\\/www.beachspirit.fr\\\/bs\\\/boutique\\\/\"},{\"@type\":\"ListItem\",\"position\":3,\"name\":\"Poulies Triple winch ringot taquet 57mm Viadana\"}]},{\"@type\":\"WebSite\",\"@id\":\"https:\\\/\\\/www.beachspirit.fr\\\/bs\\\/#website\",\"url\":\"https:\\\/\\\/www.beachspirit.fr\\\/bs\\\/\",\"name\":\"BEACH SPIRIT\",\"description\":\"beach spirit approved\",\"publisher\":{\"@id\":\"https:\\\/\\\/www.beachspirit.fr\\\/bs\\\/#organization\"},\"potentialAction\":[{\"@type\":\"SearchAction\",\"target\":{\"@type\":\"EntryPoint\",\"urlTemplate\":\"https:\\\/\\\/www.beachspirit.fr\\\/bs\\\/?s={search_term_string}\"},\"query-input\":{\"@type\":\"PropertyValueSpecification\",\"valueRequired\":true,\"valueName\":\"search_term_string\"}}],\"inLanguage\":\"fr-FR\"},{\"@type\":\"Organization\",\"@id\":\"https:\\\/\\\/www.beachspirit.fr\\\/bs\\\/#organization\",\"name\":\"BEACH SPIRIT\",\"url\":\"https:\\\/\\\/www.beachspirit.fr\\\/bs\\\/\",\"logo\":{\"@type\":\"ImageObject\",\"inLanguage\":\"fr-FR\",\"@id\":\"https:\\\/\\\/www.beachspirit.fr\\\/bs\\\/#\\\/schema\\\/logo\\\/image\\\/\",\"url\":\"http:\\\/\\\/www.beachspirit.fr\\\/bs\\\/wp-content\\\/uploads\\\/2020\\\/03\\\/logoBS-petit-2.png\",\"contentUrl\":\"http:\\\/\\\/www.beachspirit.fr\\\/bs\\\/wp-content\\\/uploads\\\/2020\\\/03\\\/logoBS-petit-2.png\",\"width\":200,\"height\":117,\"caption\":\"BEACH SPIRIT\"},\"image\":{\"@id\":\"https:\\\/\\\/www.beachspirit.fr\\\/bs\\\/#\\\/schema\\\/logo\\\/image\\\/\"},\"sameAs\":[\"https:\\\/\\\/www.facebook.com\\\/beachspirit.fr\\\/\",\"https:\\\/\\\/www.instagram.com\\\/beachspirit.fr\\\/\"]}]}<\/script>\n<!-- \/ Yoast SEO plugin. -->","yoast_head_json":{"title":"Poulies Triple winch ringot taquet 57mm Viadana - BEACH SPIRIT","description":"Poulie triple, winch, ringot, taquet, r\u00e9as de 57mm de marque viadana. Test\u00e9e et appprouv\u00e9e, tr\u00e8s bon rapport qualit\u00e9\/prix","robots":{"index":"index","follow":"follow","max-snippet":"max-snippet:-1","max-image-preview":"max-image-preview:large","max-video-preview":"max-video-preview:-1"},"canonical":"https:\/\/www.beachspirit.fr\/bs\/produit\/poulie-triple-winch-ringot-taquet-57mm-viadana-bateau-catamaran\/","og_locale":"fr_FR","og_type":"article","og_title":"Poulies Triple winch ringot taquet 57mm Viadana - BEACH SPIRIT","og_description":"Poulie triple, winch, ringot, taquet, r\u00e9as de 57mm de marque viadana. Test\u00e9e et appprouv\u00e9e, tr\u00e8s bon rapport qualit\u00e9\/prix","og_url":"https:\/\/www.beachspirit.fr\/bs\/produit\/poulie-triple-winch-ringot-taquet-57mm-viadana-bateau-catamaran\/","og_site_name":"BEACH SPIRIT","article_publisher":"https:\/\/www.facebook.com\/beachspirit.fr\/","article_modified_time":"2025-01-15T13:53:13+00:00","og_image":[{"width":280,"height":280,"url":"https:\/\/www.beachspirit.fr\/bs\/wp-content\/uploads\/2016\/02\/VIADANA-TRIPLE-WINCH.jpg","type":"image\/jpeg"}],"twitter_card":"summary_large_image","twitter_misc":{"Dur\u00e9e de lecture estim\u00e9e":"1 minute"},"schema":{"@context":"https:\/\/schema.org","@graph":[{"@type":"WebPage","@id":"https:\/\/www.beachspirit.fr\/bs\/produit\/poulie-triple-winch-ringot-taquet-57mm-viadana-bateau-catamaran\/","url":"https:\/\/www.beachspirit.fr\/bs\/produit\/poulie-triple-winch-ringot-taquet-57mm-viadana-bateau-catamaran\/","name":"Poulies Triple winch ringot taquet 57mm Viadana - BEACH SPIRIT","isPartOf":{"@id":"https:\/\/www.beachspirit.fr\/bs\/#website"},"primaryImageOfPage":{"@id":"https:\/\/www.beachspirit.fr\/bs\/produit\/poulie-triple-winch-ringot-taquet-57mm-viadana-bateau-catamaran\/#primaryimage"},"image":{"@id":"https:\/\/www.beachspirit.fr\/bs\/produit\/poulie-triple-winch-ringot-taquet-57mm-viadana-bateau-catamaran\/#primaryimage"},"thumbnailUrl":"https:\/\/www.beachspirit.fr\/bs\/wp-content\/uploads\/2016\/02\/VIADANA-TRIPLE-WINCH.jpg","datePublished":"2020-04-04T09:52:32+00:00","dateModified":"2025-01-15T13:53:13+00:00","description":"Poulie triple, winch, ringot, taquet, r\u00e9as de 57mm de marque viadana. Test\u00e9e et appprouv\u00e9e, tr\u00e8s bon rapport qualit\u00e9\/prix","breadcrumb":{"@id":"https:\/\/www.beachspirit.fr\/bs\/produit\/poulie-triple-winch-ringot-taquet-57mm-viadana-bateau-catamaran\/#breadcrumb"},"inLanguage":"fr-FR","potentialAction":[{"@type":"ReadAction","target":["https:\/\/www.beachspirit.fr\/bs\/produit\/poulie-triple-winch-ringot-taquet-57mm-viadana-bateau-catamaran\/"]}]},{"@type":"ImageObject","inLanguage":"fr-FR","@id":"https:\/\/www.beachspirit.fr\/bs\/produit\/poulie-triple-winch-ringot-taquet-57mm-viadana-bateau-catamaran\/#primaryimage","url":"https:\/\/www.beachspirit.fr\/bs\/wp-content\/uploads\/2016\/02\/VIADANA-TRIPLE-WINCH.jpg","contentUrl":"https:\/\/www.beachspirit.fr\/bs\/wp-content\/uploads\/2016\/02\/VIADANA-TRIPLE-WINCH.jpg","width":280,"height":280,"caption":"Poulies Viadana triple winch ringot taquet bateau catamaran"},{"@type":"BreadcrumbList","@id":"https:\/\/www.beachspirit.fr\/bs\/produit\/poulie-triple-winch-ringot-taquet-57mm-viadana-bateau-catamaran\/#breadcrumb","itemListElement":[{"@type":"ListItem","position":1,"name":"Accueil","item":"https:\/\/www.beachspirit.fr\/bs\/"},{"@type":"ListItem","position":2,"name":"Boutique","item":"https:\/\/www.beachspirit.fr\/bs\/boutique\/"},{"@type":"ListItem","position":3,"name":"Poulies Triple winch ringot taquet 57mm Viadana"}]},{"@type":"WebSite","@id":"https:\/\/www.beachspirit.fr\/bs\/#website","url":"https:\/\/www.beachspirit.fr\/bs\/","name":"BEACH SPIRIT","description":"beach spirit approved","publisher":{"@id":"https:\/\/www.beachspirit.fr\/bs\/#organization"},"potentialAction":[{"@type":"SearchAction","target":{"@type":"EntryPoint","urlTemplate":"https:\/\/www.beachspirit.fr\/bs\/?s={search_term_string}"},"query-input":{"@type":"PropertyValueSpecification","valueRequired":true,"valueName":"search_term_string"}}],"inLanguage":"fr-FR"},{"@type":"Organization","@id":"https:\/\/www.beachspirit.fr\/bs\/#organization","name":"BEACH SPIRIT","url":"https:\/\/www.beachspirit.fr\/bs\/","logo":{"@type":"ImageObject","inLanguage":"fr-FR","@id":"https:\/\/www.beachspirit.fr\/bs\/#\/schema\/logo\/image\/","url":"http:\/\/www.beachspirit.fr\/bs\/wp-content\/uploads\/2020\/03\/logoBS-petit-2.png","contentUrl":"http:\/\/www.beachspirit.fr\/bs\/wp-content\/uploads\/2020\/03\/logoBS-petit-2.png","width":200,"height":117,"caption":"BEACH SPIRIT"},"image":{"@id":"https:\/\/www.beachspirit.fr\/bs\/#\/schema\/logo\/image\/"},"sameAs":["https:\/\/www.facebook.com\/beachspirit.fr\/","https:\/\/www.instagram.com\/beachspirit.fr\/"]}]}},"_links":{"self":[{"href":"https:\/\/www.beachspirit.fr\/bs\/wp-json\/wp\/v2\/product\/1776","targetHints":{"allow":["GET"]}}],"collection":[{"href":"https:\/\/www.beachspirit.fr\/bs\/wp-json\/wp\/v2\/product"}],"about":[{"href":"https:\/\/www.beachspirit.fr\/bs\/wp-json\/wp\/v2\/types\/product"}],"replies":[{"embeddable":true,"href":"https:\/\/www.beachspirit.fr\/bs\/wp-json\/wp\/v2\/comments?post=1776"}],"wp:featuredmedia":[{"embeddable":true,"href":"https:\/\/www.beachspirit.fr\/bs\/wp-json\/wp\/v2\/media\/1652"}],"wp:attachment":[{"href":"https:\/\/www.beachspirit.fr\/bs\/wp-json\/wp\/v2\/media?parent=1776"}],"wp:term":[{"taxonomy":"product_brand","embeddable":true,"href":"https:\/\/www.beachspirit.fr\/bs\/wp-json\/wp\/v2\/product_brand?post=1776"},{"taxonomy":"product_cat","embeddable":true,"href":"https:\/\/www.beachspirit.fr\/bs\/wp-json\/wp\/v2\/product_cat?post=1776"},{"taxonomy":"product_tag","embeddable":true,"href":"https:\/\/www.beachspirit.fr\/bs\/wp-json\/wp\/v2\/product_tag?post=1776"}],"curies":[{"name":"wp","href":"https:\/\/api.w.org\/{rel}","templated":true}]}}