{"id":1779,"date":"2016-07-13T10:09:44","date_gmt":"2016-07-13T09:09:44","guid":{"rendered":"http:\/\/www.beachspirit.fr\/bs\/?post_type=product&#038;p=1779"},"modified":"2025-07-02T18:06:50","modified_gmt":"2025-07-02T17:06:50","slug":"girouette","status":"publish","type":"product","link":"https:\/\/www.beachspirit.fr\/bs\/produit\/girouette\/","title":{"rendered":"GIROUETTE CHAR A VOILE DERIVEUR"},"content":{"rendered":"<h3><span style=\"color: #ff6600;\">Girouette Little Hawk MK2 pour char \u00e0 voile et d\u00e9riveur<\/span><\/h3>\n<p>Cette girouette \u00e9prouv\u00e9e en plastique mont\u00e9e sur une tringle aluminium\u00a0 avec un syst\u00e8me de fixation rapide est\u00a0 particuli\u00e8rement appr\u00e9ci\u00e9e en char \u00e0 voile.<\/p>\n<p>c&rsquo;est le proc\u00e9d\u00e9 le plus efficace pour visualiser la direction du <a href=\"https:\/\/www.dailymotion.com\/video\/x1bvxs6\" target=\"_blank\" rel=\"noopener\">vent apparent<\/a> et vous permettre ainsi\u00a0 de r\u00e9gler correctement votre voile et\u00a0 adapter votre route<\/p>\n<p>&nbsp;<\/p>\n<p>Caract\u00e9ristiques<\/p>\n<p>Marque :\u00a0 Hawk<\/p>\n<ul>\n<li>Longueur de la fl\u00e8che : 16cm<\/li>\n<li>Hauteur de la fl\u00e8che : 6.5cm<\/li>\n<li>roulement : pointe aluminium<\/li>\n<li>Tringle : aluminium coud\u00e9e longueur 27 cm, hauteur 6.5cm<\/li>\n<li>\u00e9quilibrage : par la forme<\/li>\n<li>protection UV<\/li>\n<li>Fixation rapide : support en U plastique + \u00e9lastique<\/li>\n<li>poids : 28gr<\/li>\n<\/ul>\n<p>Conseil : pour une utilisation en char \u00e0 voile, afin d&rsquo;\u00e9viter la rupture par vibration, coupez 8 \u00e0 10 cm de tringle<\/p>\n<p>&nbsp;<\/p>\n<p>Pour toute demande N&rsquo;hesitez pas \u00e0 <a href=\"https:\/\/www.beachspirit.fr\/bs\/nous-contacter\/\" target=\"_blank\" rel=\"noopener\">nous contacter<\/a><\/p>\n<p>&nbsp;<\/p>\n","protected":false},"excerpt":{"rendered":"<h2><span style=\"color: #ff6600;\">Girouette Little Hawk MK2 pourchar \u00e0 voile et d\u00e9riveur<\/span><\/h2>\n","protected":false},"featured_media":1781,"comment_status":"open","ping_status":"closed","template":"","meta":[],"product_brand":[],"product_cat":[18,545,546,547,361,578],"product_tag":[],"class_list":{"0":"post-1779","1":"product","2":"type-product","3":"status-publish","4":"has-post-thumbnail","6":"product_cat-accastillage-poulies-voile-char-a-voile-bateau","7":"product_cat-blokart","8":"product_cat-char-a-voile-classes-2-et-3","9":"product_cat-chars-a-voile-classes-5-promo-standart-mini-loisir","10":"product_cat-articles-techniques-voile-char-a-voile","11":"product_cat-idees-cadeaux-noel","12":"product_shipping_class-tarif-suivant-poids","14":"first","15":"instock","16":"purchasable","17":"product-type-simple"},"yoast_head":"<!-- This site is optimized with the Yoast SEO plugin v27.5 - https:\/\/yoast.com\/product\/yoast-seo-wordpress\/ -->\n<title>GIROUETTE CHAR A VOILE DERIVEUR - BEACH SPIRIT<\/title>\n<meta name=\"description\" content=\"Cette Girouette litlle hawk MK2 \u00e9prouv\u00e9e est particuli\u00e8rement adapt\u00e9e aux chars \u00e0 voile et d\u00e9riveurs\" \/>\n<meta name=\"robots\" content=\"index, follow, max-snippet:-1, max-image-preview:large, max-video-preview:-1\" \/>\n<link rel=\"canonical\" href=\"https:\/\/www.beachspirit.fr\/bs\/produit\/girouette\/\" \/>\n<meta property=\"og:locale\" content=\"fr_FR\" \/>\n<meta property=\"og:type\" content=\"article\" \/>\n<meta property=\"og:title\" content=\"GIROUETTE CHAR A VOILE DERIVEUR - BEACH SPIRIT\" \/>\n<meta property=\"og:description\" content=\"Cette Girouette litlle hawk MK2 \u00e9prouv\u00e9e est particuli\u00e8rement adapt\u00e9e aux chars \u00e0 voile et d\u00e9riveurs\" \/>\n<meta property=\"og:url\" content=\"https:\/\/www.beachspirit.fr\/bs\/produit\/girouette\/\" \/>\n<meta property=\"og:site_name\" content=\"BEACH SPIRIT\" \/>\n<meta property=\"article:publisher\" content=\"https:\/\/www.facebook.com\/beachspirit.fr\/\" \/>\n<meta property=\"article:modified_time\" content=\"2025-07-02T17:06:50+00:00\" \/>\n<meta property=\"og:image\" content=\"https:\/\/www.beachspirit.fr\/bs\/wp-content\/uploads\/2016\/07\/HAWK-MK2-CARRE.png\" \/>\n\t<meta property=\"og:image:width\" content=\"326\" \/>\n\t<meta property=\"og:image:height\" content=\"326\" \/>\n\t<meta property=\"og:image:type\" content=\"image\/png\" \/>\n<meta name=\"twitter:card\" content=\"summary_large_image\" \/>\n<meta name=\"twitter:label1\" content=\"Dur\u00e9e de lecture estim\u00e9e\" \/>\n\t<meta name=\"twitter:data1\" content=\"1 minute\" \/>\n<script type=\"application\/ld+json\" class=\"yoast-schema-graph\">{\"@context\":\"https:\\\/\\\/schema.org\",\"@graph\":[{\"@type\":\"WebPage\",\"@id\":\"https:\\\/\\\/www.beachspirit.fr\\\/bs\\\/produit\\\/girouette\\\/\",\"url\":\"https:\\\/\\\/www.beachspirit.fr\\\/bs\\\/produit\\\/girouette\\\/\",\"name\":\"GIROUETTE CHAR A VOILE DERIVEUR - BEACH SPIRIT\",\"isPartOf\":{\"@id\":\"https:\\\/\\\/www.beachspirit.fr\\\/bs\\\/#website\"},\"primaryImageOfPage\":{\"@id\":\"https:\\\/\\\/www.beachspirit.fr\\\/bs\\\/produit\\\/girouette\\\/#primaryimage\"},\"image\":{\"@id\":\"https:\\\/\\\/www.beachspirit.fr\\\/bs\\\/produit\\\/girouette\\\/#primaryimage\"},\"thumbnailUrl\":\"https:\\\/\\\/www.beachspirit.fr\\\/bs\\\/wp-content\\\/uploads\\\/2016\\\/07\\\/HAWK-MK2-CARRE.png\",\"datePublished\":\"2016-07-13T09:09:44+00:00\",\"dateModified\":\"2025-07-02T17:06:50+00:00\",\"description\":\"Cette Girouette litlle hawk MK2 \u00e9prouv\u00e9e est particuli\u00e8rement adapt\u00e9e aux chars \u00e0 voile et d\u00e9riveurs\",\"breadcrumb\":{\"@id\":\"https:\\\/\\\/www.beachspirit.fr\\\/bs\\\/produit\\\/girouette\\\/#breadcrumb\"},\"inLanguage\":\"fr-FR\",\"potentialAction\":[{\"@type\":\"ReadAction\",\"target\":[\"https:\\\/\\\/www.beachspirit.fr\\\/bs\\\/produit\\\/girouette\\\/\"]}]},{\"@type\":\"ImageObject\",\"inLanguage\":\"fr-FR\",\"@id\":\"https:\\\/\\\/www.beachspirit.fr\\\/bs\\\/produit\\\/girouette\\\/#primaryimage\",\"url\":\"https:\\\/\\\/www.beachspirit.fr\\\/bs\\\/wp-content\\\/uploads\\\/2016\\\/07\\\/HAWK-MK2-CARRE.png\",\"contentUrl\":\"https:\\\/\\\/www.beachspirit.fr\\\/bs\\\/wp-content\\\/uploads\\\/2016\\\/07\\\/HAWK-MK2-CARRE.png\",\"width\":326,\"height\":326,\"caption\":\"Girouette char \u00e0 voile d\u00e9riveur\"},{\"@type\":\"BreadcrumbList\",\"@id\":\"https:\\\/\\\/www.beachspirit.fr\\\/bs\\\/produit\\\/girouette\\\/#breadcrumb\",\"itemListElement\":[{\"@type\":\"ListItem\",\"position\":1,\"name\":\"Accueil\",\"item\":\"https:\\\/\\\/www.beachspirit.fr\\\/bs\\\/\"},{\"@type\":\"ListItem\",\"position\":2,\"name\":\"Boutique\",\"item\":\"https:\\\/\\\/www.beachspirit.fr\\\/bs\\\/boutique\\\/\"},{\"@type\":\"ListItem\",\"position\":3,\"name\":\"GIROUETTE CHAR A VOILE DERIVEUR\"}]},{\"@type\":\"WebSite\",\"@id\":\"https:\\\/\\\/www.beachspirit.fr\\\/bs\\\/#website\",\"url\":\"https:\\\/\\\/www.beachspirit.fr\\\/bs\\\/\",\"name\":\"BEACH SPIRIT\",\"description\":\"beach spirit approved\",\"publisher\":{\"@id\":\"https:\\\/\\\/www.beachspirit.fr\\\/bs\\\/#organization\"},\"potentialAction\":[{\"@type\":\"SearchAction\",\"target\":{\"@type\":\"EntryPoint\",\"urlTemplate\":\"https:\\\/\\\/www.beachspirit.fr\\\/bs\\\/?s={search_term_string}\"},\"query-input\":{\"@type\":\"PropertyValueSpecification\",\"valueRequired\":true,\"valueName\":\"search_term_string\"}}],\"inLanguage\":\"fr-FR\"},{\"@type\":\"Organization\",\"@id\":\"https:\\\/\\\/www.beachspirit.fr\\\/bs\\\/#organization\",\"name\":\"BEACH SPIRIT\",\"url\":\"https:\\\/\\\/www.beachspirit.fr\\\/bs\\\/\",\"logo\":{\"@type\":\"ImageObject\",\"inLanguage\":\"fr-FR\",\"@id\":\"https:\\\/\\\/www.beachspirit.fr\\\/bs\\\/#\\\/schema\\\/logo\\\/image\\\/\",\"url\":\"http:\\\/\\\/www.beachspirit.fr\\\/bs\\\/wp-content\\\/uploads\\\/2020\\\/03\\\/logoBS-petit-2.png\",\"contentUrl\":\"http:\\\/\\\/www.beachspirit.fr\\\/bs\\\/wp-content\\\/uploads\\\/2020\\\/03\\\/logoBS-petit-2.png\",\"width\":200,\"height\":117,\"caption\":\"BEACH SPIRIT\"},\"image\":{\"@id\":\"https:\\\/\\\/www.beachspirit.fr\\\/bs\\\/#\\\/schema\\\/logo\\\/image\\\/\"},\"sameAs\":[\"https:\\\/\\\/www.facebook.com\\\/beachspirit.fr\\\/\",\"https:\\\/\\\/www.instagram.com\\\/beachspirit.fr\\\/\"]}]}<\/script>\n<!-- \/ Yoast SEO plugin. -->","yoast_head_json":{"title":"GIROUETTE CHAR A VOILE DERIVEUR - BEACH SPIRIT","description":"Cette Girouette litlle hawk MK2 \u00e9prouv\u00e9e est particuli\u00e8rement adapt\u00e9e aux chars \u00e0 voile et d\u00e9riveurs","robots":{"index":"index","follow":"follow","max-snippet":"max-snippet:-1","max-image-preview":"max-image-preview:large","max-video-preview":"max-video-preview:-1"},"canonical":"https:\/\/www.beachspirit.fr\/bs\/produit\/girouette\/","og_locale":"fr_FR","og_type":"article","og_title":"GIROUETTE CHAR A VOILE DERIVEUR - BEACH SPIRIT","og_description":"Cette Girouette litlle hawk MK2 \u00e9prouv\u00e9e est particuli\u00e8rement adapt\u00e9e aux chars \u00e0 voile et d\u00e9riveurs","og_url":"https:\/\/www.beachspirit.fr\/bs\/produit\/girouette\/","og_site_name":"BEACH SPIRIT","article_publisher":"https:\/\/www.facebook.com\/beachspirit.fr\/","article_modified_time":"2025-07-02T17:06:50+00:00","og_image":[{"width":326,"height":326,"url":"https:\/\/www.beachspirit.fr\/bs\/wp-content\/uploads\/2016\/07\/HAWK-MK2-CARRE.png","type":"image\/png"}],"twitter_card":"summary_large_image","twitter_misc":{"Dur\u00e9e de lecture estim\u00e9e":"1 minute"},"schema":{"@context":"https:\/\/schema.org","@graph":[{"@type":"WebPage","@id":"https:\/\/www.beachspirit.fr\/bs\/produit\/girouette\/","url":"https:\/\/www.beachspirit.fr\/bs\/produit\/girouette\/","name":"GIROUETTE CHAR A VOILE DERIVEUR - BEACH SPIRIT","isPartOf":{"@id":"https:\/\/www.beachspirit.fr\/bs\/#website"},"primaryImageOfPage":{"@id":"https:\/\/www.beachspirit.fr\/bs\/produit\/girouette\/#primaryimage"},"image":{"@id":"https:\/\/www.beachspirit.fr\/bs\/produit\/girouette\/#primaryimage"},"thumbnailUrl":"https:\/\/www.beachspirit.fr\/bs\/wp-content\/uploads\/2016\/07\/HAWK-MK2-CARRE.png","datePublished":"2016-07-13T09:09:44+00:00","dateModified":"2025-07-02T17:06:50+00:00","description":"Cette Girouette litlle hawk MK2 \u00e9prouv\u00e9e est particuli\u00e8rement adapt\u00e9e aux chars \u00e0 voile et d\u00e9riveurs","breadcrumb":{"@id":"https:\/\/www.beachspirit.fr\/bs\/produit\/girouette\/#breadcrumb"},"inLanguage":"fr-FR","potentialAction":[{"@type":"ReadAction","target":["https:\/\/www.beachspirit.fr\/bs\/produit\/girouette\/"]}]},{"@type":"ImageObject","inLanguage":"fr-FR","@id":"https:\/\/www.beachspirit.fr\/bs\/produit\/girouette\/#primaryimage","url":"https:\/\/www.beachspirit.fr\/bs\/wp-content\/uploads\/2016\/07\/HAWK-MK2-CARRE.png","contentUrl":"https:\/\/www.beachspirit.fr\/bs\/wp-content\/uploads\/2016\/07\/HAWK-MK2-CARRE.png","width":326,"height":326,"caption":"Girouette char \u00e0 voile d\u00e9riveur"},{"@type":"BreadcrumbList","@id":"https:\/\/www.beachspirit.fr\/bs\/produit\/girouette\/#breadcrumb","itemListElement":[{"@type":"ListItem","position":1,"name":"Accueil","item":"https:\/\/www.beachspirit.fr\/bs\/"},{"@type":"ListItem","position":2,"name":"Boutique","item":"https:\/\/www.beachspirit.fr\/bs\/boutique\/"},{"@type":"ListItem","position":3,"name":"GIROUETTE CHAR A VOILE DERIVEUR"}]},{"@type":"WebSite","@id":"https:\/\/www.beachspirit.fr\/bs\/#website","url":"https:\/\/www.beachspirit.fr\/bs\/","name":"BEACH SPIRIT","description":"beach spirit approved","publisher":{"@id":"https:\/\/www.beachspirit.fr\/bs\/#organization"},"potentialAction":[{"@type":"SearchAction","target":{"@type":"EntryPoint","urlTemplate":"https:\/\/www.beachspirit.fr\/bs\/?s={search_term_string}"},"query-input":{"@type":"PropertyValueSpecification","valueRequired":true,"valueName":"search_term_string"}}],"inLanguage":"fr-FR"},{"@type":"Organization","@id":"https:\/\/www.beachspirit.fr\/bs\/#organization","name":"BEACH SPIRIT","url":"https:\/\/www.beachspirit.fr\/bs\/","logo":{"@type":"ImageObject","inLanguage":"fr-FR","@id":"https:\/\/www.beachspirit.fr\/bs\/#\/schema\/logo\/image\/","url":"http:\/\/www.beachspirit.fr\/bs\/wp-content\/uploads\/2020\/03\/logoBS-petit-2.png","contentUrl":"http:\/\/www.beachspirit.fr\/bs\/wp-content\/uploads\/2020\/03\/logoBS-petit-2.png","width":200,"height":117,"caption":"BEACH SPIRIT"},"image":{"@id":"https:\/\/www.beachspirit.fr\/bs\/#\/schema\/logo\/image\/"},"sameAs":["https:\/\/www.facebook.com\/beachspirit.fr\/","https:\/\/www.instagram.com\/beachspirit.fr\/"]}]}},"_links":{"self":[{"href":"https:\/\/www.beachspirit.fr\/bs\/wp-json\/wp\/v2\/product\/1779","targetHints":{"allow":["GET"]}}],"collection":[{"href":"https:\/\/www.beachspirit.fr\/bs\/wp-json\/wp\/v2\/product"}],"about":[{"href":"https:\/\/www.beachspirit.fr\/bs\/wp-json\/wp\/v2\/types\/product"}],"replies":[{"embeddable":true,"href":"https:\/\/www.beachspirit.fr\/bs\/wp-json\/wp\/v2\/comments?post=1779"}],"wp:featuredmedia":[{"embeddable":true,"href":"https:\/\/www.beachspirit.fr\/bs\/wp-json\/wp\/v2\/media\/1781"}],"wp:attachment":[{"href":"https:\/\/www.beachspirit.fr\/bs\/wp-json\/wp\/v2\/media?parent=1779"}],"wp:term":[{"taxonomy":"product_brand","embeddable":true,"href":"https:\/\/www.beachspirit.fr\/bs\/wp-json\/wp\/v2\/product_brand?post=1779"},{"taxonomy":"product_cat","embeddable":true,"href":"https:\/\/www.beachspirit.fr\/bs\/wp-json\/wp\/v2\/product_cat?post=1779"},{"taxonomy":"product_tag","embeddable":true,"href":"https:\/\/www.beachspirit.fr\/bs\/wp-json\/wp\/v2\/product_tag?post=1779"}],"curies":[{"name":"wp","href":"https:\/\/api.w.org\/{rel}","templated":true}]}}