{"id":1857,"date":"2016-07-16T15:51:58","date_gmt":"2016-07-16T14:51:58","guid":{"rendered":"http:\/\/www.beachspirit.fr\/bs\/?post_type=product&#038;p=1857"},"modified":"2026-03-25T09:37:20","modified_gmt":"2026-03-25T08:37:20","slug":"ecoute-haute-qualite-diametre-8mm","status":"publish","type":"product","link":"https:\/\/www.beachspirit.fr\/bs\/produit\/ecoute-haute-qualite-diametre-8mm\/","title":{"rendered":"\u00e9coute diam\u00e8tre 8mm haute qualit\u00e9"},"content":{"rendered":"<h3><span style=\"color: #ff6600;\">\u00e9coute\u00a0<\/span><span style=\"color: #ff6600;\">diam 8mm<\/span><span style=\"color: #ff6600;\">\u00a0haute qualit\u00e9 char \u00e0 voile et voile\u00a0<\/span><\/h3>\n<p><span style=\"color: #ffff00;\">Cette<\/span> <a href=\"https:\/\/fr.wikipedia.org\/wiki\/%C3%89coute_(cordage)\" target=\"_blank\" rel=\"noopener noreferrer\">\u00e9coute<\/a> <span style=\"color: #ffff00;\">de haute qualit\u00e9 touch\u00e9 coton est id\u00e9ale pour le char \u00e0 voile et la voile<\/span><\/p>\n<p><strong>M<span style=\"color: #ffff00;\">arque<\/span><\/strong><\/p>\n<ul>\n<li><span style=\"color: #ffff00;\">Meyer Sansboeuf (MS 310)<\/span><\/li>\n<\/ul>\n<p><span style=\"color: #ffff00;\"><strong>Construction<\/strong><\/span><\/p>\n<ul>\n<li><span style=\"color: #ffff00;\">\u00c2me :\u00a0Tress\u00e9e 100% polyester, \u00a012 fuseaux<\/span><\/li>\n<li><span style=\"color: #ffff00;\">Gaine :\u00a0Tress\u00e9e 100% polyester discontinu, 32 fuseaux<\/span><\/li>\n<\/ul>\n<p><span style=\"color: #ffff00;\"><strong>Utilisation<\/strong><\/span><\/p>\n<p><span style=\"color: #ffff00;\">La Clipper White MS-310 est une \u00e9coute polyester pr\u00e9-\u00e9tir\u00e9e offrant une excellente tenue aux winchs. Son faible allongement, convient aussi bien pour un programme de navigation c\u00f4ti\u00e8re que hauturi\u00e8re.<\/span><\/p>\n<p><span style=\"color: #ffff00;\">Matelotage<\/span><\/p>\n<p><span style=\"color: #ffff00;\">Epissure facile<\/span><\/p>\n<p><span style=\"color: #ffff00;\"><strong>Stockage des\u00a0\u00e9coutes<\/strong><\/span><\/p>\n<p><span style=\"color: #ffff00;\">Rincez \u00e0 l\u2019eau douce vos \u00e9coutes chaque fois que cela vous est possible et prot\u00e9ger les des UV. L\u2019hivernage est une garantie de long\u00e9vit\u00e9.<\/span><\/p>\n<p>&nbsp;<\/p>\n<p><span style=\"color: #ffff00;\">Pour tous renseignements<\/span><a href=\"https:\/\/www.beachspirit.fr\/bs\/nous-contacter\/\" target=\"_blank\" rel=\"noopener noreferrer\"> contactez nous<\/a><\/p>\n","protected":false},"excerpt":{"rendered":"<h2><span style=\"color: #ff6600;\">Ecoute\u00a0 haute qualit\u00e9 char \u00e0 voile et voile diam 8mm<\/span><\/h2>\n<p><span style=\"color: #ffff00;\">Vendue au m\u00e8tre<\/span><\/p>\n<p>&nbsp;<\/p>\n","protected":false},"featured_media":593,"comment_status":"open","ping_status":"closed","template":"","meta":[],"product_brand":[],"product_cat":[545,546,547,361,23],"product_tag":[],"class_list":{"0":"post-1857","1":"product","2":"type-product","3":"status-publish","4":"has-post-thumbnail","6":"product_cat-blokart","7":"product_cat-char-a-voile-classes-2-et-3","8":"product_cat-chars-a-voile-classes-5-promo-standart-mini-loisir","9":"product_cat-articles-techniques-voile-char-a-voile","10":"product_cat-bouts-ecoutes-voile-char-a-voile","11":"product_shipping_class-tarif-suivant-poids","13":"first","14":"instock","15":"purchasable","16":"product-type-simple"},"yoast_head":"<!-- This site is optimized with the Yoast SEO plugin v27.5 - https:\/\/yoast.com\/product\/yoast-seo-wordpress\/ -->\n<title>\u00e9coute diam\u00e8tre 8mm haute qualit\u00e9 - BEACH SPIRIT<\/title>\n<meta name=\"description\" content=\"\u00e9coute diam 8 mm de haute qualit\u00e9 touch\u00e9 coton est id\u00e9ale pour le char \u00e0 voile et la voile de marque Meyer Sansboeuf (MS 310)\" \/>\n<meta name=\"robots\" content=\"index, follow, max-snippet:-1, max-image-preview:large, max-video-preview:-1\" \/>\n<link rel=\"canonical\" href=\"https:\/\/www.beachspirit.fr\/bs\/produit\/ecoute-haute-qualite-diametre-8mm\/\" \/>\n<meta property=\"og:locale\" content=\"fr_FR\" \/>\n<meta property=\"og:type\" content=\"article\" \/>\n<meta property=\"og:title\" content=\"\u00e9coute diam\u00e8tre 8mm haute qualit\u00e9 - BEACH SPIRIT\" \/>\n<meta property=\"og:description\" content=\"\u00e9coute diam 8 mm de haute qualit\u00e9 touch\u00e9 coton est id\u00e9ale pour le char \u00e0 voile et la voile de marque Meyer Sansboeuf (MS 310)\" \/>\n<meta property=\"og:url\" content=\"https:\/\/www.beachspirit.fr\/bs\/produit\/ecoute-haute-qualite-diametre-8mm\/\" \/>\n<meta property=\"og:site_name\" content=\"BEACH SPIRIT\" \/>\n<meta property=\"article:publisher\" content=\"https:\/\/www.facebook.com\/beachspirit.fr\/\" \/>\n<meta property=\"article:modified_time\" content=\"2026-03-25T08:37:20+00:00\" \/>\n<meta property=\"og:image\" content=\"https:\/\/www.beachspirit.fr\/bs\/wp-content\/uploads\/2015\/05\/clipper-white-m-s-310.jpg\" \/>\n\t<meta property=\"og:image:width\" content=\"200\" \/>\n\t<meta property=\"og:image:height\" content=\"200\" \/>\n\t<meta property=\"og:image:type\" content=\"image\/jpeg\" \/>\n<meta name=\"twitter:card\" content=\"summary_large_image\" \/>\n<meta name=\"twitter:label1\" content=\"Dur\u00e9e de lecture estim\u00e9e\" \/>\n\t<meta name=\"twitter:data1\" content=\"1 minute\" \/>\n<script type=\"application\/ld+json\" class=\"yoast-schema-graph\">{\"@context\":\"https:\\\/\\\/schema.org\",\"@graph\":[{\"@type\":\"WebPage\",\"@id\":\"https:\\\/\\\/www.beachspirit.fr\\\/bs\\\/produit\\\/ecoute-haute-qualite-diametre-8mm\\\/\",\"url\":\"https:\\\/\\\/www.beachspirit.fr\\\/bs\\\/produit\\\/ecoute-haute-qualite-diametre-8mm\\\/\",\"name\":\"\u00e9coute diam\u00e8tre 8mm haute qualit\u00e9 - BEACH SPIRIT\",\"isPartOf\":{\"@id\":\"https:\\\/\\\/www.beachspirit.fr\\\/bs\\\/#website\"},\"primaryImageOfPage\":{\"@id\":\"https:\\\/\\\/www.beachspirit.fr\\\/bs\\\/produit\\\/ecoute-haute-qualite-diametre-8mm\\\/#primaryimage\"},\"image\":{\"@id\":\"https:\\\/\\\/www.beachspirit.fr\\\/bs\\\/produit\\\/ecoute-haute-qualite-diametre-8mm\\\/#primaryimage\"},\"thumbnailUrl\":\"https:\\\/\\\/www.beachspirit.fr\\\/bs\\\/wp-content\\\/uploads\\\/2015\\\/05\\\/clipper-white-m-s-310.jpg\",\"datePublished\":\"2016-07-16T14:51:58+00:00\",\"dateModified\":\"2026-03-25T08:37:20+00:00\",\"description\":\"\u00e9coute diam 8 mm de haute qualit\u00e9 touch\u00e9 coton est id\u00e9ale pour le char \u00e0 voile et la voile de marque Meyer Sansboeuf (MS 310)\",\"breadcrumb\":{\"@id\":\"https:\\\/\\\/www.beachspirit.fr\\\/bs\\\/produit\\\/ecoute-haute-qualite-diametre-8mm\\\/#breadcrumb\"},\"inLanguage\":\"fr-FR\",\"potentialAction\":[{\"@type\":\"ReadAction\",\"target\":[\"https:\\\/\\\/www.beachspirit.fr\\\/bs\\\/produit\\\/ecoute-haute-qualite-diametre-8mm\\\/\"]}]},{\"@type\":\"ImageObject\",\"inLanguage\":\"fr-FR\",\"@id\":\"https:\\\/\\\/www.beachspirit.fr\\\/bs\\\/produit\\\/ecoute-haute-qualite-diametre-8mm\\\/#primaryimage\",\"url\":\"https:\\\/\\\/www.beachspirit.fr\\\/bs\\\/wp-content\\\/uploads\\\/2015\\\/05\\\/clipper-white-m-s-310.jpg\",\"contentUrl\":\"https:\\\/\\\/www.beachspirit.fr\\\/bs\\\/wp-content\\\/uploads\\\/2015\\\/05\\\/clipper-white-m-s-310.jpg\",\"width\":200,\"height\":200,\"caption\":\"Bobine ecoute haute qualit\u00e9\"},{\"@type\":\"BreadcrumbList\",\"@id\":\"https:\\\/\\\/www.beachspirit.fr\\\/bs\\\/produit\\\/ecoute-haute-qualite-diametre-8mm\\\/#breadcrumb\",\"itemListElement\":[{\"@type\":\"ListItem\",\"position\":1,\"name\":\"Accueil\",\"item\":\"https:\\\/\\\/www.beachspirit.fr\\\/bs\\\/\"},{\"@type\":\"ListItem\",\"position\":2,\"name\":\"Boutique\",\"item\":\"https:\\\/\\\/www.beachspirit.fr\\\/bs\\\/boutique\\\/\"},{\"@type\":\"ListItem\",\"position\":3,\"name\":\"\u00e9coute diam\u00e8tre 8mm haute qualit\u00e9\"}]},{\"@type\":\"WebSite\",\"@id\":\"https:\\\/\\\/www.beachspirit.fr\\\/bs\\\/#website\",\"url\":\"https:\\\/\\\/www.beachspirit.fr\\\/bs\\\/\",\"name\":\"BEACH SPIRIT\",\"description\":\"beach spirit approved\",\"publisher\":{\"@id\":\"https:\\\/\\\/www.beachspirit.fr\\\/bs\\\/#organization\"},\"potentialAction\":[{\"@type\":\"SearchAction\",\"target\":{\"@type\":\"EntryPoint\",\"urlTemplate\":\"https:\\\/\\\/www.beachspirit.fr\\\/bs\\\/?s={search_term_string}\"},\"query-input\":{\"@type\":\"PropertyValueSpecification\",\"valueRequired\":true,\"valueName\":\"search_term_string\"}}],\"inLanguage\":\"fr-FR\"},{\"@type\":\"Organization\",\"@id\":\"https:\\\/\\\/www.beachspirit.fr\\\/bs\\\/#organization\",\"name\":\"BEACH SPIRIT\",\"url\":\"https:\\\/\\\/www.beachspirit.fr\\\/bs\\\/\",\"logo\":{\"@type\":\"ImageObject\",\"inLanguage\":\"fr-FR\",\"@id\":\"https:\\\/\\\/www.beachspirit.fr\\\/bs\\\/#\\\/schema\\\/logo\\\/image\\\/\",\"url\":\"http:\\\/\\\/www.beachspirit.fr\\\/bs\\\/wp-content\\\/uploads\\\/2020\\\/03\\\/logoBS-petit-2.png\",\"contentUrl\":\"http:\\\/\\\/www.beachspirit.fr\\\/bs\\\/wp-content\\\/uploads\\\/2020\\\/03\\\/logoBS-petit-2.png\",\"width\":200,\"height\":117,\"caption\":\"BEACH SPIRIT\"},\"image\":{\"@id\":\"https:\\\/\\\/www.beachspirit.fr\\\/bs\\\/#\\\/schema\\\/logo\\\/image\\\/\"},\"sameAs\":[\"https:\\\/\\\/www.facebook.com\\\/beachspirit.fr\\\/\",\"https:\\\/\\\/www.instagram.com\\\/beachspirit.fr\\\/\"]}]}<\/script>\n<!-- \/ Yoast SEO plugin. -->","yoast_head_json":{"title":"\u00e9coute diam\u00e8tre 8mm haute qualit\u00e9 - BEACH SPIRIT","description":"\u00e9coute diam 8 mm de haute qualit\u00e9 touch\u00e9 coton est id\u00e9ale pour le char \u00e0 voile et la voile de marque Meyer Sansboeuf (MS 310)","robots":{"index":"index","follow":"follow","max-snippet":"max-snippet:-1","max-image-preview":"max-image-preview:large","max-video-preview":"max-video-preview:-1"},"canonical":"https:\/\/www.beachspirit.fr\/bs\/produit\/ecoute-haute-qualite-diametre-8mm\/","og_locale":"fr_FR","og_type":"article","og_title":"\u00e9coute diam\u00e8tre 8mm haute qualit\u00e9 - BEACH SPIRIT","og_description":"\u00e9coute diam 8 mm de haute qualit\u00e9 touch\u00e9 coton est id\u00e9ale pour le char \u00e0 voile et la voile de marque Meyer Sansboeuf (MS 310)","og_url":"https:\/\/www.beachspirit.fr\/bs\/produit\/ecoute-haute-qualite-diametre-8mm\/","og_site_name":"BEACH SPIRIT","article_publisher":"https:\/\/www.facebook.com\/beachspirit.fr\/","article_modified_time":"2026-03-25T08:37:20+00:00","og_image":[{"width":200,"height":200,"url":"https:\/\/www.beachspirit.fr\/bs\/wp-content\/uploads\/2015\/05\/clipper-white-m-s-310.jpg","type":"image\/jpeg"}],"twitter_card":"summary_large_image","twitter_misc":{"Dur\u00e9e de lecture estim\u00e9e":"1 minute"},"schema":{"@context":"https:\/\/schema.org","@graph":[{"@type":"WebPage","@id":"https:\/\/www.beachspirit.fr\/bs\/produit\/ecoute-haute-qualite-diametre-8mm\/","url":"https:\/\/www.beachspirit.fr\/bs\/produit\/ecoute-haute-qualite-diametre-8mm\/","name":"\u00e9coute diam\u00e8tre 8mm haute qualit\u00e9 - BEACH SPIRIT","isPartOf":{"@id":"https:\/\/www.beachspirit.fr\/bs\/#website"},"primaryImageOfPage":{"@id":"https:\/\/www.beachspirit.fr\/bs\/produit\/ecoute-haute-qualite-diametre-8mm\/#primaryimage"},"image":{"@id":"https:\/\/www.beachspirit.fr\/bs\/produit\/ecoute-haute-qualite-diametre-8mm\/#primaryimage"},"thumbnailUrl":"https:\/\/www.beachspirit.fr\/bs\/wp-content\/uploads\/2015\/05\/clipper-white-m-s-310.jpg","datePublished":"2016-07-16T14:51:58+00:00","dateModified":"2026-03-25T08:37:20+00:00","description":"\u00e9coute diam 8 mm de haute qualit\u00e9 touch\u00e9 coton est id\u00e9ale pour le char \u00e0 voile et la voile de marque Meyer Sansboeuf (MS 310)","breadcrumb":{"@id":"https:\/\/www.beachspirit.fr\/bs\/produit\/ecoute-haute-qualite-diametre-8mm\/#breadcrumb"},"inLanguage":"fr-FR","potentialAction":[{"@type":"ReadAction","target":["https:\/\/www.beachspirit.fr\/bs\/produit\/ecoute-haute-qualite-diametre-8mm\/"]}]},{"@type":"ImageObject","inLanguage":"fr-FR","@id":"https:\/\/www.beachspirit.fr\/bs\/produit\/ecoute-haute-qualite-diametre-8mm\/#primaryimage","url":"https:\/\/www.beachspirit.fr\/bs\/wp-content\/uploads\/2015\/05\/clipper-white-m-s-310.jpg","contentUrl":"https:\/\/www.beachspirit.fr\/bs\/wp-content\/uploads\/2015\/05\/clipper-white-m-s-310.jpg","width":200,"height":200,"caption":"Bobine ecoute haute qualit\u00e9"},{"@type":"BreadcrumbList","@id":"https:\/\/www.beachspirit.fr\/bs\/produit\/ecoute-haute-qualite-diametre-8mm\/#breadcrumb","itemListElement":[{"@type":"ListItem","position":1,"name":"Accueil","item":"https:\/\/www.beachspirit.fr\/bs\/"},{"@type":"ListItem","position":2,"name":"Boutique","item":"https:\/\/www.beachspirit.fr\/bs\/boutique\/"},{"@type":"ListItem","position":3,"name":"\u00e9coute diam\u00e8tre 8mm haute qualit\u00e9"}]},{"@type":"WebSite","@id":"https:\/\/www.beachspirit.fr\/bs\/#website","url":"https:\/\/www.beachspirit.fr\/bs\/","name":"BEACH SPIRIT","description":"beach spirit approved","publisher":{"@id":"https:\/\/www.beachspirit.fr\/bs\/#organization"},"potentialAction":[{"@type":"SearchAction","target":{"@type":"EntryPoint","urlTemplate":"https:\/\/www.beachspirit.fr\/bs\/?s={search_term_string}"},"query-input":{"@type":"PropertyValueSpecification","valueRequired":true,"valueName":"search_term_string"}}],"inLanguage":"fr-FR"},{"@type":"Organization","@id":"https:\/\/www.beachspirit.fr\/bs\/#organization","name":"BEACH SPIRIT","url":"https:\/\/www.beachspirit.fr\/bs\/","logo":{"@type":"ImageObject","inLanguage":"fr-FR","@id":"https:\/\/www.beachspirit.fr\/bs\/#\/schema\/logo\/image\/","url":"http:\/\/www.beachspirit.fr\/bs\/wp-content\/uploads\/2020\/03\/logoBS-petit-2.png","contentUrl":"http:\/\/www.beachspirit.fr\/bs\/wp-content\/uploads\/2020\/03\/logoBS-petit-2.png","width":200,"height":117,"caption":"BEACH SPIRIT"},"image":{"@id":"https:\/\/www.beachspirit.fr\/bs\/#\/schema\/logo\/image\/"},"sameAs":["https:\/\/www.facebook.com\/beachspirit.fr\/","https:\/\/www.instagram.com\/beachspirit.fr\/"]}]}},"_links":{"self":[{"href":"https:\/\/www.beachspirit.fr\/bs\/wp-json\/wp\/v2\/product\/1857","targetHints":{"allow":["GET"]}}],"collection":[{"href":"https:\/\/www.beachspirit.fr\/bs\/wp-json\/wp\/v2\/product"}],"about":[{"href":"https:\/\/www.beachspirit.fr\/bs\/wp-json\/wp\/v2\/types\/product"}],"replies":[{"embeddable":true,"href":"https:\/\/www.beachspirit.fr\/bs\/wp-json\/wp\/v2\/comments?post=1857"}],"wp:featuredmedia":[{"embeddable":true,"href":"https:\/\/www.beachspirit.fr\/bs\/wp-json\/wp\/v2\/media\/593"}],"wp:attachment":[{"href":"https:\/\/www.beachspirit.fr\/bs\/wp-json\/wp\/v2\/media?parent=1857"}],"wp:term":[{"taxonomy":"product_brand","embeddable":true,"href":"https:\/\/www.beachspirit.fr\/bs\/wp-json\/wp\/v2\/product_brand?post=1857"},{"taxonomy":"product_cat","embeddable":true,"href":"https:\/\/www.beachspirit.fr\/bs\/wp-json\/wp\/v2\/product_cat?post=1857"},{"taxonomy":"product_tag","embeddable":true,"href":"https:\/\/www.beachspirit.fr\/bs\/wp-json\/wp\/v2\/product_tag?post=1857"}],"curies":[{"name":"wp","href":"https:\/\/api.w.org\/{rel}","templated":true}]}}