{"id":20852,"date":"2020-05-11T11:02:58","date_gmt":"2020-05-11T10:02:58","guid":{"rendered":"http:\/\/www.beachspirit.fr\/bs\/?product=sweat-regular-colors-spirit-clubs"},"modified":"2022-11-07T12:17:56","modified_gmt":"2022-11-07T11:17:56","slug":"sweat-regular-classiques-personnalises-clubs","status":"publish","type":"product","link":"https:\/\/www.beachspirit.fr\/bs\/produit\/sweat-regular-classiques-personnalises-clubs\/","title":{"rendered":"Sweatshirts regular personnalis\u00e9s clubs \u00e0 partir de 14\u20ac"},"content":{"rendered":"<h3><span style=\"color: #ff6600;\">sweat classiques personnalis\u00e9s clubs<\/span><\/h3>\n<ul>\n<li><span style=\"color: #ffff00;\">Marque AWD is<\/span><\/li>\n<li><span style=\"color: #ffff00;\">Col rond<\/span><\/li>\n<li><span style=\"color: #ffff00;\">Manches mont\u00e9es<\/span><\/li>\n<li><span style=\"color: #ffff00;\">Coupe \u00e9l\u00e9gante<\/span><\/li>\n<li><span style=\"color: #ffff00;\">Composition\u00a080% Coton ringspun, 20% Polyester<\/span><\/li>\n<li><span style=\"color: #ffff00;\">Grammage<b>\u00a0<\/b>280\u00a0g\/m<\/span><\/li>\n<li><span style=\"color: #ffff00;\"><b>Taille <\/b><b>XS<\/b>\u00a040\u00a0<b>S<\/b>\u00a042\u00a0<b>M<\/b>\u00a044\u00a0<b>L<\/b>\u00a046\u00a0<b>XL<\/b>\u00a048\u00a0<b>2XL<\/b><\/span><\/li>\n<li><strong><span style=\"color: #ffff00;\">Votre logo 1 couleur en<\/span> <a href=\"https:\/\/fr.wikipedia.org\/wiki\/S%C3%A9rigraphie\" target=\"_blank\" rel=\"noopener noreferrer\">s\u00e9rigraphie<\/a> <\/strong><span style=\"color: #ffff00;\">(\u00e0 nous fournir sous format .ai .eps .svg .pdf ou .png .jpg mini 150dpi via la rubrique <a href=\"https:\/\/www.beachspirit.fr\/bs\/nous-contacter\/\" target=\"_blank\" rel=\"noopener\">nous contacter<\/a>)<\/span><\/li>\n<\/ul>\n<p><a href=\"https:\/\/www.beachspirit.fr\/bs\/wp-content\/uploads\/2017\/01\/jh030-8x8-1.png\"><img loading=\"lazy\" decoding=\"async\" class=\"alignnone wp-image-25519 size-thumbnail\" src=\"https:\/\/www.beachspirit.fr\/bs\/wp-content\/uploads\/2017\/01\/jh030-8x8-1-150x150.png\" alt=\"\" width=\"150\" height=\"150\" srcset=\"https:\/\/www.beachspirit.fr\/bs\/wp-content\/uploads\/2017\/01\/jh030-8x8-1-150x150.png 150w, https:\/\/www.beachspirit.fr\/bs\/wp-content\/uploads\/2017\/01\/jh030-8x8-1-300x300.png 300w, https:\/\/www.beachspirit.fr\/bs\/wp-content\/uploads\/2017\/01\/jh030-8x8-1-100x100.png 100w, https:\/\/www.beachspirit.fr\/bs\/wp-content\/uploads\/2017\/01\/jh030-8x8-1-90x90.png 90w\" sizes=\"auto, (max-width: 150px) 100vw, 150px\" \/><\/a> <a href=\"https:\/\/www.beachspirit.fr\/bs\/wp-content\/uploads\/2017\/01\/jh030-24x12-1.png\"><img loading=\"lazy\" decoding=\"async\" class=\"alignnone wp-image-25520 size-thumbnail\" src=\"https:\/\/www.beachspirit.fr\/bs\/wp-content\/uploads\/2017\/01\/jh030-24x12-1-150x150.png\" alt=\"\" width=\"150\" height=\"150\" srcset=\"https:\/\/www.beachspirit.fr\/bs\/wp-content\/uploads\/2017\/01\/jh030-24x12-1-150x150.png 150w, https:\/\/www.beachspirit.fr\/bs\/wp-content\/uploads\/2017\/01\/jh030-24x12-1-300x300.png 300w, https:\/\/www.beachspirit.fr\/bs\/wp-content\/uploads\/2017\/01\/jh030-24x12-1-100x100.png 100w, https:\/\/www.beachspirit.fr\/bs\/wp-content\/uploads\/2017\/01\/jh030-24x12-1-90x90.png 90w\" sizes=\"auto, (max-width: 150px) 100vw, 150px\" \/><\/a> <a href=\"https:\/\/www.beachspirit.fr\/bs\/wp-content\/uploads\/2017\/01\/jh030-24x24-1.png\"><img loading=\"lazy\" decoding=\"async\" class=\"alignnone wp-image-25521 size-thumbnail\" src=\"https:\/\/www.beachspirit.fr\/bs\/wp-content\/uploads\/2017\/01\/jh030-24x24-1-150x150.png\" alt=\"\" width=\"150\" height=\"150\" data-wp-editing=\"1\" srcset=\"https:\/\/www.beachspirit.fr\/bs\/wp-content\/uploads\/2017\/01\/jh030-24x24-1-150x150.png 150w, https:\/\/www.beachspirit.fr\/bs\/wp-content\/uploads\/2017\/01\/jh030-24x24-1-300x300.png 300w, https:\/\/www.beachspirit.fr\/bs\/wp-content\/uploads\/2017\/01\/jh030-24x24-1-100x100.png 100w, https:\/\/www.beachspirit.fr\/bs\/wp-content\/uploads\/2017\/01\/jh030-24x24-1-90x90.png 90w\" sizes=\"auto, (max-width: 150px) 100vw, 150px\" \/><\/a><\/p>\n<p><span style=\"color: #ffff00;\"><b>Instructions de lavage:<\/b><\/span><br \/>\n<span style=\"color: #ffff00;\">Lavage en machine \u00e0 30\u00b0. Ne pas blanchir. S\u00e9chage en machine \u00e0 basse temp\u00e9rature. Repassage \u00e0 faible temp\u00e9rature retourn\u00e9. Ne pas nettoyer \u00e0 sec<\/span><\/p>\n<p><span style=\"color: #ffff00;\">Pour tous renseignements, demande particuli\u00e8re ou devis<\/span><a href=\"https:\/\/www.beachspirit.fr\/bs\/nous-contacter\/\" target=\"_blank\" rel=\"noopener noreferrer\"> contactez nous<\/a><\/p>\n","protected":false},"excerpt":{"rendered":"<h3><span style=\"color: #ff6600;\">sweat classiques personnalis\u00e9s clubs Beach Spirit<\/span><\/h3>\n<p><span style=\"color: #ffff00;\">minimum de\u00a0 10 exemplaires<\/span><\/p>\n<p><span style=\"color: #ffff00;\"><strong>A partir de 14\u20ac PU TTC Avec votre logo 1 couleur<\/strong><\/span><\/p>\n","protected":false},"featured_media":20864,"comment_status":"open","ping_status":"closed","template":"","meta":[],"product_brand":[],"product_cat":[443,407],"product_tag":[],"class_list":{"0":"post-20852","1":"product","2":"type-product","3":"status-publish","4":"has-post-thumbnail","6":"product_cat-boutique-clubs-ecoles-voile-char","7":"product_cat-lot-competition","8":"product_shipping_class-tarif-suivant-poids","10":"first","11":"onbackorder","12":"purchasable","13":"product-type-variable","14":"has-default-attributes"},"yoast_head":"<!-- This site is optimized with the Yoast SEO plugin v27.6 - https:\/\/yoast.com\/product\/yoast-seo-wordpress\/ -->\n<title>sweatshirts classiques personnalis\u00e9s clubs - BEACH SPIRIT<\/title>\n<meta name=\"description\" content=\"D\u00e9marquez vous avec ces sweatshirts classiques personnalis\u00e9s clubs \u00e0 partir de 14\u20ac avec votre logo pour votre staff, vos adh\u00e9rents ou clients.\" \/>\n<meta name=\"robots\" content=\"index, follow, max-snippet:-1, max-image-preview:large, max-video-preview:-1\" \/>\n<link rel=\"canonical\" href=\"https:\/\/www.beachspirit.fr\/bs\/produit\/sweat-regular-classiques-personnalises-clubs\/\" \/>\n<meta property=\"og:locale\" content=\"fr_FR\" \/>\n<meta property=\"og:type\" content=\"article\" \/>\n<meta property=\"og:title\" content=\"sweatshirts classiques personnalis\u00e9s clubs - BEACH SPIRIT\" \/>\n<meta property=\"og:description\" content=\"D\u00e9marquez vous avec ces sweatshirts classiques personnalis\u00e9s clubs \u00e0 partir de 14\u20ac avec votre logo pour votre staff, vos adh\u00e9rents ou clients.\" \/>\n<meta property=\"og:url\" content=\"https:\/\/www.beachspirit.fr\/bs\/produit\/sweat-regular-classiques-personnalises-clubs\/\" \/>\n<meta property=\"og:site_name\" content=\"BEACH SPIRIT\" \/>\n<meta property=\"article:publisher\" content=\"https:\/\/www.facebook.com\/beachspirit.fr\/\" \/>\n<meta property=\"article:modified_time\" content=\"2022-11-07T11:17:56+00:00\" \/>\n<meta property=\"og:image\" content=\"https:\/\/www.beachspirit.fr\/bs\/wp-content\/uploads\/2017\/01\/JH030_pour-site-sweat-club.png\" \/>\n\t<meta property=\"og:image:width\" content=\"800\" \/>\n\t<meta property=\"og:image:height\" content=\"800\" \/>\n\t<meta property=\"og:image:type\" content=\"image\/png\" \/>\n<meta name=\"twitter:card\" content=\"summary_large_image\" \/>\n<meta name=\"twitter:label1\" content=\"Dur\u00e9e de lecture estim\u00e9e\" \/>\n\t<meta name=\"twitter:data1\" content=\"1 minute\" \/>\n<script type=\"application\/ld+json\" class=\"yoast-schema-graph\">{\"@context\":\"https:\\\/\\\/schema.org\",\"@graph\":[{\"@type\":\"WebPage\",\"@id\":\"https:\\\/\\\/www.beachspirit.fr\\\/bs\\\/produit\\\/sweat-regular-classiques-personnalises-clubs\\\/\",\"url\":\"https:\\\/\\\/www.beachspirit.fr\\\/bs\\\/produit\\\/sweat-regular-classiques-personnalises-clubs\\\/\",\"name\":\"sweatshirts classiques personnalis\u00e9s clubs - BEACH SPIRIT\",\"isPartOf\":{\"@id\":\"https:\\\/\\\/www.beachspirit.fr\\\/bs\\\/#website\"},\"primaryImageOfPage\":{\"@id\":\"https:\\\/\\\/www.beachspirit.fr\\\/bs\\\/produit\\\/sweat-regular-classiques-personnalises-clubs\\\/#primaryimage\"},\"image\":{\"@id\":\"https:\\\/\\\/www.beachspirit.fr\\\/bs\\\/produit\\\/sweat-regular-classiques-personnalises-clubs\\\/#primaryimage\"},\"thumbnailUrl\":\"https:\\\/\\\/www.beachspirit.fr\\\/bs\\\/wp-content\\\/uploads\\\/2017\\\/01\\\/JH030_pour-site-sweat-club.png\",\"datePublished\":\"2020-05-11T10:02:58+00:00\",\"dateModified\":\"2022-11-07T11:17:56+00:00\",\"description\":\"D\u00e9marquez vous avec ces sweatshirts classiques personnalis\u00e9s clubs \u00e0 partir de 14\u20ac avec votre logo pour votre staff, vos adh\u00e9rents ou clients.\",\"breadcrumb\":{\"@id\":\"https:\\\/\\\/www.beachspirit.fr\\\/bs\\\/produit\\\/sweat-regular-classiques-personnalises-clubs\\\/#breadcrumb\"},\"inLanguage\":\"fr-FR\",\"potentialAction\":[{\"@type\":\"ReadAction\",\"target\":[\"https:\\\/\\\/www.beachspirit.fr\\\/bs\\\/produit\\\/sweat-regular-classiques-personnalises-clubs\\\/\"]}]},{\"@type\":\"ImageObject\",\"inLanguage\":\"fr-FR\",\"@id\":\"https:\\\/\\\/www.beachspirit.fr\\\/bs\\\/produit\\\/sweat-regular-classiques-personnalises-clubs\\\/#primaryimage\",\"url\":\"https:\\\/\\\/www.beachspirit.fr\\\/bs\\\/wp-content\\\/uploads\\\/2017\\\/01\\\/JH030_pour-site-sweat-club.png\",\"contentUrl\":\"https:\\\/\\\/www.beachspirit.fr\\\/bs\\\/wp-content\\\/uploads\\\/2017\\\/01\\\/JH030_pour-site-sweat-club.png\",\"width\":800,\"height\":800,\"caption\":\"sweatshirts classiques personnalis\u00e9s clubs\"},{\"@type\":\"BreadcrumbList\",\"@id\":\"https:\\\/\\\/www.beachspirit.fr\\\/bs\\\/produit\\\/sweat-regular-classiques-personnalises-clubs\\\/#breadcrumb\",\"itemListElement\":[{\"@type\":\"ListItem\",\"position\":1,\"name\":\"Accueil\",\"item\":\"https:\\\/\\\/www.beachspirit.fr\\\/bs\\\/\"},{\"@type\":\"ListItem\",\"position\":2,\"name\":\"Boutique\",\"item\":\"https:\\\/\\\/www.beachspirit.fr\\\/bs\\\/boutique\\\/\"},{\"@type\":\"ListItem\",\"position\":3,\"name\":\"Sweatshirts regular personnalis\u00e9s clubs \u00e0 partir de 14\u20ac\"}]},{\"@type\":\"WebSite\",\"@id\":\"https:\\\/\\\/www.beachspirit.fr\\\/bs\\\/#website\",\"url\":\"https:\\\/\\\/www.beachspirit.fr\\\/bs\\\/\",\"name\":\"BEACH SPIRIT\",\"description\":\"beach spirit approved\",\"publisher\":{\"@id\":\"https:\\\/\\\/www.beachspirit.fr\\\/bs\\\/#organization\"},\"potentialAction\":[{\"@type\":\"SearchAction\",\"target\":{\"@type\":\"EntryPoint\",\"urlTemplate\":\"https:\\\/\\\/www.beachspirit.fr\\\/bs\\\/?s={search_term_string}\"},\"query-input\":{\"@type\":\"PropertyValueSpecification\",\"valueRequired\":true,\"valueName\":\"search_term_string\"}}],\"inLanguage\":\"fr-FR\"},{\"@type\":\"Organization\",\"@id\":\"https:\\\/\\\/www.beachspirit.fr\\\/bs\\\/#organization\",\"name\":\"BEACH SPIRIT\",\"url\":\"https:\\\/\\\/www.beachspirit.fr\\\/bs\\\/\",\"logo\":{\"@type\":\"ImageObject\",\"inLanguage\":\"fr-FR\",\"@id\":\"https:\\\/\\\/www.beachspirit.fr\\\/bs\\\/#\\\/schema\\\/logo\\\/image\\\/\",\"url\":\"http:\\\/\\\/www.beachspirit.fr\\\/bs\\\/wp-content\\\/uploads\\\/2020\\\/03\\\/logoBS-petit-2.png\",\"contentUrl\":\"http:\\\/\\\/www.beachspirit.fr\\\/bs\\\/wp-content\\\/uploads\\\/2020\\\/03\\\/logoBS-petit-2.png\",\"width\":200,\"height\":117,\"caption\":\"BEACH SPIRIT\"},\"image\":{\"@id\":\"https:\\\/\\\/www.beachspirit.fr\\\/bs\\\/#\\\/schema\\\/logo\\\/image\\\/\"},\"sameAs\":[\"https:\\\/\\\/www.facebook.com\\\/beachspirit.fr\\\/\",\"https:\\\/\\\/www.instagram.com\\\/beachspirit.fr\\\/\"]}]}<\/script>\n<!-- \/ Yoast SEO plugin. -->","yoast_head_json":{"title":"sweatshirts classiques personnalis\u00e9s clubs - BEACH SPIRIT","description":"D\u00e9marquez vous avec ces sweatshirts classiques personnalis\u00e9s clubs \u00e0 partir de 14\u20ac avec votre logo pour votre staff, vos adh\u00e9rents ou clients.","robots":{"index":"index","follow":"follow","max-snippet":"max-snippet:-1","max-image-preview":"max-image-preview:large","max-video-preview":"max-video-preview:-1"},"canonical":"https:\/\/www.beachspirit.fr\/bs\/produit\/sweat-regular-classiques-personnalises-clubs\/","og_locale":"fr_FR","og_type":"article","og_title":"sweatshirts classiques personnalis\u00e9s clubs - BEACH SPIRIT","og_description":"D\u00e9marquez vous avec ces sweatshirts classiques personnalis\u00e9s clubs \u00e0 partir de 14\u20ac avec votre logo pour votre staff, vos adh\u00e9rents ou clients.","og_url":"https:\/\/www.beachspirit.fr\/bs\/produit\/sweat-regular-classiques-personnalises-clubs\/","og_site_name":"BEACH SPIRIT","article_publisher":"https:\/\/www.facebook.com\/beachspirit.fr\/","article_modified_time":"2022-11-07T11:17:56+00:00","og_image":[{"width":800,"height":800,"url":"https:\/\/www.beachspirit.fr\/bs\/wp-content\/uploads\/2017\/01\/JH030_pour-site-sweat-club.png","type":"image\/png"}],"twitter_card":"summary_large_image","twitter_misc":{"Dur\u00e9e de lecture estim\u00e9e":"1 minute"},"schema":{"@context":"https:\/\/schema.org","@graph":[{"@type":"WebPage","@id":"https:\/\/www.beachspirit.fr\/bs\/produit\/sweat-regular-classiques-personnalises-clubs\/","url":"https:\/\/www.beachspirit.fr\/bs\/produit\/sweat-regular-classiques-personnalises-clubs\/","name":"sweatshirts classiques personnalis\u00e9s clubs - BEACH SPIRIT","isPartOf":{"@id":"https:\/\/www.beachspirit.fr\/bs\/#website"},"primaryImageOfPage":{"@id":"https:\/\/www.beachspirit.fr\/bs\/produit\/sweat-regular-classiques-personnalises-clubs\/#primaryimage"},"image":{"@id":"https:\/\/www.beachspirit.fr\/bs\/produit\/sweat-regular-classiques-personnalises-clubs\/#primaryimage"},"thumbnailUrl":"https:\/\/www.beachspirit.fr\/bs\/wp-content\/uploads\/2017\/01\/JH030_pour-site-sweat-club.png","datePublished":"2020-05-11T10:02:58+00:00","dateModified":"2022-11-07T11:17:56+00:00","description":"D\u00e9marquez vous avec ces sweatshirts classiques personnalis\u00e9s clubs \u00e0 partir de 14\u20ac avec votre logo pour votre staff, vos adh\u00e9rents ou clients.","breadcrumb":{"@id":"https:\/\/www.beachspirit.fr\/bs\/produit\/sweat-regular-classiques-personnalises-clubs\/#breadcrumb"},"inLanguage":"fr-FR","potentialAction":[{"@type":"ReadAction","target":["https:\/\/www.beachspirit.fr\/bs\/produit\/sweat-regular-classiques-personnalises-clubs\/"]}]},{"@type":"ImageObject","inLanguage":"fr-FR","@id":"https:\/\/www.beachspirit.fr\/bs\/produit\/sweat-regular-classiques-personnalises-clubs\/#primaryimage","url":"https:\/\/www.beachspirit.fr\/bs\/wp-content\/uploads\/2017\/01\/JH030_pour-site-sweat-club.png","contentUrl":"https:\/\/www.beachspirit.fr\/bs\/wp-content\/uploads\/2017\/01\/JH030_pour-site-sweat-club.png","width":800,"height":800,"caption":"sweatshirts classiques personnalis\u00e9s clubs"},{"@type":"BreadcrumbList","@id":"https:\/\/www.beachspirit.fr\/bs\/produit\/sweat-regular-classiques-personnalises-clubs\/#breadcrumb","itemListElement":[{"@type":"ListItem","position":1,"name":"Accueil","item":"https:\/\/www.beachspirit.fr\/bs\/"},{"@type":"ListItem","position":2,"name":"Boutique","item":"https:\/\/www.beachspirit.fr\/bs\/boutique\/"},{"@type":"ListItem","position":3,"name":"Sweatshirts regular personnalis\u00e9s clubs \u00e0 partir de 14\u20ac"}]},{"@type":"WebSite","@id":"https:\/\/www.beachspirit.fr\/bs\/#website","url":"https:\/\/www.beachspirit.fr\/bs\/","name":"BEACH SPIRIT","description":"beach spirit approved","publisher":{"@id":"https:\/\/www.beachspirit.fr\/bs\/#organization"},"potentialAction":[{"@type":"SearchAction","target":{"@type":"EntryPoint","urlTemplate":"https:\/\/www.beachspirit.fr\/bs\/?s={search_term_string}"},"query-input":{"@type":"PropertyValueSpecification","valueRequired":true,"valueName":"search_term_string"}}],"inLanguage":"fr-FR"},{"@type":"Organization","@id":"https:\/\/www.beachspirit.fr\/bs\/#organization","name":"BEACH SPIRIT","url":"https:\/\/www.beachspirit.fr\/bs\/","logo":{"@type":"ImageObject","inLanguage":"fr-FR","@id":"https:\/\/www.beachspirit.fr\/bs\/#\/schema\/logo\/image\/","url":"http:\/\/www.beachspirit.fr\/bs\/wp-content\/uploads\/2020\/03\/logoBS-petit-2.png","contentUrl":"http:\/\/www.beachspirit.fr\/bs\/wp-content\/uploads\/2020\/03\/logoBS-petit-2.png","width":200,"height":117,"caption":"BEACH SPIRIT"},"image":{"@id":"https:\/\/www.beachspirit.fr\/bs\/#\/schema\/logo\/image\/"},"sameAs":["https:\/\/www.facebook.com\/beachspirit.fr\/","https:\/\/www.instagram.com\/beachspirit.fr\/"]}]}},"_links":{"self":[{"href":"https:\/\/www.beachspirit.fr\/bs\/wp-json\/wp\/v2\/product\/20852","targetHints":{"allow":["GET"]}}],"collection":[{"href":"https:\/\/www.beachspirit.fr\/bs\/wp-json\/wp\/v2\/product"}],"about":[{"href":"https:\/\/www.beachspirit.fr\/bs\/wp-json\/wp\/v2\/types\/product"}],"replies":[{"embeddable":true,"href":"https:\/\/www.beachspirit.fr\/bs\/wp-json\/wp\/v2\/comments?post=20852"}],"wp:featuredmedia":[{"embeddable":true,"href":"https:\/\/www.beachspirit.fr\/bs\/wp-json\/wp\/v2\/media\/20864"}],"wp:attachment":[{"href":"https:\/\/www.beachspirit.fr\/bs\/wp-json\/wp\/v2\/media?parent=20852"}],"wp:term":[{"taxonomy":"product_brand","embeddable":true,"href":"https:\/\/www.beachspirit.fr\/bs\/wp-json\/wp\/v2\/product_brand?post=20852"},{"taxonomy":"product_cat","embeddable":true,"href":"https:\/\/www.beachspirit.fr\/bs\/wp-json\/wp\/v2\/product_cat?post=20852"},{"taxonomy":"product_tag","embeddable":true,"href":"https:\/\/www.beachspirit.fr\/bs\/wp-json\/wp\/v2\/product_tag?post=20852"}],"curies":[{"name":"wp","href":"https:\/\/api.w.org\/{rel}","templated":true}]}}