{"id":20944,"date":"2020-07-13T14:00:55","date_gmt":"2020-07-13T13:00:55","guid":{"rendered":"http:\/\/www.beachspirit.fr\/bs\/?post_type=product&#038;p=20944"},"modified":"2022-11-07T12:15:15","modified_gmt":"2022-11-07T11:15:15","slug":"t-shirt-heavy-spirit-clubs","status":"publish","type":"product","link":"https:\/\/www.beachspirit.fr\/bs\/produit\/t-shirt-heavy-spirit-clubs\/","title":{"rendered":"T-shirts personnalis\u00e9s club \u00e0 partir de 7\u20ac"},"content":{"rendered":"<h2><span style=\"color: #ff6600;\">T-Shirts personnalis\u00e9s clubs\u00a0<\/span><\/h2>\n<ul>\n<li><span style=\"color: #ffff00;\"><strong>Marque<\/strong> : Gildan<\/span><\/li>\n<li><span style=\"color: #ffff00;\"><b>Composition : <\/b>100% Coton. Sport Grey 90% Coton, 10% Polyester. Couleurs heathers 65% Polyester, 35% Coton<\/span><br \/>\n<b><\/b><\/li>\n<li><span style=\"color: #ffff00;\"><b>Grammage : <\/b>White 141 g\/m\u00b2, Couleurs 150 g\/m\u00b2<\/span><\/li>\n<\/ul>\n<p><span style=\"color: #ffff00;\"><a style=\"color: #ffff00;\" href=\"https:\/\/www.beachspirit.fr\/bs\/wp-content\/uploads\/2017\/01\/T-shirt-logo-8x8-1.png\"><img loading=\"lazy\" decoding=\"async\" class=\"alignleft wp-image-25622 size-thumbnail\" src=\"https:\/\/www.beachspirit.fr\/bs\/wp-content\/uploads\/2017\/01\/T-shirt-logo-8x8-1-150x150.png\" alt=\"Tshirts personnalis\u00e9s clubs\" width=\"150\" height=\"150\" srcset=\"https:\/\/www.beachspirit.fr\/bs\/wp-content\/uploads\/2017\/01\/T-shirt-logo-8x8-1-150x150.png 150w, https:\/\/www.beachspirit.fr\/bs\/wp-content\/uploads\/2017\/01\/T-shirt-logo-8x8-1-300x300.png 300w, https:\/\/www.beachspirit.fr\/bs\/wp-content\/uploads\/2017\/01\/T-shirt-logo-8x8-1-100x100.png 100w, https:\/\/www.beachspirit.fr\/bs\/wp-content\/uploads\/2017\/01\/T-shirt-logo-8x8-1-600x600.png 600w, https:\/\/www.beachspirit.fr\/bs\/wp-content\/uploads\/2017\/01\/T-shirt-logo-8x8-1-90x90.png 90w, https:\/\/www.beachspirit.fr\/bs\/wp-content\/uploads\/2017\/01\/T-shirt-logo-8x8-1.png 614w\" sizes=\"auto, (max-width: 150px) 100vw, 150px\" \/><\/a> <a style=\"color: #ffff00;\" href=\"https:\/\/www.beachspirit.fr\/bs\/wp-content\/uploads\/2017\/01\/T-shirt-logo-24x12-1.png\"><img loading=\"lazy\" decoding=\"async\" class=\"wp-image-25623 size-thumbnail alignleft\" src=\"https:\/\/www.beachspirit.fr\/bs\/wp-content\/uploads\/2017\/01\/T-shirt-logo-24x12-1-150x150.png\" alt=\"Tshirts personnalis\u00e9s clubs\" width=\"150\" height=\"150\" srcset=\"https:\/\/www.beachspirit.fr\/bs\/wp-content\/uploads\/2017\/01\/T-shirt-logo-24x12-1-150x150.png 150w, https:\/\/www.beachspirit.fr\/bs\/wp-content\/uploads\/2017\/01\/T-shirt-logo-24x12-1-300x300.png 300w, https:\/\/www.beachspirit.fr\/bs\/wp-content\/uploads\/2017\/01\/T-shirt-logo-24x12-1-100x100.png 100w, https:\/\/www.beachspirit.fr\/bs\/wp-content\/uploads\/2017\/01\/T-shirt-logo-24x12-1-600x600.png 600w, https:\/\/www.beachspirit.fr\/bs\/wp-content\/uploads\/2017\/01\/T-shirt-logo-24x12-1-90x90.png 90w, https:\/\/www.beachspirit.fr\/bs\/wp-content\/uploads\/2017\/01\/T-shirt-logo-24x12-1.png 614w\" sizes=\"auto, (max-width: 150px) 100vw, 150px\" \/><\/a><\/span><\/p>\n<p><span style=\"color: #ffff00;\"><a style=\"color: #ffff00;\" href=\"https:\/\/www.beachspirit.fr\/bs\/wp-content\/uploads\/2017\/01\/T-shirt-logo-24x24-1.png\"><img loading=\"lazy\" decoding=\"async\" class=\"alignnone wp-image-25624 size-thumbnail\" src=\"https:\/\/www.beachspirit.fr\/bs\/wp-content\/uploads\/2017\/01\/T-shirt-logo-24x24-1-150x150.png\" alt=\"Tshirts personnalis\u00e9s clubs\" width=\"150\" height=\"150\" srcset=\"https:\/\/www.beachspirit.fr\/bs\/wp-content\/uploads\/2017\/01\/T-shirt-logo-24x24-1-150x150.png 150w, https:\/\/www.beachspirit.fr\/bs\/wp-content\/uploads\/2017\/01\/T-shirt-logo-24x24-1-300x300.png 300w, https:\/\/www.beachspirit.fr\/bs\/wp-content\/uploads\/2017\/01\/T-shirt-logo-24x24-1-100x100.png 100w, https:\/\/www.beachspirit.fr\/bs\/wp-content\/uploads\/2017\/01\/T-shirt-logo-24x24-1-600x600.png 600w, https:\/\/www.beachspirit.fr\/bs\/wp-content\/uploads\/2017\/01\/T-shirt-logo-24x24-1-90x90.png 90w, https:\/\/www.beachspirit.fr\/bs\/wp-content\/uploads\/2017\/01\/T-shirt-logo-24x24-1.png 614w\" sizes=\"auto, (max-width: 150px) 100vw, 150px\" \/><\/a><\/span><\/p>\n<ul>\n<li><span style=\"color: #ffff00;\">*<strong>Tshirts personnalis\u00e9s clubs<\/strong> : Col \u00e0 surpiq\u00fbres doubles. Bande de recouvrement au col et aux \u00e9paules. \u00c9paule roul\u00e9e vers l&rsquo;avant pour un meilleur ajustement. Manche et bord inf\u00e9rieur \u00e0 surpiq\u00fbres doubles. Tissu tourn\u00e9 d&rsquo;un quart de tour pour \u00e9liminer le pli central. Fournisseur approuv\u00e9 Sedex.<\/span><br \/>\n<b><\/b><\/li>\n<li><span style=\"color: #ffff00;\"><b>Instructions de lavage : <\/b>Lavage en machine \u00e0 temp\u00e9rature moyenne. Laver sur l&rsquo;envers avec des couleurs similaires. Agents de blanchiment non chlor\u00e9s uniquement. S\u00e9chage en machine \u00e0 temp\u00e9rature moyenne. Ne pas repasser sur le motif. Ne pas nettoyer \u00e0 sec<\/span><\/li>\n<li><span style=\"color: #ffff00;\"><b>Tailles : <\/b><b>S<\/b>\u00a046\u00a0<b>M<\/b>\u00a048\/50\u00a0<b>L<\/b>\u00a050\/52\u00a0<b>XL<\/b>\u00a054\u00a0<b>2XL<\/b><\/span><\/li>\n<li><strong><span style=\"color: #ffff00;\">Votre logo 1 couleur en<\/span> <a href=\"https:\/\/fr.wikipedia.org\/wiki\/S%C3%A9rigraphie\" target=\"_blank\" rel=\"noopener noreferrer\">s\u00e9rigraphie<\/a> <\/strong><span style=\"color: #ffff00;\">(\u00e0 nous fournir sous format .ai .eps .svg .pdf ou .png .jpg mini 150dpi via la ruvrique <a href=\"https:\/\/www.beachspirit.fr\/bs\/nous-contacter\/\" target=\"_blank\" rel=\"noopener\">nous contacter<\/a>)<\/span><\/li>\n<\/ul>\n<p><span style=\"color: #ffff00;\">Pour tous renseignements, demande particuli\u00e8re ou devis<\/span><a href=\"https:\/\/www.beachspirit.fr\/bs\/nous-contacter\/\" target=\"_blank\" rel=\"noopener noreferrer\"> contactez nous<\/a><\/p>\n<p>&nbsp;<\/p>\n","protected":false},"excerpt":{"rendered":"<h2><span style=\"color: #ff6600;\">TShirt personnalis\u00e9s Clubs<\/span><\/h2>\n<p><span style=\"color: #ffff00;\">Minimum de 10 exemplaires<\/span><\/p>\n<h2><span style=\"color: #ffff00;\">A partir de 7\u20ac PU TTC Avec votre logo 1 couleur<\/span><\/h2>\n<p><span style=\"color: #ffff00;\">Pour un logo en plusieurs couleurs ou autre v\u00eatement n&rsquo;h\u00e9sitez pas \u00e0\u00a0 nous\u00a0<a style=\"color: #ffff00;\" href=\"https:\/\/www.beachspirit.fr\/bs\/nous-contacter\/\" target=\"_blank\" rel=\"noopener noreferrer\"> contacter<\/a><\/span><\/p>\n","protected":false},"featured_media":25621,"comment_status":"open","ping_status":"closed","template":"","meta":[],"product_brand":[],"product_cat":[443,407],"product_tag":[],"class_list":{"0":"post-20944","1":"product","2":"type-product","3":"status-publish","4":"has-post-thumbnail","6":"product_cat-boutique-clubs-ecoles-voile-char","7":"product_cat-lot-competition","8":"product_shipping_class-tarif-suivant-poids","10":"first","11":"onbackorder","12":"purchasable","13":"product-type-variable","14":"has-default-attributes"},"yoast_head":"<!-- This site is optimized with the Yoast SEO plugin v27.5 - https:\/\/yoast.com\/product\/yoast-seo-wordpress\/ -->\n<title>T-shirts personnalis\u00e9s club \u00e0 partir de 7\u20ac - BEACH SPIRIT<\/title>\n<meta name=\"robots\" content=\"index, follow, max-snippet:-1, max-image-preview:large, max-video-preview:-1\" \/>\n<link rel=\"canonical\" href=\"https:\/\/www.beachspirit.fr\/bs\/produit\/t-shirt-heavy-spirit-clubs\/\" \/>\n<meta property=\"og:locale\" content=\"fr_FR\" \/>\n<meta property=\"og:type\" content=\"article\" \/>\n<meta property=\"og:title\" content=\"T-shirts personnalis\u00e9s club \u00e0 partir de 7\u20ac - BEACH SPIRIT\" \/>\n<meta property=\"og:description\" content=\"TShirt personnalis\u00e9s Clubs Minimum de 10 exemplaires A partir de 7\u20ac PU TTC Avec votre logo 1 couleur Pour un logo en plusieurs couleurs ou autre v\u00eatement n&#039;h\u00e9sitez pas \u00e0\u00a0 nous\u00a0 contacter\" \/>\n<meta property=\"og:url\" content=\"https:\/\/www.beachspirit.fr\/bs\/produit\/t-shirt-heavy-spirit-clubs\/\" \/>\n<meta property=\"og:site_name\" content=\"BEACH SPIRIT\" \/>\n<meta property=\"article:publisher\" content=\"https:\/\/www.facebook.com\/beachspirit.fr\/\" \/>\n<meta property=\"article:modified_time\" content=\"2022-11-07T11:15:15+00:00\" \/>\n<meta property=\"og:image\" content=\"https:\/\/www.beachspirit.fr\/bs\/wp-content\/uploads\/2017\/01\/t-shirt-club-logo-ex.png\" \/>\n\t<meta property=\"og:image:width\" content=\"1920\" \/>\n\t<meta property=\"og:image:height\" content=\"1920\" \/>\n\t<meta property=\"og:image:type\" content=\"image\/png\" \/>\n<meta name=\"twitter:card\" content=\"summary_large_image\" \/>\n<meta name=\"twitter:label1\" content=\"Dur\u00e9e de lecture estim\u00e9e\" \/>\n\t<meta name=\"twitter:data1\" content=\"2 minutes\" \/>\n<script type=\"application\/ld+json\" class=\"yoast-schema-graph\">{\"@context\":\"https:\\\/\\\/schema.org\",\"@graph\":[{\"@type\":\"WebPage\",\"@id\":\"https:\\\/\\\/www.beachspirit.fr\\\/bs\\\/produit\\\/t-shirt-heavy-spirit-clubs\\\/\",\"url\":\"https:\\\/\\\/www.beachspirit.fr\\\/bs\\\/produit\\\/t-shirt-heavy-spirit-clubs\\\/\",\"name\":\"T-shirts personnalis\u00e9s club \u00e0 partir de 7\u20ac - BEACH SPIRIT\",\"isPartOf\":{\"@id\":\"https:\\\/\\\/www.beachspirit.fr\\\/bs\\\/#website\"},\"primaryImageOfPage\":{\"@id\":\"https:\\\/\\\/www.beachspirit.fr\\\/bs\\\/produit\\\/t-shirt-heavy-spirit-clubs\\\/#primaryimage\"},\"image\":{\"@id\":\"https:\\\/\\\/www.beachspirit.fr\\\/bs\\\/produit\\\/t-shirt-heavy-spirit-clubs\\\/#primaryimage\"},\"thumbnailUrl\":\"https:\\\/\\\/www.beachspirit.fr\\\/bs\\\/wp-content\\\/uploads\\\/2017\\\/01\\\/t-shirt-club-logo-ex.png\",\"datePublished\":\"2020-07-13T13:00:55+00:00\",\"dateModified\":\"2022-11-07T11:15:15+00:00\",\"breadcrumb\":{\"@id\":\"https:\\\/\\\/www.beachspirit.fr\\\/bs\\\/produit\\\/t-shirt-heavy-spirit-clubs\\\/#breadcrumb\"},\"inLanguage\":\"fr-FR\",\"potentialAction\":[{\"@type\":\"ReadAction\",\"target\":[\"https:\\\/\\\/www.beachspirit.fr\\\/bs\\\/produit\\\/t-shirt-heavy-spirit-clubs\\\/\"]}]},{\"@type\":\"ImageObject\",\"inLanguage\":\"fr-FR\",\"@id\":\"https:\\\/\\\/www.beachspirit.fr\\\/bs\\\/produit\\\/t-shirt-heavy-spirit-clubs\\\/#primaryimage\",\"url\":\"https:\\\/\\\/www.beachspirit.fr\\\/bs\\\/wp-content\\\/uploads\\\/2017\\\/01\\\/t-shirt-club-logo-ex.png\",\"contentUrl\":\"https:\\\/\\\/www.beachspirit.fr\\\/bs\\\/wp-content\\\/uploads\\\/2017\\\/01\\\/t-shirt-club-logo-ex.png\",\"width\":1920,\"height\":1920,\"caption\":\"Tshirts personnalis\u00e9s clubs\"},{\"@type\":\"BreadcrumbList\",\"@id\":\"https:\\\/\\\/www.beachspirit.fr\\\/bs\\\/produit\\\/t-shirt-heavy-spirit-clubs\\\/#breadcrumb\",\"itemListElement\":[{\"@type\":\"ListItem\",\"position\":1,\"name\":\"Accueil\",\"item\":\"https:\\\/\\\/www.beachspirit.fr\\\/bs\\\/\"},{\"@type\":\"ListItem\",\"position\":2,\"name\":\"Boutique\",\"item\":\"https:\\\/\\\/www.beachspirit.fr\\\/bs\\\/boutique\\\/\"},{\"@type\":\"ListItem\",\"position\":3,\"name\":\"T-shirts personnalis\u00e9s club \u00e0 partir de 7\u20ac\"}]},{\"@type\":\"WebSite\",\"@id\":\"https:\\\/\\\/www.beachspirit.fr\\\/bs\\\/#website\",\"url\":\"https:\\\/\\\/www.beachspirit.fr\\\/bs\\\/\",\"name\":\"BEACH SPIRIT\",\"description\":\"beach spirit approved\",\"publisher\":{\"@id\":\"https:\\\/\\\/www.beachspirit.fr\\\/bs\\\/#organization\"},\"potentialAction\":[{\"@type\":\"SearchAction\",\"target\":{\"@type\":\"EntryPoint\",\"urlTemplate\":\"https:\\\/\\\/www.beachspirit.fr\\\/bs\\\/?s={search_term_string}\"},\"query-input\":{\"@type\":\"PropertyValueSpecification\",\"valueRequired\":true,\"valueName\":\"search_term_string\"}}],\"inLanguage\":\"fr-FR\"},{\"@type\":\"Organization\",\"@id\":\"https:\\\/\\\/www.beachspirit.fr\\\/bs\\\/#organization\",\"name\":\"BEACH SPIRIT\",\"url\":\"https:\\\/\\\/www.beachspirit.fr\\\/bs\\\/\",\"logo\":{\"@type\":\"ImageObject\",\"inLanguage\":\"fr-FR\",\"@id\":\"https:\\\/\\\/www.beachspirit.fr\\\/bs\\\/#\\\/schema\\\/logo\\\/image\\\/\",\"url\":\"http:\\\/\\\/www.beachspirit.fr\\\/bs\\\/wp-content\\\/uploads\\\/2020\\\/03\\\/logoBS-petit-2.png\",\"contentUrl\":\"http:\\\/\\\/www.beachspirit.fr\\\/bs\\\/wp-content\\\/uploads\\\/2020\\\/03\\\/logoBS-petit-2.png\",\"width\":200,\"height\":117,\"caption\":\"BEACH SPIRIT\"},\"image\":{\"@id\":\"https:\\\/\\\/www.beachspirit.fr\\\/bs\\\/#\\\/schema\\\/logo\\\/image\\\/\"},\"sameAs\":[\"https:\\\/\\\/www.facebook.com\\\/beachspirit.fr\\\/\",\"https:\\\/\\\/www.instagram.com\\\/beachspirit.fr\\\/\"]}]}<\/script>\n<!-- \/ Yoast SEO plugin. -->","yoast_head_json":{"title":"T-shirts personnalis\u00e9s club \u00e0 partir de 7\u20ac - BEACH SPIRIT","robots":{"index":"index","follow":"follow","max-snippet":"max-snippet:-1","max-image-preview":"max-image-preview:large","max-video-preview":"max-video-preview:-1"},"canonical":"https:\/\/www.beachspirit.fr\/bs\/produit\/t-shirt-heavy-spirit-clubs\/","og_locale":"fr_FR","og_type":"article","og_title":"T-shirts personnalis\u00e9s club \u00e0 partir de 7\u20ac - BEACH SPIRIT","og_description":"TShirt personnalis\u00e9s Clubs Minimum de 10 exemplaires A partir de 7\u20ac PU TTC Avec votre logo 1 couleur Pour un logo en plusieurs couleurs ou autre v\u00eatement n'h\u00e9sitez pas \u00e0\u00a0 nous\u00a0 contacter","og_url":"https:\/\/www.beachspirit.fr\/bs\/produit\/t-shirt-heavy-spirit-clubs\/","og_site_name":"BEACH SPIRIT","article_publisher":"https:\/\/www.facebook.com\/beachspirit.fr\/","article_modified_time":"2022-11-07T11:15:15+00:00","og_image":[{"width":1920,"height":1920,"url":"https:\/\/www.beachspirit.fr\/bs\/wp-content\/uploads\/2017\/01\/t-shirt-club-logo-ex.png","type":"image\/png"}],"twitter_card":"summary_large_image","twitter_misc":{"Dur\u00e9e de lecture estim\u00e9e":"2 minutes"},"schema":{"@context":"https:\/\/schema.org","@graph":[{"@type":"WebPage","@id":"https:\/\/www.beachspirit.fr\/bs\/produit\/t-shirt-heavy-spirit-clubs\/","url":"https:\/\/www.beachspirit.fr\/bs\/produit\/t-shirt-heavy-spirit-clubs\/","name":"T-shirts personnalis\u00e9s club \u00e0 partir de 7\u20ac - BEACH SPIRIT","isPartOf":{"@id":"https:\/\/www.beachspirit.fr\/bs\/#website"},"primaryImageOfPage":{"@id":"https:\/\/www.beachspirit.fr\/bs\/produit\/t-shirt-heavy-spirit-clubs\/#primaryimage"},"image":{"@id":"https:\/\/www.beachspirit.fr\/bs\/produit\/t-shirt-heavy-spirit-clubs\/#primaryimage"},"thumbnailUrl":"https:\/\/www.beachspirit.fr\/bs\/wp-content\/uploads\/2017\/01\/t-shirt-club-logo-ex.png","datePublished":"2020-07-13T13:00:55+00:00","dateModified":"2022-11-07T11:15:15+00:00","breadcrumb":{"@id":"https:\/\/www.beachspirit.fr\/bs\/produit\/t-shirt-heavy-spirit-clubs\/#breadcrumb"},"inLanguage":"fr-FR","potentialAction":[{"@type":"ReadAction","target":["https:\/\/www.beachspirit.fr\/bs\/produit\/t-shirt-heavy-spirit-clubs\/"]}]},{"@type":"ImageObject","inLanguage":"fr-FR","@id":"https:\/\/www.beachspirit.fr\/bs\/produit\/t-shirt-heavy-spirit-clubs\/#primaryimage","url":"https:\/\/www.beachspirit.fr\/bs\/wp-content\/uploads\/2017\/01\/t-shirt-club-logo-ex.png","contentUrl":"https:\/\/www.beachspirit.fr\/bs\/wp-content\/uploads\/2017\/01\/t-shirt-club-logo-ex.png","width":1920,"height":1920,"caption":"Tshirts personnalis\u00e9s clubs"},{"@type":"BreadcrumbList","@id":"https:\/\/www.beachspirit.fr\/bs\/produit\/t-shirt-heavy-spirit-clubs\/#breadcrumb","itemListElement":[{"@type":"ListItem","position":1,"name":"Accueil","item":"https:\/\/www.beachspirit.fr\/bs\/"},{"@type":"ListItem","position":2,"name":"Boutique","item":"https:\/\/www.beachspirit.fr\/bs\/boutique\/"},{"@type":"ListItem","position":3,"name":"T-shirts personnalis\u00e9s club \u00e0 partir de 7\u20ac"}]},{"@type":"WebSite","@id":"https:\/\/www.beachspirit.fr\/bs\/#website","url":"https:\/\/www.beachspirit.fr\/bs\/","name":"BEACH SPIRIT","description":"beach spirit approved","publisher":{"@id":"https:\/\/www.beachspirit.fr\/bs\/#organization"},"potentialAction":[{"@type":"SearchAction","target":{"@type":"EntryPoint","urlTemplate":"https:\/\/www.beachspirit.fr\/bs\/?s={search_term_string}"},"query-input":{"@type":"PropertyValueSpecification","valueRequired":true,"valueName":"search_term_string"}}],"inLanguage":"fr-FR"},{"@type":"Organization","@id":"https:\/\/www.beachspirit.fr\/bs\/#organization","name":"BEACH SPIRIT","url":"https:\/\/www.beachspirit.fr\/bs\/","logo":{"@type":"ImageObject","inLanguage":"fr-FR","@id":"https:\/\/www.beachspirit.fr\/bs\/#\/schema\/logo\/image\/","url":"http:\/\/www.beachspirit.fr\/bs\/wp-content\/uploads\/2020\/03\/logoBS-petit-2.png","contentUrl":"http:\/\/www.beachspirit.fr\/bs\/wp-content\/uploads\/2020\/03\/logoBS-petit-2.png","width":200,"height":117,"caption":"BEACH SPIRIT"},"image":{"@id":"https:\/\/www.beachspirit.fr\/bs\/#\/schema\/logo\/image\/"},"sameAs":["https:\/\/www.facebook.com\/beachspirit.fr\/","https:\/\/www.instagram.com\/beachspirit.fr\/"]}]}},"_links":{"self":[{"href":"https:\/\/www.beachspirit.fr\/bs\/wp-json\/wp\/v2\/product\/20944","targetHints":{"allow":["GET"]}}],"collection":[{"href":"https:\/\/www.beachspirit.fr\/bs\/wp-json\/wp\/v2\/product"}],"about":[{"href":"https:\/\/www.beachspirit.fr\/bs\/wp-json\/wp\/v2\/types\/product"}],"replies":[{"embeddable":true,"href":"https:\/\/www.beachspirit.fr\/bs\/wp-json\/wp\/v2\/comments?post=20944"}],"wp:featuredmedia":[{"embeddable":true,"href":"https:\/\/www.beachspirit.fr\/bs\/wp-json\/wp\/v2\/media\/25621"}],"wp:attachment":[{"href":"https:\/\/www.beachspirit.fr\/bs\/wp-json\/wp\/v2\/media?parent=20944"}],"wp:term":[{"taxonomy":"product_brand","embeddable":true,"href":"https:\/\/www.beachspirit.fr\/bs\/wp-json\/wp\/v2\/product_brand?post=20944"},{"taxonomy":"product_cat","embeddable":true,"href":"https:\/\/www.beachspirit.fr\/bs\/wp-json\/wp\/v2\/product_cat?post=20944"},{"taxonomy":"product_tag","embeddable":true,"href":"https:\/\/www.beachspirit.fr\/bs\/wp-json\/wp\/v2\/product_tag?post=20944"}],"curies":[{"name":"wp","href":"https:\/\/api.w.org\/{rel}","templated":true}]}}