{"id":20965,"date":"2017-01-18T17:34:24","date_gmt":"2017-01-18T16:34:24","guid":{"rendered":"http:\/\/www.beachspirit.fr\/bs\/?product=lots-rlts-6204-2rs-generiques-clubs"},"modified":"2025-11-18T07:50:28","modified_gmt":"2025-11-18T06:50:28","slug":"roulements-acier-generique-6204-2rs","status":"publish","type":"product","link":"https:\/\/www.beachspirit.fr\/bs\/produit\/roulements-acier-generique-6204-2rs\/","title":{"rendered":"Roulement \u00a06204 2RS g\u00e9n\u00e9riques acier (\u00e0 partir de 0.93\u20ac )\u00a0\u00a0"},"content":{"rendered":"<h2><span style=\"color: #ff6600;\">Lots de Roulement \u00a06204 2RS g\u00e9n\u00e9riques acier<\/span><\/h2>\n<p><span style=\"color: #000000;\">Roulements \u00e0 billes g\u00e9n\u00e9riques de qualit\u00e9 LFD 6204 2RS (20x47x14mm) pour axe de 20mm<\/span><\/p>\n<p><span style=\"color: #000000;\">commande 20 minimum<\/span><\/p>\n<p><span style=\"color: #000000;\">Pour tous renseignements, n&rsquo;h\u00e9sitez pas \u00e0 nous <\/span><span style=\"color: #0000ff;\"><a style=\"color: #0000ff;\" href=\"https:\/\/www.beachspirit.fr\/bs\/nous-contacter\/\" target=\"_blank\" rel=\"noopener\">contacter<\/a><\/span><\/p>\n<p><span style=\"color: #ffff00;\">\u00a0\u00a0<\/span><\/p>\n","protected":false},"excerpt":{"rendered":"<h2><span style=\"color: #ff6600;\">Roulement \u00a06204 2RS\u00a0g\u00e9n\u00e9riques acier \u00a0CLUBS<\/span><\/h2>\n<p>quantit\u00e9 minimum 20<\/p>\n<p>Tarifs d\u00e9gressifs suivant quantit\u00e9<\/p>\n","protected":false},"featured_media":1847,"comment_status":"open","ping_status":"closed","template":"","meta":[],"product_brand":[],"product_cat":[408,443,263,581],"product_tag":[],"class_list":{"0":"post-20965","1":"product","2":"type-product","3":"status-publish","4":"has-post-thumbnail","6":"product_cat-articles-techniques-pro","7":"product_cat-boutique-clubs-ecoles-voile-char","8":"product_cat-rouesrltspneuschambres-pro","9":"product_cat-roulements-clubs-ecoles","10":"product_shipping_class-tarif-suivant-poids","12":"first","13":"instock","14":"purchasable","15":"product-type-simple"},"yoast_head":"<!-- This site is optimized with the Yoast SEO plugin v27.5 - https:\/\/yoast.com\/product\/yoast-seo-wordpress\/ -->\n<title>Roulement \u00a06204 2RS g\u00e9n\u00e9riques acier (\u00e0 partir de 0.93\u20ac )\u00a0\u00a0 - BEACH SPIRIT<\/title>\n<meta name=\"description\" content=\"Roulements \u00e0 billes g\u00e9n\u00e9riques de qualit\u00e9 LFD 6204 2RS pour axe de 20mmcommande 10 minimum\" \/>\n<meta name=\"robots\" content=\"index, follow, max-snippet:-1, max-image-preview:large, max-video-preview:-1\" \/>\n<link rel=\"canonical\" href=\"https:\/\/www.beachspirit.fr\/bs\/produit\/roulements-acier-generique-6204-2rs\/\" \/>\n<meta property=\"og:locale\" content=\"fr_FR\" \/>\n<meta property=\"og:type\" content=\"article\" \/>\n<meta property=\"og:title\" content=\"Roulement \u00a06204 2RS g\u00e9n\u00e9riques acier (\u00e0 partir de 0.93\u20ac )\u00a0\u00a0 - BEACH SPIRIT\" \/>\n<meta property=\"og:description\" content=\"Roulements \u00e0 billes g\u00e9n\u00e9riques de qualit\u00e9 LFD 6204 2RS pour axe de 20mmcommande 10 minimum\" \/>\n<meta property=\"og:url\" content=\"https:\/\/www.beachspirit.fr\/bs\/produit\/roulements-acier-generique-6204-2rs\/\" \/>\n<meta property=\"og:site_name\" content=\"BEACH SPIRIT\" \/>\n<meta property=\"article:publisher\" content=\"https:\/\/www.facebook.com\/beachspirit.fr\/\" \/>\n<meta property=\"article:modified_time\" content=\"2025-11-18T06:50:28+00:00\" \/>\n<meta property=\"og:image\" content=\"https:\/\/www.beachspirit.fr\/bs\/wp-content\/uploads\/2016\/07\/20160716_145130-scaled.jpg\" \/>\n\t<meta property=\"og:image:width\" content=\"1440\" \/>\n\t<meta property=\"og:image:height\" content=\"2560\" \/>\n\t<meta property=\"og:image:type\" content=\"image\/jpeg\" \/>\n<meta name=\"twitter:card\" content=\"summary_large_image\" \/>\n<meta name=\"twitter:label1\" content=\"Dur\u00e9e de lecture estim\u00e9e\" \/>\n\t<meta name=\"twitter:data1\" content=\"1 minute\" \/>\n<script type=\"application\/ld+json\" class=\"yoast-schema-graph\">{\"@context\":\"https:\\\/\\\/schema.org\",\"@graph\":[{\"@type\":\"WebPage\",\"@id\":\"https:\\\/\\\/www.beachspirit.fr\\\/bs\\\/produit\\\/roulements-acier-generique-6204-2rs\\\/\",\"url\":\"https:\\\/\\\/www.beachspirit.fr\\\/bs\\\/produit\\\/roulements-acier-generique-6204-2rs\\\/\",\"name\":\"Roulement \u00a06204 2RS g\u00e9n\u00e9riques acier (\u00e0 partir de 0.93\u20ac )\u00a0\u00a0 - BEACH SPIRIT\",\"isPartOf\":{\"@id\":\"https:\\\/\\\/www.beachspirit.fr\\\/bs\\\/#website\"},\"primaryImageOfPage\":{\"@id\":\"https:\\\/\\\/www.beachspirit.fr\\\/bs\\\/produit\\\/roulements-acier-generique-6204-2rs\\\/#primaryimage\"},\"image\":{\"@id\":\"https:\\\/\\\/www.beachspirit.fr\\\/bs\\\/produit\\\/roulements-acier-generique-6204-2rs\\\/#primaryimage\"},\"thumbnailUrl\":\"https:\\\/\\\/www.beachspirit.fr\\\/bs\\\/wp-content\\\/uploads\\\/2016\\\/07\\\/20160716_145130-scaled.jpg\",\"datePublished\":\"2017-01-18T16:34:24+00:00\",\"dateModified\":\"2025-11-18T06:50:28+00:00\",\"description\":\"Roulements \u00e0 billes g\u00e9n\u00e9riques de qualit\u00e9 LFD 6204 2RS pour axe de 20mmcommande 10 minimum\",\"breadcrumb\":{\"@id\":\"https:\\\/\\\/www.beachspirit.fr\\\/bs\\\/produit\\\/roulements-acier-generique-6204-2rs\\\/#breadcrumb\"},\"inLanguage\":\"fr-FR\",\"potentialAction\":[{\"@type\":\"ReadAction\",\"target\":[\"https:\\\/\\\/www.beachspirit.fr\\\/bs\\\/produit\\\/roulements-acier-generique-6204-2rs\\\/\"]}]},{\"@type\":\"ImageObject\",\"inLanguage\":\"fr-FR\",\"@id\":\"https:\\\/\\\/www.beachspirit.fr\\\/bs\\\/produit\\\/roulements-acier-generique-6204-2rs\\\/#primaryimage\",\"url\":\"https:\\\/\\\/www.beachspirit.fr\\\/bs\\\/wp-content\\\/uploads\\\/2016\\\/07\\\/20160716_145130-scaled.jpg\",\"contentUrl\":\"https:\\\/\\\/www.beachspirit.fr\\\/bs\\\/wp-content\\\/uploads\\\/2016\\\/07\\\/20160716_145130-scaled.jpg\",\"width\":1440,\"height\":2560,\"caption\":\"roulement acier g\u00e9n\u00e9rique\"},{\"@type\":\"BreadcrumbList\",\"@id\":\"https:\\\/\\\/www.beachspirit.fr\\\/bs\\\/produit\\\/roulements-acier-generique-6204-2rs\\\/#breadcrumb\",\"itemListElement\":[{\"@type\":\"ListItem\",\"position\":1,\"name\":\"Accueil\",\"item\":\"https:\\\/\\\/www.beachspirit.fr\\\/bs\\\/\"},{\"@type\":\"ListItem\",\"position\":2,\"name\":\"Boutique\",\"item\":\"https:\\\/\\\/www.beachspirit.fr\\\/bs\\\/boutique\\\/\"},{\"@type\":\"ListItem\",\"position\":3,\"name\":\"Roulement \u00a06204 2RS g\u00e9n\u00e9riques acier (\u00e0 partir de 0.93\u20ac )\u00a0\u00a0\"}]},{\"@type\":\"WebSite\",\"@id\":\"https:\\\/\\\/www.beachspirit.fr\\\/bs\\\/#website\",\"url\":\"https:\\\/\\\/www.beachspirit.fr\\\/bs\\\/\",\"name\":\"BEACH SPIRIT\",\"description\":\"beach spirit approved\",\"publisher\":{\"@id\":\"https:\\\/\\\/www.beachspirit.fr\\\/bs\\\/#organization\"},\"potentialAction\":[{\"@type\":\"SearchAction\",\"target\":{\"@type\":\"EntryPoint\",\"urlTemplate\":\"https:\\\/\\\/www.beachspirit.fr\\\/bs\\\/?s={search_term_string}\"},\"query-input\":{\"@type\":\"PropertyValueSpecification\",\"valueRequired\":true,\"valueName\":\"search_term_string\"}}],\"inLanguage\":\"fr-FR\"},{\"@type\":\"Organization\",\"@id\":\"https:\\\/\\\/www.beachspirit.fr\\\/bs\\\/#organization\",\"name\":\"BEACH SPIRIT\",\"url\":\"https:\\\/\\\/www.beachspirit.fr\\\/bs\\\/\",\"logo\":{\"@type\":\"ImageObject\",\"inLanguage\":\"fr-FR\",\"@id\":\"https:\\\/\\\/www.beachspirit.fr\\\/bs\\\/#\\\/schema\\\/logo\\\/image\\\/\",\"url\":\"http:\\\/\\\/www.beachspirit.fr\\\/bs\\\/wp-content\\\/uploads\\\/2020\\\/03\\\/logoBS-petit-2.png\",\"contentUrl\":\"http:\\\/\\\/www.beachspirit.fr\\\/bs\\\/wp-content\\\/uploads\\\/2020\\\/03\\\/logoBS-petit-2.png\",\"width\":200,\"height\":117,\"caption\":\"BEACH SPIRIT\"},\"image\":{\"@id\":\"https:\\\/\\\/www.beachspirit.fr\\\/bs\\\/#\\\/schema\\\/logo\\\/image\\\/\"},\"sameAs\":[\"https:\\\/\\\/www.facebook.com\\\/beachspirit.fr\\\/\",\"https:\\\/\\\/www.instagram.com\\\/beachspirit.fr\\\/\"]}]}<\/script>\n<!-- \/ Yoast SEO plugin. -->","yoast_head_json":{"title":"Roulement \u00a06204 2RS g\u00e9n\u00e9riques acier (\u00e0 partir de 0.93\u20ac )\u00a0\u00a0 - BEACH SPIRIT","description":"Roulements \u00e0 billes g\u00e9n\u00e9riques de qualit\u00e9 LFD 6204 2RS pour axe de 20mmcommande 10 minimum","robots":{"index":"index","follow":"follow","max-snippet":"max-snippet:-1","max-image-preview":"max-image-preview:large","max-video-preview":"max-video-preview:-1"},"canonical":"https:\/\/www.beachspirit.fr\/bs\/produit\/roulements-acier-generique-6204-2rs\/","og_locale":"fr_FR","og_type":"article","og_title":"Roulement \u00a06204 2RS g\u00e9n\u00e9riques acier (\u00e0 partir de 0.93\u20ac )\u00a0\u00a0 - BEACH SPIRIT","og_description":"Roulements \u00e0 billes g\u00e9n\u00e9riques de qualit\u00e9 LFD 6204 2RS pour axe de 20mmcommande 10 minimum","og_url":"https:\/\/www.beachspirit.fr\/bs\/produit\/roulements-acier-generique-6204-2rs\/","og_site_name":"BEACH SPIRIT","article_publisher":"https:\/\/www.facebook.com\/beachspirit.fr\/","article_modified_time":"2025-11-18T06:50:28+00:00","og_image":[{"width":1440,"height":2560,"url":"https:\/\/www.beachspirit.fr\/bs\/wp-content\/uploads\/2016\/07\/20160716_145130-scaled.jpg","type":"image\/jpeg"}],"twitter_card":"summary_large_image","twitter_misc":{"Dur\u00e9e de lecture estim\u00e9e":"1 minute"},"schema":{"@context":"https:\/\/schema.org","@graph":[{"@type":"WebPage","@id":"https:\/\/www.beachspirit.fr\/bs\/produit\/roulements-acier-generique-6204-2rs\/","url":"https:\/\/www.beachspirit.fr\/bs\/produit\/roulements-acier-generique-6204-2rs\/","name":"Roulement \u00a06204 2RS g\u00e9n\u00e9riques acier (\u00e0 partir de 0.93\u20ac )\u00a0\u00a0 - BEACH SPIRIT","isPartOf":{"@id":"https:\/\/www.beachspirit.fr\/bs\/#website"},"primaryImageOfPage":{"@id":"https:\/\/www.beachspirit.fr\/bs\/produit\/roulements-acier-generique-6204-2rs\/#primaryimage"},"image":{"@id":"https:\/\/www.beachspirit.fr\/bs\/produit\/roulements-acier-generique-6204-2rs\/#primaryimage"},"thumbnailUrl":"https:\/\/www.beachspirit.fr\/bs\/wp-content\/uploads\/2016\/07\/20160716_145130-scaled.jpg","datePublished":"2017-01-18T16:34:24+00:00","dateModified":"2025-11-18T06:50:28+00:00","description":"Roulements \u00e0 billes g\u00e9n\u00e9riques de qualit\u00e9 LFD 6204 2RS pour axe de 20mmcommande 10 minimum","breadcrumb":{"@id":"https:\/\/www.beachspirit.fr\/bs\/produit\/roulements-acier-generique-6204-2rs\/#breadcrumb"},"inLanguage":"fr-FR","potentialAction":[{"@type":"ReadAction","target":["https:\/\/www.beachspirit.fr\/bs\/produit\/roulements-acier-generique-6204-2rs\/"]}]},{"@type":"ImageObject","inLanguage":"fr-FR","@id":"https:\/\/www.beachspirit.fr\/bs\/produit\/roulements-acier-generique-6204-2rs\/#primaryimage","url":"https:\/\/www.beachspirit.fr\/bs\/wp-content\/uploads\/2016\/07\/20160716_145130-scaled.jpg","contentUrl":"https:\/\/www.beachspirit.fr\/bs\/wp-content\/uploads\/2016\/07\/20160716_145130-scaled.jpg","width":1440,"height":2560,"caption":"roulement acier g\u00e9n\u00e9rique"},{"@type":"BreadcrumbList","@id":"https:\/\/www.beachspirit.fr\/bs\/produit\/roulements-acier-generique-6204-2rs\/#breadcrumb","itemListElement":[{"@type":"ListItem","position":1,"name":"Accueil","item":"https:\/\/www.beachspirit.fr\/bs\/"},{"@type":"ListItem","position":2,"name":"Boutique","item":"https:\/\/www.beachspirit.fr\/bs\/boutique\/"},{"@type":"ListItem","position":3,"name":"Roulement \u00a06204 2RS g\u00e9n\u00e9riques acier (\u00e0 partir de 0.93\u20ac )\u00a0\u00a0"}]},{"@type":"WebSite","@id":"https:\/\/www.beachspirit.fr\/bs\/#website","url":"https:\/\/www.beachspirit.fr\/bs\/","name":"BEACH SPIRIT","description":"beach spirit approved","publisher":{"@id":"https:\/\/www.beachspirit.fr\/bs\/#organization"},"potentialAction":[{"@type":"SearchAction","target":{"@type":"EntryPoint","urlTemplate":"https:\/\/www.beachspirit.fr\/bs\/?s={search_term_string}"},"query-input":{"@type":"PropertyValueSpecification","valueRequired":true,"valueName":"search_term_string"}}],"inLanguage":"fr-FR"},{"@type":"Organization","@id":"https:\/\/www.beachspirit.fr\/bs\/#organization","name":"BEACH SPIRIT","url":"https:\/\/www.beachspirit.fr\/bs\/","logo":{"@type":"ImageObject","inLanguage":"fr-FR","@id":"https:\/\/www.beachspirit.fr\/bs\/#\/schema\/logo\/image\/","url":"http:\/\/www.beachspirit.fr\/bs\/wp-content\/uploads\/2020\/03\/logoBS-petit-2.png","contentUrl":"http:\/\/www.beachspirit.fr\/bs\/wp-content\/uploads\/2020\/03\/logoBS-petit-2.png","width":200,"height":117,"caption":"BEACH SPIRIT"},"image":{"@id":"https:\/\/www.beachspirit.fr\/bs\/#\/schema\/logo\/image\/"},"sameAs":["https:\/\/www.facebook.com\/beachspirit.fr\/","https:\/\/www.instagram.com\/beachspirit.fr\/"]}]}},"_links":{"self":[{"href":"https:\/\/www.beachspirit.fr\/bs\/wp-json\/wp\/v2\/product\/20965","targetHints":{"allow":["GET"]}}],"collection":[{"href":"https:\/\/www.beachspirit.fr\/bs\/wp-json\/wp\/v2\/product"}],"about":[{"href":"https:\/\/www.beachspirit.fr\/bs\/wp-json\/wp\/v2\/types\/product"}],"replies":[{"embeddable":true,"href":"https:\/\/www.beachspirit.fr\/bs\/wp-json\/wp\/v2\/comments?post=20965"}],"wp:featuredmedia":[{"embeddable":true,"href":"https:\/\/www.beachspirit.fr\/bs\/wp-json\/wp\/v2\/media\/1847"}],"wp:attachment":[{"href":"https:\/\/www.beachspirit.fr\/bs\/wp-json\/wp\/v2\/media?parent=20965"}],"wp:term":[{"taxonomy":"product_brand","embeddable":true,"href":"https:\/\/www.beachspirit.fr\/bs\/wp-json\/wp\/v2\/product_brand?post=20965"},{"taxonomy":"product_cat","embeddable":true,"href":"https:\/\/www.beachspirit.fr\/bs\/wp-json\/wp\/v2\/product_cat?post=20965"},{"taxonomy":"product_tag","embeddable":true,"href":"https:\/\/www.beachspirit.fr\/bs\/wp-json\/wp\/v2\/product_tag?post=20965"}],"curies":[{"name":"wp","href":"https:\/\/api.w.org\/{rel}","templated":true}]}}