{"id":21029,"date":"2017-02-05T17:52:02","date_gmt":"2017-02-05T16:52:02","guid":{"rendered":"http:\/\/www.beachspirit.fr\/bs\/?post_type=product&#038;p=21029"},"modified":"2024-07-28T09:57:43","modified_gmt":"2024-07-28T08:57:43","slug":"masque-lunettes-protection-char-a-voile","status":"publish","type":"product","link":"https:\/\/www.beachspirit.fr\/bs\/produit\/masque-lunettes-protection-char-a-voile\/","title":{"rendered":"Masque lunettes char \u00e0 voile"},"content":{"rendered":"<h3><span style=\"color: #ff6600;\">Masque lunettes de protection char \u00e0 voile \u00e9conomique<\/span><\/h3>\n<ul>\n<li><span style=\"color: #000000;\">ventilation haute et basse<\/span><\/li>\n<li><span style=\"color: #000000;\">plastique souple sur le contour en contact avec la peau et absence de mousses pour plus de confort et hygi\u00e8ne<\/span><\/li>\n<li><span style=\"color: #000000;\">sangle \u00e9lastique r\u00e9glable<\/span><\/li>\n<li><span style=\"color: #000000;\">\u00e9cran en <a href=\"https:\/\/fr.wikipedia.org\/wiki\/Polycarbonate\" target=\"_blank\" rel=\"noopener\">polycarbonate<\/a><\/span><\/li>\n<li><span style=\"color: #000000;\">possibilit\u00e9 de le porter avec lunettes de vue.<\/span><\/li>\n<\/ul>\n<p><span style=\"color: #000000;\">N&rsquo;h\u00e9sitez pas \u00e0 nous <\/span><a href=\"https:\/\/www.beachspirit.fr\/bs\/nous-contacter\/\" target=\"_blank\" rel=\"noopener\">contacter<\/a><\/p>\n<p>&nbsp;<\/p>\n","protected":false},"excerpt":{"rendered":"<h1><span style=\"color: #ff6600;\">Masque lunettes de protection char \u00e0 voile \u00e9conomique<\/span><\/h1>\n<p><span style=\"color: #000000;\">Voir descriptif ci dessous<\/span><\/p>\n","protected":false},"featured_media":26696,"comment_status":"open","ping_status":"closed","template":"","meta":[],"product_brand":[],"product_cat":[545,547,549,361,262,578,539],"product_tag":[],"class_list":{"0":"post-21029","1":"product","2":"type-product","3":"status-publish","4":"has-post-thumbnail","6":"product_cat-blokart","7":"product_cat-chars-a-voile-classes-5-promo-standart-mini-loisir","8":"product_cat-articles-techniques-pour-kite-buggy","9":"product_cat-articles-techniques-voile-char-a-voile","10":"product_cat-divers","11":"product_cat-idees-cadeaux-noel","12":"product_cat-vetements-techniques-equipements","13":"product_shipping_class-tarif-suivant-poids","15":"first","16":"instock","17":"purchasable","18":"product-type-simple"},"yoast_head":"<!-- This site is optimized with the Yoast SEO plugin v27.5 - https:\/\/yoast.com\/product\/yoast-seo-wordpress\/ -->\n<title>Masque lunettes char \u00e0 voile - BEACH SPIRIT<\/title>\n<meta name=\"description\" content=\"masque, lunettes de protection \u00e9conomique adapt\u00e9 au char \u00e0 voile. Permet le port de lunettes de vue, ventilation haut et basse et abscence de mousses pour plus de confort et d&#039;hygi\u00e8ne\" \/>\n<meta name=\"robots\" content=\"index, follow, max-snippet:-1, max-image-preview:large, max-video-preview:-1\" \/>\n<link rel=\"canonical\" href=\"https:\/\/www.beachspirit.fr\/bs\/produit\/masque-lunettes-protection-char-a-voile\/\" \/>\n<meta property=\"og:locale\" content=\"fr_FR\" \/>\n<meta property=\"og:type\" content=\"article\" \/>\n<meta property=\"og:title\" content=\"Masque lunettes char \u00e0 voile - BEACH SPIRIT\" \/>\n<meta property=\"og:description\" content=\"masque, lunettes de protection \u00e9conomique adapt\u00e9 au char \u00e0 voile. Permet le port de lunettes de vue, ventilation haut et basse et abscence de mousses pour plus de confort et d&#039;hygi\u00e8ne\" \/>\n<meta property=\"og:url\" content=\"https:\/\/www.beachspirit.fr\/bs\/produit\/masque-lunettes-protection-char-a-voile\/\" \/>\n<meta property=\"og:site_name\" content=\"BEACH SPIRIT\" \/>\n<meta property=\"article:publisher\" content=\"https:\/\/www.facebook.com\/beachspirit.fr\/\" \/>\n<meta property=\"article:modified_time\" content=\"2024-07-28T08:57:43+00:00\" \/>\n<meta property=\"og:image\" content=\"https:\/\/www.beachspirit.fr\/bs\/wp-content\/uploads\/2021\/09\/241105700_4198256770222736_7329869677106061402_n.jpg\" \/>\n\t<meta property=\"og:image:width\" content=\"1728\" \/>\n\t<meta property=\"og:image:height\" content=\"1296\" \/>\n\t<meta property=\"og:image:type\" content=\"image\/jpeg\" \/>\n<meta name=\"twitter:card\" content=\"summary_large_image\" \/>\n<meta name=\"twitter:label1\" content=\"Dur\u00e9e de lecture estim\u00e9e\" \/>\n\t<meta name=\"twitter:data1\" content=\"1 minute\" \/>\n<script type=\"application\/ld+json\" class=\"yoast-schema-graph\">{\"@context\":\"https:\\\/\\\/schema.org\",\"@graph\":[{\"@type\":\"WebPage\",\"@id\":\"https:\\\/\\\/www.beachspirit.fr\\\/bs\\\/produit\\\/masque-lunettes-protection-char-a-voile\\\/\",\"url\":\"https:\\\/\\\/www.beachspirit.fr\\\/bs\\\/produit\\\/masque-lunettes-protection-char-a-voile\\\/\",\"name\":\"Masque lunettes char \u00e0 voile - BEACH SPIRIT\",\"isPartOf\":{\"@id\":\"https:\\\/\\\/www.beachspirit.fr\\\/bs\\\/#website\"},\"primaryImageOfPage\":{\"@id\":\"https:\\\/\\\/www.beachspirit.fr\\\/bs\\\/produit\\\/masque-lunettes-protection-char-a-voile\\\/#primaryimage\"},\"image\":{\"@id\":\"https:\\\/\\\/www.beachspirit.fr\\\/bs\\\/produit\\\/masque-lunettes-protection-char-a-voile\\\/#primaryimage\"},\"thumbnailUrl\":\"https:\\\/\\\/www.beachspirit.fr\\\/bs\\\/wp-content\\\/uploads\\\/2021\\\/09\\\/241105700_4198256770222736_7329869677106061402_n.jpg\",\"datePublished\":\"2017-02-05T16:52:02+00:00\",\"dateModified\":\"2024-07-28T08:57:43+00:00\",\"description\":\"masque, lunettes de protection \u00e9conomique adapt\u00e9 au char \u00e0 voile. Permet le port de lunettes de vue, ventilation haut et basse et abscence de mousses pour plus de confort et d'hygi\u00e8ne\",\"breadcrumb\":{\"@id\":\"https:\\\/\\\/www.beachspirit.fr\\\/bs\\\/produit\\\/masque-lunettes-protection-char-a-voile\\\/#breadcrumb\"},\"inLanguage\":\"fr-FR\",\"potentialAction\":[{\"@type\":\"ReadAction\",\"target\":[\"https:\\\/\\\/www.beachspirit.fr\\\/bs\\\/produit\\\/masque-lunettes-protection-char-a-voile\\\/\"]}]},{\"@type\":\"ImageObject\",\"inLanguage\":\"fr-FR\",\"@id\":\"https:\\\/\\\/www.beachspirit.fr\\\/bs\\\/produit\\\/masque-lunettes-protection-char-a-voile\\\/#primaryimage\",\"url\":\"https:\\\/\\\/www.beachspirit.fr\\\/bs\\\/wp-content\\\/uploads\\\/2021\\\/09\\\/241105700_4198256770222736_7329869677106061402_n.jpg\",\"contentUrl\":\"https:\\\/\\\/www.beachspirit.fr\\\/bs\\\/wp-content\\\/uploads\\\/2021\\\/09\\\/241105700_4198256770222736_7329869677106061402_n.jpg\",\"width\":1728,\"height\":1296,\"caption\":\"Masque lunettes protection char \u00e0 voile\"},{\"@type\":\"BreadcrumbList\",\"@id\":\"https:\\\/\\\/www.beachspirit.fr\\\/bs\\\/produit\\\/masque-lunettes-protection-char-a-voile\\\/#breadcrumb\",\"itemListElement\":[{\"@type\":\"ListItem\",\"position\":1,\"name\":\"Accueil\",\"item\":\"https:\\\/\\\/www.beachspirit.fr\\\/bs\\\/\"},{\"@type\":\"ListItem\",\"position\":2,\"name\":\"Boutique\",\"item\":\"https:\\\/\\\/www.beachspirit.fr\\\/bs\\\/boutique\\\/\"},{\"@type\":\"ListItem\",\"position\":3,\"name\":\"Masque lunettes char \u00e0 voile\"}]},{\"@type\":\"WebSite\",\"@id\":\"https:\\\/\\\/www.beachspirit.fr\\\/bs\\\/#website\",\"url\":\"https:\\\/\\\/www.beachspirit.fr\\\/bs\\\/\",\"name\":\"BEACH SPIRIT\",\"description\":\"beach spirit approved\",\"publisher\":{\"@id\":\"https:\\\/\\\/www.beachspirit.fr\\\/bs\\\/#organization\"},\"potentialAction\":[{\"@type\":\"SearchAction\",\"target\":{\"@type\":\"EntryPoint\",\"urlTemplate\":\"https:\\\/\\\/www.beachspirit.fr\\\/bs\\\/?s={search_term_string}\"},\"query-input\":{\"@type\":\"PropertyValueSpecification\",\"valueRequired\":true,\"valueName\":\"search_term_string\"}}],\"inLanguage\":\"fr-FR\"},{\"@type\":\"Organization\",\"@id\":\"https:\\\/\\\/www.beachspirit.fr\\\/bs\\\/#organization\",\"name\":\"BEACH SPIRIT\",\"url\":\"https:\\\/\\\/www.beachspirit.fr\\\/bs\\\/\",\"logo\":{\"@type\":\"ImageObject\",\"inLanguage\":\"fr-FR\",\"@id\":\"https:\\\/\\\/www.beachspirit.fr\\\/bs\\\/#\\\/schema\\\/logo\\\/image\\\/\",\"url\":\"http:\\\/\\\/www.beachspirit.fr\\\/bs\\\/wp-content\\\/uploads\\\/2020\\\/03\\\/logoBS-petit-2.png\",\"contentUrl\":\"http:\\\/\\\/www.beachspirit.fr\\\/bs\\\/wp-content\\\/uploads\\\/2020\\\/03\\\/logoBS-petit-2.png\",\"width\":200,\"height\":117,\"caption\":\"BEACH SPIRIT\"},\"image\":{\"@id\":\"https:\\\/\\\/www.beachspirit.fr\\\/bs\\\/#\\\/schema\\\/logo\\\/image\\\/\"},\"sameAs\":[\"https:\\\/\\\/www.facebook.com\\\/beachspirit.fr\\\/\",\"https:\\\/\\\/www.instagram.com\\\/beachspirit.fr\\\/\"]}]}<\/script>\n<!-- \/ Yoast SEO plugin. -->","yoast_head_json":{"title":"Masque lunettes char \u00e0 voile - BEACH SPIRIT","description":"masque, lunettes de protection \u00e9conomique adapt\u00e9 au char \u00e0 voile. Permet le port de lunettes de vue, ventilation haut et basse et abscence de mousses pour plus de confort et d'hygi\u00e8ne","robots":{"index":"index","follow":"follow","max-snippet":"max-snippet:-1","max-image-preview":"max-image-preview:large","max-video-preview":"max-video-preview:-1"},"canonical":"https:\/\/www.beachspirit.fr\/bs\/produit\/masque-lunettes-protection-char-a-voile\/","og_locale":"fr_FR","og_type":"article","og_title":"Masque lunettes char \u00e0 voile - BEACH SPIRIT","og_description":"masque, lunettes de protection \u00e9conomique adapt\u00e9 au char \u00e0 voile. Permet le port de lunettes de vue, ventilation haut et basse et abscence de mousses pour plus de confort et d'hygi\u00e8ne","og_url":"https:\/\/www.beachspirit.fr\/bs\/produit\/masque-lunettes-protection-char-a-voile\/","og_site_name":"BEACH SPIRIT","article_publisher":"https:\/\/www.facebook.com\/beachspirit.fr\/","article_modified_time":"2024-07-28T08:57:43+00:00","og_image":[{"width":1728,"height":1296,"url":"https:\/\/www.beachspirit.fr\/bs\/wp-content\/uploads\/2021\/09\/241105700_4198256770222736_7329869677106061402_n.jpg","type":"image\/jpeg"}],"twitter_card":"summary_large_image","twitter_misc":{"Dur\u00e9e de lecture estim\u00e9e":"1 minute"},"schema":{"@context":"https:\/\/schema.org","@graph":[{"@type":"WebPage","@id":"https:\/\/www.beachspirit.fr\/bs\/produit\/masque-lunettes-protection-char-a-voile\/","url":"https:\/\/www.beachspirit.fr\/bs\/produit\/masque-lunettes-protection-char-a-voile\/","name":"Masque lunettes char \u00e0 voile - BEACH SPIRIT","isPartOf":{"@id":"https:\/\/www.beachspirit.fr\/bs\/#website"},"primaryImageOfPage":{"@id":"https:\/\/www.beachspirit.fr\/bs\/produit\/masque-lunettes-protection-char-a-voile\/#primaryimage"},"image":{"@id":"https:\/\/www.beachspirit.fr\/bs\/produit\/masque-lunettes-protection-char-a-voile\/#primaryimage"},"thumbnailUrl":"https:\/\/www.beachspirit.fr\/bs\/wp-content\/uploads\/2021\/09\/241105700_4198256770222736_7329869677106061402_n.jpg","datePublished":"2017-02-05T16:52:02+00:00","dateModified":"2024-07-28T08:57:43+00:00","description":"masque, lunettes de protection \u00e9conomique adapt\u00e9 au char \u00e0 voile. Permet le port de lunettes de vue, ventilation haut et basse et abscence de mousses pour plus de confort et d'hygi\u00e8ne","breadcrumb":{"@id":"https:\/\/www.beachspirit.fr\/bs\/produit\/masque-lunettes-protection-char-a-voile\/#breadcrumb"},"inLanguage":"fr-FR","potentialAction":[{"@type":"ReadAction","target":["https:\/\/www.beachspirit.fr\/bs\/produit\/masque-lunettes-protection-char-a-voile\/"]}]},{"@type":"ImageObject","inLanguage":"fr-FR","@id":"https:\/\/www.beachspirit.fr\/bs\/produit\/masque-lunettes-protection-char-a-voile\/#primaryimage","url":"https:\/\/www.beachspirit.fr\/bs\/wp-content\/uploads\/2021\/09\/241105700_4198256770222736_7329869677106061402_n.jpg","contentUrl":"https:\/\/www.beachspirit.fr\/bs\/wp-content\/uploads\/2021\/09\/241105700_4198256770222736_7329869677106061402_n.jpg","width":1728,"height":1296,"caption":"Masque lunettes protection char \u00e0 voile"},{"@type":"BreadcrumbList","@id":"https:\/\/www.beachspirit.fr\/bs\/produit\/masque-lunettes-protection-char-a-voile\/#breadcrumb","itemListElement":[{"@type":"ListItem","position":1,"name":"Accueil","item":"https:\/\/www.beachspirit.fr\/bs\/"},{"@type":"ListItem","position":2,"name":"Boutique","item":"https:\/\/www.beachspirit.fr\/bs\/boutique\/"},{"@type":"ListItem","position":3,"name":"Masque lunettes char \u00e0 voile"}]},{"@type":"WebSite","@id":"https:\/\/www.beachspirit.fr\/bs\/#website","url":"https:\/\/www.beachspirit.fr\/bs\/","name":"BEACH SPIRIT","description":"beach spirit approved","publisher":{"@id":"https:\/\/www.beachspirit.fr\/bs\/#organization"},"potentialAction":[{"@type":"SearchAction","target":{"@type":"EntryPoint","urlTemplate":"https:\/\/www.beachspirit.fr\/bs\/?s={search_term_string}"},"query-input":{"@type":"PropertyValueSpecification","valueRequired":true,"valueName":"search_term_string"}}],"inLanguage":"fr-FR"},{"@type":"Organization","@id":"https:\/\/www.beachspirit.fr\/bs\/#organization","name":"BEACH SPIRIT","url":"https:\/\/www.beachspirit.fr\/bs\/","logo":{"@type":"ImageObject","inLanguage":"fr-FR","@id":"https:\/\/www.beachspirit.fr\/bs\/#\/schema\/logo\/image\/","url":"http:\/\/www.beachspirit.fr\/bs\/wp-content\/uploads\/2020\/03\/logoBS-petit-2.png","contentUrl":"http:\/\/www.beachspirit.fr\/bs\/wp-content\/uploads\/2020\/03\/logoBS-petit-2.png","width":200,"height":117,"caption":"BEACH SPIRIT"},"image":{"@id":"https:\/\/www.beachspirit.fr\/bs\/#\/schema\/logo\/image\/"},"sameAs":["https:\/\/www.facebook.com\/beachspirit.fr\/","https:\/\/www.instagram.com\/beachspirit.fr\/"]}]}},"_links":{"self":[{"href":"https:\/\/www.beachspirit.fr\/bs\/wp-json\/wp\/v2\/product\/21029","targetHints":{"allow":["GET"]}}],"collection":[{"href":"https:\/\/www.beachspirit.fr\/bs\/wp-json\/wp\/v2\/product"}],"about":[{"href":"https:\/\/www.beachspirit.fr\/bs\/wp-json\/wp\/v2\/types\/product"}],"replies":[{"embeddable":true,"href":"https:\/\/www.beachspirit.fr\/bs\/wp-json\/wp\/v2\/comments?post=21029"}],"wp:featuredmedia":[{"embeddable":true,"href":"https:\/\/www.beachspirit.fr\/bs\/wp-json\/wp\/v2\/media\/26696"}],"wp:attachment":[{"href":"https:\/\/www.beachspirit.fr\/bs\/wp-json\/wp\/v2\/media?parent=21029"}],"wp:term":[{"taxonomy":"product_brand","embeddable":true,"href":"https:\/\/www.beachspirit.fr\/bs\/wp-json\/wp\/v2\/product_brand?post=21029"},{"taxonomy":"product_cat","embeddable":true,"href":"https:\/\/www.beachspirit.fr\/bs\/wp-json\/wp\/v2\/product_cat?post=21029"},{"taxonomy":"product_tag","embeddable":true,"href":"https:\/\/www.beachspirit.fr\/bs\/wp-json\/wp\/v2\/product_tag?post=21029"}],"curies":[{"name":"wp","href":"https:\/\/api.w.org\/{rel}","templated":true}]}}