{"id":24717,"date":"2020-03-28T11:39:07","date_gmt":"2020-03-28T10:39:07","guid":{"rendered":"https:\/\/www.beachspirit.fr\/bs\/?post_type=product&#038;p=24717"},"modified":"2024-03-27T12:13:44","modified_gmt":"2024-03-27T11:13:44","slug":"reserver-un-cours-particulier-d1h30-char-a-voile","status":"publish","type":"product","link":"https:\/\/www.beachspirit.fr\/bs\/produit\/reserver-un-cours-particulier-d1h30-char-a-voile\/","title":{"rendered":"R\u00e9server un cours particulier sur votre char \u00e0 voile (1 \u00e0 3 pers) d&rsquo;1H30"},"content":{"rendered":"<h3><span style=\"color: #ff6600;\">Cours particulier D&rsquo;1H30 sur votre char \u00e0 voile<\/span><\/h3>\n<p><span style=\"color: #000000;\">Vous \u00eates propri\u00e9taire d&rsquo;un char \u00e0 voile et vous d\u00e9sirez vous perfectionner ?<\/span><\/p>\n<p><span style=\"color: #000000;\">Alors n&rsquo;hesitez pas, prenez un cours particulier sur rendez vous !\u00a0<\/span><\/p>\n<ul>\n<li><span style=\"color: #000000;\">cours particuliers de char \u00e0 voile tous niveaux d&rsquo;1H30 pour 1, 2 ou 3 personnes avec Un moniteur exp\u00e9riment\u00e9 de voile et de char \u00e0 voile comp\u00e9titeur international en char \u00e0 voile classe 3<\/span><\/li>\n<li><span style=\"color: #000000;\">sur votre char \u00e0 voile,\u00a0<\/span><\/li>\n<li><span style=\"color: #000000;\">sur une des plages de la cote d&rsquo;opale<\/span><\/li>\n<li><span style=\"color: #000000;\"><a style=\"color: #000000;\" href=\"https:\/\/www.beachspirit.fr\/bs\/nous-contacter\/\" target=\"_blank\" rel=\"noopener noreferrer\">sur Rendez Vous\u00a0<\/a><\/span><\/li>\n<\/ul>\n<p><a href=\"https:\/\/www.dailymotion.com\/video\/x1brbc4\" target=\"_blank\" rel=\"noopener noreferrer\">Un peu de th\u00e9orie ?<\/a><\/p>\n<p>&nbsp;<\/p>\n<p>&nbsp;<\/p>\n<p>&nbsp;<\/p>\n<p>&nbsp;<\/p>\n","protected":false},"excerpt":{"rendered":"<h2><span style=\"color: #ff6600;\">Cours particulier <\/span><span style=\"color: #ff6600;\">D&rsquo;1H30 <\/span><span style=\"color: #ff6600;\">sur votre char \u00e0 voile<\/span><\/h2>\n<p><span style=\"color: #ffff99;\">Descriptif ci dessous<\/span><\/p>\n<p>&nbsp;<\/p>\n<p>&nbsp;<\/p>\n","protected":false},"featured_media":191,"comment_status":"closed","ping_status":"closed","template":"","meta":[],"product_brand":[],"product_cat":[171],"product_tag":[],"class_list":{"0":"post-24717","1":"product","2":"type-product","3":"status-publish","4":"has-post-thumbnail","6":"product_cat-vitesse-pure-sensations-course-baptemes-cours-char-a-voile","7":"product_shipping_class-pas-de-livraison","9":"first","10":"instock","11":"purchasable","12":"product-type-variable"},"yoast_head":"<!-- This site is optimized with the Yoast SEO plugin v27.5 - https:\/\/yoast.com\/product\/yoast-seo-wordpress\/ -->\n<title>Cours particulier char \u00e0 voile - BEACH SPIRIT<\/title>\n<meta name=\"description\" content=\"Vous \u00eates propri\u00e9taire d&#039;un char \u00e0 voile et vous d\u00e9sirez vous perfectionner ?Alors n&#039;h\u00e9sitez pas, prenez un cours particulier sur rendez vous!\u00a0\" \/>\n<meta name=\"robots\" content=\"index, follow, max-snippet:-1, max-image-preview:large, max-video-preview:-1\" \/>\n<link rel=\"canonical\" href=\"https:\/\/www.beachspirit.fr\/bs\/produit\/reserver-un-cours-particulier-d1h30-char-a-voile\/\" \/>\n<meta property=\"og:locale\" content=\"fr_FR\" \/>\n<meta property=\"og:type\" content=\"article\" \/>\n<meta property=\"og:title\" content=\"Cours particulier char \u00e0 voile - BEACH SPIRIT\" \/>\n<meta property=\"og:description\" content=\"Vous \u00eates propri\u00e9taire d&#039;un char \u00e0 voile et vous d\u00e9sirez vous perfectionner ?Alors n&#039;h\u00e9sitez pas, prenez un cours particulier sur rendez vous!\u00a0\" \/>\n<meta property=\"og:url\" content=\"https:\/\/www.beachspirit.fr\/bs\/produit\/reserver-un-cours-particulier-d1h30-char-a-voile\/\" \/>\n<meta property=\"og:site_name\" content=\"BEACH SPIRIT\" \/>\n<meta property=\"article:publisher\" content=\"https:\/\/www.facebook.com\/beachspirit.fr\/\" \/>\n<meta property=\"article:modified_time\" content=\"2024-03-27T11:13:44+00:00\" \/>\n<meta property=\"og:image\" content=\"https:\/\/www.beachspirit.fr\/bs\/wp-content\/uploads\/2014\/12\/20150305_135416.jpg\" \/>\n\t<meta property=\"og:image:width\" content=\"1280\" \/>\n\t<meta property=\"og:image:height\" content=\"720\" \/>\n\t<meta property=\"og:image:type\" content=\"image\/jpeg\" \/>\n<meta name=\"twitter:card\" content=\"summary_large_image\" \/>\n<meta name=\"twitter:label1\" content=\"Dur\u00e9e de lecture estim\u00e9e\" \/>\n\t<meta name=\"twitter:data1\" content=\"1 minute\" \/>\n<script type=\"application\/ld+json\" class=\"yoast-schema-graph\">{\"@context\":\"https:\\\/\\\/schema.org\",\"@graph\":[{\"@type\":\"WebPage\",\"@id\":\"https:\\\/\\\/www.beachspirit.fr\\\/bs\\\/produit\\\/reserver-un-cours-particulier-d1h30-char-a-voile\\\/\",\"url\":\"https:\\\/\\\/www.beachspirit.fr\\\/bs\\\/produit\\\/reserver-un-cours-particulier-d1h30-char-a-voile\\\/\",\"name\":\"Cours particulier char \u00e0 voile - BEACH SPIRIT\",\"isPartOf\":{\"@id\":\"https:\\\/\\\/www.beachspirit.fr\\\/bs\\\/#website\"},\"primaryImageOfPage\":{\"@id\":\"https:\\\/\\\/www.beachspirit.fr\\\/bs\\\/produit\\\/reserver-un-cours-particulier-d1h30-char-a-voile\\\/#primaryimage\"},\"image\":{\"@id\":\"https:\\\/\\\/www.beachspirit.fr\\\/bs\\\/produit\\\/reserver-un-cours-particulier-d1h30-char-a-voile\\\/#primaryimage\"},\"thumbnailUrl\":\"https:\\\/\\\/www.beachspirit.fr\\\/bs\\\/wp-content\\\/uploads\\\/2014\\\/12\\\/20150305_135416.jpg\",\"datePublished\":\"2020-03-28T10:39:07+00:00\",\"dateModified\":\"2024-03-27T11:13:44+00:00\",\"description\":\"Vous \u00eates propri\u00e9taire d'un char \u00e0 voile et vous d\u00e9sirez vous perfectionner ?Alors n'h\u00e9sitez pas, prenez un cours particulier sur rendez vous!\u00a0\",\"breadcrumb\":{\"@id\":\"https:\\\/\\\/www.beachspirit.fr\\\/bs\\\/produit\\\/reserver-un-cours-particulier-d1h30-char-a-voile\\\/#breadcrumb\"},\"inLanguage\":\"fr-FR\",\"potentialAction\":[{\"@type\":\"ReadAction\",\"target\":[\"https:\\\/\\\/www.beachspirit.fr\\\/bs\\\/produit\\\/reserver-un-cours-particulier-d1h30-char-a-voile\\\/\"]}]},{\"@type\":\"ImageObject\",\"inLanguage\":\"fr-FR\",\"@id\":\"https:\\\/\\\/www.beachspirit.fr\\\/bs\\\/produit\\\/reserver-un-cours-particulier-d1h30-char-a-voile\\\/#primaryimage\",\"url\":\"https:\\\/\\\/www.beachspirit.fr\\\/bs\\\/wp-content\\\/uploads\\\/2014\\\/12\\\/20150305_135416.jpg\",\"contentUrl\":\"https:\\\/\\\/www.beachspirit.fr\\\/bs\\\/wp-content\\\/uploads\\\/2014\\\/12\\\/20150305_135416.jpg\",\"width\":1280,\"height\":720,\"caption\":\"cours particulier de char \u00e0 voile\"},{\"@type\":\"BreadcrumbList\",\"@id\":\"https:\\\/\\\/www.beachspirit.fr\\\/bs\\\/produit\\\/reserver-un-cours-particulier-d1h30-char-a-voile\\\/#breadcrumb\",\"itemListElement\":[{\"@type\":\"ListItem\",\"position\":1,\"name\":\"Accueil\",\"item\":\"https:\\\/\\\/www.beachspirit.fr\\\/bs\\\/\"},{\"@type\":\"ListItem\",\"position\":2,\"name\":\"Boutique\",\"item\":\"https:\\\/\\\/www.beachspirit.fr\\\/bs\\\/boutique\\\/\"},{\"@type\":\"ListItem\",\"position\":3,\"name\":\"R\u00e9server un cours particulier sur votre char \u00e0 voile (1 \u00e0 3 pers) d&#8217;1H30\"}]},{\"@type\":\"WebSite\",\"@id\":\"https:\\\/\\\/www.beachspirit.fr\\\/bs\\\/#website\",\"url\":\"https:\\\/\\\/www.beachspirit.fr\\\/bs\\\/\",\"name\":\"BEACH SPIRIT\",\"description\":\"beach spirit approved\",\"publisher\":{\"@id\":\"https:\\\/\\\/www.beachspirit.fr\\\/bs\\\/#organization\"},\"potentialAction\":[{\"@type\":\"SearchAction\",\"target\":{\"@type\":\"EntryPoint\",\"urlTemplate\":\"https:\\\/\\\/www.beachspirit.fr\\\/bs\\\/?s={search_term_string}\"},\"query-input\":{\"@type\":\"PropertyValueSpecification\",\"valueRequired\":true,\"valueName\":\"search_term_string\"}}],\"inLanguage\":\"fr-FR\"},{\"@type\":\"Organization\",\"@id\":\"https:\\\/\\\/www.beachspirit.fr\\\/bs\\\/#organization\",\"name\":\"BEACH SPIRIT\",\"url\":\"https:\\\/\\\/www.beachspirit.fr\\\/bs\\\/\",\"logo\":{\"@type\":\"ImageObject\",\"inLanguage\":\"fr-FR\",\"@id\":\"https:\\\/\\\/www.beachspirit.fr\\\/bs\\\/#\\\/schema\\\/logo\\\/image\\\/\",\"url\":\"http:\\\/\\\/www.beachspirit.fr\\\/bs\\\/wp-content\\\/uploads\\\/2020\\\/03\\\/logoBS-petit-2.png\",\"contentUrl\":\"http:\\\/\\\/www.beachspirit.fr\\\/bs\\\/wp-content\\\/uploads\\\/2020\\\/03\\\/logoBS-petit-2.png\",\"width\":200,\"height\":117,\"caption\":\"BEACH SPIRIT\"},\"image\":{\"@id\":\"https:\\\/\\\/www.beachspirit.fr\\\/bs\\\/#\\\/schema\\\/logo\\\/image\\\/\"},\"sameAs\":[\"https:\\\/\\\/www.facebook.com\\\/beachspirit.fr\\\/\",\"https:\\\/\\\/www.instagram.com\\\/beachspirit.fr\\\/\"]}]}<\/script>\n<!-- \/ Yoast SEO plugin. -->","yoast_head_json":{"title":"Cours particulier char \u00e0 voile - BEACH SPIRIT","description":"Vous \u00eates propri\u00e9taire d'un char \u00e0 voile et vous d\u00e9sirez vous perfectionner ?Alors n'h\u00e9sitez pas, prenez un cours particulier sur rendez vous!\u00a0","robots":{"index":"index","follow":"follow","max-snippet":"max-snippet:-1","max-image-preview":"max-image-preview:large","max-video-preview":"max-video-preview:-1"},"canonical":"https:\/\/www.beachspirit.fr\/bs\/produit\/reserver-un-cours-particulier-d1h30-char-a-voile\/","og_locale":"fr_FR","og_type":"article","og_title":"Cours particulier char \u00e0 voile - BEACH SPIRIT","og_description":"Vous \u00eates propri\u00e9taire d'un char \u00e0 voile et vous d\u00e9sirez vous perfectionner ?Alors n'h\u00e9sitez pas, prenez un cours particulier sur rendez vous!\u00a0","og_url":"https:\/\/www.beachspirit.fr\/bs\/produit\/reserver-un-cours-particulier-d1h30-char-a-voile\/","og_site_name":"BEACH SPIRIT","article_publisher":"https:\/\/www.facebook.com\/beachspirit.fr\/","article_modified_time":"2024-03-27T11:13:44+00:00","og_image":[{"width":1280,"height":720,"url":"https:\/\/www.beachspirit.fr\/bs\/wp-content\/uploads\/2014\/12\/20150305_135416.jpg","type":"image\/jpeg"}],"twitter_card":"summary_large_image","twitter_misc":{"Dur\u00e9e de lecture estim\u00e9e":"1 minute"},"schema":{"@context":"https:\/\/schema.org","@graph":[{"@type":"WebPage","@id":"https:\/\/www.beachspirit.fr\/bs\/produit\/reserver-un-cours-particulier-d1h30-char-a-voile\/","url":"https:\/\/www.beachspirit.fr\/bs\/produit\/reserver-un-cours-particulier-d1h30-char-a-voile\/","name":"Cours particulier char \u00e0 voile - BEACH SPIRIT","isPartOf":{"@id":"https:\/\/www.beachspirit.fr\/bs\/#website"},"primaryImageOfPage":{"@id":"https:\/\/www.beachspirit.fr\/bs\/produit\/reserver-un-cours-particulier-d1h30-char-a-voile\/#primaryimage"},"image":{"@id":"https:\/\/www.beachspirit.fr\/bs\/produit\/reserver-un-cours-particulier-d1h30-char-a-voile\/#primaryimage"},"thumbnailUrl":"https:\/\/www.beachspirit.fr\/bs\/wp-content\/uploads\/2014\/12\/20150305_135416.jpg","datePublished":"2020-03-28T10:39:07+00:00","dateModified":"2024-03-27T11:13:44+00:00","description":"Vous \u00eates propri\u00e9taire d'un char \u00e0 voile et vous d\u00e9sirez vous perfectionner ?Alors n'h\u00e9sitez pas, prenez un cours particulier sur rendez vous!\u00a0","breadcrumb":{"@id":"https:\/\/www.beachspirit.fr\/bs\/produit\/reserver-un-cours-particulier-d1h30-char-a-voile\/#breadcrumb"},"inLanguage":"fr-FR","potentialAction":[{"@type":"ReadAction","target":["https:\/\/www.beachspirit.fr\/bs\/produit\/reserver-un-cours-particulier-d1h30-char-a-voile\/"]}]},{"@type":"ImageObject","inLanguage":"fr-FR","@id":"https:\/\/www.beachspirit.fr\/bs\/produit\/reserver-un-cours-particulier-d1h30-char-a-voile\/#primaryimage","url":"https:\/\/www.beachspirit.fr\/bs\/wp-content\/uploads\/2014\/12\/20150305_135416.jpg","contentUrl":"https:\/\/www.beachspirit.fr\/bs\/wp-content\/uploads\/2014\/12\/20150305_135416.jpg","width":1280,"height":720,"caption":"cours particulier de char \u00e0 voile"},{"@type":"BreadcrumbList","@id":"https:\/\/www.beachspirit.fr\/bs\/produit\/reserver-un-cours-particulier-d1h30-char-a-voile\/#breadcrumb","itemListElement":[{"@type":"ListItem","position":1,"name":"Accueil","item":"https:\/\/www.beachspirit.fr\/bs\/"},{"@type":"ListItem","position":2,"name":"Boutique","item":"https:\/\/www.beachspirit.fr\/bs\/boutique\/"},{"@type":"ListItem","position":3,"name":"R\u00e9server un cours particulier sur votre char \u00e0 voile (1 \u00e0 3 pers) d&#8217;1H30"}]},{"@type":"WebSite","@id":"https:\/\/www.beachspirit.fr\/bs\/#website","url":"https:\/\/www.beachspirit.fr\/bs\/","name":"BEACH SPIRIT","description":"beach spirit approved","publisher":{"@id":"https:\/\/www.beachspirit.fr\/bs\/#organization"},"potentialAction":[{"@type":"SearchAction","target":{"@type":"EntryPoint","urlTemplate":"https:\/\/www.beachspirit.fr\/bs\/?s={search_term_string}"},"query-input":{"@type":"PropertyValueSpecification","valueRequired":true,"valueName":"search_term_string"}}],"inLanguage":"fr-FR"},{"@type":"Organization","@id":"https:\/\/www.beachspirit.fr\/bs\/#organization","name":"BEACH SPIRIT","url":"https:\/\/www.beachspirit.fr\/bs\/","logo":{"@type":"ImageObject","inLanguage":"fr-FR","@id":"https:\/\/www.beachspirit.fr\/bs\/#\/schema\/logo\/image\/","url":"http:\/\/www.beachspirit.fr\/bs\/wp-content\/uploads\/2020\/03\/logoBS-petit-2.png","contentUrl":"http:\/\/www.beachspirit.fr\/bs\/wp-content\/uploads\/2020\/03\/logoBS-petit-2.png","width":200,"height":117,"caption":"BEACH SPIRIT"},"image":{"@id":"https:\/\/www.beachspirit.fr\/bs\/#\/schema\/logo\/image\/"},"sameAs":["https:\/\/www.facebook.com\/beachspirit.fr\/","https:\/\/www.instagram.com\/beachspirit.fr\/"]}]}},"_links":{"self":[{"href":"https:\/\/www.beachspirit.fr\/bs\/wp-json\/wp\/v2\/product\/24717","targetHints":{"allow":["GET"]}}],"collection":[{"href":"https:\/\/www.beachspirit.fr\/bs\/wp-json\/wp\/v2\/product"}],"about":[{"href":"https:\/\/www.beachspirit.fr\/bs\/wp-json\/wp\/v2\/types\/product"}],"replies":[{"embeddable":true,"href":"https:\/\/www.beachspirit.fr\/bs\/wp-json\/wp\/v2\/comments?post=24717"}],"wp:featuredmedia":[{"embeddable":true,"href":"https:\/\/www.beachspirit.fr\/bs\/wp-json\/wp\/v2\/media\/191"}],"wp:attachment":[{"href":"https:\/\/www.beachspirit.fr\/bs\/wp-json\/wp\/v2\/media?parent=24717"}],"wp:term":[{"taxonomy":"product_brand","embeddable":true,"href":"https:\/\/www.beachspirit.fr\/bs\/wp-json\/wp\/v2\/product_brand?post=24717"},{"taxonomy":"product_cat","embeddable":true,"href":"https:\/\/www.beachspirit.fr\/bs\/wp-json\/wp\/v2\/product_cat?post=24717"},{"taxonomy":"product_tag","embeddable":true,"href":"https:\/\/www.beachspirit.fr\/bs\/wp-json\/wp\/v2\/product_tag?post=24717"}],"curies":[{"name":"wp","href":"https:\/\/api.w.org\/{rel}","templated":true}]}}