{"id":24761,"date":"2020-04-01T17:50:54","date_gmt":"2020-04-01T16:50:54","guid":{"rendered":"https:\/\/www.beachspirit.fr\/bs\/?post_type=product&#038;p=24761"},"modified":"2025-01-28T12:40:26","modified_gmt":"2025-01-28T11:40:26","slug":"sac-marin-etanche-60l-approved","status":"publish","type":"product","link":"https:\/\/www.beachspirit.fr\/bs\/produit\/sac-marin-etanche-60l-approved\/","title":{"rendered":"Sacs Marins \u00e9tanches 60L Beach Spirit Approved"},"content":{"rendered":"<h3><span style=\"color: #ff9900;\">Sac marin \u00e9tanche 60L test\u00e9 et approuv\u00e9.<\/span><\/h3>\n<ul>\n<li><strong>Mod\u00e8le : Quadra <span class=\"productgroup\">QX660\u00a0<\/span><span class=\"productname\">Sac \u00e9tanche SLX 60\u00a0L<\/span><\/strong><\/li>\n<li><strong>Coutures thermocoll\u00e9es \u00e9tanches<\/strong><\/li>\n<li><strong>Organisateur interne<\/strong><\/li>\n<li><strong>100\u00a0% TPU imperm\u00e9able et l\u00e9ger<\/strong><\/li>\n<li><b>Grammage <\/b><strong>375g\/m\u00b2<\/strong><\/li>\n<li><strong>33cm x 70cm<\/strong><\/li>\n<li><strong>numero de voile ou nom sur demande<\/strong><\/li>\n<\/ul>\n<p><a href=\"https:\/\/fr.wiktionary.org\/wiki\/sac_marin\" target=\"_blank\" rel=\"noopener\">Ce sac marin<\/a> totalement \u00e9tanche est Id\u00e9al pour ranger au sec tout votre \u00e9quipement (combinaison, casque, chaussures, v\u00eatements de rechange&#8230;). Dispose d&rsquo;une pochette de rangement pour vos effets personnels<\/p>\n<p>Disponible en rouge, noir ou jaune<\/p>\n<p><a href=\"https:\/\/www.beachspirit.fr\/bs\/categorie-produit\/articles-techniques\/\" target=\"_blank\" rel=\"noopener noreferrer\">Plus d&rsquo;Articles techniques<\/a><\/p>\n<p>&nbsp;<\/p>\n","protected":false},"excerpt":{"rendered":"<div id=\"ctl00_ctl00_cph1_cph1_RalawiseVariantsInGrid1_ctrlProductInfo_pnlProductExtraData\">\n<div class=\"fulldescription\">\n<h2><span style=\"color: #ff9900;\">Sac marin \u00e9tanche solide et pratique de grande capacit\u00e9 test\u00e9 et approuv\u00e9.<\/span><\/h2>\n<p><span style=\"color: #000000;\">Disponible en rouge, noir ou jaune avec logo et numero de voile sur demande<\/span><\/p>\n<\/div>\n<\/div>\n","protected":false},"featured_media":24760,"comment_status":"open","ping_status":"closed","template":"","meta":[],"product_brand":[],"product_cat":[545,546,547,549,548,361,19,262,578,429,539],"product_tag":[],"class_list":{"0":"post-24761","1":"product","2":"type-product","3":"status-publish","4":"has-post-thumbnail","6":"product_cat-blokart","7":"product_cat-char-a-voile-classes-2-et-3","8":"product_cat-chars-a-voile-classes-5-promo-standart-mini-loisir","9":"product_cat-articles-techniques-pour-kite-buggy","10":"product_cat-articles-techniques-speed-sail","11":"product_cat-articles-techniques-voile-char-a-voile","12":"product_cat-bonnets-casquettes-accessoires","13":"product_cat-divers","14":"product_cat-idees-cadeaux-noel","15":"product_cat-sacs-etanches-sport-plage","16":"product_cat-vetements-techniques-equipements","17":"product_shipping_class-tarif-suivant-poids","19":"first","20":"instock","21":"purchasable","22":"product-type-variable"},"yoast_head":"<!-- This site is optimized with the Yoast SEO plugin v27.5 - https:\/\/yoast.com\/product\/yoast-seo-wordpress\/ -->\n<title>sac marin \u00e9tanche 60L rouge noir ou jaune - BEACH SPIRIT<\/title>\n<meta name=\"description\" content=\"Sac marin \u00e9tanche 60L.Id\u00e9al pour ranger au sec tout votre \u00e9quipement (combinaison, casque, chaussures, v\u00eatements de rechange...).\" \/>\n<meta name=\"robots\" content=\"index, follow, max-snippet:-1, max-image-preview:large, max-video-preview:-1\" \/>\n<link rel=\"canonical\" href=\"https:\/\/www.beachspirit.fr\/bs\/produit\/sac-marin-etanche-60l-approved\/\" \/>\n<meta property=\"og:locale\" content=\"fr_FR\" \/>\n<meta property=\"og:type\" content=\"article\" \/>\n<meta property=\"og:title\" content=\"sac marin \u00e9tanche 60L rouge noir ou jaune - BEACH SPIRIT\" \/>\n<meta property=\"og:description\" content=\"Sac marin \u00e9tanche 60L.Id\u00e9al pour ranger au sec tout votre \u00e9quipement (combinaison, casque, chaussures, v\u00eatements de rechange...).\" \/>\n<meta property=\"og:url\" content=\"https:\/\/www.beachspirit.fr\/bs\/produit\/sac-marin-etanche-60l-approved\/\" \/>\n<meta property=\"og:site_name\" content=\"BEACH SPIRIT\" \/>\n<meta property=\"article:publisher\" content=\"https:\/\/www.facebook.com\/beachspirit.fr\/\" \/>\n<meta property=\"article:modified_time\" content=\"2025-01-28T11:40:26+00:00\" \/>\n<meta property=\"og:image\" content=\"https:\/\/www.beachspirit.fr\/bs\/wp-content\/uploads\/2020\/04\/IMG_20200401_171722-scaled.jpg\" \/>\n\t<meta property=\"og:image:width\" content=\"1920\" \/>\n\t<meta property=\"og:image:height\" content=\"2560\" \/>\n\t<meta property=\"og:image:type\" content=\"image\/jpeg\" \/>\n<meta name=\"twitter:card\" content=\"summary_large_image\" \/>\n<meta name=\"twitter:label1\" content=\"Dur\u00e9e de lecture estim\u00e9e\" \/>\n\t<meta name=\"twitter:data1\" content=\"1 minute\" \/>\n<script type=\"application\/ld+json\" class=\"yoast-schema-graph\">{\"@context\":\"https:\\\/\\\/schema.org\",\"@graph\":[{\"@type\":\"WebPage\",\"@id\":\"https:\\\/\\\/www.beachspirit.fr\\\/bs\\\/produit\\\/sac-marin-etanche-60l-approved\\\/\",\"url\":\"https:\\\/\\\/www.beachspirit.fr\\\/bs\\\/produit\\\/sac-marin-etanche-60l-approved\\\/\",\"name\":\"sac marin \u00e9tanche 60L rouge noir ou jaune - BEACH SPIRIT\",\"isPartOf\":{\"@id\":\"https:\\\/\\\/www.beachspirit.fr\\\/bs\\\/#website\"},\"primaryImageOfPage\":{\"@id\":\"https:\\\/\\\/www.beachspirit.fr\\\/bs\\\/produit\\\/sac-marin-etanche-60l-approved\\\/#primaryimage\"},\"image\":{\"@id\":\"https:\\\/\\\/www.beachspirit.fr\\\/bs\\\/produit\\\/sac-marin-etanche-60l-approved\\\/#primaryimage\"},\"thumbnailUrl\":\"https:\\\/\\\/www.beachspirit.fr\\\/bs\\\/wp-content\\\/uploads\\\/2020\\\/04\\\/IMG_20200401_171722-scaled.jpg\",\"datePublished\":\"2020-04-01T16:50:54+00:00\",\"dateModified\":\"2025-01-28T11:40:26+00:00\",\"description\":\"Sac marin \u00e9tanche 60L.Id\u00e9al pour ranger au sec tout votre \u00e9quipement (combinaison, casque, chaussures, v\u00eatements de rechange...).\",\"breadcrumb\":{\"@id\":\"https:\\\/\\\/www.beachspirit.fr\\\/bs\\\/produit\\\/sac-marin-etanche-60l-approved\\\/#breadcrumb\"},\"inLanguage\":\"fr-FR\",\"potentialAction\":[{\"@type\":\"ReadAction\",\"target\":[\"https:\\\/\\\/www.beachspirit.fr\\\/bs\\\/produit\\\/sac-marin-etanche-60l-approved\\\/\"]}]},{\"@type\":\"ImageObject\",\"inLanguage\":\"fr-FR\",\"@id\":\"https:\\\/\\\/www.beachspirit.fr\\\/bs\\\/produit\\\/sac-marin-etanche-60l-approved\\\/#primaryimage\",\"url\":\"https:\\\/\\\/www.beachspirit.fr\\\/bs\\\/wp-content\\\/uploads\\\/2020\\\/04\\\/IMG_20200401_171722-scaled.jpg\",\"contentUrl\":\"https:\\\/\\\/www.beachspirit.fr\\\/bs\\\/wp-content\\\/uploads\\\/2020\\\/04\\\/IMG_20200401_171722-scaled.jpg\",\"width\":1920,\"height\":2560,\"caption\":\"sac marin \u00e9tanche\"},{\"@type\":\"BreadcrumbList\",\"@id\":\"https:\\\/\\\/www.beachspirit.fr\\\/bs\\\/produit\\\/sac-marin-etanche-60l-approved\\\/#breadcrumb\",\"itemListElement\":[{\"@type\":\"ListItem\",\"position\":1,\"name\":\"Accueil\",\"item\":\"https:\\\/\\\/www.beachspirit.fr\\\/bs\\\/\"},{\"@type\":\"ListItem\",\"position\":2,\"name\":\"Boutique\",\"item\":\"https:\\\/\\\/www.beachspirit.fr\\\/bs\\\/boutique\\\/\"},{\"@type\":\"ListItem\",\"position\":3,\"name\":\"Sacs Marins \u00e9tanches 60L Beach Spirit Approved\"}]},{\"@type\":\"WebSite\",\"@id\":\"https:\\\/\\\/www.beachspirit.fr\\\/bs\\\/#website\",\"url\":\"https:\\\/\\\/www.beachspirit.fr\\\/bs\\\/\",\"name\":\"BEACH SPIRIT\",\"description\":\"beach spirit approved\",\"publisher\":{\"@id\":\"https:\\\/\\\/www.beachspirit.fr\\\/bs\\\/#organization\"},\"potentialAction\":[{\"@type\":\"SearchAction\",\"target\":{\"@type\":\"EntryPoint\",\"urlTemplate\":\"https:\\\/\\\/www.beachspirit.fr\\\/bs\\\/?s={search_term_string}\"},\"query-input\":{\"@type\":\"PropertyValueSpecification\",\"valueRequired\":true,\"valueName\":\"search_term_string\"}}],\"inLanguage\":\"fr-FR\"},{\"@type\":\"Organization\",\"@id\":\"https:\\\/\\\/www.beachspirit.fr\\\/bs\\\/#organization\",\"name\":\"BEACH SPIRIT\",\"url\":\"https:\\\/\\\/www.beachspirit.fr\\\/bs\\\/\",\"logo\":{\"@type\":\"ImageObject\",\"inLanguage\":\"fr-FR\",\"@id\":\"https:\\\/\\\/www.beachspirit.fr\\\/bs\\\/#\\\/schema\\\/logo\\\/image\\\/\",\"url\":\"http:\\\/\\\/www.beachspirit.fr\\\/bs\\\/wp-content\\\/uploads\\\/2020\\\/03\\\/logoBS-petit-2.png\",\"contentUrl\":\"http:\\\/\\\/www.beachspirit.fr\\\/bs\\\/wp-content\\\/uploads\\\/2020\\\/03\\\/logoBS-petit-2.png\",\"width\":200,\"height\":117,\"caption\":\"BEACH SPIRIT\"},\"image\":{\"@id\":\"https:\\\/\\\/www.beachspirit.fr\\\/bs\\\/#\\\/schema\\\/logo\\\/image\\\/\"},\"sameAs\":[\"https:\\\/\\\/www.facebook.com\\\/beachspirit.fr\\\/\",\"https:\\\/\\\/www.instagram.com\\\/beachspirit.fr\\\/\"]}]}<\/script>\n<!-- \/ Yoast SEO plugin. -->","yoast_head_json":{"title":"sac marin \u00e9tanche 60L rouge noir ou jaune - BEACH SPIRIT","description":"Sac marin \u00e9tanche 60L.Id\u00e9al pour ranger au sec tout votre \u00e9quipement (combinaison, casque, chaussures, v\u00eatements de rechange...).","robots":{"index":"index","follow":"follow","max-snippet":"max-snippet:-1","max-image-preview":"max-image-preview:large","max-video-preview":"max-video-preview:-1"},"canonical":"https:\/\/www.beachspirit.fr\/bs\/produit\/sac-marin-etanche-60l-approved\/","og_locale":"fr_FR","og_type":"article","og_title":"sac marin \u00e9tanche 60L rouge noir ou jaune - BEACH SPIRIT","og_description":"Sac marin \u00e9tanche 60L.Id\u00e9al pour ranger au sec tout votre \u00e9quipement (combinaison, casque, chaussures, v\u00eatements de rechange...).","og_url":"https:\/\/www.beachspirit.fr\/bs\/produit\/sac-marin-etanche-60l-approved\/","og_site_name":"BEACH SPIRIT","article_publisher":"https:\/\/www.facebook.com\/beachspirit.fr\/","article_modified_time":"2025-01-28T11:40:26+00:00","og_image":[{"width":1920,"height":2560,"url":"https:\/\/www.beachspirit.fr\/bs\/wp-content\/uploads\/2020\/04\/IMG_20200401_171722-scaled.jpg","type":"image\/jpeg"}],"twitter_card":"summary_large_image","twitter_misc":{"Dur\u00e9e de lecture estim\u00e9e":"1 minute"},"schema":{"@context":"https:\/\/schema.org","@graph":[{"@type":"WebPage","@id":"https:\/\/www.beachspirit.fr\/bs\/produit\/sac-marin-etanche-60l-approved\/","url":"https:\/\/www.beachspirit.fr\/bs\/produit\/sac-marin-etanche-60l-approved\/","name":"sac marin \u00e9tanche 60L rouge noir ou jaune - BEACH SPIRIT","isPartOf":{"@id":"https:\/\/www.beachspirit.fr\/bs\/#website"},"primaryImageOfPage":{"@id":"https:\/\/www.beachspirit.fr\/bs\/produit\/sac-marin-etanche-60l-approved\/#primaryimage"},"image":{"@id":"https:\/\/www.beachspirit.fr\/bs\/produit\/sac-marin-etanche-60l-approved\/#primaryimage"},"thumbnailUrl":"https:\/\/www.beachspirit.fr\/bs\/wp-content\/uploads\/2020\/04\/IMG_20200401_171722-scaled.jpg","datePublished":"2020-04-01T16:50:54+00:00","dateModified":"2025-01-28T11:40:26+00:00","description":"Sac marin \u00e9tanche 60L.Id\u00e9al pour ranger au sec tout votre \u00e9quipement (combinaison, casque, chaussures, v\u00eatements de rechange...).","breadcrumb":{"@id":"https:\/\/www.beachspirit.fr\/bs\/produit\/sac-marin-etanche-60l-approved\/#breadcrumb"},"inLanguage":"fr-FR","potentialAction":[{"@type":"ReadAction","target":["https:\/\/www.beachspirit.fr\/bs\/produit\/sac-marin-etanche-60l-approved\/"]}]},{"@type":"ImageObject","inLanguage":"fr-FR","@id":"https:\/\/www.beachspirit.fr\/bs\/produit\/sac-marin-etanche-60l-approved\/#primaryimage","url":"https:\/\/www.beachspirit.fr\/bs\/wp-content\/uploads\/2020\/04\/IMG_20200401_171722-scaled.jpg","contentUrl":"https:\/\/www.beachspirit.fr\/bs\/wp-content\/uploads\/2020\/04\/IMG_20200401_171722-scaled.jpg","width":1920,"height":2560,"caption":"sac marin \u00e9tanche"},{"@type":"BreadcrumbList","@id":"https:\/\/www.beachspirit.fr\/bs\/produit\/sac-marin-etanche-60l-approved\/#breadcrumb","itemListElement":[{"@type":"ListItem","position":1,"name":"Accueil","item":"https:\/\/www.beachspirit.fr\/bs\/"},{"@type":"ListItem","position":2,"name":"Boutique","item":"https:\/\/www.beachspirit.fr\/bs\/boutique\/"},{"@type":"ListItem","position":3,"name":"Sacs Marins \u00e9tanches 60L Beach Spirit Approved"}]},{"@type":"WebSite","@id":"https:\/\/www.beachspirit.fr\/bs\/#website","url":"https:\/\/www.beachspirit.fr\/bs\/","name":"BEACH SPIRIT","description":"beach spirit approved","publisher":{"@id":"https:\/\/www.beachspirit.fr\/bs\/#organization"},"potentialAction":[{"@type":"SearchAction","target":{"@type":"EntryPoint","urlTemplate":"https:\/\/www.beachspirit.fr\/bs\/?s={search_term_string}"},"query-input":{"@type":"PropertyValueSpecification","valueRequired":true,"valueName":"search_term_string"}}],"inLanguage":"fr-FR"},{"@type":"Organization","@id":"https:\/\/www.beachspirit.fr\/bs\/#organization","name":"BEACH SPIRIT","url":"https:\/\/www.beachspirit.fr\/bs\/","logo":{"@type":"ImageObject","inLanguage":"fr-FR","@id":"https:\/\/www.beachspirit.fr\/bs\/#\/schema\/logo\/image\/","url":"http:\/\/www.beachspirit.fr\/bs\/wp-content\/uploads\/2020\/03\/logoBS-petit-2.png","contentUrl":"http:\/\/www.beachspirit.fr\/bs\/wp-content\/uploads\/2020\/03\/logoBS-petit-2.png","width":200,"height":117,"caption":"BEACH SPIRIT"},"image":{"@id":"https:\/\/www.beachspirit.fr\/bs\/#\/schema\/logo\/image\/"},"sameAs":["https:\/\/www.facebook.com\/beachspirit.fr\/","https:\/\/www.instagram.com\/beachspirit.fr\/"]}]}},"_links":{"self":[{"href":"https:\/\/www.beachspirit.fr\/bs\/wp-json\/wp\/v2\/product\/24761","targetHints":{"allow":["GET"]}}],"collection":[{"href":"https:\/\/www.beachspirit.fr\/bs\/wp-json\/wp\/v2\/product"}],"about":[{"href":"https:\/\/www.beachspirit.fr\/bs\/wp-json\/wp\/v2\/types\/product"}],"replies":[{"embeddable":true,"href":"https:\/\/www.beachspirit.fr\/bs\/wp-json\/wp\/v2\/comments?post=24761"}],"wp:featuredmedia":[{"embeddable":true,"href":"https:\/\/www.beachspirit.fr\/bs\/wp-json\/wp\/v2\/media\/24760"}],"wp:attachment":[{"href":"https:\/\/www.beachspirit.fr\/bs\/wp-json\/wp\/v2\/media?parent=24761"}],"wp:term":[{"taxonomy":"product_brand","embeddable":true,"href":"https:\/\/www.beachspirit.fr\/bs\/wp-json\/wp\/v2\/product_brand?post=24761"},{"taxonomy":"product_cat","embeddable":true,"href":"https:\/\/www.beachspirit.fr\/bs\/wp-json\/wp\/v2\/product_cat?post=24761"},{"taxonomy":"product_tag","embeddable":true,"href":"https:\/\/www.beachspirit.fr\/bs\/wp-json\/wp\/v2\/product_tag?post=24761"}],"curies":[{"name":"wp","href":"https:\/\/api.w.org\/{rel}","templated":true}]}}