{"id":24788,"date":"2020-04-05T12:39:43","date_gmt":"2020-04-05T11:39:43","guid":{"rendered":"https:\/\/www.beachspirit.fr\/bs\/?post_type=product&#038;p=24788"},"modified":"2022-11-07T12:33:57","modified_gmt":"2022-11-07T11:33:57","slug":"sweatshirts-femme-col-large-le-touquet-serie-limite","status":"publish","type":"product","link":"https:\/\/www.beachspirit.fr\/bs\/produit\/sweatshirts-femme-col-large-le-touquet-serie-limite\/","title":{"rendered":"Sweatshirts Femme  s\u00e9rie limit\u00e9e Le Touquet  \u00ab\u00a0Beach Spirit Approved\u00a0\u00bb"},"content":{"rendered":"<h3><span style=\"color: #ff6600;\">Sweatshirt femme s\u00e9rie limit\u00e9e \u00ab\u00a0Le Touquet\u00a0\u00bb\u00a0 par Beach Spirit<\/span><\/h3>\n<div class=\"fulldescription\">\n<ul>\n<li><strong>Marque : B&amp;C<\/strong><\/li>\n<li><strong>Encolure ras-du-cou large et coupe f\u00e9minine<\/strong><\/li>\n<li><strong>Bords bruts et coutures de recouvrement<\/strong><\/li>\n<li><strong>Col, poignets et bord inf\u00e9rieur en c\u00f4te 2&#215;2\u00a0<\/strong><\/li>\n<li><b>Composition\u00a0French terry 75% Coton, 25% Polyester<\/b><\/li>\n<li><b>Grammage\u00a0300\u00a0g\/m\u00b2<\/b><\/li>\n<li><b>Taille\u00a0XS,S,\u00a0M,\u00a0L,\u00a0<\/b><\/li>\n<li><strong>Design original \u00ab\u00a0Beach Spirit Approved\u00a0\u00bb en <a href=\"https:\/\/fr.wikipedia.org\/wiki\/S%C3%A9rigraphie\" target=\"_blank\" rel=\"noopener noreferrer\">s\u00e9rigraphie<\/a><\/strong><\/li>\n<\/ul>\n<p><strong>Sweater femme s\u00e9rie limit\u00e9e<\/strong> : Sweat-shirt flamm\u00e9 femme \u00e0 encolure d\u00e9gag\u00e9e. Look vintage (fil flamm\u00e9). French terry. Sweat-shirt \u00e0 encolure d\u00e9gag\u00e9e. Manches longues raglan. Col, poignets et bord inf\u00e9rieur en c\u00f4te 1&#215;1. Coupe f\u00e9minine. Coutures lat\u00e9rales.<\/p>\n<p><b>Instructions de lavage:<\/b><br \/>\nLavage &#8211; 40. Ne pas blanchir. S\u00e9chage en machine. Repassage &#8211; 2 \u00e0 l&rsquo;envers. Ne pas nettoyer \u00e0 sec<\/p>\n<p><a href=\"https:\/\/www.beachspirit.fr\/bs\/spirit-people\/\" target=\"_blank\" rel=\"noopener noreferrer\">Beachspirit lifestyle<\/a><\/p>\n<\/div>\n<div>\n<p>&nbsp;<\/p>\n<\/div>\n<p>&nbsp;<\/p>\n","protected":false},"excerpt":{"rendered":"<h3><span style=\"color: #ff6600;\">sweatshirt femme \u00e0 col large s\u00e9rie limit\u00e9 \u00ab\u00a0le Touquet\u00a0\u00bb par Beach Spirit. <\/span><\/h3>\n<div>\n<p>&nbsp;<\/p>\n<\/div>\n","protected":false},"featured_media":24789,"comment_status":"open","ping_status":"closed","template":"","meta":[],"product_brand":[],"product_cat":[560,19,428],"product_tag":[],"class_list":{"0":"post-24788","1":"product","2":"type-product","3":"status-publish","4":"has-post-thumbnail","6":"product_cat-beach-spirit-exclusive","7":"product_cat-bonnets-casquettes-accessoires","8":"product_cat-sportwear-spirit","9":"product_shipping_class-tarif-suivant-poids","11":"first","12":"instock","13":"taxable","14":"shipping-taxable","15":"purchasable","16":"product-type-variable"},"yoast_head":"<!-- This site is optimized with the Yoast SEO plugin v27.4 - https:\/\/yoast.com\/product\/yoast-seo-wordpress\/ -->\n<title>Sweatshirts Femme s\u00e9rie limit\u00e9e Le Touquet &quot;Beach Spirit Approved&quot; -<\/title>\n<meta name=\"description\" content=\"sweatshirts femme s\u00e9rie limit\u00e9e &quot;le Touquet&quot; par Beach Spirit. Doux, chic, sport et sexy; Id\u00e9al pour se d\u00e9marquer au Touquet et ailleurs\" \/>\n<meta name=\"robots\" content=\"index, follow, max-snippet:-1, max-image-preview:large, max-video-preview:-1\" \/>\n<link rel=\"canonical\" href=\"https:\/\/www.beachspirit.fr\/bs\/produit\/sweatshirts-femme-col-large-le-touquet-serie-limite\/\" \/>\n<meta property=\"og:locale\" content=\"fr_FR\" \/>\n<meta property=\"og:type\" content=\"article\" \/>\n<meta property=\"og:title\" content=\"Sweatshirts Femme s\u00e9rie limit\u00e9e Le Touquet &quot;Beach Spirit Approved&quot; -\" \/>\n<meta property=\"og:description\" content=\"sweatshirts femme s\u00e9rie limit\u00e9e &quot;le Touquet&quot; par Beach Spirit. Doux, chic, sport et sexy; Id\u00e9al pour se d\u00e9marquer au Touquet et ailleurs\" \/>\n<meta property=\"og:url\" content=\"https:\/\/www.beachspirit.fr\/bs\/produit\/sweatshirts-femme-col-large-le-touquet-serie-limite\/\" \/>\n<meta property=\"og:site_name\" content=\"BEACH SPIRIT\" \/>\n<meta property=\"article:publisher\" content=\"https:\/\/www.facebook.com\/beachspirit.fr\/\" \/>\n<meta property=\"article:modified_time\" content=\"2022-11-07T11:33:57+00:00\" \/>\n<meta property=\"og:image\" content=\"https:\/\/www.beachspirit.fr\/bs\/wp-content\/uploads\/2020\/04\/sweat-girly-col-large-bleu-le-touquet.png\" \/>\n\t<meta property=\"og:image:width\" content=\"800\" \/>\n\t<meta property=\"og:image:height\" content=\"800\" \/>\n\t<meta property=\"og:image:type\" content=\"image\/png\" \/>\n<meta name=\"twitter:card\" content=\"summary_large_image\" \/>\n<meta name=\"twitter:label1\" content=\"Dur\u00e9e de lecture estim\u00e9e\" \/>\n\t<meta name=\"twitter:data1\" content=\"1 minute\" \/>\n<script type=\"application\/ld+json\" class=\"yoast-schema-graph\">{\"@context\":\"https:\\\/\\\/schema.org\",\"@graph\":[{\"@type\":\"WebPage\",\"@id\":\"https:\\\/\\\/www.beachspirit.fr\\\/bs\\\/produit\\\/sweatshirts-femme-col-large-le-touquet-serie-limite\\\/\",\"url\":\"https:\\\/\\\/www.beachspirit.fr\\\/bs\\\/produit\\\/sweatshirts-femme-col-large-le-touquet-serie-limite\\\/\",\"name\":\"Sweatshirts Femme s\u00e9rie limit\u00e9e Le Touquet \\\"Beach Spirit Approved\\\" -\",\"isPartOf\":{\"@id\":\"https:\\\/\\\/www.beachspirit.fr\\\/bs\\\/#website\"},\"primaryImageOfPage\":{\"@id\":\"https:\\\/\\\/www.beachspirit.fr\\\/bs\\\/produit\\\/sweatshirts-femme-col-large-le-touquet-serie-limite\\\/#primaryimage\"},\"image\":{\"@id\":\"https:\\\/\\\/www.beachspirit.fr\\\/bs\\\/produit\\\/sweatshirts-femme-col-large-le-touquet-serie-limite\\\/#primaryimage\"},\"thumbnailUrl\":\"https:\\\/\\\/www.beachspirit.fr\\\/bs\\\/wp-content\\\/uploads\\\/2020\\\/04\\\/sweat-girly-col-large-bleu-le-touquet.png\",\"datePublished\":\"2020-04-05T11:39:43+00:00\",\"dateModified\":\"2022-11-07T11:33:57+00:00\",\"description\":\"sweatshirts femme s\u00e9rie limit\u00e9e \\\"le Touquet\\\" par Beach Spirit. Doux, chic, sport et sexy; Id\u00e9al pour se d\u00e9marquer au Touquet et ailleurs\",\"breadcrumb\":{\"@id\":\"https:\\\/\\\/www.beachspirit.fr\\\/bs\\\/produit\\\/sweatshirts-femme-col-large-le-touquet-serie-limite\\\/#breadcrumb\"},\"inLanguage\":\"fr-FR\",\"potentialAction\":[{\"@type\":\"ReadAction\",\"target\":[\"https:\\\/\\\/www.beachspirit.fr\\\/bs\\\/produit\\\/sweatshirts-femme-col-large-le-touquet-serie-limite\\\/\"]}]},{\"@type\":\"ImageObject\",\"inLanguage\":\"fr-FR\",\"@id\":\"https:\\\/\\\/www.beachspirit.fr\\\/bs\\\/produit\\\/sweatshirts-femme-col-large-le-touquet-serie-limite\\\/#primaryimage\",\"url\":\"https:\\\/\\\/www.beachspirit.fr\\\/bs\\\/wp-content\\\/uploads\\\/2020\\\/04\\\/sweat-girly-col-large-bleu-le-touquet.png\",\"contentUrl\":\"https:\\\/\\\/www.beachspirit.fr\\\/bs\\\/wp-content\\\/uploads\\\/2020\\\/04\\\/sweat-girly-col-large-bleu-le-touquet.png\",\"width\":800,\"height\":800,\"caption\":\"sweatshirt femme s\u00e9rie limit\u00e9e\"},{\"@type\":\"BreadcrumbList\",\"@id\":\"https:\\\/\\\/www.beachspirit.fr\\\/bs\\\/produit\\\/sweatshirts-femme-col-large-le-touquet-serie-limite\\\/#breadcrumb\",\"itemListElement\":[{\"@type\":\"ListItem\",\"position\":1,\"name\":\"Accueil\",\"item\":\"https:\\\/\\\/www.beachspirit.fr\\\/bs\\\/\"},{\"@type\":\"ListItem\",\"position\":2,\"name\":\"Boutique\",\"item\":\"https:\\\/\\\/www.beachspirit.fr\\\/bs\\\/boutique\\\/\"},{\"@type\":\"ListItem\",\"position\":3,\"name\":\"Sweatshirts Femme s\u00e9rie limit\u00e9e Le Touquet &#8220;Beach Spirit Approved&#8221;\"}]},{\"@type\":\"WebSite\",\"@id\":\"https:\\\/\\\/www.beachspirit.fr\\\/bs\\\/#website\",\"url\":\"https:\\\/\\\/www.beachspirit.fr\\\/bs\\\/\",\"name\":\"BEACH SPIRIT\",\"description\":\"beach spirit approved\",\"publisher\":{\"@id\":\"https:\\\/\\\/www.beachspirit.fr\\\/bs\\\/#organization\"},\"potentialAction\":[{\"@type\":\"SearchAction\",\"target\":{\"@type\":\"EntryPoint\",\"urlTemplate\":\"https:\\\/\\\/www.beachspirit.fr\\\/bs\\\/?s={search_term_string}\"},\"query-input\":{\"@type\":\"PropertyValueSpecification\",\"valueRequired\":true,\"valueName\":\"search_term_string\"}}],\"inLanguage\":\"fr-FR\"},{\"@type\":\"Organization\",\"@id\":\"https:\\\/\\\/www.beachspirit.fr\\\/bs\\\/#organization\",\"name\":\"BEACH SPIRIT\",\"url\":\"https:\\\/\\\/www.beachspirit.fr\\\/bs\\\/\",\"logo\":{\"@type\":\"ImageObject\",\"inLanguage\":\"fr-FR\",\"@id\":\"https:\\\/\\\/www.beachspirit.fr\\\/bs\\\/#\\\/schema\\\/logo\\\/image\\\/\",\"url\":\"http:\\\/\\\/www.beachspirit.fr\\\/bs\\\/wp-content\\\/uploads\\\/2020\\\/03\\\/logoBS-petit-2.png\",\"contentUrl\":\"http:\\\/\\\/www.beachspirit.fr\\\/bs\\\/wp-content\\\/uploads\\\/2020\\\/03\\\/logoBS-petit-2.png\",\"width\":200,\"height\":117,\"caption\":\"BEACH SPIRIT\"},\"image\":{\"@id\":\"https:\\\/\\\/www.beachspirit.fr\\\/bs\\\/#\\\/schema\\\/logo\\\/image\\\/\"},\"sameAs\":[\"https:\\\/\\\/www.facebook.com\\\/beachspirit.fr\\\/\",\"https:\\\/\\\/www.instagram.com\\\/beachspirit.fr\\\/\"]}]}<\/script>\n<!-- \/ Yoast SEO plugin. -->","yoast_head_json":{"title":"Sweatshirts Femme s\u00e9rie limit\u00e9e Le Touquet \"Beach Spirit Approved\" -","description":"sweatshirts femme s\u00e9rie limit\u00e9e \"le Touquet\" par Beach Spirit. Doux, chic, sport et sexy; Id\u00e9al pour se d\u00e9marquer au Touquet et ailleurs","robots":{"index":"index","follow":"follow","max-snippet":"max-snippet:-1","max-image-preview":"max-image-preview:large","max-video-preview":"max-video-preview:-1"},"canonical":"https:\/\/www.beachspirit.fr\/bs\/produit\/sweatshirts-femme-col-large-le-touquet-serie-limite\/","og_locale":"fr_FR","og_type":"article","og_title":"Sweatshirts Femme s\u00e9rie limit\u00e9e Le Touquet \"Beach Spirit Approved\" -","og_description":"sweatshirts femme s\u00e9rie limit\u00e9e \"le Touquet\" par Beach Spirit. Doux, chic, sport et sexy; Id\u00e9al pour se d\u00e9marquer au Touquet et ailleurs","og_url":"https:\/\/www.beachspirit.fr\/bs\/produit\/sweatshirts-femme-col-large-le-touquet-serie-limite\/","og_site_name":"BEACH SPIRIT","article_publisher":"https:\/\/www.facebook.com\/beachspirit.fr\/","article_modified_time":"2022-11-07T11:33:57+00:00","og_image":[{"width":800,"height":800,"url":"https:\/\/www.beachspirit.fr\/bs\/wp-content\/uploads\/2020\/04\/sweat-girly-col-large-bleu-le-touquet.png","type":"image\/png"}],"twitter_card":"summary_large_image","twitter_misc":{"Dur\u00e9e de lecture estim\u00e9e":"1 minute"},"schema":{"@context":"https:\/\/schema.org","@graph":[{"@type":"WebPage","@id":"https:\/\/www.beachspirit.fr\/bs\/produit\/sweatshirts-femme-col-large-le-touquet-serie-limite\/","url":"https:\/\/www.beachspirit.fr\/bs\/produit\/sweatshirts-femme-col-large-le-touquet-serie-limite\/","name":"Sweatshirts Femme s\u00e9rie limit\u00e9e Le Touquet \"Beach Spirit Approved\" -","isPartOf":{"@id":"https:\/\/www.beachspirit.fr\/bs\/#website"},"primaryImageOfPage":{"@id":"https:\/\/www.beachspirit.fr\/bs\/produit\/sweatshirts-femme-col-large-le-touquet-serie-limite\/#primaryimage"},"image":{"@id":"https:\/\/www.beachspirit.fr\/bs\/produit\/sweatshirts-femme-col-large-le-touquet-serie-limite\/#primaryimage"},"thumbnailUrl":"https:\/\/www.beachspirit.fr\/bs\/wp-content\/uploads\/2020\/04\/sweat-girly-col-large-bleu-le-touquet.png","datePublished":"2020-04-05T11:39:43+00:00","dateModified":"2022-11-07T11:33:57+00:00","description":"sweatshirts femme s\u00e9rie limit\u00e9e \"le Touquet\" par Beach Spirit. Doux, chic, sport et sexy; Id\u00e9al pour se d\u00e9marquer au Touquet et ailleurs","breadcrumb":{"@id":"https:\/\/www.beachspirit.fr\/bs\/produit\/sweatshirts-femme-col-large-le-touquet-serie-limite\/#breadcrumb"},"inLanguage":"fr-FR","potentialAction":[{"@type":"ReadAction","target":["https:\/\/www.beachspirit.fr\/bs\/produit\/sweatshirts-femme-col-large-le-touquet-serie-limite\/"]}]},{"@type":"ImageObject","inLanguage":"fr-FR","@id":"https:\/\/www.beachspirit.fr\/bs\/produit\/sweatshirts-femme-col-large-le-touquet-serie-limite\/#primaryimage","url":"https:\/\/www.beachspirit.fr\/bs\/wp-content\/uploads\/2020\/04\/sweat-girly-col-large-bleu-le-touquet.png","contentUrl":"https:\/\/www.beachspirit.fr\/bs\/wp-content\/uploads\/2020\/04\/sweat-girly-col-large-bleu-le-touquet.png","width":800,"height":800,"caption":"sweatshirt femme s\u00e9rie limit\u00e9e"},{"@type":"BreadcrumbList","@id":"https:\/\/www.beachspirit.fr\/bs\/produit\/sweatshirts-femme-col-large-le-touquet-serie-limite\/#breadcrumb","itemListElement":[{"@type":"ListItem","position":1,"name":"Accueil","item":"https:\/\/www.beachspirit.fr\/bs\/"},{"@type":"ListItem","position":2,"name":"Boutique","item":"https:\/\/www.beachspirit.fr\/bs\/boutique\/"},{"@type":"ListItem","position":3,"name":"Sweatshirts Femme s\u00e9rie limit\u00e9e Le Touquet &#8220;Beach Spirit Approved&#8221;"}]},{"@type":"WebSite","@id":"https:\/\/www.beachspirit.fr\/bs\/#website","url":"https:\/\/www.beachspirit.fr\/bs\/","name":"BEACH SPIRIT","description":"beach spirit approved","publisher":{"@id":"https:\/\/www.beachspirit.fr\/bs\/#organization"},"potentialAction":[{"@type":"SearchAction","target":{"@type":"EntryPoint","urlTemplate":"https:\/\/www.beachspirit.fr\/bs\/?s={search_term_string}"},"query-input":{"@type":"PropertyValueSpecification","valueRequired":true,"valueName":"search_term_string"}}],"inLanguage":"fr-FR"},{"@type":"Organization","@id":"https:\/\/www.beachspirit.fr\/bs\/#organization","name":"BEACH SPIRIT","url":"https:\/\/www.beachspirit.fr\/bs\/","logo":{"@type":"ImageObject","inLanguage":"fr-FR","@id":"https:\/\/www.beachspirit.fr\/bs\/#\/schema\/logo\/image\/","url":"http:\/\/www.beachspirit.fr\/bs\/wp-content\/uploads\/2020\/03\/logoBS-petit-2.png","contentUrl":"http:\/\/www.beachspirit.fr\/bs\/wp-content\/uploads\/2020\/03\/logoBS-petit-2.png","width":200,"height":117,"caption":"BEACH SPIRIT"},"image":{"@id":"https:\/\/www.beachspirit.fr\/bs\/#\/schema\/logo\/image\/"},"sameAs":["https:\/\/www.facebook.com\/beachspirit.fr\/","https:\/\/www.instagram.com\/beachspirit.fr\/"]}]}},"_links":{"self":[{"href":"https:\/\/www.beachspirit.fr\/bs\/wp-json\/wp\/v2\/product\/24788","targetHints":{"allow":["GET"]}}],"collection":[{"href":"https:\/\/www.beachspirit.fr\/bs\/wp-json\/wp\/v2\/product"}],"about":[{"href":"https:\/\/www.beachspirit.fr\/bs\/wp-json\/wp\/v2\/types\/product"}],"replies":[{"embeddable":true,"href":"https:\/\/www.beachspirit.fr\/bs\/wp-json\/wp\/v2\/comments?post=24788"}],"wp:featuredmedia":[{"embeddable":true,"href":"https:\/\/www.beachspirit.fr\/bs\/wp-json\/wp\/v2\/media\/24789"}],"wp:attachment":[{"href":"https:\/\/www.beachspirit.fr\/bs\/wp-json\/wp\/v2\/media?parent=24788"}],"wp:term":[{"taxonomy":"product_brand","embeddable":true,"href":"https:\/\/www.beachspirit.fr\/bs\/wp-json\/wp\/v2\/product_brand?post=24788"},{"taxonomy":"product_cat","embeddable":true,"href":"https:\/\/www.beachspirit.fr\/bs\/wp-json\/wp\/v2\/product_cat?post=24788"},{"taxonomy":"product_tag","embeddable":true,"href":"https:\/\/www.beachspirit.fr\/bs\/wp-json\/wp\/v2\/product_tag?post=24788"}],"curies":[{"name":"wp","href":"https:\/\/api.w.org\/{rel}","templated":true}]}}