{"id":25064,"date":"2020-04-14T17:03:21","date_gmt":"2020-04-14T16:03:21","guid":{"rendered":"https:\/\/www.beachspirit.fr\/bs\/?post_type=product&#038;p=25064"},"modified":"2022-11-07T12:31:19","modified_gmt":"2022-11-07T11:31:19","slug":"sweatshirts-capuche-hoodies-gris-rose-series-limitees-beach-spirit","status":"publish","type":"product","link":"https:\/\/www.beachspirit.fr\/bs\/produit\/sweatshirts-capuche-hoodies-gris-rose-series-limitees-beach-spirit\/","title":{"rendered":"Sweatshirts Hoodies gris\/rose s\u00e9ries limit\u00e9es Beach Spirit"},"content":{"rendered":"<h3><strong><span style=\"color: #ff6600;\">Sweatshirts capuche Hoodies gris\/rose s\u00e9ries limit\u00e9es Beach Spirit<\/span><\/strong><\/h3>\n<ul>\n<li><span style=\"color: #ffff00;\"><strong>Marque AWD is<\/strong><\/span><\/li>\n<li><span style=\"color: #ffff00;\"><strong>Passants cach\u00e9s pour y faire passer les fils d&rsquo;oreillettes<\/strong><\/span><\/li>\n<li><span style=\"color: #ffff00;\"><strong>Cordons de serrage \u00e0 lacet plat contrast\u00e9<\/strong><\/span><\/li>\n<li><span style=\"color: #ffff00;\"><strong>Capuche \u00e0 double \u00e9paisseur de tissu, avec doublure contrast\u00e9e<\/strong><\/span><\/li>\n<li><span style=\"color: #ffff00;\"><strong>Composition\u00a080% coton, 20% polyester (corps) 80% polyester, 20% coton, 25% rayonne (doublure de capuche)<\/strong><\/span><\/li>\n<li><span style=\"color: #ffff00;\"><strong>Grammage\u00a0280\u00a0g\/m\u00b2<\/strong><\/span><\/li>\n<li><span style=\"color: #ffff00;\"><b>Taille <\/b><b>S<\/b>\u00a042\u00a0<b>M<\/b>\u00a044\u00a0<b>L<\/b>\u00a046\u00a0<b>XL<\/b>\u00a048\u00a0<b>2XL<\/b>\u00a050<\/span><\/li>\n<li><strong><span style=\"color: #ffff00;\">Designs originaux \u00ab\u00a0Beach Spirit\u00a0\u00bb en<\/span> <a href=\"https:\/\/fr.wikipedia.org\/wiki\/S%C3%A9rigraphie\" target=\"_blank\" rel=\"noopener noreferrer\">s\u00e9rigraphie<\/a><\/strong><\/li>\n<\/ul>\n<p><span style=\"color: #ffff00;\"><strong>Sweatshirts capuche Hoodies gris\/rose s\u00e9ries limit\u00e9es Beach Spirit : <\/strong>D\u00e9tails \u00e0 surpiq\u00fbres doubles. Capuche \u00e0 double \u00e9paisseur de tissu, avec doublure contrast\u00e9e dans des couleurs \u00e9lectriques. Cordon plat contrast\u00e9. Tissu en coton doux, l&rsquo;id\u00e9al pour en imprimer la surface. \u00c9tiquette facile \u00e0 d\u00e9chirer, l&rsquo;id\u00e9al pour la remplacer par sa propre marque. Production certifi\u00e9e WRAP (Worldwide Responsible Accredited Production).<\/span><br \/>\n<span style=\"color: #ffff00;\"><b>Instructions de lavage:<\/b><\/span><br \/>\n<span style=\"color: #ffff00;\">Lavage en machine \u00e0 30\u00b0. Ne pas blanchir. S\u00e9chage en machine \u00e0 basse temp\u00e9rature. Repassage v\u00eatement retourn\u00e9 \u00e0 faible temp\u00e9rature. Ne pas nettoyer \u00e0 sec<\/span><\/p>\n<p><a href=\"https:\/\/www.beachspirit.fr\/bs\/spirit-people\/\" target=\"_blank\" rel=\"noopener noreferrer\">Beach Spirit Lifestyle<\/a><\/p>\n","protected":false},"excerpt":{"rendered":"<h3><strong><span style=\"color: #ff6600;\">Hoodies gris\/rose designs originaux Beach Spirit<\/span><\/strong><\/h3>\n","protected":false},"featured_media":25071,"comment_status":"open","ping_status":"closed","template":"","meta":[],"product_brand":[],"product_cat":[560,19,428],"product_tag":[],"class_list":{"0":"post-25064","1":"product","2":"type-product","3":"status-publish","4":"has-post-thumbnail","6":"product_cat-beach-spirit-exclusive","7":"product_cat-bonnets-casquettes-accessoires","8":"product_cat-sportwear-spirit","9":"product_shipping_class-tarif-suivant-poids","11":"first","12":"onbackorder","13":"purchasable","14":"product-type-variable"},"yoast_head":"<!-- This site is optimized with the Yoast SEO plugin v27.5 - https:\/\/yoast.com\/product\/yoast-seo-wordpress\/ -->\n<title>Sweatshirts capuche Hoodies gris\/rose - BEACH SPIRIT<\/title>\n<meta name=\"description\" content=\"Sweatshirts capuche Hoodies gris\/rose s\u00e9ries limit\u00e9es Beach Spirit. Osez des designs originaux en toutes saisons \u00e0 la plage comme en ville\" \/>\n<meta name=\"robots\" content=\"index, follow, max-snippet:-1, max-image-preview:large, max-video-preview:-1\" \/>\n<link rel=\"canonical\" href=\"https:\/\/www.beachspirit.fr\/bs\/produit\/sweatshirts-capuche-hoodies-gris-rose-series-limitees-beach-spirit\/\" \/>\n<meta property=\"og:locale\" content=\"fr_FR\" \/>\n<meta property=\"og:type\" content=\"article\" \/>\n<meta property=\"og:title\" content=\"Sweatshirts capuche Hoodies gris\/rose - BEACH SPIRIT\" \/>\n<meta property=\"og:description\" content=\"Sweatshirts capuche Hoodies gris\/rose s\u00e9ries limit\u00e9es Beach Spirit. Osez des designs originaux en toutes saisons \u00e0 la plage comme en ville\" \/>\n<meta property=\"og:url\" content=\"https:\/\/www.beachspirit.fr\/bs\/produit\/sweatshirts-capuche-hoodies-gris-rose-series-limitees-beach-spirit\/\" \/>\n<meta property=\"og:site_name\" content=\"BEACH SPIRIT\" \/>\n<meta property=\"article:publisher\" content=\"https:\/\/www.facebook.com\/beachspirit.fr\/\" \/>\n<meta property=\"article:modified_time\" content=\"2022-11-07T11:31:19+00:00\" \/>\n<meta property=\"og:image\" content=\"https:\/\/www.beachspirit.fr\/bs\/wp-content\/uploads\/2020\/04\/JH013_HeatherGrey_-ElectricPink_i-come-in-peace_FT-scaled.jpg\" \/>\n\t<meta property=\"og:image:width\" content=\"1758\" \/>\n\t<meta property=\"og:image:height\" content=\"2560\" \/>\n\t<meta property=\"og:image:type\" content=\"image\/jpeg\" \/>\n<meta name=\"twitter:card\" content=\"summary_large_image\" \/>\n<meta name=\"twitter:label1\" content=\"Dur\u00e9e de lecture estim\u00e9e\" \/>\n\t<meta name=\"twitter:data1\" content=\"1 minute\" \/>\n<script type=\"application\/ld+json\" class=\"yoast-schema-graph\">{\"@context\":\"https:\\\/\\\/schema.org\",\"@graph\":[{\"@type\":\"WebPage\",\"@id\":\"https:\\\/\\\/www.beachspirit.fr\\\/bs\\\/produit\\\/sweatshirts-capuche-hoodies-gris-rose-series-limitees-beach-spirit\\\/\",\"url\":\"https:\\\/\\\/www.beachspirit.fr\\\/bs\\\/produit\\\/sweatshirts-capuche-hoodies-gris-rose-series-limitees-beach-spirit\\\/\",\"name\":\"Sweatshirts capuche Hoodies gris\\\/rose - BEACH SPIRIT\",\"isPartOf\":{\"@id\":\"https:\\\/\\\/www.beachspirit.fr\\\/bs\\\/#website\"},\"primaryImageOfPage\":{\"@id\":\"https:\\\/\\\/www.beachspirit.fr\\\/bs\\\/produit\\\/sweatshirts-capuche-hoodies-gris-rose-series-limitees-beach-spirit\\\/#primaryimage\"},\"image\":{\"@id\":\"https:\\\/\\\/www.beachspirit.fr\\\/bs\\\/produit\\\/sweatshirts-capuche-hoodies-gris-rose-series-limitees-beach-spirit\\\/#primaryimage\"},\"thumbnailUrl\":\"https:\\\/\\\/www.beachspirit.fr\\\/bs\\\/wp-content\\\/uploads\\\/2020\\\/04\\\/JH013_HeatherGrey_-ElectricPink_i-come-in-peace_FT-scaled.jpg\",\"datePublished\":\"2020-04-14T16:03:21+00:00\",\"dateModified\":\"2022-11-07T11:31:19+00:00\",\"description\":\"Sweatshirts capuche Hoodies gris\\\/rose s\u00e9ries limit\u00e9es Beach Spirit. Osez des designs originaux en toutes saisons \u00e0 la plage comme en ville\",\"breadcrumb\":{\"@id\":\"https:\\\/\\\/www.beachspirit.fr\\\/bs\\\/produit\\\/sweatshirts-capuche-hoodies-gris-rose-series-limitees-beach-spirit\\\/#breadcrumb\"},\"inLanguage\":\"fr-FR\",\"potentialAction\":[{\"@type\":\"ReadAction\",\"target\":[\"https:\\\/\\\/www.beachspirit.fr\\\/bs\\\/produit\\\/sweatshirts-capuche-hoodies-gris-rose-series-limitees-beach-spirit\\\/\"]}]},{\"@type\":\"ImageObject\",\"inLanguage\":\"fr-FR\",\"@id\":\"https:\\\/\\\/www.beachspirit.fr\\\/bs\\\/produit\\\/sweatshirts-capuche-hoodies-gris-rose-series-limitees-beach-spirit\\\/#primaryimage\",\"url\":\"https:\\\/\\\/www.beachspirit.fr\\\/bs\\\/wp-content\\\/uploads\\\/2020\\\/04\\\/JH013_HeatherGrey_-ElectricPink_i-come-in-peace_FT-scaled.jpg\",\"contentUrl\":\"https:\\\/\\\/www.beachspirit.fr\\\/bs\\\/wp-content\\\/uploads\\\/2020\\\/04\\\/JH013_HeatherGrey_-ElectricPink_i-come-in-peace_FT-scaled.jpg\",\"width\":1758,\"height\":2560,\"caption\":\"sweatshirts hoodies s\u00e9ries limit\u00e9es\"},{\"@type\":\"BreadcrumbList\",\"@id\":\"https:\\\/\\\/www.beachspirit.fr\\\/bs\\\/produit\\\/sweatshirts-capuche-hoodies-gris-rose-series-limitees-beach-spirit\\\/#breadcrumb\",\"itemListElement\":[{\"@type\":\"ListItem\",\"position\":1,\"name\":\"Accueil\",\"item\":\"https:\\\/\\\/www.beachspirit.fr\\\/bs\\\/\"},{\"@type\":\"ListItem\",\"position\":2,\"name\":\"Boutique\",\"item\":\"https:\\\/\\\/www.beachspirit.fr\\\/bs\\\/boutique\\\/\"},{\"@type\":\"ListItem\",\"position\":3,\"name\":\"Sweatshirts Hoodies gris\\\/rose s\u00e9ries limit\u00e9es Beach Spirit\"}]},{\"@type\":\"WebSite\",\"@id\":\"https:\\\/\\\/www.beachspirit.fr\\\/bs\\\/#website\",\"url\":\"https:\\\/\\\/www.beachspirit.fr\\\/bs\\\/\",\"name\":\"BEACH SPIRIT\",\"description\":\"beach spirit approved\",\"publisher\":{\"@id\":\"https:\\\/\\\/www.beachspirit.fr\\\/bs\\\/#organization\"},\"potentialAction\":[{\"@type\":\"SearchAction\",\"target\":{\"@type\":\"EntryPoint\",\"urlTemplate\":\"https:\\\/\\\/www.beachspirit.fr\\\/bs\\\/?s={search_term_string}\"},\"query-input\":{\"@type\":\"PropertyValueSpecification\",\"valueRequired\":true,\"valueName\":\"search_term_string\"}}],\"inLanguage\":\"fr-FR\"},{\"@type\":\"Organization\",\"@id\":\"https:\\\/\\\/www.beachspirit.fr\\\/bs\\\/#organization\",\"name\":\"BEACH SPIRIT\",\"url\":\"https:\\\/\\\/www.beachspirit.fr\\\/bs\\\/\",\"logo\":{\"@type\":\"ImageObject\",\"inLanguage\":\"fr-FR\",\"@id\":\"https:\\\/\\\/www.beachspirit.fr\\\/bs\\\/#\\\/schema\\\/logo\\\/image\\\/\",\"url\":\"http:\\\/\\\/www.beachspirit.fr\\\/bs\\\/wp-content\\\/uploads\\\/2020\\\/03\\\/logoBS-petit-2.png\",\"contentUrl\":\"http:\\\/\\\/www.beachspirit.fr\\\/bs\\\/wp-content\\\/uploads\\\/2020\\\/03\\\/logoBS-petit-2.png\",\"width\":200,\"height\":117,\"caption\":\"BEACH SPIRIT\"},\"image\":{\"@id\":\"https:\\\/\\\/www.beachspirit.fr\\\/bs\\\/#\\\/schema\\\/logo\\\/image\\\/\"},\"sameAs\":[\"https:\\\/\\\/www.facebook.com\\\/beachspirit.fr\\\/\",\"https:\\\/\\\/www.instagram.com\\\/beachspirit.fr\\\/\"]}]}<\/script>\n<!-- \/ Yoast SEO plugin. -->","yoast_head_json":{"title":"Sweatshirts capuche Hoodies gris\/rose - BEACH SPIRIT","description":"Sweatshirts capuche Hoodies gris\/rose s\u00e9ries limit\u00e9es Beach Spirit. Osez des designs originaux en toutes saisons \u00e0 la plage comme en ville","robots":{"index":"index","follow":"follow","max-snippet":"max-snippet:-1","max-image-preview":"max-image-preview:large","max-video-preview":"max-video-preview:-1"},"canonical":"https:\/\/www.beachspirit.fr\/bs\/produit\/sweatshirts-capuche-hoodies-gris-rose-series-limitees-beach-spirit\/","og_locale":"fr_FR","og_type":"article","og_title":"Sweatshirts capuche Hoodies gris\/rose - BEACH SPIRIT","og_description":"Sweatshirts capuche Hoodies gris\/rose s\u00e9ries limit\u00e9es Beach Spirit. Osez des designs originaux en toutes saisons \u00e0 la plage comme en ville","og_url":"https:\/\/www.beachspirit.fr\/bs\/produit\/sweatshirts-capuche-hoodies-gris-rose-series-limitees-beach-spirit\/","og_site_name":"BEACH SPIRIT","article_publisher":"https:\/\/www.facebook.com\/beachspirit.fr\/","article_modified_time":"2022-11-07T11:31:19+00:00","og_image":[{"width":1758,"height":2560,"url":"https:\/\/www.beachspirit.fr\/bs\/wp-content\/uploads\/2020\/04\/JH013_HeatherGrey_-ElectricPink_i-come-in-peace_FT-scaled.jpg","type":"image\/jpeg"}],"twitter_card":"summary_large_image","twitter_misc":{"Dur\u00e9e de lecture estim\u00e9e":"1 minute"},"schema":{"@context":"https:\/\/schema.org","@graph":[{"@type":"WebPage","@id":"https:\/\/www.beachspirit.fr\/bs\/produit\/sweatshirts-capuche-hoodies-gris-rose-series-limitees-beach-spirit\/","url":"https:\/\/www.beachspirit.fr\/bs\/produit\/sweatshirts-capuche-hoodies-gris-rose-series-limitees-beach-spirit\/","name":"Sweatshirts capuche Hoodies gris\/rose - BEACH SPIRIT","isPartOf":{"@id":"https:\/\/www.beachspirit.fr\/bs\/#website"},"primaryImageOfPage":{"@id":"https:\/\/www.beachspirit.fr\/bs\/produit\/sweatshirts-capuche-hoodies-gris-rose-series-limitees-beach-spirit\/#primaryimage"},"image":{"@id":"https:\/\/www.beachspirit.fr\/bs\/produit\/sweatshirts-capuche-hoodies-gris-rose-series-limitees-beach-spirit\/#primaryimage"},"thumbnailUrl":"https:\/\/www.beachspirit.fr\/bs\/wp-content\/uploads\/2020\/04\/JH013_HeatherGrey_-ElectricPink_i-come-in-peace_FT-scaled.jpg","datePublished":"2020-04-14T16:03:21+00:00","dateModified":"2022-11-07T11:31:19+00:00","description":"Sweatshirts capuche Hoodies gris\/rose s\u00e9ries limit\u00e9es Beach Spirit. Osez des designs originaux en toutes saisons \u00e0 la plage comme en ville","breadcrumb":{"@id":"https:\/\/www.beachspirit.fr\/bs\/produit\/sweatshirts-capuche-hoodies-gris-rose-series-limitees-beach-spirit\/#breadcrumb"},"inLanguage":"fr-FR","potentialAction":[{"@type":"ReadAction","target":["https:\/\/www.beachspirit.fr\/bs\/produit\/sweatshirts-capuche-hoodies-gris-rose-series-limitees-beach-spirit\/"]}]},{"@type":"ImageObject","inLanguage":"fr-FR","@id":"https:\/\/www.beachspirit.fr\/bs\/produit\/sweatshirts-capuche-hoodies-gris-rose-series-limitees-beach-spirit\/#primaryimage","url":"https:\/\/www.beachspirit.fr\/bs\/wp-content\/uploads\/2020\/04\/JH013_HeatherGrey_-ElectricPink_i-come-in-peace_FT-scaled.jpg","contentUrl":"https:\/\/www.beachspirit.fr\/bs\/wp-content\/uploads\/2020\/04\/JH013_HeatherGrey_-ElectricPink_i-come-in-peace_FT-scaled.jpg","width":1758,"height":2560,"caption":"sweatshirts hoodies s\u00e9ries limit\u00e9es"},{"@type":"BreadcrumbList","@id":"https:\/\/www.beachspirit.fr\/bs\/produit\/sweatshirts-capuche-hoodies-gris-rose-series-limitees-beach-spirit\/#breadcrumb","itemListElement":[{"@type":"ListItem","position":1,"name":"Accueil","item":"https:\/\/www.beachspirit.fr\/bs\/"},{"@type":"ListItem","position":2,"name":"Boutique","item":"https:\/\/www.beachspirit.fr\/bs\/boutique\/"},{"@type":"ListItem","position":3,"name":"Sweatshirts Hoodies gris\/rose s\u00e9ries limit\u00e9es Beach Spirit"}]},{"@type":"WebSite","@id":"https:\/\/www.beachspirit.fr\/bs\/#website","url":"https:\/\/www.beachspirit.fr\/bs\/","name":"BEACH SPIRIT","description":"beach spirit approved","publisher":{"@id":"https:\/\/www.beachspirit.fr\/bs\/#organization"},"potentialAction":[{"@type":"SearchAction","target":{"@type":"EntryPoint","urlTemplate":"https:\/\/www.beachspirit.fr\/bs\/?s={search_term_string}"},"query-input":{"@type":"PropertyValueSpecification","valueRequired":true,"valueName":"search_term_string"}}],"inLanguage":"fr-FR"},{"@type":"Organization","@id":"https:\/\/www.beachspirit.fr\/bs\/#organization","name":"BEACH SPIRIT","url":"https:\/\/www.beachspirit.fr\/bs\/","logo":{"@type":"ImageObject","inLanguage":"fr-FR","@id":"https:\/\/www.beachspirit.fr\/bs\/#\/schema\/logo\/image\/","url":"http:\/\/www.beachspirit.fr\/bs\/wp-content\/uploads\/2020\/03\/logoBS-petit-2.png","contentUrl":"http:\/\/www.beachspirit.fr\/bs\/wp-content\/uploads\/2020\/03\/logoBS-petit-2.png","width":200,"height":117,"caption":"BEACH SPIRIT"},"image":{"@id":"https:\/\/www.beachspirit.fr\/bs\/#\/schema\/logo\/image\/"},"sameAs":["https:\/\/www.facebook.com\/beachspirit.fr\/","https:\/\/www.instagram.com\/beachspirit.fr\/"]}]}},"_links":{"self":[{"href":"https:\/\/www.beachspirit.fr\/bs\/wp-json\/wp\/v2\/product\/25064","targetHints":{"allow":["GET"]}}],"collection":[{"href":"https:\/\/www.beachspirit.fr\/bs\/wp-json\/wp\/v2\/product"}],"about":[{"href":"https:\/\/www.beachspirit.fr\/bs\/wp-json\/wp\/v2\/types\/product"}],"replies":[{"embeddable":true,"href":"https:\/\/www.beachspirit.fr\/bs\/wp-json\/wp\/v2\/comments?post=25064"}],"wp:featuredmedia":[{"embeddable":true,"href":"https:\/\/www.beachspirit.fr\/bs\/wp-json\/wp\/v2\/media\/25071"}],"wp:attachment":[{"href":"https:\/\/www.beachspirit.fr\/bs\/wp-json\/wp\/v2\/media?parent=25064"}],"wp:term":[{"taxonomy":"product_brand","embeddable":true,"href":"https:\/\/www.beachspirit.fr\/bs\/wp-json\/wp\/v2\/product_brand?post=25064"},{"taxonomy":"product_cat","embeddable":true,"href":"https:\/\/www.beachspirit.fr\/bs\/wp-json\/wp\/v2\/product_cat?post=25064"},{"taxonomy":"product_tag","embeddable":true,"href":"https:\/\/www.beachspirit.fr\/bs\/wp-json\/wp\/v2\/product_tag?post=25064"}],"curies":[{"name":"wp","href":"https:\/\/api.w.org\/{rel}","templated":true}]}}