{"id":25206,"date":"2020-04-20T13:12:37","date_gmt":"2020-04-20T12:12:37","guid":{"rendered":"https:\/\/www.beachspirit.fr\/bs\/?post_type=product&#038;p=25206"},"modified":"2025-05-22T10:15:17","modified_gmt":"2025-05-22T09:15:17","slug":"poulies-simple-friction-viadana-38mm-ref-v90-01","status":"publish","type":"product","link":"https:\/\/www.beachspirit.fr\/bs\/produit\/poulies-simple-friction-viadana-38mm-ref-v90-01\/","title":{"rendered":"Poulies simple \u00e0 friction viadana 45mm ref V90.01\u00e0 partir de 7.61\u20ac"},"content":{"rendered":"<h3><span style=\"color: #ff6600;\">Poulies simple \u00e0 friction viadana 45mm ref V90.01<\/span><\/h3>\n<p><span style=\"color: #000000;\">poulies \u00e9conomique simple \u00e0 friction de fabrication italienne, r\u00e9a de 45mm et joues pleines. D&rsquo;un excellent rapport qualit\u00e9 prix cette poulie Viadana test\u00e9e et approuv\u00e9e en \u00e9cole est parfaite pour la voile l\u00e9g\u00e8re et le char \u00e0 voile.<\/span><\/p>\n<p><span style=\"color: #000000;\">Sans \u00e9merillon cette poulie ne risquera pas de tourner sur elle m\u00eame et emp\u00eachera l&#8217;emm\u00ealage de l&rsquo;\u00e9coute<\/span><\/p>\n<p><span style=\"color: #000000;\">A attacher avec une manille (droite ou torse suivant orientation du point de\u00a0 fixation) diam 5mm ou plus<\/span><\/p>\n<p><span style=\"color: #000000;\">Ecoute pr\u00e9conis\u00e9e de diam 8 ou 10mm<\/span><\/p>\n<p>&nbsp;<\/p>\n<p><span style=\"color: #000000;\">Vous cherchez un produit sp\u00e9cifique :<\/span><\/p>\n<p><span style=\"color: #000000;\"><a style=\"color: #000000;\" href=\"http:\/\/www.viadana.it\/wp-content\/uploads\/2014\/04\/viadana_bassa.pdf\" target=\"_blank\" rel=\"noopener noreferrer\">http:\/\/www.viadana.it\/wp-content\/uploads\/2014\/04\/viadana_bassa.pdf <\/a>et n&rsquo;h\u00e9sitez pas \u00e0 nous <a style=\"color: #000000;\" href=\"https:\/\/www.beachspirit.fr\/bs\/nous-contacter\/\" target=\"_blank\" rel=\"noopener noreferrer\">contacter<\/a><\/span><\/p>\n","protected":false},"excerpt":{"rendered":"<h2><span style=\"color: #ff6600;\">Poulies simple \u00e0 friction viadana 45mm ref V90.01<\/span><\/h2>\n<p><span style=\"color: #000000;\">Minimum 10 pieces<\/span><\/p>\n<p><span style=\"color: #000000;\"><strong>A partir de 7.61\u20ac<\/strong><\/span><\/p>\n<p>&nbsp;<\/p>\n","protected":false},"featured_media":27712,"comment_status":"open","ping_status":"closed","template":"","meta":[],"product_brand":[],"product_cat":[181,408],"product_tag":[],"class_list":{"0":"post-25206","1":"product","2":"type-product","3":"status-publish","4":"has-post-thumbnail","6":"product_cat-accastillage-pro","7":"product_cat-articles-techniques-pro","8":"product_shipping_class-tarif-suivant-poids","10":"first","11":"onbackorder","12":"purchasable","13":"product-type-simple"},"yoast_head":"<!-- This site is optimized with the Yoast SEO plugin v27.5 - https:\/\/yoast.com\/product\/yoast-seo-wordpress\/ -->\n<title>Poulies simple \u00e0 friction viadana 45mm ref V90.01\u00e0 partir de 7.61\u20ac -<\/title>\n<meta name=\"description\" content=\"poulies \u00e9conomique simple \u00e0 friction de fabrication italienne, r\u00e9a de 45mm et joues pleines. D&#039;un excellent rapport qualit\u00e9 prix cette poulie Viadana test\u00e9e et approuv\u00e9e en \u00e9cole est parfaite pour la voile l\u00e9g\u00e8re et le char \u00e0 voile.\" \/>\n<meta name=\"robots\" content=\"index, follow, max-snippet:-1, max-image-preview:large, max-video-preview:-1\" \/>\n<link rel=\"canonical\" href=\"https:\/\/www.beachspirit.fr\/bs\/produit\/poulies-simple-friction-viadana-38mm-ref-v90-01\/\" \/>\n<meta property=\"og:locale\" content=\"fr_FR\" \/>\n<meta property=\"og:type\" content=\"article\" \/>\n<meta property=\"og:title\" content=\"Poulies simple \u00e0 friction viadana 45mm ref V90.01\u00e0 partir de 7.61\u20ac -\" \/>\n<meta property=\"og:description\" content=\"poulies \u00e9conomique simple \u00e0 friction de fabrication italienne, r\u00e9a de 45mm et joues pleines. D&#039;un excellent rapport qualit\u00e9 prix cette poulie Viadana test\u00e9e et approuv\u00e9e en \u00e9cole est parfaite pour la voile l\u00e9g\u00e8re et le char \u00e0 voile.\" \/>\n<meta property=\"og:url\" content=\"https:\/\/www.beachspirit.fr\/bs\/produit\/poulies-simple-friction-viadana-38mm-ref-v90-01\/\" \/>\n<meta property=\"og:site_name\" content=\"BEACH SPIRIT\" \/>\n<meta property=\"article:publisher\" content=\"https:\/\/www.facebook.com\/beachspirit.fr\/\" \/>\n<meta property=\"article:modified_time\" content=\"2025-05-22T09:15:17+00:00\" \/>\n<meta property=\"og:image\" content=\"https:\/\/www.beachspirit.fr\/bs\/wp-content\/uploads\/2020\/04\/Capture-90.01.png\" \/>\n\t<meta property=\"og:image:width\" content=\"216\" \/>\n\t<meta property=\"og:image:height\" content=\"211\" \/>\n\t<meta property=\"og:image:type\" content=\"image\/png\" \/>\n<meta name=\"twitter:card\" content=\"summary_large_image\" \/>\n<meta name=\"twitter:label1\" content=\"Dur\u00e9e de lecture estim\u00e9e\" \/>\n\t<meta name=\"twitter:data1\" content=\"1 minute\" \/>\n<script type=\"application\/ld+json\" class=\"yoast-schema-graph\">{\"@context\":\"https:\\\/\\\/schema.org\",\"@graph\":[{\"@type\":\"WebPage\",\"@id\":\"https:\\\/\\\/www.beachspirit.fr\\\/bs\\\/produit\\\/poulies-simple-friction-viadana-38mm-ref-v90-01\\\/\",\"url\":\"https:\\\/\\\/www.beachspirit.fr\\\/bs\\\/produit\\\/poulies-simple-friction-viadana-38mm-ref-v90-01\\\/\",\"name\":\"Poulies simple \u00e0 friction viadana 45mm ref V90.01\u00e0 partir de 7.61\u20ac -\",\"isPartOf\":{\"@id\":\"https:\\\/\\\/www.beachspirit.fr\\\/bs\\\/#website\"},\"primaryImageOfPage\":{\"@id\":\"https:\\\/\\\/www.beachspirit.fr\\\/bs\\\/produit\\\/poulies-simple-friction-viadana-38mm-ref-v90-01\\\/#primaryimage\"},\"image\":{\"@id\":\"https:\\\/\\\/www.beachspirit.fr\\\/bs\\\/produit\\\/poulies-simple-friction-viadana-38mm-ref-v90-01\\\/#primaryimage\"},\"thumbnailUrl\":\"https:\\\/\\\/www.beachspirit.fr\\\/bs\\\/wp-content\\\/uploads\\\/2020\\\/04\\\/Capture-90.01.png\",\"datePublished\":\"2020-04-20T12:12:37+00:00\",\"dateModified\":\"2025-05-22T09:15:17+00:00\",\"description\":\"poulies \u00e9conomique simple \u00e0 friction de fabrication italienne, r\u00e9a de 45mm et joues pleines. D'un excellent rapport qualit\u00e9 prix cette poulie Viadana test\u00e9e et approuv\u00e9e en \u00e9cole est parfaite pour la voile l\u00e9g\u00e8re et le char \u00e0 voile.\",\"breadcrumb\":{\"@id\":\"https:\\\/\\\/www.beachspirit.fr\\\/bs\\\/produit\\\/poulies-simple-friction-viadana-38mm-ref-v90-01\\\/#breadcrumb\"},\"inLanguage\":\"fr-FR\",\"potentialAction\":[{\"@type\":\"ReadAction\",\"target\":[\"https:\\\/\\\/www.beachspirit.fr\\\/bs\\\/produit\\\/poulies-simple-friction-viadana-38mm-ref-v90-01\\\/\"]}]},{\"@type\":\"ImageObject\",\"inLanguage\":\"fr-FR\",\"@id\":\"https:\\\/\\\/www.beachspirit.fr\\\/bs\\\/produit\\\/poulies-simple-friction-viadana-38mm-ref-v90-01\\\/#primaryimage\",\"url\":\"https:\\\/\\\/www.beachspirit.fr\\\/bs\\\/wp-content\\\/uploads\\\/2020\\\/04\\\/Capture-90.01.png\",\"contentUrl\":\"https:\\\/\\\/www.beachspirit.fr\\\/bs\\\/wp-content\\\/uploads\\\/2020\\\/04\\\/Capture-90.01.png\",\"width\":216,\"height\":211,\"caption\":\"poulie simple \u00e0 friction 45 mm viadana 90.01\"},{\"@type\":\"BreadcrumbList\",\"@id\":\"https:\\\/\\\/www.beachspirit.fr\\\/bs\\\/produit\\\/poulies-simple-friction-viadana-38mm-ref-v90-01\\\/#breadcrumb\",\"itemListElement\":[{\"@type\":\"ListItem\",\"position\":1,\"name\":\"Accueil\",\"item\":\"https:\\\/\\\/www.beachspirit.fr\\\/bs\\\/\"},{\"@type\":\"ListItem\",\"position\":2,\"name\":\"Boutique\",\"item\":\"https:\\\/\\\/www.beachspirit.fr\\\/bs\\\/boutique\\\/\"},{\"@type\":\"ListItem\",\"position\":3,\"name\":\"Poulies simple \u00e0 friction viadana 45mm ref V90.01\u00e0 partir de 7.61\u20ac\"}]},{\"@type\":\"WebSite\",\"@id\":\"https:\\\/\\\/www.beachspirit.fr\\\/bs\\\/#website\",\"url\":\"https:\\\/\\\/www.beachspirit.fr\\\/bs\\\/\",\"name\":\"BEACH SPIRIT\",\"description\":\"beach spirit approved\",\"publisher\":{\"@id\":\"https:\\\/\\\/www.beachspirit.fr\\\/bs\\\/#organization\"},\"potentialAction\":[{\"@type\":\"SearchAction\",\"target\":{\"@type\":\"EntryPoint\",\"urlTemplate\":\"https:\\\/\\\/www.beachspirit.fr\\\/bs\\\/?s={search_term_string}\"},\"query-input\":{\"@type\":\"PropertyValueSpecification\",\"valueRequired\":true,\"valueName\":\"search_term_string\"}}],\"inLanguage\":\"fr-FR\"},{\"@type\":\"Organization\",\"@id\":\"https:\\\/\\\/www.beachspirit.fr\\\/bs\\\/#organization\",\"name\":\"BEACH SPIRIT\",\"url\":\"https:\\\/\\\/www.beachspirit.fr\\\/bs\\\/\",\"logo\":{\"@type\":\"ImageObject\",\"inLanguage\":\"fr-FR\",\"@id\":\"https:\\\/\\\/www.beachspirit.fr\\\/bs\\\/#\\\/schema\\\/logo\\\/image\\\/\",\"url\":\"http:\\\/\\\/www.beachspirit.fr\\\/bs\\\/wp-content\\\/uploads\\\/2020\\\/03\\\/logoBS-petit-2.png\",\"contentUrl\":\"http:\\\/\\\/www.beachspirit.fr\\\/bs\\\/wp-content\\\/uploads\\\/2020\\\/03\\\/logoBS-petit-2.png\",\"width\":200,\"height\":117,\"caption\":\"BEACH SPIRIT\"},\"image\":{\"@id\":\"https:\\\/\\\/www.beachspirit.fr\\\/bs\\\/#\\\/schema\\\/logo\\\/image\\\/\"},\"sameAs\":[\"https:\\\/\\\/www.facebook.com\\\/beachspirit.fr\\\/\",\"https:\\\/\\\/www.instagram.com\\\/beachspirit.fr\\\/\"]}]}<\/script>\n<!-- \/ Yoast SEO plugin. -->","yoast_head_json":{"title":"Poulies simple \u00e0 friction viadana 45mm ref V90.01\u00e0 partir de 7.61\u20ac -","description":"poulies \u00e9conomique simple \u00e0 friction de fabrication italienne, r\u00e9a de 45mm et joues pleines. D'un excellent rapport qualit\u00e9 prix cette poulie Viadana test\u00e9e et approuv\u00e9e en \u00e9cole est parfaite pour la voile l\u00e9g\u00e8re et le char \u00e0 voile.","robots":{"index":"index","follow":"follow","max-snippet":"max-snippet:-1","max-image-preview":"max-image-preview:large","max-video-preview":"max-video-preview:-1"},"canonical":"https:\/\/www.beachspirit.fr\/bs\/produit\/poulies-simple-friction-viadana-38mm-ref-v90-01\/","og_locale":"fr_FR","og_type":"article","og_title":"Poulies simple \u00e0 friction viadana 45mm ref V90.01\u00e0 partir de 7.61\u20ac -","og_description":"poulies \u00e9conomique simple \u00e0 friction de fabrication italienne, r\u00e9a de 45mm et joues pleines. D'un excellent rapport qualit\u00e9 prix cette poulie Viadana test\u00e9e et approuv\u00e9e en \u00e9cole est parfaite pour la voile l\u00e9g\u00e8re et le char \u00e0 voile.","og_url":"https:\/\/www.beachspirit.fr\/bs\/produit\/poulies-simple-friction-viadana-38mm-ref-v90-01\/","og_site_name":"BEACH SPIRIT","article_publisher":"https:\/\/www.facebook.com\/beachspirit.fr\/","article_modified_time":"2025-05-22T09:15:17+00:00","og_image":[{"width":216,"height":211,"url":"https:\/\/www.beachspirit.fr\/bs\/wp-content\/uploads\/2020\/04\/Capture-90.01.png","type":"image\/png"}],"twitter_card":"summary_large_image","twitter_misc":{"Dur\u00e9e de lecture estim\u00e9e":"1 minute"},"schema":{"@context":"https:\/\/schema.org","@graph":[{"@type":"WebPage","@id":"https:\/\/www.beachspirit.fr\/bs\/produit\/poulies-simple-friction-viadana-38mm-ref-v90-01\/","url":"https:\/\/www.beachspirit.fr\/bs\/produit\/poulies-simple-friction-viadana-38mm-ref-v90-01\/","name":"Poulies simple \u00e0 friction viadana 45mm ref V90.01\u00e0 partir de 7.61\u20ac -","isPartOf":{"@id":"https:\/\/www.beachspirit.fr\/bs\/#website"},"primaryImageOfPage":{"@id":"https:\/\/www.beachspirit.fr\/bs\/produit\/poulies-simple-friction-viadana-38mm-ref-v90-01\/#primaryimage"},"image":{"@id":"https:\/\/www.beachspirit.fr\/bs\/produit\/poulies-simple-friction-viadana-38mm-ref-v90-01\/#primaryimage"},"thumbnailUrl":"https:\/\/www.beachspirit.fr\/bs\/wp-content\/uploads\/2020\/04\/Capture-90.01.png","datePublished":"2020-04-20T12:12:37+00:00","dateModified":"2025-05-22T09:15:17+00:00","description":"poulies \u00e9conomique simple \u00e0 friction de fabrication italienne, r\u00e9a de 45mm et joues pleines. D'un excellent rapport qualit\u00e9 prix cette poulie Viadana test\u00e9e et approuv\u00e9e en \u00e9cole est parfaite pour la voile l\u00e9g\u00e8re et le char \u00e0 voile.","breadcrumb":{"@id":"https:\/\/www.beachspirit.fr\/bs\/produit\/poulies-simple-friction-viadana-38mm-ref-v90-01\/#breadcrumb"},"inLanguage":"fr-FR","potentialAction":[{"@type":"ReadAction","target":["https:\/\/www.beachspirit.fr\/bs\/produit\/poulies-simple-friction-viadana-38mm-ref-v90-01\/"]}]},{"@type":"ImageObject","inLanguage":"fr-FR","@id":"https:\/\/www.beachspirit.fr\/bs\/produit\/poulies-simple-friction-viadana-38mm-ref-v90-01\/#primaryimage","url":"https:\/\/www.beachspirit.fr\/bs\/wp-content\/uploads\/2020\/04\/Capture-90.01.png","contentUrl":"https:\/\/www.beachspirit.fr\/bs\/wp-content\/uploads\/2020\/04\/Capture-90.01.png","width":216,"height":211,"caption":"poulie simple \u00e0 friction 45 mm viadana 90.01"},{"@type":"BreadcrumbList","@id":"https:\/\/www.beachspirit.fr\/bs\/produit\/poulies-simple-friction-viadana-38mm-ref-v90-01\/#breadcrumb","itemListElement":[{"@type":"ListItem","position":1,"name":"Accueil","item":"https:\/\/www.beachspirit.fr\/bs\/"},{"@type":"ListItem","position":2,"name":"Boutique","item":"https:\/\/www.beachspirit.fr\/bs\/boutique\/"},{"@type":"ListItem","position":3,"name":"Poulies simple \u00e0 friction viadana 45mm ref V90.01\u00e0 partir de 7.61\u20ac"}]},{"@type":"WebSite","@id":"https:\/\/www.beachspirit.fr\/bs\/#website","url":"https:\/\/www.beachspirit.fr\/bs\/","name":"BEACH SPIRIT","description":"beach spirit approved","publisher":{"@id":"https:\/\/www.beachspirit.fr\/bs\/#organization"},"potentialAction":[{"@type":"SearchAction","target":{"@type":"EntryPoint","urlTemplate":"https:\/\/www.beachspirit.fr\/bs\/?s={search_term_string}"},"query-input":{"@type":"PropertyValueSpecification","valueRequired":true,"valueName":"search_term_string"}}],"inLanguage":"fr-FR"},{"@type":"Organization","@id":"https:\/\/www.beachspirit.fr\/bs\/#organization","name":"BEACH SPIRIT","url":"https:\/\/www.beachspirit.fr\/bs\/","logo":{"@type":"ImageObject","inLanguage":"fr-FR","@id":"https:\/\/www.beachspirit.fr\/bs\/#\/schema\/logo\/image\/","url":"http:\/\/www.beachspirit.fr\/bs\/wp-content\/uploads\/2020\/03\/logoBS-petit-2.png","contentUrl":"http:\/\/www.beachspirit.fr\/bs\/wp-content\/uploads\/2020\/03\/logoBS-petit-2.png","width":200,"height":117,"caption":"BEACH SPIRIT"},"image":{"@id":"https:\/\/www.beachspirit.fr\/bs\/#\/schema\/logo\/image\/"},"sameAs":["https:\/\/www.facebook.com\/beachspirit.fr\/","https:\/\/www.instagram.com\/beachspirit.fr\/"]}]}},"_links":{"self":[{"href":"https:\/\/www.beachspirit.fr\/bs\/wp-json\/wp\/v2\/product\/25206","targetHints":{"allow":["GET"]}}],"collection":[{"href":"https:\/\/www.beachspirit.fr\/bs\/wp-json\/wp\/v2\/product"}],"about":[{"href":"https:\/\/www.beachspirit.fr\/bs\/wp-json\/wp\/v2\/types\/product"}],"replies":[{"embeddable":true,"href":"https:\/\/www.beachspirit.fr\/bs\/wp-json\/wp\/v2\/comments?post=25206"}],"wp:featuredmedia":[{"embeddable":true,"href":"https:\/\/www.beachspirit.fr\/bs\/wp-json\/wp\/v2\/media\/27712"}],"wp:attachment":[{"href":"https:\/\/www.beachspirit.fr\/bs\/wp-json\/wp\/v2\/media?parent=25206"}],"wp:term":[{"taxonomy":"product_brand","embeddable":true,"href":"https:\/\/www.beachspirit.fr\/bs\/wp-json\/wp\/v2\/product_brand?post=25206"},{"taxonomy":"product_cat","embeddable":true,"href":"https:\/\/www.beachspirit.fr\/bs\/wp-json\/wp\/v2\/product_cat?post=25206"},{"taxonomy":"product_tag","embeddable":true,"href":"https:\/\/www.beachspirit.fr\/bs\/wp-json\/wp\/v2\/product_tag?post=25206"}],"curies":[{"name":"wp","href":"https:\/\/api.w.org\/{rel}","templated":true}]}}