{"id":25233,"date":"2020-04-21T13:31:33","date_gmt":"2020-04-21T12:31:33","guid":{"rendered":"https:\/\/www.beachspirit.fr\/bs\/?post_type=product&#038;p=25233"},"modified":"2025-06-20T11:17:43","modified_gmt":"2025-06-20T10:17:43","slug":"poulies-a-billes-et-emerillon-viadana-38mm-v11-82-pro","status":"publish","type":"product","link":"https:\/\/www.beachspirit.fr\/bs\/produit\/poulies-a-billes-et-emerillon-viadana-38mm-v11-82-pro\/","title":{"rendered":"Poulies \u00e0 billes et \u00e9merillon viadana 38mm V11.82 \u00e0 partir de 13.20\u20ac"},"content":{"rendered":"<h3><span style=\"color: #ff6600;\">Poulies \u00e0 billes et \u00e9merillon viadana 38mm<\/span><\/h3>\n<p><span style=\"color: #ffff00;\">poulie simple \u00e0 billes et \u00e9merillon de fabrication italienne, r\u00e9a de 38mm et joues pleines d&rsquo;un excellent rapport qualit\u00e9 prix cette poulie Viadana test\u00e9e et approuv\u00e9e en comp\u00e9tition est Id\u00e9ale pour voile l\u00e9g\u00e8re, chars \u00e0 voile \u00e9cole, loisir et Standart.<\/span><\/p>\n<p><span style=\"color: #ffff00;\">Pr\u00e9conis\u00e9e en poulie de sortie de palan<\/span><\/p>\n<p><span style=\"color: #ffff00;\">Ecoute pr\u00e9conis\u00e9e de diam 8mm<\/span><\/p>\n<p>&nbsp;<\/p>\n<p><span style=\"color: #ffff00;\">Vous cherchez un produit sp\u00e9cifique :<\/span><\/p>\n<p><a href=\"http:\/\/www.viadana.it\/wp-content\/uploads\/2014\/04\/viadana_bassa.pdf\" target=\"_blank\" rel=\"noopener noreferrer\">http:\/\/www.viadana.it\/wp-content\/uploads\/2014\/04\/viadana_bassa.pdf <\/a><span style=\"color: #ffff00;\">et n&rsquo;h\u00e9sitez pas \u00e0 nou<\/span>s <a href=\"https:\/\/www.beachspirit.fr\/bs\/nous-contacter\/\" target=\"_blank\" rel=\"noopener noreferrer\">contacter<\/a><\/p>\n","protected":false},"excerpt":{"rendered":"<h2><span style=\"color: #ff6600;\">Poulies simple <\/span><span style=\"color: #ff6600;\">38mm et ringot <\/span><span style=\"color: #ff6600;\">\u00e0 billes viadana\u00a0<\/span><\/h2>\n<p><span style=\"color: #ffff00;\">mini 10 pi\u00e8ces<\/span><\/p>\n<p><span style=\"color: #ffff00;\"><strong>\u00e0 partir de 13.20\u20ac<\/strong><\/span><\/p>\n<p>&nbsp;<\/p>\n","protected":false},"featured_media":29363,"comment_status":"open","ping_status":"closed","template":"","meta":[],"product_brand":[],"product_cat":[181,408,443],"product_tag":[],"class_list":{"0":"post-25233","1":"product","2":"type-product","3":"status-publish","4":"has-post-thumbnail","6":"product_cat-accastillage-pro","7":"product_cat-articles-techniques-pro","8":"product_cat-boutique-clubs-ecoles-voile-char","9":"product_shipping_class-tarif-suivant-poids","11":"first","12":"onbackorder","13":"purchasable","14":"product-type-simple"},"yoast_head":"<!-- This site is optimized with the Yoast SEO plugin v27.4 - https:\/\/yoast.com\/product\/yoast-seo-wordpress\/ -->\n<title>Poulies \u00e0 billes et \u00e9merillon viadana 38mm V11.82 \u00e0 partir de 13.20\u20ac -<\/title>\n<meta name=\"description\" content=\"Poulie \u00e0 billes 38mm emerillon viadana. cette poulie est parfaite pour la sortie de palans d&#039;\u00e9coute de petits chars ou d\u00e9riveurs\" \/>\n<meta name=\"robots\" content=\"index, follow, max-snippet:-1, max-image-preview:large, max-video-preview:-1\" \/>\n<link rel=\"canonical\" href=\"https:\/\/www.beachspirit.fr\/bs\/produit\/poulies-a-billes-et-emerillon-viadana-38mm-v11-82-pro\/\" \/>\n<meta property=\"og:locale\" content=\"fr_FR\" \/>\n<meta property=\"og:type\" content=\"article\" \/>\n<meta property=\"og:title\" content=\"Poulies \u00e0 billes et \u00e9merillon viadana 38mm V11.82 \u00e0 partir de 13.20\u20ac -\" \/>\n<meta property=\"og:description\" content=\"Poulie \u00e0 billes 38mm emerillon viadana. cette poulie est parfaite pour la sortie de palans d&#039;\u00e9coute de petits chars ou d\u00e9riveurs\" \/>\n<meta property=\"og:url\" content=\"https:\/\/www.beachspirit.fr\/bs\/produit\/poulies-a-billes-et-emerillon-viadana-38mm-v11-82-pro\/\" \/>\n<meta property=\"og:site_name\" content=\"BEACH SPIRIT\" \/>\n<meta property=\"article:publisher\" content=\"https:\/\/www.facebook.com\/beachspirit.fr\/\" \/>\n<meta property=\"article:modified_time\" content=\"2025-06-20T10:17:43+00:00\" \/>\n<meta property=\"og:image\" content=\"https:\/\/www.beachspirit.fr\/bs\/wp-content\/uploads\/2020\/04\/Capture-11.82.jpg\" \/>\n\t<meta property=\"og:image:width\" content=\"284\" \/>\n\t<meta property=\"og:image:height\" content=\"231\" \/>\n\t<meta property=\"og:image:type\" content=\"image\/jpeg\" \/>\n<meta name=\"twitter:card\" content=\"summary_large_image\" \/>\n<meta name=\"twitter:label1\" content=\"Dur\u00e9e de lecture estim\u00e9e\" \/>\n\t<meta name=\"twitter:data1\" content=\"1 minute\" \/>\n<script type=\"application\/ld+json\" class=\"yoast-schema-graph\">{\"@context\":\"https:\\\/\\\/schema.org\",\"@graph\":[{\"@type\":\"WebPage\",\"@id\":\"https:\\\/\\\/www.beachspirit.fr\\\/bs\\\/produit\\\/poulies-a-billes-et-emerillon-viadana-38mm-v11-82-pro\\\/\",\"url\":\"https:\\\/\\\/www.beachspirit.fr\\\/bs\\\/produit\\\/poulies-a-billes-et-emerillon-viadana-38mm-v11-82-pro\\\/\",\"name\":\"Poulies \u00e0 billes et \u00e9merillon viadana 38mm V11.82 \u00e0 partir de 13.20\u20ac -\",\"isPartOf\":{\"@id\":\"https:\\\/\\\/www.beachspirit.fr\\\/bs\\\/#website\"},\"primaryImageOfPage\":{\"@id\":\"https:\\\/\\\/www.beachspirit.fr\\\/bs\\\/produit\\\/poulies-a-billes-et-emerillon-viadana-38mm-v11-82-pro\\\/#primaryimage\"},\"image\":{\"@id\":\"https:\\\/\\\/www.beachspirit.fr\\\/bs\\\/produit\\\/poulies-a-billes-et-emerillon-viadana-38mm-v11-82-pro\\\/#primaryimage\"},\"thumbnailUrl\":\"https:\\\/\\\/www.beachspirit.fr\\\/bs\\\/wp-content\\\/uploads\\\/2020\\\/04\\\/Capture-11.82.jpg\",\"datePublished\":\"2020-04-21T12:31:33+00:00\",\"dateModified\":\"2025-06-20T10:17:43+00:00\",\"description\":\"Poulie \u00e0 billes 38mm emerillon viadana. cette poulie est parfaite pour la sortie de palans d'\u00e9coute de petits chars ou d\u00e9riveurs\",\"breadcrumb\":{\"@id\":\"https:\\\/\\\/www.beachspirit.fr\\\/bs\\\/produit\\\/poulies-a-billes-et-emerillon-viadana-38mm-v11-82-pro\\\/#breadcrumb\"},\"inLanguage\":\"fr-FR\",\"potentialAction\":[{\"@type\":\"ReadAction\",\"target\":[\"https:\\\/\\\/www.beachspirit.fr\\\/bs\\\/produit\\\/poulies-a-billes-et-emerillon-viadana-38mm-v11-82-pro\\\/\"]}]},{\"@type\":\"ImageObject\",\"inLanguage\":\"fr-FR\",\"@id\":\"https:\\\/\\\/www.beachspirit.fr\\\/bs\\\/produit\\\/poulies-a-billes-et-emerillon-viadana-38mm-v11-82-pro\\\/#primaryimage\",\"url\":\"https:\\\/\\\/www.beachspirit.fr\\\/bs\\\/wp-content\\\/uploads\\\/2020\\\/04\\\/Capture-11.82.jpg\",\"contentUrl\":\"https:\\\/\\\/www.beachspirit.fr\\\/bs\\\/wp-content\\\/uploads\\\/2020\\\/04\\\/Capture-11.82.jpg\",\"width\":284,\"height\":231,\"caption\":\"Poulie bateau char simple \u00e0 billes avec \u00e9merillon et ringot 38mm\"},{\"@type\":\"BreadcrumbList\",\"@id\":\"https:\\\/\\\/www.beachspirit.fr\\\/bs\\\/produit\\\/poulies-a-billes-et-emerillon-viadana-38mm-v11-82-pro\\\/#breadcrumb\",\"itemListElement\":[{\"@type\":\"ListItem\",\"position\":1,\"name\":\"Accueil\",\"item\":\"https:\\\/\\\/www.beachspirit.fr\\\/bs\\\/\"},{\"@type\":\"ListItem\",\"position\":2,\"name\":\"Boutique\",\"item\":\"https:\\\/\\\/www.beachspirit.fr\\\/bs\\\/boutique\\\/\"},{\"@type\":\"ListItem\",\"position\":3,\"name\":\"Poulies \u00e0 billes et \u00e9merillon viadana 38mm V11.82 \u00e0 partir de 13.20\u20ac\"}]},{\"@type\":\"WebSite\",\"@id\":\"https:\\\/\\\/www.beachspirit.fr\\\/bs\\\/#website\",\"url\":\"https:\\\/\\\/www.beachspirit.fr\\\/bs\\\/\",\"name\":\"BEACH SPIRIT\",\"description\":\"beach spirit approved\",\"publisher\":{\"@id\":\"https:\\\/\\\/www.beachspirit.fr\\\/bs\\\/#organization\"},\"potentialAction\":[{\"@type\":\"SearchAction\",\"target\":{\"@type\":\"EntryPoint\",\"urlTemplate\":\"https:\\\/\\\/www.beachspirit.fr\\\/bs\\\/?s={search_term_string}\"},\"query-input\":{\"@type\":\"PropertyValueSpecification\",\"valueRequired\":true,\"valueName\":\"search_term_string\"}}],\"inLanguage\":\"fr-FR\"},{\"@type\":\"Organization\",\"@id\":\"https:\\\/\\\/www.beachspirit.fr\\\/bs\\\/#organization\",\"name\":\"BEACH SPIRIT\",\"url\":\"https:\\\/\\\/www.beachspirit.fr\\\/bs\\\/\",\"logo\":{\"@type\":\"ImageObject\",\"inLanguage\":\"fr-FR\",\"@id\":\"https:\\\/\\\/www.beachspirit.fr\\\/bs\\\/#\\\/schema\\\/logo\\\/image\\\/\",\"url\":\"http:\\\/\\\/www.beachspirit.fr\\\/bs\\\/wp-content\\\/uploads\\\/2020\\\/03\\\/logoBS-petit-2.png\",\"contentUrl\":\"http:\\\/\\\/www.beachspirit.fr\\\/bs\\\/wp-content\\\/uploads\\\/2020\\\/03\\\/logoBS-petit-2.png\",\"width\":200,\"height\":117,\"caption\":\"BEACH SPIRIT\"},\"image\":{\"@id\":\"https:\\\/\\\/www.beachspirit.fr\\\/bs\\\/#\\\/schema\\\/logo\\\/image\\\/\"},\"sameAs\":[\"https:\\\/\\\/www.facebook.com\\\/beachspirit.fr\\\/\",\"https:\\\/\\\/www.instagram.com\\\/beachspirit.fr\\\/\"]}]}<\/script>\n<!-- \/ Yoast SEO plugin. -->","yoast_head_json":{"title":"Poulies \u00e0 billes et \u00e9merillon viadana 38mm V11.82 \u00e0 partir de 13.20\u20ac -","description":"Poulie \u00e0 billes 38mm emerillon viadana. cette poulie est parfaite pour la sortie de palans d'\u00e9coute de petits chars ou d\u00e9riveurs","robots":{"index":"index","follow":"follow","max-snippet":"max-snippet:-1","max-image-preview":"max-image-preview:large","max-video-preview":"max-video-preview:-1"},"canonical":"https:\/\/www.beachspirit.fr\/bs\/produit\/poulies-a-billes-et-emerillon-viadana-38mm-v11-82-pro\/","og_locale":"fr_FR","og_type":"article","og_title":"Poulies \u00e0 billes et \u00e9merillon viadana 38mm V11.82 \u00e0 partir de 13.20\u20ac -","og_description":"Poulie \u00e0 billes 38mm emerillon viadana. cette poulie est parfaite pour la sortie de palans d'\u00e9coute de petits chars ou d\u00e9riveurs","og_url":"https:\/\/www.beachspirit.fr\/bs\/produit\/poulies-a-billes-et-emerillon-viadana-38mm-v11-82-pro\/","og_site_name":"BEACH SPIRIT","article_publisher":"https:\/\/www.facebook.com\/beachspirit.fr\/","article_modified_time":"2025-06-20T10:17:43+00:00","og_image":[{"width":284,"height":231,"url":"https:\/\/www.beachspirit.fr\/bs\/wp-content\/uploads\/2020\/04\/Capture-11.82.jpg","type":"image\/jpeg"}],"twitter_card":"summary_large_image","twitter_misc":{"Dur\u00e9e de lecture estim\u00e9e":"1 minute"},"schema":{"@context":"https:\/\/schema.org","@graph":[{"@type":"WebPage","@id":"https:\/\/www.beachspirit.fr\/bs\/produit\/poulies-a-billes-et-emerillon-viadana-38mm-v11-82-pro\/","url":"https:\/\/www.beachspirit.fr\/bs\/produit\/poulies-a-billes-et-emerillon-viadana-38mm-v11-82-pro\/","name":"Poulies \u00e0 billes et \u00e9merillon viadana 38mm V11.82 \u00e0 partir de 13.20\u20ac -","isPartOf":{"@id":"https:\/\/www.beachspirit.fr\/bs\/#website"},"primaryImageOfPage":{"@id":"https:\/\/www.beachspirit.fr\/bs\/produit\/poulies-a-billes-et-emerillon-viadana-38mm-v11-82-pro\/#primaryimage"},"image":{"@id":"https:\/\/www.beachspirit.fr\/bs\/produit\/poulies-a-billes-et-emerillon-viadana-38mm-v11-82-pro\/#primaryimage"},"thumbnailUrl":"https:\/\/www.beachspirit.fr\/bs\/wp-content\/uploads\/2020\/04\/Capture-11.82.jpg","datePublished":"2020-04-21T12:31:33+00:00","dateModified":"2025-06-20T10:17:43+00:00","description":"Poulie \u00e0 billes 38mm emerillon viadana. cette poulie est parfaite pour la sortie de palans d'\u00e9coute de petits chars ou d\u00e9riveurs","breadcrumb":{"@id":"https:\/\/www.beachspirit.fr\/bs\/produit\/poulies-a-billes-et-emerillon-viadana-38mm-v11-82-pro\/#breadcrumb"},"inLanguage":"fr-FR","potentialAction":[{"@type":"ReadAction","target":["https:\/\/www.beachspirit.fr\/bs\/produit\/poulies-a-billes-et-emerillon-viadana-38mm-v11-82-pro\/"]}]},{"@type":"ImageObject","inLanguage":"fr-FR","@id":"https:\/\/www.beachspirit.fr\/bs\/produit\/poulies-a-billes-et-emerillon-viadana-38mm-v11-82-pro\/#primaryimage","url":"https:\/\/www.beachspirit.fr\/bs\/wp-content\/uploads\/2020\/04\/Capture-11.82.jpg","contentUrl":"https:\/\/www.beachspirit.fr\/bs\/wp-content\/uploads\/2020\/04\/Capture-11.82.jpg","width":284,"height":231,"caption":"Poulie bateau char simple \u00e0 billes avec \u00e9merillon et ringot 38mm"},{"@type":"BreadcrumbList","@id":"https:\/\/www.beachspirit.fr\/bs\/produit\/poulies-a-billes-et-emerillon-viadana-38mm-v11-82-pro\/#breadcrumb","itemListElement":[{"@type":"ListItem","position":1,"name":"Accueil","item":"https:\/\/www.beachspirit.fr\/bs\/"},{"@type":"ListItem","position":2,"name":"Boutique","item":"https:\/\/www.beachspirit.fr\/bs\/boutique\/"},{"@type":"ListItem","position":3,"name":"Poulies \u00e0 billes et \u00e9merillon viadana 38mm V11.82 \u00e0 partir de 13.20\u20ac"}]},{"@type":"WebSite","@id":"https:\/\/www.beachspirit.fr\/bs\/#website","url":"https:\/\/www.beachspirit.fr\/bs\/","name":"BEACH SPIRIT","description":"beach spirit approved","publisher":{"@id":"https:\/\/www.beachspirit.fr\/bs\/#organization"},"potentialAction":[{"@type":"SearchAction","target":{"@type":"EntryPoint","urlTemplate":"https:\/\/www.beachspirit.fr\/bs\/?s={search_term_string}"},"query-input":{"@type":"PropertyValueSpecification","valueRequired":true,"valueName":"search_term_string"}}],"inLanguage":"fr-FR"},{"@type":"Organization","@id":"https:\/\/www.beachspirit.fr\/bs\/#organization","name":"BEACH SPIRIT","url":"https:\/\/www.beachspirit.fr\/bs\/","logo":{"@type":"ImageObject","inLanguage":"fr-FR","@id":"https:\/\/www.beachspirit.fr\/bs\/#\/schema\/logo\/image\/","url":"http:\/\/www.beachspirit.fr\/bs\/wp-content\/uploads\/2020\/03\/logoBS-petit-2.png","contentUrl":"http:\/\/www.beachspirit.fr\/bs\/wp-content\/uploads\/2020\/03\/logoBS-petit-2.png","width":200,"height":117,"caption":"BEACH SPIRIT"},"image":{"@id":"https:\/\/www.beachspirit.fr\/bs\/#\/schema\/logo\/image\/"},"sameAs":["https:\/\/www.facebook.com\/beachspirit.fr\/","https:\/\/www.instagram.com\/beachspirit.fr\/"]}]}},"_links":{"self":[{"href":"https:\/\/www.beachspirit.fr\/bs\/wp-json\/wp\/v2\/product\/25233","targetHints":{"allow":["GET"]}}],"collection":[{"href":"https:\/\/www.beachspirit.fr\/bs\/wp-json\/wp\/v2\/product"}],"about":[{"href":"https:\/\/www.beachspirit.fr\/bs\/wp-json\/wp\/v2\/types\/product"}],"replies":[{"embeddable":true,"href":"https:\/\/www.beachspirit.fr\/bs\/wp-json\/wp\/v2\/comments?post=25233"}],"wp:featuredmedia":[{"embeddable":true,"href":"https:\/\/www.beachspirit.fr\/bs\/wp-json\/wp\/v2\/media\/29363"}],"wp:attachment":[{"href":"https:\/\/www.beachspirit.fr\/bs\/wp-json\/wp\/v2\/media?parent=25233"}],"wp:term":[{"taxonomy":"product_brand","embeddable":true,"href":"https:\/\/www.beachspirit.fr\/bs\/wp-json\/wp\/v2\/product_brand?post=25233"},{"taxonomy":"product_cat","embeddable":true,"href":"https:\/\/www.beachspirit.fr\/bs\/wp-json\/wp\/v2\/product_cat?post=25233"},{"taxonomy":"product_tag","embeddable":true,"href":"https:\/\/www.beachspirit.fr\/bs\/wp-json\/wp\/v2\/product_tag?post=25233"}],"curies":[{"name":"wp","href":"https:\/\/api.w.org\/{rel}","templated":true}]}}