{"id":25262,"date":"2020-04-23T16:42:15","date_gmt":"2020-04-23T15:42:15","guid":{"rendered":"https:\/\/www.beachspirit.fr\/bs\/?post_type=product&#038;p=25262"},"modified":"2022-11-07T12:24:18","modified_gmt":"2022-11-07T11:24:18","slug":"sacs-plage-et-shopping-en-toile-de-jute-serie-limitee","status":"publish","type":"product","link":"https:\/\/www.beachspirit.fr\/bs\/produit\/sacs-plage-et-shopping-en-toile-de-jute-serie-limitee\/","title":{"rendered":"Sacs plage et shopping en toile de jute s\u00e9rie limit\u00e9e"},"content":{"rendered":"<h3><span style=\"color: #ff6600;\">Sac de plage et shopping en toile de jute<\/span><\/h3>\n<div id=\"ctl00_ctl00_cph1_cph1_RalawiseVariantsInGrid1_ctrlProductInfo_pnlProductExtraData\">\n<div class=\"fulldescription\">\n<ul>\n<li><strong>Marque : Westford Mill<\/strong><\/li>\n<li><strong>Poign\u00e9es en coton<\/strong><\/li>\n<li><strong>Se porte \u00e0 la main ou \u00e0 l&rsquo;\u00e9paule<\/strong><\/li>\n<li><strong>Sac en <a href=\"https:\/\/fr.wikipedia.org\/wiki\/Fibre_de_jute\" target=\"_blank\" rel=\"noopener noreferrer\">jute<\/a><\/strong><\/li>\n<li><strong>Composition Jute lamin\u00e9<\/strong><\/li>\n<li><strong>Grammage 265g<\/strong><\/li>\n<li><strong>Poign\u00e9es en coton. Peut se porter \u00e0 la main ou \u00e0 l&rsquo;\u00e9paule.<\/strong><\/li>\n<li><strong>Dimensions 36 x 41 x 17cm<\/strong><\/li>\n<li><strong>Capacit\u00e9 19 Litres<\/strong><\/li>\n<li><strong>Instructions de lavage Nettoyage \u00e0 l&rsquo;\u00e9ponge uniquement<\/strong><\/li>\n<li><strong>Design \u00ab\u00a0beach Spirit Approved\u00a0\u00bb<\/strong><\/li>\n<\/ul>\n<p><a href=\"https:\/\/www.beachspirit.fr\/bs\/spirit-people-beach-spirit-lifestyle\/\" target=\"_blank\" rel=\"noopener noreferrer\">Beach Spirit Lifestyle<\/a><\/p>\n<\/div>\n<\/div>\n","protected":false},"excerpt":{"rendered":"<h3><span style=\"color: #ff6600;\">Sac de plage et shopping en toile de jute s\u00e9rie limit\u00e9e<\/span><\/h3>\n","protected":false},"featured_media":25300,"comment_status":"closed","ping_status":"closed","template":"","meta":[],"product_brand":[],"product_cat":[19,429],"product_tag":[],"class_list":{"0":"post-25262","1":"product","2":"type-product","3":"status-publish","4":"has-post-thumbnail","6":"product_cat-bonnets-casquettes-accessoires","7":"product_cat-sacs-etanches-sport-plage","8":"product_shipping_class-tarif-suivant-poids","10":"first","11":"instock","12":"taxable","13":"shipping-taxable","14":"purchasable","15":"product-type-simple"},"yoast_head":"<!-- This site is optimized with the Yoast SEO plugin v27.5 - https:\/\/yoast.com\/product\/yoast-seo-wordpress\/ -->\n<title>Sacs plage et shopping en toile de jute s\u00e9rie limit\u00e9e - BEACH SPIRIT<\/title>\n<meta name=\"description\" content=\"Sacs de plage et de shopping en toile de jute avec design original &quot;Beach Spirit Approved&quot;. L&#039;accessoire indispensable de l&#039;\u00e9t\u00e9\" \/>\n<meta name=\"robots\" content=\"index, follow, max-snippet:-1, max-image-preview:large, max-video-preview:-1\" \/>\n<link rel=\"canonical\" href=\"https:\/\/www.beachspirit.fr\/bs\/produit\/sacs-plage-et-shopping-en-toile-de-jute-serie-limitee\/\" \/>\n<meta property=\"og:locale\" content=\"fr_FR\" \/>\n<meta property=\"og:type\" content=\"article\" \/>\n<meta property=\"og:title\" content=\"Sacs plage et shopping en toile de jute s\u00e9rie limit\u00e9e - BEACH SPIRIT\" \/>\n<meta property=\"og:description\" content=\"Sacs de plage et de shopping en toile de jute avec design original &quot;Beach Spirit Approved&quot;. L&#039;accessoire indispensable de l&#039;\u00e9t\u00e9\" \/>\n<meta property=\"og:url\" content=\"https:\/\/www.beachspirit.fr\/bs\/produit\/sacs-plage-et-shopping-en-toile-de-jute-serie-limitee\/\" \/>\n<meta property=\"og:site_name\" content=\"BEACH SPIRIT\" \/>\n<meta property=\"article:publisher\" content=\"https:\/\/www.facebook.com\/beachspirit.fr\/\" \/>\n<meta property=\"article:modified_time\" content=\"2022-11-07T11:24:18+00:00\" \/>\n<meta property=\"og:image\" content=\"https:\/\/www.beachspirit.fr\/bs\/wp-content\/uploads\/2020\/04\/IMG_20200424_162513-scaled.jpg\" \/>\n\t<meta property=\"og:image:width\" content=\"2560\" \/>\n\t<meta property=\"og:image:height\" content=\"1920\" \/>\n\t<meta property=\"og:image:type\" content=\"image\/jpeg\" \/>\n<meta name=\"twitter:card\" content=\"summary_large_image\" \/>\n<script type=\"application\/ld+json\" class=\"yoast-schema-graph\">{\"@context\":\"https:\\\/\\\/schema.org\",\"@graph\":[{\"@type\":\"WebPage\",\"@id\":\"https:\\\/\\\/www.beachspirit.fr\\\/bs\\\/produit\\\/sacs-plage-et-shopping-en-toile-de-jute-serie-limitee\\\/\",\"url\":\"https:\\\/\\\/www.beachspirit.fr\\\/bs\\\/produit\\\/sacs-plage-et-shopping-en-toile-de-jute-serie-limitee\\\/\",\"name\":\"Sacs plage et shopping en toile de jute s\u00e9rie limit\u00e9e - BEACH SPIRIT\",\"isPartOf\":{\"@id\":\"https:\\\/\\\/www.beachspirit.fr\\\/bs\\\/#website\"},\"primaryImageOfPage\":{\"@id\":\"https:\\\/\\\/www.beachspirit.fr\\\/bs\\\/produit\\\/sacs-plage-et-shopping-en-toile-de-jute-serie-limitee\\\/#primaryimage\"},\"image\":{\"@id\":\"https:\\\/\\\/www.beachspirit.fr\\\/bs\\\/produit\\\/sacs-plage-et-shopping-en-toile-de-jute-serie-limitee\\\/#primaryimage\"},\"thumbnailUrl\":\"https:\\\/\\\/www.beachspirit.fr\\\/bs\\\/wp-content\\\/uploads\\\/2020\\\/04\\\/IMG_20200424_162513-scaled.jpg\",\"datePublished\":\"2020-04-23T15:42:15+00:00\",\"dateModified\":\"2022-11-07T11:24:18+00:00\",\"description\":\"Sacs de plage et de shopping en toile de jute avec design original \\\"Beach Spirit Approved\\\". L'accessoire indispensable de l'\u00e9t\u00e9\",\"breadcrumb\":{\"@id\":\"https:\\\/\\\/www.beachspirit.fr\\\/bs\\\/produit\\\/sacs-plage-et-shopping-en-toile-de-jute-serie-limitee\\\/#breadcrumb\"},\"inLanguage\":\"fr-FR\",\"potentialAction\":[{\"@type\":\"ReadAction\",\"target\":[\"https:\\\/\\\/www.beachspirit.fr\\\/bs\\\/produit\\\/sacs-plage-et-shopping-en-toile-de-jute-serie-limitee\\\/\"]}]},{\"@type\":\"ImageObject\",\"inLanguage\":\"fr-FR\",\"@id\":\"https:\\\/\\\/www.beachspirit.fr\\\/bs\\\/produit\\\/sacs-plage-et-shopping-en-toile-de-jute-serie-limitee\\\/#primaryimage\",\"url\":\"https:\\\/\\\/www.beachspirit.fr\\\/bs\\\/wp-content\\\/uploads\\\/2020\\\/04\\\/IMG_20200424_162513-scaled.jpg\",\"contentUrl\":\"https:\\\/\\\/www.beachspirit.fr\\\/bs\\\/wp-content\\\/uploads\\\/2020\\\/04\\\/IMG_20200424_162513-scaled.jpg\",\"width\":2560,\"height\":1920,\"caption\":\"sacs de plage et shopping en jute\"},{\"@type\":\"BreadcrumbList\",\"@id\":\"https:\\\/\\\/www.beachspirit.fr\\\/bs\\\/produit\\\/sacs-plage-et-shopping-en-toile-de-jute-serie-limitee\\\/#breadcrumb\",\"itemListElement\":[{\"@type\":\"ListItem\",\"position\":1,\"name\":\"Accueil\",\"item\":\"https:\\\/\\\/www.beachspirit.fr\\\/bs\\\/\"},{\"@type\":\"ListItem\",\"position\":2,\"name\":\"Boutique\",\"item\":\"https:\\\/\\\/www.beachspirit.fr\\\/bs\\\/boutique\\\/\"},{\"@type\":\"ListItem\",\"position\":3,\"name\":\"Sacs plage et shopping en toile de jute s\u00e9rie limit\u00e9e\"}]},{\"@type\":\"WebSite\",\"@id\":\"https:\\\/\\\/www.beachspirit.fr\\\/bs\\\/#website\",\"url\":\"https:\\\/\\\/www.beachspirit.fr\\\/bs\\\/\",\"name\":\"BEACH SPIRIT\",\"description\":\"beach spirit approved\",\"publisher\":{\"@id\":\"https:\\\/\\\/www.beachspirit.fr\\\/bs\\\/#organization\"},\"potentialAction\":[{\"@type\":\"SearchAction\",\"target\":{\"@type\":\"EntryPoint\",\"urlTemplate\":\"https:\\\/\\\/www.beachspirit.fr\\\/bs\\\/?s={search_term_string}\"},\"query-input\":{\"@type\":\"PropertyValueSpecification\",\"valueRequired\":true,\"valueName\":\"search_term_string\"}}],\"inLanguage\":\"fr-FR\"},{\"@type\":\"Organization\",\"@id\":\"https:\\\/\\\/www.beachspirit.fr\\\/bs\\\/#organization\",\"name\":\"BEACH SPIRIT\",\"url\":\"https:\\\/\\\/www.beachspirit.fr\\\/bs\\\/\",\"logo\":{\"@type\":\"ImageObject\",\"inLanguage\":\"fr-FR\",\"@id\":\"https:\\\/\\\/www.beachspirit.fr\\\/bs\\\/#\\\/schema\\\/logo\\\/image\\\/\",\"url\":\"http:\\\/\\\/www.beachspirit.fr\\\/bs\\\/wp-content\\\/uploads\\\/2020\\\/03\\\/logoBS-petit-2.png\",\"contentUrl\":\"http:\\\/\\\/www.beachspirit.fr\\\/bs\\\/wp-content\\\/uploads\\\/2020\\\/03\\\/logoBS-petit-2.png\",\"width\":200,\"height\":117,\"caption\":\"BEACH SPIRIT\"},\"image\":{\"@id\":\"https:\\\/\\\/www.beachspirit.fr\\\/bs\\\/#\\\/schema\\\/logo\\\/image\\\/\"},\"sameAs\":[\"https:\\\/\\\/www.facebook.com\\\/beachspirit.fr\\\/\",\"https:\\\/\\\/www.instagram.com\\\/beachspirit.fr\\\/\"]}]}<\/script>\n<!-- \/ Yoast SEO plugin. -->","yoast_head_json":{"title":"Sacs plage et shopping en toile de jute s\u00e9rie limit\u00e9e - BEACH SPIRIT","description":"Sacs de plage et de shopping en toile de jute avec design original \"Beach Spirit Approved\". L'accessoire indispensable de l'\u00e9t\u00e9","robots":{"index":"index","follow":"follow","max-snippet":"max-snippet:-1","max-image-preview":"max-image-preview:large","max-video-preview":"max-video-preview:-1"},"canonical":"https:\/\/www.beachspirit.fr\/bs\/produit\/sacs-plage-et-shopping-en-toile-de-jute-serie-limitee\/","og_locale":"fr_FR","og_type":"article","og_title":"Sacs plage et shopping en toile de jute s\u00e9rie limit\u00e9e - BEACH SPIRIT","og_description":"Sacs de plage et de shopping en toile de jute avec design original \"Beach Spirit Approved\". L'accessoire indispensable de l'\u00e9t\u00e9","og_url":"https:\/\/www.beachspirit.fr\/bs\/produit\/sacs-plage-et-shopping-en-toile-de-jute-serie-limitee\/","og_site_name":"BEACH SPIRIT","article_publisher":"https:\/\/www.facebook.com\/beachspirit.fr\/","article_modified_time":"2022-11-07T11:24:18+00:00","og_image":[{"width":2560,"height":1920,"url":"https:\/\/www.beachspirit.fr\/bs\/wp-content\/uploads\/2020\/04\/IMG_20200424_162513-scaled.jpg","type":"image\/jpeg"}],"twitter_card":"summary_large_image","schema":{"@context":"https:\/\/schema.org","@graph":[{"@type":"WebPage","@id":"https:\/\/www.beachspirit.fr\/bs\/produit\/sacs-plage-et-shopping-en-toile-de-jute-serie-limitee\/","url":"https:\/\/www.beachspirit.fr\/bs\/produit\/sacs-plage-et-shopping-en-toile-de-jute-serie-limitee\/","name":"Sacs plage et shopping en toile de jute s\u00e9rie limit\u00e9e - BEACH SPIRIT","isPartOf":{"@id":"https:\/\/www.beachspirit.fr\/bs\/#website"},"primaryImageOfPage":{"@id":"https:\/\/www.beachspirit.fr\/bs\/produit\/sacs-plage-et-shopping-en-toile-de-jute-serie-limitee\/#primaryimage"},"image":{"@id":"https:\/\/www.beachspirit.fr\/bs\/produit\/sacs-plage-et-shopping-en-toile-de-jute-serie-limitee\/#primaryimage"},"thumbnailUrl":"https:\/\/www.beachspirit.fr\/bs\/wp-content\/uploads\/2020\/04\/IMG_20200424_162513-scaled.jpg","datePublished":"2020-04-23T15:42:15+00:00","dateModified":"2022-11-07T11:24:18+00:00","description":"Sacs de plage et de shopping en toile de jute avec design original \"Beach Spirit Approved\". L'accessoire indispensable de l'\u00e9t\u00e9","breadcrumb":{"@id":"https:\/\/www.beachspirit.fr\/bs\/produit\/sacs-plage-et-shopping-en-toile-de-jute-serie-limitee\/#breadcrumb"},"inLanguage":"fr-FR","potentialAction":[{"@type":"ReadAction","target":["https:\/\/www.beachspirit.fr\/bs\/produit\/sacs-plage-et-shopping-en-toile-de-jute-serie-limitee\/"]}]},{"@type":"ImageObject","inLanguage":"fr-FR","@id":"https:\/\/www.beachspirit.fr\/bs\/produit\/sacs-plage-et-shopping-en-toile-de-jute-serie-limitee\/#primaryimage","url":"https:\/\/www.beachspirit.fr\/bs\/wp-content\/uploads\/2020\/04\/IMG_20200424_162513-scaled.jpg","contentUrl":"https:\/\/www.beachspirit.fr\/bs\/wp-content\/uploads\/2020\/04\/IMG_20200424_162513-scaled.jpg","width":2560,"height":1920,"caption":"sacs de plage et shopping en jute"},{"@type":"BreadcrumbList","@id":"https:\/\/www.beachspirit.fr\/bs\/produit\/sacs-plage-et-shopping-en-toile-de-jute-serie-limitee\/#breadcrumb","itemListElement":[{"@type":"ListItem","position":1,"name":"Accueil","item":"https:\/\/www.beachspirit.fr\/bs\/"},{"@type":"ListItem","position":2,"name":"Boutique","item":"https:\/\/www.beachspirit.fr\/bs\/boutique\/"},{"@type":"ListItem","position":3,"name":"Sacs plage et shopping en toile de jute s\u00e9rie limit\u00e9e"}]},{"@type":"WebSite","@id":"https:\/\/www.beachspirit.fr\/bs\/#website","url":"https:\/\/www.beachspirit.fr\/bs\/","name":"BEACH SPIRIT","description":"beach spirit approved","publisher":{"@id":"https:\/\/www.beachspirit.fr\/bs\/#organization"},"potentialAction":[{"@type":"SearchAction","target":{"@type":"EntryPoint","urlTemplate":"https:\/\/www.beachspirit.fr\/bs\/?s={search_term_string}"},"query-input":{"@type":"PropertyValueSpecification","valueRequired":true,"valueName":"search_term_string"}}],"inLanguage":"fr-FR"},{"@type":"Organization","@id":"https:\/\/www.beachspirit.fr\/bs\/#organization","name":"BEACH SPIRIT","url":"https:\/\/www.beachspirit.fr\/bs\/","logo":{"@type":"ImageObject","inLanguage":"fr-FR","@id":"https:\/\/www.beachspirit.fr\/bs\/#\/schema\/logo\/image\/","url":"http:\/\/www.beachspirit.fr\/bs\/wp-content\/uploads\/2020\/03\/logoBS-petit-2.png","contentUrl":"http:\/\/www.beachspirit.fr\/bs\/wp-content\/uploads\/2020\/03\/logoBS-petit-2.png","width":200,"height":117,"caption":"BEACH SPIRIT"},"image":{"@id":"https:\/\/www.beachspirit.fr\/bs\/#\/schema\/logo\/image\/"},"sameAs":["https:\/\/www.facebook.com\/beachspirit.fr\/","https:\/\/www.instagram.com\/beachspirit.fr\/"]}]}},"_links":{"self":[{"href":"https:\/\/www.beachspirit.fr\/bs\/wp-json\/wp\/v2\/product\/25262","targetHints":{"allow":["GET"]}}],"collection":[{"href":"https:\/\/www.beachspirit.fr\/bs\/wp-json\/wp\/v2\/product"}],"about":[{"href":"https:\/\/www.beachspirit.fr\/bs\/wp-json\/wp\/v2\/types\/product"}],"replies":[{"embeddable":true,"href":"https:\/\/www.beachspirit.fr\/bs\/wp-json\/wp\/v2\/comments?post=25262"}],"wp:featuredmedia":[{"embeddable":true,"href":"https:\/\/www.beachspirit.fr\/bs\/wp-json\/wp\/v2\/media\/25300"}],"wp:attachment":[{"href":"https:\/\/www.beachspirit.fr\/bs\/wp-json\/wp\/v2\/media?parent=25262"}],"wp:term":[{"taxonomy":"product_brand","embeddable":true,"href":"https:\/\/www.beachspirit.fr\/bs\/wp-json\/wp\/v2\/product_brand?post=25262"},{"taxonomy":"product_cat","embeddable":true,"href":"https:\/\/www.beachspirit.fr\/bs\/wp-json\/wp\/v2\/product_cat?post=25262"},{"taxonomy":"product_tag","embeddable":true,"href":"https:\/\/www.beachspirit.fr\/bs\/wp-json\/wp\/v2\/product_tag?post=25262"}],"curies":[{"name":"wp","href":"https:\/\/api.w.org\/{rel}","templated":true}]}}