{"id":25369,"date":"2020-05-01T17:08:27","date_gmt":"2020-05-01T16:08:27","guid":{"rendered":"https:\/\/www.beachspirit.fr\/bs\/?post_type=product&#038;p=25369"},"modified":"2025-09-05T13:17:41","modified_gmt":"2025-09-05T12:17:41","slug":"bobine-100m-ecoute-haute-qualite-ms-310-8mm-24-fuseaux","status":"publish","type":"product","link":"https:\/\/www.beachspirit.fr\/bs\/produit\/bobine-100m-ecoute-haute-qualite-ms-310-8mm-24-fuseaux\/","title":{"rendered":"Bobine ecoute haute qualit\u00e9 100m Ecoute MS 310 \u00d88 ou10mm 32 fuseaux"},"content":{"rendered":"<h3><span style=\"color: #ff6600;\">Bobine Ecoute haute qualit\u00e9 MS 310 32 fuseaux vendue en bobines de 100m<\/span><\/h3>\n<ul>\n<li><span style=\"color: #000000;\">Bobine ecoute haute qualit\u00e9 <a style=\"color: #000000;\" href=\"https:\/\/fr.wikipedia.org\/wiki\/Polyester\" target=\"_blank\" rel=\"noopener noreferrer\">polyester<\/a> 100m de haute qualit\u00e9 fabriqu\u00e9e en france<\/span><\/li>\n<li><span style=\"color: #000000;\">Touch\u00e9 coton<\/span><\/li>\n<li><span style=\"color: #000000;\">excellente tenue dans le temps<\/span><\/li>\n<li><span style=\"color: #000000;\">tr\u00e8s faible allongement<\/span><\/li>\n<li><span style=\"color: #000000;\">Disponible en \u00d88 ou 10 mm<\/span><\/li>\n<\/ul>\n<p>&nbsp;<\/p>\n<p><span style=\"color: #000000;\">Besoin d&rsquo;un renseignement :<\/span> <a href=\"https:\/\/www.beachspirit.fr\/bs\/nous-contacter\/\" target=\"_blank\" rel=\"noopener noreferrer\">contactez nous<\/a><\/p>\n","protected":false},"excerpt":{"rendered":"<h3><span style=\"color: #ff6600;\">Ecoute MS 310 \u00d88 ou 10mm 32\u00a0 fuseaux vendue en bobines de 100m<\/span><\/h3>\n<p>&nbsp;<\/p>\n","protected":false},"featured_media":593,"comment_status":"open","ping_status":"closed","template":"","meta":[],"product_brand":[],"product_cat":[408,300],"product_tag":[],"class_list":{"0":"post-25369","1":"product","2":"type-product","3":"status-publish","4":"has-post-thumbnail","6":"product_cat-articles-techniques-pro","7":"product_cat-bouts-ecoutes-boutique-clubs","8":"product_shipping_class-tarif-suivant-poids","10":"first","11":"onbackorder","12":"purchasable","13":"product-type-variable"},"yoast_head":"<!-- This site is optimized with the Yoast SEO plugin v27.5 - https:\/\/yoast.com\/product\/yoast-seo-wordpress\/ -->\n<title>Bobine ecoute haute qualit\u00e9 100m Ecoute MS 310 \u00d88 ou10mm 32 fuseaux -<\/title>\n<meta name=\"description\" content=\"Bobine ecoute haute qualit\u00e9 32 fuseaux de diam\u00e8tre ou 10 mm en polyester touch\u00e9 coton vendu par 100 m\u00e8tres. Id\u00e9ale pour voile et char \u00e0 voile\" \/>\n<meta name=\"robots\" content=\"index, follow, max-snippet:-1, max-image-preview:large, max-video-preview:-1\" \/>\n<link rel=\"canonical\" href=\"https:\/\/www.beachspirit.fr\/bs\/produit\/bobine-100m-ecoute-haute-qualite-ms-310-8mm-24-fuseaux\/\" \/>\n<meta property=\"og:locale\" content=\"fr_FR\" \/>\n<meta property=\"og:type\" content=\"article\" \/>\n<meta property=\"og:title\" content=\"Bobine ecoute haute qualit\u00e9 100m Ecoute MS 310 \u00d88 ou10mm 32 fuseaux -\" \/>\n<meta property=\"og:description\" content=\"Bobine ecoute haute qualit\u00e9 32 fuseaux de diam\u00e8tre ou 10 mm en polyester touch\u00e9 coton vendu par 100 m\u00e8tres. Id\u00e9ale pour voile et char \u00e0 voile\" \/>\n<meta property=\"og:url\" content=\"https:\/\/www.beachspirit.fr\/bs\/produit\/bobine-100m-ecoute-haute-qualite-ms-310-8mm-24-fuseaux\/\" \/>\n<meta property=\"og:site_name\" content=\"BEACH SPIRIT\" \/>\n<meta property=\"article:publisher\" content=\"https:\/\/www.facebook.com\/beachspirit.fr\/\" \/>\n<meta property=\"article:modified_time\" content=\"2025-09-05T12:17:41+00:00\" \/>\n<meta property=\"og:image\" content=\"https:\/\/www.beachspirit.fr\/bs\/wp-content\/uploads\/2015\/05\/clipper-white-m-s-310.jpg\" \/>\n\t<meta property=\"og:image:width\" content=\"200\" \/>\n\t<meta property=\"og:image:height\" content=\"200\" \/>\n\t<meta property=\"og:image:type\" content=\"image\/jpeg\" \/>\n<meta name=\"twitter:card\" content=\"summary_large_image\" \/>\n<meta name=\"twitter:label1\" content=\"Dur\u00e9e de lecture estim\u00e9e\" \/>\n\t<meta name=\"twitter:data1\" content=\"1 minute\" \/>\n<script type=\"application\/ld+json\" class=\"yoast-schema-graph\">{\"@context\":\"https:\\\/\\\/schema.org\",\"@graph\":[{\"@type\":\"WebPage\",\"@id\":\"https:\\\/\\\/www.beachspirit.fr\\\/bs\\\/produit\\\/bobine-100m-ecoute-haute-qualite-ms-310-8mm-24-fuseaux\\\/\",\"url\":\"https:\\\/\\\/www.beachspirit.fr\\\/bs\\\/produit\\\/bobine-100m-ecoute-haute-qualite-ms-310-8mm-24-fuseaux\\\/\",\"name\":\"Bobine ecoute haute qualit\u00e9 100m Ecoute MS 310 \u00d88 ou10mm 32 fuseaux -\",\"isPartOf\":{\"@id\":\"https:\\\/\\\/www.beachspirit.fr\\\/bs\\\/#website\"},\"primaryImageOfPage\":{\"@id\":\"https:\\\/\\\/www.beachspirit.fr\\\/bs\\\/produit\\\/bobine-100m-ecoute-haute-qualite-ms-310-8mm-24-fuseaux\\\/#primaryimage\"},\"image\":{\"@id\":\"https:\\\/\\\/www.beachspirit.fr\\\/bs\\\/produit\\\/bobine-100m-ecoute-haute-qualite-ms-310-8mm-24-fuseaux\\\/#primaryimage\"},\"thumbnailUrl\":\"https:\\\/\\\/www.beachspirit.fr\\\/bs\\\/wp-content\\\/uploads\\\/2015\\\/05\\\/clipper-white-m-s-310.jpg\",\"datePublished\":\"2020-05-01T16:08:27+00:00\",\"dateModified\":\"2025-09-05T12:17:41+00:00\",\"description\":\"Bobine ecoute haute qualit\u00e9 32 fuseaux de diam\u00e8tre ou 10 mm en polyester touch\u00e9 coton vendu par 100 m\u00e8tres. Id\u00e9ale pour voile et char \u00e0 voile\",\"breadcrumb\":{\"@id\":\"https:\\\/\\\/www.beachspirit.fr\\\/bs\\\/produit\\\/bobine-100m-ecoute-haute-qualite-ms-310-8mm-24-fuseaux\\\/#breadcrumb\"},\"inLanguage\":\"fr-FR\",\"potentialAction\":[{\"@type\":\"ReadAction\",\"target\":[\"https:\\\/\\\/www.beachspirit.fr\\\/bs\\\/produit\\\/bobine-100m-ecoute-haute-qualite-ms-310-8mm-24-fuseaux\\\/\"]}]},{\"@type\":\"ImageObject\",\"inLanguage\":\"fr-FR\",\"@id\":\"https:\\\/\\\/www.beachspirit.fr\\\/bs\\\/produit\\\/bobine-100m-ecoute-haute-qualite-ms-310-8mm-24-fuseaux\\\/#primaryimage\",\"url\":\"https:\\\/\\\/www.beachspirit.fr\\\/bs\\\/wp-content\\\/uploads\\\/2015\\\/05\\\/clipper-white-m-s-310.jpg\",\"contentUrl\":\"https:\\\/\\\/www.beachspirit.fr\\\/bs\\\/wp-content\\\/uploads\\\/2015\\\/05\\\/clipper-white-m-s-310.jpg\",\"width\":200,\"height\":200,\"caption\":\"Bobine ecoute haute qualit\u00e9\"},{\"@type\":\"BreadcrumbList\",\"@id\":\"https:\\\/\\\/www.beachspirit.fr\\\/bs\\\/produit\\\/bobine-100m-ecoute-haute-qualite-ms-310-8mm-24-fuseaux\\\/#breadcrumb\",\"itemListElement\":[{\"@type\":\"ListItem\",\"position\":1,\"name\":\"Accueil\",\"item\":\"https:\\\/\\\/www.beachspirit.fr\\\/bs\\\/\"},{\"@type\":\"ListItem\",\"position\":2,\"name\":\"Boutique\",\"item\":\"https:\\\/\\\/www.beachspirit.fr\\\/bs\\\/boutique\\\/\"},{\"@type\":\"ListItem\",\"position\":3,\"name\":\"Bobine ecoute haute qualit\u00e9 100m Ecoute MS 310 \u00d88 ou10mm 32 fuseaux\"}]},{\"@type\":\"WebSite\",\"@id\":\"https:\\\/\\\/www.beachspirit.fr\\\/bs\\\/#website\",\"url\":\"https:\\\/\\\/www.beachspirit.fr\\\/bs\\\/\",\"name\":\"BEACH SPIRIT\",\"description\":\"beach spirit approved\",\"publisher\":{\"@id\":\"https:\\\/\\\/www.beachspirit.fr\\\/bs\\\/#organization\"},\"potentialAction\":[{\"@type\":\"SearchAction\",\"target\":{\"@type\":\"EntryPoint\",\"urlTemplate\":\"https:\\\/\\\/www.beachspirit.fr\\\/bs\\\/?s={search_term_string}\"},\"query-input\":{\"@type\":\"PropertyValueSpecification\",\"valueRequired\":true,\"valueName\":\"search_term_string\"}}],\"inLanguage\":\"fr-FR\"},{\"@type\":\"Organization\",\"@id\":\"https:\\\/\\\/www.beachspirit.fr\\\/bs\\\/#organization\",\"name\":\"BEACH SPIRIT\",\"url\":\"https:\\\/\\\/www.beachspirit.fr\\\/bs\\\/\",\"logo\":{\"@type\":\"ImageObject\",\"inLanguage\":\"fr-FR\",\"@id\":\"https:\\\/\\\/www.beachspirit.fr\\\/bs\\\/#\\\/schema\\\/logo\\\/image\\\/\",\"url\":\"http:\\\/\\\/www.beachspirit.fr\\\/bs\\\/wp-content\\\/uploads\\\/2020\\\/03\\\/logoBS-petit-2.png\",\"contentUrl\":\"http:\\\/\\\/www.beachspirit.fr\\\/bs\\\/wp-content\\\/uploads\\\/2020\\\/03\\\/logoBS-petit-2.png\",\"width\":200,\"height\":117,\"caption\":\"BEACH SPIRIT\"},\"image\":{\"@id\":\"https:\\\/\\\/www.beachspirit.fr\\\/bs\\\/#\\\/schema\\\/logo\\\/image\\\/\"},\"sameAs\":[\"https:\\\/\\\/www.facebook.com\\\/beachspirit.fr\\\/\",\"https:\\\/\\\/www.instagram.com\\\/beachspirit.fr\\\/\"]}]}<\/script>\n<!-- \/ Yoast SEO plugin. -->","yoast_head_json":{"title":"Bobine ecoute haute qualit\u00e9 100m Ecoute MS 310 \u00d88 ou10mm 32 fuseaux -","description":"Bobine ecoute haute qualit\u00e9 32 fuseaux de diam\u00e8tre ou 10 mm en polyester touch\u00e9 coton vendu par 100 m\u00e8tres. Id\u00e9ale pour voile et char \u00e0 voile","robots":{"index":"index","follow":"follow","max-snippet":"max-snippet:-1","max-image-preview":"max-image-preview:large","max-video-preview":"max-video-preview:-1"},"canonical":"https:\/\/www.beachspirit.fr\/bs\/produit\/bobine-100m-ecoute-haute-qualite-ms-310-8mm-24-fuseaux\/","og_locale":"fr_FR","og_type":"article","og_title":"Bobine ecoute haute qualit\u00e9 100m Ecoute MS 310 \u00d88 ou10mm 32 fuseaux -","og_description":"Bobine ecoute haute qualit\u00e9 32 fuseaux de diam\u00e8tre ou 10 mm en polyester touch\u00e9 coton vendu par 100 m\u00e8tres. Id\u00e9ale pour voile et char \u00e0 voile","og_url":"https:\/\/www.beachspirit.fr\/bs\/produit\/bobine-100m-ecoute-haute-qualite-ms-310-8mm-24-fuseaux\/","og_site_name":"BEACH SPIRIT","article_publisher":"https:\/\/www.facebook.com\/beachspirit.fr\/","article_modified_time":"2025-09-05T12:17:41+00:00","og_image":[{"width":200,"height":200,"url":"https:\/\/www.beachspirit.fr\/bs\/wp-content\/uploads\/2015\/05\/clipper-white-m-s-310.jpg","type":"image\/jpeg"}],"twitter_card":"summary_large_image","twitter_misc":{"Dur\u00e9e de lecture estim\u00e9e":"1 minute"},"schema":{"@context":"https:\/\/schema.org","@graph":[{"@type":"WebPage","@id":"https:\/\/www.beachspirit.fr\/bs\/produit\/bobine-100m-ecoute-haute-qualite-ms-310-8mm-24-fuseaux\/","url":"https:\/\/www.beachspirit.fr\/bs\/produit\/bobine-100m-ecoute-haute-qualite-ms-310-8mm-24-fuseaux\/","name":"Bobine ecoute haute qualit\u00e9 100m Ecoute MS 310 \u00d88 ou10mm 32 fuseaux -","isPartOf":{"@id":"https:\/\/www.beachspirit.fr\/bs\/#website"},"primaryImageOfPage":{"@id":"https:\/\/www.beachspirit.fr\/bs\/produit\/bobine-100m-ecoute-haute-qualite-ms-310-8mm-24-fuseaux\/#primaryimage"},"image":{"@id":"https:\/\/www.beachspirit.fr\/bs\/produit\/bobine-100m-ecoute-haute-qualite-ms-310-8mm-24-fuseaux\/#primaryimage"},"thumbnailUrl":"https:\/\/www.beachspirit.fr\/bs\/wp-content\/uploads\/2015\/05\/clipper-white-m-s-310.jpg","datePublished":"2020-05-01T16:08:27+00:00","dateModified":"2025-09-05T12:17:41+00:00","description":"Bobine ecoute haute qualit\u00e9 32 fuseaux de diam\u00e8tre ou 10 mm en polyester touch\u00e9 coton vendu par 100 m\u00e8tres. Id\u00e9ale pour voile et char \u00e0 voile","breadcrumb":{"@id":"https:\/\/www.beachspirit.fr\/bs\/produit\/bobine-100m-ecoute-haute-qualite-ms-310-8mm-24-fuseaux\/#breadcrumb"},"inLanguage":"fr-FR","potentialAction":[{"@type":"ReadAction","target":["https:\/\/www.beachspirit.fr\/bs\/produit\/bobine-100m-ecoute-haute-qualite-ms-310-8mm-24-fuseaux\/"]}]},{"@type":"ImageObject","inLanguage":"fr-FR","@id":"https:\/\/www.beachspirit.fr\/bs\/produit\/bobine-100m-ecoute-haute-qualite-ms-310-8mm-24-fuseaux\/#primaryimage","url":"https:\/\/www.beachspirit.fr\/bs\/wp-content\/uploads\/2015\/05\/clipper-white-m-s-310.jpg","contentUrl":"https:\/\/www.beachspirit.fr\/bs\/wp-content\/uploads\/2015\/05\/clipper-white-m-s-310.jpg","width":200,"height":200,"caption":"Bobine ecoute haute qualit\u00e9"},{"@type":"BreadcrumbList","@id":"https:\/\/www.beachspirit.fr\/bs\/produit\/bobine-100m-ecoute-haute-qualite-ms-310-8mm-24-fuseaux\/#breadcrumb","itemListElement":[{"@type":"ListItem","position":1,"name":"Accueil","item":"https:\/\/www.beachspirit.fr\/bs\/"},{"@type":"ListItem","position":2,"name":"Boutique","item":"https:\/\/www.beachspirit.fr\/bs\/boutique\/"},{"@type":"ListItem","position":3,"name":"Bobine ecoute haute qualit\u00e9 100m Ecoute MS 310 \u00d88 ou10mm 32 fuseaux"}]},{"@type":"WebSite","@id":"https:\/\/www.beachspirit.fr\/bs\/#website","url":"https:\/\/www.beachspirit.fr\/bs\/","name":"BEACH SPIRIT","description":"beach spirit approved","publisher":{"@id":"https:\/\/www.beachspirit.fr\/bs\/#organization"},"potentialAction":[{"@type":"SearchAction","target":{"@type":"EntryPoint","urlTemplate":"https:\/\/www.beachspirit.fr\/bs\/?s={search_term_string}"},"query-input":{"@type":"PropertyValueSpecification","valueRequired":true,"valueName":"search_term_string"}}],"inLanguage":"fr-FR"},{"@type":"Organization","@id":"https:\/\/www.beachspirit.fr\/bs\/#organization","name":"BEACH SPIRIT","url":"https:\/\/www.beachspirit.fr\/bs\/","logo":{"@type":"ImageObject","inLanguage":"fr-FR","@id":"https:\/\/www.beachspirit.fr\/bs\/#\/schema\/logo\/image\/","url":"http:\/\/www.beachspirit.fr\/bs\/wp-content\/uploads\/2020\/03\/logoBS-petit-2.png","contentUrl":"http:\/\/www.beachspirit.fr\/bs\/wp-content\/uploads\/2020\/03\/logoBS-petit-2.png","width":200,"height":117,"caption":"BEACH SPIRIT"},"image":{"@id":"https:\/\/www.beachspirit.fr\/bs\/#\/schema\/logo\/image\/"},"sameAs":["https:\/\/www.facebook.com\/beachspirit.fr\/","https:\/\/www.instagram.com\/beachspirit.fr\/"]}]}},"_links":{"self":[{"href":"https:\/\/www.beachspirit.fr\/bs\/wp-json\/wp\/v2\/product\/25369","targetHints":{"allow":["GET"]}}],"collection":[{"href":"https:\/\/www.beachspirit.fr\/bs\/wp-json\/wp\/v2\/product"}],"about":[{"href":"https:\/\/www.beachspirit.fr\/bs\/wp-json\/wp\/v2\/types\/product"}],"replies":[{"embeddable":true,"href":"https:\/\/www.beachspirit.fr\/bs\/wp-json\/wp\/v2\/comments?post=25369"}],"wp:featuredmedia":[{"embeddable":true,"href":"https:\/\/www.beachspirit.fr\/bs\/wp-json\/wp\/v2\/media\/593"}],"wp:attachment":[{"href":"https:\/\/www.beachspirit.fr\/bs\/wp-json\/wp\/v2\/media?parent=25369"}],"wp:term":[{"taxonomy":"product_brand","embeddable":true,"href":"https:\/\/www.beachspirit.fr\/bs\/wp-json\/wp\/v2\/product_brand?post=25369"},{"taxonomy":"product_cat","embeddable":true,"href":"https:\/\/www.beachspirit.fr\/bs\/wp-json\/wp\/v2\/product_cat?post=25369"},{"taxonomy":"product_tag","embeddable":true,"href":"https:\/\/www.beachspirit.fr\/bs\/wp-json\/wp\/v2\/product_tag?post=25369"}],"curies":[{"name":"wp","href":"https:\/\/api.w.org\/{rel}","templated":true}]}}