{"id":25494,"date":"2020-05-07T12:38:59","date_gmt":"2020-05-07T11:38:59","guid":{"rendered":"https:\/\/www.beachspirit.fr\/bs\/?post_type=product&#038;p=25494"},"modified":"2024-09-24T06:30:54","modified_gmt":"2024-09-24T05:30:54","slug":"gants-economiques-char-a-voile-voile-pro","status":"publish","type":"product","link":"https:\/\/www.beachspirit.fr\/bs\/produit\/gants-economiques-char-a-voile-voile-pro\/","title":{"rendered":"Gants \u00e9conomiques Char \u00e0 Voile &#8211; Voile \u00e0 partir de 1.50\u20ac"},"content":{"rendered":"<h3><span style=\"color: #ff6600;\">Gants \u00e9conomiques Char \u00e0 voile-voile<\/span><\/h3>\n<p><span style=\"color: #ffff00;\">Test\u00e9s en comp\u00e9tition de char \u00e0 voile, ces gants \u00e9conomiques fins sont parfait pour la pratique du char \u00e0 voile ou de la voile.<\/span><\/p>\n<p><span style=\"color: #ffff00;\">Fins ils permettent de conserver une grande dext\u00e9rit\u00e9,\u00a0 Enduit de <a style=\"color: #ffff00;\" href=\"https:\/\/fr.wikipedia.org\/wiki\/Polyur%C3%A9thane\" target=\"_blank\" rel=\"noopener noreferrer\">PU<\/a> sur la paume pour un tr\u00e8s bon gripp sur les \u00e9coutes . Pour plus de conforts, ils\u00a0 sont perm\u00e9ables \u00e0 l&rsquo;air sur les dos de la main<\/span><\/p>\n<ul>\n<li><span style=\"color: #ffff00;\"><strong>marque : Portwest<\/strong><\/span><\/li>\n<li><span style=\"color: #ffff00;\"><strong>Doublure en nylon enduit de PU<\/strong><\/span><\/li>\n<li><span style=\"color: #ffff00;\"><strong>Excellente dext\u00e9rit\u00e9<\/strong><\/span><\/li>\n<li><span style=\"color: #ffff00;\"><strong>tres bon gripp<\/strong><\/span><\/li>\n<li><span style=\"color: #ffff00;\"><strong>Perm\u00e9abilit\u00e9 \u00e0 l&rsquo;air<\/strong><\/span><\/li>\n<li><span style=\"color: #ffff00;\"><strong>Composition Nylon, PU<\/strong><\/span><\/li>\n<li><span style=\"color: #ffff00;\"><strong>Taille S 7 &#8211; M 8 &#8211; L 9 &#8211; XL 10 (galon de couleur et marquage pour les identifier facilement)<\/strong><\/span><\/li>\n<li><span style=\"color: #ffff00;\"><strong>Disponibles en plusieurs couleurs<\/strong><\/span><\/li>\n<li><span style=\"color: #ffff00;\"><strong>Paires Vendus en sachet ferm\u00e9s<\/strong><\/span><\/li>\n<\/ul>\n<p><span style=\"color: #ffff00;\">Un renseignement ?<\/span>\u00a0 <a href=\"https:\/\/www.beachspirit.fr\/bs\/nous-contacter\/\" target=\"_blank\" rel=\"noopener noreferrer\">Contactez nous<\/a><\/p>\n","protected":false},"excerpt":{"rendered":"<h3><span style=\"color: #ff6600;\">Gants \u00e9conomiques Char \u00e0 voile-voile<\/span><\/h3>\n<p><span style=\"color: #ffff00;\">Vendus en sachets ferm\u00e9s<\/span><\/p>\n<p><span style=\"color: #ffff00;\">Minimum 10 paires<\/span><\/p>\n<p><span style=\"color: #ffff00;\"><strong>\u00e0 partir de 1.50\u20ac<\/strong><\/span><\/p>\n","protected":false},"featured_media":25496,"comment_status":"closed","ping_status":"closed","template":"","meta":[],"product_brand":[],"product_cat":[408,443,451,407],"product_tag":[],"class_list":{"0":"post-25494","1":"product","2":"type-product","3":"status-publish","4":"has-post-thumbnail","6":"product_cat-articles-techniques-pro","7":"product_cat-boutique-clubs-ecoles-voile-char","8":"product_cat-equipements-protection-individuel","9":"product_cat-lot-competition","10":"product_shipping_class-tarif-suivant-poids","12":"first","13":"onbackorder","14":"purchasable","15":"product-type-variable","16":"has-default-attributes"},"yoast_head":"<!-- This site is optimized with the Yoast SEO plugin v27.5 - https:\/\/yoast.com\/product\/yoast-seo-wordpress\/ -->\n<title>Gants \u00e9conomiques Char \u00e0 Voile - Voile \u00e0 partir de 1.50\u20ac - BEACH SPIRIT<\/title>\n<meta name=\"description\" content=\"Gants \u00e9conomiques et confortables pour la partique du char \u00e0 voile et de la voile, Ces gants test\u00e9s et utilis\u00e9s en comp\u00e9tition sont vendus en sachets ferm\u00e9s\" \/>\n<meta name=\"robots\" content=\"index, follow, max-snippet:-1, max-image-preview:large, max-video-preview:-1\" \/>\n<link rel=\"canonical\" href=\"https:\/\/www.beachspirit.fr\/bs\/produit\/gants-economiques-char-a-voile-voile-pro\/\" \/>\n<meta property=\"og:locale\" content=\"fr_FR\" \/>\n<meta property=\"og:type\" content=\"article\" \/>\n<meta property=\"og:title\" content=\"Gants \u00e9conomiques Char \u00e0 Voile - Voile \u00e0 partir de 1.50\u20ac - BEACH SPIRIT\" \/>\n<meta property=\"og:description\" content=\"Gants \u00e9conomiques et confortables pour la partique du char \u00e0 voile et de la voile, Ces gants test\u00e9s et utilis\u00e9s en comp\u00e9tition sont vendus en sachets ferm\u00e9s\" \/>\n<meta property=\"og:url\" content=\"https:\/\/www.beachspirit.fr\/bs\/produit\/gants-economiques-char-a-voile-voile-pro\/\" \/>\n<meta property=\"og:site_name\" content=\"BEACH SPIRIT\" \/>\n<meta property=\"article:publisher\" content=\"https:\/\/www.facebook.com\/beachspirit.fr\/\" \/>\n<meta property=\"article:modified_time\" content=\"2024-09-24T05:30:54+00:00\" \/>\n<meta property=\"og:image\" content=\"https:\/\/www.beachspirit.fr\/bs\/wp-content\/uploads\/2020\/05\/PW081_Black_FT.jpg\" \/>\n\t<meta property=\"og:image:width\" content=\"1257\" \/>\n\t<meta property=\"og:image:height\" content=\"2011\" \/>\n\t<meta property=\"og:image:type\" content=\"image\/jpeg\" \/>\n<meta name=\"twitter:card\" content=\"summary_large_image\" \/>\n<meta name=\"twitter:label1\" content=\"Dur\u00e9e de lecture estim\u00e9e\" \/>\n\t<meta name=\"twitter:data1\" content=\"1 minute\" \/>\n<script type=\"application\/ld+json\" class=\"yoast-schema-graph\">{\"@context\":\"https:\\\/\\\/schema.org\",\"@graph\":[{\"@type\":\"WebPage\",\"@id\":\"https:\\\/\\\/www.beachspirit.fr\\\/bs\\\/produit\\\/gants-economiques-char-a-voile-voile-pro\\\/\",\"url\":\"https:\\\/\\\/www.beachspirit.fr\\\/bs\\\/produit\\\/gants-economiques-char-a-voile-voile-pro\\\/\",\"name\":\"Gants \u00e9conomiques Char \u00e0 Voile - Voile \u00e0 partir de 1.50\u20ac - BEACH SPIRIT\",\"isPartOf\":{\"@id\":\"https:\\\/\\\/www.beachspirit.fr\\\/bs\\\/#website\"},\"primaryImageOfPage\":{\"@id\":\"https:\\\/\\\/www.beachspirit.fr\\\/bs\\\/produit\\\/gants-economiques-char-a-voile-voile-pro\\\/#primaryimage\"},\"image\":{\"@id\":\"https:\\\/\\\/www.beachspirit.fr\\\/bs\\\/produit\\\/gants-economiques-char-a-voile-voile-pro\\\/#primaryimage\"},\"thumbnailUrl\":\"https:\\\/\\\/www.beachspirit.fr\\\/bs\\\/wp-content\\\/uploads\\\/2020\\\/05\\\/PW081_Black_FT.jpg\",\"datePublished\":\"2020-05-07T11:38:59+00:00\",\"dateModified\":\"2024-09-24T05:30:54+00:00\",\"description\":\"Gants \u00e9conomiques et confortables pour la partique du char \u00e0 voile et de la voile, Ces gants test\u00e9s et utilis\u00e9s en comp\u00e9tition sont vendus en sachets ferm\u00e9s\",\"breadcrumb\":{\"@id\":\"https:\\\/\\\/www.beachspirit.fr\\\/bs\\\/produit\\\/gants-economiques-char-a-voile-voile-pro\\\/#breadcrumb\"},\"inLanguage\":\"fr-FR\",\"potentialAction\":[{\"@type\":\"ReadAction\",\"target\":[\"https:\\\/\\\/www.beachspirit.fr\\\/bs\\\/produit\\\/gants-economiques-char-a-voile-voile-pro\\\/\"]}]},{\"@type\":\"ImageObject\",\"inLanguage\":\"fr-FR\",\"@id\":\"https:\\\/\\\/www.beachspirit.fr\\\/bs\\\/produit\\\/gants-economiques-char-a-voile-voile-pro\\\/#primaryimage\",\"url\":\"https:\\\/\\\/www.beachspirit.fr\\\/bs\\\/wp-content\\\/uploads\\\/2020\\\/05\\\/PW081_Black_FT.jpg\",\"contentUrl\":\"https:\\\/\\\/www.beachspirit.fr\\\/bs\\\/wp-content\\\/uploads\\\/2020\\\/05\\\/PW081_Black_FT.jpg\",\"width\":1257,\"height\":2011,\"caption\":\"Gants char \u00e0 voile - voile\"},{\"@type\":\"BreadcrumbList\",\"@id\":\"https:\\\/\\\/www.beachspirit.fr\\\/bs\\\/produit\\\/gants-economiques-char-a-voile-voile-pro\\\/#breadcrumb\",\"itemListElement\":[{\"@type\":\"ListItem\",\"position\":1,\"name\":\"Accueil\",\"item\":\"https:\\\/\\\/www.beachspirit.fr\\\/bs\\\/\"},{\"@type\":\"ListItem\",\"position\":2,\"name\":\"Boutique\",\"item\":\"https:\\\/\\\/www.beachspirit.fr\\\/bs\\\/boutique\\\/\"},{\"@type\":\"ListItem\",\"position\":3,\"name\":\"Gants \u00e9conomiques Char \u00e0 Voile &#8211; Voile \u00e0 partir de 1.50\u20ac\"}]},{\"@type\":\"WebSite\",\"@id\":\"https:\\\/\\\/www.beachspirit.fr\\\/bs\\\/#website\",\"url\":\"https:\\\/\\\/www.beachspirit.fr\\\/bs\\\/\",\"name\":\"BEACH SPIRIT\",\"description\":\"beach spirit approved\",\"publisher\":{\"@id\":\"https:\\\/\\\/www.beachspirit.fr\\\/bs\\\/#organization\"},\"potentialAction\":[{\"@type\":\"SearchAction\",\"target\":{\"@type\":\"EntryPoint\",\"urlTemplate\":\"https:\\\/\\\/www.beachspirit.fr\\\/bs\\\/?s={search_term_string}\"},\"query-input\":{\"@type\":\"PropertyValueSpecification\",\"valueRequired\":true,\"valueName\":\"search_term_string\"}}],\"inLanguage\":\"fr-FR\"},{\"@type\":\"Organization\",\"@id\":\"https:\\\/\\\/www.beachspirit.fr\\\/bs\\\/#organization\",\"name\":\"BEACH SPIRIT\",\"url\":\"https:\\\/\\\/www.beachspirit.fr\\\/bs\\\/\",\"logo\":{\"@type\":\"ImageObject\",\"inLanguage\":\"fr-FR\",\"@id\":\"https:\\\/\\\/www.beachspirit.fr\\\/bs\\\/#\\\/schema\\\/logo\\\/image\\\/\",\"url\":\"http:\\\/\\\/www.beachspirit.fr\\\/bs\\\/wp-content\\\/uploads\\\/2020\\\/03\\\/logoBS-petit-2.png\",\"contentUrl\":\"http:\\\/\\\/www.beachspirit.fr\\\/bs\\\/wp-content\\\/uploads\\\/2020\\\/03\\\/logoBS-petit-2.png\",\"width\":200,\"height\":117,\"caption\":\"BEACH SPIRIT\"},\"image\":{\"@id\":\"https:\\\/\\\/www.beachspirit.fr\\\/bs\\\/#\\\/schema\\\/logo\\\/image\\\/\"},\"sameAs\":[\"https:\\\/\\\/www.facebook.com\\\/beachspirit.fr\\\/\",\"https:\\\/\\\/www.instagram.com\\\/beachspirit.fr\\\/\"]}]}<\/script>\n<!-- \/ Yoast SEO plugin. -->","yoast_head_json":{"title":"Gants \u00e9conomiques Char \u00e0 Voile - Voile \u00e0 partir de 1.50\u20ac - BEACH SPIRIT","description":"Gants \u00e9conomiques et confortables pour la partique du char \u00e0 voile et de la voile, Ces gants test\u00e9s et utilis\u00e9s en comp\u00e9tition sont vendus en sachets ferm\u00e9s","robots":{"index":"index","follow":"follow","max-snippet":"max-snippet:-1","max-image-preview":"max-image-preview:large","max-video-preview":"max-video-preview:-1"},"canonical":"https:\/\/www.beachspirit.fr\/bs\/produit\/gants-economiques-char-a-voile-voile-pro\/","og_locale":"fr_FR","og_type":"article","og_title":"Gants \u00e9conomiques Char \u00e0 Voile - Voile \u00e0 partir de 1.50\u20ac - BEACH SPIRIT","og_description":"Gants \u00e9conomiques et confortables pour la partique du char \u00e0 voile et de la voile, Ces gants test\u00e9s et utilis\u00e9s en comp\u00e9tition sont vendus en sachets ferm\u00e9s","og_url":"https:\/\/www.beachspirit.fr\/bs\/produit\/gants-economiques-char-a-voile-voile-pro\/","og_site_name":"BEACH SPIRIT","article_publisher":"https:\/\/www.facebook.com\/beachspirit.fr\/","article_modified_time":"2024-09-24T05:30:54+00:00","og_image":[{"width":1257,"height":2011,"url":"https:\/\/www.beachspirit.fr\/bs\/wp-content\/uploads\/2020\/05\/PW081_Black_FT.jpg","type":"image\/jpeg"}],"twitter_card":"summary_large_image","twitter_misc":{"Dur\u00e9e de lecture estim\u00e9e":"1 minute"},"schema":{"@context":"https:\/\/schema.org","@graph":[{"@type":"WebPage","@id":"https:\/\/www.beachspirit.fr\/bs\/produit\/gants-economiques-char-a-voile-voile-pro\/","url":"https:\/\/www.beachspirit.fr\/bs\/produit\/gants-economiques-char-a-voile-voile-pro\/","name":"Gants \u00e9conomiques Char \u00e0 Voile - Voile \u00e0 partir de 1.50\u20ac - BEACH SPIRIT","isPartOf":{"@id":"https:\/\/www.beachspirit.fr\/bs\/#website"},"primaryImageOfPage":{"@id":"https:\/\/www.beachspirit.fr\/bs\/produit\/gants-economiques-char-a-voile-voile-pro\/#primaryimage"},"image":{"@id":"https:\/\/www.beachspirit.fr\/bs\/produit\/gants-economiques-char-a-voile-voile-pro\/#primaryimage"},"thumbnailUrl":"https:\/\/www.beachspirit.fr\/bs\/wp-content\/uploads\/2020\/05\/PW081_Black_FT.jpg","datePublished":"2020-05-07T11:38:59+00:00","dateModified":"2024-09-24T05:30:54+00:00","description":"Gants \u00e9conomiques et confortables pour la partique du char \u00e0 voile et de la voile, Ces gants test\u00e9s et utilis\u00e9s en comp\u00e9tition sont vendus en sachets ferm\u00e9s","breadcrumb":{"@id":"https:\/\/www.beachspirit.fr\/bs\/produit\/gants-economiques-char-a-voile-voile-pro\/#breadcrumb"},"inLanguage":"fr-FR","potentialAction":[{"@type":"ReadAction","target":["https:\/\/www.beachspirit.fr\/bs\/produit\/gants-economiques-char-a-voile-voile-pro\/"]}]},{"@type":"ImageObject","inLanguage":"fr-FR","@id":"https:\/\/www.beachspirit.fr\/bs\/produit\/gants-economiques-char-a-voile-voile-pro\/#primaryimage","url":"https:\/\/www.beachspirit.fr\/bs\/wp-content\/uploads\/2020\/05\/PW081_Black_FT.jpg","contentUrl":"https:\/\/www.beachspirit.fr\/bs\/wp-content\/uploads\/2020\/05\/PW081_Black_FT.jpg","width":1257,"height":2011,"caption":"Gants char \u00e0 voile - voile"},{"@type":"BreadcrumbList","@id":"https:\/\/www.beachspirit.fr\/bs\/produit\/gants-economiques-char-a-voile-voile-pro\/#breadcrumb","itemListElement":[{"@type":"ListItem","position":1,"name":"Accueil","item":"https:\/\/www.beachspirit.fr\/bs\/"},{"@type":"ListItem","position":2,"name":"Boutique","item":"https:\/\/www.beachspirit.fr\/bs\/boutique\/"},{"@type":"ListItem","position":3,"name":"Gants \u00e9conomiques Char \u00e0 Voile &#8211; Voile \u00e0 partir de 1.50\u20ac"}]},{"@type":"WebSite","@id":"https:\/\/www.beachspirit.fr\/bs\/#website","url":"https:\/\/www.beachspirit.fr\/bs\/","name":"BEACH SPIRIT","description":"beach spirit approved","publisher":{"@id":"https:\/\/www.beachspirit.fr\/bs\/#organization"},"potentialAction":[{"@type":"SearchAction","target":{"@type":"EntryPoint","urlTemplate":"https:\/\/www.beachspirit.fr\/bs\/?s={search_term_string}"},"query-input":{"@type":"PropertyValueSpecification","valueRequired":true,"valueName":"search_term_string"}}],"inLanguage":"fr-FR"},{"@type":"Organization","@id":"https:\/\/www.beachspirit.fr\/bs\/#organization","name":"BEACH SPIRIT","url":"https:\/\/www.beachspirit.fr\/bs\/","logo":{"@type":"ImageObject","inLanguage":"fr-FR","@id":"https:\/\/www.beachspirit.fr\/bs\/#\/schema\/logo\/image\/","url":"http:\/\/www.beachspirit.fr\/bs\/wp-content\/uploads\/2020\/03\/logoBS-petit-2.png","contentUrl":"http:\/\/www.beachspirit.fr\/bs\/wp-content\/uploads\/2020\/03\/logoBS-petit-2.png","width":200,"height":117,"caption":"BEACH SPIRIT"},"image":{"@id":"https:\/\/www.beachspirit.fr\/bs\/#\/schema\/logo\/image\/"},"sameAs":["https:\/\/www.facebook.com\/beachspirit.fr\/","https:\/\/www.instagram.com\/beachspirit.fr\/"]}]}},"_links":{"self":[{"href":"https:\/\/www.beachspirit.fr\/bs\/wp-json\/wp\/v2\/product\/25494","targetHints":{"allow":["GET"]}}],"collection":[{"href":"https:\/\/www.beachspirit.fr\/bs\/wp-json\/wp\/v2\/product"}],"about":[{"href":"https:\/\/www.beachspirit.fr\/bs\/wp-json\/wp\/v2\/types\/product"}],"replies":[{"embeddable":true,"href":"https:\/\/www.beachspirit.fr\/bs\/wp-json\/wp\/v2\/comments?post=25494"}],"wp:featuredmedia":[{"embeddable":true,"href":"https:\/\/www.beachspirit.fr\/bs\/wp-json\/wp\/v2\/media\/25496"}],"wp:attachment":[{"href":"https:\/\/www.beachspirit.fr\/bs\/wp-json\/wp\/v2\/media?parent=25494"}],"wp:term":[{"taxonomy":"product_brand","embeddable":true,"href":"https:\/\/www.beachspirit.fr\/bs\/wp-json\/wp\/v2\/product_brand?post=25494"},{"taxonomy":"product_cat","embeddable":true,"href":"https:\/\/www.beachspirit.fr\/bs\/wp-json\/wp\/v2\/product_cat?post=25494"},{"taxonomy":"product_tag","embeddable":true,"href":"https:\/\/www.beachspirit.fr\/bs\/wp-json\/wp\/v2\/product_tag?post=25494"}],"curies":[{"name":"wp","href":"https:\/\/api.w.org\/{rel}","templated":true}]}}