{"id":25582,"date":"2020-06-07T09:54:38","date_gmt":"2020-06-07T08:54:38","guid":{"rendered":"https:\/\/www.beachspirit.fr\/bs\/?post_type=product&#038;p=25582"},"modified":"2026-04-02T17:24:22","modified_gmt":"2026-04-02T16:24:22","slug":"sensations-course-bapteme-sport-char-a-voile-biplace-sport","status":"publish","type":"product","link":"https:\/\/www.beachspirit.fr\/bs\/produit\/sensations-course-bapteme-sport-char-a-voile-biplace-sport\/","title":{"rendered":"Vitesse Pure &#8211; Biplace Sport"},"content":{"rendered":"<h2><span style=\"color: #ff6600;\">Bapt\u00eame sport en char \u00e0 voile \u00ab\u00a0Biplace Sport\u00a0\u00bb<\/span><\/h2>\n<p>&nbsp;<\/p>\n<p><iframe loading=\"lazy\" title=\"Vitesse pure test the windpower\" width=\"730\" height=\"411\" src=\"https:\/\/www.youtube.com\/embed\/YBdfBETQZtg?feature=oembed\" frameborder=\"0\" allow=\"accelerometer; autoplay; clipboard-write; encrypted-media; gyroscope; picture-in-picture; web-share\" referrerpolicy=\"strict-origin-when-cross-origin\" allowfullscreen><\/iframe><\/p>\n<p><iframe loading=\"lazy\" title=\"SPLASH\" width=\"730\" height=\"411\" src=\"https:\/\/www.youtube.com\/embed\/rk9exi4huG8?feature=oembed\" frameborder=\"0\" allow=\"accelerometer; autoplay; clipboard-write; encrypted-media; gyroscope; picture-in-picture; web-share\" referrerpolicy=\"strict-origin-when-cross-origin\" allowfullscreen><\/iframe><\/p>\n<p><iframe loading=\"lazy\" title=\"vite\" width=\"730\" height=\"411\" src=\"https:\/\/www.youtube.com\/embed\/l_MNZylM1Ow?feature=oembed\" frameborder=\"0\" allow=\"accelerometer; autoplay; clipboard-write; encrypted-media; gyroscope; picture-in-picture; web-share\" referrerpolicy=\"strict-origin-when-cross-origin\" allowfullscreen><\/iframe><\/p>\n<p><iframe loading=\"lazy\" title=\"take off\" width=\"730\" height=\"411\" src=\"https:\/\/www.youtube.com\/embed\/MOvcBQshVEU?feature=oembed\" frameborder=\"0\" allow=\"accelerometer; autoplay; clipboard-write; encrypted-media; gyroscope; picture-in-picture; web-share\" referrerpolicy=\"strict-origin-when-cross-origin\" allowfullscreen><\/iframe><\/p>\n<h2><\/h2>\n<p>Entrez dans le monde de la Glisse et de la <strong>vitesse pure<\/strong> en embarquant pour <b>un bapt\u00eame vraiment sport<\/b> \u00e0 bord de \u00ab\u00a0FLECHE BLEUE 2\u00a0\u00bb<strong> un char \u00e0 voile biplace hors normes<\/strong> directement <strong>issus des chars de comp\u00e9titions les plus rapides<\/strong> du circuit international, et vivez les sensations unique que procure un char \u00e0 voile classe 3 la formule 1 des chars.<\/p>\n<p>en duo en biplace sport avec un moniteur et pilote international reconnu et d\u00e9couvrez <strong>les sensations de course<\/strong> en glissant \u00e0 pleine vitesse sur le sable entre la Baie d&rsquo;Authie et la Baie de Somme sur pr\u00e8s de 15Lm de plage<\/p>\n<p>Sur r\u00e9servation au d\u00e9part de la <a href=\"https:\/\/www.google.com\/maps\/place\/Ozone+char+%C3%A0+voile\/@50.3193179,1.5442411,17z\/data=!3m1!4b1!4m6!3m5!1s0x47dde0b153d55e49:0x8cc14340eb3a0ca0!8m2!3d50.3193145!4d1.546816!16s%2Fg%2F1tcwf7sl?entry=ttu&amp;g_ep=EgoyMDI2MDMxMS4wIKXMDSoASAFQAw%3D%3D\" target=\"_blank\" rel=\"noopener\">\u00ab\u00a0base Ozone\u00a0\u00bb de Quend plage<\/a><\/p>\n<p><strong>Descriptif prestation<\/strong><\/p>\n<ul>\n<li>D\u00e9part : Base Ozone \u00e0 Quend Plage<\/li>\n<li>Zone d&rsquo;\u00e9volution : entre la Baie d&rsquo;Authie et la Baie de Somme<\/li>\n<li>Horaires : en fonction des heures de <a href=\"https:\/\/maree.info\/8\" target=\"_blank\" rel=\"noopener\">mar\u00e9es basses<\/a> et\u00a0 <a href=\"https:\/\/www.windguru.cz\/48359\" target=\"_blank\" rel=\"noopener noreferrer\">conditions de vent.<\/a><\/li>\n<li>Dur\u00e9e : 15mn (sans r\u00e9servation), 1H ou 2H (sur r\u00e9servation) pour une ou plusieurs personnes.<\/li>\n<li>Age minimum : pour tous \u00e0 partir de 1,40m<\/li>\n<li>Casque int\u00e9gral et coupe vent fournis pour toutes les prestations, tenue \u00e9tanche compl\u00e8te pour les sorties 1H et plus \/pers. Indiquez en note de commande votre tour de t\u00eate et tailles de v\u00eatements.<\/li>\n<li>Cam\u00e9ra embarqu\u00e9 pour un souvenir video.<\/li>\n<li><strong>Possibilit\u00e9 de bons cadeaux sur simple demande.<\/strong><\/li>\n<\/ul>\n<p><strong>Descriptif machine :<\/strong><\/p>\n<ul>\n<li>un mat aile de 6.1m de haut<\/li>\n<li>une voilure de 7 \u00e0 8.5m\u00b2 (suivant les conditions de vent)<\/li>\n<li>5m d&#8217;empattement<\/li>\n<li>3.85m de voie<\/li>\n<li>une vitesse de pointe de 60 \u00e0 plus de 100Km\/H suivant les conditions de plage et de vent<\/li>\n<\/ul>\n<p>Pour prendre rendez-vous, <a href=\"https:\/\/www.beachspirit.fr\/bs\/nous-contacter\/\" target=\"_blank\" rel=\"noopener noreferrer\">contactez nous<\/a><\/p>\n<p><iframe loading=\"lazy\" title=\"11 dec 23 Juste avant la nuit\" width=\"730\" height=\"411\" src=\"https:\/\/www.youtube.com\/embed\/eYkzsFjazw8?feature=oembed\" frameborder=\"0\" allow=\"accelerometer; autoplay; clipboard-write; encrypted-media; gyroscope; picture-in-picture; web-share\" referrerpolicy=\"strict-origin-when-cross-origin\" allowfullscreen><\/iframe><\/p>\n<p>&nbsp;<\/p>\n<p>&nbsp;<\/p>\n<p>&nbsp;<\/p>\n<p>&nbsp;<\/p>\n","protected":false},"excerpt":{"rendered":"<h2><span style=\"color: #ff6600;\">Bapt\u00eame sport en char \u00e0 voile \u00ab\u00a0Biplace Sport\u00a0\u00bb<\/span><\/h2>\n<h3>Une prestation unique en Europe<\/h3>\n<p>Entrez\u00a0 dans le monde de la Glisse et de la <strong>vitesse pure<\/strong> en embarquant pour <b>un bapt\u00eame vraiment sport<\/b> \u00e0 bord de \u00ab\u00a0FLECHE BLEUE 2\u00a0\u00bb<strong> un char \u00e0 voile biplace sport\u00a0 hors norme v\u00e9ritable formule1 des chars <\/strong>directement <strong>issus des machines de comp\u00e9titions les plus rapides<\/strong> du circuit international.<\/p>\n<p>Descriptif Ci-dessous<\/p>\n","protected":false},"featured_media":28590,"comment_status":"open","ping_status":"closed","template":"","meta":[],"product_brand":[],"product_cat":[578,171],"product_tag":[],"class_list":{"0":"post-25582","1":"product","2":"type-product","3":"status-publish","4":"has-post-thumbnail","6":"product_cat-idees-cadeaux-noel","7":"product_cat-vitesse-pure-sensations-course-baptemes-cours-char-a-voile","8":"product_shipping_class-pas-de-livraison","10":"first","11":"instock","12":"purchasable","13":"product-type-variable"},"yoast_head":"<!-- This site is optimized with the Yoast SEO plugin v27.5 - https:\/\/yoast.com\/product\/yoast-seo-wordpress\/ -->\n<title>bapt\u00eame biplace sport char \u00e0 voile Vitesse Pure - Biplace Sport - BEACH SPIRIT<\/title>\n<meta name=\"description\" content=\"Bapt\u00eame sport en char \u00e0 voile &quot;biplace sport&quot; \u00e0 bord d&#039;un char \u00e0 voile d&#039;exception issus des chars de comp\u00e9titions les plus rapides du circuit international. Une prestation unique en Europe\" \/>\n<meta name=\"robots\" content=\"index, follow, max-snippet:-1, max-image-preview:large, max-video-preview:-1\" \/>\n<link rel=\"canonical\" href=\"https:\/\/www.beachspirit.fr\/bs\/produit\/sensations-course-bapteme-sport-char-a-voile-biplace-sport\/\" \/>\n<meta property=\"og:locale\" content=\"fr_FR\" \/>\n<meta property=\"og:type\" content=\"article\" \/>\n<meta property=\"og:title\" content=\"bapt\u00eame biplace sport char \u00e0 voile Vitesse Pure - Biplace Sport - BEACH SPIRIT\" \/>\n<meta property=\"og:description\" content=\"Bapt\u00eame sport en char \u00e0 voile &quot;biplace sport&quot; \u00e0 bord d&#039;un char \u00e0 voile d&#039;exception issus des chars de comp\u00e9titions les plus rapides du circuit international. Une prestation unique en Europe\" \/>\n<meta property=\"og:url\" content=\"https:\/\/www.beachspirit.fr\/bs\/produit\/sensations-course-bapteme-sport-char-a-voile-biplace-sport\/\" \/>\n<meta property=\"og:site_name\" content=\"BEACH SPIRIT\" \/>\n<meta property=\"article:publisher\" content=\"https:\/\/www.facebook.com\/beachspirit.fr\/\" \/>\n<meta property=\"article:modified_time\" content=\"2026-04-02T16:24:22+00:00\" \/>\n<meta property=\"og:image\" content=\"https:\/\/www.beachspirit.fr\/bs\/wp-content\/uploads\/2020\/06\/Un-char-a-voile-dexception.jpg\" \/>\n\t<meta property=\"og:image:width\" content=\"1920\" \/>\n\t<meta property=\"og:image:height\" content=\"1080\" \/>\n\t<meta property=\"og:image:type\" content=\"image\/jpeg\" \/>\n<meta name=\"twitter:card\" content=\"summary_large_image\" \/>\n<meta name=\"twitter:label1\" content=\"Dur\u00e9e de lecture estim\u00e9e\" \/>\n\t<meta name=\"twitter:data1\" content=\"2 minutes\" \/>\n<script type=\"application\/ld+json\" class=\"yoast-schema-graph\">{\"@context\":\"https:\\\/\\\/schema.org\",\"@graph\":[{\"@type\":\"WebPage\",\"@id\":\"https:\\\/\\\/www.beachspirit.fr\\\/bs\\\/produit\\\/sensations-course-bapteme-sport-char-a-voile-biplace-sport\\\/\",\"url\":\"https:\\\/\\\/www.beachspirit.fr\\\/bs\\\/produit\\\/sensations-course-bapteme-sport-char-a-voile-biplace-sport\\\/\",\"name\":\"bapt\u00eame biplace sport char \u00e0 voile Vitesse Pure - Biplace Sport - BEACH SPIRIT\",\"isPartOf\":{\"@id\":\"https:\\\/\\\/www.beachspirit.fr\\\/bs\\\/#website\"},\"primaryImageOfPage\":{\"@id\":\"https:\\\/\\\/www.beachspirit.fr\\\/bs\\\/produit\\\/sensations-course-bapteme-sport-char-a-voile-biplace-sport\\\/#primaryimage\"},\"image\":{\"@id\":\"https:\\\/\\\/www.beachspirit.fr\\\/bs\\\/produit\\\/sensations-course-bapteme-sport-char-a-voile-biplace-sport\\\/#primaryimage\"},\"thumbnailUrl\":\"https:\\\/\\\/www.beachspirit.fr\\\/bs\\\/wp-content\\\/uploads\\\/2020\\\/06\\\/Un-char-a-voile-dexception.jpg\",\"datePublished\":\"2020-06-07T08:54:38+00:00\",\"dateModified\":\"2026-04-02T16:24:22+00:00\",\"description\":\"Bapt\u00eame sport en char \u00e0 voile \\\"biplace sport\\\" \u00e0 bord d'un char \u00e0 voile d'exception issus des chars de comp\u00e9titions les plus rapides du circuit international. Une prestation unique en Europe\",\"breadcrumb\":{\"@id\":\"https:\\\/\\\/www.beachspirit.fr\\\/bs\\\/produit\\\/sensations-course-bapteme-sport-char-a-voile-biplace-sport\\\/#breadcrumb\"},\"inLanguage\":\"fr-FR\",\"potentialAction\":[{\"@type\":\"ReadAction\",\"target\":[\"https:\\\/\\\/www.beachspirit.fr\\\/bs\\\/produit\\\/sensations-course-bapteme-sport-char-a-voile-biplace-sport\\\/\"]}]},{\"@type\":\"ImageObject\",\"inLanguage\":\"fr-FR\",\"@id\":\"https:\\\/\\\/www.beachspirit.fr\\\/bs\\\/produit\\\/sensations-course-bapteme-sport-char-a-voile-biplace-sport\\\/#primaryimage\",\"url\":\"https:\\\/\\\/www.beachspirit.fr\\\/bs\\\/wp-content\\\/uploads\\\/2020\\\/06\\\/Un-char-a-voile-dexception.jpg\",\"contentUrl\":\"https:\\\/\\\/www.beachspirit.fr\\\/bs\\\/wp-content\\\/uploads\\\/2020\\\/06\\\/Un-char-a-voile-dexception.jpg\",\"width\":1920,\"height\":1080,\"caption\":\"bapt\u00eame sport char \u00e0 voile formule1 vitesse pure sensation sport\"},{\"@type\":\"BreadcrumbList\",\"@id\":\"https:\\\/\\\/www.beachspirit.fr\\\/bs\\\/produit\\\/sensations-course-bapteme-sport-char-a-voile-biplace-sport\\\/#breadcrumb\",\"itemListElement\":[{\"@type\":\"ListItem\",\"position\":1,\"name\":\"Accueil\",\"item\":\"https:\\\/\\\/www.beachspirit.fr\\\/bs\\\/\"},{\"@type\":\"ListItem\",\"position\":2,\"name\":\"Boutique\",\"item\":\"https:\\\/\\\/www.beachspirit.fr\\\/bs\\\/boutique\\\/\"},{\"@type\":\"ListItem\",\"position\":3,\"name\":\"Vitesse Pure &#8211; Biplace Sport\"}]},{\"@type\":\"WebSite\",\"@id\":\"https:\\\/\\\/www.beachspirit.fr\\\/bs\\\/#website\",\"url\":\"https:\\\/\\\/www.beachspirit.fr\\\/bs\\\/\",\"name\":\"BEACH SPIRIT\",\"description\":\"beach spirit approved\",\"publisher\":{\"@id\":\"https:\\\/\\\/www.beachspirit.fr\\\/bs\\\/#organization\"},\"potentialAction\":[{\"@type\":\"SearchAction\",\"target\":{\"@type\":\"EntryPoint\",\"urlTemplate\":\"https:\\\/\\\/www.beachspirit.fr\\\/bs\\\/?s={search_term_string}\"},\"query-input\":{\"@type\":\"PropertyValueSpecification\",\"valueRequired\":true,\"valueName\":\"search_term_string\"}}],\"inLanguage\":\"fr-FR\"},{\"@type\":\"Organization\",\"@id\":\"https:\\\/\\\/www.beachspirit.fr\\\/bs\\\/#organization\",\"name\":\"BEACH SPIRIT\",\"url\":\"https:\\\/\\\/www.beachspirit.fr\\\/bs\\\/\",\"logo\":{\"@type\":\"ImageObject\",\"inLanguage\":\"fr-FR\",\"@id\":\"https:\\\/\\\/www.beachspirit.fr\\\/bs\\\/#\\\/schema\\\/logo\\\/image\\\/\",\"url\":\"http:\\\/\\\/www.beachspirit.fr\\\/bs\\\/wp-content\\\/uploads\\\/2020\\\/03\\\/logoBS-petit-2.png\",\"contentUrl\":\"http:\\\/\\\/www.beachspirit.fr\\\/bs\\\/wp-content\\\/uploads\\\/2020\\\/03\\\/logoBS-petit-2.png\",\"width\":200,\"height\":117,\"caption\":\"BEACH SPIRIT\"},\"image\":{\"@id\":\"https:\\\/\\\/www.beachspirit.fr\\\/bs\\\/#\\\/schema\\\/logo\\\/image\\\/\"},\"sameAs\":[\"https:\\\/\\\/www.facebook.com\\\/beachspirit.fr\\\/\",\"https:\\\/\\\/www.instagram.com\\\/beachspirit.fr\\\/\"]}]}<\/script>\n<!-- \/ Yoast SEO plugin. -->","yoast_head_json":{"title":"bapt\u00eame biplace sport char \u00e0 voile Vitesse Pure - Biplace Sport - BEACH SPIRIT","description":"Bapt\u00eame sport en char \u00e0 voile \"biplace sport\" \u00e0 bord d'un char \u00e0 voile d'exception issus des chars de comp\u00e9titions les plus rapides du circuit international. Une prestation unique en Europe","robots":{"index":"index","follow":"follow","max-snippet":"max-snippet:-1","max-image-preview":"max-image-preview:large","max-video-preview":"max-video-preview:-1"},"canonical":"https:\/\/www.beachspirit.fr\/bs\/produit\/sensations-course-bapteme-sport-char-a-voile-biplace-sport\/","og_locale":"fr_FR","og_type":"article","og_title":"bapt\u00eame biplace sport char \u00e0 voile Vitesse Pure - Biplace Sport - BEACH SPIRIT","og_description":"Bapt\u00eame sport en char \u00e0 voile \"biplace sport\" \u00e0 bord d'un char \u00e0 voile d'exception issus des chars de comp\u00e9titions les plus rapides du circuit international. Une prestation unique en Europe","og_url":"https:\/\/www.beachspirit.fr\/bs\/produit\/sensations-course-bapteme-sport-char-a-voile-biplace-sport\/","og_site_name":"BEACH SPIRIT","article_publisher":"https:\/\/www.facebook.com\/beachspirit.fr\/","article_modified_time":"2026-04-02T16:24:22+00:00","og_image":[{"width":1920,"height":1080,"url":"https:\/\/www.beachspirit.fr\/bs\/wp-content\/uploads\/2020\/06\/Un-char-a-voile-dexception.jpg","type":"image\/jpeg"}],"twitter_card":"summary_large_image","twitter_misc":{"Dur\u00e9e de lecture estim\u00e9e":"2 minutes"},"schema":{"@context":"https:\/\/schema.org","@graph":[{"@type":"WebPage","@id":"https:\/\/www.beachspirit.fr\/bs\/produit\/sensations-course-bapteme-sport-char-a-voile-biplace-sport\/","url":"https:\/\/www.beachspirit.fr\/bs\/produit\/sensations-course-bapteme-sport-char-a-voile-biplace-sport\/","name":"bapt\u00eame biplace sport char \u00e0 voile Vitesse Pure - Biplace Sport - BEACH SPIRIT","isPartOf":{"@id":"https:\/\/www.beachspirit.fr\/bs\/#website"},"primaryImageOfPage":{"@id":"https:\/\/www.beachspirit.fr\/bs\/produit\/sensations-course-bapteme-sport-char-a-voile-biplace-sport\/#primaryimage"},"image":{"@id":"https:\/\/www.beachspirit.fr\/bs\/produit\/sensations-course-bapteme-sport-char-a-voile-biplace-sport\/#primaryimage"},"thumbnailUrl":"https:\/\/www.beachspirit.fr\/bs\/wp-content\/uploads\/2020\/06\/Un-char-a-voile-dexception.jpg","datePublished":"2020-06-07T08:54:38+00:00","dateModified":"2026-04-02T16:24:22+00:00","description":"Bapt\u00eame sport en char \u00e0 voile \"biplace sport\" \u00e0 bord d'un char \u00e0 voile d'exception issus des chars de comp\u00e9titions les plus rapides du circuit international. Une prestation unique en Europe","breadcrumb":{"@id":"https:\/\/www.beachspirit.fr\/bs\/produit\/sensations-course-bapteme-sport-char-a-voile-biplace-sport\/#breadcrumb"},"inLanguage":"fr-FR","potentialAction":[{"@type":"ReadAction","target":["https:\/\/www.beachspirit.fr\/bs\/produit\/sensations-course-bapteme-sport-char-a-voile-biplace-sport\/"]}]},{"@type":"ImageObject","inLanguage":"fr-FR","@id":"https:\/\/www.beachspirit.fr\/bs\/produit\/sensations-course-bapteme-sport-char-a-voile-biplace-sport\/#primaryimage","url":"https:\/\/www.beachspirit.fr\/bs\/wp-content\/uploads\/2020\/06\/Un-char-a-voile-dexception.jpg","contentUrl":"https:\/\/www.beachspirit.fr\/bs\/wp-content\/uploads\/2020\/06\/Un-char-a-voile-dexception.jpg","width":1920,"height":1080,"caption":"bapt\u00eame sport char \u00e0 voile formule1 vitesse pure sensation sport"},{"@type":"BreadcrumbList","@id":"https:\/\/www.beachspirit.fr\/bs\/produit\/sensations-course-bapteme-sport-char-a-voile-biplace-sport\/#breadcrumb","itemListElement":[{"@type":"ListItem","position":1,"name":"Accueil","item":"https:\/\/www.beachspirit.fr\/bs\/"},{"@type":"ListItem","position":2,"name":"Boutique","item":"https:\/\/www.beachspirit.fr\/bs\/boutique\/"},{"@type":"ListItem","position":3,"name":"Vitesse Pure &#8211; Biplace Sport"}]},{"@type":"WebSite","@id":"https:\/\/www.beachspirit.fr\/bs\/#website","url":"https:\/\/www.beachspirit.fr\/bs\/","name":"BEACH SPIRIT","description":"beach spirit approved","publisher":{"@id":"https:\/\/www.beachspirit.fr\/bs\/#organization"},"potentialAction":[{"@type":"SearchAction","target":{"@type":"EntryPoint","urlTemplate":"https:\/\/www.beachspirit.fr\/bs\/?s={search_term_string}"},"query-input":{"@type":"PropertyValueSpecification","valueRequired":true,"valueName":"search_term_string"}}],"inLanguage":"fr-FR"},{"@type":"Organization","@id":"https:\/\/www.beachspirit.fr\/bs\/#organization","name":"BEACH SPIRIT","url":"https:\/\/www.beachspirit.fr\/bs\/","logo":{"@type":"ImageObject","inLanguage":"fr-FR","@id":"https:\/\/www.beachspirit.fr\/bs\/#\/schema\/logo\/image\/","url":"http:\/\/www.beachspirit.fr\/bs\/wp-content\/uploads\/2020\/03\/logoBS-petit-2.png","contentUrl":"http:\/\/www.beachspirit.fr\/bs\/wp-content\/uploads\/2020\/03\/logoBS-petit-2.png","width":200,"height":117,"caption":"BEACH SPIRIT"},"image":{"@id":"https:\/\/www.beachspirit.fr\/bs\/#\/schema\/logo\/image\/"},"sameAs":["https:\/\/www.facebook.com\/beachspirit.fr\/","https:\/\/www.instagram.com\/beachspirit.fr\/"]}]}},"_links":{"self":[{"href":"https:\/\/www.beachspirit.fr\/bs\/wp-json\/wp\/v2\/product\/25582","targetHints":{"allow":["GET"]}}],"collection":[{"href":"https:\/\/www.beachspirit.fr\/bs\/wp-json\/wp\/v2\/product"}],"about":[{"href":"https:\/\/www.beachspirit.fr\/bs\/wp-json\/wp\/v2\/types\/product"}],"replies":[{"embeddable":true,"href":"https:\/\/www.beachspirit.fr\/bs\/wp-json\/wp\/v2\/comments?post=25582"}],"wp:featuredmedia":[{"embeddable":true,"href":"https:\/\/www.beachspirit.fr\/bs\/wp-json\/wp\/v2\/media\/28590"}],"wp:attachment":[{"href":"https:\/\/www.beachspirit.fr\/bs\/wp-json\/wp\/v2\/media?parent=25582"}],"wp:term":[{"taxonomy":"product_brand","embeddable":true,"href":"https:\/\/www.beachspirit.fr\/bs\/wp-json\/wp\/v2\/product_brand?post=25582"},{"taxonomy":"product_cat","embeddable":true,"href":"https:\/\/www.beachspirit.fr\/bs\/wp-json\/wp\/v2\/product_cat?post=25582"},{"taxonomy":"product_tag","embeddable":true,"href":"https:\/\/www.beachspirit.fr\/bs\/wp-json\/wp\/v2\/product_tag?post=25582"}],"curies":[{"name":"wp","href":"https:\/\/api.w.org\/{rel}","templated":true}]}}