{"id":25697,"date":"2020-10-07T11:42:42","date_gmt":"2020-10-07T10:42:42","guid":{"rendered":"https:\/\/www.beachspirit.fr\/bs\/?post_type=product&#038;p=25697"},"modified":"2026-03-05T13:58:25","modified_gmt":"2026-03-05T12:58:25","slug":"pneus-char-a-voile-4-80-8-chambre-par-lots-de-10-60-pieces","status":"publish","type":"product","link":"https:\/\/www.beachspirit.fr\/bs\/produit\/pneus-char-a-voile-4-80-8-chambre-par-lots-de-10-60-pieces\/","title":{"rendered":"LOTS DE  PNEUS CHAR A VOILE 4.80-8 + CHAMBRES A AIR (\u00e0 partir de 15.03\u20ac\/piece)"},"content":{"rendered":"<h3><span style=\"color: #ff6600;\">Pneus <\/span><span style=\"color: #ff6600;\">char \u00e0 voile <\/span><span style=\"color: #ff6600;\">4.80-8<\/span><span style=\"color: #ff6600;\"> \u00a0<\/span><span style=\"color: #ff6600;\">+ chambres \u00e0 air valve droite par lots\u00a0<\/span><\/h3>\n<p><span style=\"color: #000000;\"><a href=\"https:\/\/fr.wikipedia.org\/wiki\/Pneumatique_(v%C3%A9hicule)\" target=\"_blank\" rel=\"noopener\">Pneus<\/a> char \u00e0 voile<\/span><\/p>\n<p><span style=\"color: #000000;\">Marque : DELI ref S379<\/span><\/p>\n<p><span style=\"color: #000000;\">Type : 4.80-8 TT 4PR lign\u00e9s + Chambre \u00e0 air valve droite TR13. structure diagonale Pour jantes 2.50&#215;8 (roues de \u00ab\u00a0400\u00a0\u00bb)<\/span><\/p>\n<p><span style=\"color: #000000;\">Quantit\u00e9 minimum : 10 pi\u00e8ces<\/span><\/p>\n<p>&nbsp;<\/p>\n<p><span style=\"color: #000000;\">Pour tous renseignements ou demande de devis<\/span> <a href=\"https:\/\/www.beachspirit.fr\/bs\/nous-contacter\/\" target=\"_blank\" rel=\"noopener\">contactez nous<\/a><\/p>\n<p>&nbsp;<\/p>\n","protected":false},"excerpt":{"rendered":"<h2><span style=\"color: #ff6600;\">Pneus char \u00e0 voile 4.80-8 + chambres \u00e0 air valve droite par lots\u00a0<\/span><\/h2>\n<p><span style=\"color: #000000;\">Marque : DELI Ref S379<\/span><\/p>\n<p><span style=\"color: #000000;\">Type : 4.80-8 TT 4PR lign\u00e9s + Chambre \u00e0 air valve droite TR13. Pour jantes 2.50&#215;8 (roues de \u00ab\u00a0400\u00a0\u00bb)<\/span><\/p>\n<p><span style=\"color: #000000;\">Quantit\u00e9 minimum : 10 pi\u00e8ces<\/span><\/p>\n","protected":false},"featured_media":25698,"comment_status":"open","ping_status":"closed","template":"","meta":[],"product_brand":[],"product_cat":[408,583,582,263],"product_tag":[],"class_list":{"0":"post-25697","1":"product","2":"type-product","3":"status-publish","4":"has-post-thumbnail","6":"product_cat-articles-techniques-pro","7":"product_cat-jantes-roues-clubs-ecoles","8":"product_cat-pneus-chambre-air-clubs-ecoles","9":"product_cat-rouesrltspneuschambres-pro","10":"product_shipping_class-tarif-suivant-poids","12":"first","13":"instock","14":"purchasable","15":"product-type-simple"},"yoast_head":"<!-- This site is optimized with the Yoast SEO plugin v27.4 - https:\/\/yoast.com\/product\/yoast-seo-wordpress\/ -->\n<title>LOTS DE PNEUS CHAR A VOILE 4.80-8 + CHAMBRES A AIR (\u00e0 partir de 15.03\u20ac\/piece)<\/title>\n<meta name=\"description\" content=\"Pneus char \u00e0 voile ou chariots de mise \u00e0 l&#039;eau 4.80-8 4PR TT + chambres \u00e0 air TR13 pour jantes 2.50x8 (roues de &quot;400&quot;)par lots de 10 \u00e0 60\" \/>\n<meta name=\"robots\" content=\"index, follow, max-snippet:-1, max-image-preview:large, max-video-preview:-1\" \/>\n<link rel=\"canonical\" href=\"https:\/\/www.beachspirit.fr\/bs\/produit\/pneus-char-a-voile-4-80-8-chambre-par-lots-de-10-60-pieces\/\" \/>\n<meta property=\"og:locale\" content=\"fr_FR\" \/>\n<meta property=\"og:type\" content=\"article\" \/>\n<meta property=\"og:title\" content=\"LOTS DE PNEUS CHAR A VOILE 4.80-8 + CHAMBRES A AIR (\u00e0 partir de 15.03\u20ac\/piece)\" \/>\n<meta property=\"og:description\" content=\"Pneus char \u00e0 voile ou chariots de mise \u00e0 l&#039;eau 4.80-8 4PR TT + chambres \u00e0 air TR13 pour jantes 2.50x8 (roues de &quot;400&quot;)par lots de 10 \u00e0 60\" \/>\n<meta property=\"og:url\" content=\"https:\/\/www.beachspirit.fr\/bs\/produit\/pneus-char-a-voile-4-80-8-chambre-par-lots-de-10-60-pieces\/\" \/>\n<meta property=\"og:site_name\" content=\"BEACH SPIRIT\" \/>\n<meta property=\"article:publisher\" content=\"https:\/\/www.facebook.com\/beachspirit.fr\/\" \/>\n<meta property=\"article:modified_time\" content=\"2026-03-05T12:58:25+00:00\" \/>\n<meta property=\"og:image\" content=\"https:\/\/www.beachspirit.fr\/bs\/wp-content\/uploads\/2020\/10\/v5501-4.80-8-4PR.jpg\" \/>\n\t<meta property=\"og:image:width\" content=\"265\" \/>\n\t<meta property=\"og:image:height\" content=\"265\" \/>\n\t<meta property=\"og:image:type\" content=\"image\/jpeg\" \/>\n<meta name=\"twitter:card\" content=\"summary_large_image\" \/>\n<meta name=\"twitter:label1\" content=\"Dur\u00e9e de lecture estim\u00e9e\" \/>\n\t<meta name=\"twitter:data1\" content=\"1 minute\" \/>\n<script type=\"application\/ld+json\" class=\"yoast-schema-graph\">{\"@context\":\"https:\\\/\\\/schema.org\",\"@graph\":[{\"@type\":\"WebPage\",\"@id\":\"https:\\\/\\\/www.beachspirit.fr\\\/bs\\\/produit\\\/pneus-char-a-voile-4-80-8-chambre-par-lots-de-10-60-pieces\\\/\",\"url\":\"https:\\\/\\\/www.beachspirit.fr\\\/bs\\\/produit\\\/pneus-char-a-voile-4-80-8-chambre-par-lots-de-10-60-pieces\\\/\",\"name\":\"LOTS DE PNEUS CHAR A VOILE 4.80-8 + CHAMBRES A AIR (\u00e0 partir de 15.03\u20ac\\\/piece)\",\"isPartOf\":{\"@id\":\"https:\\\/\\\/www.beachspirit.fr\\\/bs\\\/#website\"},\"primaryImageOfPage\":{\"@id\":\"https:\\\/\\\/www.beachspirit.fr\\\/bs\\\/produit\\\/pneus-char-a-voile-4-80-8-chambre-par-lots-de-10-60-pieces\\\/#primaryimage\"},\"image\":{\"@id\":\"https:\\\/\\\/www.beachspirit.fr\\\/bs\\\/produit\\\/pneus-char-a-voile-4-80-8-chambre-par-lots-de-10-60-pieces\\\/#primaryimage\"},\"thumbnailUrl\":\"https:\\\/\\\/www.beachspirit.fr\\\/bs\\\/wp-content\\\/uploads\\\/2020\\\/10\\\/v5501-4.80-8-4PR.jpg\",\"datePublished\":\"2020-10-07T10:42:42+00:00\",\"dateModified\":\"2026-03-05T12:58:25+00:00\",\"description\":\"Pneus char \u00e0 voile ou chariots de mise \u00e0 l'eau 4.80-8 4PR TT + chambres \u00e0 air TR13 pour jantes 2.50x8 (roues de \\\"400\\\")par lots de 10 \u00e0 60\",\"breadcrumb\":{\"@id\":\"https:\\\/\\\/www.beachspirit.fr\\\/bs\\\/produit\\\/pneus-char-a-voile-4-80-8-chambre-par-lots-de-10-60-pieces\\\/#breadcrumb\"},\"inLanguage\":\"fr-FR\",\"potentialAction\":[{\"@type\":\"ReadAction\",\"target\":[\"https:\\\/\\\/www.beachspirit.fr\\\/bs\\\/produit\\\/pneus-char-a-voile-4-80-8-chambre-par-lots-de-10-60-pieces\\\/\"]}]},{\"@type\":\"ImageObject\",\"inLanguage\":\"fr-FR\",\"@id\":\"https:\\\/\\\/www.beachspirit.fr\\\/bs\\\/produit\\\/pneus-char-a-voile-4-80-8-chambre-par-lots-de-10-60-pieces\\\/#primaryimage\",\"url\":\"https:\\\/\\\/www.beachspirit.fr\\\/bs\\\/wp-content\\\/uploads\\\/2020\\\/10\\\/v5501-4.80-8-4PR.jpg\",\"contentUrl\":\"https:\\\/\\\/www.beachspirit.fr\\\/bs\\\/wp-content\\\/uploads\\\/2020\\\/10\\\/v5501-4.80-8-4PR.jpg\",\"width\":265,\"height\":265,\"caption\":\"pneus 4.80-8 + chambres\"},{\"@type\":\"BreadcrumbList\",\"@id\":\"https:\\\/\\\/www.beachspirit.fr\\\/bs\\\/produit\\\/pneus-char-a-voile-4-80-8-chambre-par-lots-de-10-60-pieces\\\/#breadcrumb\",\"itemListElement\":[{\"@type\":\"ListItem\",\"position\":1,\"name\":\"Accueil\",\"item\":\"https:\\\/\\\/www.beachspirit.fr\\\/bs\\\/\"},{\"@type\":\"ListItem\",\"position\":2,\"name\":\"Boutique\",\"item\":\"https:\\\/\\\/www.beachspirit.fr\\\/bs\\\/boutique\\\/\"},{\"@type\":\"ListItem\",\"position\":3,\"name\":\"LOTS DE PNEUS CHAR A VOILE 4.80-8 + CHAMBRES A AIR (\u00e0 partir de 15.03\u20ac\\\/piece)\"}]},{\"@type\":\"WebSite\",\"@id\":\"https:\\\/\\\/www.beachspirit.fr\\\/bs\\\/#website\",\"url\":\"https:\\\/\\\/www.beachspirit.fr\\\/bs\\\/\",\"name\":\"BEACH SPIRIT\",\"description\":\"beach spirit approved\",\"publisher\":{\"@id\":\"https:\\\/\\\/www.beachspirit.fr\\\/bs\\\/#organization\"},\"potentialAction\":[{\"@type\":\"SearchAction\",\"target\":{\"@type\":\"EntryPoint\",\"urlTemplate\":\"https:\\\/\\\/www.beachspirit.fr\\\/bs\\\/?s={search_term_string}\"},\"query-input\":{\"@type\":\"PropertyValueSpecification\",\"valueRequired\":true,\"valueName\":\"search_term_string\"}}],\"inLanguage\":\"fr-FR\"},{\"@type\":\"Organization\",\"@id\":\"https:\\\/\\\/www.beachspirit.fr\\\/bs\\\/#organization\",\"name\":\"BEACH SPIRIT\",\"url\":\"https:\\\/\\\/www.beachspirit.fr\\\/bs\\\/\",\"logo\":{\"@type\":\"ImageObject\",\"inLanguage\":\"fr-FR\",\"@id\":\"https:\\\/\\\/www.beachspirit.fr\\\/bs\\\/#\\\/schema\\\/logo\\\/image\\\/\",\"url\":\"http:\\\/\\\/www.beachspirit.fr\\\/bs\\\/wp-content\\\/uploads\\\/2020\\\/03\\\/logoBS-petit-2.png\",\"contentUrl\":\"http:\\\/\\\/www.beachspirit.fr\\\/bs\\\/wp-content\\\/uploads\\\/2020\\\/03\\\/logoBS-petit-2.png\",\"width\":200,\"height\":117,\"caption\":\"BEACH SPIRIT\"},\"image\":{\"@id\":\"https:\\\/\\\/www.beachspirit.fr\\\/bs\\\/#\\\/schema\\\/logo\\\/image\\\/\"},\"sameAs\":[\"https:\\\/\\\/www.facebook.com\\\/beachspirit.fr\\\/\",\"https:\\\/\\\/www.instagram.com\\\/beachspirit.fr\\\/\"]}]}<\/script>\n<!-- \/ Yoast SEO plugin. -->","yoast_head_json":{"title":"LOTS DE PNEUS CHAR A VOILE 4.80-8 + CHAMBRES A AIR (\u00e0 partir de 15.03\u20ac\/piece)","description":"Pneus char \u00e0 voile ou chariots de mise \u00e0 l'eau 4.80-8 4PR TT + chambres \u00e0 air TR13 pour jantes 2.50x8 (roues de \"400\")par lots de 10 \u00e0 60","robots":{"index":"index","follow":"follow","max-snippet":"max-snippet:-1","max-image-preview":"max-image-preview:large","max-video-preview":"max-video-preview:-1"},"canonical":"https:\/\/www.beachspirit.fr\/bs\/produit\/pneus-char-a-voile-4-80-8-chambre-par-lots-de-10-60-pieces\/","og_locale":"fr_FR","og_type":"article","og_title":"LOTS DE PNEUS CHAR A VOILE 4.80-8 + CHAMBRES A AIR (\u00e0 partir de 15.03\u20ac\/piece)","og_description":"Pneus char \u00e0 voile ou chariots de mise \u00e0 l'eau 4.80-8 4PR TT + chambres \u00e0 air TR13 pour jantes 2.50x8 (roues de \"400\")par lots de 10 \u00e0 60","og_url":"https:\/\/www.beachspirit.fr\/bs\/produit\/pneus-char-a-voile-4-80-8-chambre-par-lots-de-10-60-pieces\/","og_site_name":"BEACH SPIRIT","article_publisher":"https:\/\/www.facebook.com\/beachspirit.fr\/","article_modified_time":"2026-03-05T12:58:25+00:00","og_image":[{"width":265,"height":265,"url":"https:\/\/www.beachspirit.fr\/bs\/wp-content\/uploads\/2020\/10\/v5501-4.80-8-4PR.jpg","type":"image\/jpeg"}],"twitter_card":"summary_large_image","twitter_misc":{"Dur\u00e9e de lecture estim\u00e9e":"1 minute"},"schema":{"@context":"https:\/\/schema.org","@graph":[{"@type":"WebPage","@id":"https:\/\/www.beachspirit.fr\/bs\/produit\/pneus-char-a-voile-4-80-8-chambre-par-lots-de-10-60-pieces\/","url":"https:\/\/www.beachspirit.fr\/bs\/produit\/pneus-char-a-voile-4-80-8-chambre-par-lots-de-10-60-pieces\/","name":"LOTS DE PNEUS CHAR A VOILE 4.80-8 + CHAMBRES A AIR (\u00e0 partir de 15.03\u20ac\/piece)","isPartOf":{"@id":"https:\/\/www.beachspirit.fr\/bs\/#website"},"primaryImageOfPage":{"@id":"https:\/\/www.beachspirit.fr\/bs\/produit\/pneus-char-a-voile-4-80-8-chambre-par-lots-de-10-60-pieces\/#primaryimage"},"image":{"@id":"https:\/\/www.beachspirit.fr\/bs\/produit\/pneus-char-a-voile-4-80-8-chambre-par-lots-de-10-60-pieces\/#primaryimage"},"thumbnailUrl":"https:\/\/www.beachspirit.fr\/bs\/wp-content\/uploads\/2020\/10\/v5501-4.80-8-4PR.jpg","datePublished":"2020-10-07T10:42:42+00:00","dateModified":"2026-03-05T12:58:25+00:00","description":"Pneus char \u00e0 voile ou chariots de mise \u00e0 l'eau 4.80-8 4PR TT + chambres \u00e0 air TR13 pour jantes 2.50x8 (roues de \"400\")par lots de 10 \u00e0 60","breadcrumb":{"@id":"https:\/\/www.beachspirit.fr\/bs\/produit\/pneus-char-a-voile-4-80-8-chambre-par-lots-de-10-60-pieces\/#breadcrumb"},"inLanguage":"fr-FR","potentialAction":[{"@type":"ReadAction","target":["https:\/\/www.beachspirit.fr\/bs\/produit\/pneus-char-a-voile-4-80-8-chambre-par-lots-de-10-60-pieces\/"]}]},{"@type":"ImageObject","inLanguage":"fr-FR","@id":"https:\/\/www.beachspirit.fr\/bs\/produit\/pneus-char-a-voile-4-80-8-chambre-par-lots-de-10-60-pieces\/#primaryimage","url":"https:\/\/www.beachspirit.fr\/bs\/wp-content\/uploads\/2020\/10\/v5501-4.80-8-4PR.jpg","contentUrl":"https:\/\/www.beachspirit.fr\/bs\/wp-content\/uploads\/2020\/10\/v5501-4.80-8-4PR.jpg","width":265,"height":265,"caption":"pneus 4.80-8 + chambres"},{"@type":"BreadcrumbList","@id":"https:\/\/www.beachspirit.fr\/bs\/produit\/pneus-char-a-voile-4-80-8-chambre-par-lots-de-10-60-pieces\/#breadcrumb","itemListElement":[{"@type":"ListItem","position":1,"name":"Accueil","item":"https:\/\/www.beachspirit.fr\/bs\/"},{"@type":"ListItem","position":2,"name":"Boutique","item":"https:\/\/www.beachspirit.fr\/bs\/boutique\/"},{"@type":"ListItem","position":3,"name":"LOTS DE PNEUS CHAR A VOILE 4.80-8 + CHAMBRES A AIR (\u00e0 partir de 15.03\u20ac\/piece)"}]},{"@type":"WebSite","@id":"https:\/\/www.beachspirit.fr\/bs\/#website","url":"https:\/\/www.beachspirit.fr\/bs\/","name":"BEACH SPIRIT","description":"beach spirit approved","publisher":{"@id":"https:\/\/www.beachspirit.fr\/bs\/#organization"},"potentialAction":[{"@type":"SearchAction","target":{"@type":"EntryPoint","urlTemplate":"https:\/\/www.beachspirit.fr\/bs\/?s={search_term_string}"},"query-input":{"@type":"PropertyValueSpecification","valueRequired":true,"valueName":"search_term_string"}}],"inLanguage":"fr-FR"},{"@type":"Organization","@id":"https:\/\/www.beachspirit.fr\/bs\/#organization","name":"BEACH SPIRIT","url":"https:\/\/www.beachspirit.fr\/bs\/","logo":{"@type":"ImageObject","inLanguage":"fr-FR","@id":"https:\/\/www.beachspirit.fr\/bs\/#\/schema\/logo\/image\/","url":"http:\/\/www.beachspirit.fr\/bs\/wp-content\/uploads\/2020\/03\/logoBS-petit-2.png","contentUrl":"http:\/\/www.beachspirit.fr\/bs\/wp-content\/uploads\/2020\/03\/logoBS-petit-2.png","width":200,"height":117,"caption":"BEACH SPIRIT"},"image":{"@id":"https:\/\/www.beachspirit.fr\/bs\/#\/schema\/logo\/image\/"},"sameAs":["https:\/\/www.facebook.com\/beachspirit.fr\/","https:\/\/www.instagram.com\/beachspirit.fr\/"]}]}},"_links":{"self":[{"href":"https:\/\/www.beachspirit.fr\/bs\/wp-json\/wp\/v2\/product\/25697","targetHints":{"allow":["GET"]}}],"collection":[{"href":"https:\/\/www.beachspirit.fr\/bs\/wp-json\/wp\/v2\/product"}],"about":[{"href":"https:\/\/www.beachspirit.fr\/bs\/wp-json\/wp\/v2\/types\/product"}],"replies":[{"embeddable":true,"href":"https:\/\/www.beachspirit.fr\/bs\/wp-json\/wp\/v2\/comments?post=25697"}],"wp:featuredmedia":[{"embeddable":true,"href":"https:\/\/www.beachspirit.fr\/bs\/wp-json\/wp\/v2\/media\/25698"}],"wp:attachment":[{"href":"https:\/\/www.beachspirit.fr\/bs\/wp-json\/wp\/v2\/media?parent=25697"}],"wp:term":[{"taxonomy":"product_brand","embeddable":true,"href":"https:\/\/www.beachspirit.fr\/bs\/wp-json\/wp\/v2\/product_brand?post=25697"},{"taxonomy":"product_cat","embeddable":true,"href":"https:\/\/www.beachspirit.fr\/bs\/wp-json\/wp\/v2\/product_cat?post=25697"},{"taxonomy":"product_tag","embeddable":true,"href":"https:\/\/www.beachspirit.fr\/bs\/wp-json\/wp\/v2\/product_tag?post=25697"}],"curies":[{"name":"wp","href":"https:\/\/api.w.org\/{rel}","templated":true}]}}