{"id":25714,"date":"2020-10-21T16:29:55","date_gmt":"2020-10-21T15:29:55","guid":{"rendered":"https:\/\/www.beachspirit.fr\/bs\/?post_type=product&#038;p=25714"},"modified":"2024-02-09T17:17:14","modified_gmt":"2024-02-09T16:17:14","slug":"bonnet-tube-cache-col-micropolaire-avm-80","status":"publish","type":"product","link":"https:\/\/www.beachspirit.fr\/bs\/produit\/bonnet-tube-cache-col-micropolaire-avm-80\/","title":{"rendered":"Bonnet tube \/ Cache col micropolaire AVM 80"},"content":{"rendered":"<h3><span style=\"color: #ff6600;\">Bonnet tube\/cache col micropolaire<\/span><\/h3>\n<p><span style=\"color: #000000;\">Peut \u00eatre utilis\u00e9 comme bonnet ou cache-col, cordon de serrage \u00e9lastique \u00e0 barillet, conception unique double usage.<\/span><\/p>\n<ul>\n<li><span style=\"color: #000000;\"><strong>Marque<\/strong> Beechfield BC285<\/span><\/li>\n<li><span style=\"color: #000000;\"><strong>Mati\u00e8re<\/strong> 100% Polyester anti-peluche Suprafleece&#x2122; (<a href=\"https:\/\/fr.wikipedia.org\/wiki\/Polaire_(textile)\" target=\"_blank\" rel=\"noopener\">micropolaire<\/a>)\u00a0<\/span><span style=\"color: #000000;\">Chaud et doux, s\u00e9chage rapide<\/span><\/li>\n<li><span style=\"color: #000000;\"><strong>Grammage<\/strong> 55g<\/span><\/li>\n<li><span style=\"color: #000000;\"><strong>Taille<\/strong> Taille unique<\/span><\/li>\n<li><strong>Couleur<\/strong> : Bleu Marine<\/li>\n<li>\n<div><span style=\"color: #000000;\"><strong>Instructions de Lavage<\/strong> Lavage en machine \u00e0 temp\u00e9rature moyenne. Repassage retourn\u00e9 \u00e0 faible temp\u00e9rature<\/span><\/div>\n<\/li>\n<\/ul>\n<p>Pour toute question <a href=\"https:\/\/www.beachspirit.fr\/bs\/nous-contacter\/\" target=\"_blank\" rel=\"noopener\">contactez nous<\/a><\/p>\n","protected":false},"excerpt":{"rendered":"<h2><span style=\"color: #ff6600;\">Bonnet tube\/ cache col micropolaire<\/span><\/h2>\n<p>Voir descriptif Ci-dessous<\/p>\n","protected":false},"featured_media":28532,"comment_status":"open","ping_status":"closed","template":"","meta":[],"product_brand":[],"product_cat":[580],"product_tag":[],"class_list":{"0":"post-25714","1":"product","2":"type-product","3":"status-publish","4":"has-post-thumbnail","6":"product_cat-avm-80","7":"product_shipping_class-tarif-suivant-poids","9":"first","10":"instock","11":"purchasable","12":"product-type-simple"},"yoast_head":"<!-- This site is optimized with the Yoast SEO plugin v27.4 - https:\/\/yoast.com\/product\/yoast-seo-wordpress\/ -->\n<title>Bonnet tube \/ Cache col micropolaire AVM 80 - BEACH SPIRIT<\/title>\n<meta name=\"description\" content=\"Tout \u00e0 la fois Bonnet et cache col en micropolaire personnalis\u00e9 AVM 80cet article chaud et doux est un indsipensable de l&#039;hiver \u00e0 la plage comme \u00e0 la montagne\" \/>\n<meta name=\"robots\" content=\"index, follow, max-snippet:-1, max-image-preview:large, max-video-preview:-1\" \/>\n<link rel=\"canonical\" href=\"https:\/\/www.beachspirit.fr\/bs\/produit\/bonnet-tube-cache-col-micropolaire-avm-80\/\" \/>\n<meta property=\"og:locale\" content=\"fr_FR\" \/>\n<meta property=\"og:type\" content=\"article\" \/>\n<meta property=\"og:title\" content=\"Bonnet tube \/ Cache col micropolaire AVM 80 - BEACH SPIRIT\" \/>\n<meta property=\"og:description\" content=\"Tout \u00e0 la fois Bonnet et cache col en micropolaire personnalis\u00e9 AVM 80cet article chaud et doux est un indsipensable de l&#039;hiver \u00e0 la plage comme \u00e0 la montagne\" \/>\n<meta property=\"og:url\" content=\"https:\/\/www.beachspirit.fr\/bs\/produit\/bonnet-tube-cache-col-micropolaire-avm-80\/\" \/>\n<meta property=\"og:site_name\" content=\"BEACH SPIRIT\" \/>\n<meta property=\"article:publisher\" content=\"https:\/\/www.facebook.com\/beachspirit.fr\/\" \/>\n<meta property=\"article:modified_time\" content=\"2024-02-09T16:17:14+00:00\" \/>\n<meta property=\"og:image\" content=\"https:\/\/www.beachspirit.fr\/bs\/wp-content\/uploads\/2020\/10\/bc285_ls41_20244-LOGO.jpg\" \/>\n\t<meta property=\"og:image:width\" content=\"1200\" \/>\n\t<meta property=\"og:image:height\" content=\"1440\" \/>\n\t<meta property=\"og:image:type\" content=\"image\/jpeg\" \/>\n<meta name=\"twitter:card\" content=\"summary_large_image\" \/>\n<meta name=\"twitter:label1\" content=\"Dur\u00e9e de lecture estim\u00e9e\" \/>\n\t<meta name=\"twitter:data1\" content=\"1 minute\" \/>\n<script type=\"application\/ld+json\" class=\"yoast-schema-graph\">{\"@context\":\"https:\\\/\\\/schema.org\",\"@graph\":[{\"@type\":\"WebPage\",\"@id\":\"https:\\\/\\\/www.beachspirit.fr\\\/bs\\\/produit\\\/bonnet-tube-cache-col-micropolaire-avm-80\\\/\",\"url\":\"https:\\\/\\\/www.beachspirit.fr\\\/bs\\\/produit\\\/bonnet-tube-cache-col-micropolaire-avm-80\\\/\",\"name\":\"Bonnet tube \\\/ Cache col micropolaire AVM 80 - BEACH SPIRIT\",\"isPartOf\":{\"@id\":\"https:\\\/\\\/www.beachspirit.fr\\\/bs\\\/#website\"},\"primaryImageOfPage\":{\"@id\":\"https:\\\/\\\/www.beachspirit.fr\\\/bs\\\/produit\\\/bonnet-tube-cache-col-micropolaire-avm-80\\\/#primaryimage\"},\"image\":{\"@id\":\"https:\\\/\\\/www.beachspirit.fr\\\/bs\\\/produit\\\/bonnet-tube-cache-col-micropolaire-avm-80\\\/#primaryimage\"},\"thumbnailUrl\":\"https:\\\/\\\/www.beachspirit.fr\\\/bs\\\/wp-content\\\/uploads\\\/2020\\\/10\\\/bc285_ls41_20244-LOGO.jpg\",\"datePublished\":\"2020-10-21T15:29:55+00:00\",\"dateModified\":\"2024-02-09T16:17:14+00:00\",\"description\":\"Tout \u00e0 la fois Bonnet et cache col en micropolaire personnalis\u00e9 AVM 80cet article chaud et doux est un indsipensable de l'hiver \u00e0 la plage comme \u00e0 la montagne\",\"breadcrumb\":{\"@id\":\"https:\\\/\\\/www.beachspirit.fr\\\/bs\\\/produit\\\/bonnet-tube-cache-col-micropolaire-avm-80\\\/#breadcrumb\"},\"inLanguage\":\"fr-FR\",\"potentialAction\":[{\"@type\":\"ReadAction\",\"target\":[\"https:\\\/\\\/www.beachspirit.fr\\\/bs\\\/produit\\\/bonnet-tube-cache-col-micropolaire-avm-80\\\/\"]}]},{\"@type\":\"ImageObject\",\"inLanguage\":\"fr-FR\",\"@id\":\"https:\\\/\\\/www.beachspirit.fr\\\/bs\\\/produit\\\/bonnet-tube-cache-col-micropolaire-avm-80\\\/#primaryimage\",\"url\":\"https:\\\/\\\/www.beachspirit.fr\\\/bs\\\/wp-content\\\/uploads\\\/2020\\\/10\\\/bc285_ls41_20244-LOGO.jpg\",\"contentUrl\":\"https:\\\/\\\/www.beachspirit.fr\\\/bs\\\/wp-content\\\/uploads\\\/2020\\\/10\\\/bc285_ls41_20244-LOGO.jpg\",\"width\":1200,\"height\":1440,\"caption\":\"BONNET TUBE CACHE COL MICROPOLAIRE AVM 80\"},{\"@type\":\"BreadcrumbList\",\"@id\":\"https:\\\/\\\/www.beachspirit.fr\\\/bs\\\/produit\\\/bonnet-tube-cache-col-micropolaire-avm-80\\\/#breadcrumb\",\"itemListElement\":[{\"@type\":\"ListItem\",\"position\":1,\"name\":\"Accueil\",\"item\":\"https:\\\/\\\/www.beachspirit.fr\\\/bs\\\/\"},{\"@type\":\"ListItem\",\"position\":2,\"name\":\"Boutique\",\"item\":\"https:\\\/\\\/www.beachspirit.fr\\\/bs\\\/boutique\\\/\"},{\"@type\":\"ListItem\",\"position\":3,\"name\":\"Bonnet tube \\\/ Cache col micropolaire AVM 80\"}]},{\"@type\":\"WebSite\",\"@id\":\"https:\\\/\\\/www.beachspirit.fr\\\/bs\\\/#website\",\"url\":\"https:\\\/\\\/www.beachspirit.fr\\\/bs\\\/\",\"name\":\"BEACH SPIRIT\",\"description\":\"beach spirit approved\",\"publisher\":{\"@id\":\"https:\\\/\\\/www.beachspirit.fr\\\/bs\\\/#organization\"},\"potentialAction\":[{\"@type\":\"SearchAction\",\"target\":{\"@type\":\"EntryPoint\",\"urlTemplate\":\"https:\\\/\\\/www.beachspirit.fr\\\/bs\\\/?s={search_term_string}\"},\"query-input\":{\"@type\":\"PropertyValueSpecification\",\"valueRequired\":true,\"valueName\":\"search_term_string\"}}],\"inLanguage\":\"fr-FR\"},{\"@type\":\"Organization\",\"@id\":\"https:\\\/\\\/www.beachspirit.fr\\\/bs\\\/#organization\",\"name\":\"BEACH SPIRIT\",\"url\":\"https:\\\/\\\/www.beachspirit.fr\\\/bs\\\/\",\"logo\":{\"@type\":\"ImageObject\",\"inLanguage\":\"fr-FR\",\"@id\":\"https:\\\/\\\/www.beachspirit.fr\\\/bs\\\/#\\\/schema\\\/logo\\\/image\\\/\",\"url\":\"http:\\\/\\\/www.beachspirit.fr\\\/bs\\\/wp-content\\\/uploads\\\/2020\\\/03\\\/logoBS-petit-2.png\",\"contentUrl\":\"http:\\\/\\\/www.beachspirit.fr\\\/bs\\\/wp-content\\\/uploads\\\/2020\\\/03\\\/logoBS-petit-2.png\",\"width\":200,\"height\":117,\"caption\":\"BEACH SPIRIT\"},\"image\":{\"@id\":\"https:\\\/\\\/www.beachspirit.fr\\\/bs\\\/#\\\/schema\\\/logo\\\/image\\\/\"},\"sameAs\":[\"https:\\\/\\\/www.facebook.com\\\/beachspirit.fr\\\/\",\"https:\\\/\\\/www.instagram.com\\\/beachspirit.fr\\\/\"]}]}<\/script>\n<!-- \/ Yoast SEO plugin. -->","yoast_head_json":{"title":"Bonnet tube \/ Cache col micropolaire AVM 80 - BEACH SPIRIT","description":"Tout \u00e0 la fois Bonnet et cache col en micropolaire personnalis\u00e9 AVM 80cet article chaud et doux est un indsipensable de l'hiver \u00e0 la plage comme \u00e0 la montagne","robots":{"index":"index","follow":"follow","max-snippet":"max-snippet:-1","max-image-preview":"max-image-preview:large","max-video-preview":"max-video-preview:-1"},"canonical":"https:\/\/www.beachspirit.fr\/bs\/produit\/bonnet-tube-cache-col-micropolaire-avm-80\/","og_locale":"fr_FR","og_type":"article","og_title":"Bonnet tube \/ Cache col micropolaire AVM 80 - BEACH SPIRIT","og_description":"Tout \u00e0 la fois Bonnet et cache col en micropolaire personnalis\u00e9 AVM 80cet article chaud et doux est un indsipensable de l'hiver \u00e0 la plage comme \u00e0 la montagne","og_url":"https:\/\/www.beachspirit.fr\/bs\/produit\/bonnet-tube-cache-col-micropolaire-avm-80\/","og_site_name":"BEACH SPIRIT","article_publisher":"https:\/\/www.facebook.com\/beachspirit.fr\/","article_modified_time":"2024-02-09T16:17:14+00:00","og_image":[{"width":1200,"height":1440,"url":"https:\/\/www.beachspirit.fr\/bs\/wp-content\/uploads\/2020\/10\/bc285_ls41_20244-LOGO.jpg","type":"image\/jpeg"}],"twitter_card":"summary_large_image","twitter_misc":{"Dur\u00e9e de lecture estim\u00e9e":"1 minute"},"schema":{"@context":"https:\/\/schema.org","@graph":[{"@type":"WebPage","@id":"https:\/\/www.beachspirit.fr\/bs\/produit\/bonnet-tube-cache-col-micropolaire-avm-80\/","url":"https:\/\/www.beachspirit.fr\/bs\/produit\/bonnet-tube-cache-col-micropolaire-avm-80\/","name":"Bonnet tube \/ Cache col micropolaire AVM 80 - BEACH SPIRIT","isPartOf":{"@id":"https:\/\/www.beachspirit.fr\/bs\/#website"},"primaryImageOfPage":{"@id":"https:\/\/www.beachspirit.fr\/bs\/produit\/bonnet-tube-cache-col-micropolaire-avm-80\/#primaryimage"},"image":{"@id":"https:\/\/www.beachspirit.fr\/bs\/produit\/bonnet-tube-cache-col-micropolaire-avm-80\/#primaryimage"},"thumbnailUrl":"https:\/\/www.beachspirit.fr\/bs\/wp-content\/uploads\/2020\/10\/bc285_ls41_20244-LOGO.jpg","datePublished":"2020-10-21T15:29:55+00:00","dateModified":"2024-02-09T16:17:14+00:00","description":"Tout \u00e0 la fois Bonnet et cache col en micropolaire personnalis\u00e9 AVM 80cet article chaud et doux est un indsipensable de l'hiver \u00e0 la plage comme \u00e0 la montagne","breadcrumb":{"@id":"https:\/\/www.beachspirit.fr\/bs\/produit\/bonnet-tube-cache-col-micropolaire-avm-80\/#breadcrumb"},"inLanguage":"fr-FR","potentialAction":[{"@type":"ReadAction","target":["https:\/\/www.beachspirit.fr\/bs\/produit\/bonnet-tube-cache-col-micropolaire-avm-80\/"]}]},{"@type":"ImageObject","inLanguage":"fr-FR","@id":"https:\/\/www.beachspirit.fr\/bs\/produit\/bonnet-tube-cache-col-micropolaire-avm-80\/#primaryimage","url":"https:\/\/www.beachspirit.fr\/bs\/wp-content\/uploads\/2020\/10\/bc285_ls41_20244-LOGO.jpg","contentUrl":"https:\/\/www.beachspirit.fr\/bs\/wp-content\/uploads\/2020\/10\/bc285_ls41_20244-LOGO.jpg","width":1200,"height":1440,"caption":"BONNET TUBE CACHE COL MICROPOLAIRE AVM 80"},{"@type":"BreadcrumbList","@id":"https:\/\/www.beachspirit.fr\/bs\/produit\/bonnet-tube-cache-col-micropolaire-avm-80\/#breadcrumb","itemListElement":[{"@type":"ListItem","position":1,"name":"Accueil","item":"https:\/\/www.beachspirit.fr\/bs\/"},{"@type":"ListItem","position":2,"name":"Boutique","item":"https:\/\/www.beachspirit.fr\/bs\/boutique\/"},{"@type":"ListItem","position":3,"name":"Bonnet tube \/ Cache col micropolaire AVM 80"}]},{"@type":"WebSite","@id":"https:\/\/www.beachspirit.fr\/bs\/#website","url":"https:\/\/www.beachspirit.fr\/bs\/","name":"BEACH SPIRIT","description":"beach spirit approved","publisher":{"@id":"https:\/\/www.beachspirit.fr\/bs\/#organization"},"potentialAction":[{"@type":"SearchAction","target":{"@type":"EntryPoint","urlTemplate":"https:\/\/www.beachspirit.fr\/bs\/?s={search_term_string}"},"query-input":{"@type":"PropertyValueSpecification","valueRequired":true,"valueName":"search_term_string"}}],"inLanguage":"fr-FR"},{"@type":"Organization","@id":"https:\/\/www.beachspirit.fr\/bs\/#organization","name":"BEACH SPIRIT","url":"https:\/\/www.beachspirit.fr\/bs\/","logo":{"@type":"ImageObject","inLanguage":"fr-FR","@id":"https:\/\/www.beachspirit.fr\/bs\/#\/schema\/logo\/image\/","url":"http:\/\/www.beachspirit.fr\/bs\/wp-content\/uploads\/2020\/03\/logoBS-petit-2.png","contentUrl":"http:\/\/www.beachspirit.fr\/bs\/wp-content\/uploads\/2020\/03\/logoBS-petit-2.png","width":200,"height":117,"caption":"BEACH SPIRIT"},"image":{"@id":"https:\/\/www.beachspirit.fr\/bs\/#\/schema\/logo\/image\/"},"sameAs":["https:\/\/www.facebook.com\/beachspirit.fr\/","https:\/\/www.instagram.com\/beachspirit.fr\/"]}]}},"_links":{"self":[{"href":"https:\/\/www.beachspirit.fr\/bs\/wp-json\/wp\/v2\/product\/25714","targetHints":{"allow":["GET"]}}],"collection":[{"href":"https:\/\/www.beachspirit.fr\/bs\/wp-json\/wp\/v2\/product"}],"about":[{"href":"https:\/\/www.beachspirit.fr\/bs\/wp-json\/wp\/v2\/types\/product"}],"replies":[{"embeddable":true,"href":"https:\/\/www.beachspirit.fr\/bs\/wp-json\/wp\/v2\/comments?post=25714"}],"wp:featuredmedia":[{"embeddable":true,"href":"https:\/\/www.beachspirit.fr\/bs\/wp-json\/wp\/v2\/media\/28532"}],"wp:attachment":[{"href":"https:\/\/www.beachspirit.fr\/bs\/wp-json\/wp\/v2\/media?parent=25714"}],"wp:term":[{"taxonomy":"product_brand","embeddable":true,"href":"https:\/\/www.beachspirit.fr\/bs\/wp-json\/wp\/v2\/product_brand?post=25714"},{"taxonomy":"product_cat","embeddable":true,"href":"https:\/\/www.beachspirit.fr\/bs\/wp-json\/wp\/v2\/product_cat?post=25714"},{"taxonomy":"product_tag","embeddable":true,"href":"https:\/\/www.beachspirit.fr\/bs\/wp-json\/wp\/v2\/product_tag?post=25714"}],"curies":[{"name":"wp","href":"https:\/\/api.w.org\/{rel}","templated":true}]}}