{"id":25799,"date":"2020-11-08T13:48:27","date_gmt":"2020-11-08T12:48:27","guid":{"rendered":"https:\/\/www.beachspirit.fr\/bs\/?post_type=product&#038;p=25799"},"modified":"2026-02-09T16:50:40","modified_gmt":"2026-02-09T15:50:40","slug":"palan-de-cunningham-hale-bas-pour-blokart","status":"publish","type":"product","link":"https:\/\/www.beachspirit.fr\/bs\/produit\/palan-de-cunningham-hale-bas-pour-blokart\/","title":{"rendered":"Palan de cunningham (hale-bas) pour Blokart"},"content":{"rendered":"<h3><span style=\"color: #ff6600;\">Palan de <a href=\"https:\/\/fr.wikipedia.org\/wiki\/Cunningham_(nautisme)#:~:text=Le%20cunningham%20est%20un%20dispositif,la%20b%C3%B4me%20et%20du%20m%C3%A2t.\" target=\"_blank\" rel=\"noopener noreferrer\">cunningham<\/a> (hale-bas) pour Blokart<\/span><\/h3>\n<p><span style=\"color: #ffff00;\">Ce palan de cunningham (hale-bas) efficace et ergonomique avec attache rapide pour Blokart Production et Performance<\/span><\/p>\n<p><span style=\"color: #ffff00;\">il est compos\u00e9 de :<\/span><\/p>\n<ul>\n<li><span style=\"color: #ffff00;\">1 poulie \u00e0 billes double 22mm viadana \u00e0 fixer au pied de mat<\/span><\/li>\n<li><span style=\"color: #ffff00;\">1 poulie simple \u00e0 bille 38mm composite viadana + 1 systeme d&rsquo;attache rapide au point d&rsquo;amure de la voile par mousqueton inox \u00e0 oeil \u00e0 goupille viadana<\/span><\/li>\n<li><span style=\"color: #ffff00;\">1 guide fil viadana\u00a0 sur collier de serrage nylon avec visserie inox\u00a0 \u00e0 fixer sur la potence du guidon<\/span><\/li>\n<li><span style=\"color: #ffff00;\">1 taquet coinceur 27mm +guide sur collier de serrage nylon avec visserie inox\u00a0 \u00e0 fixer sur la potence du guidon<\/span><\/li>\n<li><span style=\"color: #ffff00;\">1 bout dynema gain\u00e9 diam 6mm\u00a0 longueur 2.5m + 1 boule stop bout.<\/span><\/li>\n<\/ul>\n<p><span style=\"color: #ffff00;\">Ce type de cunningham avec le mousqueton \u00e0 oeil et goupille, le\u00a0 taquet coinceur avec guide\u00a0 situ\u00e9 au niveau du guidon et sa configuration en 3 brins allie facilit\u00e9 de montage, efficacit\u00e9 et facilit\u00e9 d&rsquo;utilisation.<\/span><\/p>\n<p><span style=\"color: #ffff00;\">Il est adopt\u00e9 en comp\u00e9tition par les meilleurs pilotes.<\/span><\/p>\n<p>&nbsp;<\/p>\n<p><span style=\"color: #ffff00;\">n&rsquo;h\u00e9sitez pas \u00e0 nous<\/span><a href=\"https:\/\/www.beachspirit.fr\/bs\/nous-contacter\/\" target=\"_blank\" rel=\"noopener noreferrer\"> contacter<\/a><\/p>\n","protected":false},"excerpt":{"rendered":"<h2><span style=\"color: #ff6600;\">Palan de <a href=\"https:\/\/fr.wikipedia.org\/wiki\/Cunningham_(nautisme)#:~:text=Le%20cunningham%20est%20un%20dispositif,la%20b%C3%B4me%20et%20du%20m%C3%A2t.\" target=\"_blank\" rel=\"noopener noreferrer\">cunningham<\/a> (hale-bas) pour Blokart<\/span><\/h2>\n","protected":false},"featured_media":25800,"comment_status":"open","ping_status":"closed","template":"","meta":[],"product_brand":[],"product_cat":[18,545,361],"product_tag":[],"class_list":{"0":"post-25799","1":"product","2":"type-product","3":"status-publish","4":"has-post-thumbnail","6":"product_cat-accastillage-poulies-voile-char-a-voile-bateau","7":"product_cat-blokart","8":"product_cat-articles-techniques-voile-char-a-voile","9":"product_shipping_class-tarif-suivant-poids","11":"first","12":"instock","13":"purchasable","14":"product-type-simple"},"yoast_head":"<!-- This site is optimized with the Yoast SEO plugin v27.5 - https:\/\/yoast.com\/product\/yoast-seo-wordpress\/ -->\n<title>Palan de cunningham (hale-bas) pour Blokart - BEACH SPIRIT<\/title>\n<meta name=\"description\" content=\"Un palan de cunningham (hale-bas) efficace et ergonomique (taquet sur le guidon) avec attache rapide pour Blokart Production et Performance\" \/>\n<meta name=\"robots\" content=\"index, follow, max-snippet:-1, max-image-preview:large, max-video-preview:-1\" \/>\n<link rel=\"canonical\" href=\"https:\/\/www.beachspirit.fr\/bs\/produit\/palan-de-cunningham-hale-bas-pour-blokart\/\" \/>\n<meta property=\"og:locale\" content=\"fr_FR\" \/>\n<meta property=\"og:type\" content=\"article\" \/>\n<meta property=\"og:title\" content=\"Palan de cunningham (hale-bas) pour Blokart - BEACH SPIRIT\" \/>\n<meta property=\"og:description\" content=\"Un palan de cunningham (hale-bas) efficace et ergonomique (taquet sur le guidon) avec attache rapide pour Blokart Production et Performance\" \/>\n<meta property=\"og:url\" content=\"https:\/\/www.beachspirit.fr\/bs\/produit\/palan-de-cunningham-hale-bas-pour-blokart\/\" \/>\n<meta property=\"og:site_name\" content=\"BEACH SPIRIT\" \/>\n<meta property=\"article:publisher\" content=\"https:\/\/www.facebook.com\/beachspirit.fr\/\" \/>\n<meta property=\"article:modified_time\" content=\"2026-02-09T15:50:40+00:00\" \/>\n<meta property=\"og:image\" content=\"https:\/\/www.beachspirit.fr\/bs\/wp-content\/uploads\/2020\/11\/124349324_369050920874228_1571150176209978254_n.jpg\" \/>\n\t<meta property=\"og:image:width\" content=\"1200\" \/>\n\t<meta property=\"og:image:height\" content=\"1600\" \/>\n\t<meta property=\"og:image:type\" content=\"image\/jpeg\" \/>\n<meta name=\"twitter:card\" content=\"summary_large_image\" \/>\n<meta name=\"twitter:label1\" content=\"Dur\u00e9e de lecture estim\u00e9e\" \/>\n\t<meta name=\"twitter:data1\" content=\"2 minutes\" \/>\n<script type=\"application\/ld+json\" class=\"yoast-schema-graph\">{\"@context\":\"https:\\\/\\\/schema.org\",\"@graph\":[{\"@type\":\"WebPage\",\"@id\":\"https:\\\/\\\/www.beachspirit.fr\\\/bs\\\/produit\\\/palan-de-cunningham-hale-bas-pour-blokart\\\/\",\"url\":\"https:\\\/\\\/www.beachspirit.fr\\\/bs\\\/produit\\\/palan-de-cunningham-hale-bas-pour-blokart\\\/\",\"name\":\"Palan de cunningham (hale-bas) pour Blokart - BEACH SPIRIT\",\"isPartOf\":{\"@id\":\"https:\\\/\\\/www.beachspirit.fr\\\/bs\\\/#website\"},\"primaryImageOfPage\":{\"@id\":\"https:\\\/\\\/www.beachspirit.fr\\\/bs\\\/produit\\\/palan-de-cunningham-hale-bas-pour-blokart\\\/#primaryimage\"},\"image\":{\"@id\":\"https:\\\/\\\/www.beachspirit.fr\\\/bs\\\/produit\\\/palan-de-cunningham-hale-bas-pour-blokart\\\/#primaryimage\"},\"thumbnailUrl\":\"https:\\\/\\\/www.beachspirit.fr\\\/bs\\\/wp-content\\\/uploads\\\/2020\\\/11\\\/124349324_369050920874228_1571150176209978254_n.jpg\",\"datePublished\":\"2020-11-08T12:48:27+00:00\",\"dateModified\":\"2026-02-09T15:50:40+00:00\",\"description\":\"Un palan de cunningham (hale-bas) efficace et ergonomique (taquet sur le guidon) avec attache rapide pour Blokart Production et Performance\",\"breadcrumb\":{\"@id\":\"https:\\\/\\\/www.beachspirit.fr\\\/bs\\\/produit\\\/palan-de-cunningham-hale-bas-pour-blokart\\\/#breadcrumb\"},\"inLanguage\":\"fr-FR\",\"potentialAction\":[{\"@type\":\"ReadAction\",\"target\":[\"https:\\\/\\\/www.beachspirit.fr\\\/bs\\\/produit\\\/palan-de-cunningham-hale-bas-pour-blokart\\\/\"]}]},{\"@type\":\"ImageObject\",\"inLanguage\":\"fr-FR\",\"@id\":\"https:\\\/\\\/www.beachspirit.fr\\\/bs\\\/produit\\\/palan-de-cunningham-hale-bas-pour-blokart\\\/#primaryimage\",\"url\":\"https:\\\/\\\/www.beachspirit.fr\\\/bs\\\/wp-content\\\/uploads\\\/2020\\\/11\\\/124349324_369050920874228_1571150176209978254_n.jpg\",\"contentUrl\":\"https:\\\/\\\/www.beachspirit.fr\\\/bs\\\/wp-content\\\/uploads\\\/2020\\\/11\\\/124349324_369050920874228_1571150176209978254_n.jpg\",\"width\":1200,\"height\":1600,\"caption\":\"plan cunningham hale-bas blokart\"},{\"@type\":\"BreadcrumbList\",\"@id\":\"https:\\\/\\\/www.beachspirit.fr\\\/bs\\\/produit\\\/palan-de-cunningham-hale-bas-pour-blokart\\\/#breadcrumb\",\"itemListElement\":[{\"@type\":\"ListItem\",\"position\":1,\"name\":\"Accueil\",\"item\":\"https:\\\/\\\/www.beachspirit.fr\\\/bs\\\/\"},{\"@type\":\"ListItem\",\"position\":2,\"name\":\"Boutique\",\"item\":\"https:\\\/\\\/www.beachspirit.fr\\\/bs\\\/boutique\\\/\"},{\"@type\":\"ListItem\",\"position\":3,\"name\":\"Palan de cunningham (hale-bas) pour Blokart\"}]},{\"@type\":\"WebSite\",\"@id\":\"https:\\\/\\\/www.beachspirit.fr\\\/bs\\\/#website\",\"url\":\"https:\\\/\\\/www.beachspirit.fr\\\/bs\\\/\",\"name\":\"BEACH SPIRIT\",\"description\":\"beach spirit approved\",\"publisher\":{\"@id\":\"https:\\\/\\\/www.beachspirit.fr\\\/bs\\\/#organization\"},\"potentialAction\":[{\"@type\":\"SearchAction\",\"target\":{\"@type\":\"EntryPoint\",\"urlTemplate\":\"https:\\\/\\\/www.beachspirit.fr\\\/bs\\\/?s={search_term_string}\"},\"query-input\":{\"@type\":\"PropertyValueSpecification\",\"valueRequired\":true,\"valueName\":\"search_term_string\"}}],\"inLanguage\":\"fr-FR\"},{\"@type\":\"Organization\",\"@id\":\"https:\\\/\\\/www.beachspirit.fr\\\/bs\\\/#organization\",\"name\":\"BEACH SPIRIT\",\"url\":\"https:\\\/\\\/www.beachspirit.fr\\\/bs\\\/\",\"logo\":{\"@type\":\"ImageObject\",\"inLanguage\":\"fr-FR\",\"@id\":\"https:\\\/\\\/www.beachspirit.fr\\\/bs\\\/#\\\/schema\\\/logo\\\/image\\\/\",\"url\":\"http:\\\/\\\/www.beachspirit.fr\\\/bs\\\/wp-content\\\/uploads\\\/2020\\\/03\\\/logoBS-petit-2.png\",\"contentUrl\":\"http:\\\/\\\/www.beachspirit.fr\\\/bs\\\/wp-content\\\/uploads\\\/2020\\\/03\\\/logoBS-petit-2.png\",\"width\":200,\"height\":117,\"caption\":\"BEACH SPIRIT\"},\"image\":{\"@id\":\"https:\\\/\\\/www.beachspirit.fr\\\/bs\\\/#\\\/schema\\\/logo\\\/image\\\/\"},\"sameAs\":[\"https:\\\/\\\/www.facebook.com\\\/beachspirit.fr\\\/\",\"https:\\\/\\\/www.instagram.com\\\/beachspirit.fr\\\/\"]}]}<\/script>\n<!-- \/ Yoast SEO plugin. -->","yoast_head_json":{"title":"Palan de cunningham (hale-bas) pour Blokart - BEACH SPIRIT","description":"Un palan de cunningham (hale-bas) efficace et ergonomique (taquet sur le guidon) avec attache rapide pour Blokart Production et Performance","robots":{"index":"index","follow":"follow","max-snippet":"max-snippet:-1","max-image-preview":"max-image-preview:large","max-video-preview":"max-video-preview:-1"},"canonical":"https:\/\/www.beachspirit.fr\/bs\/produit\/palan-de-cunningham-hale-bas-pour-blokart\/","og_locale":"fr_FR","og_type":"article","og_title":"Palan de cunningham (hale-bas) pour Blokart - BEACH SPIRIT","og_description":"Un palan de cunningham (hale-bas) efficace et ergonomique (taquet sur le guidon) avec attache rapide pour Blokart Production et Performance","og_url":"https:\/\/www.beachspirit.fr\/bs\/produit\/palan-de-cunningham-hale-bas-pour-blokart\/","og_site_name":"BEACH SPIRIT","article_publisher":"https:\/\/www.facebook.com\/beachspirit.fr\/","article_modified_time":"2026-02-09T15:50:40+00:00","og_image":[{"width":1200,"height":1600,"url":"https:\/\/www.beachspirit.fr\/bs\/wp-content\/uploads\/2020\/11\/124349324_369050920874228_1571150176209978254_n.jpg","type":"image\/jpeg"}],"twitter_card":"summary_large_image","twitter_misc":{"Dur\u00e9e de lecture estim\u00e9e":"2 minutes"},"schema":{"@context":"https:\/\/schema.org","@graph":[{"@type":"WebPage","@id":"https:\/\/www.beachspirit.fr\/bs\/produit\/palan-de-cunningham-hale-bas-pour-blokart\/","url":"https:\/\/www.beachspirit.fr\/bs\/produit\/palan-de-cunningham-hale-bas-pour-blokart\/","name":"Palan de cunningham (hale-bas) pour Blokart - BEACH SPIRIT","isPartOf":{"@id":"https:\/\/www.beachspirit.fr\/bs\/#website"},"primaryImageOfPage":{"@id":"https:\/\/www.beachspirit.fr\/bs\/produit\/palan-de-cunningham-hale-bas-pour-blokart\/#primaryimage"},"image":{"@id":"https:\/\/www.beachspirit.fr\/bs\/produit\/palan-de-cunningham-hale-bas-pour-blokart\/#primaryimage"},"thumbnailUrl":"https:\/\/www.beachspirit.fr\/bs\/wp-content\/uploads\/2020\/11\/124349324_369050920874228_1571150176209978254_n.jpg","datePublished":"2020-11-08T12:48:27+00:00","dateModified":"2026-02-09T15:50:40+00:00","description":"Un palan de cunningham (hale-bas) efficace et ergonomique (taquet sur le guidon) avec attache rapide pour Blokart Production et Performance","breadcrumb":{"@id":"https:\/\/www.beachspirit.fr\/bs\/produit\/palan-de-cunningham-hale-bas-pour-blokart\/#breadcrumb"},"inLanguage":"fr-FR","potentialAction":[{"@type":"ReadAction","target":["https:\/\/www.beachspirit.fr\/bs\/produit\/palan-de-cunningham-hale-bas-pour-blokart\/"]}]},{"@type":"ImageObject","inLanguage":"fr-FR","@id":"https:\/\/www.beachspirit.fr\/bs\/produit\/palan-de-cunningham-hale-bas-pour-blokart\/#primaryimage","url":"https:\/\/www.beachspirit.fr\/bs\/wp-content\/uploads\/2020\/11\/124349324_369050920874228_1571150176209978254_n.jpg","contentUrl":"https:\/\/www.beachspirit.fr\/bs\/wp-content\/uploads\/2020\/11\/124349324_369050920874228_1571150176209978254_n.jpg","width":1200,"height":1600,"caption":"plan cunningham hale-bas blokart"},{"@type":"BreadcrumbList","@id":"https:\/\/www.beachspirit.fr\/bs\/produit\/palan-de-cunningham-hale-bas-pour-blokart\/#breadcrumb","itemListElement":[{"@type":"ListItem","position":1,"name":"Accueil","item":"https:\/\/www.beachspirit.fr\/bs\/"},{"@type":"ListItem","position":2,"name":"Boutique","item":"https:\/\/www.beachspirit.fr\/bs\/boutique\/"},{"@type":"ListItem","position":3,"name":"Palan de cunningham (hale-bas) pour Blokart"}]},{"@type":"WebSite","@id":"https:\/\/www.beachspirit.fr\/bs\/#website","url":"https:\/\/www.beachspirit.fr\/bs\/","name":"BEACH SPIRIT","description":"beach spirit approved","publisher":{"@id":"https:\/\/www.beachspirit.fr\/bs\/#organization"},"potentialAction":[{"@type":"SearchAction","target":{"@type":"EntryPoint","urlTemplate":"https:\/\/www.beachspirit.fr\/bs\/?s={search_term_string}"},"query-input":{"@type":"PropertyValueSpecification","valueRequired":true,"valueName":"search_term_string"}}],"inLanguage":"fr-FR"},{"@type":"Organization","@id":"https:\/\/www.beachspirit.fr\/bs\/#organization","name":"BEACH SPIRIT","url":"https:\/\/www.beachspirit.fr\/bs\/","logo":{"@type":"ImageObject","inLanguage":"fr-FR","@id":"https:\/\/www.beachspirit.fr\/bs\/#\/schema\/logo\/image\/","url":"http:\/\/www.beachspirit.fr\/bs\/wp-content\/uploads\/2020\/03\/logoBS-petit-2.png","contentUrl":"http:\/\/www.beachspirit.fr\/bs\/wp-content\/uploads\/2020\/03\/logoBS-petit-2.png","width":200,"height":117,"caption":"BEACH SPIRIT"},"image":{"@id":"https:\/\/www.beachspirit.fr\/bs\/#\/schema\/logo\/image\/"},"sameAs":["https:\/\/www.facebook.com\/beachspirit.fr\/","https:\/\/www.instagram.com\/beachspirit.fr\/"]}]}},"_links":{"self":[{"href":"https:\/\/www.beachspirit.fr\/bs\/wp-json\/wp\/v2\/product\/25799","targetHints":{"allow":["GET"]}}],"collection":[{"href":"https:\/\/www.beachspirit.fr\/bs\/wp-json\/wp\/v2\/product"}],"about":[{"href":"https:\/\/www.beachspirit.fr\/bs\/wp-json\/wp\/v2\/types\/product"}],"replies":[{"embeddable":true,"href":"https:\/\/www.beachspirit.fr\/bs\/wp-json\/wp\/v2\/comments?post=25799"}],"wp:featuredmedia":[{"embeddable":true,"href":"https:\/\/www.beachspirit.fr\/bs\/wp-json\/wp\/v2\/media\/25800"}],"wp:attachment":[{"href":"https:\/\/www.beachspirit.fr\/bs\/wp-json\/wp\/v2\/media?parent=25799"}],"wp:term":[{"taxonomy":"product_brand","embeddable":true,"href":"https:\/\/www.beachspirit.fr\/bs\/wp-json\/wp\/v2\/product_brand?post=25799"},{"taxonomy":"product_cat","embeddable":true,"href":"https:\/\/www.beachspirit.fr\/bs\/wp-json\/wp\/v2\/product_cat?post=25799"},{"taxonomy":"product_tag","embeddable":true,"href":"https:\/\/www.beachspirit.fr\/bs\/wp-json\/wp\/v2\/product_tag?post=25799"}],"curies":[{"name":"wp","href":"https:\/\/api.w.org\/{rel}","templated":true}]}}