{"id":25806,"date":"2020-11-12T14:16:18","date_gmt":"2020-11-12T13:16:18","guid":{"rendered":"https:\/\/www.beachspirit.fr\/bs\/?post_type=product&#038;p=25806"},"modified":"2025-09-05T13:22:55","modified_gmt":"2025-09-05T12:22:55","slug":"palan-decoute-char-standart","status":"publish","type":"product","link":"https:\/\/www.beachspirit.fr\/bs\/produit\/palan-decoute-char-standart\/","title":{"rendered":"Palan d&rsquo;\u00e9coute char \u00ab\u00a0standart\u00a0\u00bb"},"content":{"rendered":"<h3><span style=\"color: #ff6600;\">Palan d&rsquo;\u00e9coute char \u00ab\u00a0standart\u00a0\u00bb<\/span><\/h3>\n<p>Ce <a href=\"http:\/\/archimede-tpe.e-monsite.com\/pages\/les-travaux-d-archimede\/les-poulies.html\" target=\"_blank\" rel=\"noopener noreferrer\">palan<\/a> d&rsquo;\u00e9coute complet pour chars \u00e0 voile de type \u00ab\u00a0standart\u00a0\u00bb d&rsquo;un tr\u00e8s bon rapport qualit\u00e9 prix est constitu\u00e9 de :<\/p>\n<ul>\n<li><strong>6 poulies <\/strong>\u00a0de diam 38mm \u00e0 billes en delrin et joues pleines, sans emerillon de marque Viadana (ref 11.80) afin de pouvoir abaisser la voile au maximum<\/li>\n<li><strong>1 poulie winch d\u00e9brayable<\/strong> de diam 57mm joues en composite, billes en delrin, r\u00e9a en aluminium\u00a0 et \u00e9merillon blocable de marque Viadana (ref 14.10)<\/li>\n<li><strong>1 \u00e9coute longueur 8m de haute qualit\u00e9<\/strong> touch\u00e9 coton en <strong>diam 8 ou 10mm<\/strong> (\u00c2me : Tress\u00e9e 100% polyester, \u00a012 fuseaux. Gaine : Tress\u00e9e 100% polyester discontinu, 32 fuseaux) de marque Meyer-Sansboeuf (ms 310)<\/li>\n<\/ul>\n<p>Pour tous renseignements n&rsquo;h\u00e9sitez pas \u00e0 nous<a href=\"https:\/\/www.beachspirit.fr\/bs\/nous-contacter\/\" target=\"_blank\" rel=\"noopener noreferrer\"> contacter<\/a><\/p>\n","protected":false},"excerpt":{"rendered":"<h2><span style=\"color: #ff6600;\">Palan d&rsquo;\u00e9coute\u00a0 complet char \u00ab\u00a0standart\u00a0\u00bb<\/span><\/h2>\n","protected":false},"featured_media":25809,"comment_status":"open","ping_status":"closed","template":"","meta":[],"product_brand":[],"product_cat":[18,547,361,578],"product_tag":[],"class_list":{"0":"post-25806","1":"product","2":"type-product","3":"status-publish","4":"has-post-thumbnail","6":"product_cat-accastillage-poulies-voile-char-a-voile-bateau","7":"product_cat-chars-a-voile-classes-5-promo-standart-mini-loisir","8":"product_cat-articles-techniques-voile-char-a-voile","9":"product_cat-idees-cadeaux-noel","10":"product_shipping_class-tarif-suivant-poids","12":"first","13":"onbackorder","14":"purchasable","15":"product-type-variable"},"yoast_head":"<!-- This site is optimized with the Yoast SEO plugin v27.4 - https:\/\/yoast.com\/product\/yoast-seo-wordpress\/ -->\n<title>Palan d&#039;\u00e9coute char &quot;standart&quot; - BEACH SPIRIT<\/title>\n<meta name=\"description\" content=\"palan d&#039;\u00e9coute complet pour chars \u00e0 voile de type standart d&#039;un tr\u00e8s bon rapport qualit\u00e9 prix comprenant 6 poulies simples et 1 winch viadana\" \/>\n<meta name=\"robots\" content=\"index, follow, max-snippet:-1, max-image-preview:large, max-video-preview:-1\" \/>\n<link rel=\"canonical\" href=\"https:\/\/www.beachspirit.fr\/bs\/produit\/palan-decoute-char-standart\/\" \/>\n<meta property=\"og:locale\" content=\"fr_FR\" \/>\n<meta property=\"og:type\" content=\"article\" \/>\n<meta property=\"og:title\" content=\"Palan d&#039;\u00e9coute char &quot;standart&quot; - BEACH SPIRIT\" \/>\n<meta property=\"og:description\" content=\"palan d&#039;\u00e9coute complet pour chars \u00e0 voile de type standart d&#039;un tr\u00e8s bon rapport qualit\u00e9 prix comprenant 6 poulies simples et 1 winch viadana\" \/>\n<meta property=\"og:url\" content=\"https:\/\/www.beachspirit.fr\/bs\/produit\/palan-decoute-char-standart\/\" \/>\n<meta property=\"og:site_name\" content=\"BEACH SPIRIT\" \/>\n<meta property=\"article:publisher\" content=\"https:\/\/www.facebook.com\/beachspirit.fr\/\" \/>\n<meta property=\"article:modified_time\" content=\"2025-09-05T12:22:55+00:00\" \/>\n<meta property=\"og:image\" content=\"https:\/\/www.beachspirit.fr\/bs\/wp-content\/uploads\/2020\/11\/124408481_382697556490700_6013003561074646420_n.jpg\" \/>\n\t<meta property=\"og:image:width\" content=\"1600\" \/>\n\t<meta property=\"og:image:height\" content=\"1200\" \/>\n\t<meta property=\"og:image:type\" content=\"image\/jpeg\" \/>\n<meta name=\"twitter:card\" content=\"summary_large_image\" \/>\n<meta name=\"twitter:label1\" content=\"Dur\u00e9e de lecture estim\u00e9e\" \/>\n\t<meta name=\"twitter:data1\" content=\"1 minute\" \/>\n<script type=\"application\/ld+json\" class=\"yoast-schema-graph\">{\"@context\":\"https:\\\/\\\/schema.org\",\"@graph\":[{\"@type\":\"WebPage\",\"@id\":\"https:\\\/\\\/www.beachspirit.fr\\\/bs\\\/produit\\\/palan-decoute-char-standart\\\/\",\"url\":\"https:\\\/\\\/www.beachspirit.fr\\\/bs\\\/produit\\\/palan-decoute-char-standart\\\/\",\"name\":\"Palan d'\u00e9coute char \\\"standart\\\" - BEACH SPIRIT\",\"isPartOf\":{\"@id\":\"https:\\\/\\\/www.beachspirit.fr\\\/bs\\\/#website\"},\"primaryImageOfPage\":{\"@id\":\"https:\\\/\\\/www.beachspirit.fr\\\/bs\\\/produit\\\/palan-decoute-char-standart\\\/#primaryimage\"},\"image\":{\"@id\":\"https:\\\/\\\/www.beachspirit.fr\\\/bs\\\/produit\\\/palan-decoute-char-standart\\\/#primaryimage\"},\"thumbnailUrl\":\"https:\\\/\\\/www.beachspirit.fr\\\/bs\\\/wp-content\\\/uploads\\\/2020\\\/11\\\/124408481_382697556490700_6013003561074646420_n.jpg\",\"datePublished\":\"2020-11-12T13:16:18+00:00\",\"dateModified\":\"2025-09-05T12:22:55+00:00\",\"description\":\"palan d'\u00e9coute complet pour chars \u00e0 voile de type standart d'un tr\u00e8s bon rapport qualit\u00e9 prix comprenant 6 poulies simples et 1 winch viadana\",\"breadcrumb\":{\"@id\":\"https:\\\/\\\/www.beachspirit.fr\\\/bs\\\/produit\\\/palan-decoute-char-standart\\\/#breadcrumb\"},\"inLanguage\":\"fr-FR\",\"potentialAction\":[{\"@type\":\"ReadAction\",\"target\":[\"https:\\\/\\\/www.beachspirit.fr\\\/bs\\\/produit\\\/palan-decoute-char-standart\\\/\"]}]},{\"@type\":\"ImageObject\",\"inLanguage\":\"fr-FR\",\"@id\":\"https:\\\/\\\/www.beachspirit.fr\\\/bs\\\/produit\\\/palan-decoute-char-standart\\\/#primaryimage\",\"url\":\"https:\\\/\\\/www.beachspirit.fr\\\/bs\\\/wp-content\\\/uploads\\\/2020\\\/11\\\/124408481_382697556490700_6013003561074646420_n.jpg\",\"contentUrl\":\"https:\\\/\\\/www.beachspirit.fr\\\/bs\\\/wp-content\\\/uploads\\\/2020\\\/11\\\/124408481_382697556490700_6013003561074646420_n.jpg\",\"width\":1600,\"height\":1200,\"caption\":\"palan ecoute char standart\"},{\"@type\":\"BreadcrumbList\",\"@id\":\"https:\\\/\\\/www.beachspirit.fr\\\/bs\\\/produit\\\/palan-decoute-char-standart\\\/#breadcrumb\",\"itemListElement\":[{\"@type\":\"ListItem\",\"position\":1,\"name\":\"Accueil\",\"item\":\"https:\\\/\\\/www.beachspirit.fr\\\/bs\\\/\"},{\"@type\":\"ListItem\",\"position\":2,\"name\":\"Boutique\",\"item\":\"https:\\\/\\\/www.beachspirit.fr\\\/bs\\\/boutique\\\/\"},{\"@type\":\"ListItem\",\"position\":3,\"name\":\"Palan d&#8217;\u00e9coute char &#8220;standart&#8221;\"}]},{\"@type\":\"WebSite\",\"@id\":\"https:\\\/\\\/www.beachspirit.fr\\\/bs\\\/#website\",\"url\":\"https:\\\/\\\/www.beachspirit.fr\\\/bs\\\/\",\"name\":\"BEACH SPIRIT\",\"description\":\"beach spirit approved\",\"publisher\":{\"@id\":\"https:\\\/\\\/www.beachspirit.fr\\\/bs\\\/#organization\"},\"potentialAction\":[{\"@type\":\"SearchAction\",\"target\":{\"@type\":\"EntryPoint\",\"urlTemplate\":\"https:\\\/\\\/www.beachspirit.fr\\\/bs\\\/?s={search_term_string}\"},\"query-input\":{\"@type\":\"PropertyValueSpecification\",\"valueRequired\":true,\"valueName\":\"search_term_string\"}}],\"inLanguage\":\"fr-FR\"},{\"@type\":\"Organization\",\"@id\":\"https:\\\/\\\/www.beachspirit.fr\\\/bs\\\/#organization\",\"name\":\"BEACH SPIRIT\",\"url\":\"https:\\\/\\\/www.beachspirit.fr\\\/bs\\\/\",\"logo\":{\"@type\":\"ImageObject\",\"inLanguage\":\"fr-FR\",\"@id\":\"https:\\\/\\\/www.beachspirit.fr\\\/bs\\\/#\\\/schema\\\/logo\\\/image\\\/\",\"url\":\"http:\\\/\\\/www.beachspirit.fr\\\/bs\\\/wp-content\\\/uploads\\\/2020\\\/03\\\/logoBS-petit-2.png\",\"contentUrl\":\"http:\\\/\\\/www.beachspirit.fr\\\/bs\\\/wp-content\\\/uploads\\\/2020\\\/03\\\/logoBS-petit-2.png\",\"width\":200,\"height\":117,\"caption\":\"BEACH SPIRIT\"},\"image\":{\"@id\":\"https:\\\/\\\/www.beachspirit.fr\\\/bs\\\/#\\\/schema\\\/logo\\\/image\\\/\"},\"sameAs\":[\"https:\\\/\\\/www.facebook.com\\\/beachspirit.fr\\\/\",\"https:\\\/\\\/www.instagram.com\\\/beachspirit.fr\\\/\"]}]}<\/script>\n<!-- \/ Yoast SEO plugin. -->","yoast_head_json":{"title":"Palan d'\u00e9coute char \"standart\" - BEACH SPIRIT","description":"palan d'\u00e9coute complet pour chars \u00e0 voile de type standart d'un tr\u00e8s bon rapport qualit\u00e9 prix comprenant 6 poulies simples et 1 winch viadana","robots":{"index":"index","follow":"follow","max-snippet":"max-snippet:-1","max-image-preview":"max-image-preview:large","max-video-preview":"max-video-preview:-1"},"canonical":"https:\/\/www.beachspirit.fr\/bs\/produit\/palan-decoute-char-standart\/","og_locale":"fr_FR","og_type":"article","og_title":"Palan d'\u00e9coute char \"standart\" - BEACH SPIRIT","og_description":"palan d'\u00e9coute complet pour chars \u00e0 voile de type standart d'un tr\u00e8s bon rapport qualit\u00e9 prix comprenant 6 poulies simples et 1 winch viadana","og_url":"https:\/\/www.beachspirit.fr\/bs\/produit\/palan-decoute-char-standart\/","og_site_name":"BEACH SPIRIT","article_publisher":"https:\/\/www.facebook.com\/beachspirit.fr\/","article_modified_time":"2025-09-05T12:22:55+00:00","og_image":[{"width":1600,"height":1200,"url":"https:\/\/www.beachspirit.fr\/bs\/wp-content\/uploads\/2020\/11\/124408481_382697556490700_6013003561074646420_n.jpg","type":"image\/jpeg"}],"twitter_card":"summary_large_image","twitter_misc":{"Dur\u00e9e de lecture estim\u00e9e":"1 minute"},"schema":{"@context":"https:\/\/schema.org","@graph":[{"@type":"WebPage","@id":"https:\/\/www.beachspirit.fr\/bs\/produit\/palan-decoute-char-standart\/","url":"https:\/\/www.beachspirit.fr\/bs\/produit\/palan-decoute-char-standart\/","name":"Palan d'\u00e9coute char \"standart\" - BEACH SPIRIT","isPartOf":{"@id":"https:\/\/www.beachspirit.fr\/bs\/#website"},"primaryImageOfPage":{"@id":"https:\/\/www.beachspirit.fr\/bs\/produit\/palan-decoute-char-standart\/#primaryimage"},"image":{"@id":"https:\/\/www.beachspirit.fr\/bs\/produit\/palan-decoute-char-standart\/#primaryimage"},"thumbnailUrl":"https:\/\/www.beachspirit.fr\/bs\/wp-content\/uploads\/2020\/11\/124408481_382697556490700_6013003561074646420_n.jpg","datePublished":"2020-11-12T13:16:18+00:00","dateModified":"2025-09-05T12:22:55+00:00","description":"palan d'\u00e9coute complet pour chars \u00e0 voile de type standart d'un tr\u00e8s bon rapport qualit\u00e9 prix comprenant 6 poulies simples et 1 winch viadana","breadcrumb":{"@id":"https:\/\/www.beachspirit.fr\/bs\/produit\/palan-decoute-char-standart\/#breadcrumb"},"inLanguage":"fr-FR","potentialAction":[{"@type":"ReadAction","target":["https:\/\/www.beachspirit.fr\/bs\/produit\/palan-decoute-char-standart\/"]}]},{"@type":"ImageObject","inLanguage":"fr-FR","@id":"https:\/\/www.beachspirit.fr\/bs\/produit\/palan-decoute-char-standart\/#primaryimage","url":"https:\/\/www.beachspirit.fr\/bs\/wp-content\/uploads\/2020\/11\/124408481_382697556490700_6013003561074646420_n.jpg","contentUrl":"https:\/\/www.beachspirit.fr\/bs\/wp-content\/uploads\/2020\/11\/124408481_382697556490700_6013003561074646420_n.jpg","width":1600,"height":1200,"caption":"palan ecoute char standart"},{"@type":"BreadcrumbList","@id":"https:\/\/www.beachspirit.fr\/bs\/produit\/palan-decoute-char-standart\/#breadcrumb","itemListElement":[{"@type":"ListItem","position":1,"name":"Accueil","item":"https:\/\/www.beachspirit.fr\/bs\/"},{"@type":"ListItem","position":2,"name":"Boutique","item":"https:\/\/www.beachspirit.fr\/bs\/boutique\/"},{"@type":"ListItem","position":3,"name":"Palan d&#8217;\u00e9coute char &#8220;standart&#8221;"}]},{"@type":"WebSite","@id":"https:\/\/www.beachspirit.fr\/bs\/#website","url":"https:\/\/www.beachspirit.fr\/bs\/","name":"BEACH SPIRIT","description":"beach spirit approved","publisher":{"@id":"https:\/\/www.beachspirit.fr\/bs\/#organization"},"potentialAction":[{"@type":"SearchAction","target":{"@type":"EntryPoint","urlTemplate":"https:\/\/www.beachspirit.fr\/bs\/?s={search_term_string}"},"query-input":{"@type":"PropertyValueSpecification","valueRequired":true,"valueName":"search_term_string"}}],"inLanguage":"fr-FR"},{"@type":"Organization","@id":"https:\/\/www.beachspirit.fr\/bs\/#organization","name":"BEACH SPIRIT","url":"https:\/\/www.beachspirit.fr\/bs\/","logo":{"@type":"ImageObject","inLanguage":"fr-FR","@id":"https:\/\/www.beachspirit.fr\/bs\/#\/schema\/logo\/image\/","url":"http:\/\/www.beachspirit.fr\/bs\/wp-content\/uploads\/2020\/03\/logoBS-petit-2.png","contentUrl":"http:\/\/www.beachspirit.fr\/bs\/wp-content\/uploads\/2020\/03\/logoBS-petit-2.png","width":200,"height":117,"caption":"BEACH SPIRIT"},"image":{"@id":"https:\/\/www.beachspirit.fr\/bs\/#\/schema\/logo\/image\/"},"sameAs":["https:\/\/www.facebook.com\/beachspirit.fr\/","https:\/\/www.instagram.com\/beachspirit.fr\/"]}]}},"_links":{"self":[{"href":"https:\/\/www.beachspirit.fr\/bs\/wp-json\/wp\/v2\/product\/25806","targetHints":{"allow":["GET"]}}],"collection":[{"href":"https:\/\/www.beachspirit.fr\/bs\/wp-json\/wp\/v2\/product"}],"about":[{"href":"https:\/\/www.beachspirit.fr\/bs\/wp-json\/wp\/v2\/types\/product"}],"replies":[{"embeddable":true,"href":"https:\/\/www.beachspirit.fr\/bs\/wp-json\/wp\/v2\/comments?post=25806"}],"wp:featuredmedia":[{"embeddable":true,"href":"https:\/\/www.beachspirit.fr\/bs\/wp-json\/wp\/v2\/media\/25809"}],"wp:attachment":[{"href":"https:\/\/www.beachspirit.fr\/bs\/wp-json\/wp\/v2\/media?parent=25806"}],"wp:term":[{"taxonomy":"product_brand","embeddable":true,"href":"https:\/\/www.beachspirit.fr\/bs\/wp-json\/wp\/v2\/product_brand?post=25806"},{"taxonomy":"product_cat","embeddable":true,"href":"https:\/\/www.beachspirit.fr\/bs\/wp-json\/wp\/v2\/product_cat?post=25806"},{"taxonomy":"product_tag","embeddable":true,"href":"https:\/\/www.beachspirit.fr\/bs\/wp-json\/wp\/v2\/product_tag?post=25806"}],"curies":[{"name":"wp","href":"https:\/\/api.w.org\/{rel}","templated":true}]}}