{"id":26226,"date":"2021-03-23T10:25:12","date_gmt":"2021-03-23T09:25:12","guid":{"rendered":"https:\/\/www.beachspirit.fr\/bs\/?post_type=product&#038;p=26226"},"modified":"2024-04-13T11:46:16","modified_gmt":"2024-04-13T10:46:16","slug":"entretoise-polymeres-roue-char-a-voile","status":"publish","type":"product","link":"https:\/\/www.beachspirit.fr\/bs\/produit\/entretoise-polymeres-roue-char-a-voile\/","title":{"rendered":"ENTRETOISES POLYMERES ROUE CHAR A VOILE"},"content":{"rendered":"<h3><span style=\"color: #ff6600;\">Entretoise polym\u00e8res pour roue char \u00e0 voile avec axe de 20mm et moyeu 75mm<\/span><\/h3>\n<p><span style=\"color: #ffff00;\">Entretoises de <strong>fabrication industrielle<\/strong> en polym\u00e8res diam int\u00e9rieur 20 mm (tol\u00e9rance +0,040 +0,124 mm) Longueur 47mm poids : 4.37g<\/span><\/p>\n<p><span style=\"color: #ffff00;\">pour roues de char \u00e0 voile avec moyeu de 75mm\u00a0 et axe de diam 20mm \u00e9quip\u00e9es de roulements 6204 ou 6004<\/span><\/p>\n<ul>\n<li><span style=\"color: #ffff00;\">ultra l\u00e9g\u00e8res<\/span><\/li>\n<li><span style=\"color: #ffff00;\">Aucune oxydation ni \u00e9lectrolyse avec l&rsquo;axe et les roulements<\/span><\/li>\n<li><span style=\"color: #ffff00;\">parfaitement centr\u00e9es sur l&rsquo;axe<\/span><\/li>\n<li><span style=\"color: #ffff00;\">\u00e9conomiques<\/span><\/li>\n<\/ul>\n<p>&nbsp;<\/p>\n<p><a href=\"http:\/\/5seconds.fr\/roller-derby\/materiel\/le-mystere-des-entretoises-enfin-resolu-442p#:~:text=On%20place%20cette%20derni%C3%A8re%20entre,roulements%20de%20sa%20roue%20(cf.&amp;text=Pour%20r%C3%A9sumer%2C%20l'entretoise%20a,o%C3%B9%20tu%20serres%20tes%20roues).\" target=\"_blank\" rel=\"noopener noreferrer\">L&rsquo;utilisation d&rsquo;une entretoise<\/a> <span style=\"color: #ffff00;\">permet d&rsquo;\u00e9viter le sur ou sous-serrage des roues qui endommagent vos roulements et axes<\/span><\/p>\n<p>&nbsp;<\/p>\n<p><span style=\"color: #ffff00;\">Pour tous renseignements<\/span><a href=\"https:\/\/www.beachspirit.fr\/bs\/nous-contacter\/\" target=\"_blank\" rel=\"noopener noreferrer\"> contactez nous<\/a><\/p>\n","protected":false},"excerpt":{"rendered":"<h2><span style=\"color: #ff6600;\">Entretoise polym\u00e8res pour roue char \u00e0 voile avec axe de 20mm et moyeu 75mm<\/span><\/h2>\n<p><span style=\"color: #ffff00;\">Voir descriptif ci dessous<\/span><\/p>\n<h2><\/h2>\n","protected":false},"featured_media":26227,"comment_status":"open","ping_status":"closed","template":"","meta":[],"product_brand":[],"product_cat":[546,547,549,361,550,22],"product_tag":[],"class_list":{"0":"post-26226","1":"product","2":"type-product","3":"status-publish","4":"has-post-thumbnail","6":"product_cat-char-a-voile-classes-2-et-3","7":"product_cat-chars-a-voile-classes-5-promo-standart-mini-loisir","8":"product_cat-articles-techniques-pour-kite-buggy","9":"product_cat-articles-techniques-voile-char-a-voile","10":"product_cat-roulements-char-a-voile","11":"product_cat-roulements-roues-pneus-char-a-voile","12":"product_shipping_class-tarif-suivant-poids","14":"first","15":"instock","16":"purchasable","17":"product-type-simple"},"yoast_head":"<!-- This site is optimized with the Yoast SEO plugin v27.5 - https:\/\/yoast.com\/product\/yoast-seo-wordpress\/ -->\n<title>ENTRETOISES POLYMERES ROUE CHAR A VOILE BEACH SPIRIT<\/title>\n<meta name=\"description\" content=\"Entretoises de fabrication industrielle en polym\u00e8res pour roues avec moyeu de 75mm\u00a0 et axe diam 20mm avec roulements 6204 ou 6004\" \/>\n<meta name=\"robots\" content=\"index, follow, max-snippet:-1, max-image-preview:large, max-video-preview:-1\" \/>\n<link rel=\"canonical\" href=\"https:\/\/www.beachspirit.fr\/bs\/produit\/entretoise-polymeres-roue-char-a-voile\/\" \/>\n<meta property=\"og:locale\" content=\"fr_FR\" \/>\n<meta property=\"og:type\" content=\"article\" \/>\n<meta property=\"og:title\" content=\"ENTRETOISES POLYMERES ROUE CHAR A VOILE BEACH SPIRIT\" \/>\n<meta property=\"og:description\" content=\"Entretoises de fabrication industrielle en polym\u00e8res pour roues avec moyeu de 75mm\u00a0 et axe diam 20mm avec roulements 6204 ou 6004\" \/>\n<meta property=\"og:url\" content=\"https:\/\/www.beachspirit.fr\/bs\/produit\/entretoise-polymeres-roue-char-a-voile\/\" \/>\n<meta property=\"og:site_name\" content=\"BEACH SPIRIT\" \/>\n<meta property=\"article:publisher\" content=\"https:\/\/www.facebook.com\/beachspirit.fr\/\" \/>\n<meta property=\"article:modified_time\" content=\"2024-04-13T10:46:16+00:00\" \/>\n<meta property=\"og:image\" content=\"https:\/\/www.beachspirit.fr\/bs\/wp-content\/uploads\/2021\/03\/164374980_251887449913134_9117688767723555507_n.jpg\" \/>\n\t<meta property=\"og:image:width\" content=\"1296\" \/>\n\t<meta property=\"og:image:height\" content=\"1728\" \/>\n\t<meta property=\"og:image:type\" content=\"image\/jpeg\" \/>\n<meta name=\"twitter:card\" content=\"summary_large_image\" \/>\n<meta name=\"twitter:label1\" content=\"Dur\u00e9e de lecture estim\u00e9e\" \/>\n\t<meta name=\"twitter:data1\" content=\"1 minute\" \/>\n<script type=\"application\/ld+json\" class=\"yoast-schema-graph\">{\"@context\":\"https:\\\/\\\/schema.org\",\"@graph\":[{\"@type\":\"WebPage\",\"@id\":\"https:\\\/\\\/www.beachspirit.fr\\\/bs\\\/produit\\\/entretoise-polymeres-roue-char-a-voile\\\/\",\"url\":\"https:\\\/\\\/www.beachspirit.fr\\\/bs\\\/produit\\\/entretoise-polymeres-roue-char-a-voile\\\/\",\"name\":\"ENTRETOISES POLYMERES ROUE CHAR A VOILE BEACH SPIRIT\",\"isPartOf\":{\"@id\":\"https:\\\/\\\/www.beachspirit.fr\\\/bs\\\/#website\"},\"primaryImageOfPage\":{\"@id\":\"https:\\\/\\\/www.beachspirit.fr\\\/bs\\\/produit\\\/entretoise-polymeres-roue-char-a-voile\\\/#primaryimage\"},\"image\":{\"@id\":\"https:\\\/\\\/www.beachspirit.fr\\\/bs\\\/produit\\\/entretoise-polymeres-roue-char-a-voile\\\/#primaryimage\"},\"thumbnailUrl\":\"https:\\\/\\\/www.beachspirit.fr\\\/bs\\\/wp-content\\\/uploads\\\/2021\\\/03\\\/164374980_251887449913134_9117688767723555507_n.jpg\",\"datePublished\":\"2021-03-23T09:25:12+00:00\",\"dateModified\":\"2024-04-13T10:46:16+00:00\",\"description\":\"Entretoises de fabrication industrielle en polym\u00e8res pour roues avec moyeu de 75mm\u00a0 et axe diam 20mm avec roulements 6204 ou 6004\",\"breadcrumb\":{\"@id\":\"https:\\\/\\\/www.beachspirit.fr\\\/bs\\\/produit\\\/entretoise-polymeres-roue-char-a-voile\\\/#breadcrumb\"},\"inLanguage\":\"fr-FR\",\"potentialAction\":[{\"@type\":\"ReadAction\",\"target\":[\"https:\\\/\\\/www.beachspirit.fr\\\/bs\\\/produit\\\/entretoise-polymeres-roue-char-a-voile\\\/\"]}]},{\"@type\":\"ImageObject\",\"inLanguage\":\"fr-FR\",\"@id\":\"https:\\\/\\\/www.beachspirit.fr\\\/bs\\\/produit\\\/entretoise-polymeres-roue-char-a-voile\\\/#primaryimage\",\"url\":\"https:\\\/\\\/www.beachspirit.fr\\\/bs\\\/wp-content\\\/uploads\\\/2021\\\/03\\\/164374980_251887449913134_9117688767723555507_n.jpg\",\"contentUrl\":\"https:\\\/\\\/www.beachspirit.fr\\\/bs\\\/wp-content\\\/uploads\\\/2021\\\/03\\\/164374980_251887449913134_9117688767723555507_n.jpg\",\"width\":1296,\"height\":1728,\"caption\":\"entretoise polym\u00e8re char \u00e0 voile axe de 20mm\"},{\"@type\":\"BreadcrumbList\",\"@id\":\"https:\\\/\\\/www.beachspirit.fr\\\/bs\\\/produit\\\/entretoise-polymeres-roue-char-a-voile\\\/#breadcrumb\",\"itemListElement\":[{\"@type\":\"ListItem\",\"position\":1,\"name\":\"Accueil\",\"item\":\"https:\\\/\\\/www.beachspirit.fr\\\/bs\\\/\"},{\"@type\":\"ListItem\",\"position\":2,\"name\":\"Boutique\",\"item\":\"https:\\\/\\\/www.beachspirit.fr\\\/bs\\\/boutique\\\/\"},{\"@type\":\"ListItem\",\"position\":3,\"name\":\"ENTRETOISES POLYMERES ROUE CHAR A VOILE\"}]},{\"@type\":\"WebSite\",\"@id\":\"https:\\\/\\\/www.beachspirit.fr\\\/bs\\\/#website\",\"url\":\"https:\\\/\\\/www.beachspirit.fr\\\/bs\\\/\",\"name\":\"BEACH SPIRIT\",\"description\":\"beach spirit approved\",\"publisher\":{\"@id\":\"https:\\\/\\\/www.beachspirit.fr\\\/bs\\\/#organization\"},\"potentialAction\":[{\"@type\":\"SearchAction\",\"target\":{\"@type\":\"EntryPoint\",\"urlTemplate\":\"https:\\\/\\\/www.beachspirit.fr\\\/bs\\\/?s={search_term_string}\"},\"query-input\":{\"@type\":\"PropertyValueSpecification\",\"valueRequired\":true,\"valueName\":\"search_term_string\"}}],\"inLanguage\":\"fr-FR\"},{\"@type\":\"Organization\",\"@id\":\"https:\\\/\\\/www.beachspirit.fr\\\/bs\\\/#organization\",\"name\":\"BEACH SPIRIT\",\"url\":\"https:\\\/\\\/www.beachspirit.fr\\\/bs\\\/\",\"logo\":{\"@type\":\"ImageObject\",\"inLanguage\":\"fr-FR\",\"@id\":\"https:\\\/\\\/www.beachspirit.fr\\\/bs\\\/#\\\/schema\\\/logo\\\/image\\\/\",\"url\":\"http:\\\/\\\/www.beachspirit.fr\\\/bs\\\/wp-content\\\/uploads\\\/2020\\\/03\\\/logoBS-petit-2.png\",\"contentUrl\":\"http:\\\/\\\/www.beachspirit.fr\\\/bs\\\/wp-content\\\/uploads\\\/2020\\\/03\\\/logoBS-petit-2.png\",\"width\":200,\"height\":117,\"caption\":\"BEACH SPIRIT\"},\"image\":{\"@id\":\"https:\\\/\\\/www.beachspirit.fr\\\/bs\\\/#\\\/schema\\\/logo\\\/image\\\/\"},\"sameAs\":[\"https:\\\/\\\/www.facebook.com\\\/beachspirit.fr\\\/\",\"https:\\\/\\\/www.instagram.com\\\/beachspirit.fr\\\/\"]}]}<\/script>\n<!-- \/ Yoast SEO plugin. -->","yoast_head_json":{"title":"ENTRETOISES POLYMERES ROUE CHAR A VOILE BEACH SPIRIT","description":"Entretoises de fabrication industrielle en polym\u00e8res pour roues avec moyeu de 75mm\u00a0 et axe diam 20mm avec roulements 6204 ou 6004","robots":{"index":"index","follow":"follow","max-snippet":"max-snippet:-1","max-image-preview":"max-image-preview:large","max-video-preview":"max-video-preview:-1"},"canonical":"https:\/\/www.beachspirit.fr\/bs\/produit\/entretoise-polymeres-roue-char-a-voile\/","og_locale":"fr_FR","og_type":"article","og_title":"ENTRETOISES POLYMERES ROUE CHAR A VOILE BEACH SPIRIT","og_description":"Entretoises de fabrication industrielle en polym\u00e8res pour roues avec moyeu de 75mm\u00a0 et axe diam 20mm avec roulements 6204 ou 6004","og_url":"https:\/\/www.beachspirit.fr\/bs\/produit\/entretoise-polymeres-roue-char-a-voile\/","og_site_name":"BEACH SPIRIT","article_publisher":"https:\/\/www.facebook.com\/beachspirit.fr\/","article_modified_time":"2024-04-13T10:46:16+00:00","og_image":[{"width":1296,"height":1728,"url":"https:\/\/www.beachspirit.fr\/bs\/wp-content\/uploads\/2021\/03\/164374980_251887449913134_9117688767723555507_n.jpg","type":"image\/jpeg"}],"twitter_card":"summary_large_image","twitter_misc":{"Dur\u00e9e de lecture estim\u00e9e":"1 minute"},"schema":{"@context":"https:\/\/schema.org","@graph":[{"@type":"WebPage","@id":"https:\/\/www.beachspirit.fr\/bs\/produit\/entretoise-polymeres-roue-char-a-voile\/","url":"https:\/\/www.beachspirit.fr\/bs\/produit\/entretoise-polymeres-roue-char-a-voile\/","name":"ENTRETOISES POLYMERES ROUE CHAR A VOILE BEACH SPIRIT","isPartOf":{"@id":"https:\/\/www.beachspirit.fr\/bs\/#website"},"primaryImageOfPage":{"@id":"https:\/\/www.beachspirit.fr\/bs\/produit\/entretoise-polymeres-roue-char-a-voile\/#primaryimage"},"image":{"@id":"https:\/\/www.beachspirit.fr\/bs\/produit\/entretoise-polymeres-roue-char-a-voile\/#primaryimage"},"thumbnailUrl":"https:\/\/www.beachspirit.fr\/bs\/wp-content\/uploads\/2021\/03\/164374980_251887449913134_9117688767723555507_n.jpg","datePublished":"2021-03-23T09:25:12+00:00","dateModified":"2024-04-13T10:46:16+00:00","description":"Entretoises de fabrication industrielle en polym\u00e8res pour roues avec moyeu de 75mm\u00a0 et axe diam 20mm avec roulements 6204 ou 6004","breadcrumb":{"@id":"https:\/\/www.beachspirit.fr\/bs\/produit\/entretoise-polymeres-roue-char-a-voile\/#breadcrumb"},"inLanguage":"fr-FR","potentialAction":[{"@type":"ReadAction","target":["https:\/\/www.beachspirit.fr\/bs\/produit\/entretoise-polymeres-roue-char-a-voile\/"]}]},{"@type":"ImageObject","inLanguage":"fr-FR","@id":"https:\/\/www.beachspirit.fr\/bs\/produit\/entretoise-polymeres-roue-char-a-voile\/#primaryimage","url":"https:\/\/www.beachspirit.fr\/bs\/wp-content\/uploads\/2021\/03\/164374980_251887449913134_9117688767723555507_n.jpg","contentUrl":"https:\/\/www.beachspirit.fr\/bs\/wp-content\/uploads\/2021\/03\/164374980_251887449913134_9117688767723555507_n.jpg","width":1296,"height":1728,"caption":"entretoise polym\u00e8re char \u00e0 voile axe de 20mm"},{"@type":"BreadcrumbList","@id":"https:\/\/www.beachspirit.fr\/bs\/produit\/entretoise-polymeres-roue-char-a-voile\/#breadcrumb","itemListElement":[{"@type":"ListItem","position":1,"name":"Accueil","item":"https:\/\/www.beachspirit.fr\/bs\/"},{"@type":"ListItem","position":2,"name":"Boutique","item":"https:\/\/www.beachspirit.fr\/bs\/boutique\/"},{"@type":"ListItem","position":3,"name":"ENTRETOISES POLYMERES ROUE CHAR A VOILE"}]},{"@type":"WebSite","@id":"https:\/\/www.beachspirit.fr\/bs\/#website","url":"https:\/\/www.beachspirit.fr\/bs\/","name":"BEACH SPIRIT","description":"beach spirit approved","publisher":{"@id":"https:\/\/www.beachspirit.fr\/bs\/#organization"},"potentialAction":[{"@type":"SearchAction","target":{"@type":"EntryPoint","urlTemplate":"https:\/\/www.beachspirit.fr\/bs\/?s={search_term_string}"},"query-input":{"@type":"PropertyValueSpecification","valueRequired":true,"valueName":"search_term_string"}}],"inLanguage":"fr-FR"},{"@type":"Organization","@id":"https:\/\/www.beachspirit.fr\/bs\/#organization","name":"BEACH SPIRIT","url":"https:\/\/www.beachspirit.fr\/bs\/","logo":{"@type":"ImageObject","inLanguage":"fr-FR","@id":"https:\/\/www.beachspirit.fr\/bs\/#\/schema\/logo\/image\/","url":"http:\/\/www.beachspirit.fr\/bs\/wp-content\/uploads\/2020\/03\/logoBS-petit-2.png","contentUrl":"http:\/\/www.beachspirit.fr\/bs\/wp-content\/uploads\/2020\/03\/logoBS-petit-2.png","width":200,"height":117,"caption":"BEACH SPIRIT"},"image":{"@id":"https:\/\/www.beachspirit.fr\/bs\/#\/schema\/logo\/image\/"},"sameAs":["https:\/\/www.facebook.com\/beachspirit.fr\/","https:\/\/www.instagram.com\/beachspirit.fr\/"]}]}},"_links":{"self":[{"href":"https:\/\/www.beachspirit.fr\/bs\/wp-json\/wp\/v2\/product\/26226","targetHints":{"allow":["GET"]}}],"collection":[{"href":"https:\/\/www.beachspirit.fr\/bs\/wp-json\/wp\/v2\/product"}],"about":[{"href":"https:\/\/www.beachspirit.fr\/bs\/wp-json\/wp\/v2\/types\/product"}],"replies":[{"embeddable":true,"href":"https:\/\/www.beachspirit.fr\/bs\/wp-json\/wp\/v2\/comments?post=26226"}],"wp:featuredmedia":[{"embeddable":true,"href":"https:\/\/www.beachspirit.fr\/bs\/wp-json\/wp\/v2\/media\/26227"}],"wp:attachment":[{"href":"https:\/\/www.beachspirit.fr\/bs\/wp-json\/wp\/v2\/media?parent=26226"}],"wp:term":[{"taxonomy":"product_brand","embeddable":true,"href":"https:\/\/www.beachspirit.fr\/bs\/wp-json\/wp\/v2\/product_brand?post=26226"},{"taxonomy":"product_cat","embeddable":true,"href":"https:\/\/www.beachspirit.fr\/bs\/wp-json\/wp\/v2\/product_cat?post=26226"},{"taxonomy":"product_tag","embeddable":true,"href":"https:\/\/www.beachspirit.fr\/bs\/wp-json\/wp\/v2\/product_tag?post=26226"}],"curies":[{"name":"wp","href":"https:\/\/api.w.org\/{rel}","templated":true}]}}