{"id":26247,"date":"2021-04-02T14:24:11","date_gmt":"2021-04-02T13:24:11","guid":{"rendered":"https:\/\/www.beachspirit.fr\/bs\/?post_type=product&#038;p=26247"},"modified":"2026-01-11T13:46:57","modified_gmt":"2026-01-11T12:46:57","slug":"chambre-a-air-roue-speed-sail-12-pouces","status":"publish","type":"product","link":"https:\/\/www.beachspirit.fr\/bs\/produit\/chambre-a-air-roue-speed-sail-12-pouces\/","title":{"rendered":"chambre \u00e0 air roue speed sail 12 pouces"},"content":{"rendered":"<h3><span style=\"color: #ff6600;\">Chambre \u00e0 air valve droite pour roue speed sail ou v\u00e9lo enfant 12 pouces<\/span><\/h3>\n<ul>\n<li>Taille en <a href=\"https:\/\/fr.wikipedia.org\/wiki\/Pouce_(unit%C3%A9)#:~:text=En%201824%2C%20ce%20syst%C3%A8me%20a,exactement%2025%2C4%20mm%20%C2%BB.\" target=\"_blank\" rel=\"noopener\">pouce<\/a> : 12 1\/2&#215;1.75, 12 1\/2&#215;1.75&#215;2 1\/4, 12 1\/2&#215;1.90, 12 1\/2&#215;1.95, 12 1\/2&#215;2 1\/4<\/li>\n<li>taille ETRTO : 47-203, 50-203, 54-203, 62-203<\/li>\n<li>taille m\u00e9trique : 280&#215;65-203<\/li>\n<li>Valve droite schrader 35mm<\/li>\n<\/ul>\n<p>Une question ? <a href=\"https:\/\/www.beachspirit.fr\/bs\/nous-contacter\/\" target=\"_blank\" rel=\"noopener\">contactez nous<\/a><\/p>\n","protected":false},"excerpt":{"rendered":"<h2><span style=\"color: #ff6600;\">Chambre \u00e0 air valve droite pour roue speed sail ou v\u00e9lo enfant 12 pouces<\/span><\/h2>\n","protected":false},"featured_media":26782,"comment_status":"open","ping_status":"closed","template":"","meta":[],"product_brand":[],"product_cat":[548,361,562,22],"product_tag":[],"class_list":{"0":"post-26247","1":"product","2":"type-product","3":"status-publish","4":"has-post-thumbnail","6":"product_cat-articles-techniques-speed-sail","7":"product_cat-articles-techniques-voile-char-a-voile","8":"product_cat-roues-pneus-chambres-a-air","9":"product_cat-roulements-roues-pneus-char-a-voile","10":"product_shipping_class-tarif-suivant-poids","12":"first","13":"onbackorder","14":"purchasable","15":"product-type-simple"},"yoast_head":"<!-- This site is optimized with the Yoast SEO plugin v27.4 - https:\/\/yoast.com\/product\/yoast-seo-wordpress\/ -->\n<title>chambre \u00e0 air roue speed sail 12 pouces - BEACH SPIRIT<\/title>\n<meta name=\"description\" content=\"chambre \u00e0 air pour roue speed sail ou v\u00e9lo enfant 12 pouces avec valve coud\u00e9e 90\u00b0\" \/>\n<meta name=\"robots\" content=\"index, follow, max-snippet:-1, max-image-preview:large, max-video-preview:-1\" \/>\n<link rel=\"canonical\" href=\"https:\/\/www.beachspirit.fr\/bs\/produit\/chambre-a-air-roue-speed-sail-12-pouces\/\" \/>\n<meta property=\"og:locale\" content=\"fr_FR\" \/>\n<meta property=\"og:type\" content=\"article\" \/>\n<meta property=\"og:title\" content=\"chambre \u00e0 air roue speed sail 12 pouces - BEACH SPIRIT\" \/>\n<meta property=\"og:description\" content=\"chambre \u00e0 air pour roue speed sail ou v\u00e9lo enfant 12 pouces avec valve coud\u00e9e 90\u00b0\" \/>\n<meta property=\"og:url\" content=\"https:\/\/www.beachspirit.fr\/bs\/produit\/chambre-a-air-roue-speed-sail-12-pouces\/\" \/>\n<meta property=\"og:site_name\" content=\"BEACH SPIRIT\" \/>\n<meta property=\"article:publisher\" content=\"https:\/\/www.facebook.com\/beachspirit.fr\/\" \/>\n<meta property=\"article:modified_time\" content=\"2026-01-11T12:46:57+00:00\" \/>\n<meta property=\"og:image\" content=\"https:\/\/www.beachspirit.fr\/bs\/wp-content\/uploads\/2021\/04\/chambre-a-air-speed-valve-droite-35mm-schrader.png\" \/>\n\t<meta property=\"og:image:width\" content=\"517\" \/>\n\t<meta property=\"og:image:height\" content=\"483\" \/>\n\t<meta property=\"og:image:type\" content=\"image\/png\" \/>\n<meta name=\"twitter:card\" content=\"summary_large_image\" \/>\n<meta name=\"twitter:label1\" content=\"Dur\u00e9e de lecture estim\u00e9e\" \/>\n\t<meta name=\"twitter:data1\" content=\"1 minute\" \/>\n<script type=\"application\/ld+json\" class=\"yoast-schema-graph\">{\"@context\":\"https:\\\/\\\/schema.org\",\"@graph\":[{\"@type\":\"WebPage\",\"@id\":\"https:\\\/\\\/www.beachspirit.fr\\\/bs\\\/produit\\\/chambre-a-air-roue-speed-sail-12-pouces\\\/\",\"url\":\"https:\\\/\\\/www.beachspirit.fr\\\/bs\\\/produit\\\/chambre-a-air-roue-speed-sail-12-pouces\\\/\",\"name\":\"chambre \u00e0 air roue speed sail 12 pouces - BEACH SPIRIT\",\"isPartOf\":{\"@id\":\"https:\\\/\\\/www.beachspirit.fr\\\/bs\\\/#website\"},\"primaryImageOfPage\":{\"@id\":\"https:\\\/\\\/www.beachspirit.fr\\\/bs\\\/produit\\\/chambre-a-air-roue-speed-sail-12-pouces\\\/#primaryimage\"},\"image\":{\"@id\":\"https:\\\/\\\/www.beachspirit.fr\\\/bs\\\/produit\\\/chambre-a-air-roue-speed-sail-12-pouces\\\/#primaryimage\"},\"thumbnailUrl\":\"https:\\\/\\\/www.beachspirit.fr\\\/bs\\\/wp-content\\\/uploads\\\/2021\\\/04\\\/chambre-a-air-speed-valve-droite-35mm-schrader.png\",\"datePublished\":\"2021-04-02T13:24:11+00:00\",\"dateModified\":\"2026-01-11T12:46:57+00:00\",\"description\":\"chambre \u00e0 air pour roue speed sail ou v\u00e9lo enfant 12 pouces avec valve coud\u00e9e 90\u00b0\",\"breadcrumb\":{\"@id\":\"https:\\\/\\\/www.beachspirit.fr\\\/bs\\\/produit\\\/chambre-a-air-roue-speed-sail-12-pouces\\\/#breadcrumb\"},\"inLanguage\":\"fr-FR\",\"potentialAction\":[{\"@type\":\"ReadAction\",\"target\":[\"https:\\\/\\\/www.beachspirit.fr\\\/bs\\\/produit\\\/chambre-a-air-roue-speed-sail-12-pouces\\\/\"]}]},{\"@type\":\"ImageObject\",\"inLanguage\":\"fr-FR\",\"@id\":\"https:\\\/\\\/www.beachspirit.fr\\\/bs\\\/produit\\\/chambre-a-air-roue-speed-sail-12-pouces\\\/#primaryimage\",\"url\":\"https:\\\/\\\/www.beachspirit.fr\\\/bs\\\/wp-content\\\/uploads\\\/2021\\\/04\\\/chambre-a-air-speed-valve-droite-35mm-schrader.png\",\"contentUrl\":\"https:\\\/\\\/www.beachspirit.fr\\\/bs\\\/wp-content\\\/uploads\\\/2021\\\/04\\\/chambre-a-air-speed-valve-droite-35mm-schrader.png\",\"width\":517,\"height\":483,\"caption\":\"CHAMBRE A AIR SPEED SAIL 12 POUCES\"},{\"@type\":\"BreadcrumbList\",\"@id\":\"https:\\\/\\\/www.beachspirit.fr\\\/bs\\\/produit\\\/chambre-a-air-roue-speed-sail-12-pouces\\\/#breadcrumb\",\"itemListElement\":[{\"@type\":\"ListItem\",\"position\":1,\"name\":\"Accueil\",\"item\":\"https:\\\/\\\/www.beachspirit.fr\\\/bs\\\/\"},{\"@type\":\"ListItem\",\"position\":2,\"name\":\"Boutique\",\"item\":\"https:\\\/\\\/www.beachspirit.fr\\\/bs\\\/boutique\\\/\"},{\"@type\":\"ListItem\",\"position\":3,\"name\":\"chambre \u00e0 air roue speed sail 12 pouces\"}]},{\"@type\":\"WebSite\",\"@id\":\"https:\\\/\\\/www.beachspirit.fr\\\/bs\\\/#website\",\"url\":\"https:\\\/\\\/www.beachspirit.fr\\\/bs\\\/\",\"name\":\"BEACH SPIRIT\",\"description\":\"beach spirit approved\",\"publisher\":{\"@id\":\"https:\\\/\\\/www.beachspirit.fr\\\/bs\\\/#organization\"},\"potentialAction\":[{\"@type\":\"SearchAction\",\"target\":{\"@type\":\"EntryPoint\",\"urlTemplate\":\"https:\\\/\\\/www.beachspirit.fr\\\/bs\\\/?s={search_term_string}\"},\"query-input\":{\"@type\":\"PropertyValueSpecification\",\"valueRequired\":true,\"valueName\":\"search_term_string\"}}],\"inLanguage\":\"fr-FR\"},{\"@type\":\"Organization\",\"@id\":\"https:\\\/\\\/www.beachspirit.fr\\\/bs\\\/#organization\",\"name\":\"BEACH SPIRIT\",\"url\":\"https:\\\/\\\/www.beachspirit.fr\\\/bs\\\/\",\"logo\":{\"@type\":\"ImageObject\",\"inLanguage\":\"fr-FR\",\"@id\":\"https:\\\/\\\/www.beachspirit.fr\\\/bs\\\/#\\\/schema\\\/logo\\\/image\\\/\",\"url\":\"http:\\\/\\\/www.beachspirit.fr\\\/bs\\\/wp-content\\\/uploads\\\/2020\\\/03\\\/logoBS-petit-2.png\",\"contentUrl\":\"http:\\\/\\\/www.beachspirit.fr\\\/bs\\\/wp-content\\\/uploads\\\/2020\\\/03\\\/logoBS-petit-2.png\",\"width\":200,\"height\":117,\"caption\":\"BEACH SPIRIT\"},\"image\":{\"@id\":\"https:\\\/\\\/www.beachspirit.fr\\\/bs\\\/#\\\/schema\\\/logo\\\/image\\\/\"},\"sameAs\":[\"https:\\\/\\\/www.facebook.com\\\/beachspirit.fr\\\/\",\"https:\\\/\\\/www.instagram.com\\\/beachspirit.fr\\\/\"]}]}<\/script>\n<!-- \/ Yoast SEO plugin. -->","yoast_head_json":{"title":"chambre \u00e0 air roue speed sail 12 pouces - BEACH SPIRIT","description":"chambre \u00e0 air pour roue speed sail ou v\u00e9lo enfant 12 pouces avec valve coud\u00e9e 90\u00b0","robots":{"index":"index","follow":"follow","max-snippet":"max-snippet:-1","max-image-preview":"max-image-preview:large","max-video-preview":"max-video-preview:-1"},"canonical":"https:\/\/www.beachspirit.fr\/bs\/produit\/chambre-a-air-roue-speed-sail-12-pouces\/","og_locale":"fr_FR","og_type":"article","og_title":"chambre \u00e0 air roue speed sail 12 pouces - BEACH SPIRIT","og_description":"chambre \u00e0 air pour roue speed sail ou v\u00e9lo enfant 12 pouces avec valve coud\u00e9e 90\u00b0","og_url":"https:\/\/www.beachspirit.fr\/bs\/produit\/chambre-a-air-roue-speed-sail-12-pouces\/","og_site_name":"BEACH SPIRIT","article_publisher":"https:\/\/www.facebook.com\/beachspirit.fr\/","article_modified_time":"2026-01-11T12:46:57+00:00","og_image":[{"width":517,"height":483,"url":"https:\/\/www.beachspirit.fr\/bs\/wp-content\/uploads\/2021\/04\/chambre-a-air-speed-valve-droite-35mm-schrader.png","type":"image\/png"}],"twitter_card":"summary_large_image","twitter_misc":{"Dur\u00e9e de lecture estim\u00e9e":"1 minute"},"schema":{"@context":"https:\/\/schema.org","@graph":[{"@type":"WebPage","@id":"https:\/\/www.beachspirit.fr\/bs\/produit\/chambre-a-air-roue-speed-sail-12-pouces\/","url":"https:\/\/www.beachspirit.fr\/bs\/produit\/chambre-a-air-roue-speed-sail-12-pouces\/","name":"chambre \u00e0 air roue speed sail 12 pouces - BEACH SPIRIT","isPartOf":{"@id":"https:\/\/www.beachspirit.fr\/bs\/#website"},"primaryImageOfPage":{"@id":"https:\/\/www.beachspirit.fr\/bs\/produit\/chambre-a-air-roue-speed-sail-12-pouces\/#primaryimage"},"image":{"@id":"https:\/\/www.beachspirit.fr\/bs\/produit\/chambre-a-air-roue-speed-sail-12-pouces\/#primaryimage"},"thumbnailUrl":"https:\/\/www.beachspirit.fr\/bs\/wp-content\/uploads\/2021\/04\/chambre-a-air-speed-valve-droite-35mm-schrader.png","datePublished":"2021-04-02T13:24:11+00:00","dateModified":"2026-01-11T12:46:57+00:00","description":"chambre \u00e0 air pour roue speed sail ou v\u00e9lo enfant 12 pouces avec valve coud\u00e9e 90\u00b0","breadcrumb":{"@id":"https:\/\/www.beachspirit.fr\/bs\/produit\/chambre-a-air-roue-speed-sail-12-pouces\/#breadcrumb"},"inLanguage":"fr-FR","potentialAction":[{"@type":"ReadAction","target":["https:\/\/www.beachspirit.fr\/bs\/produit\/chambre-a-air-roue-speed-sail-12-pouces\/"]}]},{"@type":"ImageObject","inLanguage":"fr-FR","@id":"https:\/\/www.beachspirit.fr\/bs\/produit\/chambre-a-air-roue-speed-sail-12-pouces\/#primaryimage","url":"https:\/\/www.beachspirit.fr\/bs\/wp-content\/uploads\/2021\/04\/chambre-a-air-speed-valve-droite-35mm-schrader.png","contentUrl":"https:\/\/www.beachspirit.fr\/bs\/wp-content\/uploads\/2021\/04\/chambre-a-air-speed-valve-droite-35mm-schrader.png","width":517,"height":483,"caption":"CHAMBRE A AIR SPEED SAIL 12 POUCES"},{"@type":"BreadcrumbList","@id":"https:\/\/www.beachspirit.fr\/bs\/produit\/chambre-a-air-roue-speed-sail-12-pouces\/#breadcrumb","itemListElement":[{"@type":"ListItem","position":1,"name":"Accueil","item":"https:\/\/www.beachspirit.fr\/bs\/"},{"@type":"ListItem","position":2,"name":"Boutique","item":"https:\/\/www.beachspirit.fr\/bs\/boutique\/"},{"@type":"ListItem","position":3,"name":"chambre \u00e0 air roue speed sail 12 pouces"}]},{"@type":"WebSite","@id":"https:\/\/www.beachspirit.fr\/bs\/#website","url":"https:\/\/www.beachspirit.fr\/bs\/","name":"BEACH SPIRIT","description":"beach spirit approved","publisher":{"@id":"https:\/\/www.beachspirit.fr\/bs\/#organization"},"potentialAction":[{"@type":"SearchAction","target":{"@type":"EntryPoint","urlTemplate":"https:\/\/www.beachspirit.fr\/bs\/?s={search_term_string}"},"query-input":{"@type":"PropertyValueSpecification","valueRequired":true,"valueName":"search_term_string"}}],"inLanguage":"fr-FR"},{"@type":"Organization","@id":"https:\/\/www.beachspirit.fr\/bs\/#organization","name":"BEACH SPIRIT","url":"https:\/\/www.beachspirit.fr\/bs\/","logo":{"@type":"ImageObject","inLanguage":"fr-FR","@id":"https:\/\/www.beachspirit.fr\/bs\/#\/schema\/logo\/image\/","url":"http:\/\/www.beachspirit.fr\/bs\/wp-content\/uploads\/2020\/03\/logoBS-petit-2.png","contentUrl":"http:\/\/www.beachspirit.fr\/bs\/wp-content\/uploads\/2020\/03\/logoBS-petit-2.png","width":200,"height":117,"caption":"BEACH SPIRIT"},"image":{"@id":"https:\/\/www.beachspirit.fr\/bs\/#\/schema\/logo\/image\/"},"sameAs":["https:\/\/www.facebook.com\/beachspirit.fr\/","https:\/\/www.instagram.com\/beachspirit.fr\/"]}]}},"_links":{"self":[{"href":"https:\/\/www.beachspirit.fr\/bs\/wp-json\/wp\/v2\/product\/26247","targetHints":{"allow":["GET"]}}],"collection":[{"href":"https:\/\/www.beachspirit.fr\/bs\/wp-json\/wp\/v2\/product"}],"about":[{"href":"https:\/\/www.beachspirit.fr\/bs\/wp-json\/wp\/v2\/types\/product"}],"replies":[{"embeddable":true,"href":"https:\/\/www.beachspirit.fr\/bs\/wp-json\/wp\/v2\/comments?post=26247"}],"wp:featuredmedia":[{"embeddable":true,"href":"https:\/\/www.beachspirit.fr\/bs\/wp-json\/wp\/v2\/media\/26782"}],"wp:attachment":[{"href":"https:\/\/www.beachspirit.fr\/bs\/wp-json\/wp\/v2\/media?parent=26247"}],"wp:term":[{"taxonomy":"product_brand","embeddable":true,"href":"https:\/\/www.beachspirit.fr\/bs\/wp-json\/wp\/v2\/product_brand?post=26247"},{"taxonomy":"product_cat","embeddable":true,"href":"https:\/\/www.beachspirit.fr\/bs\/wp-json\/wp\/v2\/product_cat?post=26247"},{"taxonomy":"product_tag","embeddable":true,"href":"https:\/\/www.beachspirit.fr\/bs\/wp-json\/wp\/v2\/product_tag?post=26247"}],"curies":[{"name":"wp","href":"https:\/\/api.w.org\/{rel}","templated":true}]}}