{"id":26268,"date":"2021-04-14T10:15:19","date_gmt":"2021-04-14T09:15:19","guid":{"rendered":"https:\/\/www.beachspirit.fr\/bs\/?post_type=product&#038;p=26268"},"modified":"2025-08-05T18:15:43","modified_gmt":"2025-08-05T17:15:43","slug":"roues-kite-buggy-et-char-a-voile-big-foot","status":"publish","type":"product","link":"https:\/\/www.beachspirit.fr\/bs\/produit\/roues-kite-buggy-et-char-a-voile-big-foot\/","title":{"rendered":"Roues Kite Buggy et char \u00e0 voile Big foot"},"content":{"rendered":"<h3><span style=\"color: #ff9900;\">Roues kite Buggy et\u00a0 Char \u00e0 voile Big Foot<\/span><\/h3>\n<p><span style=\"color: #000000;\">Ces roues tout terrain Big foot pour les\u00a0 kite buggy et chars \u00e0 voile loisirs peuvent aussi \u00eatre utilis\u00e9s pour les chariots de mise \u00e0 l&rsquo;eau.<\/span><\/p>\n<p><span style=\"color: #000000;\"><strong>Descriptif<\/strong><\/span><\/p>\n<p><span style=\"color: #000000;\">roue tout terrain big foot comprenant :<\/span><\/p>\n<ul>\n<li><span style=\"color: #000000;\">Jante <strong>MP PLAST<\/strong> TL en <a style=\"color: #000000;\" href=\"https:\/\/fr.wikipedia.org\/wiki\/Polysulfure_de_ph%C3%A9nyl%C3%A8ne\" target=\"_blank\" rel=\"noopener noreferrer\">PPS<\/a> 2.50&#215;8 moyeux de 75mm \u00e9quip\u00e9e de 2 roulements SS6204 2RS <strong>(inox)<\/strong> + <strong>entretoise<\/strong> polym\u00e8re 47mm pour axe de 20<\/span><\/li>\n<li><span style=\"color: #000000;\">\u00a0Pneu strucure diagonale <strong>basse pression\u00a0 Big Foot Wanda P325<\/strong>\u00a0-21&#215;12.00-8TL 2PR + <\/span><\/li>\n<li><span style=\"color: #000000;\">Montage avec<strong> chambre \u00e0 air<\/strong> valve T86 ou en <strong>Tubeless<\/strong><\/span><\/li>\n<\/ul>\n<p><span style=\"color: #000000;\">Une question ? n&rsquo;h\u00e9sitez pas \u00e0<\/span> <a href=\"https:\/\/www.beachspirit.fr\/bs\/nous-contacter\/\" target=\"_blank\" rel=\"noopener\">nous contacter<\/a><\/p>\n","protected":false},"excerpt":{"rendered":"<h2><span style=\"color: #ff6600;\">Roues kite Buggy et\u00a0 Char \u00e0 voile Big Foot<\/span><\/h2>\n<p><span style=\"color: #ffff00;\">Voir descriptif ci dessous<\/span><\/p>\n","protected":false},"featured_media":26269,"comment_status":"open","ping_status":"closed","template":"","meta":[],"product_brand":[],"product_cat":[547,549,361,562,22],"product_tag":[],"class_list":{"0":"post-26268","1":"product","2":"type-product","3":"status-publish","4":"has-post-thumbnail","6":"product_cat-chars-a-voile-classes-5-promo-standart-mini-loisir","7":"product_cat-articles-techniques-pour-kite-buggy","8":"product_cat-articles-techniques-voile-char-a-voile","9":"product_cat-roues-pneus-chambres-a-air","10":"product_cat-roulements-roues-pneus-char-a-voile","11":"product_shipping_class-tarif-suivant-poids","13":"first","14":"instock","15":"purchasable","16":"product-type-variable"},"yoast_head":"<!-- This site is optimized with the Yoast SEO plugin v27.5 - https:\/\/yoast.com\/product\/yoast-seo-wordpress\/ -->\n<title>Roues Kite Buggy et char \u00e0 voile Big foot - BEACH SPIRIT<\/title>\n<meta name=\"description\" content=\"roues char \u00e0 voile big foot pour kite buggy, chars \u00e0 voile et chariots de mises \u00e0 l&#039;eau \u00e9quip\u00e9es de rlts inox et entretoise pour axe de 20mm\" \/>\n<meta name=\"robots\" content=\"index, follow, max-snippet:-1, max-image-preview:large, max-video-preview:-1\" \/>\n<link rel=\"canonical\" href=\"https:\/\/www.beachspirit.fr\/bs\/produit\/roues-kite-buggy-et-char-a-voile-big-foot\/\" \/>\n<meta property=\"og:locale\" content=\"fr_FR\" \/>\n<meta property=\"og:type\" content=\"article\" \/>\n<meta property=\"og:title\" content=\"Roues Kite Buggy et char \u00e0 voile Big foot - BEACH SPIRIT\" \/>\n<meta property=\"og:description\" content=\"roues char \u00e0 voile big foot pour kite buggy, chars \u00e0 voile et chariots de mises \u00e0 l&#039;eau \u00e9quip\u00e9es de rlts inox et entretoise pour axe de 20mm\" \/>\n<meta property=\"og:url\" content=\"https:\/\/www.beachspirit.fr\/bs\/produit\/roues-kite-buggy-et-char-a-voile-big-foot\/\" \/>\n<meta property=\"og:site_name\" content=\"BEACH SPIRIT\" \/>\n<meta property=\"article:publisher\" content=\"https:\/\/www.facebook.com\/beachspirit.fr\/\" \/>\n<meta property=\"article:modified_time\" content=\"2025-08-05T17:15:43+00:00\" \/>\n<meta property=\"og:image\" content=\"https:\/\/www.beachspirit.fr\/bs\/wp-content\/uploads\/2021\/04\/roue-bigfoot-plastique.jpg\" \/>\n\t<meta property=\"og:image:width\" content=\"398\" \/>\n\t<meta property=\"og:image:height\" content=\"425\" \/>\n\t<meta property=\"og:image:type\" content=\"image\/jpeg\" \/>\n<meta name=\"twitter:card\" content=\"summary_large_image\" \/>\n<meta name=\"twitter:label1\" content=\"Dur\u00e9e de lecture estim\u00e9e\" \/>\n\t<meta name=\"twitter:data1\" content=\"1 minute\" \/>\n<script type=\"application\/ld+json\" class=\"yoast-schema-graph\">{\"@context\":\"https:\\\/\\\/schema.org\",\"@graph\":[{\"@type\":\"WebPage\",\"@id\":\"https:\\\/\\\/www.beachspirit.fr\\\/bs\\\/produit\\\/roues-kite-buggy-et-char-a-voile-big-foot\\\/\",\"url\":\"https:\\\/\\\/www.beachspirit.fr\\\/bs\\\/produit\\\/roues-kite-buggy-et-char-a-voile-big-foot\\\/\",\"name\":\"Roues Kite Buggy et char \u00e0 voile Big foot - BEACH SPIRIT\",\"isPartOf\":{\"@id\":\"https:\\\/\\\/www.beachspirit.fr\\\/bs\\\/#website\"},\"primaryImageOfPage\":{\"@id\":\"https:\\\/\\\/www.beachspirit.fr\\\/bs\\\/produit\\\/roues-kite-buggy-et-char-a-voile-big-foot\\\/#primaryimage\"},\"image\":{\"@id\":\"https:\\\/\\\/www.beachspirit.fr\\\/bs\\\/produit\\\/roues-kite-buggy-et-char-a-voile-big-foot\\\/#primaryimage\"},\"thumbnailUrl\":\"https:\\\/\\\/www.beachspirit.fr\\\/bs\\\/wp-content\\\/uploads\\\/2021\\\/04\\\/roue-bigfoot-plastique.jpg\",\"datePublished\":\"2021-04-14T09:15:19+00:00\",\"dateModified\":\"2025-08-05T17:15:43+00:00\",\"description\":\"roues char \u00e0 voile big foot pour kite buggy, chars \u00e0 voile et chariots de mises \u00e0 l'eau \u00e9quip\u00e9es de rlts inox et entretoise pour axe de 20mm\",\"breadcrumb\":{\"@id\":\"https:\\\/\\\/www.beachspirit.fr\\\/bs\\\/produit\\\/roues-kite-buggy-et-char-a-voile-big-foot\\\/#breadcrumb\"},\"inLanguage\":\"fr-FR\",\"potentialAction\":[{\"@type\":\"ReadAction\",\"target\":[\"https:\\\/\\\/www.beachspirit.fr\\\/bs\\\/produit\\\/roues-kite-buggy-et-char-a-voile-big-foot\\\/\"]}]},{\"@type\":\"ImageObject\",\"inLanguage\":\"fr-FR\",\"@id\":\"https:\\\/\\\/www.beachspirit.fr\\\/bs\\\/produit\\\/roues-kite-buggy-et-char-a-voile-big-foot\\\/#primaryimage\",\"url\":\"https:\\\/\\\/www.beachspirit.fr\\\/bs\\\/wp-content\\\/uploads\\\/2021\\\/04\\\/roue-bigfoot-plastique.jpg\",\"contentUrl\":\"https:\\\/\\\/www.beachspirit.fr\\\/bs\\\/wp-content\\\/uploads\\\/2021\\\/04\\\/roue-bigfoot-plastique.jpg\",\"width\":398,\"height\":425,\"caption\":\"roue char \u00e0 voile big foot\"},{\"@type\":\"BreadcrumbList\",\"@id\":\"https:\\\/\\\/www.beachspirit.fr\\\/bs\\\/produit\\\/roues-kite-buggy-et-char-a-voile-big-foot\\\/#breadcrumb\",\"itemListElement\":[{\"@type\":\"ListItem\",\"position\":1,\"name\":\"Accueil\",\"item\":\"https:\\\/\\\/www.beachspirit.fr\\\/bs\\\/\"},{\"@type\":\"ListItem\",\"position\":2,\"name\":\"Boutique\",\"item\":\"https:\\\/\\\/www.beachspirit.fr\\\/bs\\\/boutique\\\/\"},{\"@type\":\"ListItem\",\"position\":3,\"name\":\"Roues Kite Buggy et char \u00e0 voile Big foot\"}]},{\"@type\":\"WebSite\",\"@id\":\"https:\\\/\\\/www.beachspirit.fr\\\/bs\\\/#website\",\"url\":\"https:\\\/\\\/www.beachspirit.fr\\\/bs\\\/\",\"name\":\"BEACH SPIRIT\",\"description\":\"beach spirit approved\",\"publisher\":{\"@id\":\"https:\\\/\\\/www.beachspirit.fr\\\/bs\\\/#organization\"},\"potentialAction\":[{\"@type\":\"SearchAction\",\"target\":{\"@type\":\"EntryPoint\",\"urlTemplate\":\"https:\\\/\\\/www.beachspirit.fr\\\/bs\\\/?s={search_term_string}\"},\"query-input\":{\"@type\":\"PropertyValueSpecification\",\"valueRequired\":true,\"valueName\":\"search_term_string\"}}],\"inLanguage\":\"fr-FR\"},{\"@type\":\"Organization\",\"@id\":\"https:\\\/\\\/www.beachspirit.fr\\\/bs\\\/#organization\",\"name\":\"BEACH SPIRIT\",\"url\":\"https:\\\/\\\/www.beachspirit.fr\\\/bs\\\/\",\"logo\":{\"@type\":\"ImageObject\",\"inLanguage\":\"fr-FR\",\"@id\":\"https:\\\/\\\/www.beachspirit.fr\\\/bs\\\/#\\\/schema\\\/logo\\\/image\\\/\",\"url\":\"http:\\\/\\\/www.beachspirit.fr\\\/bs\\\/wp-content\\\/uploads\\\/2020\\\/03\\\/logoBS-petit-2.png\",\"contentUrl\":\"http:\\\/\\\/www.beachspirit.fr\\\/bs\\\/wp-content\\\/uploads\\\/2020\\\/03\\\/logoBS-petit-2.png\",\"width\":200,\"height\":117,\"caption\":\"BEACH SPIRIT\"},\"image\":{\"@id\":\"https:\\\/\\\/www.beachspirit.fr\\\/bs\\\/#\\\/schema\\\/logo\\\/image\\\/\"},\"sameAs\":[\"https:\\\/\\\/www.facebook.com\\\/beachspirit.fr\\\/\",\"https:\\\/\\\/www.instagram.com\\\/beachspirit.fr\\\/\"]}]}<\/script>\n<!-- \/ Yoast SEO plugin. -->","yoast_head_json":{"title":"Roues Kite Buggy et char \u00e0 voile Big foot - BEACH SPIRIT","description":"roues char \u00e0 voile big foot pour kite buggy, chars \u00e0 voile et chariots de mises \u00e0 l'eau \u00e9quip\u00e9es de rlts inox et entretoise pour axe de 20mm","robots":{"index":"index","follow":"follow","max-snippet":"max-snippet:-1","max-image-preview":"max-image-preview:large","max-video-preview":"max-video-preview:-1"},"canonical":"https:\/\/www.beachspirit.fr\/bs\/produit\/roues-kite-buggy-et-char-a-voile-big-foot\/","og_locale":"fr_FR","og_type":"article","og_title":"Roues Kite Buggy et char \u00e0 voile Big foot - BEACH SPIRIT","og_description":"roues char \u00e0 voile big foot pour kite buggy, chars \u00e0 voile et chariots de mises \u00e0 l'eau \u00e9quip\u00e9es de rlts inox et entretoise pour axe de 20mm","og_url":"https:\/\/www.beachspirit.fr\/bs\/produit\/roues-kite-buggy-et-char-a-voile-big-foot\/","og_site_name":"BEACH SPIRIT","article_publisher":"https:\/\/www.facebook.com\/beachspirit.fr\/","article_modified_time":"2025-08-05T17:15:43+00:00","og_image":[{"width":398,"height":425,"url":"https:\/\/www.beachspirit.fr\/bs\/wp-content\/uploads\/2021\/04\/roue-bigfoot-plastique.jpg","type":"image\/jpeg"}],"twitter_card":"summary_large_image","twitter_misc":{"Dur\u00e9e de lecture estim\u00e9e":"1 minute"},"schema":{"@context":"https:\/\/schema.org","@graph":[{"@type":"WebPage","@id":"https:\/\/www.beachspirit.fr\/bs\/produit\/roues-kite-buggy-et-char-a-voile-big-foot\/","url":"https:\/\/www.beachspirit.fr\/bs\/produit\/roues-kite-buggy-et-char-a-voile-big-foot\/","name":"Roues Kite Buggy et char \u00e0 voile Big foot - BEACH SPIRIT","isPartOf":{"@id":"https:\/\/www.beachspirit.fr\/bs\/#website"},"primaryImageOfPage":{"@id":"https:\/\/www.beachspirit.fr\/bs\/produit\/roues-kite-buggy-et-char-a-voile-big-foot\/#primaryimage"},"image":{"@id":"https:\/\/www.beachspirit.fr\/bs\/produit\/roues-kite-buggy-et-char-a-voile-big-foot\/#primaryimage"},"thumbnailUrl":"https:\/\/www.beachspirit.fr\/bs\/wp-content\/uploads\/2021\/04\/roue-bigfoot-plastique.jpg","datePublished":"2021-04-14T09:15:19+00:00","dateModified":"2025-08-05T17:15:43+00:00","description":"roues char \u00e0 voile big foot pour kite buggy, chars \u00e0 voile et chariots de mises \u00e0 l'eau \u00e9quip\u00e9es de rlts inox et entretoise pour axe de 20mm","breadcrumb":{"@id":"https:\/\/www.beachspirit.fr\/bs\/produit\/roues-kite-buggy-et-char-a-voile-big-foot\/#breadcrumb"},"inLanguage":"fr-FR","potentialAction":[{"@type":"ReadAction","target":["https:\/\/www.beachspirit.fr\/bs\/produit\/roues-kite-buggy-et-char-a-voile-big-foot\/"]}]},{"@type":"ImageObject","inLanguage":"fr-FR","@id":"https:\/\/www.beachspirit.fr\/bs\/produit\/roues-kite-buggy-et-char-a-voile-big-foot\/#primaryimage","url":"https:\/\/www.beachspirit.fr\/bs\/wp-content\/uploads\/2021\/04\/roue-bigfoot-plastique.jpg","contentUrl":"https:\/\/www.beachspirit.fr\/bs\/wp-content\/uploads\/2021\/04\/roue-bigfoot-plastique.jpg","width":398,"height":425,"caption":"roue char \u00e0 voile big foot"},{"@type":"BreadcrumbList","@id":"https:\/\/www.beachspirit.fr\/bs\/produit\/roues-kite-buggy-et-char-a-voile-big-foot\/#breadcrumb","itemListElement":[{"@type":"ListItem","position":1,"name":"Accueil","item":"https:\/\/www.beachspirit.fr\/bs\/"},{"@type":"ListItem","position":2,"name":"Boutique","item":"https:\/\/www.beachspirit.fr\/bs\/boutique\/"},{"@type":"ListItem","position":3,"name":"Roues Kite Buggy et char \u00e0 voile Big foot"}]},{"@type":"WebSite","@id":"https:\/\/www.beachspirit.fr\/bs\/#website","url":"https:\/\/www.beachspirit.fr\/bs\/","name":"BEACH SPIRIT","description":"beach spirit approved","publisher":{"@id":"https:\/\/www.beachspirit.fr\/bs\/#organization"},"potentialAction":[{"@type":"SearchAction","target":{"@type":"EntryPoint","urlTemplate":"https:\/\/www.beachspirit.fr\/bs\/?s={search_term_string}"},"query-input":{"@type":"PropertyValueSpecification","valueRequired":true,"valueName":"search_term_string"}}],"inLanguage":"fr-FR"},{"@type":"Organization","@id":"https:\/\/www.beachspirit.fr\/bs\/#organization","name":"BEACH SPIRIT","url":"https:\/\/www.beachspirit.fr\/bs\/","logo":{"@type":"ImageObject","inLanguage":"fr-FR","@id":"https:\/\/www.beachspirit.fr\/bs\/#\/schema\/logo\/image\/","url":"http:\/\/www.beachspirit.fr\/bs\/wp-content\/uploads\/2020\/03\/logoBS-petit-2.png","contentUrl":"http:\/\/www.beachspirit.fr\/bs\/wp-content\/uploads\/2020\/03\/logoBS-petit-2.png","width":200,"height":117,"caption":"BEACH SPIRIT"},"image":{"@id":"https:\/\/www.beachspirit.fr\/bs\/#\/schema\/logo\/image\/"},"sameAs":["https:\/\/www.facebook.com\/beachspirit.fr\/","https:\/\/www.instagram.com\/beachspirit.fr\/"]}]}},"_links":{"self":[{"href":"https:\/\/www.beachspirit.fr\/bs\/wp-json\/wp\/v2\/product\/26268","targetHints":{"allow":["GET"]}}],"collection":[{"href":"https:\/\/www.beachspirit.fr\/bs\/wp-json\/wp\/v2\/product"}],"about":[{"href":"https:\/\/www.beachspirit.fr\/bs\/wp-json\/wp\/v2\/types\/product"}],"replies":[{"embeddable":true,"href":"https:\/\/www.beachspirit.fr\/bs\/wp-json\/wp\/v2\/comments?post=26268"}],"wp:featuredmedia":[{"embeddable":true,"href":"https:\/\/www.beachspirit.fr\/bs\/wp-json\/wp\/v2\/media\/26269"}],"wp:attachment":[{"href":"https:\/\/www.beachspirit.fr\/bs\/wp-json\/wp\/v2\/media?parent=26268"}],"wp:term":[{"taxonomy":"product_brand","embeddable":true,"href":"https:\/\/www.beachspirit.fr\/bs\/wp-json\/wp\/v2\/product_brand?post=26268"},{"taxonomy":"product_cat","embeddable":true,"href":"https:\/\/www.beachspirit.fr\/bs\/wp-json\/wp\/v2\/product_cat?post=26268"},{"taxonomy":"product_tag","embeddable":true,"href":"https:\/\/www.beachspirit.fr\/bs\/wp-json\/wp\/v2\/product_tag?post=26268"}],"curies":[{"name":"wp","href":"https:\/\/api.w.org\/{rel}","templated":true}]}}