{"id":26372,"date":"2021-05-22T12:14:14","date_gmt":"2021-05-22T11:14:14","guid":{"rendered":"https:\/\/www.beachspirit.fr\/bs\/?post_type=product&#038;p=26372"},"modified":"2026-03-09T17:21:15","modified_gmt":"2026-03-09T16:21:15","slug":"coupe-vent-top-etanche-respirant-char-a-voile-kayak-bateau","status":"publish","type":"product","link":"https:\/\/www.beachspirit.fr\/bs\/produit\/coupe-vent-top-etanche-respirant-char-a-voile-kayak-bateau\/","title":{"rendered":"Coupe vent HIPTECH Top \u00e9tanche respirants char \u00e0 voile kayak voile&#8230;"},"content":{"rendered":"<h3><span style=\"color: #ff9900;\">Coupe vent \u00ab\u00a0HIPTECH\u00a0\u00bb Top \u00e9tanche Solides, respirants, confortables<\/span><\/h3>\n<p><span style=\"color: #000000;\">Rester au sec et au chaud c&rsquo;est un confort dont on ne peut se passer pour profiter pleinement lors d&rsquo;une cession de sports nautiques<\/span><\/p>\n<p><span style=\"color: #000000;\">Aussi apr\u00e8s\u00a0 test, nous avons s\u00e9lectionn\u00e9 ce Top (coupe vent) \u00e9tanche, respirant solide et confortable<\/span><\/p>\n<p><span style=\"color: #ff9900;\"><strong>Coupe Vent Hip Tech Mod\u00e8le Hiver et toutes saisons<\/strong><\/span><\/p>\n<p><span style=\"color: #ffff99;\"><span style=\"color: #000000;\">Le coupe vent top 100% \u00e9tanche et respirant <strong>premium HIPTECH<\/strong> est l\u2019anorak parfait pour rester au sec Que ce soit en eaux vives, en mer ou en char \u00e0 voile. Sa technologie textile 3 couches innovante combin\u00e9e \u00e0 un col et des poignets doubl\u00e9s en<\/span> <a href=\"https:\/\/fr.wikipedia.org\/wiki\/N%C3%A9opr%C3%A8ne\" target=\"_blank\" rel=\"noopener\">n\u00e9opr\u00e8ne<\/a> <span style=\"color: #000000;\">ultrastretch lui offrent une imperm\u00e9abilit\u00e9 totale.\u00a0 Renforc\u00e9 aux coudes pour plus de solidit\u00e9.\u00a0 Equip\u00e9 d&rsquo;une une double chemin\u00e9e ajustable et antid\u00e9rapante, Il s\u2019adaptera sans probl\u00e8me \u00e0 votre jupe \/ pantalon. Essayez le, adoptez le !<\/span><\/span><\/p>\n<ul>\n<li><span style=\"color: #000000;\"><strong>Marque<\/strong> : Aquadesign<\/span><\/li>\n<li><span style=\"color: #000000;\"><strong>Tissu<\/strong> : Tissu technique 3 couches \u00e9tanche et respirant<\/span><\/li>\n<li><span style=\"color: #000000;\"><strong>Manchons<\/strong> : Double manchons N\u00e9opr\u00e8ne Ultrastretch enduit<\/span><\/li>\n<li><span style=\"color: #000000;\"><strong>Col<\/strong> : N\u00e9opr\u00e8ne Ultrastretch Enduit<\/span><\/li>\n<li><span style=\"color: #000000;\"><strong>Chemin\u00e9e<\/strong> : Double chemin\u00e9e \u00e9tanche et anti-d\u00e9rapante<\/span><\/li>\n<li><span style=\"color: #000000;\"><strong>Serrage<\/strong> : Serrage velcro \u00e0 la taille<\/span><\/li>\n<li><span style=\"color: #000000;\"><strong>S\u00e9curit\u00e9<\/strong> : Liserets r\u00e9fl\u00e9chissants<\/span><\/li>\n<li><span style=\"color: #000000;\"><strong>Couleurs<\/strong> : Bleu ou rouge<\/span><\/li>\n<li><span style=\"color: #000000;\"><strong>Tailles<\/strong> : S, M, L, XL, XXL, XXXL (rouge uniquement)<\/span><\/li>\n<\/ul>\n<p><span style=\"color: #000000;\">Pour toutes questions n&rsquo;h\u00e9sitez pas \u00e0<\/span> <a href=\"https:\/\/www.beachspirit.fr\/bs\/nous-contacter\/\" target=\"_blank\" rel=\"noopener\">nous contacter<\/a><\/p>\n<p>&nbsp;<\/p>\n","protected":false},"excerpt":{"rendered":"<h2><span style=\"color: #ff6600;\">Coupe vent HIPTECH Top \u00e9tanche Solide, respirant, confortable<\/span><\/h2>\n<p><span style=\"color: #000000;\">Rester au sec et au chaud c&rsquo;est un confort dont on ne peut se passer pour profiter pleinement lors d&rsquo;une cession de sports nautiques<\/span><\/p>\n<p><span style=\"color: #000000;\">Aussi apr\u00e8s test, nous avons s\u00e9lectionn\u00e9 ce Top ( coupe vent) \u00e9tanche, respirant et confortable et solide.<\/span><\/p>\n<p>Descriptif ci dessous<\/p>\n<p>&nbsp;<\/p>\n","protected":false},"featured_media":26371,"comment_status":"open","ping_status":"closed","template":"","meta":[],"product_brand":[],"product_cat":[545,546,547,549,548,361,578,539],"product_tag":[],"class_list":{"0":"post-26372","1":"product","2":"type-product","3":"status-publish","4":"has-post-thumbnail","6":"product_cat-blokart","7":"product_cat-char-a-voile-classes-2-et-3","8":"product_cat-chars-a-voile-classes-5-promo-standart-mini-loisir","9":"product_cat-articles-techniques-pour-kite-buggy","10":"product_cat-articles-techniques-speed-sail","11":"product_cat-articles-techniques-voile-char-a-voile","12":"product_cat-idees-cadeaux-noel","13":"product_cat-vetements-techniques-equipements","14":"product_shipping_class-tarif-suivant-poids","16":"first","17":"instock","18":"purchasable","19":"product-type-variable"},"yoast_head":"<!-- This site is optimized with the Yoast SEO plugin v27.5 - https:\/\/yoast.com\/product\/yoast-seo-wordpress\/ -->\n<title>Coupe vent HIPTECH Top \u00e9tanche respirants char \u00e0 voile kayak voile... BEACH SPIRIT<\/title>\n<meta name=\"description\" content=\"Coupe vent top \u00e9tanche, respirant pour le char \u00e0 voile kayak, bateau. Nous avons s\u00e9lectionn\u00e9s ce Top (coupe vent) \u00e9tanche, respirant solide et confortable.\" \/>\n<meta name=\"robots\" content=\"index, follow, max-snippet:-1, max-image-preview:large, max-video-preview:-1\" \/>\n<link rel=\"canonical\" href=\"https:\/\/www.beachspirit.fr\/bs\/produit\/coupe-vent-top-etanche-respirant-char-a-voile-kayak-bateau\/\" \/>\n<meta property=\"og:locale\" content=\"fr_FR\" \/>\n<meta property=\"og:type\" content=\"article\" \/>\n<meta property=\"og:title\" content=\"Coupe vent HIPTECH Top \u00e9tanche respirants char \u00e0 voile kayak voile... BEACH SPIRIT\" \/>\n<meta property=\"og:description\" content=\"Coupe vent top \u00e9tanche, respirant pour le char \u00e0 voile kayak, bateau. Nous avons s\u00e9lectionn\u00e9s ce Top (coupe vent) \u00e9tanche, respirant solide et confortable.\" \/>\n<meta property=\"og:url\" content=\"https:\/\/www.beachspirit.fr\/bs\/produit\/coupe-vent-top-etanche-respirant-char-a-voile-kayak-bateau\/\" \/>\n<meta property=\"og:site_name\" content=\"BEACH SPIRIT\" \/>\n<meta property=\"article:publisher\" content=\"https:\/\/www.facebook.com\/beachspirit.fr\/\" \/>\n<meta property=\"article:modified_time\" content=\"2026-03-09T16:21:15+00:00\" \/>\n<meta property=\"og:image\" content=\"https:\/\/www.beachspirit.fr\/bs\/wp-content\/uploads\/2021\/05\/coupe-vent-hip-tech.png\" \/>\n\t<meta property=\"og:image:width\" content=\"522\" \/>\n\t<meta property=\"og:image:height\" content=\"655\" \/>\n\t<meta property=\"og:image:type\" content=\"image\/png\" \/>\n<meta name=\"twitter:card\" content=\"summary_large_image\" \/>\n<meta name=\"twitter:label1\" content=\"Dur\u00e9e de lecture estim\u00e9e\" \/>\n\t<meta name=\"twitter:data1\" content=\"2 minutes\" \/>\n<script type=\"application\/ld+json\" class=\"yoast-schema-graph\">{\"@context\":\"https:\\\/\\\/schema.org\",\"@graph\":[{\"@type\":\"WebPage\",\"@id\":\"https:\\\/\\\/www.beachspirit.fr\\\/bs\\\/produit\\\/coupe-vent-top-etanche-respirant-char-a-voile-kayak-bateau\\\/\",\"url\":\"https:\\\/\\\/www.beachspirit.fr\\\/bs\\\/produit\\\/coupe-vent-top-etanche-respirant-char-a-voile-kayak-bateau\\\/\",\"name\":\"Coupe vent HIPTECH Top \u00e9tanche respirants char \u00e0 voile kayak voile... BEACH SPIRIT\",\"isPartOf\":{\"@id\":\"https:\\\/\\\/www.beachspirit.fr\\\/bs\\\/#website\"},\"primaryImageOfPage\":{\"@id\":\"https:\\\/\\\/www.beachspirit.fr\\\/bs\\\/produit\\\/coupe-vent-top-etanche-respirant-char-a-voile-kayak-bateau\\\/#primaryimage\"},\"image\":{\"@id\":\"https:\\\/\\\/www.beachspirit.fr\\\/bs\\\/produit\\\/coupe-vent-top-etanche-respirant-char-a-voile-kayak-bateau\\\/#primaryimage\"},\"thumbnailUrl\":\"https:\\\/\\\/www.beachspirit.fr\\\/bs\\\/wp-content\\\/uploads\\\/2021\\\/05\\\/coupe-vent-hip-tech.png\",\"datePublished\":\"2021-05-22T11:14:14+00:00\",\"dateModified\":\"2026-03-09T16:21:15+00:00\",\"description\":\"Coupe vent top \u00e9tanche, respirant pour le char \u00e0 voile kayak, bateau. Nous avons s\u00e9lectionn\u00e9s ce Top (coupe vent) \u00e9tanche, respirant solide et confortable.\",\"breadcrumb\":{\"@id\":\"https:\\\/\\\/www.beachspirit.fr\\\/bs\\\/produit\\\/coupe-vent-top-etanche-respirant-char-a-voile-kayak-bateau\\\/#breadcrumb\"},\"inLanguage\":\"fr-FR\",\"potentialAction\":[{\"@type\":\"ReadAction\",\"target\":[\"https:\\\/\\\/www.beachspirit.fr\\\/bs\\\/produit\\\/coupe-vent-top-etanche-respirant-char-a-voile-kayak-bateau\\\/\"]}]},{\"@type\":\"ImageObject\",\"inLanguage\":\"fr-FR\",\"@id\":\"https:\\\/\\\/www.beachspirit.fr\\\/bs\\\/produit\\\/coupe-vent-top-etanche-respirant-char-a-voile-kayak-bateau\\\/#primaryimage\",\"url\":\"https:\\\/\\\/www.beachspirit.fr\\\/bs\\\/wp-content\\\/uploads\\\/2021\\\/05\\\/coupe-vent-hip-tech.png\",\"contentUrl\":\"https:\\\/\\\/www.beachspirit.fr\\\/bs\\\/wp-content\\\/uploads\\\/2021\\\/05\\\/coupe-vent-hip-tech.png\",\"width\":522,\"height\":655,\"caption\":\"v\u00eatements techniques\"},{\"@type\":\"BreadcrumbList\",\"@id\":\"https:\\\/\\\/www.beachspirit.fr\\\/bs\\\/produit\\\/coupe-vent-top-etanche-respirant-char-a-voile-kayak-bateau\\\/#breadcrumb\",\"itemListElement\":[{\"@type\":\"ListItem\",\"position\":1,\"name\":\"Accueil\",\"item\":\"https:\\\/\\\/www.beachspirit.fr\\\/bs\\\/\"},{\"@type\":\"ListItem\",\"position\":2,\"name\":\"Boutique\",\"item\":\"https:\\\/\\\/www.beachspirit.fr\\\/bs\\\/boutique\\\/\"},{\"@type\":\"ListItem\",\"position\":3,\"name\":\"Coupe vent HIPTECH Top \u00e9tanche respirants char \u00e0 voile kayak voile&#8230;\"}]},{\"@type\":\"WebSite\",\"@id\":\"https:\\\/\\\/www.beachspirit.fr\\\/bs\\\/#website\",\"url\":\"https:\\\/\\\/www.beachspirit.fr\\\/bs\\\/\",\"name\":\"BEACH SPIRIT\",\"description\":\"beach spirit approved\",\"publisher\":{\"@id\":\"https:\\\/\\\/www.beachspirit.fr\\\/bs\\\/#organization\"},\"potentialAction\":[{\"@type\":\"SearchAction\",\"target\":{\"@type\":\"EntryPoint\",\"urlTemplate\":\"https:\\\/\\\/www.beachspirit.fr\\\/bs\\\/?s={search_term_string}\"},\"query-input\":{\"@type\":\"PropertyValueSpecification\",\"valueRequired\":true,\"valueName\":\"search_term_string\"}}],\"inLanguage\":\"fr-FR\"},{\"@type\":\"Organization\",\"@id\":\"https:\\\/\\\/www.beachspirit.fr\\\/bs\\\/#organization\",\"name\":\"BEACH SPIRIT\",\"url\":\"https:\\\/\\\/www.beachspirit.fr\\\/bs\\\/\",\"logo\":{\"@type\":\"ImageObject\",\"inLanguage\":\"fr-FR\",\"@id\":\"https:\\\/\\\/www.beachspirit.fr\\\/bs\\\/#\\\/schema\\\/logo\\\/image\\\/\",\"url\":\"http:\\\/\\\/www.beachspirit.fr\\\/bs\\\/wp-content\\\/uploads\\\/2020\\\/03\\\/logoBS-petit-2.png\",\"contentUrl\":\"http:\\\/\\\/www.beachspirit.fr\\\/bs\\\/wp-content\\\/uploads\\\/2020\\\/03\\\/logoBS-petit-2.png\",\"width\":200,\"height\":117,\"caption\":\"BEACH SPIRIT\"},\"image\":{\"@id\":\"https:\\\/\\\/www.beachspirit.fr\\\/bs\\\/#\\\/schema\\\/logo\\\/image\\\/\"},\"sameAs\":[\"https:\\\/\\\/www.facebook.com\\\/beachspirit.fr\\\/\",\"https:\\\/\\\/www.instagram.com\\\/beachspirit.fr\\\/\"]}]}<\/script>\n<!-- \/ Yoast SEO plugin. -->","yoast_head_json":{"title":"Coupe vent HIPTECH Top \u00e9tanche respirants char \u00e0 voile kayak voile... BEACH SPIRIT","description":"Coupe vent top \u00e9tanche, respirant pour le char \u00e0 voile kayak, bateau. Nous avons s\u00e9lectionn\u00e9s ce Top (coupe vent) \u00e9tanche, respirant solide et confortable.","robots":{"index":"index","follow":"follow","max-snippet":"max-snippet:-1","max-image-preview":"max-image-preview:large","max-video-preview":"max-video-preview:-1"},"canonical":"https:\/\/www.beachspirit.fr\/bs\/produit\/coupe-vent-top-etanche-respirant-char-a-voile-kayak-bateau\/","og_locale":"fr_FR","og_type":"article","og_title":"Coupe vent HIPTECH Top \u00e9tanche respirants char \u00e0 voile kayak voile... BEACH SPIRIT","og_description":"Coupe vent top \u00e9tanche, respirant pour le char \u00e0 voile kayak, bateau. Nous avons s\u00e9lectionn\u00e9s ce Top (coupe vent) \u00e9tanche, respirant solide et confortable.","og_url":"https:\/\/www.beachspirit.fr\/bs\/produit\/coupe-vent-top-etanche-respirant-char-a-voile-kayak-bateau\/","og_site_name":"BEACH SPIRIT","article_publisher":"https:\/\/www.facebook.com\/beachspirit.fr\/","article_modified_time":"2026-03-09T16:21:15+00:00","og_image":[{"width":522,"height":655,"url":"https:\/\/www.beachspirit.fr\/bs\/wp-content\/uploads\/2021\/05\/coupe-vent-hip-tech.png","type":"image\/png"}],"twitter_card":"summary_large_image","twitter_misc":{"Dur\u00e9e de lecture estim\u00e9e":"2 minutes"},"schema":{"@context":"https:\/\/schema.org","@graph":[{"@type":"WebPage","@id":"https:\/\/www.beachspirit.fr\/bs\/produit\/coupe-vent-top-etanche-respirant-char-a-voile-kayak-bateau\/","url":"https:\/\/www.beachspirit.fr\/bs\/produit\/coupe-vent-top-etanche-respirant-char-a-voile-kayak-bateau\/","name":"Coupe vent HIPTECH Top \u00e9tanche respirants char \u00e0 voile kayak voile... BEACH SPIRIT","isPartOf":{"@id":"https:\/\/www.beachspirit.fr\/bs\/#website"},"primaryImageOfPage":{"@id":"https:\/\/www.beachspirit.fr\/bs\/produit\/coupe-vent-top-etanche-respirant-char-a-voile-kayak-bateau\/#primaryimage"},"image":{"@id":"https:\/\/www.beachspirit.fr\/bs\/produit\/coupe-vent-top-etanche-respirant-char-a-voile-kayak-bateau\/#primaryimage"},"thumbnailUrl":"https:\/\/www.beachspirit.fr\/bs\/wp-content\/uploads\/2021\/05\/coupe-vent-hip-tech.png","datePublished":"2021-05-22T11:14:14+00:00","dateModified":"2026-03-09T16:21:15+00:00","description":"Coupe vent top \u00e9tanche, respirant pour le char \u00e0 voile kayak, bateau. Nous avons s\u00e9lectionn\u00e9s ce Top (coupe vent) \u00e9tanche, respirant solide et confortable.","breadcrumb":{"@id":"https:\/\/www.beachspirit.fr\/bs\/produit\/coupe-vent-top-etanche-respirant-char-a-voile-kayak-bateau\/#breadcrumb"},"inLanguage":"fr-FR","potentialAction":[{"@type":"ReadAction","target":["https:\/\/www.beachspirit.fr\/bs\/produit\/coupe-vent-top-etanche-respirant-char-a-voile-kayak-bateau\/"]}]},{"@type":"ImageObject","inLanguage":"fr-FR","@id":"https:\/\/www.beachspirit.fr\/bs\/produit\/coupe-vent-top-etanche-respirant-char-a-voile-kayak-bateau\/#primaryimage","url":"https:\/\/www.beachspirit.fr\/bs\/wp-content\/uploads\/2021\/05\/coupe-vent-hip-tech.png","contentUrl":"https:\/\/www.beachspirit.fr\/bs\/wp-content\/uploads\/2021\/05\/coupe-vent-hip-tech.png","width":522,"height":655,"caption":"v\u00eatements techniques"},{"@type":"BreadcrumbList","@id":"https:\/\/www.beachspirit.fr\/bs\/produit\/coupe-vent-top-etanche-respirant-char-a-voile-kayak-bateau\/#breadcrumb","itemListElement":[{"@type":"ListItem","position":1,"name":"Accueil","item":"https:\/\/www.beachspirit.fr\/bs\/"},{"@type":"ListItem","position":2,"name":"Boutique","item":"https:\/\/www.beachspirit.fr\/bs\/boutique\/"},{"@type":"ListItem","position":3,"name":"Coupe vent HIPTECH Top \u00e9tanche respirants char \u00e0 voile kayak voile&#8230;"}]},{"@type":"WebSite","@id":"https:\/\/www.beachspirit.fr\/bs\/#website","url":"https:\/\/www.beachspirit.fr\/bs\/","name":"BEACH SPIRIT","description":"beach spirit approved","publisher":{"@id":"https:\/\/www.beachspirit.fr\/bs\/#organization"},"potentialAction":[{"@type":"SearchAction","target":{"@type":"EntryPoint","urlTemplate":"https:\/\/www.beachspirit.fr\/bs\/?s={search_term_string}"},"query-input":{"@type":"PropertyValueSpecification","valueRequired":true,"valueName":"search_term_string"}}],"inLanguage":"fr-FR"},{"@type":"Organization","@id":"https:\/\/www.beachspirit.fr\/bs\/#organization","name":"BEACH SPIRIT","url":"https:\/\/www.beachspirit.fr\/bs\/","logo":{"@type":"ImageObject","inLanguage":"fr-FR","@id":"https:\/\/www.beachspirit.fr\/bs\/#\/schema\/logo\/image\/","url":"http:\/\/www.beachspirit.fr\/bs\/wp-content\/uploads\/2020\/03\/logoBS-petit-2.png","contentUrl":"http:\/\/www.beachspirit.fr\/bs\/wp-content\/uploads\/2020\/03\/logoBS-petit-2.png","width":200,"height":117,"caption":"BEACH SPIRIT"},"image":{"@id":"https:\/\/www.beachspirit.fr\/bs\/#\/schema\/logo\/image\/"},"sameAs":["https:\/\/www.facebook.com\/beachspirit.fr\/","https:\/\/www.instagram.com\/beachspirit.fr\/"]}]}},"_links":{"self":[{"href":"https:\/\/www.beachspirit.fr\/bs\/wp-json\/wp\/v2\/product\/26372","targetHints":{"allow":["GET"]}}],"collection":[{"href":"https:\/\/www.beachspirit.fr\/bs\/wp-json\/wp\/v2\/product"}],"about":[{"href":"https:\/\/www.beachspirit.fr\/bs\/wp-json\/wp\/v2\/types\/product"}],"replies":[{"embeddable":true,"href":"https:\/\/www.beachspirit.fr\/bs\/wp-json\/wp\/v2\/comments?post=26372"}],"wp:featuredmedia":[{"embeddable":true,"href":"https:\/\/www.beachspirit.fr\/bs\/wp-json\/wp\/v2\/media\/26371"}],"wp:attachment":[{"href":"https:\/\/www.beachspirit.fr\/bs\/wp-json\/wp\/v2\/media?parent=26372"}],"wp:term":[{"taxonomy":"product_brand","embeddable":true,"href":"https:\/\/www.beachspirit.fr\/bs\/wp-json\/wp\/v2\/product_brand?post=26372"},{"taxonomy":"product_cat","embeddable":true,"href":"https:\/\/www.beachspirit.fr\/bs\/wp-json\/wp\/v2\/product_cat?post=26372"},{"taxonomy":"product_tag","embeddable":true,"href":"https:\/\/www.beachspirit.fr\/bs\/wp-json\/wp\/v2\/product_tag?post=26372"}],"curies":[{"name":"wp","href":"https:\/\/api.w.org\/{rel}","templated":true}]}}