{"id":26399,"date":"2021-05-25T11:14:09","date_gmt":"2021-05-25T10:14:09","guid":{"rendered":"https:\/\/www.beachspirit.fr\/bs\/?post_type=product&#038;p=26399"},"modified":"2026-04-05T12:06:00","modified_gmt":"2026-04-05T11:06:00","slug":"entretoise-de-reduction-de-20-a15mm-ou-12mm","status":"publish","type":"product","link":"https:\/\/www.beachspirit.fr\/bs\/produit\/entretoise-de-reduction-de-20-a15mm-ou-12mm\/","title":{"rendered":"Entretoise de r\u00e9duction de 20mm \u00e0 15-12-10mm"},"content":{"rendered":"<h3><span style=\"color: #ff6600;\">Entretoise de reduction en acier de \u00d820mm ext \u00e0 15-12-10mm int<\/span><\/h3>\n<ul>\n<li class=\"product-name\"><a href=\"https:\/\/fr.wikipedia.org\/wiki\/Entretoise#:~:text=Une%20entretoise%20est%20une%20pi%C3%A8ce,%2C%20m%C3%A9canique%2C%20%C3%A9lectronique%2C%20etc.\" target=\"_blank\" rel=\"noopener\">Entretoise<\/a><span style=\"color: #000000;\"> de r\u00e9duction en acier de \u00d820 mm ext\u00e9rieur <\/span><\/li>\n<li class=\"product-name\"><span style=\"color: #000000;\">\u00e9paisseur 2.5mm Longueur 75mm ( reduction de 20 \u00e0 15mm)<\/span><\/li>\n<li><span style=\"color: #000000;\">\u00e9paisseur 4mm Longueur 75mm ( reduction de 20 \u00e0 12mm)<\/span><\/li>\n<li>\u00e9paisseur 5mm mongueur 75mm (r\u00e9duction de 20 \u00e0 10mm)<\/li>\n<\/ul>\n<p><span style=\"color: #000000;\">Permet d&rsquo;utiliser des roues de 400 \u00ab\u00a0standard\u00a0\u00bb \u00e9quip\u00e9es de roulements de \u00d8 int 20mm (6204, 6304&#8230;) sur un axe de 15 ou 12mm<\/span><\/p>\n<p>&nbsp;<\/p>\n<p><span style=\"color: #000000;\">Pour tout renseignement<\/span> <a href=\"https:\/\/www.beachspirit.fr\/bs\/nous-contacter\/\" target=\"_blank\" rel=\"noopener\">contactez nous<\/a><\/p>\n","protected":false},"excerpt":{"rendered":"<h2><span style=\"color: #ff6600;\">Entretoise de reduction en acier de \u00d820mm ext et <\/span><span style=\"color: #ff6600;\">\u00d8<\/span><span style=\"color: #ff6600;\">15mm ou 12mm int<\/span><\/h2>\n<p><span style=\"color: #000000;\">Permet d&rsquo;utiliser des roues de 400 \u00ab\u00a0standard\u00a0\u00bb \u00e9quip\u00e9es de roulements de \u00d8 int 20mm (6204, 6304&#8230;) sur un axe de \u00d8 15, 12 ou 10mm<\/span><\/p>\n","protected":false},"featured_media":26400,"comment_status":"open","ping_status":"closed","template":"","meta":[],"product_brand":[],"product_cat":[547,549,361,562,550,22],"product_tag":[],"class_list":{"0":"post-26399","1":"product","2":"type-product","3":"status-publish","4":"has-post-thumbnail","6":"product_cat-chars-a-voile-classes-5-promo-standart-mini-loisir","7":"product_cat-articles-techniques-pour-kite-buggy","8":"product_cat-articles-techniques-voile-char-a-voile","9":"product_cat-roues-pneus-chambres-a-air","10":"product_cat-roulements-char-a-voile","11":"product_cat-roulements-roues-pneus-char-a-voile","12":"product_shipping_class-tarif-suivant-poids","14":"first","15":"onbackorder","16":"purchasable","17":"product-type-variable"},"yoast_head":"<!-- This site is optimized with the Yoast SEO plugin v27.5 - https:\/\/yoast.com\/product\/yoast-seo-wordpress\/ -->\n<title>Entretoise de r\u00e9duction de 20mm \u00e0 15-12-10mm - BEACH SPIRIT<\/title>\n<meta name=\"description\" content=\"cette entretoise de reduction Permet d&#039;utiliser des roues de 400 &quot;standard&quot; \u00e9quip\u00e9es de roulements 6204 sur axe de 15 ou 12mm\" \/>\n<meta name=\"robots\" content=\"index, follow, max-snippet:-1, max-image-preview:large, max-video-preview:-1\" \/>\n<link rel=\"canonical\" href=\"https:\/\/www.beachspirit.fr\/bs\/produit\/entretoise-de-reduction-de-20-a15mm-ou-12mm\/\" \/>\n<meta property=\"og:locale\" content=\"fr_FR\" \/>\n<meta property=\"og:type\" content=\"article\" \/>\n<meta property=\"og:title\" content=\"Entretoise de r\u00e9duction de 20mm \u00e0 15-12-10mm - BEACH SPIRIT\" \/>\n<meta property=\"og:description\" content=\"cette entretoise de reduction Permet d&#039;utiliser des roues de 400 &quot;standard&quot; \u00e9quip\u00e9es de roulements 6204 sur axe de 15 ou 12mm\" \/>\n<meta property=\"og:url\" content=\"https:\/\/www.beachspirit.fr\/bs\/produit\/entretoise-de-reduction-de-20-a15mm-ou-12mm\/\" \/>\n<meta property=\"og:site_name\" content=\"BEACH SPIRIT\" \/>\n<meta property=\"article:publisher\" content=\"https:\/\/www.facebook.com\/beachspirit.fr\/\" \/>\n<meta property=\"article:modified_time\" content=\"2026-04-05T11:06:00+00:00\" \/>\n<meta property=\"og:image\" content=\"https:\/\/www.beachspirit.fr\/bs\/wp-content\/uploads\/2021\/05\/190833480_818498295741882_2244753794722272593_n-scaled.jpg\" \/>\n\t<meta property=\"og:image:width\" content=\"2560\" \/>\n\t<meta property=\"og:image:height\" content=\"1920\" \/>\n\t<meta property=\"og:image:type\" content=\"image\/jpeg\" \/>\n<meta name=\"twitter:card\" content=\"summary_large_image\" \/>\n<meta name=\"twitter:label1\" content=\"Dur\u00e9e de lecture estim\u00e9e\" \/>\n\t<meta name=\"twitter:data1\" content=\"1 minute\" \/>\n<script type=\"application\/ld+json\" class=\"yoast-schema-graph\">{\"@context\":\"https:\\\/\\\/schema.org\",\"@graph\":[{\"@type\":\"WebPage\",\"@id\":\"https:\\\/\\\/www.beachspirit.fr\\\/bs\\\/produit\\\/entretoise-de-reduction-de-20-a15mm-ou-12mm\\\/\",\"url\":\"https:\\\/\\\/www.beachspirit.fr\\\/bs\\\/produit\\\/entretoise-de-reduction-de-20-a15mm-ou-12mm\\\/\",\"name\":\"Entretoise de r\u00e9duction de 20mm \u00e0 15-12-10mm - BEACH SPIRIT\",\"isPartOf\":{\"@id\":\"https:\\\/\\\/www.beachspirit.fr\\\/bs\\\/#website\"},\"primaryImageOfPage\":{\"@id\":\"https:\\\/\\\/www.beachspirit.fr\\\/bs\\\/produit\\\/entretoise-de-reduction-de-20-a15mm-ou-12mm\\\/#primaryimage\"},\"image\":{\"@id\":\"https:\\\/\\\/www.beachspirit.fr\\\/bs\\\/produit\\\/entretoise-de-reduction-de-20-a15mm-ou-12mm\\\/#primaryimage\"},\"thumbnailUrl\":\"https:\\\/\\\/www.beachspirit.fr\\\/bs\\\/wp-content\\\/uploads\\\/2021\\\/05\\\/190833480_818498295741882_2244753794722272593_n-scaled.jpg\",\"datePublished\":\"2021-05-25T10:14:09+00:00\",\"dateModified\":\"2026-04-05T11:06:00+00:00\",\"description\":\"cette entretoise de reduction Permet d'utiliser des roues de 400 \\\"standard\\\" \u00e9quip\u00e9es de roulements 6204 sur axe de 15 ou 12mm\",\"breadcrumb\":{\"@id\":\"https:\\\/\\\/www.beachspirit.fr\\\/bs\\\/produit\\\/entretoise-de-reduction-de-20-a15mm-ou-12mm\\\/#breadcrumb\"},\"inLanguage\":\"fr-FR\",\"potentialAction\":[{\"@type\":\"ReadAction\",\"target\":[\"https:\\\/\\\/www.beachspirit.fr\\\/bs\\\/produit\\\/entretoise-de-reduction-de-20-a15mm-ou-12mm\\\/\"]}]},{\"@type\":\"ImageObject\",\"inLanguage\":\"fr-FR\",\"@id\":\"https:\\\/\\\/www.beachspirit.fr\\\/bs\\\/produit\\\/entretoise-de-reduction-de-20-a15mm-ou-12mm\\\/#primaryimage\",\"url\":\"https:\\\/\\\/www.beachspirit.fr\\\/bs\\\/wp-content\\\/uploads\\\/2021\\\/05\\\/190833480_818498295741882_2244753794722272593_n-scaled.jpg\",\"contentUrl\":\"https:\\\/\\\/www.beachspirit.fr\\\/bs\\\/wp-content\\\/uploads\\\/2021\\\/05\\\/190833480_818498295741882_2244753794722272593_n-scaled.jpg\",\"width\":2560,\"height\":1920,\"caption\":\"entretoise de reduction\"},{\"@type\":\"BreadcrumbList\",\"@id\":\"https:\\\/\\\/www.beachspirit.fr\\\/bs\\\/produit\\\/entretoise-de-reduction-de-20-a15mm-ou-12mm\\\/#breadcrumb\",\"itemListElement\":[{\"@type\":\"ListItem\",\"position\":1,\"name\":\"Accueil\",\"item\":\"https:\\\/\\\/www.beachspirit.fr\\\/bs\\\/\"},{\"@type\":\"ListItem\",\"position\":2,\"name\":\"Boutique\",\"item\":\"https:\\\/\\\/www.beachspirit.fr\\\/bs\\\/boutique\\\/\"},{\"@type\":\"ListItem\",\"position\":3,\"name\":\"Entretoise de r\u00e9duction de 20mm \u00e0 15-12-10mm\"}]},{\"@type\":\"WebSite\",\"@id\":\"https:\\\/\\\/www.beachspirit.fr\\\/bs\\\/#website\",\"url\":\"https:\\\/\\\/www.beachspirit.fr\\\/bs\\\/\",\"name\":\"BEACH SPIRIT\",\"description\":\"beach spirit approved\",\"publisher\":{\"@id\":\"https:\\\/\\\/www.beachspirit.fr\\\/bs\\\/#organization\"},\"potentialAction\":[{\"@type\":\"SearchAction\",\"target\":{\"@type\":\"EntryPoint\",\"urlTemplate\":\"https:\\\/\\\/www.beachspirit.fr\\\/bs\\\/?s={search_term_string}\"},\"query-input\":{\"@type\":\"PropertyValueSpecification\",\"valueRequired\":true,\"valueName\":\"search_term_string\"}}],\"inLanguage\":\"fr-FR\"},{\"@type\":\"Organization\",\"@id\":\"https:\\\/\\\/www.beachspirit.fr\\\/bs\\\/#organization\",\"name\":\"BEACH SPIRIT\",\"url\":\"https:\\\/\\\/www.beachspirit.fr\\\/bs\\\/\",\"logo\":{\"@type\":\"ImageObject\",\"inLanguage\":\"fr-FR\",\"@id\":\"https:\\\/\\\/www.beachspirit.fr\\\/bs\\\/#\\\/schema\\\/logo\\\/image\\\/\",\"url\":\"http:\\\/\\\/www.beachspirit.fr\\\/bs\\\/wp-content\\\/uploads\\\/2020\\\/03\\\/logoBS-petit-2.png\",\"contentUrl\":\"http:\\\/\\\/www.beachspirit.fr\\\/bs\\\/wp-content\\\/uploads\\\/2020\\\/03\\\/logoBS-petit-2.png\",\"width\":200,\"height\":117,\"caption\":\"BEACH SPIRIT\"},\"image\":{\"@id\":\"https:\\\/\\\/www.beachspirit.fr\\\/bs\\\/#\\\/schema\\\/logo\\\/image\\\/\"},\"sameAs\":[\"https:\\\/\\\/www.facebook.com\\\/beachspirit.fr\\\/\",\"https:\\\/\\\/www.instagram.com\\\/beachspirit.fr\\\/\"]}]}<\/script>\n<!-- \/ Yoast SEO plugin. -->","yoast_head_json":{"title":"Entretoise de r\u00e9duction de 20mm \u00e0 15-12-10mm - BEACH SPIRIT","description":"cette entretoise de reduction Permet d'utiliser des roues de 400 \"standard\" \u00e9quip\u00e9es de roulements 6204 sur axe de 15 ou 12mm","robots":{"index":"index","follow":"follow","max-snippet":"max-snippet:-1","max-image-preview":"max-image-preview:large","max-video-preview":"max-video-preview:-1"},"canonical":"https:\/\/www.beachspirit.fr\/bs\/produit\/entretoise-de-reduction-de-20-a15mm-ou-12mm\/","og_locale":"fr_FR","og_type":"article","og_title":"Entretoise de r\u00e9duction de 20mm \u00e0 15-12-10mm - BEACH SPIRIT","og_description":"cette entretoise de reduction Permet d'utiliser des roues de 400 \"standard\" \u00e9quip\u00e9es de roulements 6204 sur axe de 15 ou 12mm","og_url":"https:\/\/www.beachspirit.fr\/bs\/produit\/entretoise-de-reduction-de-20-a15mm-ou-12mm\/","og_site_name":"BEACH SPIRIT","article_publisher":"https:\/\/www.facebook.com\/beachspirit.fr\/","article_modified_time":"2026-04-05T11:06:00+00:00","og_image":[{"width":2560,"height":1920,"url":"https:\/\/www.beachspirit.fr\/bs\/wp-content\/uploads\/2021\/05\/190833480_818498295741882_2244753794722272593_n-scaled.jpg","type":"image\/jpeg"}],"twitter_card":"summary_large_image","twitter_misc":{"Dur\u00e9e de lecture estim\u00e9e":"1 minute"},"schema":{"@context":"https:\/\/schema.org","@graph":[{"@type":"WebPage","@id":"https:\/\/www.beachspirit.fr\/bs\/produit\/entretoise-de-reduction-de-20-a15mm-ou-12mm\/","url":"https:\/\/www.beachspirit.fr\/bs\/produit\/entretoise-de-reduction-de-20-a15mm-ou-12mm\/","name":"Entretoise de r\u00e9duction de 20mm \u00e0 15-12-10mm - BEACH SPIRIT","isPartOf":{"@id":"https:\/\/www.beachspirit.fr\/bs\/#website"},"primaryImageOfPage":{"@id":"https:\/\/www.beachspirit.fr\/bs\/produit\/entretoise-de-reduction-de-20-a15mm-ou-12mm\/#primaryimage"},"image":{"@id":"https:\/\/www.beachspirit.fr\/bs\/produit\/entretoise-de-reduction-de-20-a15mm-ou-12mm\/#primaryimage"},"thumbnailUrl":"https:\/\/www.beachspirit.fr\/bs\/wp-content\/uploads\/2021\/05\/190833480_818498295741882_2244753794722272593_n-scaled.jpg","datePublished":"2021-05-25T10:14:09+00:00","dateModified":"2026-04-05T11:06:00+00:00","description":"cette entretoise de reduction Permet d'utiliser des roues de 400 \"standard\" \u00e9quip\u00e9es de roulements 6204 sur axe de 15 ou 12mm","breadcrumb":{"@id":"https:\/\/www.beachspirit.fr\/bs\/produit\/entretoise-de-reduction-de-20-a15mm-ou-12mm\/#breadcrumb"},"inLanguage":"fr-FR","potentialAction":[{"@type":"ReadAction","target":["https:\/\/www.beachspirit.fr\/bs\/produit\/entretoise-de-reduction-de-20-a15mm-ou-12mm\/"]}]},{"@type":"ImageObject","inLanguage":"fr-FR","@id":"https:\/\/www.beachspirit.fr\/bs\/produit\/entretoise-de-reduction-de-20-a15mm-ou-12mm\/#primaryimage","url":"https:\/\/www.beachspirit.fr\/bs\/wp-content\/uploads\/2021\/05\/190833480_818498295741882_2244753794722272593_n-scaled.jpg","contentUrl":"https:\/\/www.beachspirit.fr\/bs\/wp-content\/uploads\/2021\/05\/190833480_818498295741882_2244753794722272593_n-scaled.jpg","width":2560,"height":1920,"caption":"entretoise de reduction"},{"@type":"BreadcrumbList","@id":"https:\/\/www.beachspirit.fr\/bs\/produit\/entretoise-de-reduction-de-20-a15mm-ou-12mm\/#breadcrumb","itemListElement":[{"@type":"ListItem","position":1,"name":"Accueil","item":"https:\/\/www.beachspirit.fr\/bs\/"},{"@type":"ListItem","position":2,"name":"Boutique","item":"https:\/\/www.beachspirit.fr\/bs\/boutique\/"},{"@type":"ListItem","position":3,"name":"Entretoise de r\u00e9duction de 20mm \u00e0 15-12-10mm"}]},{"@type":"WebSite","@id":"https:\/\/www.beachspirit.fr\/bs\/#website","url":"https:\/\/www.beachspirit.fr\/bs\/","name":"BEACH SPIRIT","description":"beach spirit approved","publisher":{"@id":"https:\/\/www.beachspirit.fr\/bs\/#organization"},"potentialAction":[{"@type":"SearchAction","target":{"@type":"EntryPoint","urlTemplate":"https:\/\/www.beachspirit.fr\/bs\/?s={search_term_string}"},"query-input":{"@type":"PropertyValueSpecification","valueRequired":true,"valueName":"search_term_string"}}],"inLanguage":"fr-FR"},{"@type":"Organization","@id":"https:\/\/www.beachspirit.fr\/bs\/#organization","name":"BEACH SPIRIT","url":"https:\/\/www.beachspirit.fr\/bs\/","logo":{"@type":"ImageObject","inLanguage":"fr-FR","@id":"https:\/\/www.beachspirit.fr\/bs\/#\/schema\/logo\/image\/","url":"http:\/\/www.beachspirit.fr\/bs\/wp-content\/uploads\/2020\/03\/logoBS-petit-2.png","contentUrl":"http:\/\/www.beachspirit.fr\/bs\/wp-content\/uploads\/2020\/03\/logoBS-petit-2.png","width":200,"height":117,"caption":"BEACH SPIRIT"},"image":{"@id":"https:\/\/www.beachspirit.fr\/bs\/#\/schema\/logo\/image\/"},"sameAs":["https:\/\/www.facebook.com\/beachspirit.fr\/","https:\/\/www.instagram.com\/beachspirit.fr\/"]}]}},"_links":{"self":[{"href":"https:\/\/www.beachspirit.fr\/bs\/wp-json\/wp\/v2\/product\/26399","targetHints":{"allow":["GET"]}}],"collection":[{"href":"https:\/\/www.beachspirit.fr\/bs\/wp-json\/wp\/v2\/product"}],"about":[{"href":"https:\/\/www.beachspirit.fr\/bs\/wp-json\/wp\/v2\/types\/product"}],"replies":[{"embeddable":true,"href":"https:\/\/www.beachspirit.fr\/bs\/wp-json\/wp\/v2\/comments?post=26399"}],"wp:featuredmedia":[{"embeddable":true,"href":"https:\/\/www.beachspirit.fr\/bs\/wp-json\/wp\/v2\/media\/26400"}],"wp:attachment":[{"href":"https:\/\/www.beachspirit.fr\/bs\/wp-json\/wp\/v2\/media?parent=26399"}],"wp:term":[{"taxonomy":"product_brand","embeddable":true,"href":"https:\/\/www.beachspirit.fr\/bs\/wp-json\/wp\/v2\/product_brand?post=26399"},{"taxonomy":"product_cat","embeddable":true,"href":"https:\/\/www.beachspirit.fr\/bs\/wp-json\/wp\/v2\/product_cat?post=26399"},{"taxonomy":"product_tag","embeddable":true,"href":"https:\/\/www.beachspirit.fr\/bs\/wp-json\/wp\/v2\/product_tag?post=26399"}],"curies":[{"name":"wp","href":"https:\/\/api.w.org\/{rel}","templated":true}]}}