{"id":26406,"date":"2021-06-01T18:13:17","date_gmt":"2021-06-01T17:13:17","guid":{"rendered":"https:\/\/www.beachspirit.fr\/bs\/?post_type=product&#038;p=26406"},"modified":"2026-03-13T07:53:15","modified_gmt":"2026-03-13T06:53:15","slug":"pneu-char-a-voile-tubeless-4-80-8-veloce-v5501-2pr","status":"publish","type":"product","link":"https:\/\/www.beachspirit.fr\/bs\/produit\/pneu-char-a-voile-tubeless-4-80-8-veloce-v5501-2pr\/","title":{"rendered":"Pneu char \u00e0 voile comp\u00e9tition 4.80-8 Veloce V5501 4PR"},"content":{"rendered":"<h3><span style=\"color: #ff9900;\">Pneu char \u00e0 voile comp\u00e9tition\u00a0 4.80-8 Veloce V5501 4PR<\/span><\/h3>\n<ul>\n<li><span style=\"color: #000000;\">&#8211; Marque : V\u00e9loce (ou kingstire)<\/span><\/li>\n<li><span style=\"color: #000000;\">&#8211; Structure : diagonale<\/span><\/li>\n<\/ul>\n<ul>\n<li><span style=\"color: #000000;\">&#8211; TL \/ TT : montage possible sans chambre \u00e0 air ( tubeless) ; mais montage aussi possible avec chambre si souhait\u00e9 ou n\u00e9cessaire (jante non tubeless).<\/span><\/li>\n<li><span style=\"color: #000000;\">&#8211; Diam\u00e8tre total : 399 mm<\/span><\/li>\n<li><span style=\"color: #000000;\">&#8211; Section : 103 mm<\/span><\/li>\n<li><span style=\"color: #000000;\">&#8211; Capacit\u00e9 de charge maxi : 165 kgs<\/span><\/li>\n<li><span style=\"color: #000000;\">&#8211; pression de gonflage maxi : 2.10 bars<\/span><\/li>\n<li><span style=\"color: #000000;\">&#8211; Montage sur jante de : 3.75&#215;8 ou 2.50X8\u00a0<\/span><\/li>\n<\/ul>\n<p>&nbsp;<\/p>\n<p><span style=\"color: #000000;\">Pneu utilis\u00e9 en comp\u00e9tition en classe promo et miniyacht tr\u00e8s appr\u00e9ci\u00e9 pour sa souplesse et l\u00e9g\u00e8ret\u00e9.<\/span><\/p>\n<p><span style=\"color: #000000;\">Certains les rabotent pour plus de souplesse mais attention aux crevaisons \ud83d\ude09<\/span><\/p>\n<p><span style=\"color: #000000;\">Une question ? <\/span><a href=\"https:\/\/www.beachspirit.fr\/bs\/nous-contacter\/\" target=\"_blank\" rel=\"noopener noreferrer\">contactez nous<\/a><\/p>\n<p>&nbsp;<\/p>\n","protected":false},"excerpt":{"rendered":"<h2><span style=\"color: #ffcc00;\">Pneu char \u00e0 voile comp\u00e9tition 4.80-8 Veloce V5501 4PR<\/span><\/h2>\n<p>&nbsp;<\/p>\n","protected":false},"featured_media":26407,"comment_status":"open","ping_status":"closed","template":"","meta":[],"product_brand":[],"product_cat":[546,547,361,562,22],"product_tag":[],"class_list":{"0":"post-26406","1":"product","2":"type-product","3":"status-publish","4":"has-post-thumbnail","6":"product_cat-char-a-voile-classes-2-et-3","7":"product_cat-chars-a-voile-classes-5-promo-standart-mini-loisir","8":"product_cat-articles-techniques-voile-char-a-voile","9":"product_cat-roues-pneus-chambres-a-air","10":"product_cat-roulements-roues-pneus-char-a-voile","11":"product_shipping_class-tarif-suivant-poids","13":"first","14":"instock","15":"purchasable","16":"product-type-variable"},"yoast_head":"<!-- This site is optimized with the Yoast SEO plugin v27.5 - https:\/\/yoast.com\/product\/yoast-seo-wordpress\/ -->\n<title>Pneu char \u00e0 voile comp\u00e9tition 4.80-8 Veloce V5501 4PR BEACH SPIRIT<\/title>\n<meta name=\"description\" content=\"Pneu utilis\u00e9 en comp\u00e9tition en classe promo et mini 5.6 tr\u00e8s appr\u00e9ci\u00e9 pour sa souplesse et l\u00e9g\u00e8ret\u00e9.\" \/>\n<meta name=\"robots\" content=\"index, follow, max-snippet:-1, max-image-preview:large, max-video-preview:-1\" \/>\n<link rel=\"canonical\" href=\"https:\/\/www.beachspirit.fr\/bs\/produit\/pneu-char-a-voile-tubeless-4-80-8-veloce-v5501-2pr\/\" \/>\n<meta property=\"og:locale\" content=\"fr_FR\" \/>\n<meta property=\"og:type\" content=\"article\" \/>\n<meta property=\"og:title\" content=\"Pneu char \u00e0 voile comp\u00e9tition 4.80-8 Veloce V5501 4PR BEACH SPIRIT\" \/>\n<meta property=\"og:description\" content=\"Pneu utilis\u00e9 en comp\u00e9tition en classe promo et mini 5.6 tr\u00e8s appr\u00e9ci\u00e9 pour sa souplesse et l\u00e9g\u00e8ret\u00e9.\" \/>\n<meta property=\"og:url\" content=\"https:\/\/www.beachspirit.fr\/bs\/produit\/pneu-char-a-voile-tubeless-4-80-8-veloce-v5501-2pr\/\" \/>\n<meta property=\"og:site_name\" content=\"BEACH SPIRIT\" \/>\n<meta property=\"article:publisher\" content=\"https:\/\/www.facebook.com\/beachspirit.fr\/\" \/>\n<meta property=\"article:modified_time\" content=\"2026-03-13T06:53:15+00:00\" \/>\n<meta property=\"og:image\" content=\"https:\/\/www.beachspirit.fr\/bs\/wp-content\/uploads\/2021\/06\/pneu-veloce-2-ply-tL.jpg\" \/>\n\t<meta property=\"og:image:width\" content=\"265\" \/>\n\t<meta property=\"og:image:height\" content=\"265\" \/>\n\t<meta property=\"og:image:type\" content=\"image\/jpeg\" \/>\n<meta name=\"twitter:card\" content=\"summary_large_image\" \/>\n<meta name=\"twitter:label1\" content=\"Dur\u00e9e de lecture estim\u00e9e\" \/>\n\t<meta name=\"twitter:data1\" content=\"1 minute\" \/>\n<script type=\"application\/ld+json\" class=\"yoast-schema-graph\">{\"@context\":\"https:\\\/\\\/schema.org\",\"@graph\":[{\"@type\":\"WebPage\",\"@id\":\"https:\\\/\\\/www.beachspirit.fr\\\/bs\\\/produit\\\/pneu-char-a-voile-tubeless-4-80-8-veloce-v5501-2pr\\\/\",\"url\":\"https:\\\/\\\/www.beachspirit.fr\\\/bs\\\/produit\\\/pneu-char-a-voile-tubeless-4-80-8-veloce-v5501-2pr\\\/\",\"name\":\"Pneu char \u00e0 voile comp\u00e9tition 4.80-8 Veloce V5501 4PR BEACH SPIRIT\",\"isPartOf\":{\"@id\":\"https:\\\/\\\/www.beachspirit.fr\\\/bs\\\/#website\"},\"primaryImageOfPage\":{\"@id\":\"https:\\\/\\\/www.beachspirit.fr\\\/bs\\\/produit\\\/pneu-char-a-voile-tubeless-4-80-8-veloce-v5501-2pr\\\/#primaryimage\"},\"image\":{\"@id\":\"https:\\\/\\\/www.beachspirit.fr\\\/bs\\\/produit\\\/pneu-char-a-voile-tubeless-4-80-8-veloce-v5501-2pr\\\/#primaryimage\"},\"thumbnailUrl\":\"https:\\\/\\\/www.beachspirit.fr\\\/bs\\\/wp-content\\\/uploads\\\/2021\\\/06\\\/pneu-veloce-2-ply-tL.jpg\",\"datePublished\":\"2021-06-01T17:13:17+00:00\",\"dateModified\":\"2026-03-13T06:53:15+00:00\",\"description\":\"Pneu utilis\u00e9 en comp\u00e9tition en classe promo et mini 5.6 tr\u00e8s appr\u00e9ci\u00e9 pour sa souplesse et l\u00e9g\u00e8ret\u00e9.\",\"breadcrumb\":{\"@id\":\"https:\\\/\\\/www.beachspirit.fr\\\/bs\\\/produit\\\/pneu-char-a-voile-tubeless-4-80-8-veloce-v5501-2pr\\\/#breadcrumb\"},\"inLanguage\":\"fr-FR\",\"potentialAction\":[{\"@type\":\"ReadAction\",\"target\":[\"https:\\\/\\\/www.beachspirit.fr\\\/bs\\\/produit\\\/pneu-char-a-voile-tubeless-4-80-8-veloce-v5501-2pr\\\/\"]}]},{\"@type\":\"ImageObject\",\"inLanguage\":\"fr-FR\",\"@id\":\"https:\\\/\\\/www.beachspirit.fr\\\/bs\\\/produit\\\/pneu-char-a-voile-tubeless-4-80-8-veloce-v5501-2pr\\\/#primaryimage\",\"url\":\"https:\\\/\\\/www.beachspirit.fr\\\/bs\\\/wp-content\\\/uploads\\\/2021\\\/06\\\/pneu-veloce-2-ply-tL.jpg\",\"contentUrl\":\"https:\\\/\\\/www.beachspirit.fr\\\/bs\\\/wp-content\\\/uploads\\\/2021\\\/06\\\/pneu-veloce-2-ply-tL.jpg\",\"width\":265,\"height\":265,\"caption\":\"pneus 4.80-8 VELOCE 4PR COMPETTITION\"},{\"@type\":\"BreadcrumbList\",\"@id\":\"https:\\\/\\\/www.beachspirit.fr\\\/bs\\\/produit\\\/pneu-char-a-voile-tubeless-4-80-8-veloce-v5501-2pr\\\/#breadcrumb\",\"itemListElement\":[{\"@type\":\"ListItem\",\"position\":1,\"name\":\"Accueil\",\"item\":\"https:\\\/\\\/www.beachspirit.fr\\\/bs\\\/\"},{\"@type\":\"ListItem\",\"position\":2,\"name\":\"Boutique\",\"item\":\"https:\\\/\\\/www.beachspirit.fr\\\/bs\\\/boutique\\\/\"},{\"@type\":\"ListItem\",\"position\":3,\"name\":\"Pneu char \u00e0 voile comp\u00e9tition 4.80-8 Veloce V5501 4PR\"}]},{\"@type\":\"WebSite\",\"@id\":\"https:\\\/\\\/www.beachspirit.fr\\\/bs\\\/#website\",\"url\":\"https:\\\/\\\/www.beachspirit.fr\\\/bs\\\/\",\"name\":\"BEACH SPIRIT\",\"description\":\"beach spirit approved\",\"publisher\":{\"@id\":\"https:\\\/\\\/www.beachspirit.fr\\\/bs\\\/#organization\"},\"potentialAction\":[{\"@type\":\"SearchAction\",\"target\":{\"@type\":\"EntryPoint\",\"urlTemplate\":\"https:\\\/\\\/www.beachspirit.fr\\\/bs\\\/?s={search_term_string}\"},\"query-input\":{\"@type\":\"PropertyValueSpecification\",\"valueRequired\":true,\"valueName\":\"search_term_string\"}}],\"inLanguage\":\"fr-FR\"},{\"@type\":\"Organization\",\"@id\":\"https:\\\/\\\/www.beachspirit.fr\\\/bs\\\/#organization\",\"name\":\"BEACH SPIRIT\",\"url\":\"https:\\\/\\\/www.beachspirit.fr\\\/bs\\\/\",\"logo\":{\"@type\":\"ImageObject\",\"inLanguage\":\"fr-FR\",\"@id\":\"https:\\\/\\\/www.beachspirit.fr\\\/bs\\\/#\\\/schema\\\/logo\\\/image\\\/\",\"url\":\"http:\\\/\\\/www.beachspirit.fr\\\/bs\\\/wp-content\\\/uploads\\\/2020\\\/03\\\/logoBS-petit-2.png\",\"contentUrl\":\"http:\\\/\\\/www.beachspirit.fr\\\/bs\\\/wp-content\\\/uploads\\\/2020\\\/03\\\/logoBS-petit-2.png\",\"width\":200,\"height\":117,\"caption\":\"BEACH SPIRIT\"},\"image\":{\"@id\":\"https:\\\/\\\/www.beachspirit.fr\\\/bs\\\/#\\\/schema\\\/logo\\\/image\\\/\"},\"sameAs\":[\"https:\\\/\\\/www.facebook.com\\\/beachspirit.fr\\\/\",\"https:\\\/\\\/www.instagram.com\\\/beachspirit.fr\\\/\"]}]}<\/script>\n<!-- \/ Yoast SEO plugin. -->","yoast_head_json":{"title":"Pneu char \u00e0 voile comp\u00e9tition 4.80-8 Veloce V5501 4PR BEACH SPIRIT","description":"Pneu utilis\u00e9 en comp\u00e9tition en classe promo et mini 5.6 tr\u00e8s appr\u00e9ci\u00e9 pour sa souplesse et l\u00e9g\u00e8ret\u00e9.","robots":{"index":"index","follow":"follow","max-snippet":"max-snippet:-1","max-image-preview":"max-image-preview:large","max-video-preview":"max-video-preview:-1"},"canonical":"https:\/\/www.beachspirit.fr\/bs\/produit\/pneu-char-a-voile-tubeless-4-80-8-veloce-v5501-2pr\/","og_locale":"fr_FR","og_type":"article","og_title":"Pneu char \u00e0 voile comp\u00e9tition 4.80-8 Veloce V5501 4PR BEACH SPIRIT","og_description":"Pneu utilis\u00e9 en comp\u00e9tition en classe promo et mini 5.6 tr\u00e8s appr\u00e9ci\u00e9 pour sa souplesse et l\u00e9g\u00e8ret\u00e9.","og_url":"https:\/\/www.beachspirit.fr\/bs\/produit\/pneu-char-a-voile-tubeless-4-80-8-veloce-v5501-2pr\/","og_site_name":"BEACH SPIRIT","article_publisher":"https:\/\/www.facebook.com\/beachspirit.fr\/","article_modified_time":"2026-03-13T06:53:15+00:00","og_image":[{"width":265,"height":265,"url":"https:\/\/www.beachspirit.fr\/bs\/wp-content\/uploads\/2021\/06\/pneu-veloce-2-ply-tL.jpg","type":"image\/jpeg"}],"twitter_card":"summary_large_image","twitter_misc":{"Dur\u00e9e de lecture estim\u00e9e":"1 minute"},"schema":{"@context":"https:\/\/schema.org","@graph":[{"@type":"WebPage","@id":"https:\/\/www.beachspirit.fr\/bs\/produit\/pneu-char-a-voile-tubeless-4-80-8-veloce-v5501-2pr\/","url":"https:\/\/www.beachspirit.fr\/bs\/produit\/pneu-char-a-voile-tubeless-4-80-8-veloce-v5501-2pr\/","name":"Pneu char \u00e0 voile comp\u00e9tition 4.80-8 Veloce V5501 4PR BEACH SPIRIT","isPartOf":{"@id":"https:\/\/www.beachspirit.fr\/bs\/#website"},"primaryImageOfPage":{"@id":"https:\/\/www.beachspirit.fr\/bs\/produit\/pneu-char-a-voile-tubeless-4-80-8-veloce-v5501-2pr\/#primaryimage"},"image":{"@id":"https:\/\/www.beachspirit.fr\/bs\/produit\/pneu-char-a-voile-tubeless-4-80-8-veloce-v5501-2pr\/#primaryimage"},"thumbnailUrl":"https:\/\/www.beachspirit.fr\/bs\/wp-content\/uploads\/2021\/06\/pneu-veloce-2-ply-tL.jpg","datePublished":"2021-06-01T17:13:17+00:00","dateModified":"2026-03-13T06:53:15+00:00","description":"Pneu utilis\u00e9 en comp\u00e9tition en classe promo et mini 5.6 tr\u00e8s appr\u00e9ci\u00e9 pour sa souplesse et l\u00e9g\u00e8ret\u00e9.","breadcrumb":{"@id":"https:\/\/www.beachspirit.fr\/bs\/produit\/pneu-char-a-voile-tubeless-4-80-8-veloce-v5501-2pr\/#breadcrumb"},"inLanguage":"fr-FR","potentialAction":[{"@type":"ReadAction","target":["https:\/\/www.beachspirit.fr\/bs\/produit\/pneu-char-a-voile-tubeless-4-80-8-veloce-v5501-2pr\/"]}]},{"@type":"ImageObject","inLanguage":"fr-FR","@id":"https:\/\/www.beachspirit.fr\/bs\/produit\/pneu-char-a-voile-tubeless-4-80-8-veloce-v5501-2pr\/#primaryimage","url":"https:\/\/www.beachspirit.fr\/bs\/wp-content\/uploads\/2021\/06\/pneu-veloce-2-ply-tL.jpg","contentUrl":"https:\/\/www.beachspirit.fr\/bs\/wp-content\/uploads\/2021\/06\/pneu-veloce-2-ply-tL.jpg","width":265,"height":265,"caption":"pneus 4.80-8 VELOCE 4PR COMPETTITION"},{"@type":"BreadcrumbList","@id":"https:\/\/www.beachspirit.fr\/bs\/produit\/pneu-char-a-voile-tubeless-4-80-8-veloce-v5501-2pr\/#breadcrumb","itemListElement":[{"@type":"ListItem","position":1,"name":"Accueil","item":"https:\/\/www.beachspirit.fr\/bs\/"},{"@type":"ListItem","position":2,"name":"Boutique","item":"https:\/\/www.beachspirit.fr\/bs\/boutique\/"},{"@type":"ListItem","position":3,"name":"Pneu char \u00e0 voile comp\u00e9tition 4.80-8 Veloce V5501 4PR"}]},{"@type":"WebSite","@id":"https:\/\/www.beachspirit.fr\/bs\/#website","url":"https:\/\/www.beachspirit.fr\/bs\/","name":"BEACH SPIRIT","description":"beach spirit approved","publisher":{"@id":"https:\/\/www.beachspirit.fr\/bs\/#organization"},"potentialAction":[{"@type":"SearchAction","target":{"@type":"EntryPoint","urlTemplate":"https:\/\/www.beachspirit.fr\/bs\/?s={search_term_string}"},"query-input":{"@type":"PropertyValueSpecification","valueRequired":true,"valueName":"search_term_string"}}],"inLanguage":"fr-FR"},{"@type":"Organization","@id":"https:\/\/www.beachspirit.fr\/bs\/#organization","name":"BEACH SPIRIT","url":"https:\/\/www.beachspirit.fr\/bs\/","logo":{"@type":"ImageObject","inLanguage":"fr-FR","@id":"https:\/\/www.beachspirit.fr\/bs\/#\/schema\/logo\/image\/","url":"http:\/\/www.beachspirit.fr\/bs\/wp-content\/uploads\/2020\/03\/logoBS-petit-2.png","contentUrl":"http:\/\/www.beachspirit.fr\/bs\/wp-content\/uploads\/2020\/03\/logoBS-petit-2.png","width":200,"height":117,"caption":"BEACH SPIRIT"},"image":{"@id":"https:\/\/www.beachspirit.fr\/bs\/#\/schema\/logo\/image\/"},"sameAs":["https:\/\/www.facebook.com\/beachspirit.fr\/","https:\/\/www.instagram.com\/beachspirit.fr\/"]}]}},"_links":{"self":[{"href":"https:\/\/www.beachspirit.fr\/bs\/wp-json\/wp\/v2\/product\/26406","targetHints":{"allow":["GET"]}}],"collection":[{"href":"https:\/\/www.beachspirit.fr\/bs\/wp-json\/wp\/v2\/product"}],"about":[{"href":"https:\/\/www.beachspirit.fr\/bs\/wp-json\/wp\/v2\/types\/product"}],"replies":[{"embeddable":true,"href":"https:\/\/www.beachspirit.fr\/bs\/wp-json\/wp\/v2\/comments?post=26406"}],"wp:featuredmedia":[{"embeddable":true,"href":"https:\/\/www.beachspirit.fr\/bs\/wp-json\/wp\/v2\/media\/26407"}],"wp:attachment":[{"href":"https:\/\/www.beachspirit.fr\/bs\/wp-json\/wp\/v2\/media?parent=26406"}],"wp:term":[{"taxonomy":"product_brand","embeddable":true,"href":"https:\/\/www.beachspirit.fr\/bs\/wp-json\/wp\/v2\/product_brand?post=26406"},{"taxonomy":"product_cat","embeddable":true,"href":"https:\/\/www.beachspirit.fr\/bs\/wp-json\/wp\/v2\/product_cat?post=26406"},{"taxonomy":"product_tag","embeddable":true,"href":"https:\/\/www.beachspirit.fr\/bs\/wp-json\/wp\/v2\/product_tag?post=26406"}],"curies":[{"name":"wp","href":"https:\/\/api.w.org\/{rel}","templated":true}]}}