{"id":26533,"date":"2021-07-09T10:51:18","date_gmt":"2021-07-09T09:51:18","guid":{"rendered":"https:\/\/www.beachspirit.fr\/bs\/?post_type=product&#038;p=26533"},"modified":"2025-01-14T18:36:12","modified_gmt":"2025-01-14T17:36:12","slug":"poulies-triple-57mm-harken-carbo-air","status":"publish","type":"product","link":"https:\/\/www.beachspirit.fr\/bs\/produit\/poulies-triple-57mm-harken-carbo-air\/","title":{"rendered":"Poulies triple 57mm HARKEN Carbo air ref 2604"},"content":{"rendered":"<h3><span style=\"color: #ff9900;\">Poulies triple 57mm HARKEN Carbo air<\/span><\/h3>\n<ul>\n<li><strong><span style=\"color: #ffff00;\">poulies triples<\/span><\/strong><span style=\"color: #ffff00;\"> de diam 57mm \u00e9vid\u00e9es au centre (permettant d&rsquo;attacher l&rsquo;\u00e9coute) \u00e0 billes en delrin et bloc\u00a0 composite avec \u00e9merillon blocable de marque HARKEN (ref 2604)<\/span><\/li>\n<li><span style=\"color: #ffff00;\">Les poulies Carbo Air \u00e0 faible coefficient de friction sont l\u00e9g\u00e8res, robustes, fiables. Ces petites poulies compactes ont une charge de travail tr\u00e8s \u00e9lev\u00e9e pour garantir un r\u00e9glage s\u00fbr et facile.<\/span><\/li>\n<li><span style=\"color: #ffff00;\">Les joues l\u00e9g\u00e8res en r\u00e9sine Nylon, fortement satur\u00e9es de fibres de verre, remplacent les lattes en acier inox des poulies Classic. R\u00e9sine renforc\u00e9e de fibres de verre pour une r\u00e9sistance \u00e9lev\u00e9e.<\/span><\/li>\n<li>\n<div class=\"row_specs_l\">\n<div class=\"spec\"><span style=\"color: #ffff00;\"><span class=\"label\">\u00d8 du r\u00e9a (mm)<\/span>57 mm<\/span><\/div>\n<div class=\"spec\"><span style=\"color: #ffff00;\"><span class=\"label\">\u00d8 cordage maxi (mm)<\/span>10 mm<\/span><\/div>\n<\/div>\n<div class=\"row_specs_r\">\n<div class=\"spec\"><span style=\"color: #ffff00;\"><span class=\"label\">Charge de travail maximale (kg)<\/span>1080 kg<\/span><\/div>\n<\/div>\n<\/li>\n<\/ul>\n<p><span style=\"color: #ffff00;\">Test\u00e9es et approuv\u00e9s en comp\u00e9tition, ces poulies d&rsquo;une excellente qualit\u00e9 sont id\u00e9ales pour palan de catamaran de sport et chars \u00e0 voile de comp\u00e9tition<\/span><\/p>\n<p>&nbsp;<\/p>\n<p><span style=\"color: #ffff00;\">Vous cherchez un produit sp\u00e9cifique ::<\/span><\/p>\n<p><a href=\"https:\/\/www.harken.fr\/\" target=\"_blank\" rel=\"noopener\">https:\/\/www.harken.fr\/<\/a><\/p>\n<p><span style=\"color: #ffff00;\">et n&rsquo;h\u00e9sitez pas \u00e0 nous<\/span> <a href=\"https:\/\/www.beachspirit.fr\/bs\/nous-contacter\/\" target=\"_blank\" rel=\"noopener noreferrer\">contacter<\/a><\/p>\n","protected":false},"excerpt":{"rendered":"<h2><span style=\"color: #ff9900;\">Poulies triple 57mm HARKEN Carbo air<\/span><\/h2>\n","protected":false},"featured_media":26535,"comment_status":"open","ping_status":"closed","template":"","meta":[],"product_brand":[],"product_cat":[18,546,547,361],"product_tag":[],"class_list":{"0":"post-26533","1":"product","2":"type-product","3":"status-publish","4":"has-post-thumbnail","6":"product_cat-accastillage-poulies-voile-char-a-voile-bateau","7":"product_cat-char-a-voile-classes-2-et-3","8":"product_cat-chars-a-voile-classes-5-promo-standart-mini-loisir","9":"product_cat-articles-techniques-voile-char-a-voile","10":"product_shipping_class-tarif-suivant-poids","12":"first","13":"instock","14":"purchasable","15":"product-type-simple"},"yoast_head":"<!-- This site is optimized with the Yoast SEO plugin v27.5 - https:\/\/yoast.com\/product\/yoast-seo-wordpress\/ -->\n<title>- Poulies triple 57mm HARKEN Carbo air ref 2604 - BEACH SPIRIT<\/title>\n<meta name=\"description\" content=\"Les poulies Harken Carbo Air \u00e0 faible coefficient de friction sont l\u00e9g\u00e8res, robustes et fiables. Test\u00e9es et approuv\u00e9s en comp\u00e9tition, ces poulies d&#039;une excellente qualit\u00e9\u00a0 sont id\u00e9ales pour palan de catamaran de sport et chars \u00e0 voile\" \/>\n<meta name=\"robots\" content=\"index, follow, max-snippet:-1, max-image-preview:large, max-video-preview:-1\" \/>\n<link rel=\"canonical\" href=\"https:\/\/www.beachspirit.fr\/bs\/produit\/poulies-triple-57mm-harken-carbo-air\/\" \/>\n<meta property=\"og:locale\" content=\"fr_FR\" \/>\n<meta property=\"og:type\" content=\"article\" \/>\n<meta property=\"og:title\" content=\"- Poulies triple 57mm HARKEN Carbo air ref 2604 - BEACH SPIRIT\" \/>\n<meta property=\"og:description\" content=\"Les poulies Harken Carbo Air \u00e0 faible coefficient de friction sont l\u00e9g\u00e8res, robustes et fiables. Test\u00e9es et approuv\u00e9s en comp\u00e9tition, ces poulies d&#039;une excellente qualit\u00e9\u00a0 sont id\u00e9ales pour palan de catamaran de sport et chars \u00e0 voile\" \/>\n<meta property=\"og:url\" content=\"https:\/\/www.beachspirit.fr\/bs\/produit\/poulies-triple-57mm-harken-carbo-air\/\" \/>\n<meta property=\"og:site_name\" content=\"BEACH SPIRIT\" \/>\n<meta property=\"article:publisher\" content=\"https:\/\/www.facebook.com\/beachspirit.fr\/\" \/>\n<meta property=\"article:modified_time\" content=\"2025-01-14T17:36:12+00:00\" \/>\n<meta property=\"og:image\" content=\"https:\/\/www.beachspirit.fr\/bs\/wp-content\/uploads\/2021\/07\/poulie-carbo-triple-57-mm.jpg\" \/>\n\t<meta property=\"og:image:width\" content=\"458\" \/>\n\t<meta property=\"og:image:height\" content=\"458\" \/>\n\t<meta property=\"og:image:type\" content=\"image\/jpeg\" \/>\n<meta name=\"twitter:card\" content=\"summary_large_image\" \/>\n<meta name=\"twitter:label1\" content=\"Dur\u00e9e de lecture estim\u00e9e\" \/>\n\t<meta name=\"twitter:data1\" content=\"1 minute\" \/>\n<script type=\"application\/ld+json\" class=\"yoast-schema-graph\">{\"@context\":\"https:\\\/\\\/schema.org\",\"@graph\":[{\"@type\":\"WebPage\",\"@id\":\"https:\\\/\\\/www.beachspirit.fr\\\/bs\\\/produit\\\/poulies-triple-57mm-harken-carbo-air\\\/\",\"url\":\"https:\\\/\\\/www.beachspirit.fr\\\/bs\\\/produit\\\/poulies-triple-57mm-harken-carbo-air\\\/\",\"name\":\"- Poulies triple 57mm HARKEN Carbo air ref 2604 - BEACH SPIRIT\",\"isPartOf\":{\"@id\":\"https:\\\/\\\/www.beachspirit.fr\\\/bs\\\/#website\"},\"primaryImageOfPage\":{\"@id\":\"https:\\\/\\\/www.beachspirit.fr\\\/bs\\\/produit\\\/poulies-triple-57mm-harken-carbo-air\\\/#primaryimage\"},\"image\":{\"@id\":\"https:\\\/\\\/www.beachspirit.fr\\\/bs\\\/produit\\\/poulies-triple-57mm-harken-carbo-air\\\/#primaryimage\"},\"thumbnailUrl\":\"https:\\\/\\\/www.beachspirit.fr\\\/bs\\\/wp-content\\\/uploads\\\/2021\\\/07\\\/poulie-carbo-triple-57-mm.jpg\",\"datePublished\":\"2021-07-09T09:51:18+00:00\",\"dateModified\":\"2025-01-14T17:36:12+00:00\",\"description\":\"Les poulies Harken Carbo Air \u00e0 faible coefficient de friction sont l\u00e9g\u00e8res, robustes et fiables. Test\u00e9es et approuv\u00e9s en comp\u00e9tition, ces poulies d'une excellente qualit\u00e9\u00a0 sont id\u00e9ales pour palan de catamaran de sport et chars \u00e0 voile\",\"breadcrumb\":{\"@id\":\"https:\\\/\\\/www.beachspirit.fr\\\/bs\\\/produit\\\/poulies-triple-57mm-harken-carbo-air\\\/#breadcrumb\"},\"inLanguage\":\"fr-FR\",\"potentialAction\":[{\"@type\":\"ReadAction\",\"target\":[\"https:\\\/\\\/www.beachspirit.fr\\\/bs\\\/produit\\\/poulies-triple-57mm-harken-carbo-air\\\/\"]}]},{\"@type\":\"ImageObject\",\"inLanguage\":\"fr-FR\",\"@id\":\"https:\\\/\\\/www.beachspirit.fr\\\/bs\\\/produit\\\/poulies-triple-57mm-harken-carbo-air\\\/#primaryimage\",\"url\":\"https:\\\/\\\/www.beachspirit.fr\\\/bs\\\/wp-content\\\/uploads\\\/2021\\\/07\\\/poulie-carbo-triple-57-mm.jpg\",\"contentUrl\":\"https:\\\/\\\/www.beachspirit.fr\\\/bs\\\/wp-content\\\/uploads\\\/2021\\\/07\\\/poulie-carbo-triple-57-mm.jpg\",\"width\":458,\"height\":458,\"caption\":\"poulies triple harken 57mm char a voile\"},{\"@type\":\"BreadcrumbList\",\"@id\":\"https:\\\/\\\/www.beachspirit.fr\\\/bs\\\/produit\\\/poulies-triple-57mm-harken-carbo-air\\\/#breadcrumb\",\"itemListElement\":[{\"@type\":\"ListItem\",\"position\":1,\"name\":\"Accueil\",\"item\":\"https:\\\/\\\/www.beachspirit.fr\\\/bs\\\/\"},{\"@type\":\"ListItem\",\"position\":2,\"name\":\"Boutique\",\"item\":\"https:\\\/\\\/www.beachspirit.fr\\\/bs\\\/boutique\\\/\"},{\"@type\":\"ListItem\",\"position\":3,\"name\":\"Poulies triple 57mm HARKEN Carbo air ref 2604\"}]},{\"@type\":\"WebSite\",\"@id\":\"https:\\\/\\\/www.beachspirit.fr\\\/bs\\\/#website\",\"url\":\"https:\\\/\\\/www.beachspirit.fr\\\/bs\\\/\",\"name\":\"BEACH SPIRIT\",\"description\":\"beach spirit approved\",\"publisher\":{\"@id\":\"https:\\\/\\\/www.beachspirit.fr\\\/bs\\\/#organization\"},\"potentialAction\":[{\"@type\":\"SearchAction\",\"target\":{\"@type\":\"EntryPoint\",\"urlTemplate\":\"https:\\\/\\\/www.beachspirit.fr\\\/bs\\\/?s={search_term_string}\"},\"query-input\":{\"@type\":\"PropertyValueSpecification\",\"valueRequired\":true,\"valueName\":\"search_term_string\"}}],\"inLanguage\":\"fr-FR\"},{\"@type\":\"Organization\",\"@id\":\"https:\\\/\\\/www.beachspirit.fr\\\/bs\\\/#organization\",\"name\":\"BEACH SPIRIT\",\"url\":\"https:\\\/\\\/www.beachspirit.fr\\\/bs\\\/\",\"logo\":{\"@type\":\"ImageObject\",\"inLanguage\":\"fr-FR\",\"@id\":\"https:\\\/\\\/www.beachspirit.fr\\\/bs\\\/#\\\/schema\\\/logo\\\/image\\\/\",\"url\":\"http:\\\/\\\/www.beachspirit.fr\\\/bs\\\/wp-content\\\/uploads\\\/2020\\\/03\\\/logoBS-petit-2.png\",\"contentUrl\":\"http:\\\/\\\/www.beachspirit.fr\\\/bs\\\/wp-content\\\/uploads\\\/2020\\\/03\\\/logoBS-petit-2.png\",\"width\":200,\"height\":117,\"caption\":\"BEACH SPIRIT\"},\"image\":{\"@id\":\"https:\\\/\\\/www.beachspirit.fr\\\/bs\\\/#\\\/schema\\\/logo\\\/image\\\/\"},\"sameAs\":[\"https:\\\/\\\/www.facebook.com\\\/beachspirit.fr\\\/\",\"https:\\\/\\\/www.instagram.com\\\/beachspirit.fr\\\/\"]}]}<\/script>\n<!-- \/ Yoast SEO plugin. -->","yoast_head_json":{"title":"- Poulies triple 57mm HARKEN Carbo air ref 2604 - BEACH SPIRIT","description":"Les poulies Harken Carbo Air \u00e0 faible coefficient de friction sont l\u00e9g\u00e8res, robustes et fiables. Test\u00e9es et approuv\u00e9s en comp\u00e9tition, ces poulies d'une excellente qualit\u00e9\u00a0 sont id\u00e9ales pour palan de catamaran de sport et chars \u00e0 voile","robots":{"index":"index","follow":"follow","max-snippet":"max-snippet:-1","max-image-preview":"max-image-preview:large","max-video-preview":"max-video-preview:-1"},"canonical":"https:\/\/www.beachspirit.fr\/bs\/produit\/poulies-triple-57mm-harken-carbo-air\/","og_locale":"fr_FR","og_type":"article","og_title":"- Poulies triple 57mm HARKEN Carbo air ref 2604 - BEACH SPIRIT","og_description":"Les poulies Harken Carbo Air \u00e0 faible coefficient de friction sont l\u00e9g\u00e8res, robustes et fiables. Test\u00e9es et approuv\u00e9s en comp\u00e9tition, ces poulies d'une excellente qualit\u00e9\u00a0 sont id\u00e9ales pour palan de catamaran de sport et chars \u00e0 voile","og_url":"https:\/\/www.beachspirit.fr\/bs\/produit\/poulies-triple-57mm-harken-carbo-air\/","og_site_name":"BEACH SPIRIT","article_publisher":"https:\/\/www.facebook.com\/beachspirit.fr\/","article_modified_time":"2025-01-14T17:36:12+00:00","og_image":[{"width":458,"height":458,"url":"https:\/\/www.beachspirit.fr\/bs\/wp-content\/uploads\/2021\/07\/poulie-carbo-triple-57-mm.jpg","type":"image\/jpeg"}],"twitter_card":"summary_large_image","twitter_misc":{"Dur\u00e9e de lecture estim\u00e9e":"1 minute"},"schema":{"@context":"https:\/\/schema.org","@graph":[{"@type":"WebPage","@id":"https:\/\/www.beachspirit.fr\/bs\/produit\/poulies-triple-57mm-harken-carbo-air\/","url":"https:\/\/www.beachspirit.fr\/bs\/produit\/poulies-triple-57mm-harken-carbo-air\/","name":"- Poulies triple 57mm HARKEN Carbo air ref 2604 - BEACH SPIRIT","isPartOf":{"@id":"https:\/\/www.beachspirit.fr\/bs\/#website"},"primaryImageOfPage":{"@id":"https:\/\/www.beachspirit.fr\/bs\/produit\/poulies-triple-57mm-harken-carbo-air\/#primaryimage"},"image":{"@id":"https:\/\/www.beachspirit.fr\/bs\/produit\/poulies-triple-57mm-harken-carbo-air\/#primaryimage"},"thumbnailUrl":"https:\/\/www.beachspirit.fr\/bs\/wp-content\/uploads\/2021\/07\/poulie-carbo-triple-57-mm.jpg","datePublished":"2021-07-09T09:51:18+00:00","dateModified":"2025-01-14T17:36:12+00:00","description":"Les poulies Harken Carbo Air \u00e0 faible coefficient de friction sont l\u00e9g\u00e8res, robustes et fiables. Test\u00e9es et approuv\u00e9s en comp\u00e9tition, ces poulies d'une excellente qualit\u00e9\u00a0 sont id\u00e9ales pour palan de catamaran de sport et chars \u00e0 voile","breadcrumb":{"@id":"https:\/\/www.beachspirit.fr\/bs\/produit\/poulies-triple-57mm-harken-carbo-air\/#breadcrumb"},"inLanguage":"fr-FR","potentialAction":[{"@type":"ReadAction","target":["https:\/\/www.beachspirit.fr\/bs\/produit\/poulies-triple-57mm-harken-carbo-air\/"]}]},{"@type":"ImageObject","inLanguage":"fr-FR","@id":"https:\/\/www.beachspirit.fr\/bs\/produit\/poulies-triple-57mm-harken-carbo-air\/#primaryimage","url":"https:\/\/www.beachspirit.fr\/bs\/wp-content\/uploads\/2021\/07\/poulie-carbo-triple-57-mm.jpg","contentUrl":"https:\/\/www.beachspirit.fr\/bs\/wp-content\/uploads\/2021\/07\/poulie-carbo-triple-57-mm.jpg","width":458,"height":458,"caption":"poulies triple harken 57mm char a voile"},{"@type":"BreadcrumbList","@id":"https:\/\/www.beachspirit.fr\/bs\/produit\/poulies-triple-57mm-harken-carbo-air\/#breadcrumb","itemListElement":[{"@type":"ListItem","position":1,"name":"Accueil","item":"https:\/\/www.beachspirit.fr\/bs\/"},{"@type":"ListItem","position":2,"name":"Boutique","item":"https:\/\/www.beachspirit.fr\/bs\/boutique\/"},{"@type":"ListItem","position":3,"name":"Poulies triple 57mm HARKEN Carbo air ref 2604"}]},{"@type":"WebSite","@id":"https:\/\/www.beachspirit.fr\/bs\/#website","url":"https:\/\/www.beachspirit.fr\/bs\/","name":"BEACH SPIRIT","description":"beach spirit approved","publisher":{"@id":"https:\/\/www.beachspirit.fr\/bs\/#organization"},"potentialAction":[{"@type":"SearchAction","target":{"@type":"EntryPoint","urlTemplate":"https:\/\/www.beachspirit.fr\/bs\/?s={search_term_string}"},"query-input":{"@type":"PropertyValueSpecification","valueRequired":true,"valueName":"search_term_string"}}],"inLanguage":"fr-FR"},{"@type":"Organization","@id":"https:\/\/www.beachspirit.fr\/bs\/#organization","name":"BEACH SPIRIT","url":"https:\/\/www.beachspirit.fr\/bs\/","logo":{"@type":"ImageObject","inLanguage":"fr-FR","@id":"https:\/\/www.beachspirit.fr\/bs\/#\/schema\/logo\/image\/","url":"http:\/\/www.beachspirit.fr\/bs\/wp-content\/uploads\/2020\/03\/logoBS-petit-2.png","contentUrl":"http:\/\/www.beachspirit.fr\/bs\/wp-content\/uploads\/2020\/03\/logoBS-petit-2.png","width":200,"height":117,"caption":"BEACH SPIRIT"},"image":{"@id":"https:\/\/www.beachspirit.fr\/bs\/#\/schema\/logo\/image\/"},"sameAs":["https:\/\/www.facebook.com\/beachspirit.fr\/","https:\/\/www.instagram.com\/beachspirit.fr\/"]}]}},"_links":{"self":[{"href":"https:\/\/www.beachspirit.fr\/bs\/wp-json\/wp\/v2\/product\/26533","targetHints":{"allow":["GET"]}}],"collection":[{"href":"https:\/\/www.beachspirit.fr\/bs\/wp-json\/wp\/v2\/product"}],"about":[{"href":"https:\/\/www.beachspirit.fr\/bs\/wp-json\/wp\/v2\/types\/product"}],"replies":[{"embeddable":true,"href":"https:\/\/www.beachspirit.fr\/bs\/wp-json\/wp\/v2\/comments?post=26533"}],"wp:featuredmedia":[{"embeddable":true,"href":"https:\/\/www.beachspirit.fr\/bs\/wp-json\/wp\/v2\/media\/26535"}],"wp:attachment":[{"href":"https:\/\/www.beachspirit.fr\/bs\/wp-json\/wp\/v2\/media?parent=26533"}],"wp:term":[{"taxonomy":"product_brand","embeddable":true,"href":"https:\/\/www.beachspirit.fr\/bs\/wp-json\/wp\/v2\/product_brand?post=26533"},{"taxonomy":"product_cat","embeddable":true,"href":"https:\/\/www.beachspirit.fr\/bs\/wp-json\/wp\/v2\/product_cat?post=26533"},{"taxonomy":"product_tag","embeddable":true,"href":"https:\/\/www.beachspirit.fr\/bs\/wp-json\/wp\/v2\/product_tag?post=26533"}],"curies":[{"name":"wp","href":"https:\/\/api.w.org\/{rel}","templated":true}]}}