{"id":26594,"date":"2021-08-13T17:36:10","date_gmt":"2021-08-13T16:36:10","guid":{"rendered":"https:\/\/www.beachspirit.fr\/bs\/?post_type=product&#038;p=26594"},"modified":"2025-11-22T16:34:07","modified_gmt":"2025-11-22T15:34:07","slug":"pantalon-etanche-hiptech-kayak-voile-char-a-voile","status":"publish","type":"product","link":"https:\/\/www.beachspirit.fr\/bs\/produit\/pantalon-etanche-hiptech-kayak-voile-char-a-voile\/","title":{"rendered":"Pantalon \u00e9tanche \u00ab\u00a0Hiptech\u00a0\u00bb kayak &#8211; voile &#8211; char \u00e0 voile"},"content":{"rendered":"<h3><span style=\"color: #ff6600;\">Pantalon \u00e9tanche\u00a0 kayak &#8211; voile &#8211; char \u00e0 voile<\/span><\/h3>\n<p><span style=\"color: #ffff00;\"><span style=\"color: #000000;\">Test\u00e9 et approuv\u00e9, le pantalon HIPTECH est le pantalon kayak voile char \u00e0 voile \u00e9tanche parfait pour rester au sec en eaux vives, en mer ou sur la plage. Sa technologie textile 3 couche innovante combin\u00e9e \u00e0 des chevilles en <a href=\"https:\/\/fr.wikipedia.org\/wiki\/N%C3%A9opr%C3%A8ne#:~:text=Le%20N%C3%A9opr%C3%A8ne%2C%20appel%C3%A9%20d'abord,est%20le%20premier%20caoutchouc%20synth%C3%A9tique.\" target=\"_blank\" rel=\"noopener\">N\u00e9opr\u00e8ne<\/a> ultrastretch lui offrent une imperm\u00e9abilit\u00e9 totale. L\u2019eau ne rentrera pas m\u00eame \u00e0 la taille gr\u00e2ce \u00e0 une double chemin\u00e9e \u00e9lastique et antid\u00e9rapante. Compl\u00e9ment id\u00e9al du coupe vent Hiptech, Essayez le, adoptez le !<\/span><\/span><\/p>\n<p>&nbsp;<\/p>\n<ul>\n<li><span style=\"color: #000000;\">MARQUE Aquadesign<\/span><\/li>\n<li><span style=\"color: #000000;\">Mod\u00e8le Hiptech<\/span><\/li>\n<li><span style=\"color: #000000;\">POIDS 700 g<\/span><\/li>\n<li><span style=\"color: #000000;\">TISSU Tissu technique 3 couches \u00e9tanche et respirant<\/span><\/li>\n<li><span style=\"color: #000000;\">TAILLE S, M, L, XL, XXL<\/span><\/li>\n<li><span style=\"color: #000000;\">CHEVILLES N\u00e9opr\u00e8ne Ultrastretch enduit<\/span><\/li>\n<li><span style=\"color: #000000;\">CHEMINEE Double chemin\u00e9e \u00e9tanche, \u00e9lastique et anti-d\u00e9rapante<\/span><\/li>\n<li><span style=\"color: #000000;\">SERRAGESerrage velcro \u00e0 la taille Serrage velcro aux chevilles<\/span><\/li>\n<li><span style=\"color: #000000;\">RENFORTS Pad de renfort aux genoux et fesses<\/span><\/li>\n<li><span style=\"color: #000000;\">COULEURS Gris<\/span><\/li>\n<\/ul>\n<p>Besoin d&rsquo;un renseignement ?<a href=\"https:\/\/www.beachspirit.fr\/bs\/nous-contacter\/\" target=\"_blank\" rel=\"noopener\"> contactez nous<\/a><\/p>\n","protected":false},"excerpt":{"rendered":"<h2><span style=\"color: #ff6600;\">Pantalon \u00e9tanche\u00a0 kayak &#8211; voile &#8211; char \u00e0 voile<\/span><\/h2>\n<p>Descriptif ci dessous<\/p>\n","protected":false},"featured_media":26603,"comment_status":"open","ping_status":"closed","template":"","meta":[],"product_brand":[],"product_cat":[545,546,547,549,548,361,578,539],"product_tag":[],"class_list":{"0":"post-26594","1":"product","2":"type-product","3":"status-publish","4":"has-post-thumbnail","6":"product_cat-blokart","7":"product_cat-char-a-voile-classes-2-et-3","8":"product_cat-chars-a-voile-classes-5-promo-standart-mini-loisir","9":"product_cat-articles-techniques-pour-kite-buggy","10":"product_cat-articles-techniques-speed-sail","11":"product_cat-articles-techniques-voile-char-a-voile","12":"product_cat-idees-cadeaux-noel","13":"product_cat-vetements-techniques-equipements","14":"product_shipping_class-tarif-suivant-poids","16":"first","17":"instock","18":"purchasable","19":"product-type-variable"},"yoast_head":"<!-- This site is optimized with the Yoast SEO plugin v27.5 - https:\/\/yoast.com\/product\/yoast-seo-wordpress\/ -->\n<title>Pantalon \u00e9tanche &quot;Hiptech&quot; kayak - voile - char \u00e0 voile - BEACH SPIRIT<\/title>\n<meta name=\"description\" content=\"Le pantalon HIPTECH est le pantalon kayak \u00e9tanche parfait pour rester au sec en eaux vives, en mer ou en char \u00e0 voile. Sa technologie textile 3 couche innovante combin\u00e9e \u00e0 des chevilles en N\u00e9opr\u00e8ne ultrastretch lui offrent une imperm\u00e9abilit\u00e9 totale.\" \/>\n<meta name=\"robots\" content=\"index, follow, max-snippet:-1, max-image-preview:large, max-video-preview:-1\" \/>\n<link rel=\"canonical\" href=\"https:\/\/www.beachspirit.fr\/bs\/produit\/pantalon-etanche-hiptech-kayak-voile-char-a-voile\/\" \/>\n<meta property=\"og:locale\" content=\"fr_FR\" \/>\n<meta property=\"og:type\" content=\"article\" \/>\n<meta property=\"og:title\" content=\"Pantalon \u00e9tanche &quot;Hiptech&quot; kayak - voile - char \u00e0 voile - BEACH SPIRIT\" \/>\n<meta property=\"og:description\" content=\"Le pantalon HIPTECH est le pantalon kayak \u00e9tanche parfait pour rester au sec en eaux vives, en mer ou en char \u00e0 voile. Sa technologie textile 3 couche innovante combin\u00e9e \u00e0 des chevilles en N\u00e9opr\u00e8ne ultrastretch lui offrent une imperm\u00e9abilit\u00e9 totale.\" \/>\n<meta property=\"og:url\" content=\"https:\/\/www.beachspirit.fr\/bs\/produit\/pantalon-etanche-hiptech-kayak-voile-char-a-voile\/\" \/>\n<meta property=\"og:site_name\" content=\"BEACH SPIRIT\" \/>\n<meta property=\"article:publisher\" content=\"https:\/\/www.facebook.com\/beachspirit.fr\/\" \/>\n<meta property=\"article:modified_time\" content=\"2025-11-22T15:34:07+00:00\" \/>\n<meta property=\"og:image\" content=\"https:\/\/www.beachspirit.fr\/bs\/wp-content\/uploads\/2021\/08\/Capture.png\" \/>\n\t<meta property=\"og:image:width\" content=\"359\" \/>\n\t<meta property=\"og:image:height\" content=\"614\" \/>\n\t<meta property=\"og:image:type\" content=\"image\/png\" \/>\n<meta name=\"twitter:card\" content=\"summary_large_image\" \/>\n<meta name=\"twitter:label1\" content=\"Dur\u00e9e de lecture estim\u00e9e\" \/>\n\t<meta name=\"twitter:data1\" content=\"1 minute\" \/>\n<script type=\"application\/ld+json\" class=\"yoast-schema-graph\">{\"@context\":\"https:\\\/\\\/schema.org\",\"@graph\":[{\"@type\":\"WebPage\",\"@id\":\"https:\\\/\\\/www.beachspirit.fr\\\/bs\\\/produit\\\/pantalon-etanche-hiptech-kayak-voile-char-a-voile\\\/\",\"url\":\"https:\\\/\\\/www.beachspirit.fr\\\/bs\\\/produit\\\/pantalon-etanche-hiptech-kayak-voile-char-a-voile\\\/\",\"name\":\"Pantalon \u00e9tanche \\\"Hiptech\\\" kayak - voile - char \u00e0 voile - BEACH SPIRIT\",\"isPartOf\":{\"@id\":\"https:\\\/\\\/www.beachspirit.fr\\\/bs\\\/#website\"},\"primaryImageOfPage\":{\"@id\":\"https:\\\/\\\/www.beachspirit.fr\\\/bs\\\/produit\\\/pantalon-etanche-hiptech-kayak-voile-char-a-voile\\\/#primaryimage\"},\"image\":{\"@id\":\"https:\\\/\\\/www.beachspirit.fr\\\/bs\\\/produit\\\/pantalon-etanche-hiptech-kayak-voile-char-a-voile\\\/#primaryimage\"},\"thumbnailUrl\":\"https:\\\/\\\/www.beachspirit.fr\\\/bs\\\/wp-content\\\/uploads\\\/2021\\\/08\\\/Capture.png\",\"datePublished\":\"2021-08-13T16:36:10+00:00\",\"dateModified\":\"2025-11-22T15:34:07+00:00\",\"description\":\"Le pantalon HIPTECH est le pantalon kayak \u00e9tanche parfait pour rester au sec en eaux vives, en mer ou en char \u00e0 voile. Sa technologie textile 3 couche innovante combin\u00e9e \u00e0 des chevilles en N\u00e9opr\u00e8ne ultrastretch lui offrent une imperm\u00e9abilit\u00e9 totale.\",\"breadcrumb\":{\"@id\":\"https:\\\/\\\/www.beachspirit.fr\\\/bs\\\/produit\\\/pantalon-etanche-hiptech-kayak-voile-char-a-voile\\\/#breadcrumb\"},\"inLanguage\":\"fr-FR\",\"potentialAction\":[{\"@type\":\"ReadAction\",\"target\":[\"https:\\\/\\\/www.beachspirit.fr\\\/bs\\\/produit\\\/pantalon-etanche-hiptech-kayak-voile-char-a-voile\\\/\"]}]},{\"@type\":\"ImageObject\",\"inLanguage\":\"fr-FR\",\"@id\":\"https:\\\/\\\/www.beachspirit.fr\\\/bs\\\/produit\\\/pantalon-etanche-hiptech-kayak-voile-char-a-voile\\\/#primaryimage\",\"url\":\"https:\\\/\\\/www.beachspirit.fr\\\/bs\\\/wp-content\\\/uploads\\\/2021\\\/08\\\/Capture.png\",\"contentUrl\":\"https:\\\/\\\/www.beachspirit.fr\\\/bs\\\/wp-content\\\/uploads\\\/2021\\\/08\\\/Capture.png\",\"width\":359,\"height\":614,\"caption\":\"PANTALON ETANCHE KAYAK VOILE CHAR\"},{\"@type\":\"BreadcrumbList\",\"@id\":\"https:\\\/\\\/www.beachspirit.fr\\\/bs\\\/produit\\\/pantalon-etanche-hiptech-kayak-voile-char-a-voile\\\/#breadcrumb\",\"itemListElement\":[{\"@type\":\"ListItem\",\"position\":1,\"name\":\"Accueil\",\"item\":\"https:\\\/\\\/www.beachspirit.fr\\\/bs\\\/\"},{\"@type\":\"ListItem\",\"position\":2,\"name\":\"Boutique\",\"item\":\"https:\\\/\\\/www.beachspirit.fr\\\/bs\\\/boutique\\\/\"},{\"@type\":\"ListItem\",\"position\":3,\"name\":\"Pantalon \u00e9tanche \u00ab\u00a0Hiptech\u00a0\u00bb kayak &#8211; voile &#8211; char \u00e0 voile\"}]},{\"@type\":\"WebSite\",\"@id\":\"https:\\\/\\\/www.beachspirit.fr\\\/bs\\\/#website\",\"url\":\"https:\\\/\\\/www.beachspirit.fr\\\/bs\\\/\",\"name\":\"BEACH SPIRIT\",\"description\":\"beach spirit approved\",\"publisher\":{\"@id\":\"https:\\\/\\\/www.beachspirit.fr\\\/bs\\\/#organization\"},\"potentialAction\":[{\"@type\":\"SearchAction\",\"target\":{\"@type\":\"EntryPoint\",\"urlTemplate\":\"https:\\\/\\\/www.beachspirit.fr\\\/bs\\\/?s={search_term_string}\"},\"query-input\":{\"@type\":\"PropertyValueSpecification\",\"valueRequired\":true,\"valueName\":\"search_term_string\"}}],\"inLanguage\":\"fr-FR\"},{\"@type\":\"Organization\",\"@id\":\"https:\\\/\\\/www.beachspirit.fr\\\/bs\\\/#organization\",\"name\":\"BEACH SPIRIT\",\"url\":\"https:\\\/\\\/www.beachspirit.fr\\\/bs\\\/\",\"logo\":{\"@type\":\"ImageObject\",\"inLanguage\":\"fr-FR\",\"@id\":\"https:\\\/\\\/www.beachspirit.fr\\\/bs\\\/#\\\/schema\\\/logo\\\/image\\\/\",\"url\":\"http:\\\/\\\/www.beachspirit.fr\\\/bs\\\/wp-content\\\/uploads\\\/2020\\\/03\\\/logoBS-petit-2.png\",\"contentUrl\":\"http:\\\/\\\/www.beachspirit.fr\\\/bs\\\/wp-content\\\/uploads\\\/2020\\\/03\\\/logoBS-petit-2.png\",\"width\":200,\"height\":117,\"caption\":\"BEACH SPIRIT\"},\"image\":{\"@id\":\"https:\\\/\\\/www.beachspirit.fr\\\/bs\\\/#\\\/schema\\\/logo\\\/image\\\/\"},\"sameAs\":[\"https:\\\/\\\/www.facebook.com\\\/beachspirit.fr\\\/\",\"https:\\\/\\\/www.instagram.com\\\/beachspirit.fr\\\/\"]}]}<\/script>\n<!-- \/ Yoast SEO plugin. -->","yoast_head_json":{"title":"Pantalon \u00e9tanche \"Hiptech\" kayak - voile - char \u00e0 voile - BEACH SPIRIT","description":"Le pantalon HIPTECH est le pantalon kayak \u00e9tanche parfait pour rester au sec en eaux vives, en mer ou en char \u00e0 voile. Sa technologie textile 3 couche innovante combin\u00e9e \u00e0 des chevilles en N\u00e9opr\u00e8ne ultrastretch lui offrent une imperm\u00e9abilit\u00e9 totale.","robots":{"index":"index","follow":"follow","max-snippet":"max-snippet:-1","max-image-preview":"max-image-preview:large","max-video-preview":"max-video-preview:-1"},"canonical":"https:\/\/www.beachspirit.fr\/bs\/produit\/pantalon-etanche-hiptech-kayak-voile-char-a-voile\/","og_locale":"fr_FR","og_type":"article","og_title":"Pantalon \u00e9tanche \"Hiptech\" kayak - voile - char \u00e0 voile - BEACH SPIRIT","og_description":"Le pantalon HIPTECH est le pantalon kayak \u00e9tanche parfait pour rester au sec en eaux vives, en mer ou en char \u00e0 voile. Sa technologie textile 3 couche innovante combin\u00e9e \u00e0 des chevilles en N\u00e9opr\u00e8ne ultrastretch lui offrent une imperm\u00e9abilit\u00e9 totale.","og_url":"https:\/\/www.beachspirit.fr\/bs\/produit\/pantalon-etanche-hiptech-kayak-voile-char-a-voile\/","og_site_name":"BEACH SPIRIT","article_publisher":"https:\/\/www.facebook.com\/beachspirit.fr\/","article_modified_time":"2025-11-22T15:34:07+00:00","og_image":[{"width":359,"height":614,"url":"https:\/\/www.beachspirit.fr\/bs\/wp-content\/uploads\/2021\/08\/Capture.png","type":"image\/png"}],"twitter_card":"summary_large_image","twitter_misc":{"Dur\u00e9e de lecture estim\u00e9e":"1 minute"},"schema":{"@context":"https:\/\/schema.org","@graph":[{"@type":"WebPage","@id":"https:\/\/www.beachspirit.fr\/bs\/produit\/pantalon-etanche-hiptech-kayak-voile-char-a-voile\/","url":"https:\/\/www.beachspirit.fr\/bs\/produit\/pantalon-etanche-hiptech-kayak-voile-char-a-voile\/","name":"Pantalon \u00e9tanche \"Hiptech\" kayak - voile - char \u00e0 voile - BEACH SPIRIT","isPartOf":{"@id":"https:\/\/www.beachspirit.fr\/bs\/#website"},"primaryImageOfPage":{"@id":"https:\/\/www.beachspirit.fr\/bs\/produit\/pantalon-etanche-hiptech-kayak-voile-char-a-voile\/#primaryimage"},"image":{"@id":"https:\/\/www.beachspirit.fr\/bs\/produit\/pantalon-etanche-hiptech-kayak-voile-char-a-voile\/#primaryimage"},"thumbnailUrl":"https:\/\/www.beachspirit.fr\/bs\/wp-content\/uploads\/2021\/08\/Capture.png","datePublished":"2021-08-13T16:36:10+00:00","dateModified":"2025-11-22T15:34:07+00:00","description":"Le pantalon HIPTECH est le pantalon kayak \u00e9tanche parfait pour rester au sec en eaux vives, en mer ou en char \u00e0 voile. Sa technologie textile 3 couche innovante combin\u00e9e \u00e0 des chevilles en N\u00e9opr\u00e8ne ultrastretch lui offrent une imperm\u00e9abilit\u00e9 totale.","breadcrumb":{"@id":"https:\/\/www.beachspirit.fr\/bs\/produit\/pantalon-etanche-hiptech-kayak-voile-char-a-voile\/#breadcrumb"},"inLanguage":"fr-FR","potentialAction":[{"@type":"ReadAction","target":["https:\/\/www.beachspirit.fr\/bs\/produit\/pantalon-etanche-hiptech-kayak-voile-char-a-voile\/"]}]},{"@type":"ImageObject","inLanguage":"fr-FR","@id":"https:\/\/www.beachspirit.fr\/bs\/produit\/pantalon-etanche-hiptech-kayak-voile-char-a-voile\/#primaryimage","url":"https:\/\/www.beachspirit.fr\/bs\/wp-content\/uploads\/2021\/08\/Capture.png","contentUrl":"https:\/\/www.beachspirit.fr\/bs\/wp-content\/uploads\/2021\/08\/Capture.png","width":359,"height":614,"caption":"PANTALON ETANCHE KAYAK VOILE CHAR"},{"@type":"BreadcrumbList","@id":"https:\/\/www.beachspirit.fr\/bs\/produit\/pantalon-etanche-hiptech-kayak-voile-char-a-voile\/#breadcrumb","itemListElement":[{"@type":"ListItem","position":1,"name":"Accueil","item":"https:\/\/www.beachspirit.fr\/bs\/"},{"@type":"ListItem","position":2,"name":"Boutique","item":"https:\/\/www.beachspirit.fr\/bs\/boutique\/"},{"@type":"ListItem","position":3,"name":"Pantalon \u00e9tanche \u00ab\u00a0Hiptech\u00a0\u00bb kayak &#8211; voile &#8211; char \u00e0 voile"}]},{"@type":"WebSite","@id":"https:\/\/www.beachspirit.fr\/bs\/#website","url":"https:\/\/www.beachspirit.fr\/bs\/","name":"BEACH SPIRIT","description":"beach spirit approved","publisher":{"@id":"https:\/\/www.beachspirit.fr\/bs\/#organization"},"potentialAction":[{"@type":"SearchAction","target":{"@type":"EntryPoint","urlTemplate":"https:\/\/www.beachspirit.fr\/bs\/?s={search_term_string}"},"query-input":{"@type":"PropertyValueSpecification","valueRequired":true,"valueName":"search_term_string"}}],"inLanguage":"fr-FR"},{"@type":"Organization","@id":"https:\/\/www.beachspirit.fr\/bs\/#organization","name":"BEACH SPIRIT","url":"https:\/\/www.beachspirit.fr\/bs\/","logo":{"@type":"ImageObject","inLanguage":"fr-FR","@id":"https:\/\/www.beachspirit.fr\/bs\/#\/schema\/logo\/image\/","url":"http:\/\/www.beachspirit.fr\/bs\/wp-content\/uploads\/2020\/03\/logoBS-petit-2.png","contentUrl":"http:\/\/www.beachspirit.fr\/bs\/wp-content\/uploads\/2020\/03\/logoBS-petit-2.png","width":200,"height":117,"caption":"BEACH SPIRIT"},"image":{"@id":"https:\/\/www.beachspirit.fr\/bs\/#\/schema\/logo\/image\/"},"sameAs":["https:\/\/www.facebook.com\/beachspirit.fr\/","https:\/\/www.instagram.com\/beachspirit.fr\/"]}]}},"_links":{"self":[{"href":"https:\/\/www.beachspirit.fr\/bs\/wp-json\/wp\/v2\/product\/26594","targetHints":{"allow":["GET"]}}],"collection":[{"href":"https:\/\/www.beachspirit.fr\/bs\/wp-json\/wp\/v2\/product"}],"about":[{"href":"https:\/\/www.beachspirit.fr\/bs\/wp-json\/wp\/v2\/types\/product"}],"replies":[{"embeddable":true,"href":"https:\/\/www.beachspirit.fr\/bs\/wp-json\/wp\/v2\/comments?post=26594"}],"wp:featuredmedia":[{"embeddable":true,"href":"https:\/\/www.beachspirit.fr\/bs\/wp-json\/wp\/v2\/media\/26603"}],"wp:attachment":[{"href":"https:\/\/www.beachspirit.fr\/bs\/wp-json\/wp\/v2\/media?parent=26594"}],"wp:term":[{"taxonomy":"product_brand","embeddable":true,"href":"https:\/\/www.beachspirit.fr\/bs\/wp-json\/wp\/v2\/product_brand?post=26594"},{"taxonomy":"product_cat","embeddable":true,"href":"https:\/\/www.beachspirit.fr\/bs\/wp-json\/wp\/v2\/product_cat?post=26594"},{"taxonomy":"product_tag","embeddable":true,"href":"https:\/\/www.beachspirit.fr\/bs\/wp-json\/wp\/v2\/product_tag?post=26594"}],"curies":[{"name":"wp","href":"https:\/\/api.w.org\/{rel}","templated":true}]}}