{"id":26785,"date":"2021-11-29T15:51:57","date_gmt":"2021-11-29T14:51:57","guid":{"rendered":"https:\/\/www.beachspirit.fr\/bs\/?post_type=product&#038;p=26785"},"modified":"2025-12-28T17:31:17","modified_gmt":"2025-12-28T16:31:17","slug":"roulements-roues-speed-sail-inox-ss6202-2rs","status":"publish","type":"product","link":"https:\/\/www.beachspirit.fr\/bs\/produit\/roulements-roues-speed-sail-inox-ss6202-2rs\/","title":{"rendered":"Lots de Roulements roues speed sail  inox SS6202 2RS (\u00e0 partir de 2.60\u20ac)"},"content":{"rendered":"<h3><span style=\"color: #ff6600;\">Roulements roues speed sail inox SS6202 2RS<\/span><\/h3>\n<p><span style=\"color: #ffff00;\">C<span style=\"color: #000000;\">es roulements \u00e0 billes S6202 2RS\u00a0 \u00e9tanches en inox se montent se montent notamment sur les roues de speed sail et Blokart \u00e9quip\u00e9s en axes de diam\u00e8tre 15mm<\/span><\/span><\/p>\n<p><span style=\"color: #000000;\">Type<\/span><\/p>\n<ul>\n<li><span style=\"color: #000000;\">SS6202 2RS, roulements inox. Dimensions (diam int x diam ext x \u00e9paisseur) : 15x35x11mm<\/span><\/li>\n<\/ul>\n<p><span style=\"color: #000000;\">Tout savoir sur les roulements :<\/span><\/p>\n<p><a class=\"external\" href=\"https:\/\/fr.wikipedia.org\/wiki\/Roulement_m%C3%A9canique\" target=\"_blank\" rel=\"noopener noreferrer\">https:\/\/fr.wikipedia.org\/wiki\/Roulement_m%C3%A9canique<\/a><\/p>\n<p>&nbsp;<\/p>\n<p><span style=\"color: #000000;\">Besoin d&rsquo;un renseignement ?<\/span> <a href=\"https:\/\/www.beachspirit.fr\/bs\/nous-contacter\/\" target=\"_blank\" rel=\"noopener\">Contactez nous<\/a><\/p>\n","protected":false},"excerpt":{"rendered":"<h2><span style=\"color: #ff6600;\">Roulements roues speed sail inox SS6202 2RS<\/span><\/h2>\n<p>quantit\u00e9 minimum 10<\/p>\n<p>Tarifs d\u00e9gressifs suivant quantit\u00e9s<\/p>\n","protected":false},"featured_media":26546,"comment_status":"open","ping_status":"closed","template":"","meta":[],"product_brand":[],"product_cat":[408,443,263,581],"product_tag":[],"class_list":{"0":"post-26785","1":"product","2":"type-product","3":"status-publish","4":"has-post-thumbnail","6":"product_cat-articles-techniques-pro","7":"product_cat-boutique-clubs-ecoles-voile-char","8":"product_cat-rouesrltspneuschambres-pro","9":"product_cat-roulements-clubs-ecoles","10":"product_shipping_class-tarif-suivant-poids","12":"first","13":"instock","14":"purchasable","15":"product-type-simple"},"yoast_head":"<!-- This site is optimized with the Yoast SEO plugin v27.5 - https:\/\/yoast.com\/product\/yoast-seo-wordpress\/ -->\n<title>Lots de Roulements roues speed sail inox SS6202 2RS (\u00e0 partir de 2.60\u20ac) -<\/title>\n<meta name=\"description\" content=\"Ces roulements \u00e0 billes S6202 2RS\u00a0 \u00e9tanches en inox se montent se montent notamment sur les roues de speed sail. et autre chars \u00e9quip\u00e9s en axes de 15mm de diam\u00e8tre 15mm\" \/>\n<meta name=\"robots\" content=\"index, follow, max-snippet:-1, max-image-preview:large, max-video-preview:-1\" \/>\n<link rel=\"canonical\" href=\"https:\/\/www.beachspirit.fr\/bs\/produit\/roulements-roues-speed-sail-inox-ss6202-2rs\/\" \/>\n<meta property=\"og:locale\" content=\"fr_FR\" \/>\n<meta property=\"og:type\" content=\"article\" \/>\n<meta property=\"og:title\" content=\"Lots de Roulements roues speed sail inox SS6202 2RS (\u00e0 partir de 2.60\u20ac) -\" \/>\n<meta property=\"og:description\" content=\"Ces roulements \u00e0 billes S6202 2RS\u00a0 \u00e9tanches en inox se montent se montent notamment sur les roues de speed sail. et autre chars \u00e9quip\u00e9s en axes de 15mm de diam\u00e8tre 15mm\" \/>\n<meta property=\"og:url\" content=\"https:\/\/www.beachspirit.fr\/bs\/produit\/roulements-roues-speed-sail-inox-ss6202-2rs\/\" \/>\n<meta property=\"og:site_name\" content=\"BEACH SPIRIT\" \/>\n<meta property=\"article:publisher\" content=\"https:\/\/www.facebook.com\/beachspirit.fr\/\" \/>\n<meta property=\"article:modified_time\" content=\"2025-12-28T16:31:17+00:00\" \/>\n<meta property=\"og:image\" content=\"https:\/\/www.beachspirit.fr\/bs\/wp-content\/uploads\/2021\/07\/6202-2rs-inox.jpg\" \/>\n\t<meta property=\"og:image:width\" content=\"253\" \/>\n\t<meta property=\"og:image:height\" content=\"253\" \/>\n\t<meta property=\"og:image:type\" content=\"image\/jpeg\" \/>\n<meta name=\"twitter:card\" content=\"summary_large_image\" \/>\n<meta name=\"twitter:label1\" content=\"Dur\u00e9e de lecture estim\u00e9e\" \/>\n\t<meta name=\"twitter:data1\" content=\"1 minute\" \/>\n<script type=\"application\/ld+json\" class=\"yoast-schema-graph\">{\"@context\":\"https:\\\/\\\/schema.org\",\"@graph\":[{\"@type\":\"WebPage\",\"@id\":\"https:\\\/\\\/www.beachspirit.fr\\\/bs\\\/produit\\\/roulements-roues-speed-sail-inox-ss6202-2rs\\\/\",\"url\":\"https:\\\/\\\/www.beachspirit.fr\\\/bs\\\/produit\\\/roulements-roues-speed-sail-inox-ss6202-2rs\\\/\",\"name\":\"Lots de Roulements roues speed sail inox SS6202 2RS (\u00e0 partir de 2.60\u20ac) -\",\"isPartOf\":{\"@id\":\"https:\\\/\\\/www.beachspirit.fr\\\/bs\\\/#website\"},\"primaryImageOfPage\":{\"@id\":\"https:\\\/\\\/www.beachspirit.fr\\\/bs\\\/produit\\\/roulements-roues-speed-sail-inox-ss6202-2rs\\\/#primaryimage\"},\"image\":{\"@id\":\"https:\\\/\\\/www.beachspirit.fr\\\/bs\\\/produit\\\/roulements-roues-speed-sail-inox-ss6202-2rs\\\/#primaryimage\"},\"thumbnailUrl\":\"https:\\\/\\\/www.beachspirit.fr\\\/bs\\\/wp-content\\\/uploads\\\/2021\\\/07\\\/6202-2rs-inox.jpg\",\"datePublished\":\"2021-11-29T14:51:57+00:00\",\"dateModified\":\"2025-12-28T16:31:17+00:00\",\"description\":\"Ces roulements \u00e0 billes S6202 2RS\u00a0 \u00e9tanches en inox se montent se montent notamment sur les roues de speed sail. et autre chars \u00e9quip\u00e9s en axes de 15mm de diam\u00e8tre 15mm\",\"breadcrumb\":{\"@id\":\"https:\\\/\\\/www.beachspirit.fr\\\/bs\\\/produit\\\/roulements-roues-speed-sail-inox-ss6202-2rs\\\/#breadcrumb\"},\"inLanguage\":\"fr-FR\",\"potentialAction\":[{\"@type\":\"ReadAction\",\"target\":[\"https:\\\/\\\/www.beachspirit.fr\\\/bs\\\/produit\\\/roulements-roues-speed-sail-inox-ss6202-2rs\\\/\"]}]},{\"@type\":\"ImageObject\",\"inLanguage\":\"fr-FR\",\"@id\":\"https:\\\/\\\/www.beachspirit.fr\\\/bs\\\/produit\\\/roulements-roues-speed-sail-inox-ss6202-2rs\\\/#primaryimage\",\"url\":\"https:\\\/\\\/www.beachspirit.fr\\\/bs\\\/wp-content\\\/uploads\\\/2021\\\/07\\\/6202-2rs-inox.jpg\",\"contentUrl\":\"https:\\\/\\\/www.beachspirit.fr\\\/bs\\\/wp-content\\\/uploads\\\/2021\\\/07\\\/6202-2rs-inox.jpg\",\"width\":253,\"height\":253,\"caption\":\"roulements billes 6202 2rs inox speed sail\"},{\"@type\":\"BreadcrumbList\",\"@id\":\"https:\\\/\\\/www.beachspirit.fr\\\/bs\\\/produit\\\/roulements-roues-speed-sail-inox-ss6202-2rs\\\/#breadcrumb\",\"itemListElement\":[{\"@type\":\"ListItem\",\"position\":1,\"name\":\"Accueil\",\"item\":\"https:\\\/\\\/www.beachspirit.fr\\\/bs\\\/\"},{\"@type\":\"ListItem\",\"position\":2,\"name\":\"Boutique\",\"item\":\"https:\\\/\\\/www.beachspirit.fr\\\/bs\\\/boutique\\\/\"},{\"@type\":\"ListItem\",\"position\":3,\"name\":\"Lots de Roulements roues speed sail inox SS6202 2RS (\u00e0 partir de 2.60\u20ac)\"}]},{\"@type\":\"WebSite\",\"@id\":\"https:\\\/\\\/www.beachspirit.fr\\\/bs\\\/#website\",\"url\":\"https:\\\/\\\/www.beachspirit.fr\\\/bs\\\/\",\"name\":\"BEACH SPIRIT\",\"description\":\"beach spirit approved\",\"publisher\":{\"@id\":\"https:\\\/\\\/www.beachspirit.fr\\\/bs\\\/#organization\"},\"potentialAction\":[{\"@type\":\"SearchAction\",\"target\":{\"@type\":\"EntryPoint\",\"urlTemplate\":\"https:\\\/\\\/www.beachspirit.fr\\\/bs\\\/?s={search_term_string}\"},\"query-input\":{\"@type\":\"PropertyValueSpecification\",\"valueRequired\":true,\"valueName\":\"search_term_string\"}}],\"inLanguage\":\"fr-FR\"},{\"@type\":\"Organization\",\"@id\":\"https:\\\/\\\/www.beachspirit.fr\\\/bs\\\/#organization\",\"name\":\"BEACH SPIRIT\",\"url\":\"https:\\\/\\\/www.beachspirit.fr\\\/bs\\\/\",\"logo\":{\"@type\":\"ImageObject\",\"inLanguage\":\"fr-FR\",\"@id\":\"https:\\\/\\\/www.beachspirit.fr\\\/bs\\\/#\\\/schema\\\/logo\\\/image\\\/\",\"url\":\"http:\\\/\\\/www.beachspirit.fr\\\/bs\\\/wp-content\\\/uploads\\\/2020\\\/03\\\/logoBS-petit-2.png\",\"contentUrl\":\"http:\\\/\\\/www.beachspirit.fr\\\/bs\\\/wp-content\\\/uploads\\\/2020\\\/03\\\/logoBS-petit-2.png\",\"width\":200,\"height\":117,\"caption\":\"BEACH SPIRIT\"},\"image\":{\"@id\":\"https:\\\/\\\/www.beachspirit.fr\\\/bs\\\/#\\\/schema\\\/logo\\\/image\\\/\"},\"sameAs\":[\"https:\\\/\\\/www.facebook.com\\\/beachspirit.fr\\\/\",\"https:\\\/\\\/www.instagram.com\\\/beachspirit.fr\\\/\"]}]}<\/script>\n<!-- \/ Yoast SEO plugin. -->","yoast_head_json":{"title":"Lots de Roulements roues speed sail inox SS6202 2RS (\u00e0 partir de 2.60\u20ac) -","description":"Ces roulements \u00e0 billes S6202 2RS\u00a0 \u00e9tanches en inox se montent se montent notamment sur les roues de speed sail. et autre chars \u00e9quip\u00e9s en axes de 15mm de diam\u00e8tre 15mm","robots":{"index":"index","follow":"follow","max-snippet":"max-snippet:-1","max-image-preview":"max-image-preview:large","max-video-preview":"max-video-preview:-1"},"canonical":"https:\/\/www.beachspirit.fr\/bs\/produit\/roulements-roues-speed-sail-inox-ss6202-2rs\/","og_locale":"fr_FR","og_type":"article","og_title":"Lots de Roulements roues speed sail inox SS6202 2RS (\u00e0 partir de 2.60\u20ac) -","og_description":"Ces roulements \u00e0 billes S6202 2RS\u00a0 \u00e9tanches en inox se montent se montent notamment sur les roues de speed sail. et autre chars \u00e9quip\u00e9s en axes de 15mm de diam\u00e8tre 15mm","og_url":"https:\/\/www.beachspirit.fr\/bs\/produit\/roulements-roues-speed-sail-inox-ss6202-2rs\/","og_site_name":"BEACH SPIRIT","article_publisher":"https:\/\/www.facebook.com\/beachspirit.fr\/","article_modified_time":"2025-12-28T16:31:17+00:00","og_image":[{"width":253,"height":253,"url":"https:\/\/www.beachspirit.fr\/bs\/wp-content\/uploads\/2021\/07\/6202-2rs-inox.jpg","type":"image\/jpeg"}],"twitter_card":"summary_large_image","twitter_misc":{"Dur\u00e9e de lecture estim\u00e9e":"1 minute"},"schema":{"@context":"https:\/\/schema.org","@graph":[{"@type":"WebPage","@id":"https:\/\/www.beachspirit.fr\/bs\/produit\/roulements-roues-speed-sail-inox-ss6202-2rs\/","url":"https:\/\/www.beachspirit.fr\/bs\/produit\/roulements-roues-speed-sail-inox-ss6202-2rs\/","name":"Lots de Roulements roues speed sail inox SS6202 2RS (\u00e0 partir de 2.60\u20ac) -","isPartOf":{"@id":"https:\/\/www.beachspirit.fr\/bs\/#website"},"primaryImageOfPage":{"@id":"https:\/\/www.beachspirit.fr\/bs\/produit\/roulements-roues-speed-sail-inox-ss6202-2rs\/#primaryimage"},"image":{"@id":"https:\/\/www.beachspirit.fr\/bs\/produit\/roulements-roues-speed-sail-inox-ss6202-2rs\/#primaryimage"},"thumbnailUrl":"https:\/\/www.beachspirit.fr\/bs\/wp-content\/uploads\/2021\/07\/6202-2rs-inox.jpg","datePublished":"2021-11-29T14:51:57+00:00","dateModified":"2025-12-28T16:31:17+00:00","description":"Ces roulements \u00e0 billes S6202 2RS\u00a0 \u00e9tanches en inox se montent se montent notamment sur les roues de speed sail. et autre chars \u00e9quip\u00e9s en axes de 15mm de diam\u00e8tre 15mm","breadcrumb":{"@id":"https:\/\/www.beachspirit.fr\/bs\/produit\/roulements-roues-speed-sail-inox-ss6202-2rs\/#breadcrumb"},"inLanguage":"fr-FR","potentialAction":[{"@type":"ReadAction","target":["https:\/\/www.beachspirit.fr\/bs\/produit\/roulements-roues-speed-sail-inox-ss6202-2rs\/"]}]},{"@type":"ImageObject","inLanguage":"fr-FR","@id":"https:\/\/www.beachspirit.fr\/bs\/produit\/roulements-roues-speed-sail-inox-ss6202-2rs\/#primaryimage","url":"https:\/\/www.beachspirit.fr\/bs\/wp-content\/uploads\/2021\/07\/6202-2rs-inox.jpg","contentUrl":"https:\/\/www.beachspirit.fr\/bs\/wp-content\/uploads\/2021\/07\/6202-2rs-inox.jpg","width":253,"height":253,"caption":"roulements billes 6202 2rs inox speed sail"},{"@type":"BreadcrumbList","@id":"https:\/\/www.beachspirit.fr\/bs\/produit\/roulements-roues-speed-sail-inox-ss6202-2rs\/#breadcrumb","itemListElement":[{"@type":"ListItem","position":1,"name":"Accueil","item":"https:\/\/www.beachspirit.fr\/bs\/"},{"@type":"ListItem","position":2,"name":"Boutique","item":"https:\/\/www.beachspirit.fr\/bs\/boutique\/"},{"@type":"ListItem","position":3,"name":"Lots de Roulements roues speed sail inox SS6202 2RS (\u00e0 partir de 2.60\u20ac)"}]},{"@type":"WebSite","@id":"https:\/\/www.beachspirit.fr\/bs\/#website","url":"https:\/\/www.beachspirit.fr\/bs\/","name":"BEACH SPIRIT","description":"beach spirit approved","publisher":{"@id":"https:\/\/www.beachspirit.fr\/bs\/#organization"},"potentialAction":[{"@type":"SearchAction","target":{"@type":"EntryPoint","urlTemplate":"https:\/\/www.beachspirit.fr\/bs\/?s={search_term_string}"},"query-input":{"@type":"PropertyValueSpecification","valueRequired":true,"valueName":"search_term_string"}}],"inLanguage":"fr-FR"},{"@type":"Organization","@id":"https:\/\/www.beachspirit.fr\/bs\/#organization","name":"BEACH SPIRIT","url":"https:\/\/www.beachspirit.fr\/bs\/","logo":{"@type":"ImageObject","inLanguage":"fr-FR","@id":"https:\/\/www.beachspirit.fr\/bs\/#\/schema\/logo\/image\/","url":"http:\/\/www.beachspirit.fr\/bs\/wp-content\/uploads\/2020\/03\/logoBS-petit-2.png","contentUrl":"http:\/\/www.beachspirit.fr\/bs\/wp-content\/uploads\/2020\/03\/logoBS-petit-2.png","width":200,"height":117,"caption":"BEACH SPIRIT"},"image":{"@id":"https:\/\/www.beachspirit.fr\/bs\/#\/schema\/logo\/image\/"},"sameAs":["https:\/\/www.facebook.com\/beachspirit.fr\/","https:\/\/www.instagram.com\/beachspirit.fr\/"]}]}},"_links":{"self":[{"href":"https:\/\/www.beachspirit.fr\/bs\/wp-json\/wp\/v2\/product\/26785","targetHints":{"allow":["GET"]}}],"collection":[{"href":"https:\/\/www.beachspirit.fr\/bs\/wp-json\/wp\/v2\/product"}],"about":[{"href":"https:\/\/www.beachspirit.fr\/bs\/wp-json\/wp\/v2\/types\/product"}],"replies":[{"embeddable":true,"href":"https:\/\/www.beachspirit.fr\/bs\/wp-json\/wp\/v2\/comments?post=26785"}],"wp:featuredmedia":[{"embeddable":true,"href":"https:\/\/www.beachspirit.fr\/bs\/wp-json\/wp\/v2\/media\/26546"}],"wp:attachment":[{"href":"https:\/\/www.beachspirit.fr\/bs\/wp-json\/wp\/v2\/media?parent=26785"}],"wp:term":[{"taxonomy":"product_brand","embeddable":true,"href":"https:\/\/www.beachspirit.fr\/bs\/wp-json\/wp\/v2\/product_brand?post=26785"},{"taxonomy":"product_cat","embeddable":true,"href":"https:\/\/www.beachspirit.fr\/bs\/wp-json\/wp\/v2\/product_cat?post=26785"},{"taxonomy":"product_tag","embeddable":true,"href":"https:\/\/www.beachspirit.fr\/bs\/wp-json\/wp\/v2\/product_tag?post=26785"}],"curies":[{"name":"wp","href":"https:\/\/api.w.org\/{rel}","templated":true}]}}