{"id":26838,"date":"2022-01-24T16:23:41","date_gmt":"2022-01-24T15:23:41","guid":{"rendered":"https:\/\/www.beachspirit.fr\/bs\/?post_type=product&#038;p=26838"},"modified":"2026-03-27T14:59:38","modified_gmt":"2026-03-27T13:59:38","slug":"mousqueton-a-mater-en-bronze-wichard-55mm-bague-de-foc","status":"publish","type":"product","link":"https:\/\/www.beachspirit.fr\/bs\/produit\/mousqueton-a-mater-en-bronze-wichard-55mm-bague-de-foc\/","title":{"rendered":"Mousqueton \u00e0 mater en bronze wichard 55mm (bague de foc)"},"content":{"rendered":"<h3><span style=\"color: #ff6600;\">Mousqueton \u00e0 mater en bronze wichard 55mm\u00a0<\/span><\/h3>\n<p><span style=\"color: #ffff00;\">Ce mousqueton \u00e0 mater (bague de foc) wichard en <a href=\"https:\/\/fr.wikipedia.org\/wiki\/Bronze\" target=\"_blank\" rel=\"noopener\">bronze<\/a> de longueur 55mm permet notamment lors d&rsquo;une prise de ris de rattacher facilement \u00e0 la b\u00f4me les points d&rsquo;amure et d&rsquo;\u00e9coute sur les voiles \u00e0 bordure libre ou de relier 2 pieces sans rajouter de manille<\/span><\/p>\n<p><span style=\"color: #ffff00;\">sa fabrication en bronze garantie une dur\u00e9e de vie sans \u00e9gal<\/span><\/p>\n<p>&nbsp;<\/p>\n<p><span style=\"color: #ffff00;\">Pour tous renseignements n&rsquo;hesitez pas \u00e0 <a href=\"https:\/\/www.beachspirit.fr\/bs\/nous-contacter\/\" target=\"_blank\" rel=\"noopener\">nous contacter.<\/a><\/span><\/p>\n<p>&nbsp;<\/p>\n<p>&nbsp;<\/p>\n","protected":false},"excerpt":{"rendered":"<h2><span style=\"color: #ff6600;\">Mousqueton \u00e0 mater en bronze wichard 55mm<\/span><\/h2>\n","protected":false},"featured_media":26839,"comment_status":"open","ping_status":"closed","template":"","meta":[],"product_brand":[],"product_cat":[18,545,547,361],"product_tag":[],"class_list":{"0":"post-26838","1":"product","2":"type-product","3":"status-publish","4":"has-post-thumbnail","6":"product_cat-accastillage-poulies-voile-char-a-voile-bateau","7":"product_cat-blokart","8":"product_cat-chars-a-voile-classes-5-promo-standart-mini-loisir","9":"product_cat-articles-techniques-voile-char-a-voile","10":"product_shipping_class-tarif-suivant-poids","12":"first","13":"instock","14":"purchasable","15":"product-type-simple"},"yoast_head":"<!-- This site is optimized with the Yoast SEO plugin v27.5 - https:\/\/yoast.com\/product\/yoast-seo-wordpress\/ -->\n<title>Mousqueton \u00e0 mater en bronze wichard 55mm (bague de foc) - BEACH SPIRIT<\/title>\n<meta name=\"description\" content=\"Ce mousqueton \u00e0 mater wichard en bronze de longueur 55mm permet notamment lors d&#039;une prise de ris de rattacher facilement \u00e0 la b\u00f4me les points d&#039;amure et d&#039;\u00e9coute sur les voiles \u00e0 bordure libre ou de relier 2 pieces sans rajouter de manille. sa fabrication en bronze garantie une dur\u00e9e de vie sans \u00e9gal.\" \/>\n<meta name=\"robots\" content=\"index, follow, max-snippet:-1, max-image-preview:large, max-video-preview:-1\" \/>\n<link rel=\"canonical\" href=\"https:\/\/www.beachspirit.fr\/bs\/produit\/mousqueton-a-mater-en-bronze-wichard-55mm-bague-de-foc\/\" \/>\n<meta property=\"og:locale\" content=\"fr_FR\" \/>\n<meta property=\"og:type\" content=\"article\" \/>\n<meta property=\"og:title\" content=\"Mousqueton \u00e0 mater en bronze wichard 55mm (bague de foc) - BEACH SPIRIT\" \/>\n<meta property=\"og:description\" content=\"Ce mousqueton \u00e0 mater wichard en bronze de longueur 55mm permet notamment lors d&#039;une prise de ris de rattacher facilement \u00e0 la b\u00f4me les points d&#039;amure et d&#039;\u00e9coute sur les voiles \u00e0 bordure libre ou de relier 2 pieces sans rajouter de manille. sa fabrication en bronze garantie une dur\u00e9e de vie sans \u00e9gal.\" \/>\n<meta property=\"og:url\" content=\"https:\/\/www.beachspirit.fr\/bs\/produit\/mousqueton-a-mater-en-bronze-wichard-55mm-bague-de-foc\/\" \/>\n<meta property=\"og:site_name\" content=\"BEACH SPIRIT\" \/>\n<meta property=\"article:publisher\" content=\"https:\/\/www.facebook.com\/beachspirit.fr\/\" \/>\n<meta property=\"article:modified_time\" content=\"2026-03-27T13:59:38+00:00\" \/>\n<meta property=\"og:image\" content=\"https:\/\/www.beachspirit.fr\/bs\/wp-content\/uploads\/2022\/01\/refs-72486-72483-72487-bague-de-foc-bronze.jpg\" \/>\n\t<meta property=\"og:image:width\" content=\"388\" \/>\n\t<meta property=\"og:image:height\" content=\"660\" \/>\n\t<meta property=\"og:image:type\" content=\"image\/jpeg\" \/>\n<meta name=\"twitter:card\" content=\"summary_large_image\" \/>\n<meta name=\"twitter:label1\" content=\"Dur\u00e9e de lecture estim\u00e9e\" \/>\n\t<meta name=\"twitter:data1\" content=\"1 minute\" \/>\n<script type=\"application\/ld+json\" class=\"yoast-schema-graph\">{\"@context\":\"https:\\\/\\\/schema.org\",\"@graph\":[{\"@type\":\"WebPage\",\"@id\":\"https:\\\/\\\/www.beachspirit.fr\\\/bs\\\/produit\\\/mousqueton-a-mater-en-bronze-wichard-55mm-bague-de-foc\\\/\",\"url\":\"https:\\\/\\\/www.beachspirit.fr\\\/bs\\\/produit\\\/mousqueton-a-mater-en-bronze-wichard-55mm-bague-de-foc\\\/\",\"name\":\"Mousqueton \u00e0 mater en bronze wichard 55mm (bague de foc) - BEACH SPIRIT\",\"isPartOf\":{\"@id\":\"https:\\\/\\\/www.beachspirit.fr\\\/bs\\\/#website\"},\"primaryImageOfPage\":{\"@id\":\"https:\\\/\\\/www.beachspirit.fr\\\/bs\\\/produit\\\/mousqueton-a-mater-en-bronze-wichard-55mm-bague-de-foc\\\/#primaryimage\"},\"image\":{\"@id\":\"https:\\\/\\\/www.beachspirit.fr\\\/bs\\\/produit\\\/mousqueton-a-mater-en-bronze-wichard-55mm-bague-de-foc\\\/#primaryimage\"},\"thumbnailUrl\":\"https:\\\/\\\/www.beachspirit.fr\\\/bs\\\/wp-content\\\/uploads\\\/2022\\\/01\\\/refs-72486-72483-72487-bague-de-foc-bronze.jpg\",\"datePublished\":\"2022-01-24T15:23:41+00:00\",\"dateModified\":\"2026-03-27T13:59:38+00:00\",\"description\":\"Ce mousqueton \u00e0 mater wichard en bronze de longueur 55mm permet notamment lors d'une prise de ris de rattacher facilement \u00e0 la b\u00f4me les points d'amure et d'\u00e9coute sur les voiles \u00e0 bordure libre ou de relier 2 pieces sans rajouter de manille. sa fabrication en bronze garantie une dur\u00e9e de vie sans \u00e9gal.\",\"breadcrumb\":{\"@id\":\"https:\\\/\\\/www.beachspirit.fr\\\/bs\\\/produit\\\/mousqueton-a-mater-en-bronze-wichard-55mm-bague-de-foc\\\/#breadcrumb\"},\"inLanguage\":\"fr-FR\",\"potentialAction\":[{\"@type\":\"ReadAction\",\"target\":[\"https:\\\/\\\/www.beachspirit.fr\\\/bs\\\/produit\\\/mousqueton-a-mater-en-bronze-wichard-55mm-bague-de-foc\\\/\"]}]},{\"@type\":\"ImageObject\",\"inLanguage\":\"fr-FR\",\"@id\":\"https:\\\/\\\/www.beachspirit.fr\\\/bs\\\/produit\\\/mousqueton-a-mater-en-bronze-wichard-55mm-bague-de-foc\\\/#primaryimage\",\"url\":\"https:\\\/\\\/www.beachspirit.fr\\\/bs\\\/wp-content\\\/uploads\\\/2022\\\/01\\\/refs-72486-72483-72487-bague-de-foc-bronze.jpg\",\"contentUrl\":\"https:\\\/\\\/www.beachspirit.fr\\\/bs\\\/wp-content\\\/uploads\\\/2022\\\/01\\\/refs-72486-72483-72487-bague-de-foc-bronze.jpg\",\"width\":388,\"height\":660,\"caption\":\"Bague de foc une seule main bronze Wichard. Wichard brass one hand sail snap.\"},{\"@type\":\"BreadcrumbList\",\"@id\":\"https:\\\/\\\/www.beachspirit.fr\\\/bs\\\/produit\\\/mousqueton-a-mater-en-bronze-wichard-55mm-bague-de-foc\\\/#breadcrumb\",\"itemListElement\":[{\"@type\":\"ListItem\",\"position\":1,\"name\":\"Accueil\",\"item\":\"https:\\\/\\\/www.beachspirit.fr\\\/bs\\\/\"},{\"@type\":\"ListItem\",\"position\":2,\"name\":\"Boutique\",\"item\":\"https:\\\/\\\/www.beachspirit.fr\\\/bs\\\/boutique\\\/\"},{\"@type\":\"ListItem\",\"position\":3,\"name\":\"Mousqueton \u00e0 mater en bronze wichard 55mm (bague de foc)\"}]},{\"@type\":\"WebSite\",\"@id\":\"https:\\\/\\\/www.beachspirit.fr\\\/bs\\\/#website\",\"url\":\"https:\\\/\\\/www.beachspirit.fr\\\/bs\\\/\",\"name\":\"BEACH SPIRIT\",\"description\":\"beach spirit approved\",\"publisher\":{\"@id\":\"https:\\\/\\\/www.beachspirit.fr\\\/bs\\\/#organization\"},\"potentialAction\":[{\"@type\":\"SearchAction\",\"target\":{\"@type\":\"EntryPoint\",\"urlTemplate\":\"https:\\\/\\\/www.beachspirit.fr\\\/bs\\\/?s={search_term_string}\"},\"query-input\":{\"@type\":\"PropertyValueSpecification\",\"valueRequired\":true,\"valueName\":\"search_term_string\"}}],\"inLanguage\":\"fr-FR\"},{\"@type\":\"Organization\",\"@id\":\"https:\\\/\\\/www.beachspirit.fr\\\/bs\\\/#organization\",\"name\":\"BEACH SPIRIT\",\"url\":\"https:\\\/\\\/www.beachspirit.fr\\\/bs\\\/\",\"logo\":{\"@type\":\"ImageObject\",\"inLanguage\":\"fr-FR\",\"@id\":\"https:\\\/\\\/www.beachspirit.fr\\\/bs\\\/#\\\/schema\\\/logo\\\/image\\\/\",\"url\":\"http:\\\/\\\/www.beachspirit.fr\\\/bs\\\/wp-content\\\/uploads\\\/2020\\\/03\\\/logoBS-petit-2.png\",\"contentUrl\":\"http:\\\/\\\/www.beachspirit.fr\\\/bs\\\/wp-content\\\/uploads\\\/2020\\\/03\\\/logoBS-petit-2.png\",\"width\":200,\"height\":117,\"caption\":\"BEACH SPIRIT\"},\"image\":{\"@id\":\"https:\\\/\\\/www.beachspirit.fr\\\/bs\\\/#\\\/schema\\\/logo\\\/image\\\/\"},\"sameAs\":[\"https:\\\/\\\/www.facebook.com\\\/beachspirit.fr\\\/\",\"https:\\\/\\\/www.instagram.com\\\/beachspirit.fr\\\/\"]}]}<\/script>\n<!-- \/ Yoast SEO plugin. -->","yoast_head_json":{"title":"Mousqueton \u00e0 mater en bronze wichard 55mm (bague de foc) - BEACH SPIRIT","description":"Ce mousqueton \u00e0 mater wichard en bronze de longueur 55mm permet notamment lors d'une prise de ris de rattacher facilement \u00e0 la b\u00f4me les points d'amure et d'\u00e9coute sur les voiles \u00e0 bordure libre ou de relier 2 pieces sans rajouter de manille. sa fabrication en bronze garantie une dur\u00e9e de vie sans \u00e9gal.","robots":{"index":"index","follow":"follow","max-snippet":"max-snippet:-1","max-image-preview":"max-image-preview:large","max-video-preview":"max-video-preview:-1"},"canonical":"https:\/\/www.beachspirit.fr\/bs\/produit\/mousqueton-a-mater-en-bronze-wichard-55mm-bague-de-foc\/","og_locale":"fr_FR","og_type":"article","og_title":"Mousqueton \u00e0 mater en bronze wichard 55mm (bague de foc) - BEACH SPIRIT","og_description":"Ce mousqueton \u00e0 mater wichard en bronze de longueur 55mm permet notamment lors d'une prise de ris de rattacher facilement \u00e0 la b\u00f4me les points d'amure et d'\u00e9coute sur les voiles \u00e0 bordure libre ou de relier 2 pieces sans rajouter de manille. sa fabrication en bronze garantie une dur\u00e9e de vie sans \u00e9gal.","og_url":"https:\/\/www.beachspirit.fr\/bs\/produit\/mousqueton-a-mater-en-bronze-wichard-55mm-bague-de-foc\/","og_site_name":"BEACH SPIRIT","article_publisher":"https:\/\/www.facebook.com\/beachspirit.fr\/","article_modified_time":"2026-03-27T13:59:38+00:00","og_image":[{"width":388,"height":660,"url":"https:\/\/www.beachspirit.fr\/bs\/wp-content\/uploads\/2022\/01\/refs-72486-72483-72487-bague-de-foc-bronze.jpg","type":"image\/jpeg"}],"twitter_card":"summary_large_image","twitter_misc":{"Dur\u00e9e de lecture estim\u00e9e":"1 minute"},"schema":{"@context":"https:\/\/schema.org","@graph":[{"@type":"WebPage","@id":"https:\/\/www.beachspirit.fr\/bs\/produit\/mousqueton-a-mater-en-bronze-wichard-55mm-bague-de-foc\/","url":"https:\/\/www.beachspirit.fr\/bs\/produit\/mousqueton-a-mater-en-bronze-wichard-55mm-bague-de-foc\/","name":"Mousqueton \u00e0 mater en bronze wichard 55mm (bague de foc) - BEACH SPIRIT","isPartOf":{"@id":"https:\/\/www.beachspirit.fr\/bs\/#website"},"primaryImageOfPage":{"@id":"https:\/\/www.beachspirit.fr\/bs\/produit\/mousqueton-a-mater-en-bronze-wichard-55mm-bague-de-foc\/#primaryimage"},"image":{"@id":"https:\/\/www.beachspirit.fr\/bs\/produit\/mousqueton-a-mater-en-bronze-wichard-55mm-bague-de-foc\/#primaryimage"},"thumbnailUrl":"https:\/\/www.beachspirit.fr\/bs\/wp-content\/uploads\/2022\/01\/refs-72486-72483-72487-bague-de-foc-bronze.jpg","datePublished":"2022-01-24T15:23:41+00:00","dateModified":"2026-03-27T13:59:38+00:00","description":"Ce mousqueton \u00e0 mater wichard en bronze de longueur 55mm permet notamment lors d'une prise de ris de rattacher facilement \u00e0 la b\u00f4me les points d'amure et d'\u00e9coute sur les voiles \u00e0 bordure libre ou de relier 2 pieces sans rajouter de manille. sa fabrication en bronze garantie une dur\u00e9e de vie sans \u00e9gal.","breadcrumb":{"@id":"https:\/\/www.beachspirit.fr\/bs\/produit\/mousqueton-a-mater-en-bronze-wichard-55mm-bague-de-foc\/#breadcrumb"},"inLanguage":"fr-FR","potentialAction":[{"@type":"ReadAction","target":["https:\/\/www.beachspirit.fr\/bs\/produit\/mousqueton-a-mater-en-bronze-wichard-55mm-bague-de-foc\/"]}]},{"@type":"ImageObject","inLanguage":"fr-FR","@id":"https:\/\/www.beachspirit.fr\/bs\/produit\/mousqueton-a-mater-en-bronze-wichard-55mm-bague-de-foc\/#primaryimage","url":"https:\/\/www.beachspirit.fr\/bs\/wp-content\/uploads\/2022\/01\/refs-72486-72483-72487-bague-de-foc-bronze.jpg","contentUrl":"https:\/\/www.beachspirit.fr\/bs\/wp-content\/uploads\/2022\/01\/refs-72486-72483-72487-bague-de-foc-bronze.jpg","width":388,"height":660,"caption":"Bague de foc une seule main bronze Wichard. Wichard brass one hand sail snap."},{"@type":"BreadcrumbList","@id":"https:\/\/www.beachspirit.fr\/bs\/produit\/mousqueton-a-mater-en-bronze-wichard-55mm-bague-de-foc\/#breadcrumb","itemListElement":[{"@type":"ListItem","position":1,"name":"Accueil","item":"https:\/\/www.beachspirit.fr\/bs\/"},{"@type":"ListItem","position":2,"name":"Boutique","item":"https:\/\/www.beachspirit.fr\/bs\/boutique\/"},{"@type":"ListItem","position":3,"name":"Mousqueton \u00e0 mater en bronze wichard 55mm (bague de foc)"}]},{"@type":"WebSite","@id":"https:\/\/www.beachspirit.fr\/bs\/#website","url":"https:\/\/www.beachspirit.fr\/bs\/","name":"BEACH SPIRIT","description":"beach spirit approved","publisher":{"@id":"https:\/\/www.beachspirit.fr\/bs\/#organization"},"potentialAction":[{"@type":"SearchAction","target":{"@type":"EntryPoint","urlTemplate":"https:\/\/www.beachspirit.fr\/bs\/?s={search_term_string}"},"query-input":{"@type":"PropertyValueSpecification","valueRequired":true,"valueName":"search_term_string"}}],"inLanguage":"fr-FR"},{"@type":"Organization","@id":"https:\/\/www.beachspirit.fr\/bs\/#organization","name":"BEACH SPIRIT","url":"https:\/\/www.beachspirit.fr\/bs\/","logo":{"@type":"ImageObject","inLanguage":"fr-FR","@id":"https:\/\/www.beachspirit.fr\/bs\/#\/schema\/logo\/image\/","url":"http:\/\/www.beachspirit.fr\/bs\/wp-content\/uploads\/2020\/03\/logoBS-petit-2.png","contentUrl":"http:\/\/www.beachspirit.fr\/bs\/wp-content\/uploads\/2020\/03\/logoBS-petit-2.png","width":200,"height":117,"caption":"BEACH SPIRIT"},"image":{"@id":"https:\/\/www.beachspirit.fr\/bs\/#\/schema\/logo\/image\/"},"sameAs":["https:\/\/www.facebook.com\/beachspirit.fr\/","https:\/\/www.instagram.com\/beachspirit.fr\/"]}]}},"_links":{"self":[{"href":"https:\/\/www.beachspirit.fr\/bs\/wp-json\/wp\/v2\/product\/26838","targetHints":{"allow":["GET"]}}],"collection":[{"href":"https:\/\/www.beachspirit.fr\/bs\/wp-json\/wp\/v2\/product"}],"about":[{"href":"https:\/\/www.beachspirit.fr\/bs\/wp-json\/wp\/v2\/types\/product"}],"replies":[{"embeddable":true,"href":"https:\/\/www.beachspirit.fr\/bs\/wp-json\/wp\/v2\/comments?post=26838"}],"wp:featuredmedia":[{"embeddable":true,"href":"https:\/\/www.beachspirit.fr\/bs\/wp-json\/wp\/v2\/media\/26839"}],"wp:attachment":[{"href":"https:\/\/www.beachspirit.fr\/bs\/wp-json\/wp\/v2\/media?parent=26838"}],"wp:term":[{"taxonomy":"product_brand","embeddable":true,"href":"https:\/\/www.beachspirit.fr\/bs\/wp-json\/wp\/v2\/product_brand?post=26838"},{"taxonomy":"product_cat","embeddable":true,"href":"https:\/\/www.beachspirit.fr\/bs\/wp-json\/wp\/v2\/product_cat?post=26838"},{"taxonomy":"product_tag","embeddable":true,"href":"https:\/\/www.beachspirit.fr\/bs\/wp-json\/wp\/v2\/product_tag?post=26838"}],"curies":[{"name":"wp","href":"https:\/\/api.w.org\/{rel}","templated":true}]}}