{"id":26961,"date":"2022-06-30T06:41:02","date_gmt":"2022-06-30T05:41:02","guid":{"rendered":"https:\/\/www.beachspirit.fr\/bs\/?post_type=product&#038;p=26961"},"modified":"2026-03-13T07:55:28","modified_gmt":"2026-03-13T06:55:28","slug":"valves-tubeless-droites-coudees","status":"publish","type":"product","link":"https:\/\/www.beachspirit.fr\/bs\/produit\/valves-tubeless-droites-coudees\/","title":{"rendered":"Valves tubeless droites ou coud\u00e9es"},"content":{"rendered":"<h3><span style=\"color: #ff9900;\">valves tubeless droites ou coud\u00e9es<\/span><\/h3>\n<p><span style=\"color: #000000;\">Valves <a href=\"https:\/\/fr.wikipedia.org\/wiki\/Pneu_sans_chambre_%C3%A0_air\" target=\"_blank\" rel=\"noopener\">tubeless<\/a> droites ou coud\u00e9es pour trou de jante \u00d8 11.5mm (majorit\u00e9 des jantes) notamment pour les roues de \u00ab\u00a0400\u00a0\u00bb ou les roues de 15&prime; DWT utilis\u00e9es en char \u00e0 voile<\/span><\/p>\n<ul>\n<li><span style=\"color: #000000;\">Valves droite schrader T413 34 mm (caoutchouc)<\/span><\/li>\n<li><span style=\"color: #000000;\">valves coud\u00e9es 90\u00b0 (base caoutchouc, coude laiton)<\/span><\/li>\n<li><span style=\"color: #000000;\">Valves coud\u00e9es 45\u00b0(base caoutchouc, coude laiton)<\/span><\/li>\n<\/ul>\n<p>&nbsp;<\/p>\n<p><span style=\"color: #000000;\"><strong>Caract\u00e9ristiques<\/strong><\/span><\/p>\n<ul>\n<li style=\"list-style-type: none;\">\n<ul>\n<li><span style=\"color: #000000;\"><strong>pression d&rsquo;utilisation maxi \u00e0 froid :\u00a0<em>4,5 bars<\/em><\/strong><\/span><\/li>\n<li><span style=\"color: #000000;\"><strong>pour trou de jante :\u00a0<em>11,5 mm<\/em><\/strong><\/span><\/li>\n<li><span style=\"color: #000000;\"><strong>pour \u00e9paisseur de jante entre : <em>1,8 mm minimum et 3,5 mm maximum<\/em><\/strong><\/span><\/li>\n<li><span style=\"color: #000000;\"><strong>gonflage :\u00a0<em>\u00e0 l&rsquo;air uniquement<\/em><\/strong><\/span><\/li>\n<\/ul>\n<\/li>\n<\/ul>\n<p><span style=\"color: #000000;\">Une question ?<\/span> <a href=\"https:\/\/www.beachspirit.fr\/bs\/nous-contacter\/\" target=\"_blank\" rel=\"noopener\">Contactez nous<\/a><\/p>\n<ul>\n<li style=\"list-style-type: none;\"><\/li>\n<\/ul>\n<p>&nbsp;<\/p>\n<p><span style=\"color: #ffff00;\"><strong>\u00a0 \u00a0 \u00a0<\/strong><\/span><\/p>\n","protected":false},"excerpt":{"rendered":"<h2><span style=\"color: #ff9900;\">Valves Tubeless <\/span><span style=\"color: #ff9900;\">droites ou coud\u00e9es<\/span><\/h2>\n<p>Descriptif ci-dessous<\/p>\n","protected":false},"featured_media":26964,"comment_status":"open","ping_status":"closed","template":"","meta":[],"product_brand":[],"product_cat":[545,546,547,549,361,562,22],"product_tag":[],"class_list":{"0":"post-26961","1":"product","2":"type-product","3":"status-publish","4":"has-post-thumbnail","6":"product_cat-blokart","7":"product_cat-char-a-voile-classes-2-et-3","8":"product_cat-chars-a-voile-classes-5-promo-standart-mini-loisir","9":"product_cat-articles-techniques-pour-kite-buggy","10":"product_cat-articles-techniques-voile-char-a-voile","11":"product_cat-roues-pneus-chambres-a-air","12":"product_cat-roulements-roues-pneus-char-a-voile","13":"product_shipping_class-tarif-suivant-poids","15":"first","16":"instock","17":"purchasable","18":"product-type-variable"},"yoast_head":"<!-- This site is optimized with the Yoast SEO plugin v27.5 - https:\/\/yoast.com\/product\/yoast-seo-wordpress\/ -->\n<title>Valves tubeless droites ou coud\u00e9es - BEACH SPIRIT<\/title>\n<meta name=\"description\" content=\"Valves tubeless droites ou coud\u00e9es \u00e0 45\u00b0 ou 90\u00b0 pour trou de jante \u00d8 11.5mm (majorit\u00e9 des jantes\" \/>\n<meta name=\"robots\" content=\"index, follow, max-snippet:-1, max-image-preview:large, max-video-preview:-1\" \/>\n<link rel=\"canonical\" href=\"https:\/\/www.beachspirit.fr\/bs\/produit\/valves-tubeless-droites-coudees\/\" \/>\n<meta property=\"og:locale\" content=\"fr_FR\" \/>\n<meta property=\"og:type\" content=\"article\" \/>\n<meta property=\"og:title\" content=\"Valves tubeless droites ou coud\u00e9es - BEACH SPIRIT\" \/>\n<meta property=\"og:description\" content=\"Valves tubeless droites ou coud\u00e9es \u00e0 45\u00b0 ou 90\u00b0 pour trou de jante \u00d8 11.5mm (majorit\u00e9 des jantes\" \/>\n<meta property=\"og:url\" content=\"https:\/\/www.beachspirit.fr\/bs\/produit\/valves-tubeless-droites-coudees\/\" \/>\n<meta property=\"og:site_name\" content=\"BEACH SPIRIT\" \/>\n<meta property=\"article:publisher\" content=\"https:\/\/www.facebook.com\/beachspirit.fr\/\" \/>\n<meta property=\"article:modified_time\" content=\"2026-03-13T06:55:28+00:00\" \/>\n<meta property=\"og:image\" content=\"https:\/\/www.beachspirit.fr\/bs\/wp-content\/uploads\/2022\/06\/tr413.jpg\" \/>\n\t<meta property=\"og:image:width\" content=\"265\" \/>\n\t<meta property=\"og:image:height\" content=\"265\" \/>\n\t<meta property=\"og:image:type\" content=\"image\/jpeg\" \/>\n<meta name=\"twitter:card\" content=\"summary_large_image\" \/>\n<meta name=\"twitter:label1\" content=\"Dur\u00e9e de lecture estim\u00e9e\" \/>\n\t<meta name=\"twitter:data1\" content=\"1 minute\" \/>\n<script type=\"application\/ld+json\" class=\"yoast-schema-graph\">{\"@context\":\"https:\\\/\\\/schema.org\",\"@graph\":[{\"@type\":\"WebPage\",\"@id\":\"https:\\\/\\\/www.beachspirit.fr\\\/bs\\\/produit\\\/valves-tubeless-droites-coudees\\\/\",\"url\":\"https:\\\/\\\/www.beachspirit.fr\\\/bs\\\/produit\\\/valves-tubeless-droites-coudees\\\/\",\"name\":\"Valves tubeless droites ou coud\u00e9es - BEACH SPIRIT\",\"isPartOf\":{\"@id\":\"https:\\\/\\\/www.beachspirit.fr\\\/bs\\\/#website\"},\"primaryImageOfPage\":{\"@id\":\"https:\\\/\\\/www.beachspirit.fr\\\/bs\\\/produit\\\/valves-tubeless-droites-coudees\\\/#primaryimage\"},\"image\":{\"@id\":\"https:\\\/\\\/www.beachspirit.fr\\\/bs\\\/produit\\\/valves-tubeless-droites-coudees\\\/#primaryimage\"},\"thumbnailUrl\":\"https:\\\/\\\/www.beachspirit.fr\\\/bs\\\/wp-content\\\/uploads\\\/2022\\\/06\\\/tr413.jpg\",\"datePublished\":\"2022-06-30T05:41:02+00:00\",\"dateModified\":\"2026-03-13T06:55:28+00:00\",\"description\":\"Valves tubeless droites ou coud\u00e9es \u00e0 45\u00b0 ou 90\u00b0 pour trou de jante \u00d8 11.5mm (majorit\u00e9 des jantes\",\"breadcrumb\":{\"@id\":\"https:\\\/\\\/www.beachspirit.fr\\\/bs\\\/produit\\\/valves-tubeless-droites-coudees\\\/#breadcrumb\"},\"inLanguage\":\"fr-FR\",\"potentialAction\":[{\"@type\":\"ReadAction\",\"target\":[\"https:\\\/\\\/www.beachspirit.fr\\\/bs\\\/produit\\\/valves-tubeless-droites-coudees\\\/\"]}]},{\"@type\":\"ImageObject\",\"inLanguage\":\"fr-FR\",\"@id\":\"https:\\\/\\\/www.beachspirit.fr\\\/bs\\\/produit\\\/valves-tubeless-droites-coudees\\\/#primaryimage\",\"url\":\"https:\\\/\\\/www.beachspirit.fr\\\/bs\\\/wp-content\\\/uploads\\\/2022\\\/06\\\/tr413.jpg\",\"contentUrl\":\"https:\\\/\\\/www.beachspirit.fr\\\/bs\\\/wp-content\\\/uploads\\\/2022\\\/06\\\/tr413.jpg\",\"width\":265,\"height\":265,\"caption\":\"valves tubeless droite schrader T413\"},{\"@type\":\"BreadcrumbList\",\"@id\":\"https:\\\/\\\/www.beachspirit.fr\\\/bs\\\/produit\\\/valves-tubeless-droites-coudees\\\/#breadcrumb\",\"itemListElement\":[{\"@type\":\"ListItem\",\"position\":1,\"name\":\"Accueil\",\"item\":\"https:\\\/\\\/www.beachspirit.fr\\\/bs\\\/\"},{\"@type\":\"ListItem\",\"position\":2,\"name\":\"Boutique\",\"item\":\"https:\\\/\\\/www.beachspirit.fr\\\/bs\\\/boutique\\\/\"},{\"@type\":\"ListItem\",\"position\":3,\"name\":\"Valves tubeless droites ou coud\u00e9es\"}]},{\"@type\":\"WebSite\",\"@id\":\"https:\\\/\\\/www.beachspirit.fr\\\/bs\\\/#website\",\"url\":\"https:\\\/\\\/www.beachspirit.fr\\\/bs\\\/\",\"name\":\"BEACH SPIRIT\",\"description\":\"beach spirit approved\",\"publisher\":{\"@id\":\"https:\\\/\\\/www.beachspirit.fr\\\/bs\\\/#organization\"},\"potentialAction\":[{\"@type\":\"SearchAction\",\"target\":{\"@type\":\"EntryPoint\",\"urlTemplate\":\"https:\\\/\\\/www.beachspirit.fr\\\/bs\\\/?s={search_term_string}\"},\"query-input\":{\"@type\":\"PropertyValueSpecification\",\"valueRequired\":true,\"valueName\":\"search_term_string\"}}],\"inLanguage\":\"fr-FR\"},{\"@type\":\"Organization\",\"@id\":\"https:\\\/\\\/www.beachspirit.fr\\\/bs\\\/#organization\",\"name\":\"BEACH SPIRIT\",\"url\":\"https:\\\/\\\/www.beachspirit.fr\\\/bs\\\/\",\"logo\":{\"@type\":\"ImageObject\",\"inLanguage\":\"fr-FR\",\"@id\":\"https:\\\/\\\/www.beachspirit.fr\\\/bs\\\/#\\\/schema\\\/logo\\\/image\\\/\",\"url\":\"http:\\\/\\\/www.beachspirit.fr\\\/bs\\\/wp-content\\\/uploads\\\/2020\\\/03\\\/logoBS-petit-2.png\",\"contentUrl\":\"http:\\\/\\\/www.beachspirit.fr\\\/bs\\\/wp-content\\\/uploads\\\/2020\\\/03\\\/logoBS-petit-2.png\",\"width\":200,\"height\":117,\"caption\":\"BEACH SPIRIT\"},\"image\":{\"@id\":\"https:\\\/\\\/www.beachspirit.fr\\\/bs\\\/#\\\/schema\\\/logo\\\/image\\\/\"},\"sameAs\":[\"https:\\\/\\\/www.facebook.com\\\/beachspirit.fr\\\/\",\"https:\\\/\\\/www.instagram.com\\\/beachspirit.fr\\\/\"]}]}<\/script>\n<!-- \/ Yoast SEO plugin. -->","yoast_head_json":{"title":"Valves tubeless droites ou coud\u00e9es - BEACH SPIRIT","description":"Valves tubeless droites ou coud\u00e9es \u00e0 45\u00b0 ou 90\u00b0 pour trou de jante \u00d8 11.5mm (majorit\u00e9 des jantes","robots":{"index":"index","follow":"follow","max-snippet":"max-snippet:-1","max-image-preview":"max-image-preview:large","max-video-preview":"max-video-preview:-1"},"canonical":"https:\/\/www.beachspirit.fr\/bs\/produit\/valves-tubeless-droites-coudees\/","og_locale":"fr_FR","og_type":"article","og_title":"Valves tubeless droites ou coud\u00e9es - BEACH SPIRIT","og_description":"Valves tubeless droites ou coud\u00e9es \u00e0 45\u00b0 ou 90\u00b0 pour trou de jante \u00d8 11.5mm (majorit\u00e9 des jantes","og_url":"https:\/\/www.beachspirit.fr\/bs\/produit\/valves-tubeless-droites-coudees\/","og_site_name":"BEACH SPIRIT","article_publisher":"https:\/\/www.facebook.com\/beachspirit.fr\/","article_modified_time":"2026-03-13T06:55:28+00:00","og_image":[{"width":265,"height":265,"url":"https:\/\/www.beachspirit.fr\/bs\/wp-content\/uploads\/2022\/06\/tr413.jpg","type":"image\/jpeg"}],"twitter_card":"summary_large_image","twitter_misc":{"Dur\u00e9e de lecture estim\u00e9e":"1 minute"},"schema":{"@context":"https:\/\/schema.org","@graph":[{"@type":"WebPage","@id":"https:\/\/www.beachspirit.fr\/bs\/produit\/valves-tubeless-droites-coudees\/","url":"https:\/\/www.beachspirit.fr\/bs\/produit\/valves-tubeless-droites-coudees\/","name":"Valves tubeless droites ou coud\u00e9es - BEACH SPIRIT","isPartOf":{"@id":"https:\/\/www.beachspirit.fr\/bs\/#website"},"primaryImageOfPage":{"@id":"https:\/\/www.beachspirit.fr\/bs\/produit\/valves-tubeless-droites-coudees\/#primaryimage"},"image":{"@id":"https:\/\/www.beachspirit.fr\/bs\/produit\/valves-tubeless-droites-coudees\/#primaryimage"},"thumbnailUrl":"https:\/\/www.beachspirit.fr\/bs\/wp-content\/uploads\/2022\/06\/tr413.jpg","datePublished":"2022-06-30T05:41:02+00:00","dateModified":"2026-03-13T06:55:28+00:00","description":"Valves tubeless droites ou coud\u00e9es \u00e0 45\u00b0 ou 90\u00b0 pour trou de jante \u00d8 11.5mm (majorit\u00e9 des jantes","breadcrumb":{"@id":"https:\/\/www.beachspirit.fr\/bs\/produit\/valves-tubeless-droites-coudees\/#breadcrumb"},"inLanguage":"fr-FR","potentialAction":[{"@type":"ReadAction","target":["https:\/\/www.beachspirit.fr\/bs\/produit\/valves-tubeless-droites-coudees\/"]}]},{"@type":"ImageObject","inLanguage":"fr-FR","@id":"https:\/\/www.beachspirit.fr\/bs\/produit\/valves-tubeless-droites-coudees\/#primaryimage","url":"https:\/\/www.beachspirit.fr\/bs\/wp-content\/uploads\/2022\/06\/tr413.jpg","contentUrl":"https:\/\/www.beachspirit.fr\/bs\/wp-content\/uploads\/2022\/06\/tr413.jpg","width":265,"height":265,"caption":"valves tubeless droite schrader T413"},{"@type":"BreadcrumbList","@id":"https:\/\/www.beachspirit.fr\/bs\/produit\/valves-tubeless-droites-coudees\/#breadcrumb","itemListElement":[{"@type":"ListItem","position":1,"name":"Accueil","item":"https:\/\/www.beachspirit.fr\/bs\/"},{"@type":"ListItem","position":2,"name":"Boutique","item":"https:\/\/www.beachspirit.fr\/bs\/boutique\/"},{"@type":"ListItem","position":3,"name":"Valves tubeless droites ou coud\u00e9es"}]},{"@type":"WebSite","@id":"https:\/\/www.beachspirit.fr\/bs\/#website","url":"https:\/\/www.beachspirit.fr\/bs\/","name":"BEACH SPIRIT","description":"beach spirit approved","publisher":{"@id":"https:\/\/www.beachspirit.fr\/bs\/#organization"},"potentialAction":[{"@type":"SearchAction","target":{"@type":"EntryPoint","urlTemplate":"https:\/\/www.beachspirit.fr\/bs\/?s={search_term_string}"},"query-input":{"@type":"PropertyValueSpecification","valueRequired":true,"valueName":"search_term_string"}}],"inLanguage":"fr-FR"},{"@type":"Organization","@id":"https:\/\/www.beachspirit.fr\/bs\/#organization","name":"BEACH SPIRIT","url":"https:\/\/www.beachspirit.fr\/bs\/","logo":{"@type":"ImageObject","inLanguage":"fr-FR","@id":"https:\/\/www.beachspirit.fr\/bs\/#\/schema\/logo\/image\/","url":"http:\/\/www.beachspirit.fr\/bs\/wp-content\/uploads\/2020\/03\/logoBS-petit-2.png","contentUrl":"http:\/\/www.beachspirit.fr\/bs\/wp-content\/uploads\/2020\/03\/logoBS-petit-2.png","width":200,"height":117,"caption":"BEACH SPIRIT"},"image":{"@id":"https:\/\/www.beachspirit.fr\/bs\/#\/schema\/logo\/image\/"},"sameAs":["https:\/\/www.facebook.com\/beachspirit.fr\/","https:\/\/www.instagram.com\/beachspirit.fr\/"]}]}},"_links":{"self":[{"href":"https:\/\/www.beachspirit.fr\/bs\/wp-json\/wp\/v2\/product\/26961","targetHints":{"allow":["GET"]}}],"collection":[{"href":"https:\/\/www.beachspirit.fr\/bs\/wp-json\/wp\/v2\/product"}],"about":[{"href":"https:\/\/www.beachspirit.fr\/bs\/wp-json\/wp\/v2\/types\/product"}],"replies":[{"embeddable":true,"href":"https:\/\/www.beachspirit.fr\/bs\/wp-json\/wp\/v2\/comments?post=26961"}],"wp:featuredmedia":[{"embeddable":true,"href":"https:\/\/www.beachspirit.fr\/bs\/wp-json\/wp\/v2\/media\/26964"}],"wp:attachment":[{"href":"https:\/\/www.beachspirit.fr\/bs\/wp-json\/wp\/v2\/media?parent=26961"}],"wp:term":[{"taxonomy":"product_brand","embeddable":true,"href":"https:\/\/www.beachspirit.fr\/bs\/wp-json\/wp\/v2\/product_brand?post=26961"},{"taxonomy":"product_cat","embeddable":true,"href":"https:\/\/www.beachspirit.fr\/bs\/wp-json\/wp\/v2\/product_cat?post=26961"},{"taxonomy":"product_tag","embeddable":true,"href":"https:\/\/www.beachspirit.fr\/bs\/wp-json\/wp\/v2\/product_tag?post=26961"}],"curies":[{"name":"wp","href":"https:\/\/api.w.org\/{rel}","templated":true}]}}