{"id":26972,"date":"2022-07-14T07:46:45","date_gmt":"2022-07-14T06:46:45","guid":{"rendered":"https:\/\/www.beachspirit.fr\/bs\/?post_type=product&#038;p=26972"},"modified":"2025-11-21T16:32:43","modified_gmt":"2025-11-21T15:32:43","slug":"pompe-a-pied-newton-fpv1-avec-manometre","status":"publish","type":"product","link":"https:\/\/www.beachspirit.fr\/bs\/produit\/pompe-a-pied-newton-fpv1-avec-manometre\/","title":{"rendered":"Pompe \u00e0 Pied Newton FPV1 avec manom\u00e8tre"},"content":{"rendered":"<h3><span style=\"color: #ff6600;\">Pompe \u00e0 Pied Newton FPV1 avec manom\u00e8tre<\/span><\/h3>\n<p><span style=\"color: #ffff00;\">Des pneus c&rsquo;est bien mais avec une pompe c&rsquo;est mieux !!<\/span><\/p>\n<p><span style=\"color: #ffff00;\">Mod\u00e8le test\u00e9 et approuv\u00e9, la pompe \u00e0 pied newton FPV1 dispose notamment d&#8217;embouts de valves types presta et schrader, d&rsquo;aiguilles et embouts de gonflage pour ballons, bou\u00e9es etc&#8230;\u00a0 d&rsquo;1<\/span> <a href=\"https:\/\/fr.wikipedia.org\/wiki\/Manom%C3%A8tre\" target=\"_blank\" rel=\"noopener\">manom\u00e8tre<\/a> <span style=\"color: #ffff00;\">et d&rsquo;une base large pour plus de stabilit\u00e9<\/span><\/p>\n<p><span style=\"color: #ffff00;\"><strong>Caract\u00e9ristiques<\/strong><\/span><\/p>\n<ul>\n<li class=\"sub\"><span style=\"color: #ffff00;\"><strong><span class=\"label\">Fabricant\u00a0:\u00a0<\/span><em><em class=\"value\"><span class=\"ft_link\">NEWTON<\/span><\/em><\/em><\/strong><\/span><\/li>\n<li class=\"sub\"><span style=\"color: #ffff00;\"><strong>Nom du Produit :\u00a0<em>Pompe<\/em><\/strong><\/span><\/li>\n<li class=\"sub\"><span style=\"color: #ffff00;\"><strong>Type :\u00a0<em>A pied<\/em><\/strong><\/span><\/li>\n<li class=\"sub\"><span style=\"color: #ffff00;\"><strong>Mod\u00e8le du produit :\u00a0<em>FPV1<\/em><\/strong><\/span><\/li>\n<li class=\"sub\"><span style=\"color: #ffff00;\"><strong>Version :\u00a0<em>Avec manometre<\/em><\/strong><\/span><\/li>\n<li class=\"sub\"><span style=\"color: #ffff00;\"><strong>Utilisation du Produit :\u00a0<em>pour gonflage de tout produit (pneu, ballon, bou\u00e9e, bateau,&#8230;.)<\/em><\/strong><\/span><\/li>\n<li><span style=\"color: #ffff00;\"><strong>Mati\u00e8re :\u00a0<em>acier<\/em><\/strong><\/span><\/li>\n<li><span style=\"color: #ffff00;\"><strong>Couleur :\u00a0<em>Bleue et noire<br \/>\n<\/em><\/strong><\/span><\/li>\n<li><span style=\"color: #ffff00;\"><strong>Type de Valve :\u00a0<em>Presta \/ Shrader<\/em><\/strong><\/span><\/li>\n<li><span style=\"color: #ffff00;\"><strong>Divers Attributs :\u00a0<em>Raccord double type switch<\/em><\/strong><\/span><\/li>\n<li><span style=\"color: #ffff00;\"><strong>Conditionnement :\u00a0<em>Vendu \u00e0 l&rsquo;unit\u00e9<\/em><\/strong><\/span><\/li>\n<li><span style=\"color: #ffff00;\"><strong>Pression :\u00a0<em>11 bars<\/em><\/strong><\/span><\/li>\n<li><span style=\"color: #ffff00;\"><strong>Code EAN :\u00a0<em>3700948114841<\/em><\/strong><\/span><\/li>\n<\/ul>\n<p><span style=\"color: #ffff00;\">Besoin d&rsquo;un renseignement ?\u00a0<\/span> <a href=\"https:\/\/www.beachspirit.fr\/bs\/nous-contacter\/\" target=\"_blank\" rel=\"noopener\">Contactez nous<\/a><\/p>\n<div id=\"fp_info\"><\/div>\n","protected":false},"excerpt":{"rendered":"<h2><span style=\"color: #ff6600;\">Pompe \u00e0 Pied Newton FPV1 avec manom\u00e8tre<\/span><\/h2>\n","protected":false},"featured_media":26973,"comment_status":"open","ping_status":"closed","template":"","meta":[],"product_brand":[],"product_cat":[545,546,547,549,548,361,341,562,22],"product_tag":[],"class_list":{"0":"post-26972","1":"product","2":"type-product","3":"status-publish","4":"has-post-thumbnail","6":"product_cat-blokart","7":"product_cat-char-a-voile-classes-2-et-3","8":"product_cat-chars-a-voile-classes-5-promo-standart-mini-loisir","9":"product_cat-articles-techniques-pour-kite-buggy","10":"product_cat-articles-techniques-speed-sail","11":"product_cat-articles-techniques-voile-char-a-voile","12":"product_cat-non-classe","13":"product_cat-roues-pneus-chambres-a-air","14":"product_cat-roulements-roues-pneus-char-a-voile","15":"product_shipping_class-tarif-suivant-poids","17":"first","18":"onbackorder","19":"purchasable","20":"product-type-simple"},"yoast_head":"<!-- This site is optimized with the Yoast SEO plugin v27.5 - https:\/\/yoast.com\/product\/yoast-seo-wordpress\/ -->\n<title>Pompe \u00e0 Pied Newton FPV1 avec manom\u00e8tre - BEACH SPIRIT<\/title>\n<meta name=\"description\" content=\"Des pneus c&#039;est bien mais avec une pompe c&#039;est mieux !vMod\u00e8le test\u00e9 et approuv\u00e9, la pompe \u00e0 pied newton FPV1 dispose notamment d&#039;embouts de valves types presta et schrader, d&#039;aiguilles et embouts de gonflage pour ballons, bou\u00e9es etc...\u00a0 d&#039;1 manom\u00e8tre et d&#039;une base large pour plus de stabilit\u00e9\" \/>\n<meta name=\"robots\" content=\"index, follow, max-snippet:-1, max-image-preview:large, max-video-preview:-1\" \/>\n<link rel=\"canonical\" href=\"https:\/\/www.beachspirit.fr\/bs\/produit\/pompe-a-pied-newton-fpv1-avec-manometre\/\" \/>\n<meta property=\"og:locale\" content=\"fr_FR\" \/>\n<meta property=\"og:type\" content=\"article\" \/>\n<meta property=\"og:title\" content=\"Pompe \u00e0 Pied Newton FPV1 avec manom\u00e8tre - BEACH SPIRIT\" \/>\n<meta property=\"og:description\" content=\"Des pneus c&#039;est bien mais avec une pompe c&#039;est mieux !vMod\u00e8le test\u00e9 et approuv\u00e9, la pompe \u00e0 pied newton FPV1 dispose notamment d&#039;embouts de valves types presta et schrader, d&#039;aiguilles et embouts de gonflage pour ballons, bou\u00e9es etc...\u00a0 d&#039;1 manom\u00e8tre et d&#039;une base large pour plus de stabilit\u00e9\" \/>\n<meta property=\"og:url\" content=\"https:\/\/www.beachspirit.fr\/bs\/produit\/pompe-a-pied-newton-fpv1-avec-manometre\/\" \/>\n<meta property=\"og:site_name\" content=\"BEACH SPIRIT\" \/>\n<meta property=\"article:publisher\" content=\"https:\/\/www.facebook.com\/beachspirit.fr\/\" \/>\n<meta property=\"article:modified_time\" content=\"2025-11-21T15:32:43+00:00\" \/>\n<meta property=\"og:image\" content=\"https:\/\/www.beachspirit.fr\/bs\/wp-content\/uploads\/2022\/07\/pompe_newton_fpv1_bleu_a.jpg\" \/>\n\t<meta property=\"og:image:width\" content=\"265\" \/>\n\t<meta property=\"og:image:height\" content=\"265\" \/>\n\t<meta property=\"og:image:type\" content=\"image\/jpeg\" \/>\n<meta name=\"twitter:card\" content=\"summary_large_image\" \/>\n<meta name=\"twitter:label1\" content=\"Dur\u00e9e de lecture estim\u00e9e\" \/>\n\t<meta name=\"twitter:data1\" content=\"1 minute\" \/>\n<script type=\"application\/ld+json\" class=\"yoast-schema-graph\">{\"@context\":\"https:\\\/\\\/schema.org\",\"@graph\":[{\"@type\":\"WebPage\",\"@id\":\"https:\\\/\\\/www.beachspirit.fr\\\/bs\\\/produit\\\/pompe-a-pied-newton-fpv1-avec-manometre\\\/\",\"url\":\"https:\\\/\\\/www.beachspirit.fr\\\/bs\\\/produit\\\/pompe-a-pied-newton-fpv1-avec-manometre\\\/\",\"name\":\"Pompe \u00e0 Pied Newton FPV1 avec manom\u00e8tre - BEACH SPIRIT\",\"isPartOf\":{\"@id\":\"https:\\\/\\\/www.beachspirit.fr\\\/bs\\\/#website\"},\"primaryImageOfPage\":{\"@id\":\"https:\\\/\\\/www.beachspirit.fr\\\/bs\\\/produit\\\/pompe-a-pied-newton-fpv1-avec-manometre\\\/#primaryimage\"},\"image\":{\"@id\":\"https:\\\/\\\/www.beachspirit.fr\\\/bs\\\/produit\\\/pompe-a-pied-newton-fpv1-avec-manometre\\\/#primaryimage\"},\"thumbnailUrl\":\"https:\\\/\\\/www.beachspirit.fr\\\/bs\\\/wp-content\\\/uploads\\\/2022\\\/07\\\/pompe_newton_fpv1_bleu_a.jpg\",\"datePublished\":\"2022-07-14T06:46:45+00:00\",\"dateModified\":\"2025-11-21T15:32:43+00:00\",\"description\":\"Des pneus c'est bien mais avec une pompe c'est mieux !vMod\u00e8le test\u00e9 et approuv\u00e9, la pompe \u00e0 pied newton FPV1 dispose notamment d'embouts de valves types presta et schrader, d'aiguilles et embouts de gonflage pour ballons, bou\u00e9es etc...\u00a0 d'1 manom\u00e8tre et d'une base large pour plus de stabilit\u00e9\",\"breadcrumb\":{\"@id\":\"https:\\\/\\\/www.beachspirit.fr\\\/bs\\\/produit\\\/pompe-a-pied-newton-fpv1-avec-manometre\\\/#breadcrumb\"},\"inLanguage\":\"fr-FR\",\"potentialAction\":[{\"@type\":\"ReadAction\",\"target\":[\"https:\\\/\\\/www.beachspirit.fr\\\/bs\\\/produit\\\/pompe-a-pied-newton-fpv1-avec-manometre\\\/\"]}]},{\"@type\":\"ImageObject\",\"inLanguage\":\"fr-FR\",\"@id\":\"https:\\\/\\\/www.beachspirit.fr\\\/bs\\\/produit\\\/pompe-a-pied-newton-fpv1-avec-manometre\\\/#primaryimage\",\"url\":\"https:\\\/\\\/www.beachspirit.fr\\\/bs\\\/wp-content\\\/uploads\\\/2022\\\/07\\\/pompe_newton_fpv1_bleu_a.jpg\",\"contentUrl\":\"https:\\\/\\\/www.beachspirit.fr\\\/bs\\\/wp-content\\\/uploads\\\/2022\\\/07\\\/pompe_newton_fpv1_bleu_a.jpg\",\"width\":265,\"height\":265,\"caption\":\"pompe \u00e0 pied avec manom\u00e8tre NEWTON FPV1\"},{\"@type\":\"BreadcrumbList\",\"@id\":\"https:\\\/\\\/www.beachspirit.fr\\\/bs\\\/produit\\\/pompe-a-pied-newton-fpv1-avec-manometre\\\/#breadcrumb\",\"itemListElement\":[{\"@type\":\"ListItem\",\"position\":1,\"name\":\"Accueil\",\"item\":\"https:\\\/\\\/www.beachspirit.fr\\\/bs\\\/\"},{\"@type\":\"ListItem\",\"position\":2,\"name\":\"Boutique\",\"item\":\"https:\\\/\\\/www.beachspirit.fr\\\/bs\\\/boutique\\\/\"},{\"@type\":\"ListItem\",\"position\":3,\"name\":\"Pompe \u00e0 Pied Newton FPV1 avec manom\u00e8tre\"}]},{\"@type\":\"WebSite\",\"@id\":\"https:\\\/\\\/www.beachspirit.fr\\\/bs\\\/#website\",\"url\":\"https:\\\/\\\/www.beachspirit.fr\\\/bs\\\/\",\"name\":\"BEACH SPIRIT\",\"description\":\"beach spirit approved\",\"publisher\":{\"@id\":\"https:\\\/\\\/www.beachspirit.fr\\\/bs\\\/#organization\"},\"potentialAction\":[{\"@type\":\"SearchAction\",\"target\":{\"@type\":\"EntryPoint\",\"urlTemplate\":\"https:\\\/\\\/www.beachspirit.fr\\\/bs\\\/?s={search_term_string}\"},\"query-input\":{\"@type\":\"PropertyValueSpecification\",\"valueRequired\":true,\"valueName\":\"search_term_string\"}}],\"inLanguage\":\"fr-FR\"},{\"@type\":\"Organization\",\"@id\":\"https:\\\/\\\/www.beachspirit.fr\\\/bs\\\/#organization\",\"name\":\"BEACH SPIRIT\",\"url\":\"https:\\\/\\\/www.beachspirit.fr\\\/bs\\\/\",\"logo\":{\"@type\":\"ImageObject\",\"inLanguage\":\"fr-FR\",\"@id\":\"https:\\\/\\\/www.beachspirit.fr\\\/bs\\\/#\\\/schema\\\/logo\\\/image\\\/\",\"url\":\"http:\\\/\\\/www.beachspirit.fr\\\/bs\\\/wp-content\\\/uploads\\\/2020\\\/03\\\/logoBS-petit-2.png\",\"contentUrl\":\"http:\\\/\\\/www.beachspirit.fr\\\/bs\\\/wp-content\\\/uploads\\\/2020\\\/03\\\/logoBS-petit-2.png\",\"width\":200,\"height\":117,\"caption\":\"BEACH SPIRIT\"},\"image\":{\"@id\":\"https:\\\/\\\/www.beachspirit.fr\\\/bs\\\/#\\\/schema\\\/logo\\\/image\\\/\"},\"sameAs\":[\"https:\\\/\\\/www.facebook.com\\\/beachspirit.fr\\\/\",\"https:\\\/\\\/www.instagram.com\\\/beachspirit.fr\\\/\"]}]}<\/script>\n<!-- \/ Yoast SEO plugin. -->","yoast_head_json":{"title":"Pompe \u00e0 Pied Newton FPV1 avec manom\u00e8tre - BEACH SPIRIT","description":"Des pneus c'est bien mais avec une pompe c'est mieux !vMod\u00e8le test\u00e9 et approuv\u00e9, la pompe \u00e0 pied newton FPV1 dispose notamment d'embouts de valves types presta et schrader, d'aiguilles et embouts de gonflage pour ballons, bou\u00e9es etc...\u00a0 d'1 manom\u00e8tre et d'une base large pour plus de stabilit\u00e9","robots":{"index":"index","follow":"follow","max-snippet":"max-snippet:-1","max-image-preview":"max-image-preview:large","max-video-preview":"max-video-preview:-1"},"canonical":"https:\/\/www.beachspirit.fr\/bs\/produit\/pompe-a-pied-newton-fpv1-avec-manometre\/","og_locale":"fr_FR","og_type":"article","og_title":"Pompe \u00e0 Pied Newton FPV1 avec manom\u00e8tre - BEACH SPIRIT","og_description":"Des pneus c'est bien mais avec une pompe c'est mieux !vMod\u00e8le test\u00e9 et approuv\u00e9, la pompe \u00e0 pied newton FPV1 dispose notamment d'embouts de valves types presta et schrader, d'aiguilles et embouts de gonflage pour ballons, bou\u00e9es etc...\u00a0 d'1 manom\u00e8tre et d'une base large pour plus de stabilit\u00e9","og_url":"https:\/\/www.beachspirit.fr\/bs\/produit\/pompe-a-pied-newton-fpv1-avec-manometre\/","og_site_name":"BEACH SPIRIT","article_publisher":"https:\/\/www.facebook.com\/beachspirit.fr\/","article_modified_time":"2025-11-21T15:32:43+00:00","og_image":[{"width":265,"height":265,"url":"https:\/\/www.beachspirit.fr\/bs\/wp-content\/uploads\/2022\/07\/pompe_newton_fpv1_bleu_a.jpg","type":"image\/jpeg"}],"twitter_card":"summary_large_image","twitter_misc":{"Dur\u00e9e de lecture estim\u00e9e":"1 minute"},"schema":{"@context":"https:\/\/schema.org","@graph":[{"@type":"WebPage","@id":"https:\/\/www.beachspirit.fr\/bs\/produit\/pompe-a-pied-newton-fpv1-avec-manometre\/","url":"https:\/\/www.beachspirit.fr\/bs\/produit\/pompe-a-pied-newton-fpv1-avec-manometre\/","name":"Pompe \u00e0 Pied Newton FPV1 avec manom\u00e8tre - BEACH SPIRIT","isPartOf":{"@id":"https:\/\/www.beachspirit.fr\/bs\/#website"},"primaryImageOfPage":{"@id":"https:\/\/www.beachspirit.fr\/bs\/produit\/pompe-a-pied-newton-fpv1-avec-manometre\/#primaryimage"},"image":{"@id":"https:\/\/www.beachspirit.fr\/bs\/produit\/pompe-a-pied-newton-fpv1-avec-manometre\/#primaryimage"},"thumbnailUrl":"https:\/\/www.beachspirit.fr\/bs\/wp-content\/uploads\/2022\/07\/pompe_newton_fpv1_bleu_a.jpg","datePublished":"2022-07-14T06:46:45+00:00","dateModified":"2025-11-21T15:32:43+00:00","description":"Des pneus c'est bien mais avec une pompe c'est mieux !vMod\u00e8le test\u00e9 et approuv\u00e9, la pompe \u00e0 pied newton FPV1 dispose notamment d'embouts de valves types presta et schrader, d'aiguilles et embouts de gonflage pour ballons, bou\u00e9es etc...\u00a0 d'1 manom\u00e8tre et d'une base large pour plus de stabilit\u00e9","breadcrumb":{"@id":"https:\/\/www.beachspirit.fr\/bs\/produit\/pompe-a-pied-newton-fpv1-avec-manometre\/#breadcrumb"},"inLanguage":"fr-FR","potentialAction":[{"@type":"ReadAction","target":["https:\/\/www.beachspirit.fr\/bs\/produit\/pompe-a-pied-newton-fpv1-avec-manometre\/"]}]},{"@type":"ImageObject","inLanguage":"fr-FR","@id":"https:\/\/www.beachspirit.fr\/bs\/produit\/pompe-a-pied-newton-fpv1-avec-manometre\/#primaryimage","url":"https:\/\/www.beachspirit.fr\/bs\/wp-content\/uploads\/2022\/07\/pompe_newton_fpv1_bleu_a.jpg","contentUrl":"https:\/\/www.beachspirit.fr\/bs\/wp-content\/uploads\/2022\/07\/pompe_newton_fpv1_bleu_a.jpg","width":265,"height":265,"caption":"pompe \u00e0 pied avec manom\u00e8tre NEWTON FPV1"},{"@type":"BreadcrumbList","@id":"https:\/\/www.beachspirit.fr\/bs\/produit\/pompe-a-pied-newton-fpv1-avec-manometre\/#breadcrumb","itemListElement":[{"@type":"ListItem","position":1,"name":"Accueil","item":"https:\/\/www.beachspirit.fr\/bs\/"},{"@type":"ListItem","position":2,"name":"Boutique","item":"https:\/\/www.beachspirit.fr\/bs\/boutique\/"},{"@type":"ListItem","position":3,"name":"Pompe \u00e0 Pied Newton FPV1 avec manom\u00e8tre"}]},{"@type":"WebSite","@id":"https:\/\/www.beachspirit.fr\/bs\/#website","url":"https:\/\/www.beachspirit.fr\/bs\/","name":"BEACH SPIRIT","description":"beach spirit approved","publisher":{"@id":"https:\/\/www.beachspirit.fr\/bs\/#organization"},"potentialAction":[{"@type":"SearchAction","target":{"@type":"EntryPoint","urlTemplate":"https:\/\/www.beachspirit.fr\/bs\/?s={search_term_string}"},"query-input":{"@type":"PropertyValueSpecification","valueRequired":true,"valueName":"search_term_string"}}],"inLanguage":"fr-FR"},{"@type":"Organization","@id":"https:\/\/www.beachspirit.fr\/bs\/#organization","name":"BEACH SPIRIT","url":"https:\/\/www.beachspirit.fr\/bs\/","logo":{"@type":"ImageObject","inLanguage":"fr-FR","@id":"https:\/\/www.beachspirit.fr\/bs\/#\/schema\/logo\/image\/","url":"http:\/\/www.beachspirit.fr\/bs\/wp-content\/uploads\/2020\/03\/logoBS-petit-2.png","contentUrl":"http:\/\/www.beachspirit.fr\/bs\/wp-content\/uploads\/2020\/03\/logoBS-petit-2.png","width":200,"height":117,"caption":"BEACH SPIRIT"},"image":{"@id":"https:\/\/www.beachspirit.fr\/bs\/#\/schema\/logo\/image\/"},"sameAs":["https:\/\/www.facebook.com\/beachspirit.fr\/","https:\/\/www.instagram.com\/beachspirit.fr\/"]}]}},"_links":{"self":[{"href":"https:\/\/www.beachspirit.fr\/bs\/wp-json\/wp\/v2\/product\/26972","targetHints":{"allow":["GET"]}}],"collection":[{"href":"https:\/\/www.beachspirit.fr\/bs\/wp-json\/wp\/v2\/product"}],"about":[{"href":"https:\/\/www.beachspirit.fr\/bs\/wp-json\/wp\/v2\/types\/product"}],"replies":[{"embeddable":true,"href":"https:\/\/www.beachspirit.fr\/bs\/wp-json\/wp\/v2\/comments?post=26972"}],"wp:featuredmedia":[{"embeddable":true,"href":"https:\/\/www.beachspirit.fr\/bs\/wp-json\/wp\/v2\/media\/26973"}],"wp:attachment":[{"href":"https:\/\/www.beachspirit.fr\/bs\/wp-json\/wp\/v2\/media?parent=26972"}],"wp:term":[{"taxonomy":"product_brand","embeddable":true,"href":"https:\/\/www.beachspirit.fr\/bs\/wp-json\/wp\/v2\/product_brand?post=26972"},{"taxonomy":"product_cat","embeddable":true,"href":"https:\/\/www.beachspirit.fr\/bs\/wp-json\/wp\/v2\/product_cat?post=26972"},{"taxonomy":"product_tag","embeddable":true,"href":"https:\/\/www.beachspirit.fr\/bs\/wp-json\/wp\/v2\/product_tag?post=26972"}],"curies":[{"name":"wp","href":"https:\/\/api.w.org\/{rel}","templated":true}]}}