{"id":26978,"date":"2022-07-15T12:14:47","date_gmt":"2022-07-15T11:14:47","guid":{"rendered":"https:\/\/www.beachspirit.fr\/bs\/?post_type=product&#038;p=26978"},"modified":"2024-02-22T12:10:58","modified_gmt":"2024-02-22T11:10:58","slug":"chambre-a-air-valve-coudee-pour-pneu-4-80-4-00-8","status":"publish","type":"product","link":"https:\/\/www.beachspirit.fr\/bs\/produit\/chambre-a-air-valve-coudee-pour-pneu-4-80-4-00-8\/","title":{"rendered":"Chambre \u00e0 air valve droite pour pneu 4.80\/4.00-8"},"content":{"rendered":"<h3><span style=\"color: #ff6600;\">Chambre \u00e0 air valve droite\u00a0 pour pneu 4.80\/4.00-8<\/span><\/h3>\n<p><span style=\"color: #ffff00;\">Chambre \u00e0 air &#8211; 3.50-8 (4.00-8 \u00b7 4.80\/4.00-8 \u00b7 16&#215;4 \u00b7 400&#215;100) &#8211; Valve droite TR13<\/span><\/p>\n","protected":false},"excerpt":{"rendered":"<h2><span style=\"color: #ff6600;\">Chambre \u00e0 air valve droite\u00a0 pour pneu 4.80\/4.00-8<\/span><\/h2>\n<p><span style=\"color: #ffff00;\">Chambre \u00e0 air &#8211; 3.50-8 (4.00-8 \u00b7 4.80\/4.00-8 \u00b7 16&#215;4 \u00b7 400&#215;100) &#8211; Valve droite TR13<\/span><\/p>\n","protected":false},"featured_media":26979,"comment_status":"open","ping_status":"closed","template":"","meta":[],"product_brand":[],"product_cat":[546,547,549,361,562,22],"product_tag":[],"class_list":{"0":"post-26978","1":"product","2":"type-product","3":"status-publish","4":"has-post-thumbnail","6":"product_cat-char-a-voile-classes-2-et-3","7":"product_cat-chars-a-voile-classes-5-promo-standart-mini-loisir","8":"product_cat-articles-techniques-pour-kite-buggy","9":"product_cat-articles-techniques-voile-char-a-voile","10":"product_cat-roues-pneus-chambres-a-air","11":"product_cat-roulements-roues-pneus-char-a-voile","12":"product_shipping_class-tarif-suivant-poids","14":"first","15":"instock","16":"purchasable","17":"product-type-simple"},"yoast_head":"<!-- This site is optimized with the Yoast SEO plugin v27.4 - https:\/\/yoast.com\/product\/yoast-seo-wordpress\/ -->\n<title>Chambre \u00e0 air valve droite pour pneu 4.80\/4.00-8 - BEACH SPIRIT<\/title>\n<meta name=\"description\" content=\"Chambre \u00e0 air pour pneu 4.80\/4.00-8 \u00e0 valve droite. id\u00e9ale pour les roues de char \u00e0 voile ou pneus large speed sail (3.50-8)\" \/>\n<meta name=\"robots\" content=\"index, follow, max-snippet:-1, max-image-preview:large, max-video-preview:-1\" \/>\n<link rel=\"canonical\" href=\"https:\/\/www.beachspirit.fr\/bs\/produit\/chambre-a-air-valve-coudee-pour-pneu-4-80-4-00-8\/\" \/>\n<meta property=\"og:locale\" content=\"fr_FR\" \/>\n<meta property=\"og:type\" content=\"article\" \/>\n<meta property=\"og:title\" content=\"Chambre \u00e0 air valve droite pour pneu 4.80\/4.00-8 - BEACH SPIRIT\" \/>\n<meta property=\"og:description\" content=\"Chambre \u00e0 air pour pneu 4.80\/4.00-8 \u00e0 valve droite. id\u00e9ale pour les roues de char \u00e0 voile ou pneus large speed sail (3.50-8)\" \/>\n<meta property=\"og:url\" content=\"https:\/\/www.beachspirit.fr\/bs\/produit\/chambre-a-air-valve-coudee-pour-pneu-4-80-4-00-8\/\" \/>\n<meta property=\"og:site_name\" content=\"BEACH SPIRIT\" \/>\n<meta property=\"article:publisher\" content=\"https:\/\/www.facebook.com\/beachspirit.fr\/\" \/>\n<meta property=\"article:modified_time\" content=\"2024-02-22T11:10:58+00:00\" \/>\n<meta property=\"og:image\" content=\"https:\/\/www.beachspirit.fr\/bs\/wp-content\/uploads\/2022\/07\/chambres_tr13_2.jpg\" \/>\n\t<meta property=\"og:image:width\" content=\"265\" \/>\n\t<meta property=\"og:image:height\" content=\"265\" \/>\n\t<meta property=\"og:image:type\" content=\"image\/jpeg\" \/>\n<meta name=\"twitter:card\" content=\"summary_large_image\" \/>\n<meta name=\"twitter:label1\" content=\"Dur\u00e9e de lecture estim\u00e9e\" \/>\n\t<meta name=\"twitter:data1\" content=\"1 minute\" \/>\n<script type=\"application\/ld+json\" class=\"yoast-schema-graph\">{\"@context\":\"https:\\\/\\\/schema.org\",\"@graph\":[{\"@type\":\"WebPage\",\"@id\":\"https:\\\/\\\/www.beachspirit.fr\\\/bs\\\/produit\\\/chambre-a-air-valve-coudee-pour-pneu-4-80-4-00-8\\\/\",\"url\":\"https:\\\/\\\/www.beachspirit.fr\\\/bs\\\/produit\\\/chambre-a-air-valve-coudee-pour-pneu-4-80-4-00-8\\\/\",\"name\":\"Chambre \u00e0 air valve droite pour pneu 4.80\\\/4.00-8 - BEACH SPIRIT\",\"isPartOf\":{\"@id\":\"https:\\\/\\\/www.beachspirit.fr\\\/bs\\\/#website\"},\"primaryImageOfPage\":{\"@id\":\"https:\\\/\\\/www.beachspirit.fr\\\/bs\\\/produit\\\/chambre-a-air-valve-coudee-pour-pneu-4-80-4-00-8\\\/#primaryimage\"},\"image\":{\"@id\":\"https:\\\/\\\/www.beachspirit.fr\\\/bs\\\/produit\\\/chambre-a-air-valve-coudee-pour-pneu-4-80-4-00-8\\\/#primaryimage\"},\"thumbnailUrl\":\"https:\\\/\\\/www.beachspirit.fr\\\/bs\\\/wp-content\\\/uploads\\\/2022\\\/07\\\/chambres_tr13_2.jpg\",\"datePublished\":\"2022-07-15T11:14:47+00:00\",\"dateModified\":\"2024-02-22T11:10:58+00:00\",\"description\":\"Chambre \u00e0 air pour pneu 4.80\\\/4.00-8 \u00e0 valve droite. id\u00e9ale pour les roues de char \u00e0 voile ou pneus large speed sail (3.50-8)\",\"breadcrumb\":{\"@id\":\"https:\\\/\\\/www.beachspirit.fr\\\/bs\\\/produit\\\/chambre-a-air-valve-coudee-pour-pneu-4-80-4-00-8\\\/#breadcrumb\"},\"inLanguage\":\"fr-FR\",\"potentialAction\":[{\"@type\":\"ReadAction\",\"target\":[\"https:\\\/\\\/www.beachspirit.fr\\\/bs\\\/produit\\\/chambre-a-air-valve-coudee-pour-pneu-4-80-4-00-8\\\/\"]}]},{\"@type\":\"ImageObject\",\"inLanguage\":\"fr-FR\",\"@id\":\"https:\\\/\\\/www.beachspirit.fr\\\/bs\\\/produit\\\/chambre-a-air-valve-coudee-pour-pneu-4-80-4-00-8\\\/#primaryimage\",\"url\":\"https:\\\/\\\/www.beachspirit.fr\\\/bs\\\/wp-content\\\/uploads\\\/2022\\\/07\\\/chambres_tr13_2.jpg\",\"contentUrl\":\"https:\\\/\\\/www.beachspirit.fr\\\/bs\\\/wp-content\\\/uploads\\\/2022\\\/07\\\/chambres_tr13_2.jpg\",\"width\":265,\"height\":265,\"caption\":\"chambre \u00e0 air valve droite TR13\"},{\"@type\":\"BreadcrumbList\",\"@id\":\"https:\\\/\\\/www.beachspirit.fr\\\/bs\\\/produit\\\/chambre-a-air-valve-coudee-pour-pneu-4-80-4-00-8\\\/#breadcrumb\",\"itemListElement\":[{\"@type\":\"ListItem\",\"position\":1,\"name\":\"Accueil\",\"item\":\"https:\\\/\\\/www.beachspirit.fr\\\/bs\\\/\"},{\"@type\":\"ListItem\",\"position\":2,\"name\":\"Boutique\",\"item\":\"https:\\\/\\\/www.beachspirit.fr\\\/bs\\\/boutique\\\/\"},{\"@type\":\"ListItem\",\"position\":3,\"name\":\"Chambre \u00e0 air valve droite pour pneu 4.80\\\/4.00-8\"}]},{\"@type\":\"WebSite\",\"@id\":\"https:\\\/\\\/www.beachspirit.fr\\\/bs\\\/#website\",\"url\":\"https:\\\/\\\/www.beachspirit.fr\\\/bs\\\/\",\"name\":\"BEACH SPIRIT\",\"description\":\"beach spirit approved\",\"publisher\":{\"@id\":\"https:\\\/\\\/www.beachspirit.fr\\\/bs\\\/#organization\"},\"potentialAction\":[{\"@type\":\"SearchAction\",\"target\":{\"@type\":\"EntryPoint\",\"urlTemplate\":\"https:\\\/\\\/www.beachspirit.fr\\\/bs\\\/?s={search_term_string}\"},\"query-input\":{\"@type\":\"PropertyValueSpecification\",\"valueRequired\":true,\"valueName\":\"search_term_string\"}}],\"inLanguage\":\"fr-FR\"},{\"@type\":\"Organization\",\"@id\":\"https:\\\/\\\/www.beachspirit.fr\\\/bs\\\/#organization\",\"name\":\"BEACH SPIRIT\",\"url\":\"https:\\\/\\\/www.beachspirit.fr\\\/bs\\\/\",\"logo\":{\"@type\":\"ImageObject\",\"inLanguage\":\"fr-FR\",\"@id\":\"https:\\\/\\\/www.beachspirit.fr\\\/bs\\\/#\\\/schema\\\/logo\\\/image\\\/\",\"url\":\"http:\\\/\\\/www.beachspirit.fr\\\/bs\\\/wp-content\\\/uploads\\\/2020\\\/03\\\/logoBS-petit-2.png\",\"contentUrl\":\"http:\\\/\\\/www.beachspirit.fr\\\/bs\\\/wp-content\\\/uploads\\\/2020\\\/03\\\/logoBS-petit-2.png\",\"width\":200,\"height\":117,\"caption\":\"BEACH SPIRIT\"},\"image\":{\"@id\":\"https:\\\/\\\/www.beachspirit.fr\\\/bs\\\/#\\\/schema\\\/logo\\\/image\\\/\"},\"sameAs\":[\"https:\\\/\\\/www.facebook.com\\\/beachspirit.fr\\\/\",\"https:\\\/\\\/www.instagram.com\\\/beachspirit.fr\\\/\"]}]}<\/script>\n<!-- \/ Yoast SEO plugin. -->","yoast_head_json":{"title":"Chambre \u00e0 air valve droite pour pneu 4.80\/4.00-8 - BEACH SPIRIT","description":"Chambre \u00e0 air pour pneu 4.80\/4.00-8 \u00e0 valve droite. id\u00e9ale pour les roues de char \u00e0 voile ou pneus large speed sail (3.50-8)","robots":{"index":"index","follow":"follow","max-snippet":"max-snippet:-1","max-image-preview":"max-image-preview:large","max-video-preview":"max-video-preview:-1"},"canonical":"https:\/\/www.beachspirit.fr\/bs\/produit\/chambre-a-air-valve-coudee-pour-pneu-4-80-4-00-8\/","og_locale":"fr_FR","og_type":"article","og_title":"Chambre \u00e0 air valve droite pour pneu 4.80\/4.00-8 - BEACH SPIRIT","og_description":"Chambre \u00e0 air pour pneu 4.80\/4.00-8 \u00e0 valve droite. id\u00e9ale pour les roues de char \u00e0 voile ou pneus large speed sail (3.50-8)","og_url":"https:\/\/www.beachspirit.fr\/bs\/produit\/chambre-a-air-valve-coudee-pour-pneu-4-80-4-00-8\/","og_site_name":"BEACH SPIRIT","article_publisher":"https:\/\/www.facebook.com\/beachspirit.fr\/","article_modified_time":"2024-02-22T11:10:58+00:00","og_image":[{"width":265,"height":265,"url":"https:\/\/www.beachspirit.fr\/bs\/wp-content\/uploads\/2022\/07\/chambres_tr13_2.jpg","type":"image\/jpeg"}],"twitter_card":"summary_large_image","twitter_misc":{"Dur\u00e9e de lecture estim\u00e9e":"1 minute"},"schema":{"@context":"https:\/\/schema.org","@graph":[{"@type":"WebPage","@id":"https:\/\/www.beachspirit.fr\/bs\/produit\/chambre-a-air-valve-coudee-pour-pneu-4-80-4-00-8\/","url":"https:\/\/www.beachspirit.fr\/bs\/produit\/chambre-a-air-valve-coudee-pour-pneu-4-80-4-00-8\/","name":"Chambre \u00e0 air valve droite pour pneu 4.80\/4.00-8 - BEACH SPIRIT","isPartOf":{"@id":"https:\/\/www.beachspirit.fr\/bs\/#website"},"primaryImageOfPage":{"@id":"https:\/\/www.beachspirit.fr\/bs\/produit\/chambre-a-air-valve-coudee-pour-pneu-4-80-4-00-8\/#primaryimage"},"image":{"@id":"https:\/\/www.beachspirit.fr\/bs\/produit\/chambre-a-air-valve-coudee-pour-pneu-4-80-4-00-8\/#primaryimage"},"thumbnailUrl":"https:\/\/www.beachspirit.fr\/bs\/wp-content\/uploads\/2022\/07\/chambres_tr13_2.jpg","datePublished":"2022-07-15T11:14:47+00:00","dateModified":"2024-02-22T11:10:58+00:00","description":"Chambre \u00e0 air pour pneu 4.80\/4.00-8 \u00e0 valve droite. id\u00e9ale pour les roues de char \u00e0 voile ou pneus large speed sail (3.50-8)","breadcrumb":{"@id":"https:\/\/www.beachspirit.fr\/bs\/produit\/chambre-a-air-valve-coudee-pour-pneu-4-80-4-00-8\/#breadcrumb"},"inLanguage":"fr-FR","potentialAction":[{"@type":"ReadAction","target":["https:\/\/www.beachspirit.fr\/bs\/produit\/chambre-a-air-valve-coudee-pour-pneu-4-80-4-00-8\/"]}]},{"@type":"ImageObject","inLanguage":"fr-FR","@id":"https:\/\/www.beachspirit.fr\/bs\/produit\/chambre-a-air-valve-coudee-pour-pneu-4-80-4-00-8\/#primaryimage","url":"https:\/\/www.beachspirit.fr\/bs\/wp-content\/uploads\/2022\/07\/chambres_tr13_2.jpg","contentUrl":"https:\/\/www.beachspirit.fr\/bs\/wp-content\/uploads\/2022\/07\/chambres_tr13_2.jpg","width":265,"height":265,"caption":"chambre \u00e0 air valve droite TR13"},{"@type":"BreadcrumbList","@id":"https:\/\/www.beachspirit.fr\/bs\/produit\/chambre-a-air-valve-coudee-pour-pneu-4-80-4-00-8\/#breadcrumb","itemListElement":[{"@type":"ListItem","position":1,"name":"Accueil","item":"https:\/\/www.beachspirit.fr\/bs\/"},{"@type":"ListItem","position":2,"name":"Boutique","item":"https:\/\/www.beachspirit.fr\/bs\/boutique\/"},{"@type":"ListItem","position":3,"name":"Chambre \u00e0 air valve droite pour pneu 4.80\/4.00-8"}]},{"@type":"WebSite","@id":"https:\/\/www.beachspirit.fr\/bs\/#website","url":"https:\/\/www.beachspirit.fr\/bs\/","name":"BEACH SPIRIT","description":"beach spirit approved","publisher":{"@id":"https:\/\/www.beachspirit.fr\/bs\/#organization"},"potentialAction":[{"@type":"SearchAction","target":{"@type":"EntryPoint","urlTemplate":"https:\/\/www.beachspirit.fr\/bs\/?s={search_term_string}"},"query-input":{"@type":"PropertyValueSpecification","valueRequired":true,"valueName":"search_term_string"}}],"inLanguage":"fr-FR"},{"@type":"Organization","@id":"https:\/\/www.beachspirit.fr\/bs\/#organization","name":"BEACH SPIRIT","url":"https:\/\/www.beachspirit.fr\/bs\/","logo":{"@type":"ImageObject","inLanguage":"fr-FR","@id":"https:\/\/www.beachspirit.fr\/bs\/#\/schema\/logo\/image\/","url":"http:\/\/www.beachspirit.fr\/bs\/wp-content\/uploads\/2020\/03\/logoBS-petit-2.png","contentUrl":"http:\/\/www.beachspirit.fr\/bs\/wp-content\/uploads\/2020\/03\/logoBS-petit-2.png","width":200,"height":117,"caption":"BEACH SPIRIT"},"image":{"@id":"https:\/\/www.beachspirit.fr\/bs\/#\/schema\/logo\/image\/"},"sameAs":["https:\/\/www.facebook.com\/beachspirit.fr\/","https:\/\/www.instagram.com\/beachspirit.fr\/"]}]}},"_links":{"self":[{"href":"https:\/\/www.beachspirit.fr\/bs\/wp-json\/wp\/v2\/product\/26978","targetHints":{"allow":["GET"]}}],"collection":[{"href":"https:\/\/www.beachspirit.fr\/bs\/wp-json\/wp\/v2\/product"}],"about":[{"href":"https:\/\/www.beachspirit.fr\/bs\/wp-json\/wp\/v2\/types\/product"}],"replies":[{"embeddable":true,"href":"https:\/\/www.beachspirit.fr\/bs\/wp-json\/wp\/v2\/comments?post=26978"}],"wp:featuredmedia":[{"embeddable":true,"href":"https:\/\/www.beachspirit.fr\/bs\/wp-json\/wp\/v2\/media\/26979"}],"wp:attachment":[{"href":"https:\/\/www.beachspirit.fr\/bs\/wp-json\/wp\/v2\/media?parent=26978"}],"wp:term":[{"taxonomy":"product_brand","embeddable":true,"href":"https:\/\/www.beachspirit.fr\/bs\/wp-json\/wp\/v2\/product_brand?post=26978"},{"taxonomy":"product_cat","embeddable":true,"href":"https:\/\/www.beachspirit.fr\/bs\/wp-json\/wp\/v2\/product_cat?post=26978"},{"taxonomy":"product_tag","embeddable":true,"href":"https:\/\/www.beachspirit.fr\/bs\/wp-json\/wp\/v2\/product_tag?post=26978"}],"curies":[{"name":"wp","href":"https:\/\/api.w.org\/{rel}","templated":true}]}}