{"id":26983,"date":"2022-07-31T09:21:43","date_gmt":"2022-07-31T08:21:43","guid":{"rendered":"https:\/\/www.beachspirit.fr\/bs\/?post_type=product&#038;p=26983"},"modified":"2026-03-20T08:58:40","modified_gmt":"2026-03-20T07:58:40","slug":"cartes-pop-up-char-a-voile","status":"publish","type":"product","link":"https:\/\/www.beachspirit.fr\/bs\/produit\/cartes-pop-up-char-a-voile\/","title":{"rendered":"Cartes Pop Up Char \u00e0 Voile"},"content":{"rendered":"<h3><span style=\"color: #ff6600;\"><strong>Cartes Pop Up Char \u00e0 Voile<\/strong><\/span><\/h3>\n<p><span style=\"color: #ffff00;\"><strong>Produit exclusif Beach Spirit en tirage limit\u00e9<\/strong>, ces<\/span> <a href=\"https:\/\/www.lalanguefrancaise.com\/dictionnaire\/definition\/pop-up\" target=\"_blank\" rel=\"noopener\">cartes Pop Up<\/a> <span style=\"color: #ffff00;\">(cartes 3D en papier \u00e9pais) char \u00e0 Voile sont<strong> fabriqu\u00e9es de mani\u00e8re artisanales en France.<\/strong><\/span><\/p>\n<p><span style=\"color: #ffff00;\">En Cadeau, cartes d&rsquo;anniversaire ou de v\u0153ux originales, ces cartes Pop up sont disponibles en 5 couleurs.<\/span><\/p>\n<p><span style=\"color: #ffff00;\">de Dimension 15cm\/15 cm, elles sont vendus sous emballage avec une enveloppe.<\/span><\/p>\n<p><span style=\"color: #ffff00;\"><strong>Couleurs\u00a0 Disponibles<\/strong> (\u00e0 pr\u00e9ciser en \u00ab\u00a0note de commande\u00a0\u00bb<\/span><\/p>\n<ul>\n<li><span style=\"color: #ffff00;\">couverture jaune \/ char bleu clair<\/span><\/li>\n<li><span style=\"color: #ffff00;\">couverture verte \/ char rouge<\/span><\/li>\n<li><span style=\"color: #ffff00;\"> couverture rouge \/ char vert\u00a0<\/span><\/li>\n<li><span style=\"color: #ffff00;\"> couverture orange \/ char bleu<\/span><\/li>\n<li><span style=\"color: #ffff00;\">couverture bleu \/ char bleu clair<\/span><\/li>\n<\/ul>\n<p><span style=\"color: #ffff00;\">\u00a0Une question ?<\/span> <a href=\"https:\/\/www.beachspirit.fr\/bs\/nous-contacter\/\" target=\"_blank\" rel=\"noopener\">Contactez nous<\/a><\/p>\n","protected":false},"excerpt":{"rendered":"<h2><span style=\"color: #ff6600;\"><strong>Cartes Pop Up Char \u00e0 Voile<\/strong><\/span><\/h2>\n<p><span style=\"color: #ffff00;\">Descriptif ci-dessous<\/span><\/p>\n","protected":false},"featured_media":26991,"comment_status":"open","ping_status":"closed","template":"","meta":[],"product_brand":[],"product_cat":[19,553,578],"product_tag":[],"class_list":{"0":"post-26983","1":"product","2":"type-product","3":"status-publish","4":"has-post-thumbnail","6":"product_cat-bonnets-casquettes-accessoires","7":"product_cat-cartes-pop-up-char-a-voile","8":"product_cat-idees-cadeaux-noel","9":"product_shipping_class-tarif-suivant-poids","11":"first","12":"instock","13":"purchasable","14":"product-type-simple"},"yoast_head":"<!-- This site is optimized with the Yoast SEO plugin v27.5 - https:\/\/yoast.com\/product\/yoast-seo-wordpress\/ -->\n<title>Cartes Pop Up Char \u00e0 Voile - BEACH SPIRIT<\/title>\n<meta name=\"description\" content=\"Produit exclusif Beach Spirit en tirage limit\u00e9, ces cartes Pop Up char \u00e0 Voile sont fabriqu\u00e9es de mani\u00e8re artisanales en FranceEn Cadeau ou carte d&#039;anniversaire ou de v\u0153ux originales, ces cartes sont disponibles en 5 couleurs.de Dimension 15cm\/15 cm, elles sont vendus sous emballage avec une enveloppe\" \/>\n<meta name=\"robots\" content=\"index, follow, max-snippet:-1, max-image-preview:large, max-video-preview:-1\" \/>\n<link rel=\"canonical\" href=\"https:\/\/www.beachspirit.fr\/bs\/produit\/cartes-pop-up-char-a-voile\/\" \/>\n<meta property=\"og:locale\" content=\"fr_FR\" \/>\n<meta property=\"og:type\" content=\"article\" \/>\n<meta property=\"og:title\" content=\"Cartes Pop Up Char \u00e0 Voile - BEACH SPIRIT\" \/>\n<meta property=\"og:description\" content=\"Produit exclusif Beach Spirit en tirage limit\u00e9, ces cartes Pop Up char \u00e0 Voile sont fabriqu\u00e9es de mani\u00e8re artisanales en FranceEn Cadeau ou carte d&#039;anniversaire ou de v\u0153ux originales, ces cartes sont disponibles en 5 couleurs.de Dimension 15cm\/15 cm, elles sont vendus sous emballage avec une enveloppe\" \/>\n<meta property=\"og:url\" content=\"https:\/\/www.beachspirit.fr\/bs\/produit\/cartes-pop-up-char-a-voile\/\" \/>\n<meta property=\"og:site_name\" content=\"BEACH SPIRIT\" \/>\n<meta property=\"article:publisher\" content=\"https:\/\/www.facebook.com\/beachspirit.fr\/\" \/>\n<meta property=\"article:modified_time\" content=\"2026-03-20T07:58:40+00:00\" \/>\n<meta property=\"og:image\" content=\"https:\/\/www.beachspirit.fr\/bs\/wp-content\/uploads\/2022\/07\/295859574_799218298105660_1464964441604101772_n-scaled.jpg\" \/>\n\t<meta property=\"og:image:width\" content=\"1920\" \/>\n\t<meta property=\"og:image:height\" content=\"2560\" \/>\n\t<meta property=\"og:image:type\" content=\"image\/jpeg\" \/>\n<meta name=\"twitter:card\" content=\"summary_large_image\" \/>\n<meta name=\"twitter:label1\" content=\"Dur\u00e9e de lecture estim\u00e9e\" \/>\n\t<meta name=\"twitter:data1\" content=\"1 minute\" \/>\n<script type=\"application\/ld+json\" class=\"yoast-schema-graph\">{\"@context\":\"https:\\\/\\\/schema.org\",\"@graph\":[{\"@type\":\"WebPage\",\"@id\":\"https:\\\/\\\/www.beachspirit.fr\\\/bs\\\/produit\\\/cartes-pop-up-char-a-voile\\\/\",\"url\":\"https:\\\/\\\/www.beachspirit.fr\\\/bs\\\/produit\\\/cartes-pop-up-char-a-voile\\\/\",\"name\":\"Cartes Pop Up Char \u00e0 Voile - BEACH SPIRIT\",\"isPartOf\":{\"@id\":\"https:\\\/\\\/www.beachspirit.fr\\\/bs\\\/#website\"},\"primaryImageOfPage\":{\"@id\":\"https:\\\/\\\/www.beachspirit.fr\\\/bs\\\/produit\\\/cartes-pop-up-char-a-voile\\\/#primaryimage\"},\"image\":{\"@id\":\"https:\\\/\\\/www.beachspirit.fr\\\/bs\\\/produit\\\/cartes-pop-up-char-a-voile\\\/#primaryimage\"},\"thumbnailUrl\":\"https:\\\/\\\/www.beachspirit.fr\\\/bs\\\/wp-content\\\/uploads\\\/2022\\\/07\\\/295859574_799218298105660_1464964441604101772_n-scaled.jpg\",\"datePublished\":\"2022-07-31T08:21:43+00:00\",\"dateModified\":\"2026-03-20T07:58:40+00:00\",\"description\":\"Produit exclusif Beach Spirit en tirage limit\u00e9, ces cartes Pop Up char \u00e0 Voile sont fabriqu\u00e9es de mani\u00e8re artisanales en FranceEn Cadeau ou carte d'anniversaire ou de v\u0153ux originales, ces cartes sont disponibles en 5 couleurs.de Dimension 15cm\\\/15 cm, elles sont vendus sous emballage avec une enveloppe\",\"breadcrumb\":{\"@id\":\"https:\\\/\\\/www.beachspirit.fr\\\/bs\\\/produit\\\/cartes-pop-up-char-a-voile\\\/#breadcrumb\"},\"inLanguage\":\"fr-FR\",\"potentialAction\":[{\"@type\":\"ReadAction\",\"target\":[\"https:\\\/\\\/www.beachspirit.fr\\\/bs\\\/produit\\\/cartes-pop-up-char-a-voile\\\/\"]}]},{\"@type\":\"ImageObject\",\"inLanguage\":\"fr-FR\",\"@id\":\"https:\\\/\\\/www.beachspirit.fr\\\/bs\\\/produit\\\/cartes-pop-up-char-a-voile\\\/#primaryimage\",\"url\":\"https:\\\/\\\/www.beachspirit.fr\\\/bs\\\/wp-content\\\/uploads\\\/2022\\\/07\\\/295859574_799218298105660_1464964441604101772_n-scaled.jpg\",\"contentUrl\":\"https:\\\/\\\/www.beachspirit.fr\\\/bs\\\/wp-content\\\/uploads\\\/2022\\\/07\\\/295859574_799218298105660_1464964441604101772_n-scaled.jpg\",\"width\":1920,\"height\":2560,\"caption\":\"cartes Pop Up char \u00e0 voile\"},{\"@type\":\"BreadcrumbList\",\"@id\":\"https:\\\/\\\/www.beachspirit.fr\\\/bs\\\/produit\\\/cartes-pop-up-char-a-voile\\\/#breadcrumb\",\"itemListElement\":[{\"@type\":\"ListItem\",\"position\":1,\"name\":\"Accueil\",\"item\":\"https:\\\/\\\/www.beachspirit.fr\\\/bs\\\/\"},{\"@type\":\"ListItem\",\"position\":2,\"name\":\"Boutique\",\"item\":\"https:\\\/\\\/www.beachspirit.fr\\\/bs\\\/boutique\\\/\"},{\"@type\":\"ListItem\",\"position\":3,\"name\":\"Cartes Pop Up Char \u00e0 Voile\"}]},{\"@type\":\"WebSite\",\"@id\":\"https:\\\/\\\/www.beachspirit.fr\\\/bs\\\/#website\",\"url\":\"https:\\\/\\\/www.beachspirit.fr\\\/bs\\\/\",\"name\":\"BEACH SPIRIT\",\"description\":\"beach spirit approved\",\"publisher\":{\"@id\":\"https:\\\/\\\/www.beachspirit.fr\\\/bs\\\/#organization\"},\"potentialAction\":[{\"@type\":\"SearchAction\",\"target\":{\"@type\":\"EntryPoint\",\"urlTemplate\":\"https:\\\/\\\/www.beachspirit.fr\\\/bs\\\/?s={search_term_string}\"},\"query-input\":{\"@type\":\"PropertyValueSpecification\",\"valueRequired\":true,\"valueName\":\"search_term_string\"}}],\"inLanguage\":\"fr-FR\"},{\"@type\":\"Organization\",\"@id\":\"https:\\\/\\\/www.beachspirit.fr\\\/bs\\\/#organization\",\"name\":\"BEACH SPIRIT\",\"url\":\"https:\\\/\\\/www.beachspirit.fr\\\/bs\\\/\",\"logo\":{\"@type\":\"ImageObject\",\"inLanguage\":\"fr-FR\",\"@id\":\"https:\\\/\\\/www.beachspirit.fr\\\/bs\\\/#\\\/schema\\\/logo\\\/image\\\/\",\"url\":\"http:\\\/\\\/www.beachspirit.fr\\\/bs\\\/wp-content\\\/uploads\\\/2020\\\/03\\\/logoBS-petit-2.png\",\"contentUrl\":\"http:\\\/\\\/www.beachspirit.fr\\\/bs\\\/wp-content\\\/uploads\\\/2020\\\/03\\\/logoBS-petit-2.png\",\"width\":200,\"height\":117,\"caption\":\"BEACH SPIRIT\"},\"image\":{\"@id\":\"https:\\\/\\\/www.beachspirit.fr\\\/bs\\\/#\\\/schema\\\/logo\\\/image\\\/\"},\"sameAs\":[\"https:\\\/\\\/www.facebook.com\\\/beachspirit.fr\\\/\",\"https:\\\/\\\/www.instagram.com\\\/beachspirit.fr\\\/\"]}]}<\/script>\n<!-- \/ Yoast SEO plugin. -->","yoast_head_json":{"title":"Cartes Pop Up Char \u00e0 Voile - BEACH SPIRIT","description":"Produit exclusif Beach Spirit en tirage limit\u00e9, ces cartes Pop Up char \u00e0 Voile sont fabriqu\u00e9es de mani\u00e8re artisanales en FranceEn Cadeau ou carte d'anniversaire ou de v\u0153ux originales, ces cartes sont disponibles en 5 couleurs.de Dimension 15cm\/15 cm, elles sont vendus sous emballage avec une enveloppe","robots":{"index":"index","follow":"follow","max-snippet":"max-snippet:-1","max-image-preview":"max-image-preview:large","max-video-preview":"max-video-preview:-1"},"canonical":"https:\/\/www.beachspirit.fr\/bs\/produit\/cartes-pop-up-char-a-voile\/","og_locale":"fr_FR","og_type":"article","og_title":"Cartes Pop Up Char \u00e0 Voile - BEACH SPIRIT","og_description":"Produit exclusif Beach Spirit en tirage limit\u00e9, ces cartes Pop Up char \u00e0 Voile sont fabriqu\u00e9es de mani\u00e8re artisanales en FranceEn Cadeau ou carte d'anniversaire ou de v\u0153ux originales, ces cartes sont disponibles en 5 couleurs.de Dimension 15cm\/15 cm, elles sont vendus sous emballage avec une enveloppe","og_url":"https:\/\/www.beachspirit.fr\/bs\/produit\/cartes-pop-up-char-a-voile\/","og_site_name":"BEACH SPIRIT","article_publisher":"https:\/\/www.facebook.com\/beachspirit.fr\/","article_modified_time":"2026-03-20T07:58:40+00:00","og_image":[{"width":1920,"height":2560,"url":"https:\/\/www.beachspirit.fr\/bs\/wp-content\/uploads\/2022\/07\/295859574_799218298105660_1464964441604101772_n-scaled.jpg","type":"image\/jpeg"}],"twitter_card":"summary_large_image","twitter_misc":{"Dur\u00e9e de lecture estim\u00e9e":"1 minute"},"schema":{"@context":"https:\/\/schema.org","@graph":[{"@type":"WebPage","@id":"https:\/\/www.beachspirit.fr\/bs\/produit\/cartes-pop-up-char-a-voile\/","url":"https:\/\/www.beachspirit.fr\/bs\/produit\/cartes-pop-up-char-a-voile\/","name":"Cartes Pop Up Char \u00e0 Voile - BEACH SPIRIT","isPartOf":{"@id":"https:\/\/www.beachspirit.fr\/bs\/#website"},"primaryImageOfPage":{"@id":"https:\/\/www.beachspirit.fr\/bs\/produit\/cartes-pop-up-char-a-voile\/#primaryimage"},"image":{"@id":"https:\/\/www.beachspirit.fr\/bs\/produit\/cartes-pop-up-char-a-voile\/#primaryimage"},"thumbnailUrl":"https:\/\/www.beachspirit.fr\/bs\/wp-content\/uploads\/2022\/07\/295859574_799218298105660_1464964441604101772_n-scaled.jpg","datePublished":"2022-07-31T08:21:43+00:00","dateModified":"2026-03-20T07:58:40+00:00","description":"Produit exclusif Beach Spirit en tirage limit\u00e9, ces cartes Pop Up char \u00e0 Voile sont fabriqu\u00e9es de mani\u00e8re artisanales en FranceEn Cadeau ou carte d'anniversaire ou de v\u0153ux originales, ces cartes sont disponibles en 5 couleurs.de Dimension 15cm\/15 cm, elles sont vendus sous emballage avec une enveloppe","breadcrumb":{"@id":"https:\/\/www.beachspirit.fr\/bs\/produit\/cartes-pop-up-char-a-voile\/#breadcrumb"},"inLanguage":"fr-FR","potentialAction":[{"@type":"ReadAction","target":["https:\/\/www.beachspirit.fr\/bs\/produit\/cartes-pop-up-char-a-voile\/"]}]},{"@type":"ImageObject","inLanguage":"fr-FR","@id":"https:\/\/www.beachspirit.fr\/bs\/produit\/cartes-pop-up-char-a-voile\/#primaryimage","url":"https:\/\/www.beachspirit.fr\/bs\/wp-content\/uploads\/2022\/07\/295859574_799218298105660_1464964441604101772_n-scaled.jpg","contentUrl":"https:\/\/www.beachspirit.fr\/bs\/wp-content\/uploads\/2022\/07\/295859574_799218298105660_1464964441604101772_n-scaled.jpg","width":1920,"height":2560,"caption":"cartes Pop Up char \u00e0 voile"},{"@type":"BreadcrumbList","@id":"https:\/\/www.beachspirit.fr\/bs\/produit\/cartes-pop-up-char-a-voile\/#breadcrumb","itemListElement":[{"@type":"ListItem","position":1,"name":"Accueil","item":"https:\/\/www.beachspirit.fr\/bs\/"},{"@type":"ListItem","position":2,"name":"Boutique","item":"https:\/\/www.beachspirit.fr\/bs\/boutique\/"},{"@type":"ListItem","position":3,"name":"Cartes Pop Up Char \u00e0 Voile"}]},{"@type":"WebSite","@id":"https:\/\/www.beachspirit.fr\/bs\/#website","url":"https:\/\/www.beachspirit.fr\/bs\/","name":"BEACH SPIRIT","description":"beach spirit approved","publisher":{"@id":"https:\/\/www.beachspirit.fr\/bs\/#organization"},"potentialAction":[{"@type":"SearchAction","target":{"@type":"EntryPoint","urlTemplate":"https:\/\/www.beachspirit.fr\/bs\/?s={search_term_string}"},"query-input":{"@type":"PropertyValueSpecification","valueRequired":true,"valueName":"search_term_string"}}],"inLanguage":"fr-FR"},{"@type":"Organization","@id":"https:\/\/www.beachspirit.fr\/bs\/#organization","name":"BEACH SPIRIT","url":"https:\/\/www.beachspirit.fr\/bs\/","logo":{"@type":"ImageObject","inLanguage":"fr-FR","@id":"https:\/\/www.beachspirit.fr\/bs\/#\/schema\/logo\/image\/","url":"http:\/\/www.beachspirit.fr\/bs\/wp-content\/uploads\/2020\/03\/logoBS-petit-2.png","contentUrl":"http:\/\/www.beachspirit.fr\/bs\/wp-content\/uploads\/2020\/03\/logoBS-petit-2.png","width":200,"height":117,"caption":"BEACH SPIRIT"},"image":{"@id":"https:\/\/www.beachspirit.fr\/bs\/#\/schema\/logo\/image\/"},"sameAs":["https:\/\/www.facebook.com\/beachspirit.fr\/","https:\/\/www.instagram.com\/beachspirit.fr\/"]}]}},"_links":{"self":[{"href":"https:\/\/www.beachspirit.fr\/bs\/wp-json\/wp\/v2\/product\/26983","targetHints":{"allow":["GET"]}}],"collection":[{"href":"https:\/\/www.beachspirit.fr\/bs\/wp-json\/wp\/v2\/product"}],"about":[{"href":"https:\/\/www.beachspirit.fr\/bs\/wp-json\/wp\/v2\/types\/product"}],"replies":[{"embeddable":true,"href":"https:\/\/www.beachspirit.fr\/bs\/wp-json\/wp\/v2\/comments?post=26983"}],"wp:featuredmedia":[{"embeddable":true,"href":"https:\/\/www.beachspirit.fr\/bs\/wp-json\/wp\/v2\/media\/26991"}],"wp:attachment":[{"href":"https:\/\/www.beachspirit.fr\/bs\/wp-json\/wp\/v2\/media?parent=26983"}],"wp:term":[{"taxonomy":"product_brand","embeddable":true,"href":"https:\/\/www.beachspirit.fr\/bs\/wp-json\/wp\/v2\/product_brand?post=26983"},{"taxonomy":"product_cat","embeddable":true,"href":"https:\/\/www.beachspirit.fr\/bs\/wp-json\/wp\/v2\/product_cat?post=26983"},{"taxonomy":"product_tag","embeddable":true,"href":"https:\/\/www.beachspirit.fr\/bs\/wp-json\/wp\/v2\/product_tag?post=26983"}],"curies":[{"name":"wp","href":"https:\/\/api.w.org\/{rel}","templated":true}]}}