{"id":27009,"date":"2022-08-01T09:44:24","date_gmt":"2022-08-01T08:44:24","guid":{"rendered":"https:\/\/www.beachspirit.fr\/bs\/?post_type=product&#038;p=27009"},"modified":"2026-03-22T18:01:11","modified_gmt":"2026-03-22T17:01:11","slug":"lattes-voile-char-classe-2-et-3-dynaflex-os-5-longueur-2-65m","status":"publish","type":"product","link":"https:\/\/www.beachspirit.fr\/bs\/produit\/lattes-voile-char-classe-2-et-3-dynaflex-os-5-longueur-2-65m\/","title":{"rendered":"Lattes voile char classe 2 et 3 Dynaflex OS 5 longueur 2.65m"},"content":{"rendered":"<h3><span style=\"color: #ff6600;\">Lattes voile char classe 2 et 3 Dynaflex OS 5<\/span><\/h3>\n<p><span style=\"color: #ffff00;\">Test\u00e9es et approuv\u00e9es en classe 3<\/span> <a href=\"https:\/\/dynaflexsailbattens.com\/fr\/offshore-battens\/\" target=\"_blank\" rel=\"noopener\">Les lattes Dynaflex offshore OS 5 \u00ab\u00a0full lenght batten profile\u00a0\u00bb<\/a> <span style=\"color: #ffff00;\">fabriqu\u00e9es aux Pays Bas sont particuli\u00e8rement rigides et peuvent \u00eatre facilement shap\u00e9es pour obtenir la courbe que vous d\u00e9sirez.<\/span><\/p>\n<p><span style=\"color: #ffff00;\">Elles sont vendues en longueur de 2.65m et livrables sur les sites de comp\u00e9tition (pas d&rsquo;envoi)<\/span><\/p>\n<p><strong><span style=\"color: #ffff00;\">Caracteristiques<\/span><\/strong><\/p>\n<p><span style=\"color: #ffff00;\"><strong>Lattes Dynaflex\u00a0 OFFSHORE<\/strong><\/span><\/p>\n<p><span style=\"color: #ffff00;\">Dimensions : 20mm x 4,8mm, 20mm x 5,8mm, 20mm x 7,0mm, 20mm x 8mm, 20mm x 9,2mm.<\/span><br \/>\n<span style=\"color: #ffff00;\">Longueur : toute longueur possible<\/span><br \/>\n<span style=\"color: #ffff00;\">Profil\u00e9 : Leech Batten profile (toutes rigidit\u00e9s possibles)<\/span><br \/>\n<span style=\"color: #ffff00;\">Full Length Batten profile (tous profil\u00e9s possibles)<\/span><\/p>\n<p><span style=\"color: #ffff00;\"><strong>Flexibilit\u00e9 d\u2019une latte de voile non profil\u00e9s d\u2019un poids de 2 \u00e0 kg pour une longueur d\u2019un m\u00e8tre.<\/strong><\/span><\/p>\n<table border=\"1\" width=\"100%\" cellspacing=\"1\" cellpadding=\"3\">\n<tbody>\n<tr>\n<td valign=\"TOP\" width=\"25%\" height=\"23\"><span style=\"color: #ffff00;\"><strong>Batten Type:<\/strong><\/span><\/td>\n<td valign=\"TOP\" width=\"25%\" height=\"23\"><span style=\"color: #ffff00;\"><strong>Size:<\/strong><\/span><\/td>\n<td valign=\"TOP\" width=\"25%\" height=\"23\"><span style=\"color: #ffff00;\"><strong>Weight:<\/strong><\/span><\/td>\n<td valign=\"TOP\" width=\"25%\" height=\"23\"><span style=\"color: #ffff00;\"><strong>Deflection:<\/strong><\/span><\/td>\n<\/tr>\n<tr>\n<td valign=\"TOP\" width=\"25%\" height=\"23\"><span style=\"color: #ffff00;\">OS 1<\/span><\/td>\n<td valign=\"TOP\" width=\"25%\" height=\"23\"><span style=\"color: #ffff00;\">20 X 4,8 mm<\/span><\/td>\n<td valign=\"TOP\" width=\"25%\" height=\"23\"><span style=\"color: #ffff00;\">115 gr.\/mtr.<\/span><\/td>\n<td valign=\"TOP\" width=\"25%\" height=\"23\"><span style=\"color: #ffff00;\">15 cm \/ 2 kg.<\/span><\/td>\n<\/tr>\n<tr>\n<td valign=\"TOP\" width=\"25%\" height=\"23\"><span style=\"color: #ffff00;\">OS 2<\/span><\/td>\n<td valign=\"TOP\" width=\"25%\" height=\"23\"><span style=\"color: #ffff00;\">20 x 5,8 mm<\/span><\/td>\n<td valign=\"TOP\" width=\"25%\" height=\"23\"><span style=\"color: #ffff00;\">149 gr.\/mtr.<\/span><\/td>\n<td valign=\"TOP\" width=\"25%\" height=\"23\"><span style=\"color: #ffff00;\">5 cm \/ 2 kg.<\/span><\/td>\n<\/tr>\n<tr>\n<td valign=\"TOP\" width=\"25%\" height=\"23\"><span style=\"color: #ffff00;\">OS 3<\/span><\/td>\n<td valign=\"TOP\" width=\"25%\" height=\"23\"><span style=\"color: #ffff00;\">20 X 7,0 mm<\/span><\/td>\n<td valign=\"TOP\" width=\"25%\" height=\"23\"><span style=\"color: #ffff00;\">183 gr.\/mtr.<\/span><\/td>\n<td valign=\"TOP\" width=\"25%\" height=\"23\"><span style=\"color: #ffff00;\">7,7 cm \/ 5 kg.<\/span><\/td>\n<\/tr>\n<tr>\n<td valign=\"TOP\" width=\"25%\" height=\"23\"><span style=\"color: #ffff00;\">OS 4<\/span><\/td>\n<td valign=\"TOP\" width=\"25%\" height=\"23\"><span style=\"color: #ffff00;\">20 x 8,0 mm<\/span><\/td>\n<td valign=\"TOP\" width=\"25%\" height=\"23\"><span style=\"color: #ffff00;\">215 gr.\/mtr.<\/span><\/td>\n<td valign=\"TOP\" width=\"25%\" height=\"23\"><span style=\"color: #ffff00;\">6,5 cm \/ 5 kg.<\/span><\/td>\n<\/tr>\n<tr>\n<td valign=\"TOP\" width=\"25%\"><span style=\"color: #ffff00;\">OS 5<\/span><\/td>\n<td valign=\"TOP\" width=\"25%\"><span style=\"color: #ffff00;\">20 x 9,2 mm<\/span><\/td>\n<td valign=\"TOP\" width=\"25%\"><span style=\"color: #ffff00;\">241 gr.\/mtr.<\/span><\/td>\n<td valign=\"TOP\" width=\"25%\"><span style=\"color: #ffff00;\">3,7 cm \/ 5 kg.<\/span><\/td>\n<\/tr>\n<tr>\n<td valign=\"TOP\" width=\"25%\"><span style=\"color: #ffff00;\">OS 2 CARBON<\/span><\/td>\n<td valign=\"TOP\" width=\"25%\"><span style=\"color: #ffff00;\">20 x 5,8 mm<\/span><\/td>\n<td valign=\"TOP\" width=\"25%\"><span style=\"color: #ffff00;\">114 gr.\/mtr.<\/span><\/td>\n<td valign=\"TOP\" width=\"25%\"><span style=\"color: #ffff00;\">6,8 cm \/ 5 kg.<\/span><\/td>\n<\/tr>\n<\/tbody>\n<\/table>\n<p><span style=\"color: #ffff00;\">Pour tous renseignements<\/span> <a href=\"https:\/\/www.beachspirit.fr\/bs\/nous-contacter\/\" target=\"_blank\" rel=\"noopener\">contactez nous<\/a><\/p>\n","protected":false},"excerpt":{"rendered":"<h2><span style=\"color: #ff6600;\">Lattes voile char classe 2 et 3 Dynaflex OS 5<\/span><\/h2>\n<p><span style=\"color: #ffff00;\">vendus en longueur de 2.65m<\/span><\/p>\n<p><span style=\"color: #ffff00;\">Descriptif d\u00e9taill\u00e9 ci-dessous<\/span><\/p>\n","protected":false},"featured_media":27008,"comment_status":"open","ping_status":"closed","template":"","meta":[],"product_brand":[],"product_cat":[546,361],"product_tag":[],"class_list":{"0":"post-27009","1":"product","2":"type-product","3":"status-publish","4":"has-post-thumbnail","6":"product_cat-char-a-voile-classes-2-et-3","7":"product_cat-articles-techniques-voile-char-a-voile","8":"product_shipping_class-pas-de-livraison","10":"first","11":"instock","12":"shipping-taxable","13":"purchasable","14":"product-type-simple"},"yoast_head":"<!-- This site is optimized with the Yoast SEO plugin v27.5 - https:\/\/yoast.com\/product\/yoast-seo-wordpress\/ -->\n<title>Lattes voile char classe 2 et 3 Dynaflex OS 5 longueur 2.65m - BEACH SPIRIT<\/title>\n<meta name=\"description\" content=\"Test\u00e9es et approuv\u00e9es en classe 3 Les lattes Dynaflex offshore OS 5 &quot;full lenght batten profile&quot; fabriqu\u00e9es aux Pays Bas sont particuli\u00e8rement rigides et peuvent \u00eatre facilement shap\u00e9es pour obtenir la courbe que vous d\u00e9sirez. Elles sont vendues en longueur de 2.65m et livrables sur les sites de comp\u00e9tition (pas d&#039;envoi)\" \/>\n<meta name=\"robots\" content=\"index, follow, max-snippet:-1, max-image-preview:large, max-video-preview:-1\" \/>\n<link rel=\"canonical\" href=\"https:\/\/www.beachspirit.fr\/bs\/produit\/lattes-voile-char-classe-2-et-3-dynaflex-os-5-longueur-2-65m\/\" \/>\n<meta property=\"og:locale\" content=\"fr_FR\" \/>\n<meta property=\"og:type\" content=\"article\" \/>\n<meta property=\"og:title\" content=\"Lattes voile char classe 2 et 3 Dynaflex OS 5 longueur 2.65m - BEACH SPIRIT\" \/>\n<meta property=\"og:description\" content=\"Test\u00e9es et approuv\u00e9es en classe 3 Les lattes Dynaflex offshore OS 5 &quot;full lenght batten profile&quot; fabriqu\u00e9es aux Pays Bas sont particuli\u00e8rement rigides et peuvent \u00eatre facilement shap\u00e9es pour obtenir la courbe que vous d\u00e9sirez. Elles sont vendues en longueur de 2.65m et livrables sur les sites de comp\u00e9tition (pas d&#039;envoi)\" \/>\n<meta property=\"og:url\" content=\"https:\/\/www.beachspirit.fr\/bs\/produit\/lattes-voile-char-classe-2-et-3-dynaflex-os-5-longueur-2-65m\/\" \/>\n<meta property=\"og:site_name\" content=\"BEACH SPIRIT\" \/>\n<meta property=\"article:publisher\" content=\"https:\/\/www.facebook.com\/beachspirit.fr\/\" \/>\n<meta property=\"article:modified_time\" content=\"2026-03-22T17:01:11+00:00\" \/>\n<meta property=\"og:image\" content=\"https:\/\/www.beachspirit.fr\/bs\/wp-content\/uploads\/2022\/08\/latte-dynaflex.jpg\" \/>\n\t<meta property=\"og:image:width\" content=\"1519\" \/>\n\t<meta property=\"og:image:height\" content=\"1897\" \/>\n\t<meta property=\"og:image:type\" content=\"image\/jpeg\" \/>\n<meta name=\"twitter:card\" content=\"summary_large_image\" \/>\n<meta name=\"twitter:label1\" content=\"Dur\u00e9e de lecture estim\u00e9e\" \/>\n\t<meta name=\"twitter:data1\" content=\"2 minutes\" \/>\n<script type=\"application\/ld+json\" class=\"yoast-schema-graph\">{\"@context\":\"https:\\\/\\\/schema.org\",\"@graph\":[{\"@type\":\"WebPage\",\"@id\":\"https:\\\/\\\/www.beachspirit.fr\\\/bs\\\/produit\\\/lattes-voile-char-classe-2-et-3-dynaflex-os-5-longueur-2-65m\\\/\",\"url\":\"https:\\\/\\\/www.beachspirit.fr\\\/bs\\\/produit\\\/lattes-voile-char-classe-2-et-3-dynaflex-os-5-longueur-2-65m\\\/\",\"name\":\"Lattes voile char classe 2 et 3 Dynaflex OS 5 longueur 2.65m - BEACH SPIRIT\",\"isPartOf\":{\"@id\":\"https:\\\/\\\/www.beachspirit.fr\\\/bs\\\/#website\"},\"primaryImageOfPage\":{\"@id\":\"https:\\\/\\\/www.beachspirit.fr\\\/bs\\\/produit\\\/lattes-voile-char-classe-2-et-3-dynaflex-os-5-longueur-2-65m\\\/#primaryimage\"},\"image\":{\"@id\":\"https:\\\/\\\/www.beachspirit.fr\\\/bs\\\/produit\\\/lattes-voile-char-classe-2-et-3-dynaflex-os-5-longueur-2-65m\\\/#primaryimage\"},\"thumbnailUrl\":\"https:\\\/\\\/www.beachspirit.fr\\\/bs\\\/wp-content\\\/uploads\\\/2022\\\/08\\\/latte-dynaflex.jpg\",\"datePublished\":\"2022-08-01T08:44:24+00:00\",\"dateModified\":\"2026-03-22T17:01:11+00:00\",\"description\":\"Test\u00e9es et approuv\u00e9es en classe 3 Les lattes Dynaflex offshore OS 5 \\\"full lenght batten profile\\\" fabriqu\u00e9es aux Pays Bas sont particuli\u00e8rement rigides et peuvent \u00eatre facilement shap\u00e9es pour obtenir la courbe que vous d\u00e9sirez. Elles sont vendues en longueur de 2.65m et livrables sur les sites de comp\u00e9tition (pas d'envoi)\",\"breadcrumb\":{\"@id\":\"https:\\\/\\\/www.beachspirit.fr\\\/bs\\\/produit\\\/lattes-voile-char-classe-2-et-3-dynaflex-os-5-longueur-2-65m\\\/#breadcrumb\"},\"inLanguage\":\"fr-FR\",\"potentialAction\":[{\"@type\":\"ReadAction\",\"target\":[\"https:\\\/\\\/www.beachspirit.fr\\\/bs\\\/produit\\\/lattes-voile-char-classe-2-et-3-dynaflex-os-5-longueur-2-65m\\\/\"]}]},{\"@type\":\"ImageObject\",\"inLanguage\":\"fr-FR\",\"@id\":\"https:\\\/\\\/www.beachspirit.fr\\\/bs\\\/produit\\\/lattes-voile-char-classe-2-et-3-dynaflex-os-5-longueur-2-65m\\\/#primaryimage\",\"url\":\"https:\\\/\\\/www.beachspirit.fr\\\/bs\\\/wp-content\\\/uploads\\\/2022\\\/08\\\/latte-dynaflex.jpg\",\"contentUrl\":\"https:\\\/\\\/www.beachspirit.fr\\\/bs\\\/wp-content\\\/uploads\\\/2022\\\/08\\\/latte-dynaflex.jpg\",\"width\":1519,\"height\":1897,\"caption\":\"latte dynaflex offshore os5\"},{\"@type\":\"BreadcrumbList\",\"@id\":\"https:\\\/\\\/www.beachspirit.fr\\\/bs\\\/produit\\\/lattes-voile-char-classe-2-et-3-dynaflex-os-5-longueur-2-65m\\\/#breadcrumb\",\"itemListElement\":[{\"@type\":\"ListItem\",\"position\":1,\"name\":\"Accueil\",\"item\":\"https:\\\/\\\/www.beachspirit.fr\\\/bs\\\/\"},{\"@type\":\"ListItem\",\"position\":2,\"name\":\"Boutique\",\"item\":\"https:\\\/\\\/www.beachspirit.fr\\\/bs\\\/boutique\\\/\"},{\"@type\":\"ListItem\",\"position\":3,\"name\":\"Lattes voile char classe 2 et 3 Dynaflex OS 5 longueur 2.65m\"}]},{\"@type\":\"WebSite\",\"@id\":\"https:\\\/\\\/www.beachspirit.fr\\\/bs\\\/#website\",\"url\":\"https:\\\/\\\/www.beachspirit.fr\\\/bs\\\/\",\"name\":\"BEACH SPIRIT\",\"description\":\"beach spirit approved\",\"publisher\":{\"@id\":\"https:\\\/\\\/www.beachspirit.fr\\\/bs\\\/#organization\"},\"potentialAction\":[{\"@type\":\"SearchAction\",\"target\":{\"@type\":\"EntryPoint\",\"urlTemplate\":\"https:\\\/\\\/www.beachspirit.fr\\\/bs\\\/?s={search_term_string}\"},\"query-input\":{\"@type\":\"PropertyValueSpecification\",\"valueRequired\":true,\"valueName\":\"search_term_string\"}}],\"inLanguage\":\"fr-FR\"},{\"@type\":\"Organization\",\"@id\":\"https:\\\/\\\/www.beachspirit.fr\\\/bs\\\/#organization\",\"name\":\"BEACH SPIRIT\",\"url\":\"https:\\\/\\\/www.beachspirit.fr\\\/bs\\\/\",\"logo\":{\"@type\":\"ImageObject\",\"inLanguage\":\"fr-FR\",\"@id\":\"https:\\\/\\\/www.beachspirit.fr\\\/bs\\\/#\\\/schema\\\/logo\\\/image\\\/\",\"url\":\"http:\\\/\\\/www.beachspirit.fr\\\/bs\\\/wp-content\\\/uploads\\\/2020\\\/03\\\/logoBS-petit-2.png\",\"contentUrl\":\"http:\\\/\\\/www.beachspirit.fr\\\/bs\\\/wp-content\\\/uploads\\\/2020\\\/03\\\/logoBS-petit-2.png\",\"width\":200,\"height\":117,\"caption\":\"BEACH SPIRIT\"},\"image\":{\"@id\":\"https:\\\/\\\/www.beachspirit.fr\\\/bs\\\/#\\\/schema\\\/logo\\\/image\\\/\"},\"sameAs\":[\"https:\\\/\\\/www.facebook.com\\\/beachspirit.fr\\\/\",\"https:\\\/\\\/www.instagram.com\\\/beachspirit.fr\\\/\"]}]}<\/script>\n<!-- \/ Yoast SEO plugin. -->","yoast_head_json":{"title":"Lattes voile char classe 2 et 3 Dynaflex OS 5 longueur 2.65m - BEACH SPIRIT","description":"Test\u00e9es et approuv\u00e9es en classe 3 Les lattes Dynaflex offshore OS 5 \"full lenght batten profile\" fabriqu\u00e9es aux Pays Bas sont particuli\u00e8rement rigides et peuvent \u00eatre facilement shap\u00e9es pour obtenir la courbe que vous d\u00e9sirez. Elles sont vendues en longueur de 2.65m et livrables sur les sites de comp\u00e9tition (pas d'envoi)","robots":{"index":"index","follow":"follow","max-snippet":"max-snippet:-1","max-image-preview":"max-image-preview:large","max-video-preview":"max-video-preview:-1"},"canonical":"https:\/\/www.beachspirit.fr\/bs\/produit\/lattes-voile-char-classe-2-et-3-dynaflex-os-5-longueur-2-65m\/","og_locale":"fr_FR","og_type":"article","og_title":"Lattes voile char classe 2 et 3 Dynaflex OS 5 longueur 2.65m - BEACH SPIRIT","og_description":"Test\u00e9es et approuv\u00e9es en classe 3 Les lattes Dynaflex offshore OS 5 \"full lenght batten profile\" fabriqu\u00e9es aux Pays Bas sont particuli\u00e8rement rigides et peuvent \u00eatre facilement shap\u00e9es pour obtenir la courbe que vous d\u00e9sirez. Elles sont vendues en longueur de 2.65m et livrables sur les sites de comp\u00e9tition (pas d'envoi)","og_url":"https:\/\/www.beachspirit.fr\/bs\/produit\/lattes-voile-char-classe-2-et-3-dynaflex-os-5-longueur-2-65m\/","og_site_name":"BEACH SPIRIT","article_publisher":"https:\/\/www.facebook.com\/beachspirit.fr\/","article_modified_time":"2026-03-22T17:01:11+00:00","og_image":[{"width":1519,"height":1897,"url":"https:\/\/www.beachspirit.fr\/bs\/wp-content\/uploads\/2022\/08\/latte-dynaflex.jpg","type":"image\/jpeg"}],"twitter_card":"summary_large_image","twitter_misc":{"Dur\u00e9e de lecture estim\u00e9e":"2 minutes"},"schema":{"@context":"https:\/\/schema.org","@graph":[{"@type":"WebPage","@id":"https:\/\/www.beachspirit.fr\/bs\/produit\/lattes-voile-char-classe-2-et-3-dynaflex-os-5-longueur-2-65m\/","url":"https:\/\/www.beachspirit.fr\/bs\/produit\/lattes-voile-char-classe-2-et-3-dynaflex-os-5-longueur-2-65m\/","name":"Lattes voile char classe 2 et 3 Dynaflex OS 5 longueur 2.65m - BEACH SPIRIT","isPartOf":{"@id":"https:\/\/www.beachspirit.fr\/bs\/#website"},"primaryImageOfPage":{"@id":"https:\/\/www.beachspirit.fr\/bs\/produit\/lattes-voile-char-classe-2-et-3-dynaflex-os-5-longueur-2-65m\/#primaryimage"},"image":{"@id":"https:\/\/www.beachspirit.fr\/bs\/produit\/lattes-voile-char-classe-2-et-3-dynaflex-os-5-longueur-2-65m\/#primaryimage"},"thumbnailUrl":"https:\/\/www.beachspirit.fr\/bs\/wp-content\/uploads\/2022\/08\/latte-dynaflex.jpg","datePublished":"2022-08-01T08:44:24+00:00","dateModified":"2026-03-22T17:01:11+00:00","description":"Test\u00e9es et approuv\u00e9es en classe 3 Les lattes Dynaflex offshore OS 5 \"full lenght batten profile\" fabriqu\u00e9es aux Pays Bas sont particuli\u00e8rement rigides et peuvent \u00eatre facilement shap\u00e9es pour obtenir la courbe que vous d\u00e9sirez. Elles sont vendues en longueur de 2.65m et livrables sur les sites de comp\u00e9tition (pas d'envoi)","breadcrumb":{"@id":"https:\/\/www.beachspirit.fr\/bs\/produit\/lattes-voile-char-classe-2-et-3-dynaflex-os-5-longueur-2-65m\/#breadcrumb"},"inLanguage":"fr-FR","potentialAction":[{"@type":"ReadAction","target":["https:\/\/www.beachspirit.fr\/bs\/produit\/lattes-voile-char-classe-2-et-3-dynaflex-os-5-longueur-2-65m\/"]}]},{"@type":"ImageObject","inLanguage":"fr-FR","@id":"https:\/\/www.beachspirit.fr\/bs\/produit\/lattes-voile-char-classe-2-et-3-dynaflex-os-5-longueur-2-65m\/#primaryimage","url":"https:\/\/www.beachspirit.fr\/bs\/wp-content\/uploads\/2022\/08\/latte-dynaflex.jpg","contentUrl":"https:\/\/www.beachspirit.fr\/bs\/wp-content\/uploads\/2022\/08\/latte-dynaflex.jpg","width":1519,"height":1897,"caption":"latte dynaflex offshore os5"},{"@type":"BreadcrumbList","@id":"https:\/\/www.beachspirit.fr\/bs\/produit\/lattes-voile-char-classe-2-et-3-dynaflex-os-5-longueur-2-65m\/#breadcrumb","itemListElement":[{"@type":"ListItem","position":1,"name":"Accueil","item":"https:\/\/www.beachspirit.fr\/bs\/"},{"@type":"ListItem","position":2,"name":"Boutique","item":"https:\/\/www.beachspirit.fr\/bs\/boutique\/"},{"@type":"ListItem","position":3,"name":"Lattes voile char classe 2 et 3 Dynaflex OS 5 longueur 2.65m"}]},{"@type":"WebSite","@id":"https:\/\/www.beachspirit.fr\/bs\/#website","url":"https:\/\/www.beachspirit.fr\/bs\/","name":"BEACH SPIRIT","description":"beach spirit approved","publisher":{"@id":"https:\/\/www.beachspirit.fr\/bs\/#organization"},"potentialAction":[{"@type":"SearchAction","target":{"@type":"EntryPoint","urlTemplate":"https:\/\/www.beachspirit.fr\/bs\/?s={search_term_string}"},"query-input":{"@type":"PropertyValueSpecification","valueRequired":true,"valueName":"search_term_string"}}],"inLanguage":"fr-FR"},{"@type":"Organization","@id":"https:\/\/www.beachspirit.fr\/bs\/#organization","name":"BEACH SPIRIT","url":"https:\/\/www.beachspirit.fr\/bs\/","logo":{"@type":"ImageObject","inLanguage":"fr-FR","@id":"https:\/\/www.beachspirit.fr\/bs\/#\/schema\/logo\/image\/","url":"http:\/\/www.beachspirit.fr\/bs\/wp-content\/uploads\/2020\/03\/logoBS-petit-2.png","contentUrl":"http:\/\/www.beachspirit.fr\/bs\/wp-content\/uploads\/2020\/03\/logoBS-petit-2.png","width":200,"height":117,"caption":"BEACH SPIRIT"},"image":{"@id":"https:\/\/www.beachspirit.fr\/bs\/#\/schema\/logo\/image\/"},"sameAs":["https:\/\/www.facebook.com\/beachspirit.fr\/","https:\/\/www.instagram.com\/beachspirit.fr\/"]}]}},"_links":{"self":[{"href":"https:\/\/www.beachspirit.fr\/bs\/wp-json\/wp\/v2\/product\/27009","targetHints":{"allow":["GET"]}}],"collection":[{"href":"https:\/\/www.beachspirit.fr\/bs\/wp-json\/wp\/v2\/product"}],"about":[{"href":"https:\/\/www.beachspirit.fr\/bs\/wp-json\/wp\/v2\/types\/product"}],"replies":[{"embeddable":true,"href":"https:\/\/www.beachspirit.fr\/bs\/wp-json\/wp\/v2\/comments?post=27009"}],"wp:featuredmedia":[{"embeddable":true,"href":"https:\/\/www.beachspirit.fr\/bs\/wp-json\/wp\/v2\/media\/27008"}],"wp:attachment":[{"href":"https:\/\/www.beachspirit.fr\/bs\/wp-json\/wp\/v2\/media?parent=27009"}],"wp:term":[{"taxonomy":"product_brand","embeddable":true,"href":"https:\/\/www.beachspirit.fr\/bs\/wp-json\/wp\/v2\/product_brand?post=27009"},{"taxonomy":"product_cat","embeddable":true,"href":"https:\/\/www.beachspirit.fr\/bs\/wp-json\/wp\/v2\/product_cat?post=27009"},{"taxonomy":"product_tag","embeddable":true,"href":"https:\/\/www.beachspirit.fr\/bs\/wp-json\/wp\/v2\/product_tag?post=27009"}],"curies":[{"name":"wp","href":"https:\/\/api.w.org\/{rel}","templated":true}]}}