{"id":27066,"date":"2022-08-26T14:49:48","date_gmt":"2022-08-26T13:49:48","guid":{"rendered":"https:\/\/www.beachspirit.fr\/bs\/?post_type=product&#038;p=27066"},"modified":"2026-01-02T15:22:37","modified_gmt":"2026-01-02T14:22:37","slug":"flasques-enjoliveurs-roues-char-voile","status":"publish","type":"product","link":"https:\/\/www.beachspirit.fr\/bs\/produit\/flasques-enjoliveurs-roues-char-voile\/","title":{"rendered":"Flasques Enjoliveurs pour roues de char \u00e0 voile"},"content":{"rendered":"<h3><span style=\"color: #ff6600;\">Flasques Enjoliveurs de roues de char \u00e0 voile<\/span><\/h3>\n<p><span style=\"color: #000000;\">Flasques (enjoliveurs)\u00a0 :<\/span><\/p>\n<p><span style=\"color: #000000;\">en <a href=\"https:\/\/fr.wikipedia.org\/wiki\/Polychlorure_de_vinyle\" target=\"_blank\" rel=\"noopener\">PVC expans\u00e9<\/a>\u00a0 pour roues de char \u00e0 voile \u00ab\u00a0Standart\u00a0\u00bb (jantes 17&Prime;) de couleur blanche<\/span><\/p>\n<p>En polyester pour roues de \u00ab\u00a0400\u00a0\u00bb (jantes 2.50&Prime;) (couleurs suivant stock)<\/p>\n<p>Avec d\u00e9coupe pour acc\u00e8s axe de roue et valve (\u00e0 pr\u00e9ciser)<\/p>\n<p>&nbsp;<\/p>\n<p>&nbsp;<\/p>\n<p><span style=\"color: #000000;\">Une question ?<\/span> <a href=\"https:\/\/www.beachspirit.fr\/bs\/nous-contacter\/\" target=\"_blank\" rel=\"noopener\">Contactez nous<\/a><\/p>\n<p>&nbsp;<\/p>\n","protected":false},"excerpt":{"rendered":"<p>Flasques Enjoliveurs de roues de char \u00e0 voile Flasques (enjoliveurs)\u00a0 : en PVC expans\u00e9\u00a0 pour roues de char \u00e0 voile \u00ab\u00a0Standart\u00a0\u00bb (jantes 17&Prime;) de couleur blanche En polyester pour roues de \u00ab\u00a0400\u00a0\u00bb (jantes 2.50&Prime;) (couleurs suivant stock) Avec d\u00e9coupe pour <a href=\"https:\/\/www.beachspirit.fr\/bs\/produit\/flasques-enjoliveurs-roues-char-voile\/\"> Read more&#8230;<\/a><\/p>\n","protected":false},"featured_media":27069,"comment_status":"open","ping_status":"closed","template":"","meta":[],"product_brand":[],"product_cat":[546,547,549,361,562,22],"product_tag":[],"class_list":{"0":"post-27066","1":"product","2":"type-product","3":"status-publish","4":"has-post-thumbnail","6":"product_cat-char-a-voile-classes-2-et-3","7":"product_cat-chars-a-voile-classes-5-promo-standart-mini-loisir","8":"product_cat-articles-techniques-pour-kite-buggy","9":"product_cat-articles-techniques-voile-char-a-voile","10":"product_cat-roues-pneus-chambres-a-air","11":"product_cat-roulements-roues-pneus-char-a-voile","12":"product_shipping_class-tarif-suivant-poids","14":"first","15":"onbackorder","16":"purchasable","17":"product-type-variable"},"yoast_head":"<!-- This site is optimized with the Yoast SEO plugin v27.4 - https:\/\/yoast.com\/product\/yoast-seo-wordpress\/ -->\n<title>Flasques Enjoliveurs pour roues de char \u00e0 voile - BEACH SPIRIT<\/title>\n<meta name=\"description\" content=\"Flasques (enjoliveurs) en polyester ou PVC expans\u00e9 pour roues de char \u00e0 voile. pour jantes de 2.50&quot;, 15&quot;, 17&quot;\" \/>\n<meta name=\"robots\" content=\"index, follow, max-snippet:-1, max-image-preview:large, max-video-preview:-1\" \/>\n<link rel=\"canonical\" href=\"https:\/\/www.beachspirit.fr\/bs\/produit\/flasques-enjoliveurs-roues-char-voile\/\" \/>\n<meta property=\"og:locale\" content=\"fr_FR\" \/>\n<meta property=\"og:type\" content=\"article\" \/>\n<meta property=\"og:title\" content=\"Flasques Enjoliveurs pour roues de char \u00e0 voile - BEACH SPIRIT\" \/>\n<meta property=\"og:description\" content=\"Flasques (enjoliveurs) en polyester ou PVC expans\u00e9 pour roues de char \u00e0 voile. pour jantes de 2.50&quot;, 15&quot;, 17&quot;\" \/>\n<meta property=\"og:url\" content=\"https:\/\/www.beachspirit.fr\/bs\/produit\/flasques-enjoliveurs-roues-char-voile\/\" \/>\n<meta property=\"og:site_name\" content=\"BEACH SPIRIT\" \/>\n<meta property=\"article:publisher\" content=\"https:\/\/www.facebook.com\/beachspirit.fr\/\" \/>\n<meta property=\"article:modified_time\" content=\"2026-01-02T14:22:37+00:00\" \/>\n<meta property=\"og:image\" content=\"https:\/\/www.beachspirit.fr\/bs\/wp-content\/uploads\/2022\/08\/300861631_1404748709935643_8516218432343673724_n-recadree-scaled.jpg\" \/>\n\t<meta property=\"og:image:width\" content=\"2560\" \/>\n\t<meta property=\"og:image:height\" content=\"1350\" \/>\n\t<meta property=\"og:image:type\" content=\"image\/jpeg\" \/>\n<meta name=\"twitter:card\" content=\"summary_large_image\" \/>\n<meta name=\"twitter:label1\" content=\"Dur\u00e9e de lecture estim\u00e9e\" \/>\n\t<meta name=\"twitter:data1\" content=\"1 minute\" \/>\n<script type=\"application\/ld+json\" class=\"yoast-schema-graph\">{\"@context\":\"https:\\\/\\\/schema.org\",\"@graph\":[{\"@type\":\"WebPage\",\"@id\":\"https:\\\/\\\/www.beachspirit.fr\\\/bs\\\/produit\\\/flasques-enjoliveurs-roues-char-voile\\\/\",\"url\":\"https:\\\/\\\/www.beachspirit.fr\\\/bs\\\/produit\\\/flasques-enjoliveurs-roues-char-voile\\\/\",\"name\":\"Flasques Enjoliveurs pour roues de char \u00e0 voile - BEACH SPIRIT\",\"isPartOf\":{\"@id\":\"https:\\\/\\\/www.beachspirit.fr\\\/bs\\\/#website\"},\"primaryImageOfPage\":{\"@id\":\"https:\\\/\\\/www.beachspirit.fr\\\/bs\\\/produit\\\/flasques-enjoliveurs-roues-char-voile\\\/#primaryimage\"},\"image\":{\"@id\":\"https:\\\/\\\/www.beachspirit.fr\\\/bs\\\/produit\\\/flasques-enjoliveurs-roues-char-voile\\\/#primaryimage\"},\"thumbnailUrl\":\"https:\\\/\\\/www.beachspirit.fr\\\/bs\\\/wp-content\\\/uploads\\\/2022\\\/08\\\/300861631_1404748709935643_8516218432343673724_n-recadree-scaled.jpg\",\"datePublished\":\"2022-08-26T13:49:48+00:00\",\"dateModified\":\"2026-01-02T14:22:37+00:00\",\"description\":\"Flasques (enjoliveurs) en polyester ou PVC expans\u00e9 pour roues de char \u00e0 voile. pour jantes de 2.50\\\", 15\\\", 17\\\"\",\"breadcrumb\":{\"@id\":\"https:\\\/\\\/www.beachspirit.fr\\\/bs\\\/produit\\\/flasques-enjoliveurs-roues-char-voile\\\/#breadcrumb\"},\"inLanguage\":\"fr-FR\",\"potentialAction\":[{\"@type\":\"ReadAction\",\"target\":[\"https:\\\/\\\/www.beachspirit.fr\\\/bs\\\/produit\\\/flasques-enjoliveurs-roues-char-voile\\\/\"]}]},{\"@type\":\"ImageObject\",\"inLanguage\":\"fr-FR\",\"@id\":\"https:\\\/\\\/www.beachspirit.fr\\\/bs\\\/produit\\\/flasques-enjoliveurs-roues-char-voile\\\/#primaryimage\",\"url\":\"https:\\\/\\\/www.beachspirit.fr\\\/bs\\\/wp-content\\\/uploads\\\/2022\\\/08\\\/300861631_1404748709935643_8516218432343673724_n-recadree-scaled.jpg\",\"contentUrl\":\"https:\\\/\\\/www.beachspirit.fr\\\/bs\\\/wp-content\\\/uploads\\\/2022\\\/08\\\/300861631_1404748709935643_8516218432343673724_n-recadree-scaled.jpg\",\"width\":2560,\"height\":1350,\"caption\":\"flasques enjoliveurs roue char \u00e0 voile\"},{\"@type\":\"BreadcrumbList\",\"@id\":\"https:\\\/\\\/www.beachspirit.fr\\\/bs\\\/produit\\\/flasques-enjoliveurs-roues-char-voile\\\/#breadcrumb\",\"itemListElement\":[{\"@type\":\"ListItem\",\"position\":1,\"name\":\"Accueil\",\"item\":\"https:\\\/\\\/www.beachspirit.fr\\\/bs\\\/\"},{\"@type\":\"ListItem\",\"position\":2,\"name\":\"Boutique\",\"item\":\"https:\\\/\\\/www.beachspirit.fr\\\/bs\\\/boutique\\\/\"},{\"@type\":\"ListItem\",\"position\":3,\"name\":\"Flasques Enjoliveurs pour roues de char \u00e0 voile\"}]},{\"@type\":\"WebSite\",\"@id\":\"https:\\\/\\\/www.beachspirit.fr\\\/bs\\\/#website\",\"url\":\"https:\\\/\\\/www.beachspirit.fr\\\/bs\\\/\",\"name\":\"BEACH SPIRIT\",\"description\":\"beach spirit approved\",\"publisher\":{\"@id\":\"https:\\\/\\\/www.beachspirit.fr\\\/bs\\\/#organization\"},\"potentialAction\":[{\"@type\":\"SearchAction\",\"target\":{\"@type\":\"EntryPoint\",\"urlTemplate\":\"https:\\\/\\\/www.beachspirit.fr\\\/bs\\\/?s={search_term_string}\"},\"query-input\":{\"@type\":\"PropertyValueSpecification\",\"valueRequired\":true,\"valueName\":\"search_term_string\"}}],\"inLanguage\":\"fr-FR\"},{\"@type\":\"Organization\",\"@id\":\"https:\\\/\\\/www.beachspirit.fr\\\/bs\\\/#organization\",\"name\":\"BEACH SPIRIT\",\"url\":\"https:\\\/\\\/www.beachspirit.fr\\\/bs\\\/\",\"logo\":{\"@type\":\"ImageObject\",\"inLanguage\":\"fr-FR\",\"@id\":\"https:\\\/\\\/www.beachspirit.fr\\\/bs\\\/#\\\/schema\\\/logo\\\/image\\\/\",\"url\":\"http:\\\/\\\/www.beachspirit.fr\\\/bs\\\/wp-content\\\/uploads\\\/2020\\\/03\\\/logoBS-petit-2.png\",\"contentUrl\":\"http:\\\/\\\/www.beachspirit.fr\\\/bs\\\/wp-content\\\/uploads\\\/2020\\\/03\\\/logoBS-petit-2.png\",\"width\":200,\"height\":117,\"caption\":\"BEACH SPIRIT\"},\"image\":{\"@id\":\"https:\\\/\\\/www.beachspirit.fr\\\/bs\\\/#\\\/schema\\\/logo\\\/image\\\/\"},\"sameAs\":[\"https:\\\/\\\/www.facebook.com\\\/beachspirit.fr\\\/\",\"https:\\\/\\\/www.instagram.com\\\/beachspirit.fr\\\/\"]}]}<\/script>\n<!-- \/ Yoast SEO plugin. -->","yoast_head_json":{"title":"Flasques Enjoliveurs pour roues de char \u00e0 voile - BEACH SPIRIT","description":"Flasques (enjoliveurs) en polyester ou PVC expans\u00e9 pour roues de char \u00e0 voile. pour jantes de 2.50\", 15\", 17\"","robots":{"index":"index","follow":"follow","max-snippet":"max-snippet:-1","max-image-preview":"max-image-preview:large","max-video-preview":"max-video-preview:-1"},"canonical":"https:\/\/www.beachspirit.fr\/bs\/produit\/flasques-enjoliveurs-roues-char-voile\/","og_locale":"fr_FR","og_type":"article","og_title":"Flasques Enjoliveurs pour roues de char \u00e0 voile - BEACH SPIRIT","og_description":"Flasques (enjoliveurs) en polyester ou PVC expans\u00e9 pour roues de char \u00e0 voile. pour jantes de 2.50\", 15\", 17\"","og_url":"https:\/\/www.beachspirit.fr\/bs\/produit\/flasques-enjoliveurs-roues-char-voile\/","og_site_name":"BEACH SPIRIT","article_publisher":"https:\/\/www.facebook.com\/beachspirit.fr\/","article_modified_time":"2026-01-02T14:22:37+00:00","og_image":[{"width":2560,"height":1350,"url":"https:\/\/www.beachspirit.fr\/bs\/wp-content\/uploads\/2022\/08\/300861631_1404748709935643_8516218432343673724_n-recadree-scaled.jpg","type":"image\/jpeg"}],"twitter_card":"summary_large_image","twitter_misc":{"Dur\u00e9e de lecture estim\u00e9e":"1 minute"},"schema":{"@context":"https:\/\/schema.org","@graph":[{"@type":"WebPage","@id":"https:\/\/www.beachspirit.fr\/bs\/produit\/flasques-enjoliveurs-roues-char-voile\/","url":"https:\/\/www.beachspirit.fr\/bs\/produit\/flasques-enjoliveurs-roues-char-voile\/","name":"Flasques Enjoliveurs pour roues de char \u00e0 voile - BEACH SPIRIT","isPartOf":{"@id":"https:\/\/www.beachspirit.fr\/bs\/#website"},"primaryImageOfPage":{"@id":"https:\/\/www.beachspirit.fr\/bs\/produit\/flasques-enjoliveurs-roues-char-voile\/#primaryimage"},"image":{"@id":"https:\/\/www.beachspirit.fr\/bs\/produit\/flasques-enjoliveurs-roues-char-voile\/#primaryimage"},"thumbnailUrl":"https:\/\/www.beachspirit.fr\/bs\/wp-content\/uploads\/2022\/08\/300861631_1404748709935643_8516218432343673724_n-recadree-scaled.jpg","datePublished":"2022-08-26T13:49:48+00:00","dateModified":"2026-01-02T14:22:37+00:00","description":"Flasques (enjoliveurs) en polyester ou PVC expans\u00e9 pour roues de char \u00e0 voile. pour jantes de 2.50\", 15\", 17\"","breadcrumb":{"@id":"https:\/\/www.beachspirit.fr\/bs\/produit\/flasques-enjoliveurs-roues-char-voile\/#breadcrumb"},"inLanguage":"fr-FR","potentialAction":[{"@type":"ReadAction","target":["https:\/\/www.beachspirit.fr\/bs\/produit\/flasques-enjoliveurs-roues-char-voile\/"]}]},{"@type":"ImageObject","inLanguage":"fr-FR","@id":"https:\/\/www.beachspirit.fr\/bs\/produit\/flasques-enjoliveurs-roues-char-voile\/#primaryimage","url":"https:\/\/www.beachspirit.fr\/bs\/wp-content\/uploads\/2022\/08\/300861631_1404748709935643_8516218432343673724_n-recadree-scaled.jpg","contentUrl":"https:\/\/www.beachspirit.fr\/bs\/wp-content\/uploads\/2022\/08\/300861631_1404748709935643_8516218432343673724_n-recadree-scaled.jpg","width":2560,"height":1350,"caption":"flasques enjoliveurs roue char \u00e0 voile"},{"@type":"BreadcrumbList","@id":"https:\/\/www.beachspirit.fr\/bs\/produit\/flasques-enjoliveurs-roues-char-voile\/#breadcrumb","itemListElement":[{"@type":"ListItem","position":1,"name":"Accueil","item":"https:\/\/www.beachspirit.fr\/bs\/"},{"@type":"ListItem","position":2,"name":"Boutique","item":"https:\/\/www.beachspirit.fr\/bs\/boutique\/"},{"@type":"ListItem","position":3,"name":"Flasques Enjoliveurs pour roues de char \u00e0 voile"}]},{"@type":"WebSite","@id":"https:\/\/www.beachspirit.fr\/bs\/#website","url":"https:\/\/www.beachspirit.fr\/bs\/","name":"BEACH SPIRIT","description":"beach spirit approved","publisher":{"@id":"https:\/\/www.beachspirit.fr\/bs\/#organization"},"potentialAction":[{"@type":"SearchAction","target":{"@type":"EntryPoint","urlTemplate":"https:\/\/www.beachspirit.fr\/bs\/?s={search_term_string}"},"query-input":{"@type":"PropertyValueSpecification","valueRequired":true,"valueName":"search_term_string"}}],"inLanguage":"fr-FR"},{"@type":"Organization","@id":"https:\/\/www.beachspirit.fr\/bs\/#organization","name":"BEACH SPIRIT","url":"https:\/\/www.beachspirit.fr\/bs\/","logo":{"@type":"ImageObject","inLanguage":"fr-FR","@id":"https:\/\/www.beachspirit.fr\/bs\/#\/schema\/logo\/image\/","url":"http:\/\/www.beachspirit.fr\/bs\/wp-content\/uploads\/2020\/03\/logoBS-petit-2.png","contentUrl":"http:\/\/www.beachspirit.fr\/bs\/wp-content\/uploads\/2020\/03\/logoBS-petit-2.png","width":200,"height":117,"caption":"BEACH SPIRIT"},"image":{"@id":"https:\/\/www.beachspirit.fr\/bs\/#\/schema\/logo\/image\/"},"sameAs":["https:\/\/www.facebook.com\/beachspirit.fr\/","https:\/\/www.instagram.com\/beachspirit.fr\/"]}]}},"_links":{"self":[{"href":"https:\/\/www.beachspirit.fr\/bs\/wp-json\/wp\/v2\/product\/27066","targetHints":{"allow":["GET"]}}],"collection":[{"href":"https:\/\/www.beachspirit.fr\/bs\/wp-json\/wp\/v2\/product"}],"about":[{"href":"https:\/\/www.beachspirit.fr\/bs\/wp-json\/wp\/v2\/types\/product"}],"replies":[{"embeddable":true,"href":"https:\/\/www.beachspirit.fr\/bs\/wp-json\/wp\/v2\/comments?post=27066"}],"wp:featuredmedia":[{"embeddable":true,"href":"https:\/\/www.beachspirit.fr\/bs\/wp-json\/wp\/v2\/media\/27069"}],"wp:attachment":[{"href":"https:\/\/www.beachspirit.fr\/bs\/wp-json\/wp\/v2\/media?parent=27066"}],"wp:term":[{"taxonomy":"product_brand","embeddable":true,"href":"https:\/\/www.beachspirit.fr\/bs\/wp-json\/wp\/v2\/product_brand?post=27066"},{"taxonomy":"product_cat","embeddable":true,"href":"https:\/\/www.beachspirit.fr\/bs\/wp-json\/wp\/v2\/product_cat?post=27066"},{"taxonomy":"product_tag","embeddable":true,"href":"https:\/\/www.beachspirit.fr\/bs\/wp-json\/wp\/v2\/product_tag?post=27066"}],"curies":[{"name":"wp","href":"https:\/\/api.w.org\/{rel}","templated":true}]}}