{"id":27377,"date":"2022-11-01T18:44:29","date_gmt":"2022-11-01T17:44:29","guid":{"rendered":"https:\/\/www.beachspirit.fr\/bs\/?post_type=product&#038;p=27377"},"modified":"2026-02-12T16:04:38","modified_gmt":"2026-02-12T15:04:38","slug":"roues-americaine-char-a-voile-15-pouces","status":"publish","type":"product","link":"https:\/\/www.beachspirit.fr\/bs\/produit\/roues-americaine-char-a-voile-15-pouces\/","title":{"rendered":"Jantes am\u00e9ricaine char \u00e0 voile classes 2 et 3"},"content":{"rendered":"<h3><span style=\"color: #ff6600;\">Jantes \u00ab\u00a0Am\u00e9ricaines\u00a0\u00bb aluminium Char \u00e0 Voile classes 2 et 3<\/span><\/h3>\n<p><span style=\"color: #000000;\"><strong>Jantes 15 pouces Sand star Douglas \u00ab\u00a0made in USA<\/strong>\u00ab\u00a0<\/span><\/p>\n<p><span style=\"color: #000000;\">A l&rsquo;origine concues pour les roues\u00a0 avants de Buggy de sable, ces jantes 15 x 4 <a style=\"color: #000000;\" href=\"https:\/\/www.rapidtables.com\/convert\/length\/inch-to-cm.html\" target=\"_blank\" rel=\"noopener\">inches<\/a> en aluminium d&rsquo;\u00e9paisseur 1.9 inches fabriqu\u00e9es artisanalement en petites series en Californie se sont impos\u00e9es par leur poids, style, et surtout et leur solidit\u00e9 comme les meilleurs roues arri\u00e8res pour les grands chars classe 2 et 3.<\/span><\/p>\n<p><span style=\"color: #000000;\">Descriptif<\/span><\/p>\n<ul>\n<li><span style=\"color: #000000;\">Construction en aluminium 6061\u00a0 0,190 inches d&rsquo;\u00e9paisseur (4.83cm)<\/span><\/li>\n<li><span style=\"color: #000000;\">Technologie de forme de portion<\/span><\/li>\n<li><span style=\"color: #000000;\">Moyeu de broche usin\u00e9 CNC<\/span><\/li>\n<li><span style=\"color: #000000;\">Traitement thermique exclusif<\/span><\/li>\n<\/ul>\n<p><span style=\"color: #000000;\">Dimensions<\/span><\/p>\n<ul>\n<li><span style=\"color: #000000;\">15X4\u00a0 DSM Sand Star Billet Hub Grand Roulement (adapt\u00e9s aux axes de roues des chars classes 2 et 3 pour roulements 6305 et 6304)<\/span><\/li>\n<li><span style=\"color: #000000;\">Valve Tubeless mont\u00e9e<\/span><\/li>\n<li><span style=\"color: #000000;\">FINITION\u00a0:<\/span><br \/>\n<span style=\"color: #000000;\">Polissage ultra-lustr\u00e9<\/span><\/li>\n<\/ul>\n<p><span style=\"color: #000000;\"><strong>Roulements \u00e0 utiliser\u00a0<\/strong> pour fus\u00e9es char \u00e0 voile c2\/c3 (\u00d825 roulement int\u00e9rieur et \u00d820 roulement ext)<\/span><\/p>\n<ul>\n<li><span style=\"color: #000000;\"> 6305 2RS (int\u00e9rieur)<\/span><\/li>\n<li><span style=\"color: #000000;\">6304 2RS (ext\u00e9rieur)<\/span><\/li>\n<\/ul>\n<p><span style=\"color: #ff0000;\"><span style=\"color: #000000;\">Pour toutes questions<\/span><span style=\"color: #0000ff;\"> <a style=\"color: #0000ff;\" href=\"https:\/\/www.beachspirit.fr\/bs\/nous-contacter\/\" target=\"_blank\" rel=\"noopener\">contactez nous<\/a>\u00a0<\/span><\/span><\/p>\n","protected":false},"excerpt":{"rendered":"<h2><span style=\"color: #ff6600;\">Jantes \u00ab\u00a0Am\u00e9ricaines\u00a0\u00bb aluminium Char \u00e0 Voile classes 2 et 3<\/span><\/h2>\n<p><span style=\"color: #000000;\">Descriptif et conditions de vente ci-dessous<\/span><\/p>\n","protected":false},"featured_media":27378,"comment_status":"open","ping_status":"closed","template":"","meta":[],"product_brand":[],"product_cat":[546,361,562,22],"product_tag":[],"class_list":{"0":"post-27377","1":"product","2":"type-product","3":"status-publish","4":"has-post-thumbnail","6":"product_cat-char-a-voile-classes-2-et-3","7":"product_cat-articles-techniques-voile-char-a-voile","8":"product_cat-roues-pneus-chambres-a-air","9":"product_cat-roulements-roues-pneus-char-a-voile","10":"product_shipping_class-tarif-suivant-poids","12":"first","13":"instock","14":"purchasable","15":"product-type-simple"},"yoast_head":"<!-- This site is optimized with the Yoast SEO plugin v27.6 - https:\/\/yoast.com\/product\/yoast-seo-wordpress\/ -->\n<title>Jantes am\u00e9ricaine char \u00e0 voile classes 2 et 3 - BEACH SPIRIT<\/title>\n<meta name=\"description\" content=\"A l&#039;origine con\u00e7ues pour les roues\u00a0 avants de Buggy de sable, ces jantes 15 x 4 inches en aluminium d&#039;\u00e9paisseur 1.9 inches fabriqu\u00e9es artisanalement en petites series en Californie se sont impos\u00e9es par leur poids, style, et surtout et leur solidit\u00e9 comme les meilleurs roues arri\u00e8res pour les chars classes 2 et 3.\" \/>\n<meta name=\"robots\" content=\"index, follow, max-snippet:-1, max-image-preview:large, max-video-preview:-1\" \/>\n<link rel=\"canonical\" href=\"https:\/\/www.beachspirit.fr\/bs\/produit\/roues-americaine-char-a-voile-15-pouces\/\" \/>\n<meta property=\"og:locale\" content=\"fr_FR\" \/>\n<meta property=\"og:type\" content=\"article\" \/>\n<meta property=\"og:title\" content=\"Jantes am\u00e9ricaine char \u00e0 voile classes 2 et 3 - BEACH SPIRIT\" \/>\n<meta property=\"og:description\" content=\"A l&#039;origine con\u00e7ues pour les roues\u00a0 avants de Buggy de sable, ces jantes 15 x 4 inches en aluminium d&#039;\u00e9paisseur 1.9 inches fabriqu\u00e9es artisanalement en petites series en Californie se sont impos\u00e9es par leur poids, style, et surtout et leur solidit\u00e9 comme les meilleurs roues arri\u00e8res pour les chars classes 2 et 3.\" \/>\n<meta property=\"og:url\" content=\"https:\/\/www.beachspirit.fr\/bs\/produit\/roues-americaine-char-a-voile-15-pouces\/\" \/>\n<meta property=\"og:site_name\" content=\"BEACH SPIRIT\" \/>\n<meta property=\"article:publisher\" content=\"https:\/\/www.facebook.com\/beachspirit.fr\/\" \/>\n<meta property=\"article:modified_time\" content=\"2026-02-12T15:04:38+00:00\" \/>\n<meta property=\"og:image\" content=\"https:\/\/www.beachspirit.fr\/bs\/wp-content\/uploads\/2022\/11\/Sandstar-1000_21.png\" \/>\n\t<meta property=\"og:image:width\" content=\"1000\" \/>\n\t<meta property=\"og:image:height\" content=\"1000\" \/>\n\t<meta property=\"og:image:type\" content=\"image\/png\" \/>\n<meta name=\"twitter:card\" content=\"summary_large_image\" \/>\n<meta name=\"twitter:label1\" content=\"Dur\u00e9e de lecture estim\u00e9e\" \/>\n\t<meta name=\"twitter:data1\" content=\"1 minute\" \/>\n<script type=\"application\/ld+json\" class=\"yoast-schema-graph\">{\"@context\":\"https:\\\/\\\/schema.org\",\"@graph\":[{\"@type\":\"WebPage\",\"@id\":\"https:\\\/\\\/www.beachspirit.fr\\\/bs\\\/produit\\\/roues-americaine-char-a-voile-15-pouces\\\/\",\"url\":\"https:\\\/\\\/www.beachspirit.fr\\\/bs\\\/produit\\\/roues-americaine-char-a-voile-15-pouces\\\/\",\"name\":\"Jantes am\u00e9ricaine char \u00e0 voile classes 2 et 3 - BEACH SPIRIT\",\"isPartOf\":{\"@id\":\"https:\\\/\\\/www.beachspirit.fr\\\/bs\\\/#website\"},\"primaryImageOfPage\":{\"@id\":\"https:\\\/\\\/www.beachspirit.fr\\\/bs\\\/produit\\\/roues-americaine-char-a-voile-15-pouces\\\/#primaryimage\"},\"image\":{\"@id\":\"https:\\\/\\\/www.beachspirit.fr\\\/bs\\\/produit\\\/roues-americaine-char-a-voile-15-pouces\\\/#primaryimage\"},\"thumbnailUrl\":\"https:\\\/\\\/www.beachspirit.fr\\\/bs\\\/wp-content\\\/uploads\\\/2022\\\/11\\\/Sandstar-1000_21.png\",\"datePublished\":\"2022-11-01T17:44:29+00:00\",\"dateModified\":\"2026-02-12T15:04:38+00:00\",\"description\":\"A l'origine con\u00e7ues pour les roues\u00a0 avants de Buggy de sable, ces jantes 15 x 4 inches en aluminium d'\u00e9paisseur 1.9 inches fabriqu\u00e9es artisanalement en petites series en Californie se sont impos\u00e9es par leur poids, style, et surtout et leur solidit\u00e9 comme les meilleurs roues arri\u00e8res pour les chars classes 2 et 3.\",\"breadcrumb\":{\"@id\":\"https:\\\/\\\/www.beachspirit.fr\\\/bs\\\/produit\\\/roues-americaine-char-a-voile-15-pouces\\\/#breadcrumb\"},\"inLanguage\":\"fr-FR\",\"potentialAction\":[{\"@type\":\"ReadAction\",\"target\":[\"https:\\\/\\\/www.beachspirit.fr\\\/bs\\\/produit\\\/roues-americaine-char-a-voile-15-pouces\\\/\"]}]},{\"@type\":\"ImageObject\",\"inLanguage\":\"fr-FR\",\"@id\":\"https:\\\/\\\/www.beachspirit.fr\\\/bs\\\/produit\\\/roues-americaine-char-a-voile-15-pouces\\\/#primaryimage\",\"url\":\"https:\\\/\\\/www.beachspirit.fr\\\/bs\\\/wp-content\\\/uploads\\\/2022\\\/11\\\/Sandstar-1000_21.png\",\"contentUrl\":\"https:\\\/\\\/www.beachspirit.fr\\\/bs\\\/wp-content\\\/uploads\\\/2022\\\/11\\\/Sandstar-1000_21.png\",\"width\":1000,\"height\":1000,\"caption\":\"jante am\u00e9ricaine aluminium 15 pouces char a voile\"},{\"@type\":\"BreadcrumbList\",\"@id\":\"https:\\\/\\\/www.beachspirit.fr\\\/bs\\\/produit\\\/roues-americaine-char-a-voile-15-pouces\\\/#breadcrumb\",\"itemListElement\":[{\"@type\":\"ListItem\",\"position\":1,\"name\":\"Accueil\",\"item\":\"https:\\\/\\\/www.beachspirit.fr\\\/bs\\\/\"},{\"@type\":\"ListItem\",\"position\":2,\"name\":\"Boutique\",\"item\":\"https:\\\/\\\/www.beachspirit.fr\\\/bs\\\/boutique\\\/\"},{\"@type\":\"ListItem\",\"position\":3,\"name\":\"Jantes am\u00e9ricaine char \u00e0 voile classes 2 et 3\"}]},{\"@type\":\"WebSite\",\"@id\":\"https:\\\/\\\/www.beachspirit.fr\\\/bs\\\/#website\",\"url\":\"https:\\\/\\\/www.beachspirit.fr\\\/bs\\\/\",\"name\":\"BEACH SPIRIT\",\"description\":\"beach spirit approved\",\"publisher\":{\"@id\":\"https:\\\/\\\/www.beachspirit.fr\\\/bs\\\/#organization\"},\"potentialAction\":[{\"@type\":\"SearchAction\",\"target\":{\"@type\":\"EntryPoint\",\"urlTemplate\":\"https:\\\/\\\/www.beachspirit.fr\\\/bs\\\/?s={search_term_string}\"},\"query-input\":{\"@type\":\"PropertyValueSpecification\",\"valueRequired\":true,\"valueName\":\"search_term_string\"}}],\"inLanguage\":\"fr-FR\"},{\"@type\":\"Organization\",\"@id\":\"https:\\\/\\\/www.beachspirit.fr\\\/bs\\\/#organization\",\"name\":\"BEACH SPIRIT\",\"url\":\"https:\\\/\\\/www.beachspirit.fr\\\/bs\\\/\",\"logo\":{\"@type\":\"ImageObject\",\"inLanguage\":\"fr-FR\",\"@id\":\"https:\\\/\\\/www.beachspirit.fr\\\/bs\\\/#\\\/schema\\\/logo\\\/image\\\/\",\"url\":\"http:\\\/\\\/www.beachspirit.fr\\\/bs\\\/wp-content\\\/uploads\\\/2020\\\/03\\\/logoBS-petit-2.png\",\"contentUrl\":\"http:\\\/\\\/www.beachspirit.fr\\\/bs\\\/wp-content\\\/uploads\\\/2020\\\/03\\\/logoBS-petit-2.png\",\"width\":200,\"height\":117,\"caption\":\"BEACH SPIRIT\"},\"image\":{\"@id\":\"https:\\\/\\\/www.beachspirit.fr\\\/bs\\\/#\\\/schema\\\/logo\\\/image\\\/\"},\"sameAs\":[\"https:\\\/\\\/www.facebook.com\\\/beachspirit.fr\\\/\",\"https:\\\/\\\/www.instagram.com\\\/beachspirit.fr\\\/\"]}]}<\/script>\n<!-- \/ Yoast SEO plugin. -->","yoast_head_json":{"title":"Jantes am\u00e9ricaine char \u00e0 voile classes 2 et 3 - BEACH SPIRIT","description":"A l'origine con\u00e7ues pour les roues\u00a0 avants de Buggy de sable, ces jantes 15 x 4 inches en aluminium d'\u00e9paisseur 1.9 inches fabriqu\u00e9es artisanalement en petites series en Californie se sont impos\u00e9es par leur poids, style, et surtout et leur solidit\u00e9 comme les meilleurs roues arri\u00e8res pour les chars classes 2 et 3.","robots":{"index":"index","follow":"follow","max-snippet":"max-snippet:-1","max-image-preview":"max-image-preview:large","max-video-preview":"max-video-preview:-1"},"canonical":"https:\/\/www.beachspirit.fr\/bs\/produit\/roues-americaine-char-a-voile-15-pouces\/","og_locale":"fr_FR","og_type":"article","og_title":"Jantes am\u00e9ricaine char \u00e0 voile classes 2 et 3 - BEACH SPIRIT","og_description":"A l'origine con\u00e7ues pour les roues\u00a0 avants de Buggy de sable, ces jantes 15 x 4 inches en aluminium d'\u00e9paisseur 1.9 inches fabriqu\u00e9es artisanalement en petites series en Californie se sont impos\u00e9es par leur poids, style, et surtout et leur solidit\u00e9 comme les meilleurs roues arri\u00e8res pour les chars classes 2 et 3.","og_url":"https:\/\/www.beachspirit.fr\/bs\/produit\/roues-americaine-char-a-voile-15-pouces\/","og_site_name":"BEACH SPIRIT","article_publisher":"https:\/\/www.facebook.com\/beachspirit.fr\/","article_modified_time":"2026-02-12T15:04:38+00:00","og_image":[{"width":1000,"height":1000,"url":"https:\/\/www.beachspirit.fr\/bs\/wp-content\/uploads\/2022\/11\/Sandstar-1000_21.png","type":"image\/png"}],"twitter_card":"summary_large_image","twitter_misc":{"Dur\u00e9e de lecture estim\u00e9e":"1 minute"},"schema":{"@context":"https:\/\/schema.org","@graph":[{"@type":"WebPage","@id":"https:\/\/www.beachspirit.fr\/bs\/produit\/roues-americaine-char-a-voile-15-pouces\/","url":"https:\/\/www.beachspirit.fr\/bs\/produit\/roues-americaine-char-a-voile-15-pouces\/","name":"Jantes am\u00e9ricaine char \u00e0 voile classes 2 et 3 - BEACH SPIRIT","isPartOf":{"@id":"https:\/\/www.beachspirit.fr\/bs\/#website"},"primaryImageOfPage":{"@id":"https:\/\/www.beachspirit.fr\/bs\/produit\/roues-americaine-char-a-voile-15-pouces\/#primaryimage"},"image":{"@id":"https:\/\/www.beachspirit.fr\/bs\/produit\/roues-americaine-char-a-voile-15-pouces\/#primaryimage"},"thumbnailUrl":"https:\/\/www.beachspirit.fr\/bs\/wp-content\/uploads\/2022\/11\/Sandstar-1000_21.png","datePublished":"2022-11-01T17:44:29+00:00","dateModified":"2026-02-12T15:04:38+00:00","description":"A l'origine con\u00e7ues pour les roues\u00a0 avants de Buggy de sable, ces jantes 15 x 4 inches en aluminium d'\u00e9paisseur 1.9 inches fabriqu\u00e9es artisanalement en petites series en Californie se sont impos\u00e9es par leur poids, style, et surtout et leur solidit\u00e9 comme les meilleurs roues arri\u00e8res pour les chars classes 2 et 3.","breadcrumb":{"@id":"https:\/\/www.beachspirit.fr\/bs\/produit\/roues-americaine-char-a-voile-15-pouces\/#breadcrumb"},"inLanguage":"fr-FR","potentialAction":[{"@type":"ReadAction","target":["https:\/\/www.beachspirit.fr\/bs\/produit\/roues-americaine-char-a-voile-15-pouces\/"]}]},{"@type":"ImageObject","inLanguage":"fr-FR","@id":"https:\/\/www.beachspirit.fr\/bs\/produit\/roues-americaine-char-a-voile-15-pouces\/#primaryimage","url":"https:\/\/www.beachspirit.fr\/bs\/wp-content\/uploads\/2022\/11\/Sandstar-1000_21.png","contentUrl":"https:\/\/www.beachspirit.fr\/bs\/wp-content\/uploads\/2022\/11\/Sandstar-1000_21.png","width":1000,"height":1000,"caption":"jante am\u00e9ricaine aluminium 15 pouces char a voile"},{"@type":"BreadcrumbList","@id":"https:\/\/www.beachspirit.fr\/bs\/produit\/roues-americaine-char-a-voile-15-pouces\/#breadcrumb","itemListElement":[{"@type":"ListItem","position":1,"name":"Accueil","item":"https:\/\/www.beachspirit.fr\/bs\/"},{"@type":"ListItem","position":2,"name":"Boutique","item":"https:\/\/www.beachspirit.fr\/bs\/boutique\/"},{"@type":"ListItem","position":3,"name":"Jantes am\u00e9ricaine char \u00e0 voile classes 2 et 3"}]},{"@type":"WebSite","@id":"https:\/\/www.beachspirit.fr\/bs\/#website","url":"https:\/\/www.beachspirit.fr\/bs\/","name":"BEACH SPIRIT","description":"beach spirit approved","publisher":{"@id":"https:\/\/www.beachspirit.fr\/bs\/#organization"},"potentialAction":[{"@type":"SearchAction","target":{"@type":"EntryPoint","urlTemplate":"https:\/\/www.beachspirit.fr\/bs\/?s={search_term_string}"},"query-input":{"@type":"PropertyValueSpecification","valueRequired":true,"valueName":"search_term_string"}}],"inLanguage":"fr-FR"},{"@type":"Organization","@id":"https:\/\/www.beachspirit.fr\/bs\/#organization","name":"BEACH SPIRIT","url":"https:\/\/www.beachspirit.fr\/bs\/","logo":{"@type":"ImageObject","inLanguage":"fr-FR","@id":"https:\/\/www.beachspirit.fr\/bs\/#\/schema\/logo\/image\/","url":"http:\/\/www.beachspirit.fr\/bs\/wp-content\/uploads\/2020\/03\/logoBS-petit-2.png","contentUrl":"http:\/\/www.beachspirit.fr\/bs\/wp-content\/uploads\/2020\/03\/logoBS-petit-2.png","width":200,"height":117,"caption":"BEACH SPIRIT"},"image":{"@id":"https:\/\/www.beachspirit.fr\/bs\/#\/schema\/logo\/image\/"},"sameAs":["https:\/\/www.facebook.com\/beachspirit.fr\/","https:\/\/www.instagram.com\/beachspirit.fr\/"]}]}},"_links":{"self":[{"href":"https:\/\/www.beachspirit.fr\/bs\/wp-json\/wp\/v2\/product\/27377","targetHints":{"allow":["GET"]}}],"collection":[{"href":"https:\/\/www.beachspirit.fr\/bs\/wp-json\/wp\/v2\/product"}],"about":[{"href":"https:\/\/www.beachspirit.fr\/bs\/wp-json\/wp\/v2\/types\/product"}],"replies":[{"embeddable":true,"href":"https:\/\/www.beachspirit.fr\/bs\/wp-json\/wp\/v2\/comments?post=27377"}],"wp:featuredmedia":[{"embeddable":true,"href":"https:\/\/www.beachspirit.fr\/bs\/wp-json\/wp\/v2\/media\/27378"}],"wp:attachment":[{"href":"https:\/\/www.beachspirit.fr\/bs\/wp-json\/wp\/v2\/media?parent=27377"}],"wp:term":[{"taxonomy":"product_brand","embeddable":true,"href":"https:\/\/www.beachspirit.fr\/bs\/wp-json\/wp\/v2\/product_brand?post=27377"},{"taxonomy":"product_cat","embeddable":true,"href":"https:\/\/www.beachspirit.fr\/bs\/wp-json\/wp\/v2\/product_cat?post=27377"},{"taxonomy":"product_tag","embeddable":true,"href":"https:\/\/www.beachspirit.fr\/bs\/wp-json\/wp\/v2\/product_tag?post=27377"}],"curies":[{"name":"wp","href":"https:\/\/api.w.org\/{rel}","templated":true}]}}