{"id":27432,"date":"2022-11-16T16:19:45","date_gmt":"2022-11-16T15:19:45","guid":{"rendered":"https:\/\/www.beachspirit.fr\/bs\/?post_type=product&#038;p=27432"},"modified":"2024-03-21T15:05:31","modified_gmt":"2024-03-21T14:05:31","slug":"numero-de-voile-autocollant-personnalise","status":"publish","type":"product","link":"https:\/\/www.beachspirit.fr\/bs\/produit\/numero-de-voile-autocollant-personnalise\/","title":{"rendered":"Numero de Voile autocollant personnalis\u00e9"},"content":{"rendered":"<h3><span style=\"color: #ff6600;\">Num\u00e9ro de Voile autocollant insignia personnalis\u00e9<\/span><\/h3>\n<p><span style=\"color: #000000;\">Un num\u00e9ro de voile c&rsquo;est important, pourquoi ne pas le personnaliser ?<\/span><\/p>\n<p><span style=\"color: #000000;\">Beach Spirit vous propose des n\u00b0s de 25 cm ( max 28) de hauteur\u00a0 en insignia (tissus polyester autocollant) noir dans la <span style=\"color: #0000ff;\"><a style=\"color: #0000ff;\" href=\"https:\/\/fr.wikipedia.org\/wiki\/Police_d%27%C3%A9criture\" target=\"_blank\" rel=\"noopener\">police<\/a><\/span> de votre choix \u00e0 coller dans votre voile avec un proc\u00e9d\u00e9 de d\u00e9coupe vous assurant un parfait alignement des caract\u00e8res.<\/span><\/p>\n<ul>\n<li><span style=\"color: #000000;\">Renseignez le nombre de caract\u00e8res (indiquez votre N\u00b0 complet en note de commande)<\/span><\/li>\n<li><span style=\"color: #000000;\">Indiquez le nombre de num\u00e9ros souhait\u00e9s<\/span><\/li>\n<li><span style=\"color: #000000;\">Choisissez votre police ou indiquez la en note de commande (<strong>Attention pour une immatriculation officielle les polices \u00ab\u00a0exotiques\u00a0\u00bb ne sont pas autoris\u00e9es)<\/strong><\/span><\/li>\n<\/ul>\n<p><span style=\"color: #000000;\">Conseil de pose<\/span><\/p>\n<ul>\n<li><span style=\"color: #000000;\">Decollez un coin de la planche<\/span><\/li>\n<li><span style=\"color: #000000;\">Collez sans appuyer fortement en d\u00e9roulant la planche \u00e0 l&#8217;emplacement choisi<\/span><\/li>\n<li><span style=\"color: #000000;\">A l&rsquo;aide d&rsquo;une lumi\u00e8re rasante, rep\u00e9rez les pr\u00e9-d\u00e9coupages et frottez l\u00e9g\u00e8rement pour les faire adh\u00e9rer \u00e0 la voile<\/span><\/li>\n<li><span style=\"color: #000000;\">d\u00e9collez d\u00e9licatement l&rsquo;entourage<\/span><\/li>\n<li><span style=\"color: #000000;\">Si vous avez des lettres ou chiffres pleins, d\u00e9collez le trop plein \u00e0 l&rsquo;aide d&rsquo;un pince \u00e0 \u00e9piler<\/span><\/li>\n<li><span style=\"color: #000000;\">Frottez avec un chiffon doux pour faire adh\u00e9rer votre lettrage<\/span><\/li>\n<li><span style=\"color: #000000;\">Recouvrez le lettrage avec une serviette, torchon ou papier cuisson et passez en pressant un fer \u00e0 repasser chaud pour garantir le collage<\/span><\/li>\n<\/ul>\n<p><span style=\"color: #ffff99;\"><span style=\"color: #000000;\">Pour toutes questions<\/span><span style=\"color: #0000ff;\"> <a style=\"color: #0000ff;\" href=\"https:\/\/www.beachspirit.fr\/bs\/nous-contacter\/\" target=\"_blank\" rel=\"noopener\">contactez nous<\/a><\/span><\/span><\/p>\n<p>&nbsp;<\/p>\n","protected":false},"excerpt":{"rendered":"<h2><span style=\"color: #ffff00;\">Num\u00e9ro de Voile autocollant insignia personnalis\u00e9<\/span><\/h2>\n<p><span style=\"color: #ffff99;\">Descriptif ci dessous<\/span><\/p>\n","protected":false},"featured_media":27549,"comment_status":"open","ping_status":"closed","template":"","meta":[],"product_brand":[],"product_cat":[545,546,547,549,548,361,541],"product_tag":[],"class_list":{"0":"post-27432","1":"product","2":"type-product","3":"status-publish","4":"has-post-thumbnail","6":"product_cat-blokart","7":"product_cat-char-a-voile-classes-2-et-3","8":"product_cat-chars-a-voile-classes-5-promo-standart-mini-loisir","9":"product_cat-articles-techniques-pour-kite-buggy","10":"product_cat-articles-techniques-speed-sail","11":"product_cat-articles-techniques-voile-char-a-voile","12":"product_cat-transferts-textile","13":"product_shipping_class-tarif-suivant-poids","15":"first","16":"instock","17":"purchasable","18":"product-type-variable"},"yoast_head":"<!-- This site is optimized with the Yoast SEO plugin v27.5 - https:\/\/yoast.com\/product\/yoast-seo-wordpress\/ -->\n<title>Numero de Voile autocollant personnalis\u00e9 - BEACH SPIRIT<\/title>\n<meta name=\"description\" content=\"Un num\u00e9ro de voile c&#039;est important, pourquoi ne pas le personnaliser ?Beach Spirit vous propose des n\u00b0s de 25 cm ( max 28) de hauteur\u00a0 en insignia (tissus polyester autocollant) noir dans la police de votre choix \u00e0 coller dans votre voile avec un proc\u00e9d\u00e9 de d\u00e9coupe vous assurant un parfait alignement des caract\u00e8res.\" \/>\n<meta name=\"robots\" content=\"index, follow, max-snippet:-1, max-image-preview:large, max-video-preview:-1\" \/>\n<link rel=\"canonical\" href=\"https:\/\/www.beachspirit.fr\/bs\/produit\/numero-de-voile-autocollant-personnalise\/\" \/>\n<meta property=\"og:locale\" content=\"fr_FR\" \/>\n<meta property=\"og:type\" content=\"article\" \/>\n<meta property=\"og:title\" content=\"Numero de Voile autocollant personnalis\u00e9 - BEACH SPIRIT\" \/>\n<meta property=\"og:description\" content=\"Un num\u00e9ro de voile c&#039;est important, pourquoi ne pas le personnaliser ?Beach Spirit vous propose des n\u00b0s de 25 cm ( max 28) de hauteur\u00a0 en insignia (tissus polyester autocollant) noir dans la police de votre choix \u00e0 coller dans votre voile avec un proc\u00e9d\u00e9 de d\u00e9coupe vous assurant un parfait alignement des caract\u00e8res.\" \/>\n<meta property=\"og:url\" content=\"https:\/\/www.beachspirit.fr\/bs\/produit\/numero-de-voile-autocollant-personnalise\/\" \/>\n<meta property=\"og:site_name\" content=\"BEACH SPIRIT\" \/>\n<meta property=\"article:publisher\" content=\"https:\/\/www.facebook.com\/beachspirit.fr\/\" \/>\n<meta property=\"article:modified_time\" content=\"2024-03-21T14:05:31+00:00\" \/>\n<meta property=\"og:image\" content=\"https:\/\/www.beachspirit.fr\/bs\/wp-content\/uploads\/2022\/11\/315529472_805915890477325_1595332943065131610_-modifiee.jpg\" \/>\n\t<meta property=\"og:image:width\" content=\"780\" \/>\n\t<meta property=\"og:image:height\" content=\"1695\" \/>\n\t<meta property=\"og:image:type\" content=\"image\/jpeg\" \/>\n<meta name=\"twitter:card\" content=\"summary_large_image\" \/>\n<meta name=\"twitter:label1\" content=\"Dur\u00e9e de lecture estim\u00e9e\" \/>\n\t<meta name=\"twitter:data1\" content=\"2 minutes\" \/>\n<script type=\"application\/ld+json\" class=\"yoast-schema-graph\">{\"@context\":\"https:\\\/\\\/schema.org\",\"@graph\":[{\"@type\":\"WebPage\",\"@id\":\"https:\\\/\\\/www.beachspirit.fr\\\/bs\\\/produit\\\/numero-de-voile-autocollant-personnalise\\\/\",\"url\":\"https:\\\/\\\/www.beachspirit.fr\\\/bs\\\/produit\\\/numero-de-voile-autocollant-personnalise\\\/\",\"name\":\"Numero de Voile autocollant personnalis\u00e9 - BEACH SPIRIT\",\"isPartOf\":{\"@id\":\"https:\\\/\\\/www.beachspirit.fr\\\/bs\\\/#website\"},\"primaryImageOfPage\":{\"@id\":\"https:\\\/\\\/www.beachspirit.fr\\\/bs\\\/produit\\\/numero-de-voile-autocollant-personnalise\\\/#primaryimage\"},\"image\":{\"@id\":\"https:\\\/\\\/www.beachspirit.fr\\\/bs\\\/produit\\\/numero-de-voile-autocollant-personnalise\\\/#primaryimage\"},\"thumbnailUrl\":\"https:\\\/\\\/www.beachspirit.fr\\\/bs\\\/wp-content\\\/uploads\\\/2022\\\/11\\\/315529472_805915890477325_1595332943065131610_-modifiee.jpg\",\"datePublished\":\"2022-11-16T15:19:45+00:00\",\"dateModified\":\"2024-03-21T14:05:31+00:00\",\"description\":\"Un num\u00e9ro de voile c'est important, pourquoi ne pas le personnaliser ?Beach Spirit vous propose des n\u00b0s de 25 cm ( max 28) de hauteur\u00a0 en insignia (tissus polyester autocollant) noir dans la police de votre choix \u00e0 coller dans votre voile avec un proc\u00e9d\u00e9 de d\u00e9coupe vous assurant un parfait alignement des caract\u00e8res.\",\"breadcrumb\":{\"@id\":\"https:\\\/\\\/www.beachspirit.fr\\\/bs\\\/produit\\\/numero-de-voile-autocollant-personnalise\\\/#breadcrumb\"},\"inLanguage\":\"fr-FR\",\"potentialAction\":[{\"@type\":\"ReadAction\",\"target\":[\"https:\\\/\\\/www.beachspirit.fr\\\/bs\\\/produit\\\/numero-de-voile-autocollant-personnalise\\\/\"]}]},{\"@type\":\"ImageObject\",\"inLanguage\":\"fr-FR\",\"@id\":\"https:\\\/\\\/www.beachspirit.fr\\\/bs\\\/produit\\\/numero-de-voile-autocollant-personnalise\\\/#primaryimage\",\"url\":\"https:\\\/\\\/www.beachspirit.fr\\\/bs\\\/wp-content\\\/uploads\\\/2022\\\/11\\\/315529472_805915890477325_1595332943065131610_-modifiee.jpg\",\"contentUrl\":\"https:\\\/\\\/www.beachspirit.fr\\\/bs\\\/wp-content\\\/uploads\\\/2022\\\/11\\\/315529472_805915890477325_1595332943065131610_-modifiee.jpg\",\"width\":780,\"height\":1695,\"caption\":\"numero voile autocollant insignia\"},{\"@type\":\"BreadcrumbList\",\"@id\":\"https:\\\/\\\/www.beachspirit.fr\\\/bs\\\/produit\\\/numero-de-voile-autocollant-personnalise\\\/#breadcrumb\",\"itemListElement\":[{\"@type\":\"ListItem\",\"position\":1,\"name\":\"Accueil\",\"item\":\"https:\\\/\\\/www.beachspirit.fr\\\/bs\\\/\"},{\"@type\":\"ListItem\",\"position\":2,\"name\":\"Boutique\",\"item\":\"https:\\\/\\\/www.beachspirit.fr\\\/bs\\\/boutique\\\/\"},{\"@type\":\"ListItem\",\"position\":3,\"name\":\"Numero de Voile autocollant personnalis\u00e9\"}]},{\"@type\":\"WebSite\",\"@id\":\"https:\\\/\\\/www.beachspirit.fr\\\/bs\\\/#website\",\"url\":\"https:\\\/\\\/www.beachspirit.fr\\\/bs\\\/\",\"name\":\"BEACH SPIRIT\",\"description\":\"beach spirit approved\",\"publisher\":{\"@id\":\"https:\\\/\\\/www.beachspirit.fr\\\/bs\\\/#organization\"},\"potentialAction\":[{\"@type\":\"SearchAction\",\"target\":{\"@type\":\"EntryPoint\",\"urlTemplate\":\"https:\\\/\\\/www.beachspirit.fr\\\/bs\\\/?s={search_term_string}\"},\"query-input\":{\"@type\":\"PropertyValueSpecification\",\"valueRequired\":true,\"valueName\":\"search_term_string\"}}],\"inLanguage\":\"fr-FR\"},{\"@type\":\"Organization\",\"@id\":\"https:\\\/\\\/www.beachspirit.fr\\\/bs\\\/#organization\",\"name\":\"BEACH SPIRIT\",\"url\":\"https:\\\/\\\/www.beachspirit.fr\\\/bs\\\/\",\"logo\":{\"@type\":\"ImageObject\",\"inLanguage\":\"fr-FR\",\"@id\":\"https:\\\/\\\/www.beachspirit.fr\\\/bs\\\/#\\\/schema\\\/logo\\\/image\\\/\",\"url\":\"http:\\\/\\\/www.beachspirit.fr\\\/bs\\\/wp-content\\\/uploads\\\/2020\\\/03\\\/logoBS-petit-2.png\",\"contentUrl\":\"http:\\\/\\\/www.beachspirit.fr\\\/bs\\\/wp-content\\\/uploads\\\/2020\\\/03\\\/logoBS-petit-2.png\",\"width\":200,\"height\":117,\"caption\":\"BEACH SPIRIT\"},\"image\":{\"@id\":\"https:\\\/\\\/www.beachspirit.fr\\\/bs\\\/#\\\/schema\\\/logo\\\/image\\\/\"},\"sameAs\":[\"https:\\\/\\\/www.facebook.com\\\/beachspirit.fr\\\/\",\"https:\\\/\\\/www.instagram.com\\\/beachspirit.fr\\\/\"]}]}<\/script>\n<!-- \/ Yoast SEO plugin. -->","yoast_head_json":{"title":"Numero de Voile autocollant personnalis\u00e9 - BEACH SPIRIT","description":"Un num\u00e9ro de voile c'est important, pourquoi ne pas le personnaliser ?Beach Spirit vous propose des n\u00b0s de 25 cm ( max 28) de hauteur\u00a0 en insignia (tissus polyester autocollant) noir dans la police de votre choix \u00e0 coller dans votre voile avec un proc\u00e9d\u00e9 de d\u00e9coupe vous assurant un parfait alignement des caract\u00e8res.","robots":{"index":"index","follow":"follow","max-snippet":"max-snippet:-1","max-image-preview":"max-image-preview:large","max-video-preview":"max-video-preview:-1"},"canonical":"https:\/\/www.beachspirit.fr\/bs\/produit\/numero-de-voile-autocollant-personnalise\/","og_locale":"fr_FR","og_type":"article","og_title":"Numero de Voile autocollant personnalis\u00e9 - BEACH SPIRIT","og_description":"Un num\u00e9ro de voile c'est important, pourquoi ne pas le personnaliser ?Beach Spirit vous propose des n\u00b0s de 25 cm ( max 28) de hauteur\u00a0 en insignia (tissus polyester autocollant) noir dans la police de votre choix \u00e0 coller dans votre voile avec un proc\u00e9d\u00e9 de d\u00e9coupe vous assurant un parfait alignement des caract\u00e8res.","og_url":"https:\/\/www.beachspirit.fr\/bs\/produit\/numero-de-voile-autocollant-personnalise\/","og_site_name":"BEACH SPIRIT","article_publisher":"https:\/\/www.facebook.com\/beachspirit.fr\/","article_modified_time":"2024-03-21T14:05:31+00:00","og_image":[{"width":780,"height":1695,"url":"https:\/\/www.beachspirit.fr\/bs\/wp-content\/uploads\/2022\/11\/315529472_805915890477325_1595332943065131610_-modifiee.jpg","type":"image\/jpeg"}],"twitter_card":"summary_large_image","twitter_misc":{"Dur\u00e9e de lecture estim\u00e9e":"2 minutes"},"schema":{"@context":"https:\/\/schema.org","@graph":[{"@type":"WebPage","@id":"https:\/\/www.beachspirit.fr\/bs\/produit\/numero-de-voile-autocollant-personnalise\/","url":"https:\/\/www.beachspirit.fr\/bs\/produit\/numero-de-voile-autocollant-personnalise\/","name":"Numero de Voile autocollant personnalis\u00e9 - BEACH SPIRIT","isPartOf":{"@id":"https:\/\/www.beachspirit.fr\/bs\/#website"},"primaryImageOfPage":{"@id":"https:\/\/www.beachspirit.fr\/bs\/produit\/numero-de-voile-autocollant-personnalise\/#primaryimage"},"image":{"@id":"https:\/\/www.beachspirit.fr\/bs\/produit\/numero-de-voile-autocollant-personnalise\/#primaryimage"},"thumbnailUrl":"https:\/\/www.beachspirit.fr\/bs\/wp-content\/uploads\/2022\/11\/315529472_805915890477325_1595332943065131610_-modifiee.jpg","datePublished":"2022-11-16T15:19:45+00:00","dateModified":"2024-03-21T14:05:31+00:00","description":"Un num\u00e9ro de voile c'est important, pourquoi ne pas le personnaliser ?Beach Spirit vous propose des n\u00b0s de 25 cm ( max 28) de hauteur\u00a0 en insignia (tissus polyester autocollant) noir dans la police de votre choix \u00e0 coller dans votre voile avec un proc\u00e9d\u00e9 de d\u00e9coupe vous assurant un parfait alignement des caract\u00e8res.","breadcrumb":{"@id":"https:\/\/www.beachspirit.fr\/bs\/produit\/numero-de-voile-autocollant-personnalise\/#breadcrumb"},"inLanguage":"fr-FR","potentialAction":[{"@type":"ReadAction","target":["https:\/\/www.beachspirit.fr\/bs\/produit\/numero-de-voile-autocollant-personnalise\/"]}]},{"@type":"ImageObject","inLanguage":"fr-FR","@id":"https:\/\/www.beachspirit.fr\/bs\/produit\/numero-de-voile-autocollant-personnalise\/#primaryimage","url":"https:\/\/www.beachspirit.fr\/bs\/wp-content\/uploads\/2022\/11\/315529472_805915890477325_1595332943065131610_-modifiee.jpg","contentUrl":"https:\/\/www.beachspirit.fr\/bs\/wp-content\/uploads\/2022\/11\/315529472_805915890477325_1595332943065131610_-modifiee.jpg","width":780,"height":1695,"caption":"numero voile autocollant insignia"},{"@type":"BreadcrumbList","@id":"https:\/\/www.beachspirit.fr\/bs\/produit\/numero-de-voile-autocollant-personnalise\/#breadcrumb","itemListElement":[{"@type":"ListItem","position":1,"name":"Accueil","item":"https:\/\/www.beachspirit.fr\/bs\/"},{"@type":"ListItem","position":2,"name":"Boutique","item":"https:\/\/www.beachspirit.fr\/bs\/boutique\/"},{"@type":"ListItem","position":3,"name":"Numero de Voile autocollant personnalis\u00e9"}]},{"@type":"WebSite","@id":"https:\/\/www.beachspirit.fr\/bs\/#website","url":"https:\/\/www.beachspirit.fr\/bs\/","name":"BEACH SPIRIT","description":"beach spirit approved","publisher":{"@id":"https:\/\/www.beachspirit.fr\/bs\/#organization"},"potentialAction":[{"@type":"SearchAction","target":{"@type":"EntryPoint","urlTemplate":"https:\/\/www.beachspirit.fr\/bs\/?s={search_term_string}"},"query-input":{"@type":"PropertyValueSpecification","valueRequired":true,"valueName":"search_term_string"}}],"inLanguage":"fr-FR"},{"@type":"Organization","@id":"https:\/\/www.beachspirit.fr\/bs\/#organization","name":"BEACH SPIRIT","url":"https:\/\/www.beachspirit.fr\/bs\/","logo":{"@type":"ImageObject","inLanguage":"fr-FR","@id":"https:\/\/www.beachspirit.fr\/bs\/#\/schema\/logo\/image\/","url":"http:\/\/www.beachspirit.fr\/bs\/wp-content\/uploads\/2020\/03\/logoBS-petit-2.png","contentUrl":"http:\/\/www.beachspirit.fr\/bs\/wp-content\/uploads\/2020\/03\/logoBS-petit-2.png","width":200,"height":117,"caption":"BEACH SPIRIT"},"image":{"@id":"https:\/\/www.beachspirit.fr\/bs\/#\/schema\/logo\/image\/"},"sameAs":["https:\/\/www.facebook.com\/beachspirit.fr\/","https:\/\/www.instagram.com\/beachspirit.fr\/"]}]}},"_links":{"self":[{"href":"https:\/\/www.beachspirit.fr\/bs\/wp-json\/wp\/v2\/product\/27432","targetHints":{"allow":["GET"]}}],"collection":[{"href":"https:\/\/www.beachspirit.fr\/bs\/wp-json\/wp\/v2\/product"}],"about":[{"href":"https:\/\/www.beachspirit.fr\/bs\/wp-json\/wp\/v2\/types\/product"}],"replies":[{"embeddable":true,"href":"https:\/\/www.beachspirit.fr\/bs\/wp-json\/wp\/v2\/comments?post=27432"}],"wp:featuredmedia":[{"embeddable":true,"href":"https:\/\/www.beachspirit.fr\/bs\/wp-json\/wp\/v2\/media\/27549"}],"wp:attachment":[{"href":"https:\/\/www.beachspirit.fr\/bs\/wp-json\/wp\/v2\/media?parent=27432"}],"wp:term":[{"taxonomy":"product_brand","embeddable":true,"href":"https:\/\/www.beachspirit.fr\/bs\/wp-json\/wp\/v2\/product_brand?post=27432"},{"taxonomy":"product_cat","embeddable":true,"href":"https:\/\/www.beachspirit.fr\/bs\/wp-json\/wp\/v2\/product_cat?post=27432"},{"taxonomy":"product_tag","embeddable":true,"href":"https:\/\/www.beachspirit.fr\/bs\/wp-json\/wp\/v2\/product_tag?post=27432"}],"curies":[{"name":"wp","href":"https:\/\/api.w.org\/{rel}","templated":true}]}}