{"id":27623,"date":"2022-12-13T15:00:51","date_gmt":"2022-12-13T14:00:51","guid":{"rendered":"https:\/\/www.beachspirit.fr\/bs\/?post_type=product&#038;p=27623"},"modified":"2026-05-14T15:36:04","modified_gmt":"2026-05-14T14:36:04","slug":"pneu-smoothee-15-sand-tires-unlimited","status":"publish","type":"product","link":"https:\/\/www.beachspirit.fr\/bs\/produit\/pneu-smoothee-15-sand-tires-unlimited\/","title":{"rendered":"Pneu smoothee 4.50-15&prime; sand tires unlimited"},"content":{"rendered":"<h3><span style=\"color: #ff0000;\">Pneu smoothee 4.50-15&prime; sand tires unlimited<\/span><\/h3>\n<p><span style=\"color: #000000;\">A l&rsquo;origine pneu avant pour buggy de plage, ce pneu smoothee (lisse) et rond fabriqu\u00e9 en Californie par <a style=\"color: #000000;\" href=\"https:\/\/www.sandtiresunlimited.com\/about-us\" target=\"_blank\" rel=\"noopener\">sand tires unlimited<\/a>\u00a0 est id\u00e9al pour \u00e9quiper les roues arri\u00e8res de char \u00e0 voile classe 2 et 3.<\/span><\/p>\n<p><span style=\"color: #000000;\">En effet son faible poids, sa\u00a0 forme ronde, sa structure Diagonale 4 plis en toile et l&rsquo;absence de sculptures en font un pneu particuli\u00e8rement souple et d\u00e9formable pour s&rsquo;adapter \u00e0 tous les types de sable.<\/span><\/p>\n<p><span style=\"color: #000000;\">Ces pneus peuvent \u00eatre mont\u00e9s en Tubeless ou avec chambre \u00e0 air.<\/span><\/p>\n<p><span style=\"color: #000000;\"><strong>A la diff\u00e9rence des revendeurs US, les prix propos\u00e9s sont net et comprennent<\/strong> :<\/span><\/p>\n<ul>\n<li><span style=\"color: #000000;\">le transport depuis la Californie<\/span><\/li>\n<li><span style=\"color: #000000;\">les taxes douani\u00e8res<\/span><\/li>\n<li><span style=\"color: #000000;\">le cout de la TVA<\/span><\/li>\n<li><span style=\"color: #000000;\">La livraison sur un site de comp\u00e9tition (sur rendez vous)<\/span><\/li>\n<\/ul>\n<p><span style=\"color: #000000;\">Pour toues questions, <a style=\"color: #000000;\" href=\"https:\/\/www.beachspirit.fr\/bs\/nous-contacter\/\" target=\"_blank\" rel=\"noopener\">contactez nous<\/a><\/span><\/p>\n","protected":false},"excerpt":{"rendered":"<p>Pneu smoothee 4.50-15&prime; sand tires unlimited A l&rsquo;origine pneu avant pour buggy de plage, ce pneu smoothee (lisse) et rond fabriqu\u00e9 en Californie par sand tires unlimited\u00a0 est id\u00e9al pour \u00e9quiper les roues arri\u00e8res de char \u00e0 voile classe 2 <a href=\"https:\/\/www.beachspirit.fr\/bs\/produit\/pneu-smoothee-15-sand-tires-unlimited\/\"> Read more&#8230;<\/a><\/p>\n","protected":false},"featured_media":27624,"comment_status":"open","ping_status":"closed","template":"","meta":[],"product_brand":[],"product_cat":[546,361,562,22],"product_tag":[],"class_list":{"0":"post-27623","1":"product","2":"type-product","3":"status-publish","4":"has-post-thumbnail","6":"product_cat-char-a-voile-classes-2-et-3","7":"product_cat-articles-techniques-voile-char-a-voile","8":"product_cat-roues-pneus-chambres-a-air","9":"product_cat-roulements-roues-pneus-char-a-voile","10":"product_shipping_class-tarif-suivant-poids","12":"first","13":"instock","14":"purchasable","15":"product-type-simple"},"yoast_head":"<!-- This site is optimized with the Yoast SEO plugin v27.6 - https:\/\/yoast.com\/product\/yoast-seo-wordpress\/ -->\n<title>Pneu smoothee 4.50-15&#039; sand tires unlimited - BEACH SPIRIT<\/title>\n<meta name=\"robots\" content=\"index, follow, max-snippet:-1, max-image-preview:large, max-video-preview:-1\" \/>\n<link rel=\"canonical\" href=\"https:\/\/www.beachspirit.fr\/bs\/produit\/pneu-smoothee-15-sand-tires-unlimited\/\" \/>\n<meta property=\"og:locale\" content=\"fr_FR\" \/>\n<meta property=\"og:type\" content=\"article\" \/>\n<meta property=\"og:title\" content=\"Pneu smoothee 4.50-15&#039; sand tires unlimited - BEACH SPIRIT\" \/>\n<meta property=\"og:description\" content=\"Pneu smoothee 4.50-15&prime; sand tires unlimited A l&rsquo;origine pneu avant pour buggy de plage, ce pneu smoothee (lisse) et rond fabriqu\u00e9 en Californie par sand tires unlimited\u00a0 est id\u00e9al pour \u00e9quiper les roues arri\u00e8res de char \u00e0 voile classe 2 Read more&#8230;\" \/>\n<meta property=\"og:url\" content=\"https:\/\/www.beachspirit.fr\/bs\/produit\/pneu-smoothee-15-sand-tires-unlimited\/\" \/>\n<meta property=\"og:site_name\" content=\"BEACH SPIRIT\" \/>\n<meta property=\"article:publisher\" content=\"https:\/\/www.facebook.com\/beachspirit.fr\/\" \/>\n<meta property=\"article:modified_time\" content=\"2026-05-14T14:36:04+00:00\" \/>\n<meta property=\"og:image\" content=\"https:\/\/www.beachspirit.fr\/bs\/wp-content\/uploads\/2022\/12\/sand-tire-smoothee4.50-15-pub.png\" \/>\n\t<meta property=\"og:image:width\" content=\"832\" \/>\n\t<meta property=\"og:image:height\" content=\"967\" \/>\n\t<meta property=\"og:image:type\" content=\"image\/png\" \/>\n<meta name=\"twitter:card\" content=\"summary_large_image\" \/>\n<meta name=\"twitter:label1\" content=\"Dur\u00e9e de lecture estim\u00e9e\" \/>\n\t<meta name=\"twitter:data1\" content=\"1 minute\" \/>\n<script type=\"application\/ld+json\" class=\"yoast-schema-graph\">{\"@context\":\"https:\\\/\\\/schema.org\",\"@graph\":[{\"@type\":\"WebPage\",\"@id\":\"https:\\\/\\\/www.beachspirit.fr\\\/bs\\\/produit\\\/pneu-smoothee-15-sand-tires-unlimited\\\/\",\"url\":\"https:\\\/\\\/www.beachspirit.fr\\\/bs\\\/produit\\\/pneu-smoothee-15-sand-tires-unlimited\\\/\",\"name\":\"Pneu smoothee 4.50-15' sand tires unlimited - BEACH SPIRIT\",\"isPartOf\":{\"@id\":\"https:\\\/\\\/www.beachspirit.fr\\\/bs\\\/#website\"},\"primaryImageOfPage\":{\"@id\":\"https:\\\/\\\/www.beachspirit.fr\\\/bs\\\/produit\\\/pneu-smoothee-15-sand-tires-unlimited\\\/#primaryimage\"},\"image\":{\"@id\":\"https:\\\/\\\/www.beachspirit.fr\\\/bs\\\/produit\\\/pneu-smoothee-15-sand-tires-unlimited\\\/#primaryimage\"},\"thumbnailUrl\":\"https:\\\/\\\/www.beachspirit.fr\\\/bs\\\/wp-content\\\/uploads\\\/2022\\\/12\\\/sand-tire-smoothee4.50-15-pub.png\",\"datePublished\":\"2022-12-13T14:00:51+00:00\",\"dateModified\":\"2026-05-14T14:36:04+00:00\",\"breadcrumb\":{\"@id\":\"https:\\\/\\\/www.beachspirit.fr\\\/bs\\\/produit\\\/pneu-smoothee-15-sand-tires-unlimited\\\/#breadcrumb\"},\"inLanguage\":\"fr-FR\",\"potentialAction\":[{\"@type\":\"ReadAction\",\"target\":[\"https:\\\/\\\/www.beachspirit.fr\\\/bs\\\/produit\\\/pneu-smoothee-15-sand-tires-unlimited\\\/\"]}]},{\"@type\":\"ImageObject\",\"inLanguage\":\"fr-FR\",\"@id\":\"https:\\\/\\\/www.beachspirit.fr\\\/bs\\\/produit\\\/pneu-smoothee-15-sand-tires-unlimited\\\/#primaryimage\",\"url\":\"https:\\\/\\\/www.beachspirit.fr\\\/bs\\\/wp-content\\\/uploads\\\/2022\\\/12\\\/sand-tire-smoothee4.50-15-pub.png\",\"contentUrl\":\"https:\\\/\\\/www.beachspirit.fr\\\/bs\\\/wp-content\\\/uploads\\\/2022\\\/12\\\/sand-tire-smoothee4.50-15-pub.png\",\"width\":832,\"height\":967,\"caption\":\"Pneu smoothee 4.50-15 sand tires unlimited\"},{\"@type\":\"BreadcrumbList\",\"@id\":\"https:\\\/\\\/www.beachspirit.fr\\\/bs\\\/produit\\\/pneu-smoothee-15-sand-tires-unlimited\\\/#breadcrumb\",\"itemListElement\":[{\"@type\":\"ListItem\",\"position\":1,\"name\":\"Accueil\",\"item\":\"https:\\\/\\\/www.beachspirit.fr\\\/bs\\\/\"},{\"@type\":\"ListItem\",\"position\":2,\"name\":\"Boutique\",\"item\":\"https:\\\/\\\/www.beachspirit.fr\\\/bs\\\/boutique\\\/\"},{\"@type\":\"ListItem\",\"position\":3,\"name\":\"Pneu smoothee 4.50-15&prime; sand tires unlimited\"}]},{\"@type\":\"WebSite\",\"@id\":\"https:\\\/\\\/www.beachspirit.fr\\\/bs\\\/#website\",\"url\":\"https:\\\/\\\/www.beachspirit.fr\\\/bs\\\/\",\"name\":\"BEACH SPIRIT\",\"description\":\"beach spirit approved\",\"publisher\":{\"@id\":\"https:\\\/\\\/www.beachspirit.fr\\\/bs\\\/#organization\"},\"potentialAction\":[{\"@type\":\"SearchAction\",\"target\":{\"@type\":\"EntryPoint\",\"urlTemplate\":\"https:\\\/\\\/www.beachspirit.fr\\\/bs\\\/?s={search_term_string}\"},\"query-input\":{\"@type\":\"PropertyValueSpecification\",\"valueRequired\":true,\"valueName\":\"search_term_string\"}}],\"inLanguage\":\"fr-FR\"},{\"@type\":\"Organization\",\"@id\":\"https:\\\/\\\/www.beachspirit.fr\\\/bs\\\/#organization\",\"name\":\"BEACH SPIRIT\",\"url\":\"https:\\\/\\\/www.beachspirit.fr\\\/bs\\\/\",\"logo\":{\"@type\":\"ImageObject\",\"inLanguage\":\"fr-FR\",\"@id\":\"https:\\\/\\\/www.beachspirit.fr\\\/bs\\\/#\\\/schema\\\/logo\\\/image\\\/\",\"url\":\"http:\\\/\\\/www.beachspirit.fr\\\/bs\\\/wp-content\\\/uploads\\\/2020\\\/03\\\/logoBS-petit-2.png\",\"contentUrl\":\"http:\\\/\\\/www.beachspirit.fr\\\/bs\\\/wp-content\\\/uploads\\\/2020\\\/03\\\/logoBS-petit-2.png\",\"width\":200,\"height\":117,\"caption\":\"BEACH SPIRIT\"},\"image\":{\"@id\":\"https:\\\/\\\/www.beachspirit.fr\\\/bs\\\/#\\\/schema\\\/logo\\\/image\\\/\"},\"sameAs\":[\"https:\\\/\\\/www.facebook.com\\\/beachspirit.fr\\\/\",\"https:\\\/\\\/www.instagram.com\\\/beachspirit.fr\\\/\"]}]}<\/script>\n<!-- \/ Yoast SEO plugin. -->","yoast_head_json":{"title":"Pneu smoothee 4.50-15' sand tires unlimited - BEACH SPIRIT","robots":{"index":"index","follow":"follow","max-snippet":"max-snippet:-1","max-image-preview":"max-image-preview:large","max-video-preview":"max-video-preview:-1"},"canonical":"https:\/\/www.beachspirit.fr\/bs\/produit\/pneu-smoothee-15-sand-tires-unlimited\/","og_locale":"fr_FR","og_type":"article","og_title":"Pneu smoothee 4.50-15' sand tires unlimited - BEACH SPIRIT","og_description":"Pneu smoothee 4.50-15&prime; sand tires unlimited A l&rsquo;origine pneu avant pour buggy de plage, ce pneu smoothee (lisse) et rond fabriqu\u00e9 en Californie par sand tires unlimited\u00a0 est id\u00e9al pour \u00e9quiper les roues arri\u00e8res de char \u00e0 voile classe 2 Read more&#8230;","og_url":"https:\/\/www.beachspirit.fr\/bs\/produit\/pneu-smoothee-15-sand-tires-unlimited\/","og_site_name":"BEACH SPIRIT","article_publisher":"https:\/\/www.facebook.com\/beachspirit.fr\/","article_modified_time":"2026-05-14T14:36:04+00:00","og_image":[{"width":832,"height":967,"url":"https:\/\/www.beachspirit.fr\/bs\/wp-content\/uploads\/2022\/12\/sand-tire-smoothee4.50-15-pub.png","type":"image\/png"}],"twitter_card":"summary_large_image","twitter_misc":{"Dur\u00e9e de lecture estim\u00e9e":"1 minute"},"schema":{"@context":"https:\/\/schema.org","@graph":[{"@type":"WebPage","@id":"https:\/\/www.beachspirit.fr\/bs\/produit\/pneu-smoothee-15-sand-tires-unlimited\/","url":"https:\/\/www.beachspirit.fr\/bs\/produit\/pneu-smoothee-15-sand-tires-unlimited\/","name":"Pneu smoothee 4.50-15' sand tires unlimited - BEACH SPIRIT","isPartOf":{"@id":"https:\/\/www.beachspirit.fr\/bs\/#website"},"primaryImageOfPage":{"@id":"https:\/\/www.beachspirit.fr\/bs\/produit\/pneu-smoothee-15-sand-tires-unlimited\/#primaryimage"},"image":{"@id":"https:\/\/www.beachspirit.fr\/bs\/produit\/pneu-smoothee-15-sand-tires-unlimited\/#primaryimage"},"thumbnailUrl":"https:\/\/www.beachspirit.fr\/bs\/wp-content\/uploads\/2022\/12\/sand-tire-smoothee4.50-15-pub.png","datePublished":"2022-12-13T14:00:51+00:00","dateModified":"2026-05-14T14:36:04+00:00","breadcrumb":{"@id":"https:\/\/www.beachspirit.fr\/bs\/produit\/pneu-smoothee-15-sand-tires-unlimited\/#breadcrumb"},"inLanguage":"fr-FR","potentialAction":[{"@type":"ReadAction","target":["https:\/\/www.beachspirit.fr\/bs\/produit\/pneu-smoothee-15-sand-tires-unlimited\/"]}]},{"@type":"ImageObject","inLanguage":"fr-FR","@id":"https:\/\/www.beachspirit.fr\/bs\/produit\/pneu-smoothee-15-sand-tires-unlimited\/#primaryimage","url":"https:\/\/www.beachspirit.fr\/bs\/wp-content\/uploads\/2022\/12\/sand-tire-smoothee4.50-15-pub.png","contentUrl":"https:\/\/www.beachspirit.fr\/bs\/wp-content\/uploads\/2022\/12\/sand-tire-smoothee4.50-15-pub.png","width":832,"height":967,"caption":"Pneu smoothee 4.50-15 sand tires unlimited"},{"@type":"BreadcrumbList","@id":"https:\/\/www.beachspirit.fr\/bs\/produit\/pneu-smoothee-15-sand-tires-unlimited\/#breadcrumb","itemListElement":[{"@type":"ListItem","position":1,"name":"Accueil","item":"https:\/\/www.beachspirit.fr\/bs\/"},{"@type":"ListItem","position":2,"name":"Boutique","item":"https:\/\/www.beachspirit.fr\/bs\/boutique\/"},{"@type":"ListItem","position":3,"name":"Pneu smoothee 4.50-15&prime; sand tires unlimited"}]},{"@type":"WebSite","@id":"https:\/\/www.beachspirit.fr\/bs\/#website","url":"https:\/\/www.beachspirit.fr\/bs\/","name":"BEACH SPIRIT","description":"beach spirit approved","publisher":{"@id":"https:\/\/www.beachspirit.fr\/bs\/#organization"},"potentialAction":[{"@type":"SearchAction","target":{"@type":"EntryPoint","urlTemplate":"https:\/\/www.beachspirit.fr\/bs\/?s={search_term_string}"},"query-input":{"@type":"PropertyValueSpecification","valueRequired":true,"valueName":"search_term_string"}}],"inLanguage":"fr-FR"},{"@type":"Organization","@id":"https:\/\/www.beachspirit.fr\/bs\/#organization","name":"BEACH SPIRIT","url":"https:\/\/www.beachspirit.fr\/bs\/","logo":{"@type":"ImageObject","inLanguage":"fr-FR","@id":"https:\/\/www.beachspirit.fr\/bs\/#\/schema\/logo\/image\/","url":"http:\/\/www.beachspirit.fr\/bs\/wp-content\/uploads\/2020\/03\/logoBS-petit-2.png","contentUrl":"http:\/\/www.beachspirit.fr\/bs\/wp-content\/uploads\/2020\/03\/logoBS-petit-2.png","width":200,"height":117,"caption":"BEACH SPIRIT"},"image":{"@id":"https:\/\/www.beachspirit.fr\/bs\/#\/schema\/logo\/image\/"},"sameAs":["https:\/\/www.facebook.com\/beachspirit.fr\/","https:\/\/www.instagram.com\/beachspirit.fr\/"]}]}},"_links":{"self":[{"href":"https:\/\/www.beachspirit.fr\/bs\/wp-json\/wp\/v2\/product\/27623","targetHints":{"allow":["GET"]}}],"collection":[{"href":"https:\/\/www.beachspirit.fr\/bs\/wp-json\/wp\/v2\/product"}],"about":[{"href":"https:\/\/www.beachspirit.fr\/bs\/wp-json\/wp\/v2\/types\/product"}],"replies":[{"embeddable":true,"href":"https:\/\/www.beachspirit.fr\/bs\/wp-json\/wp\/v2\/comments?post=27623"}],"wp:featuredmedia":[{"embeddable":true,"href":"https:\/\/www.beachspirit.fr\/bs\/wp-json\/wp\/v2\/media\/27624"}],"wp:attachment":[{"href":"https:\/\/www.beachspirit.fr\/bs\/wp-json\/wp\/v2\/media?parent=27623"}],"wp:term":[{"taxonomy":"product_brand","embeddable":true,"href":"https:\/\/www.beachspirit.fr\/bs\/wp-json\/wp\/v2\/product_brand?post=27623"},{"taxonomy":"product_cat","embeddable":true,"href":"https:\/\/www.beachspirit.fr\/bs\/wp-json\/wp\/v2\/product_cat?post=27623"},{"taxonomy":"product_tag","embeddable":true,"href":"https:\/\/www.beachspirit.fr\/bs\/wp-json\/wp\/v2\/product_tag?post=27623"}],"curies":[{"name":"wp","href":"https:\/\/api.w.org\/{rel}","templated":true}]}}