{"id":27643,"date":"2022-12-22T12:09:54","date_gmt":"2022-12-22T11:09:54","guid":{"rendered":"https:\/\/www.beachspirit.fr\/bs\/?post_type=product&#038;p=27643"},"modified":"2024-02-22T10:35:46","modified_gmt":"2024-02-22T09:35:46","slug":"porte-fusee-dessieu-avec-axe-de-roues-demontable-char-classe-2-et-3","status":"publish","type":"product","link":"https:\/\/www.beachspirit.fr\/bs\/produit\/porte-fusee-dessieu-avec-axe-de-roues-demontable-char-classe-2-et-3\/","title":{"rendered":"Porte Fus\u00e9e d&rsquo;essieu avec axe de roues d\u00e9montable char classe 2 et 3"},"content":{"rendered":"<h3><span style=\"color: #ffcc00;\">Porte Fus\u00e9e d&rsquo;essieu avec axe de roue arri\u00e8re d\u00e9montable char classe 2 et 3<\/span><\/h3>\n<p><span style=\"color: #000000;\">Jusqu&rsquo;\u00e0 pr\u00e9sent Casser ou tordre un axe de roue en char classe 2 ou 3, c&rsquo;\u00e9tait \u00eatre oblig\u00e9 de d\u00e9m\u00e2ter puis de de d\u00e9monter la pi\u00e8ce de l&rsquo;essieu, ressouder un axe et enfin tout remonter<\/span><\/p>\n<p><span style=\"color: #000000;\">R\u00e9sultat une journ\u00e9e g\u00e2ch\u00e9e et une course rat\u00e9e.<\/span><\/p>\n<p><span style=\"color: #000000;\">Mais \u00e7a c&rsquo;\u00e9tait avant !<\/span><\/p>\n<p><span style=\"color: #000000;\"><span style=\"color: #000000;\"><b>Depuis 2 ans j&rsquo;utilise <\/b><\/span><\/span><span style=\"color: #000000;\"><strong>une fus\u00e9e d&rsquo;essieu inox en 2 parties d\u00e9montable pour char \u00e0 voile classe 2 ou 3 constitu\u00e9e de<\/strong> :<\/span><\/p>\n<ul>\n<li><span style=\"color: #000000;\">Un \u00e9trier (<a style=\"color: #000000;\" href=\"https:\/\/gdt.oqlf.gouv.qc.ca\/ficheOqlf.aspx?Id_Fiche=2072324\" target=\"_blank\" rel=\"noopener\">porte fus\u00e9e<\/a>) \u00e0 fixer sur l&rsquo;essieu aux dimensions \u00ab\u00a0Gervais\u00a0\u00bb, \u00e9quip\u00e9 d&rsquo;une platine perc\u00e9e de 4 trous taraud\u00e9s en M8<\/span><\/li>\n<li><span style=\"color: #000000;\">un axe de roue pour jantes DWT SAND STAR \u00e9quip\u00e9e de roulements 6305 et 6304 lui meme soud\u00e9 sur une platine perc\u00e9e de 4 trous en \u00d8 8<\/span><\/li>\n<\/ul>\n<p><span style=\"color: #000000;\">Le tout\u00a0 assembl\u00e9 par 4 boulons et contre \u00e9crous en M8<\/span><\/p>\n<p><span style=\"color: #000000;\">En cas de casse, le changement d&rsquo;axe de roues ne prend que quelques minutes et peut se faire directement sur la plage !<\/span><\/p>\n<p><span style=\"color: #000000;\">Le r\u00e9glage du parall\u00e9lisme peut se faire avec des cales entre les 2 platines<\/span><\/p>\n<p>&nbsp;<\/p>\n<p><span style=\"color: #000000;\">Pour toutes questions<\/span> : <a href=\"https:\/\/www.beachspirit.fr\/bs\/nous-contacter\/\" target=\"_blank\" rel=\"noopener\">NOUS CONTACTER<\/a><\/p>\n<p>&nbsp;<\/p>\n","protected":false},"excerpt":{"rendered":"<h2><span style=\"color: #ffcc00;\">Porte Fus\u00e9e d&rsquo;essieu avec axe de roue arri\u00e8re d\u00e9montable char classe 2 et 3<\/span><\/h2>\n<p><span style=\"color: #ffcc99;\">Descriptif ci-dessous<\/span><\/p>\n","protected":false},"featured_media":27644,"comment_status":"open","ping_status":"closed","template":"","meta":[],"product_brand":[],"product_cat":[18,546,361,562],"product_tag":[],"class_list":{"0":"post-27643","1":"product","2":"type-product","3":"status-publish","4":"has-post-thumbnail","6":"product_cat-accastillage-poulies-voile-char-a-voile-bateau","7":"product_cat-char-a-voile-classes-2-et-3","8":"product_cat-articles-techniques-voile-char-a-voile","9":"product_cat-roues-pneus-chambres-a-air","10":"product_shipping_class-tarif-suivant-poids","12":"first","13":"instock","14":"purchasable","15":"product-type-variable"},"yoast_head":"<!-- This site is optimized with the Yoast SEO plugin v27.5 - https:\/\/yoast.com\/product\/yoast-seo-wordpress\/ -->\n<title>Porte Fus\u00e9e d&#039;essieu avec axe de roues d\u00e9montable char classe 2 et 3 - BEACH SPIRIT<\/title>\n<meta name=\"description\" content=\"Voici une fus\u00e9e d&#039;essieu inox en 2 parties d\u00e9montable pour char \u00e0 voile classe 2 ou 3 constitu\u00e9e de : Un \u00e9trier (porte fus\u00e9e) \u00e0 fixer sur l&#039;essieu aux dimensions &quot;Gervais&quot;, \u00e9quip\u00e9 d&#039;une platine perc\u00e9e de 4 trous taraud\u00e9s en M8\u00a0et un axe de roue pour jantes DWT SAND STAR \u00e9quip\u00e9e de roulements 6305 et 6304 m\u00eame lui meme soud\u00e9 sur une platine perc\u00e9e de 4 trous en \u00d8 8Le tout\u00a0 assembl\u00e9 par 4 boulons et contre \u00e9crous en M8.En cas de casse, le changement d&#039;axe de roues ne prend que quelques minutes et peut se faire directement sur la plage !\" \/>\n<meta name=\"robots\" content=\"index, follow, max-snippet:-1, max-image-preview:large, max-video-preview:-1\" \/>\n<link rel=\"canonical\" href=\"https:\/\/www.beachspirit.fr\/bs\/produit\/porte-fusee-dessieu-avec-axe-de-roues-demontable-char-classe-2-et-3\/\" \/>\n<meta property=\"og:locale\" content=\"fr_FR\" \/>\n<meta property=\"og:type\" content=\"article\" \/>\n<meta property=\"og:title\" content=\"Porte Fus\u00e9e d&#039;essieu avec axe de roues d\u00e9montable char classe 2 et 3 - BEACH SPIRIT\" \/>\n<meta property=\"og:description\" content=\"Voici une fus\u00e9e d&#039;essieu inox en 2 parties d\u00e9montable pour char \u00e0 voile classe 2 ou 3 constitu\u00e9e de : Un \u00e9trier (porte fus\u00e9e) \u00e0 fixer sur l&#039;essieu aux dimensions &quot;Gervais&quot;, \u00e9quip\u00e9 d&#039;une platine perc\u00e9e de 4 trous taraud\u00e9s en M8\u00a0et un axe de roue pour jantes DWT SAND STAR \u00e9quip\u00e9e de roulements 6305 et 6304 m\u00eame lui meme soud\u00e9 sur une platine perc\u00e9e de 4 trous en \u00d8 8Le tout\u00a0 assembl\u00e9 par 4 boulons et contre \u00e9crous en M8.En cas de casse, le changement d&#039;axe de roues ne prend que quelques minutes et peut se faire directement sur la plage !\" \/>\n<meta property=\"og:url\" content=\"https:\/\/www.beachspirit.fr\/bs\/produit\/porte-fusee-dessieu-avec-axe-de-roues-demontable-char-classe-2-et-3\/\" \/>\n<meta property=\"og:site_name\" content=\"BEACH SPIRIT\" \/>\n<meta property=\"article:publisher\" content=\"https:\/\/www.facebook.com\/beachspirit.fr\/\" \/>\n<meta property=\"article:modified_time\" content=\"2024-02-22T09:35:46+00:00\" \/>\n<meta property=\"og:image\" content=\"https:\/\/www.beachspirit.fr\/bs\/wp-content\/uploads\/2022\/12\/321074495_484273823837405_8142349461911413143_n.jpg\" \/>\n\t<meta property=\"og:image:width\" content=\"1536\" \/>\n\t<meta property=\"og:image:height\" content=\"2048\" \/>\n\t<meta property=\"og:image:type\" content=\"image\/jpeg\" \/>\n<meta name=\"twitter:card\" content=\"summary_large_image\" \/>\n<meta name=\"twitter:label1\" content=\"Dur\u00e9e de lecture estim\u00e9e\" \/>\n\t<meta name=\"twitter:data1\" content=\"2 minutes\" \/>\n<script type=\"application\/ld+json\" class=\"yoast-schema-graph\">{\"@context\":\"https:\\\/\\\/schema.org\",\"@graph\":[{\"@type\":\"WebPage\",\"@id\":\"https:\\\/\\\/www.beachspirit.fr\\\/bs\\\/produit\\\/porte-fusee-dessieu-avec-axe-de-roues-demontable-char-classe-2-et-3\\\/\",\"url\":\"https:\\\/\\\/www.beachspirit.fr\\\/bs\\\/produit\\\/porte-fusee-dessieu-avec-axe-de-roues-demontable-char-classe-2-et-3\\\/\",\"name\":\"Porte Fus\u00e9e d'essieu avec axe de roues d\u00e9montable char classe 2 et 3 - BEACH SPIRIT\",\"isPartOf\":{\"@id\":\"https:\\\/\\\/www.beachspirit.fr\\\/bs\\\/#website\"},\"primaryImageOfPage\":{\"@id\":\"https:\\\/\\\/www.beachspirit.fr\\\/bs\\\/produit\\\/porte-fusee-dessieu-avec-axe-de-roues-demontable-char-classe-2-et-3\\\/#primaryimage\"},\"image\":{\"@id\":\"https:\\\/\\\/www.beachspirit.fr\\\/bs\\\/produit\\\/porte-fusee-dessieu-avec-axe-de-roues-demontable-char-classe-2-et-3\\\/#primaryimage\"},\"thumbnailUrl\":\"https:\\\/\\\/www.beachspirit.fr\\\/bs\\\/wp-content\\\/uploads\\\/2022\\\/12\\\/321074495_484273823837405_8142349461911413143_n.jpg\",\"datePublished\":\"2022-12-22T11:09:54+00:00\",\"dateModified\":\"2024-02-22T09:35:46+00:00\",\"description\":\"Voici une fus\u00e9e d'essieu inox en 2 parties d\u00e9montable pour char \u00e0 voile classe 2 ou 3 constitu\u00e9e de : Un \u00e9trier (porte fus\u00e9e) \u00e0 fixer sur l'essieu aux dimensions \\\"Gervais\\\", \u00e9quip\u00e9 d'une platine perc\u00e9e de 4 trous taraud\u00e9s en M8\u00a0et un axe de roue pour jantes DWT SAND STAR \u00e9quip\u00e9e de roulements 6305 et 6304 m\u00eame lui meme soud\u00e9 sur une platine perc\u00e9e de 4 trous en \u00d8 8Le tout\u00a0 assembl\u00e9 par 4 boulons et contre \u00e9crous en M8.En cas de casse, le changement d'axe de roues ne prend que quelques minutes et peut se faire directement sur la plage !\",\"breadcrumb\":{\"@id\":\"https:\\\/\\\/www.beachspirit.fr\\\/bs\\\/produit\\\/porte-fusee-dessieu-avec-axe-de-roues-demontable-char-classe-2-et-3\\\/#breadcrumb\"},\"inLanguage\":\"fr-FR\",\"potentialAction\":[{\"@type\":\"ReadAction\",\"target\":[\"https:\\\/\\\/www.beachspirit.fr\\\/bs\\\/produit\\\/porte-fusee-dessieu-avec-axe-de-roues-demontable-char-classe-2-et-3\\\/\"]}]},{\"@type\":\"ImageObject\",\"inLanguage\":\"fr-FR\",\"@id\":\"https:\\\/\\\/www.beachspirit.fr\\\/bs\\\/produit\\\/porte-fusee-dessieu-avec-axe-de-roues-demontable-char-classe-2-et-3\\\/#primaryimage\",\"url\":\"https:\\\/\\\/www.beachspirit.fr\\\/bs\\\/wp-content\\\/uploads\\\/2022\\\/12\\\/321074495_484273823837405_8142349461911413143_n.jpg\",\"contentUrl\":\"https:\\\/\\\/www.beachspirit.fr\\\/bs\\\/wp-content\\\/uploads\\\/2022\\\/12\\\/321074495_484273823837405_8142349461911413143_n.jpg\",\"width\":1536,\"height\":2048,\"caption\":\"fus\u00e9e essieu d\u00e9montable char \u00e0 voile\"},{\"@type\":\"BreadcrumbList\",\"@id\":\"https:\\\/\\\/www.beachspirit.fr\\\/bs\\\/produit\\\/porte-fusee-dessieu-avec-axe-de-roues-demontable-char-classe-2-et-3\\\/#breadcrumb\",\"itemListElement\":[{\"@type\":\"ListItem\",\"position\":1,\"name\":\"Accueil\",\"item\":\"https:\\\/\\\/www.beachspirit.fr\\\/bs\\\/\"},{\"@type\":\"ListItem\",\"position\":2,\"name\":\"Boutique\",\"item\":\"https:\\\/\\\/www.beachspirit.fr\\\/bs\\\/boutique\\\/\"},{\"@type\":\"ListItem\",\"position\":3,\"name\":\"Porte Fus\u00e9e d&#8217;essieu avec axe de roues d\u00e9montable char classe 2 et 3\"}]},{\"@type\":\"WebSite\",\"@id\":\"https:\\\/\\\/www.beachspirit.fr\\\/bs\\\/#website\",\"url\":\"https:\\\/\\\/www.beachspirit.fr\\\/bs\\\/\",\"name\":\"BEACH SPIRIT\",\"description\":\"beach spirit approved\",\"publisher\":{\"@id\":\"https:\\\/\\\/www.beachspirit.fr\\\/bs\\\/#organization\"},\"potentialAction\":[{\"@type\":\"SearchAction\",\"target\":{\"@type\":\"EntryPoint\",\"urlTemplate\":\"https:\\\/\\\/www.beachspirit.fr\\\/bs\\\/?s={search_term_string}\"},\"query-input\":{\"@type\":\"PropertyValueSpecification\",\"valueRequired\":true,\"valueName\":\"search_term_string\"}}],\"inLanguage\":\"fr-FR\"},{\"@type\":\"Organization\",\"@id\":\"https:\\\/\\\/www.beachspirit.fr\\\/bs\\\/#organization\",\"name\":\"BEACH SPIRIT\",\"url\":\"https:\\\/\\\/www.beachspirit.fr\\\/bs\\\/\",\"logo\":{\"@type\":\"ImageObject\",\"inLanguage\":\"fr-FR\",\"@id\":\"https:\\\/\\\/www.beachspirit.fr\\\/bs\\\/#\\\/schema\\\/logo\\\/image\\\/\",\"url\":\"http:\\\/\\\/www.beachspirit.fr\\\/bs\\\/wp-content\\\/uploads\\\/2020\\\/03\\\/logoBS-petit-2.png\",\"contentUrl\":\"http:\\\/\\\/www.beachspirit.fr\\\/bs\\\/wp-content\\\/uploads\\\/2020\\\/03\\\/logoBS-petit-2.png\",\"width\":200,\"height\":117,\"caption\":\"BEACH SPIRIT\"},\"image\":{\"@id\":\"https:\\\/\\\/www.beachspirit.fr\\\/bs\\\/#\\\/schema\\\/logo\\\/image\\\/\"},\"sameAs\":[\"https:\\\/\\\/www.facebook.com\\\/beachspirit.fr\\\/\",\"https:\\\/\\\/www.instagram.com\\\/beachspirit.fr\\\/\"]}]}<\/script>\n<!-- \/ Yoast SEO plugin. -->","yoast_head_json":{"title":"Porte Fus\u00e9e d'essieu avec axe de roues d\u00e9montable char classe 2 et 3 - BEACH SPIRIT","description":"Voici une fus\u00e9e d'essieu inox en 2 parties d\u00e9montable pour char \u00e0 voile classe 2 ou 3 constitu\u00e9e de : Un \u00e9trier (porte fus\u00e9e) \u00e0 fixer sur l'essieu aux dimensions \"Gervais\", \u00e9quip\u00e9 d'une platine perc\u00e9e de 4 trous taraud\u00e9s en M8\u00a0et un axe de roue pour jantes DWT SAND STAR \u00e9quip\u00e9e de roulements 6305 et 6304 m\u00eame lui meme soud\u00e9 sur une platine perc\u00e9e de 4 trous en \u00d8 8Le tout\u00a0 assembl\u00e9 par 4 boulons et contre \u00e9crous en M8.En cas de casse, le changement d'axe de roues ne prend que quelques minutes et peut se faire directement sur la plage !","robots":{"index":"index","follow":"follow","max-snippet":"max-snippet:-1","max-image-preview":"max-image-preview:large","max-video-preview":"max-video-preview:-1"},"canonical":"https:\/\/www.beachspirit.fr\/bs\/produit\/porte-fusee-dessieu-avec-axe-de-roues-demontable-char-classe-2-et-3\/","og_locale":"fr_FR","og_type":"article","og_title":"Porte Fus\u00e9e d'essieu avec axe de roues d\u00e9montable char classe 2 et 3 - BEACH SPIRIT","og_description":"Voici une fus\u00e9e d'essieu inox en 2 parties d\u00e9montable pour char \u00e0 voile classe 2 ou 3 constitu\u00e9e de : Un \u00e9trier (porte fus\u00e9e) \u00e0 fixer sur l'essieu aux dimensions \"Gervais\", \u00e9quip\u00e9 d'une platine perc\u00e9e de 4 trous taraud\u00e9s en M8\u00a0et un axe de roue pour jantes DWT SAND STAR \u00e9quip\u00e9e de roulements 6305 et 6304 m\u00eame lui meme soud\u00e9 sur une platine perc\u00e9e de 4 trous en \u00d8 8Le tout\u00a0 assembl\u00e9 par 4 boulons et contre \u00e9crous en M8.En cas de casse, le changement d'axe de roues ne prend que quelques minutes et peut se faire directement sur la plage !","og_url":"https:\/\/www.beachspirit.fr\/bs\/produit\/porte-fusee-dessieu-avec-axe-de-roues-demontable-char-classe-2-et-3\/","og_site_name":"BEACH SPIRIT","article_publisher":"https:\/\/www.facebook.com\/beachspirit.fr\/","article_modified_time":"2024-02-22T09:35:46+00:00","og_image":[{"width":1536,"height":2048,"url":"https:\/\/www.beachspirit.fr\/bs\/wp-content\/uploads\/2022\/12\/321074495_484273823837405_8142349461911413143_n.jpg","type":"image\/jpeg"}],"twitter_card":"summary_large_image","twitter_misc":{"Dur\u00e9e de lecture estim\u00e9e":"2 minutes"},"schema":{"@context":"https:\/\/schema.org","@graph":[{"@type":"WebPage","@id":"https:\/\/www.beachspirit.fr\/bs\/produit\/porte-fusee-dessieu-avec-axe-de-roues-demontable-char-classe-2-et-3\/","url":"https:\/\/www.beachspirit.fr\/bs\/produit\/porte-fusee-dessieu-avec-axe-de-roues-demontable-char-classe-2-et-3\/","name":"Porte Fus\u00e9e d'essieu avec axe de roues d\u00e9montable char classe 2 et 3 - BEACH SPIRIT","isPartOf":{"@id":"https:\/\/www.beachspirit.fr\/bs\/#website"},"primaryImageOfPage":{"@id":"https:\/\/www.beachspirit.fr\/bs\/produit\/porte-fusee-dessieu-avec-axe-de-roues-demontable-char-classe-2-et-3\/#primaryimage"},"image":{"@id":"https:\/\/www.beachspirit.fr\/bs\/produit\/porte-fusee-dessieu-avec-axe-de-roues-demontable-char-classe-2-et-3\/#primaryimage"},"thumbnailUrl":"https:\/\/www.beachspirit.fr\/bs\/wp-content\/uploads\/2022\/12\/321074495_484273823837405_8142349461911413143_n.jpg","datePublished":"2022-12-22T11:09:54+00:00","dateModified":"2024-02-22T09:35:46+00:00","description":"Voici une fus\u00e9e d'essieu inox en 2 parties d\u00e9montable pour char \u00e0 voile classe 2 ou 3 constitu\u00e9e de : Un \u00e9trier (porte fus\u00e9e) \u00e0 fixer sur l'essieu aux dimensions \"Gervais\", \u00e9quip\u00e9 d'une platine perc\u00e9e de 4 trous taraud\u00e9s en M8\u00a0et un axe de roue pour jantes DWT SAND STAR \u00e9quip\u00e9e de roulements 6305 et 6304 m\u00eame lui meme soud\u00e9 sur une platine perc\u00e9e de 4 trous en \u00d8 8Le tout\u00a0 assembl\u00e9 par 4 boulons et contre \u00e9crous en M8.En cas de casse, le changement d'axe de roues ne prend que quelques minutes et peut se faire directement sur la plage !","breadcrumb":{"@id":"https:\/\/www.beachspirit.fr\/bs\/produit\/porte-fusee-dessieu-avec-axe-de-roues-demontable-char-classe-2-et-3\/#breadcrumb"},"inLanguage":"fr-FR","potentialAction":[{"@type":"ReadAction","target":["https:\/\/www.beachspirit.fr\/bs\/produit\/porte-fusee-dessieu-avec-axe-de-roues-demontable-char-classe-2-et-3\/"]}]},{"@type":"ImageObject","inLanguage":"fr-FR","@id":"https:\/\/www.beachspirit.fr\/bs\/produit\/porte-fusee-dessieu-avec-axe-de-roues-demontable-char-classe-2-et-3\/#primaryimage","url":"https:\/\/www.beachspirit.fr\/bs\/wp-content\/uploads\/2022\/12\/321074495_484273823837405_8142349461911413143_n.jpg","contentUrl":"https:\/\/www.beachspirit.fr\/bs\/wp-content\/uploads\/2022\/12\/321074495_484273823837405_8142349461911413143_n.jpg","width":1536,"height":2048,"caption":"fus\u00e9e essieu d\u00e9montable char \u00e0 voile"},{"@type":"BreadcrumbList","@id":"https:\/\/www.beachspirit.fr\/bs\/produit\/porte-fusee-dessieu-avec-axe-de-roues-demontable-char-classe-2-et-3\/#breadcrumb","itemListElement":[{"@type":"ListItem","position":1,"name":"Accueil","item":"https:\/\/www.beachspirit.fr\/bs\/"},{"@type":"ListItem","position":2,"name":"Boutique","item":"https:\/\/www.beachspirit.fr\/bs\/boutique\/"},{"@type":"ListItem","position":3,"name":"Porte Fus\u00e9e d&#8217;essieu avec axe de roues d\u00e9montable char classe 2 et 3"}]},{"@type":"WebSite","@id":"https:\/\/www.beachspirit.fr\/bs\/#website","url":"https:\/\/www.beachspirit.fr\/bs\/","name":"BEACH SPIRIT","description":"beach spirit approved","publisher":{"@id":"https:\/\/www.beachspirit.fr\/bs\/#organization"},"potentialAction":[{"@type":"SearchAction","target":{"@type":"EntryPoint","urlTemplate":"https:\/\/www.beachspirit.fr\/bs\/?s={search_term_string}"},"query-input":{"@type":"PropertyValueSpecification","valueRequired":true,"valueName":"search_term_string"}}],"inLanguage":"fr-FR"},{"@type":"Organization","@id":"https:\/\/www.beachspirit.fr\/bs\/#organization","name":"BEACH SPIRIT","url":"https:\/\/www.beachspirit.fr\/bs\/","logo":{"@type":"ImageObject","inLanguage":"fr-FR","@id":"https:\/\/www.beachspirit.fr\/bs\/#\/schema\/logo\/image\/","url":"http:\/\/www.beachspirit.fr\/bs\/wp-content\/uploads\/2020\/03\/logoBS-petit-2.png","contentUrl":"http:\/\/www.beachspirit.fr\/bs\/wp-content\/uploads\/2020\/03\/logoBS-petit-2.png","width":200,"height":117,"caption":"BEACH SPIRIT"},"image":{"@id":"https:\/\/www.beachspirit.fr\/bs\/#\/schema\/logo\/image\/"},"sameAs":["https:\/\/www.facebook.com\/beachspirit.fr\/","https:\/\/www.instagram.com\/beachspirit.fr\/"]}]}},"_links":{"self":[{"href":"https:\/\/www.beachspirit.fr\/bs\/wp-json\/wp\/v2\/product\/27643","targetHints":{"allow":["GET"]}}],"collection":[{"href":"https:\/\/www.beachspirit.fr\/bs\/wp-json\/wp\/v2\/product"}],"about":[{"href":"https:\/\/www.beachspirit.fr\/bs\/wp-json\/wp\/v2\/types\/product"}],"replies":[{"embeddable":true,"href":"https:\/\/www.beachspirit.fr\/bs\/wp-json\/wp\/v2\/comments?post=27643"}],"wp:featuredmedia":[{"embeddable":true,"href":"https:\/\/www.beachspirit.fr\/bs\/wp-json\/wp\/v2\/media\/27644"}],"wp:attachment":[{"href":"https:\/\/www.beachspirit.fr\/bs\/wp-json\/wp\/v2\/media?parent=27643"}],"wp:term":[{"taxonomy":"product_brand","embeddable":true,"href":"https:\/\/www.beachspirit.fr\/bs\/wp-json\/wp\/v2\/product_brand?post=27643"},{"taxonomy":"product_cat","embeddable":true,"href":"https:\/\/www.beachspirit.fr\/bs\/wp-json\/wp\/v2\/product_cat?post=27643"},{"taxonomy":"product_tag","embeddable":true,"href":"https:\/\/www.beachspirit.fr\/bs\/wp-json\/wp\/v2\/product_tag?post=27643"}],"curies":[{"name":"wp","href":"https:\/\/api.w.org\/{rel}","templated":true}]}}