{"id":27723,"date":"2023-01-12T16:00:46","date_gmt":"2023-01-12T15:00:46","guid":{"rendered":"https:\/\/www.beachspirit.fr\/bs\/?post_type=product&#038;p=27723"},"modified":"2023-01-12T16:18:37","modified_gmt":"2023-01-12T15:18:37","slug":"poulie-simple-a-friction-a-emerillon-et-ringot-viadana-45mm-ref-v90-04-a-partir-de-13-31e","status":"publish","type":"product","link":"https:\/\/www.beachspirit.fr\/bs\/produit\/poulie-simple-a-friction-a-emerillon-et-ringot-viadana-45mm-ref-v90-04-a-partir-de-13-31e\/","title":{"rendered":"Poulie simple \u00e0 friction \u00e0 \u00e9merillon et ringot viadana 45mm ref V90.04 \u00e0 partir de 13.31\u20ac"},"content":{"rendered":"<h3><span style=\"color: #ff6600;\">Poulie simple \u00e0 friction \u00e0 \u00e9merillon et ringot viadana 45mm ref V90.04<\/span><\/h3>\n<p><span style=\"color: #ffff00;\">poulie \u00e9conomique simple \u00e0 friction et ringot de fabrication italienne, r\u00e9a de 45mm et joues pleines. D&rsquo;un excellent rapport qualit\u00e9 prix cette poulie Viadana test\u00e9e et approuv\u00e9e en \u00e9cole est parfaite pour la voile l\u00e9g\u00e8re et le char \u00e0 voile.<\/span><\/p>\n<p><span style=\"color: #ffff00;\">Avec un \u00e9merillon blocable vous pouvez pr\u00e9orienter la poulie ou la laisser libre<\/span><\/p>\n<p><span style=\"color: #ffff00;\">Ecoute pr\u00e9conis\u00e9e de diam 8 ou 10mm<\/span><\/p>\n<p>&nbsp;<\/p>\n<p><span style=\"color: #ffff00;\">Vous cherchez un produit sp\u00e9cifique :<\/span><\/p>\n<p><a href=\"http:\/\/www.viadana.it\/wp-content\/uploads\/2014\/04\/viadana_bassa.pdf\" target=\"_blank\" rel=\"noopener noreferrer\">http:\/\/www.viadana.it\/wp-content\/uploads\/2014\/04\/viadana_bassa.pdf <\/a><span style=\"color: #ffff00;\">et n&rsquo;h\u00e9sitez pas \u00e0 nous<\/span> <a href=\"https:\/\/www.beachspirit.fr\/bs\/nous-contacter\/\" target=\"_blank\" rel=\"noopener noreferrer\">contacter<\/a><\/p>\n","protected":false},"excerpt":{"rendered":"<h2><span style=\"color: #ff6600;\">Poulie simple \u00e0 friction \u00e0 \u00e9merillon et ringot viadana 45mm ref V90.04<\/span><\/h2>\n<p><span style=\"color: #ffff00;\">Minimum 10 pieces<\/span><\/p>\n<p><span style=\"color: #ffff00;\"><strong>A partir de 13.31\u20ac<\/strong><\/span><\/p>\n<p>&nbsp;<\/p>\n","protected":false},"featured_media":27725,"comment_status":"open","ping_status":"closed","template":"","meta":[],"product_brand":[],"product_cat":[181,408],"product_tag":[],"class_list":{"0":"post-27723","1":"product","2":"type-product","3":"status-publish","4":"has-post-thumbnail","6":"product_cat-accastillage-pro","7":"product_cat-articles-techniques-pro","8":"product_shipping_class-tarif-suivant-poids","10":"first","11":"onbackorder","12":"purchasable","13":"product-type-simple"},"yoast_head":"<!-- This site is optimized with the Yoast SEO plugin v27.5 - https:\/\/yoast.com\/product\/yoast-seo-wordpress\/ -->\n<title>Poulie simple \u00e0 friction \u00e0 \u00e9merillon et ringot viadana 45mm ref V90.04 \u00e0 partir de 13.31\u20ac -<\/title>\n<meta name=\"description\" content=\"poulie \u00e9conomique simple \u00e0 friction et ringot de fabrication italienne, r\u00e9a de 45mm et joues pleines. D&#039;un excellent rapport qualit\u00e9 prix cette poulie Viadana test\u00e9e et approuv\u00e9e en \u00e9cole est parfaite pour la voile l\u00e9g\u00e8re et le char \u00e0 voile.Avec un \u00e9merillon blocable vous pouvez pr\u00e9orienter la poulie ou la laisser libre\" \/>\n<meta name=\"robots\" content=\"index, follow, max-snippet:-1, max-image-preview:large, max-video-preview:-1\" \/>\n<link rel=\"canonical\" href=\"https:\/\/www.beachspirit.fr\/bs\/produit\/poulie-simple-a-friction-a-emerillon-et-ringot-viadana-45mm-ref-v90-04-a-partir-de-13-31e\/\" \/>\n<meta property=\"og:locale\" content=\"fr_FR\" \/>\n<meta property=\"og:type\" content=\"article\" \/>\n<meta property=\"og:title\" content=\"Poulie simple \u00e0 friction \u00e0 \u00e9merillon et ringot viadana 45mm ref V90.04 \u00e0 partir de 13.31\u20ac -\" \/>\n<meta property=\"og:description\" content=\"poulie \u00e9conomique simple \u00e0 friction et ringot de fabrication italienne, r\u00e9a de 45mm et joues pleines. D&#039;un excellent rapport qualit\u00e9 prix cette poulie Viadana test\u00e9e et approuv\u00e9e en \u00e9cole est parfaite pour la voile l\u00e9g\u00e8re et le char \u00e0 voile.Avec un \u00e9merillon blocable vous pouvez pr\u00e9orienter la poulie ou la laisser libre\" \/>\n<meta property=\"og:url\" content=\"https:\/\/www.beachspirit.fr\/bs\/produit\/poulie-simple-a-friction-a-emerillon-et-ringot-viadana-45mm-ref-v90-04-a-partir-de-13-31e\/\" \/>\n<meta property=\"og:site_name\" content=\"BEACH SPIRIT\" \/>\n<meta property=\"article:publisher\" content=\"https:\/\/www.facebook.com\/beachspirit.fr\/\" \/>\n<meta property=\"article:modified_time\" content=\"2023-01-12T15:18:37+00:00\" \/>\n<meta property=\"og:image\" content=\"https:\/\/www.beachspirit.fr\/bs\/wp-content\/uploads\/2023\/01\/Capture-90.04.png\" \/>\n\t<meta property=\"og:image:width\" content=\"232\" \/>\n\t<meta property=\"og:image:height\" content=\"277\" \/>\n\t<meta property=\"og:image:type\" content=\"image\/png\" \/>\n<meta name=\"twitter:card\" content=\"summary_large_image\" \/>\n<meta name=\"twitter:label1\" content=\"Dur\u00e9e de lecture estim\u00e9e\" \/>\n\t<meta name=\"twitter:data1\" content=\"1 minute\" \/>\n<script type=\"application\/ld+json\" class=\"yoast-schema-graph\">{\"@context\":\"https:\\\/\\\/schema.org\",\"@graph\":[{\"@type\":\"WebPage\",\"@id\":\"https:\\\/\\\/www.beachspirit.fr\\\/bs\\\/produit\\\/poulie-simple-a-friction-a-emerillon-et-ringot-viadana-45mm-ref-v90-04-a-partir-de-13-31e\\\/\",\"url\":\"https:\\\/\\\/www.beachspirit.fr\\\/bs\\\/produit\\\/poulie-simple-a-friction-a-emerillon-et-ringot-viadana-45mm-ref-v90-04-a-partir-de-13-31e\\\/\",\"name\":\"Poulie simple \u00e0 friction \u00e0 \u00e9merillon et ringot viadana 45mm ref V90.04 \u00e0 partir de 13.31\u20ac -\",\"isPartOf\":{\"@id\":\"https:\\\/\\\/www.beachspirit.fr\\\/bs\\\/#website\"},\"primaryImageOfPage\":{\"@id\":\"https:\\\/\\\/www.beachspirit.fr\\\/bs\\\/produit\\\/poulie-simple-a-friction-a-emerillon-et-ringot-viadana-45mm-ref-v90-04-a-partir-de-13-31e\\\/#primaryimage\"},\"image\":{\"@id\":\"https:\\\/\\\/www.beachspirit.fr\\\/bs\\\/produit\\\/poulie-simple-a-friction-a-emerillon-et-ringot-viadana-45mm-ref-v90-04-a-partir-de-13-31e\\\/#primaryimage\"},\"thumbnailUrl\":\"https:\\\/\\\/www.beachspirit.fr\\\/bs\\\/wp-content\\\/uploads\\\/2023\\\/01\\\/Capture-90.04.png\",\"datePublished\":\"2023-01-12T15:00:46+00:00\",\"dateModified\":\"2023-01-12T15:18:37+00:00\",\"description\":\"poulie \u00e9conomique simple \u00e0 friction et ringot de fabrication italienne, r\u00e9a de 45mm et joues pleines. D'un excellent rapport qualit\u00e9 prix cette poulie Viadana test\u00e9e et approuv\u00e9e en \u00e9cole est parfaite pour la voile l\u00e9g\u00e8re et le char \u00e0 voile.Avec un \u00e9merillon blocable vous pouvez pr\u00e9orienter la poulie ou la laisser libre\",\"breadcrumb\":{\"@id\":\"https:\\\/\\\/www.beachspirit.fr\\\/bs\\\/produit\\\/poulie-simple-a-friction-a-emerillon-et-ringot-viadana-45mm-ref-v90-04-a-partir-de-13-31e\\\/#breadcrumb\"},\"inLanguage\":\"fr-FR\",\"potentialAction\":[{\"@type\":\"ReadAction\",\"target\":[\"https:\\\/\\\/www.beachspirit.fr\\\/bs\\\/produit\\\/poulie-simple-a-friction-a-emerillon-et-ringot-viadana-45mm-ref-v90-04-a-partir-de-13-31e\\\/\"]}]},{\"@type\":\"ImageObject\",\"inLanguage\":\"fr-FR\",\"@id\":\"https:\\\/\\\/www.beachspirit.fr\\\/bs\\\/produit\\\/poulie-simple-a-friction-a-emerillon-et-ringot-viadana-45mm-ref-v90-04-a-partir-de-13-31e\\\/#primaryimage\",\"url\":\"https:\\\/\\\/www.beachspirit.fr\\\/bs\\\/wp-content\\\/uploads\\\/2023\\\/01\\\/Capture-90.04.png\",\"contentUrl\":\"https:\\\/\\\/www.beachspirit.fr\\\/bs\\\/wp-content\\\/uploads\\\/2023\\\/01\\\/Capture-90.04.png\",\"width\":232,\"height\":277,\"caption\":\"poulie simple friction emerillon ringot 45 mm viadana 90.04\"},{\"@type\":\"BreadcrumbList\",\"@id\":\"https:\\\/\\\/www.beachspirit.fr\\\/bs\\\/produit\\\/poulie-simple-a-friction-a-emerillon-et-ringot-viadana-45mm-ref-v90-04-a-partir-de-13-31e\\\/#breadcrumb\",\"itemListElement\":[{\"@type\":\"ListItem\",\"position\":1,\"name\":\"Accueil\",\"item\":\"https:\\\/\\\/www.beachspirit.fr\\\/bs\\\/\"},{\"@type\":\"ListItem\",\"position\":2,\"name\":\"Boutique\",\"item\":\"https:\\\/\\\/www.beachspirit.fr\\\/bs\\\/boutique\\\/\"},{\"@type\":\"ListItem\",\"position\":3,\"name\":\"Poulie simple \u00e0 friction \u00e0 \u00e9merillon et ringot viadana 45mm ref V90.04 \u00e0 partir de 13.31\u20ac\"}]},{\"@type\":\"WebSite\",\"@id\":\"https:\\\/\\\/www.beachspirit.fr\\\/bs\\\/#website\",\"url\":\"https:\\\/\\\/www.beachspirit.fr\\\/bs\\\/\",\"name\":\"BEACH SPIRIT\",\"description\":\"beach spirit approved\",\"publisher\":{\"@id\":\"https:\\\/\\\/www.beachspirit.fr\\\/bs\\\/#organization\"},\"potentialAction\":[{\"@type\":\"SearchAction\",\"target\":{\"@type\":\"EntryPoint\",\"urlTemplate\":\"https:\\\/\\\/www.beachspirit.fr\\\/bs\\\/?s={search_term_string}\"},\"query-input\":{\"@type\":\"PropertyValueSpecification\",\"valueRequired\":true,\"valueName\":\"search_term_string\"}}],\"inLanguage\":\"fr-FR\"},{\"@type\":\"Organization\",\"@id\":\"https:\\\/\\\/www.beachspirit.fr\\\/bs\\\/#organization\",\"name\":\"BEACH SPIRIT\",\"url\":\"https:\\\/\\\/www.beachspirit.fr\\\/bs\\\/\",\"logo\":{\"@type\":\"ImageObject\",\"inLanguage\":\"fr-FR\",\"@id\":\"https:\\\/\\\/www.beachspirit.fr\\\/bs\\\/#\\\/schema\\\/logo\\\/image\\\/\",\"url\":\"http:\\\/\\\/www.beachspirit.fr\\\/bs\\\/wp-content\\\/uploads\\\/2020\\\/03\\\/logoBS-petit-2.png\",\"contentUrl\":\"http:\\\/\\\/www.beachspirit.fr\\\/bs\\\/wp-content\\\/uploads\\\/2020\\\/03\\\/logoBS-petit-2.png\",\"width\":200,\"height\":117,\"caption\":\"BEACH SPIRIT\"},\"image\":{\"@id\":\"https:\\\/\\\/www.beachspirit.fr\\\/bs\\\/#\\\/schema\\\/logo\\\/image\\\/\"},\"sameAs\":[\"https:\\\/\\\/www.facebook.com\\\/beachspirit.fr\\\/\",\"https:\\\/\\\/www.instagram.com\\\/beachspirit.fr\\\/\"]}]}<\/script>\n<!-- \/ Yoast SEO plugin. -->","yoast_head_json":{"title":"Poulie simple \u00e0 friction \u00e0 \u00e9merillon et ringot viadana 45mm ref V90.04 \u00e0 partir de 13.31\u20ac -","description":"poulie \u00e9conomique simple \u00e0 friction et ringot de fabrication italienne, r\u00e9a de 45mm et joues pleines. D'un excellent rapport qualit\u00e9 prix cette poulie Viadana test\u00e9e et approuv\u00e9e en \u00e9cole est parfaite pour la voile l\u00e9g\u00e8re et le char \u00e0 voile.Avec un \u00e9merillon blocable vous pouvez pr\u00e9orienter la poulie ou la laisser libre","robots":{"index":"index","follow":"follow","max-snippet":"max-snippet:-1","max-image-preview":"max-image-preview:large","max-video-preview":"max-video-preview:-1"},"canonical":"https:\/\/www.beachspirit.fr\/bs\/produit\/poulie-simple-a-friction-a-emerillon-et-ringot-viadana-45mm-ref-v90-04-a-partir-de-13-31e\/","og_locale":"fr_FR","og_type":"article","og_title":"Poulie simple \u00e0 friction \u00e0 \u00e9merillon et ringot viadana 45mm ref V90.04 \u00e0 partir de 13.31\u20ac -","og_description":"poulie \u00e9conomique simple \u00e0 friction et ringot de fabrication italienne, r\u00e9a de 45mm et joues pleines. D'un excellent rapport qualit\u00e9 prix cette poulie Viadana test\u00e9e et approuv\u00e9e en \u00e9cole est parfaite pour la voile l\u00e9g\u00e8re et le char \u00e0 voile.Avec un \u00e9merillon blocable vous pouvez pr\u00e9orienter la poulie ou la laisser libre","og_url":"https:\/\/www.beachspirit.fr\/bs\/produit\/poulie-simple-a-friction-a-emerillon-et-ringot-viadana-45mm-ref-v90-04-a-partir-de-13-31e\/","og_site_name":"BEACH SPIRIT","article_publisher":"https:\/\/www.facebook.com\/beachspirit.fr\/","article_modified_time":"2023-01-12T15:18:37+00:00","og_image":[{"width":232,"height":277,"url":"https:\/\/www.beachspirit.fr\/bs\/wp-content\/uploads\/2023\/01\/Capture-90.04.png","type":"image\/png"}],"twitter_card":"summary_large_image","twitter_misc":{"Dur\u00e9e de lecture estim\u00e9e":"1 minute"},"schema":{"@context":"https:\/\/schema.org","@graph":[{"@type":"WebPage","@id":"https:\/\/www.beachspirit.fr\/bs\/produit\/poulie-simple-a-friction-a-emerillon-et-ringot-viadana-45mm-ref-v90-04-a-partir-de-13-31e\/","url":"https:\/\/www.beachspirit.fr\/bs\/produit\/poulie-simple-a-friction-a-emerillon-et-ringot-viadana-45mm-ref-v90-04-a-partir-de-13-31e\/","name":"Poulie simple \u00e0 friction \u00e0 \u00e9merillon et ringot viadana 45mm ref V90.04 \u00e0 partir de 13.31\u20ac -","isPartOf":{"@id":"https:\/\/www.beachspirit.fr\/bs\/#website"},"primaryImageOfPage":{"@id":"https:\/\/www.beachspirit.fr\/bs\/produit\/poulie-simple-a-friction-a-emerillon-et-ringot-viadana-45mm-ref-v90-04-a-partir-de-13-31e\/#primaryimage"},"image":{"@id":"https:\/\/www.beachspirit.fr\/bs\/produit\/poulie-simple-a-friction-a-emerillon-et-ringot-viadana-45mm-ref-v90-04-a-partir-de-13-31e\/#primaryimage"},"thumbnailUrl":"https:\/\/www.beachspirit.fr\/bs\/wp-content\/uploads\/2023\/01\/Capture-90.04.png","datePublished":"2023-01-12T15:00:46+00:00","dateModified":"2023-01-12T15:18:37+00:00","description":"poulie \u00e9conomique simple \u00e0 friction et ringot de fabrication italienne, r\u00e9a de 45mm et joues pleines. D'un excellent rapport qualit\u00e9 prix cette poulie Viadana test\u00e9e et approuv\u00e9e en \u00e9cole est parfaite pour la voile l\u00e9g\u00e8re et le char \u00e0 voile.Avec un \u00e9merillon blocable vous pouvez pr\u00e9orienter la poulie ou la laisser libre","breadcrumb":{"@id":"https:\/\/www.beachspirit.fr\/bs\/produit\/poulie-simple-a-friction-a-emerillon-et-ringot-viadana-45mm-ref-v90-04-a-partir-de-13-31e\/#breadcrumb"},"inLanguage":"fr-FR","potentialAction":[{"@type":"ReadAction","target":["https:\/\/www.beachspirit.fr\/bs\/produit\/poulie-simple-a-friction-a-emerillon-et-ringot-viadana-45mm-ref-v90-04-a-partir-de-13-31e\/"]}]},{"@type":"ImageObject","inLanguage":"fr-FR","@id":"https:\/\/www.beachspirit.fr\/bs\/produit\/poulie-simple-a-friction-a-emerillon-et-ringot-viadana-45mm-ref-v90-04-a-partir-de-13-31e\/#primaryimage","url":"https:\/\/www.beachspirit.fr\/bs\/wp-content\/uploads\/2023\/01\/Capture-90.04.png","contentUrl":"https:\/\/www.beachspirit.fr\/bs\/wp-content\/uploads\/2023\/01\/Capture-90.04.png","width":232,"height":277,"caption":"poulie simple friction emerillon ringot 45 mm viadana 90.04"},{"@type":"BreadcrumbList","@id":"https:\/\/www.beachspirit.fr\/bs\/produit\/poulie-simple-a-friction-a-emerillon-et-ringot-viadana-45mm-ref-v90-04-a-partir-de-13-31e\/#breadcrumb","itemListElement":[{"@type":"ListItem","position":1,"name":"Accueil","item":"https:\/\/www.beachspirit.fr\/bs\/"},{"@type":"ListItem","position":2,"name":"Boutique","item":"https:\/\/www.beachspirit.fr\/bs\/boutique\/"},{"@type":"ListItem","position":3,"name":"Poulie simple \u00e0 friction \u00e0 \u00e9merillon et ringot viadana 45mm ref V90.04 \u00e0 partir de 13.31\u20ac"}]},{"@type":"WebSite","@id":"https:\/\/www.beachspirit.fr\/bs\/#website","url":"https:\/\/www.beachspirit.fr\/bs\/","name":"BEACH SPIRIT","description":"beach spirit approved","publisher":{"@id":"https:\/\/www.beachspirit.fr\/bs\/#organization"},"potentialAction":[{"@type":"SearchAction","target":{"@type":"EntryPoint","urlTemplate":"https:\/\/www.beachspirit.fr\/bs\/?s={search_term_string}"},"query-input":{"@type":"PropertyValueSpecification","valueRequired":true,"valueName":"search_term_string"}}],"inLanguage":"fr-FR"},{"@type":"Organization","@id":"https:\/\/www.beachspirit.fr\/bs\/#organization","name":"BEACH SPIRIT","url":"https:\/\/www.beachspirit.fr\/bs\/","logo":{"@type":"ImageObject","inLanguage":"fr-FR","@id":"https:\/\/www.beachspirit.fr\/bs\/#\/schema\/logo\/image\/","url":"http:\/\/www.beachspirit.fr\/bs\/wp-content\/uploads\/2020\/03\/logoBS-petit-2.png","contentUrl":"http:\/\/www.beachspirit.fr\/bs\/wp-content\/uploads\/2020\/03\/logoBS-petit-2.png","width":200,"height":117,"caption":"BEACH SPIRIT"},"image":{"@id":"https:\/\/www.beachspirit.fr\/bs\/#\/schema\/logo\/image\/"},"sameAs":["https:\/\/www.facebook.com\/beachspirit.fr\/","https:\/\/www.instagram.com\/beachspirit.fr\/"]}]}},"_links":{"self":[{"href":"https:\/\/www.beachspirit.fr\/bs\/wp-json\/wp\/v2\/product\/27723","targetHints":{"allow":["GET"]}}],"collection":[{"href":"https:\/\/www.beachspirit.fr\/bs\/wp-json\/wp\/v2\/product"}],"about":[{"href":"https:\/\/www.beachspirit.fr\/bs\/wp-json\/wp\/v2\/types\/product"}],"replies":[{"embeddable":true,"href":"https:\/\/www.beachspirit.fr\/bs\/wp-json\/wp\/v2\/comments?post=27723"}],"wp:featuredmedia":[{"embeddable":true,"href":"https:\/\/www.beachspirit.fr\/bs\/wp-json\/wp\/v2\/media\/27725"}],"wp:attachment":[{"href":"https:\/\/www.beachspirit.fr\/bs\/wp-json\/wp\/v2\/media?parent=27723"}],"wp:term":[{"taxonomy":"product_brand","embeddable":true,"href":"https:\/\/www.beachspirit.fr\/bs\/wp-json\/wp\/v2\/product_brand?post=27723"},{"taxonomy":"product_cat","embeddable":true,"href":"https:\/\/www.beachspirit.fr\/bs\/wp-json\/wp\/v2\/product_cat?post=27723"},{"taxonomy":"product_tag","embeddable":true,"href":"https:\/\/www.beachspirit.fr\/bs\/wp-json\/wp\/v2\/product_tag?post=27723"}],"curies":[{"name":"wp","href":"https:\/\/api.w.org\/{rel}","templated":true}]}}