{"id":27743,"date":"2023-02-09T11:05:58","date_gmt":"2023-02-09T10:05:58","guid":{"rendered":"https:\/\/www.beachspirit.fr\/bs\/?post_type=product&#038;p=27743"},"modified":"2026-03-25T09:39:34","modified_gmt":"2026-03-25T08:39:34","slug":"fusee-axe-de-roues-a-souder-char-classe-2-et-3","status":"publish","type":"product","link":"https:\/\/www.beachspirit.fr\/bs\/produit\/fusee-axe-de-roues-a-souder-char-classe-2-et-3\/","title":{"rendered":"Fus\u00e9e axe de roues \u00e0 souder char classe 2 et 3"},"content":{"rendered":"<h3><span style=\"color: #ffcc00;\">\u00a0Fus\u00e9e axe de roue arri\u00e8re \u00e0 souder char classe 2 et 3<\/span><\/h3>\n<p><span style=\"color: #ffff99;\"><strong>Axe inox de roue arri\u00e8re \u00e0 souder type \u00ab\u00a0Gervais\u00a0\u00bb<\/strong> pour chars \u00e0 voile classe 2 et 3 \u00e9quip\u00e9s de roulements 6305 et 6304<\/span><\/p>\n<p><span style=\"color: #ffff99;\"><strong>Dimensions<\/strong><\/span><\/p>\n<p><span style=\"color: #ffff99;\">Base \u00d8 40 L 30mm<\/span><\/p>\n<p><span style=\"color: #ffff99;\">\u00e9paulement pour roulement 6305\u00a0 \u00d830 L 2mm<\/span><\/p>\n<p><span style=\"color: #ffff99;\">Section \u00d8 25mm L 50mm (al\u00e9sage \u00ab\u00a0glissant\u00a0\u00bb pour roulement 6305)<\/span><\/p>\n<p><span style=\"color: #ffff99;\">section \u00d820mm L 15mm (al\u00e9sage \u00ab\u00a0glissant\u00a0\u00bb pour roulement 6304)<\/span><\/p>\n<p><span style=\"color: #ffff99;\">Filetage M16 20mm (cl\u00e9 de 24)<\/span><\/p>\n<p><span style=\"color: #ffff99;\">Longueur totale 117mm<\/span><\/p>\n<p><span style=\"color: #ffff99;\">Note : les changements de section 40\/30 &#8211; 30\/25 &#8211; 25\/20 sont r\u00e9alis\u00e9 avec<\/span> <a href=\"https:\/\/fr.wikipedia.org\/wiki\/Arrondi_et_cong%C3%A9#:~:text=En%20construction%20m%C3%A9canique%2C%20l'arrondi,arrondi%2C%20concave%20pour%20le%20cong%C3%A9.\" target=\"_blank\" rel=\"noopener\">un cong\u00e9<\/a> <span style=\"color: #ffff99;\">pour une optimisation de l&rsquo;appui des roulements et une r\u00e9duction de la concentration de contrainte pour plus de solidit\u00e9.<\/span><\/p>\n<p><span style=\"color: #000000;\">\u00a0<\/span><\/p>\n<p><span style=\"color: #000000;\"><span style=\"color: #ffff99;\">Pour toutes questions : <a href=\"https:\/\/www.beachspirit.fr\/bs\/nous-contacter\/\" target=\"_blank\" rel=\"noopener\">Contactez nous<\/a><\/span><\/span><\/p>\n<p>&nbsp;<\/p>\n","protected":false},"excerpt":{"rendered":"<h2><span style=\"color: #ffcc00;\">Fus\u00e9e axe de roue arri\u00e8re \u00e0 souder char classe 2 et 3<\/span><\/h2>\n<p><span style=\"color: #ffcc99;\">Descriptif ci-dessous<\/span><\/p>\n","protected":false},"featured_media":27744,"comment_status":"open","ping_status":"closed","template":"","meta":[],"product_brand":[],"product_cat":[18,546,361,562],"product_tag":[],"class_list":{"0":"post-27743","1":"product","2":"type-product","3":"status-publish","4":"has-post-thumbnail","6":"product_cat-accastillage-poulies-voile-char-a-voile-bateau","7":"product_cat-char-a-voile-classes-2-et-3","8":"product_cat-articles-techniques-voile-char-a-voile","9":"product_cat-roues-pneus-chambres-a-air","10":"product_shipping_class-tarif-suivant-poids","12":"first","13":"instock","14":"purchasable","15":"product-type-simple"},"yoast_head":"<!-- This site is optimized with the Yoast SEO plugin v27.5 - https:\/\/yoast.com\/product\/yoast-seo-wordpress\/ -->\n<title>Fus\u00e9e axe de roues \u00e0 souder char classe 2 et 3 - BEACH SPIRIT<\/title>\n<meta name=\"description\" content=\"Cet axe inox de roue arri\u00e8re fix\u00e9 sur une platine pour chars \u00e0 voile classe 2 et 3 pour jantes DWT SAND STAR \u00e9quip\u00e9e de roulements 6305 et 6304\u00a0 qui a subi 1 an de test est la pi\u00e8ce de rechange indispensable au porte fus\u00e9e d&#039;essieu d\u00e9montableEn cas de casse, le changement d&#039;axe de roues ne prend que quelques minutes et peut se faire directement sur la plage !Le r\u00e9glage du parall\u00e9lisme peut se faire avec des cales entre les 2 platines\" \/>\n<meta name=\"robots\" content=\"index, follow, max-snippet:-1, max-image-preview:large, max-video-preview:-1\" \/>\n<link rel=\"canonical\" href=\"https:\/\/www.beachspirit.fr\/bs\/produit\/fusee-axe-de-roues-a-souder-char-classe-2-et-3\/\" \/>\n<meta property=\"og:locale\" content=\"fr_FR\" \/>\n<meta property=\"og:type\" content=\"article\" \/>\n<meta property=\"og:title\" content=\"Fus\u00e9e axe de roues \u00e0 souder char classe 2 et 3 - BEACH SPIRIT\" \/>\n<meta property=\"og:description\" content=\"Cet axe inox de roue arri\u00e8re fix\u00e9 sur une platine pour chars \u00e0 voile classe 2 et 3 pour jantes DWT SAND STAR \u00e9quip\u00e9e de roulements 6305 et 6304\u00a0 qui a subi 1 an de test est la pi\u00e8ce de rechange indispensable au porte fus\u00e9e d&#039;essieu d\u00e9montableEn cas de casse, le changement d&#039;axe de roues ne prend que quelques minutes et peut se faire directement sur la plage !Le r\u00e9glage du parall\u00e9lisme peut se faire avec des cales entre les 2 platines\" \/>\n<meta property=\"og:url\" content=\"https:\/\/www.beachspirit.fr\/bs\/produit\/fusee-axe-de-roues-a-souder-char-classe-2-et-3\/\" \/>\n<meta property=\"og:site_name\" content=\"BEACH SPIRIT\" \/>\n<meta property=\"article:publisher\" content=\"https:\/\/www.facebook.com\/beachspirit.fr\/\" \/>\n<meta property=\"article:modified_time\" content=\"2026-03-25T08:39:34+00:00\" \/>\n<meta property=\"og:image\" content=\"https:\/\/www.beachspirit.fr\/bs\/wp-content\/uploads\/2023\/02\/329959190_584224403594813_7718301788413507354_n.jpg\" \/>\n\t<meta property=\"og:image:width\" content=\"1101\" \/>\n\t<meta property=\"og:image:height\" content=\"1955\" \/>\n\t<meta property=\"og:image:type\" content=\"image\/jpeg\" \/>\n<meta name=\"twitter:card\" content=\"summary_large_image\" \/>\n<meta name=\"twitter:label1\" content=\"Dur\u00e9e de lecture estim\u00e9e\" \/>\n\t<meta name=\"twitter:data1\" content=\"1 minute\" \/>\n<script type=\"application\/ld+json\" class=\"yoast-schema-graph\">{\"@context\":\"https:\\\/\\\/schema.org\",\"@graph\":[{\"@type\":\"WebPage\",\"@id\":\"https:\\\/\\\/www.beachspirit.fr\\\/bs\\\/produit\\\/fusee-axe-de-roues-a-souder-char-classe-2-et-3\\\/\",\"url\":\"https:\\\/\\\/www.beachspirit.fr\\\/bs\\\/produit\\\/fusee-axe-de-roues-a-souder-char-classe-2-et-3\\\/\",\"name\":\"Fus\u00e9e axe de roues \u00e0 souder char classe 2 et 3 - BEACH SPIRIT\",\"isPartOf\":{\"@id\":\"https:\\\/\\\/www.beachspirit.fr\\\/bs\\\/#website\"},\"primaryImageOfPage\":{\"@id\":\"https:\\\/\\\/www.beachspirit.fr\\\/bs\\\/produit\\\/fusee-axe-de-roues-a-souder-char-classe-2-et-3\\\/#primaryimage\"},\"image\":{\"@id\":\"https:\\\/\\\/www.beachspirit.fr\\\/bs\\\/produit\\\/fusee-axe-de-roues-a-souder-char-classe-2-et-3\\\/#primaryimage\"},\"thumbnailUrl\":\"https:\\\/\\\/www.beachspirit.fr\\\/bs\\\/wp-content\\\/uploads\\\/2023\\\/02\\\/329959190_584224403594813_7718301788413507354_n.jpg\",\"datePublished\":\"2023-02-09T10:05:58+00:00\",\"dateModified\":\"2026-03-25T08:39:34+00:00\",\"description\":\"Cet axe inox de roue arri\u00e8re fix\u00e9 sur une platine pour chars \u00e0 voile classe 2 et 3 pour jantes DWT SAND STAR \u00e9quip\u00e9e de roulements 6305 et 6304\u00a0 qui a subi 1 an de test est la pi\u00e8ce de rechange indispensable au porte fus\u00e9e d'essieu d\u00e9montableEn cas de casse, le changement d'axe de roues ne prend que quelques minutes et peut se faire directement sur la plage !Le r\u00e9glage du parall\u00e9lisme peut se faire avec des cales entre les 2 platines\",\"breadcrumb\":{\"@id\":\"https:\\\/\\\/www.beachspirit.fr\\\/bs\\\/produit\\\/fusee-axe-de-roues-a-souder-char-classe-2-et-3\\\/#breadcrumb\"},\"inLanguage\":\"fr-FR\",\"potentialAction\":[{\"@type\":\"ReadAction\",\"target\":[\"https:\\\/\\\/www.beachspirit.fr\\\/bs\\\/produit\\\/fusee-axe-de-roues-a-souder-char-classe-2-et-3\\\/\"]}]},{\"@type\":\"ImageObject\",\"inLanguage\":\"fr-FR\",\"@id\":\"https:\\\/\\\/www.beachspirit.fr\\\/bs\\\/produit\\\/fusee-axe-de-roues-a-souder-char-classe-2-et-3\\\/#primaryimage\",\"url\":\"https:\\\/\\\/www.beachspirit.fr\\\/bs\\\/wp-content\\\/uploads\\\/2023\\\/02\\\/329959190_584224403594813_7718301788413507354_n.jpg\",\"contentUrl\":\"https:\\\/\\\/www.beachspirit.fr\\\/bs\\\/wp-content\\\/uploads\\\/2023\\\/02\\\/329959190_584224403594813_7718301788413507354_n.jpg\",\"width\":1101,\"height\":1955,\"caption\":\"fus\u00e9e axe roue char\"},{\"@type\":\"BreadcrumbList\",\"@id\":\"https:\\\/\\\/www.beachspirit.fr\\\/bs\\\/produit\\\/fusee-axe-de-roues-a-souder-char-classe-2-et-3\\\/#breadcrumb\",\"itemListElement\":[{\"@type\":\"ListItem\",\"position\":1,\"name\":\"Accueil\",\"item\":\"https:\\\/\\\/www.beachspirit.fr\\\/bs\\\/\"},{\"@type\":\"ListItem\",\"position\":2,\"name\":\"Boutique\",\"item\":\"https:\\\/\\\/www.beachspirit.fr\\\/bs\\\/boutique\\\/\"},{\"@type\":\"ListItem\",\"position\":3,\"name\":\"Fus\u00e9e axe de roues \u00e0 souder char classe 2 et 3\"}]},{\"@type\":\"WebSite\",\"@id\":\"https:\\\/\\\/www.beachspirit.fr\\\/bs\\\/#website\",\"url\":\"https:\\\/\\\/www.beachspirit.fr\\\/bs\\\/\",\"name\":\"BEACH SPIRIT\",\"description\":\"beach spirit approved\",\"publisher\":{\"@id\":\"https:\\\/\\\/www.beachspirit.fr\\\/bs\\\/#organization\"},\"potentialAction\":[{\"@type\":\"SearchAction\",\"target\":{\"@type\":\"EntryPoint\",\"urlTemplate\":\"https:\\\/\\\/www.beachspirit.fr\\\/bs\\\/?s={search_term_string}\"},\"query-input\":{\"@type\":\"PropertyValueSpecification\",\"valueRequired\":true,\"valueName\":\"search_term_string\"}}],\"inLanguage\":\"fr-FR\"},{\"@type\":\"Organization\",\"@id\":\"https:\\\/\\\/www.beachspirit.fr\\\/bs\\\/#organization\",\"name\":\"BEACH SPIRIT\",\"url\":\"https:\\\/\\\/www.beachspirit.fr\\\/bs\\\/\",\"logo\":{\"@type\":\"ImageObject\",\"inLanguage\":\"fr-FR\",\"@id\":\"https:\\\/\\\/www.beachspirit.fr\\\/bs\\\/#\\\/schema\\\/logo\\\/image\\\/\",\"url\":\"http:\\\/\\\/www.beachspirit.fr\\\/bs\\\/wp-content\\\/uploads\\\/2020\\\/03\\\/logoBS-petit-2.png\",\"contentUrl\":\"http:\\\/\\\/www.beachspirit.fr\\\/bs\\\/wp-content\\\/uploads\\\/2020\\\/03\\\/logoBS-petit-2.png\",\"width\":200,\"height\":117,\"caption\":\"BEACH SPIRIT\"},\"image\":{\"@id\":\"https:\\\/\\\/www.beachspirit.fr\\\/bs\\\/#\\\/schema\\\/logo\\\/image\\\/\"},\"sameAs\":[\"https:\\\/\\\/www.facebook.com\\\/beachspirit.fr\\\/\",\"https:\\\/\\\/www.instagram.com\\\/beachspirit.fr\\\/\"]}]}<\/script>\n<!-- \/ Yoast SEO plugin. -->","yoast_head_json":{"title":"Fus\u00e9e axe de roues \u00e0 souder char classe 2 et 3 - BEACH SPIRIT","description":"Cet axe inox de roue arri\u00e8re fix\u00e9 sur une platine pour chars \u00e0 voile classe 2 et 3 pour jantes DWT SAND STAR \u00e9quip\u00e9e de roulements 6305 et 6304\u00a0 qui a subi 1 an de test est la pi\u00e8ce de rechange indispensable au porte fus\u00e9e d'essieu d\u00e9montableEn cas de casse, le changement d'axe de roues ne prend que quelques minutes et peut se faire directement sur la plage !Le r\u00e9glage du parall\u00e9lisme peut se faire avec des cales entre les 2 platines","robots":{"index":"index","follow":"follow","max-snippet":"max-snippet:-1","max-image-preview":"max-image-preview:large","max-video-preview":"max-video-preview:-1"},"canonical":"https:\/\/www.beachspirit.fr\/bs\/produit\/fusee-axe-de-roues-a-souder-char-classe-2-et-3\/","og_locale":"fr_FR","og_type":"article","og_title":"Fus\u00e9e axe de roues \u00e0 souder char classe 2 et 3 - BEACH SPIRIT","og_description":"Cet axe inox de roue arri\u00e8re fix\u00e9 sur une platine pour chars \u00e0 voile classe 2 et 3 pour jantes DWT SAND STAR \u00e9quip\u00e9e de roulements 6305 et 6304\u00a0 qui a subi 1 an de test est la pi\u00e8ce de rechange indispensable au porte fus\u00e9e d'essieu d\u00e9montableEn cas de casse, le changement d'axe de roues ne prend que quelques minutes et peut se faire directement sur la plage !Le r\u00e9glage du parall\u00e9lisme peut se faire avec des cales entre les 2 platines","og_url":"https:\/\/www.beachspirit.fr\/bs\/produit\/fusee-axe-de-roues-a-souder-char-classe-2-et-3\/","og_site_name":"BEACH SPIRIT","article_publisher":"https:\/\/www.facebook.com\/beachspirit.fr\/","article_modified_time":"2026-03-25T08:39:34+00:00","og_image":[{"width":1101,"height":1955,"url":"https:\/\/www.beachspirit.fr\/bs\/wp-content\/uploads\/2023\/02\/329959190_584224403594813_7718301788413507354_n.jpg","type":"image\/jpeg"}],"twitter_card":"summary_large_image","twitter_misc":{"Dur\u00e9e de lecture estim\u00e9e":"1 minute"},"schema":{"@context":"https:\/\/schema.org","@graph":[{"@type":"WebPage","@id":"https:\/\/www.beachspirit.fr\/bs\/produit\/fusee-axe-de-roues-a-souder-char-classe-2-et-3\/","url":"https:\/\/www.beachspirit.fr\/bs\/produit\/fusee-axe-de-roues-a-souder-char-classe-2-et-3\/","name":"Fus\u00e9e axe de roues \u00e0 souder char classe 2 et 3 - BEACH SPIRIT","isPartOf":{"@id":"https:\/\/www.beachspirit.fr\/bs\/#website"},"primaryImageOfPage":{"@id":"https:\/\/www.beachspirit.fr\/bs\/produit\/fusee-axe-de-roues-a-souder-char-classe-2-et-3\/#primaryimage"},"image":{"@id":"https:\/\/www.beachspirit.fr\/bs\/produit\/fusee-axe-de-roues-a-souder-char-classe-2-et-3\/#primaryimage"},"thumbnailUrl":"https:\/\/www.beachspirit.fr\/bs\/wp-content\/uploads\/2023\/02\/329959190_584224403594813_7718301788413507354_n.jpg","datePublished":"2023-02-09T10:05:58+00:00","dateModified":"2026-03-25T08:39:34+00:00","description":"Cet axe inox de roue arri\u00e8re fix\u00e9 sur une platine pour chars \u00e0 voile classe 2 et 3 pour jantes DWT SAND STAR \u00e9quip\u00e9e de roulements 6305 et 6304\u00a0 qui a subi 1 an de test est la pi\u00e8ce de rechange indispensable au porte fus\u00e9e d'essieu d\u00e9montableEn cas de casse, le changement d'axe de roues ne prend que quelques minutes et peut se faire directement sur la plage !Le r\u00e9glage du parall\u00e9lisme peut se faire avec des cales entre les 2 platines","breadcrumb":{"@id":"https:\/\/www.beachspirit.fr\/bs\/produit\/fusee-axe-de-roues-a-souder-char-classe-2-et-3\/#breadcrumb"},"inLanguage":"fr-FR","potentialAction":[{"@type":"ReadAction","target":["https:\/\/www.beachspirit.fr\/bs\/produit\/fusee-axe-de-roues-a-souder-char-classe-2-et-3\/"]}]},{"@type":"ImageObject","inLanguage":"fr-FR","@id":"https:\/\/www.beachspirit.fr\/bs\/produit\/fusee-axe-de-roues-a-souder-char-classe-2-et-3\/#primaryimage","url":"https:\/\/www.beachspirit.fr\/bs\/wp-content\/uploads\/2023\/02\/329959190_584224403594813_7718301788413507354_n.jpg","contentUrl":"https:\/\/www.beachspirit.fr\/bs\/wp-content\/uploads\/2023\/02\/329959190_584224403594813_7718301788413507354_n.jpg","width":1101,"height":1955,"caption":"fus\u00e9e axe roue char"},{"@type":"BreadcrumbList","@id":"https:\/\/www.beachspirit.fr\/bs\/produit\/fusee-axe-de-roues-a-souder-char-classe-2-et-3\/#breadcrumb","itemListElement":[{"@type":"ListItem","position":1,"name":"Accueil","item":"https:\/\/www.beachspirit.fr\/bs\/"},{"@type":"ListItem","position":2,"name":"Boutique","item":"https:\/\/www.beachspirit.fr\/bs\/boutique\/"},{"@type":"ListItem","position":3,"name":"Fus\u00e9e axe de roues \u00e0 souder char classe 2 et 3"}]},{"@type":"WebSite","@id":"https:\/\/www.beachspirit.fr\/bs\/#website","url":"https:\/\/www.beachspirit.fr\/bs\/","name":"BEACH SPIRIT","description":"beach spirit approved","publisher":{"@id":"https:\/\/www.beachspirit.fr\/bs\/#organization"},"potentialAction":[{"@type":"SearchAction","target":{"@type":"EntryPoint","urlTemplate":"https:\/\/www.beachspirit.fr\/bs\/?s={search_term_string}"},"query-input":{"@type":"PropertyValueSpecification","valueRequired":true,"valueName":"search_term_string"}}],"inLanguage":"fr-FR"},{"@type":"Organization","@id":"https:\/\/www.beachspirit.fr\/bs\/#organization","name":"BEACH SPIRIT","url":"https:\/\/www.beachspirit.fr\/bs\/","logo":{"@type":"ImageObject","inLanguage":"fr-FR","@id":"https:\/\/www.beachspirit.fr\/bs\/#\/schema\/logo\/image\/","url":"http:\/\/www.beachspirit.fr\/bs\/wp-content\/uploads\/2020\/03\/logoBS-petit-2.png","contentUrl":"http:\/\/www.beachspirit.fr\/bs\/wp-content\/uploads\/2020\/03\/logoBS-petit-2.png","width":200,"height":117,"caption":"BEACH SPIRIT"},"image":{"@id":"https:\/\/www.beachspirit.fr\/bs\/#\/schema\/logo\/image\/"},"sameAs":["https:\/\/www.facebook.com\/beachspirit.fr\/","https:\/\/www.instagram.com\/beachspirit.fr\/"]}]}},"_links":{"self":[{"href":"https:\/\/www.beachspirit.fr\/bs\/wp-json\/wp\/v2\/product\/27743","targetHints":{"allow":["GET"]}}],"collection":[{"href":"https:\/\/www.beachspirit.fr\/bs\/wp-json\/wp\/v2\/product"}],"about":[{"href":"https:\/\/www.beachspirit.fr\/bs\/wp-json\/wp\/v2\/types\/product"}],"replies":[{"embeddable":true,"href":"https:\/\/www.beachspirit.fr\/bs\/wp-json\/wp\/v2\/comments?post=27743"}],"wp:featuredmedia":[{"embeddable":true,"href":"https:\/\/www.beachspirit.fr\/bs\/wp-json\/wp\/v2\/media\/27744"}],"wp:attachment":[{"href":"https:\/\/www.beachspirit.fr\/bs\/wp-json\/wp\/v2\/media?parent=27743"}],"wp:term":[{"taxonomy":"product_brand","embeddable":true,"href":"https:\/\/www.beachspirit.fr\/bs\/wp-json\/wp\/v2\/product_brand?post=27743"},{"taxonomy":"product_cat","embeddable":true,"href":"https:\/\/www.beachspirit.fr\/bs\/wp-json\/wp\/v2\/product_cat?post=27743"},{"taxonomy":"product_tag","embeddable":true,"href":"https:\/\/www.beachspirit.fr\/bs\/wp-json\/wp\/v2\/product_tag?post=27743"}],"curies":[{"name":"wp","href":"https:\/\/api.w.org\/{rel}","templated":true}]}}