{"id":27771,"date":"2023-03-30T13:31:10","date_gmt":"2023-03-30T12:31:10","guid":{"rendered":"https:\/\/www.beachspirit.fr\/bs\/?post_type=product&#038;p=27771"},"modified":"2026-01-01T17:50:53","modified_gmt":"2026-01-01T16:50:53","slug":"casques-char-a-voile-kayak-kite","status":"publish","type":"product","link":"https:\/\/www.beachspirit.fr\/bs\/produit\/casques-char-a-voile-kayak-kite\/","title":{"rendered":"Casques char \u00e0 voile, kayak, kite &#8230;"},"content":{"rendered":"<h3><span style=\"color: #ff9900;\">Casques char \u00e0 voile kayak kite &#8230;<\/span><\/h3>\n<p><span style=\"color: #000000;\">Le casque Sto\u00efc r\u00e9glable Aquadesign <strong>homologu\u00e9 CE norme ISO EN 1385<\/strong>:2012 offre une protection int\u00e9grale du cr\u00e2ne et des oreilles pour la pratique de sports nautiques comme le Cano\u00eb Kayak, le rafting ou encore le kite-surf ou le char \u00e0 voile. Sp\u00e9cialement con\u00e7u pour les professionnels des sports nautiques (location, \u00e9coles), le casque kayak STO\u00cfC offre le meilleur rapport qualit\u00e9 \/ prix du march\u00e9 avec une coque en <a style=\"color: #000000;\" href=\"https:\/\/fr.wikipedia.org\/wiki\/Acrylonitrile_butadi%C3%A8ne_styr%C3%A8ne\" target=\"_blank\" rel=\"noopener\">ABS<\/a> r\u00e9sistante et un int\u00e9rieur ultra confort en mousse EVA IXPE thermoform\u00e9e. <strong>Disponible en 4 couleurs et 4 tailles<\/strong>, il s\u2019adaptera sans probl\u00e8me \u00e0 votre style tout en offrant un maximum de flexibilit\u00e9 logistique. Aquadesign a sp\u00e9cialement s\u00e9lectionn\u00e9 son moule et son syst\u00e8me de <strong>r\u00e9glage \u00e0 molette<\/strong> pour garantir une tr\u00e8s bonne tenue et un \u00e9quipement fiable dans le temps.<\/span><\/p>\n<table class=\"woocommerce-product-attributes shop_attributes\">\n<tbody>\n<tr class=\"woocommerce-product-attributes-item woocommerce-product-attributes-item--attribute_reference\">\n<th class=\"woocommerce-product-attributes-item__label\"><\/th>\n<td class=\"woocommerce-product-attributes-item__value\"><\/td>\n<\/tr>\n<tr class=\"woocommerce-product-attributes-item woocommerce-product-attributes-item--attribute_couleurs\">\n<th class=\"woocommerce-product-attributes-item__label\"><span style=\"color: #000000;\">COULEURS<\/span><\/th>\n<td class=\"woocommerce-product-attributes-item__value\"><span style=\"color: #000000;\">Bleu, Blanc, Rouge, Jaune<\/span><\/td>\n<\/tr>\n<tr class=\"woocommerce-product-attributes-item woocommerce-product-attributes-item--attribute_tailles\">\n<th class=\"woocommerce-product-attributes-item__label\"><span style=\"color: #000000;\">TAILLES<\/span><\/th>\n<td class=\"woocommerce-product-attributes-item__value\"><span style=\"color: #000000;\">XS (50-54 cm), S (52-57 cm), M (55-60 cm), L (58-62 cm)<\/span><\/td>\n<\/tr>\n<tr class=\"woocommerce-product-attributes-item woocommerce-product-attributes-item--attribute_poids\">\n<th class=\"woocommerce-product-attributes-item__label\"><span style=\"color: #000000;\">POIDS<\/span><\/th>\n<td class=\"woocommerce-product-attributes-item__value\"><span style=\"color: #000000;\">0,400 KG<\/span><\/td>\n<\/tr>\n<tr class=\"woocommerce-product-attributes-item woocommerce-product-attributes-item--attribute_coque\">\n<th class=\"woocommerce-product-attributes-item__label\"><span style=\"color: #000000;\">COQUE<\/span><\/th>\n<td class=\"woocommerce-product-attributes-item__value\"><span style=\"color: #000000;\">Coque de protection ABS<\/span><\/td>\n<\/tr>\n<tr class=\"woocommerce-product-attributes-item woocommerce-product-attributes-item--attribute_interieur\">\n<th class=\"woocommerce-product-attributes-item__label\"><span style=\"color: #000000;\">INTERIEUR<\/span><\/th>\n<td class=\"woocommerce-product-attributes-item__value\"><span style=\"color: #000000;\">Mousse EVA IXPE thermoform\u00e9e ultra confort<\/span><\/td>\n<\/tr>\n<tr class=\"woocommerce-product-attributes-item woocommerce-product-attributes-item--attribute_reglage\">\n<th class=\"woocommerce-product-attributes-item__label\"><span style=\"color: #000000;\">REGLAGE<\/span><\/th>\n<td class=\"woocommerce-product-attributes-item__value\"><span style=\"color: #000000;\">R\u00e9glage \u00e0 molette (fluide et r\u00e9sistante)<\/span><\/td>\n<\/tr>\n<tr class=\"woocommerce-product-attributes-item woocommerce-product-attributes-item--attribute_norme\">\n<th class=\"woocommerce-product-attributes-item__label\"><span style=\"color: #000000;\">NORME<\/span><\/th>\n<td class=\"woocommerce-product-attributes-item__value\"><span style=\"color: #000000;\">Homologu\u00e9 CE norme ISO EN 1385:2012<\/span><\/td>\n<\/tr>\n<\/tbody>\n<\/table>\n<p>&nbsp;<\/p>\n<p><span style=\"color: #000000;\">Pour tous renseignements <a style=\"color: #000000;\" href=\"https:\/\/www.beachspirit.fr\/bs\/nous-contacter\/\" target=\"_blank\" rel=\"noopener\">contactez nous<\/a><\/span><\/p>\n<p>&nbsp;<\/p>\n<p>&nbsp;<\/p>\n","protected":false},"excerpt":{"rendered":"<h2><span style=\"color: #ff9900;\">Casques char \u00e0 voile, kayak, kite &#8230;<\/span><\/h2>\n<p><span style=\"color: #000000;\">Descriptif ci dessous<\/span><\/p>\n","protected":false},"featured_media":27772,"comment_status":"closed","ping_status":"closed","template":"","meta":[],"product_brand":[],"product_cat":[545,547,549,548,361,578,539],"product_tag":[],"class_list":{"0":"post-27771","1":"product","2":"type-product","3":"status-publish","4":"has-post-thumbnail","6":"product_cat-blokart","7":"product_cat-chars-a-voile-classes-5-promo-standart-mini-loisir","8":"product_cat-articles-techniques-pour-kite-buggy","9":"product_cat-articles-techniques-speed-sail","10":"product_cat-articles-techniques-voile-char-a-voile","11":"product_cat-idees-cadeaux-noel","12":"product_cat-vetements-techniques-equipements","13":"product_shipping_class-tarif-suivant-poids","15":"first","16":"instock","17":"purchasable","18":"product-type-variable"},"yoast_head":"<!-- This site is optimized with the Yoast SEO plugin v27.5 - https:\/\/yoast.com\/product\/yoast-seo-wordpress\/ -->\n<title>Casques char \u00e0 voile, kayak, kite ... - BEACH SPIRIT<\/title>\n<meta name=\"description\" content=\"Le casque Sto\u00efc r\u00e9glable Aquadesign homologu\u00e9 CE norme ISO EN 1385:2012 offre une protection int\u00e9grale du cr\u00e2ne et des oreilles pour la pratique de sports nautiques comme le Cano\u00eb Kayak, le rafting ou encore le kite-surf ou le char \u00e0 voile. Sp\u00e9cialement con\u00e7u pour les professionnels des sports nautiques (location, \u00e9coles), le casque kayak STO\u00cfC offre le meilleur rapport qualit\u00e9 \/ prix du march\u00e9 avec une coque en ABS r\u00e9sistante et un int\u00e9rieur ultra confort en mousse EVA IXPE thermoform\u00e9e. Disponible en 4 couleurs et 4 tailles, il s\u2019adaptera sans probl\u00e8me \u00e0 votre style tout en offrant un maximum de flexibilit\u00e9 logistique. Aquadesign a sp\u00e9cialement s\u00e9lectionn\u00e9 son moule et son syst\u00e8me de r\u00e9glage \u00e0 molette pour garantir une tr\u00e8s bonne tenue et un \u00e9quipement fiable dans le temps.\" \/>\n<meta name=\"robots\" content=\"index, follow, max-snippet:-1, max-image-preview:large, max-video-preview:-1\" \/>\n<link rel=\"canonical\" href=\"https:\/\/www.beachspirit.fr\/bs\/produit\/casques-char-a-voile-kayak-kite\/\" \/>\n<meta property=\"og:locale\" content=\"fr_FR\" \/>\n<meta property=\"og:type\" content=\"article\" \/>\n<meta property=\"og:title\" content=\"Casques char \u00e0 voile, kayak, kite ... - BEACH SPIRIT\" \/>\n<meta property=\"og:description\" content=\"Le casque Sto\u00efc r\u00e9glable Aquadesign homologu\u00e9 CE norme ISO EN 1385:2012 offre une protection int\u00e9grale du cr\u00e2ne et des oreilles pour la pratique de sports nautiques comme le Cano\u00eb Kayak, le rafting ou encore le kite-surf ou le char \u00e0 voile. Sp\u00e9cialement con\u00e7u pour les professionnels des sports nautiques (location, \u00e9coles), le casque kayak STO\u00cfC offre le meilleur rapport qualit\u00e9 \/ prix du march\u00e9 avec une coque en ABS r\u00e9sistante et un int\u00e9rieur ultra confort en mousse EVA IXPE thermoform\u00e9e. Disponible en 4 couleurs et 4 tailles, il s\u2019adaptera sans probl\u00e8me \u00e0 votre style tout en offrant un maximum de flexibilit\u00e9 logistique. Aquadesign a sp\u00e9cialement s\u00e9lectionn\u00e9 son moule et son syst\u00e8me de r\u00e9glage \u00e0 molette pour garantir une tr\u00e8s bonne tenue et un \u00e9quipement fiable dans le temps.\" \/>\n<meta property=\"og:url\" content=\"https:\/\/www.beachspirit.fr\/bs\/produit\/casques-char-a-voile-kayak-kite\/\" \/>\n<meta property=\"og:site_name\" content=\"BEACH SPIRIT\" \/>\n<meta property=\"article:publisher\" content=\"https:\/\/www.facebook.com\/beachspirit.fr\/\" \/>\n<meta property=\"article:modified_time\" content=\"2026-01-01T16:50:53+00:00\" \/>\n<meta property=\"og:image\" content=\"https:\/\/www.beachspirit.fr\/bs\/wp-content\/uploads\/2023\/03\/Capture-4-stoic.png\" \/>\n\t<meta property=\"og:image:width\" content=\"492\" \/>\n\t<meta property=\"og:image:height\" content=\"619\" \/>\n\t<meta property=\"og:image:type\" content=\"image\/png\" \/>\n<meta name=\"twitter:card\" content=\"summary_large_image\" \/>\n<meta name=\"twitter:label1\" content=\"Dur\u00e9e de lecture estim\u00e9e\" \/>\n\t<meta name=\"twitter:data1\" content=\"2 minutes\" \/>\n<script type=\"application\/ld+json\" class=\"yoast-schema-graph\">{\"@context\":\"https:\\\/\\\/schema.org\",\"@graph\":[{\"@type\":\"WebPage\",\"@id\":\"https:\\\/\\\/www.beachspirit.fr\\\/bs\\\/produit\\\/casques-char-a-voile-kayak-kite\\\/\",\"url\":\"https:\\\/\\\/www.beachspirit.fr\\\/bs\\\/produit\\\/casques-char-a-voile-kayak-kite\\\/\",\"name\":\"Casques char \u00e0 voile, kayak, kite ... - BEACH SPIRIT\",\"isPartOf\":{\"@id\":\"https:\\\/\\\/www.beachspirit.fr\\\/bs\\\/#website\"},\"primaryImageOfPage\":{\"@id\":\"https:\\\/\\\/www.beachspirit.fr\\\/bs\\\/produit\\\/casques-char-a-voile-kayak-kite\\\/#primaryimage\"},\"image\":{\"@id\":\"https:\\\/\\\/www.beachspirit.fr\\\/bs\\\/produit\\\/casques-char-a-voile-kayak-kite\\\/#primaryimage\"},\"thumbnailUrl\":\"https:\\\/\\\/www.beachspirit.fr\\\/bs\\\/wp-content\\\/uploads\\\/2023\\\/03\\\/Capture-4-stoic.png\",\"datePublished\":\"2023-03-30T12:31:10+00:00\",\"dateModified\":\"2026-01-01T16:50:53+00:00\",\"description\":\"Le casque Sto\u00efc r\u00e9glable Aquadesign homologu\u00e9 CE norme ISO EN 1385:2012 offre une protection int\u00e9grale du cr\u00e2ne et des oreilles pour la pratique de sports nautiques comme le Cano\u00eb Kayak, le rafting ou encore le kite-surf ou le char \u00e0 voile. Sp\u00e9cialement con\u00e7u pour les professionnels des sports nautiques (location, \u00e9coles), le casque kayak STO\u00cfC offre le meilleur rapport qualit\u00e9 \\\/ prix du march\u00e9 avec une coque en ABS r\u00e9sistante et un int\u00e9rieur ultra confort en mousse EVA IXPE thermoform\u00e9e. Disponible en 4 couleurs et 4 tailles, il s\u2019adaptera sans probl\u00e8me \u00e0 votre style tout en offrant un maximum de flexibilit\u00e9 logistique. Aquadesign a sp\u00e9cialement s\u00e9lectionn\u00e9 son moule et son syst\u00e8me de r\u00e9glage \u00e0 molette pour garantir une tr\u00e8s bonne tenue et un \u00e9quipement fiable dans le temps.\",\"breadcrumb\":{\"@id\":\"https:\\\/\\\/www.beachspirit.fr\\\/bs\\\/produit\\\/casques-char-a-voile-kayak-kite\\\/#breadcrumb\"},\"inLanguage\":\"fr-FR\",\"potentialAction\":[{\"@type\":\"ReadAction\",\"target\":[\"https:\\\/\\\/www.beachspirit.fr\\\/bs\\\/produit\\\/casques-char-a-voile-kayak-kite\\\/\"]}]},{\"@type\":\"ImageObject\",\"inLanguage\":\"fr-FR\",\"@id\":\"https:\\\/\\\/www.beachspirit.fr\\\/bs\\\/produit\\\/casques-char-a-voile-kayak-kite\\\/#primaryimage\",\"url\":\"https:\\\/\\\/www.beachspirit.fr\\\/bs\\\/wp-content\\\/uploads\\\/2023\\\/03\\\/Capture-4-stoic.png\",\"contentUrl\":\"https:\\\/\\\/www.beachspirit.fr\\\/bs\\\/wp-content\\\/uploads\\\/2023\\\/03\\\/Capture-4-stoic.png\",\"width\":492,\"height\":619,\"caption\":\"Casques char \u00e0 voile kayak kite\"},{\"@type\":\"BreadcrumbList\",\"@id\":\"https:\\\/\\\/www.beachspirit.fr\\\/bs\\\/produit\\\/casques-char-a-voile-kayak-kite\\\/#breadcrumb\",\"itemListElement\":[{\"@type\":\"ListItem\",\"position\":1,\"name\":\"Accueil\",\"item\":\"https:\\\/\\\/www.beachspirit.fr\\\/bs\\\/\"},{\"@type\":\"ListItem\",\"position\":2,\"name\":\"Boutique\",\"item\":\"https:\\\/\\\/www.beachspirit.fr\\\/bs\\\/boutique\\\/\"},{\"@type\":\"ListItem\",\"position\":3,\"name\":\"Casques char \u00e0 voile, kayak, kite &#8230;\"}]},{\"@type\":\"WebSite\",\"@id\":\"https:\\\/\\\/www.beachspirit.fr\\\/bs\\\/#website\",\"url\":\"https:\\\/\\\/www.beachspirit.fr\\\/bs\\\/\",\"name\":\"BEACH SPIRIT\",\"description\":\"beach spirit approved\",\"publisher\":{\"@id\":\"https:\\\/\\\/www.beachspirit.fr\\\/bs\\\/#organization\"},\"potentialAction\":[{\"@type\":\"SearchAction\",\"target\":{\"@type\":\"EntryPoint\",\"urlTemplate\":\"https:\\\/\\\/www.beachspirit.fr\\\/bs\\\/?s={search_term_string}\"},\"query-input\":{\"@type\":\"PropertyValueSpecification\",\"valueRequired\":true,\"valueName\":\"search_term_string\"}}],\"inLanguage\":\"fr-FR\"},{\"@type\":\"Organization\",\"@id\":\"https:\\\/\\\/www.beachspirit.fr\\\/bs\\\/#organization\",\"name\":\"BEACH SPIRIT\",\"url\":\"https:\\\/\\\/www.beachspirit.fr\\\/bs\\\/\",\"logo\":{\"@type\":\"ImageObject\",\"inLanguage\":\"fr-FR\",\"@id\":\"https:\\\/\\\/www.beachspirit.fr\\\/bs\\\/#\\\/schema\\\/logo\\\/image\\\/\",\"url\":\"http:\\\/\\\/www.beachspirit.fr\\\/bs\\\/wp-content\\\/uploads\\\/2020\\\/03\\\/logoBS-petit-2.png\",\"contentUrl\":\"http:\\\/\\\/www.beachspirit.fr\\\/bs\\\/wp-content\\\/uploads\\\/2020\\\/03\\\/logoBS-petit-2.png\",\"width\":200,\"height\":117,\"caption\":\"BEACH SPIRIT\"},\"image\":{\"@id\":\"https:\\\/\\\/www.beachspirit.fr\\\/bs\\\/#\\\/schema\\\/logo\\\/image\\\/\"},\"sameAs\":[\"https:\\\/\\\/www.facebook.com\\\/beachspirit.fr\\\/\",\"https:\\\/\\\/www.instagram.com\\\/beachspirit.fr\\\/\"]}]}<\/script>\n<!-- \/ Yoast SEO plugin. -->","yoast_head_json":{"title":"Casques char \u00e0 voile, kayak, kite ... - BEACH SPIRIT","description":"Le casque Sto\u00efc r\u00e9glable Aquadesign homologu\u00e9 CE norme ISO EN 1385:2012 offre une protection int\u00e9grale du cr\u00e2ne et des oreilles pour la pratique de sports nautiques comme le Cano\u00eb Kayak, le rafting ou encore le kite-surf ou le char \u00e0 voile. Sp\u00e9cialement con\u00e7u pour les professionnels des sports nautiques (location, \u00e9coles), le casque kayak STO\u00cfC offre le meilleur rapport qualit\u00e9 \/ prix du march\u00e9 avec une coque en ABS r\u00e9sistante et un int\u00e9rieur ultra confort en mousse EVA IXPE thermoform\u00e9e. Disponible en 4 couleurs et 4 tailles, il s\u2019adaptera sans probl\u00e8me \u00e0 votre style tout en offrant un maximum de flexibilit\u00e9 logistique. Aquadesign a sp\u00e9cialement s\u00e9lectionn\u00e9 son moule et son syst\u00e8me de r\u00e9glage \u00e0 molette pour garantir une tr\u00e8s bonne tenue et un \u00e9quipement fiable dans le temps.","robots":{"index":"index","follow":"follow","max-snippet":"max-snippet:-1","max-image-preview":"max-image-preview:large","max-video-preview":"max-video-preview:-1"},"canonical":"https:\/\/www.beachspirit.fr\/bs\/produit\/casques-char-a-voile-kayak-kite\/","og_locale":"fr_FR","og_type":"article","og_title":"Casques char \u00e0 voile, kayak, kite ... - BEACH SPIRIT","og_description":"Le casque Sto\u00efc r\u00e9glable Aquadesign homologu\u00e9 CE norme ISO EN 1385:2012 offre une protection int\u00e9grale du cr\u00e2ne et des oreilles pour la pratique de sports nautiques comme le Cano\u00eb Kayak, le rafting ou encore le kite-surf ou le char \u00e0 voile. Sp\u00e9cialement con\u00e7u pour les professionnels des sports nautiques (location, \u00e9coles), le casque kayak STO\u00cfC offre le meilleur rapport qualit\u00e9 \/ prix du march\u00e9 avec une coque en ABS r\u00e9sistante et un int\u00e9rieur ultra confort en mousse EVA IXPE thermoform\u00e9e. Disponible en 4 couleurs et 4 tailles, il s\u2019adaptera sans probl\u00e8me \u00e0 votre style tout en offrant un maximum de flexibilit\u00e9 logistique. Aquadesign a sp\u00e9cialement s\u00e9lectionn\u00e9 son moule et son syst\u00e8me de r\u00e9glage \u00e0 molette pour garantir une tr\u00e8s bonne tenue et un \u00e9quipement fiable dans le temps.","og_url":"https:\/\/www.beachspirit.fr\/bs\/produit\/casques-char-a-voile-kayak-kite\/","og_site_name":"BEACH SPIRIT","article_publisher":"https:\/\/www.facebook.com\/beachspirit.fr\/","article_modified_time":"2026-01-01T16:50:53+00:00","og_image":[{"width":492,"height":619,"url":"https:\/\/www.beachspirit.fr\/bs\/wp-content\/uploads\/2023\/03\/Capture-4-stoic.png","type":"image\/png"}],"twitter_card":"summary_large_image","twitter_misc":{"Dur\u00e9e de lecture estim\u00e9e":"2 minutes"},"schema":{"@context":"https:\/\/schema.org","@graph":[{"@type":"WebPage","@id":"https:\/\/www.beachspirit.fr\/bs\/produit\/casques-char-a-voile-kayak-kite\/","url":"https:\/\/www.beachspirit.fr\/bs\/produit\/casques-char-a-voile-kayak-kite\/","name":"Casques char \u00e0 voile, kayak, kite ... - BEACH SPIRIT","isPartOf":{"@id":"https:\/\/www.beachspirit.fr\/bs\/#website"},"primaryImageOfPage":{"@id":"https:\/\/www.beachspirit.fr\/bs\/produit\/casques-char-a-voile-kayak-kite\/#primaryimage"},"image":{"@id":"https:\/\/www.beachspirit.fr\/bs\/produit\/casques-char-a-voile-kayak-kite\/#primaryimage"},"thumbnailUrl":"https:\/\/www.beachspirit.fr\/bs\/wp-content\/uploads\/2023\/03\/Capture-4-stoic.png","datePublished":"2023-03-30T12:31:10+00:00","dateModified":"2026-01-01T16:50:53+00:00","description":"Le casque Sto\u00efc r\u00e9glable Aquadesign homologu\u00e9 CE norme ISO EN 1385:2012 offre une protection int\u00e9grale du cr\u00e2ne et des oreilles pour la pratique de sports nautiques comme le Cano\u00eb Kayak, le rafting ou encore le kite-surf ou le char \u00e0 voile. Sp\u00e9cialement con\u00e7u pour les professionnels des sports nautiques (location, \u00e9coles), le casque kayak STO\u00cfC offre le meilleur rapport qualit\u00e9 \/ prix du march\u00e9 avec une coque en ABS r\u00e9sistante et un int\u00e9rieur ultra confort en mousse EVA IXPE thermoform\u00e9e. Disponible en 4 couleurs et 4 tailles, il s\u2019adaptera sans probl\u00e8me \u00e0 votre style tout en offrant un maximum de flexibilit\u00e9 logistique. Aquadesign a sp\u00e9cialement s\u00e9lectionn\u00e9 son moule et son syst\u00e8me de r\u00e9glage \u00e0 molette pour garantir une tr\u00e8s bonne tenue et un \u00e9quipement fiable dans le temps.","breadcrumb":{"@id":"https:\/\/www.beachspirit.fr\/bs\/produit\/casques-char-a-voile-kayak-kite\/#breadcrumb"},"inLanguage":"fr-FR","potentialAction":[{"@type":"ReadAction","target":["https:\/\/www.beachspirit.fr\/bs\/produit\/casques-char-a-voile-kayak-kite\/"]}]},{"@type":"ImageObject","inLanguage":"fr-FR","@id":"https:\/\/www.beachspirit.fr\/bs\/produit\/casques-char-a-voile-kayak-kite\/#primaryimage","url":"https:\/\/www.beachspirit.fr\/bs\/wp-content\/uploads\/2023\/03\/Capture-4-stoic.png","contentUrl":"https:\/\/www.beachspirit.fr\/bs\/wp-content\/uploads\/2023\/03\/Capture-4-stoic.png","width":492,"height":619,"caption":"Casques char \u00e0 voile kayak kite"},{"@type":"BreadcrumbList","@id":"https:\/\/www.beachspirit.fr\/bs\/produit\/casques-char-a-voile-kayak-kite\/#breadcrumb","itemListElement":[{"@type":"ListItem","position":1,"name":"Accueil","item":"https:\/\/www.beachspirit.fr\/bs\/"},{"@type":"ListItem","position":2,"name":"Boutique","item":"https:\/\/www.beachspirit.fr\/bs\/boutique\/"},{"@type":"ListItem","position":3,"name":"Casques char \u00e0 voile, kayak, kite &#8230;"}]},{"@type":"WebSite","@id":"https:\/\/www.beachspirit.fr\/bs\/#website","url":"https:\/\/www.beachspirit.fr\/bs\/","name":"BEACH SPIRIT","description":"beach spirit approved","publisher":{"@id":"https:\/\/www.beachspirit.fr\/bs\/#organization"},"potentialAction":[{"@type":"SearchAction","target":{"@type":"EntryPoint","urlTemplate":"https:\/\/www.beachspirit.fr\/bs\/?s={search_term_string}"},"query-input":{"@type":"PropertyValueSpecification","valueRequired":true,"valueName":"search_term_string"}}],"inLanguage":"fr-FR"},{"@type":"Organization","@id":"https:\/\/www.beachspirit.fr\/bs\/#organization","name":"BEACH SPIRIT","url":"https:\/\/www.beachspirit.fr\/bs\/","logo":{"@type":"ImageObject","inLanguage":"fr-FR","@id":"https:\/\/www.beachspirit.fr\/bs\/#\/schema\/logo\/image\/","url":"http:\/\/www.beachspirit.fr\/bs\/wp-content\/uploads\/2020\/03\/logoBS-petit-2.png","contentUrl":"http:\/\/www.beachspirit.fr\/bs\/wp-content\/uploads\/2020\/03\/logoBS-petit-2.png","width":200,"height":117,"caption":"BEACH SPIRIT"},"image":{"@id":"https:\/\/www.beachspirit.fr\/bs\/#\/schema\/logo\/image\/"},"sameAs":["https:\/\/www.facebook.com\/beachspirit.fr\/","https:\/\/www.instagram.com\/beachspirit.fr\/"]}]}},"_links":{"self":[{"href":"https:\/\/www.beachspirit.fr\/bs\/wp-json\/wp\/v2\/product\/27771","targetHints":{"allow":["GET"]}}],"collection":[{"href":"https:\/\/www.beachspirit.fr\/bs\/wp-json\/wp\/v2\/product"}],"about":[{"href":"https:\/\/www.beachspirit.fr\/bs\/wp-json\/wp\/v2\/types\/product"}],"replies":[{"embeddable":true,"href":"https:\/\/www.beachspirit.fr\/bs\/wp-json\/wp\/v2\/comments?post=27771"}],"wp:featuredmedia":[{"embeddable":true,"href":"https:\/\/www.beachspirit.fr\/bs\/wp-json\/wp\/v2\/media\/27772"}],"wp:attachment":[{"href":"https:\/\/www.beachspirit.fr\/bs\/wp-json\/wp\/v2\/media?parent=27771"}],"wp:term":[{"taxonomy":"product_brand","embeddable":true,"href":"https:\/\/www.beachspirit.fr\/bs\/wp-json\/wp\/v2\/product_brand?post=27771"},{"taxonomy":"product_cat","embeddable":true,"href":"https:\/\/www.beachspirit.fr\/bs\/wp-json\/wp\/v2\/product_cat?post=27771"},{"taxonomy":"product_tag","embeddable":true,"href":"https:\/\/www.beachspirit.fr\/bs\/wp-json\/wp\/v2\/product_tag?post=27771"}],"curies":[{"name":"wp","href":"https:\/\/api.w.org\/{rel}","templated":true}]}}