{"id":27840,"date":"2023-04-24T15:33:53","date_gmt":"2023-04-24T14:33:53","guid":{"rendered":"https:\/\/www.beachspirit.fr\/bs\/?post_type=product&#038;p=27840"},"modified":"2025-09-10T16:58:37","modified_gmt":"2025-09-10T15:58:37","slug":"pneu-big-foot-12x12-00-8-tl-2pr","status":"publish","type":"product","link":"https:\/\/www.beachspirit.fr\/bs\/produit\/pneu-big-foot-12x12-00-8-tl-2pr\/","title":{"rendered":"Pneu big foot (21&#215;12.00-8 TL 2PR)"},"content":{"rendered":"<h3><span style=\"color: #ffcc00;\">Pneu big foot (21&#215;12.00-8 TL 2PR) kite buggy et char \u00e0 voile<\/span><\/h3>\n<p><span style=\"color: #000000;\">Les <a style=\"color: #000000;\" href=\"https:\/\/fr.wikipedia.org\/wiki\/Pneumatique_(v%C3%A9hicule)\" target=\"_blank\" rel=\"noopener\">pneus<\/a> Big Foot sont de pneus basses pression permettant de rouler sur des terrains mous.<\/span><\/p>\n<p><span style=\"color: #000000;\">Ils peuvent \u00eatre mont\u00e9s sur des petites jantes 2.50-8 pour \u00e9quiper les petits chars de loisirs et les kite buggy (classe 8)<\/span><\/p>\n<p>&nbsp;<\/p>\n<p><span style=\"color: #000000;\"><strong>Descriptif<\/strong><\/span><\/p>\n<ul>\n<li><span style=\"color: #000000;\"><strong>Marque : Wanda tires<\/strong><\/span><\/li>\n<li><span style=\"color: #000000;\"><strong>Structure :\u00a0<em>diagonale<\/em><\/strong><\/span><\/li>\n<li><span style=\"color: #000000;\"><strong>TL \/ TT :\u00a0<em>tubeless (TL) ; peut \u00eatre mont\u00e9 sans\u00a0<a style=\"color: #000000;\" title=\"Chambre \u00e0 air pour pneu 21x12.00-8\" href=\"https:\/\/www.keiyama.eu\/tubes\/tubes-4.html?toutes_tailles_en_pouces=1155\" target=\"_blank\" rel=\"noopener\">chambre \u00e0 air<\/a><\/em><\/strong><\/span><\/li>\n<li><span style=\"color: #000000;\"><strong>Diam\u00e8tre total :\u00a0<em>534 mm<\/em><\/strong><\/span><\/li>\n<li><span style=\"color: #000000;\"><strong>Section :\u00a0<em>285 mm<\/em><\/strong><\/span><\/li>\n<li><span style=\"color: #000000;\"><strong>Capacit\u00e9 de charge maxi :\u00a0<em>161 kgs<\/em><\/strong><\/span><\/li>\n<li><span style=\"color: #000000;\"><strong>Pression de gonflage : <em>0,35 bars (ne pas d\u00e9passer 0.8 bars)<\/em><\/strong><\/span><\/li>\n<li><span style=\"color: #000000;\"><strong>Montage sur jante de :\u00a0<em>8&#215;8.50 pouces en taille pr\u00e9conis\u00e9e ; mais en utilisation char \u00e0 voile, est tr\u00e8s r\u00e9guli\u00e8rement mont\u00e9 sur de la jante \u00e9troite de taille 2.50&#215;8 pour renforcer son c\u00f4t\u00e9 \u00ab\u00a0big foot \/ ballon\u00a0\u00bb<\/em><\/strong><\/span><\/li>\n<li><span style=\"color: #000000;\"><strong>Homologu\u00e9 route :\u00a0<em>non<\/em><\/strong><\/span><\/li>\n<\/ul>\n<p><span style=\"color: #000000;\">Pour tous reseignements compl\u00e9mentaires <a style=\"color: #000000;\" href=\"https:\/\/www.beachspirit.fr\/bs\/nous-contacter\/\" target=\"_blank\" rel=\"noopener\">contactez nous<\/a><\/span><\/p>\n","protected":false},"excerpt":{"rendered":"<h2><span style=\"color: #ffcc00;\">Pneu big foot (21&#215;12.00-8 TL 2PR) kite buggy et char \u00e0 voile<\/span><\/h2>\n<p>&nbsp;<\/p>\n<p><span style=\"color: #ffff99;\">Descriptif ci dessous<\/span><\/p>\n","protected":false},"featured_media":27841,"comment_status":"open","ping_status":"closed","template":"","meta":[],"product_brand":[],"product_cat":[547,549,361,562,22],"product_tag":[],"class_list":{"0":"post-27840","1":"product","2":"type-product","3":"status-publish","4":"has-post-thumbnail","6":"product_cat-chars-a-voile-classes-5-promo-standart-mini-loisir","7":"product_cat-articles-techniques-pour-kite-buggy","8":"product_cat-articles-techniques-voile-char-a-voile","9":"product_cat-roues-pneus-chambres-a-air","10":"product_cat-roulements-roues-pneus-char-a-voile","11":"product_shipping_class-tarif-suivant-poids","13":"first","14":"instock","15":"purchasable","16":"product-type-simple"},"yoast_head":"<!-- This site is optimized with the Yoast SEO plugin v27.5 - https:\/\/yoast.com\/product\/yoast-seo-wordpress\/ -->\n<title>Pneu big foot (21x12.00-8 TL 2PR) - BEACH SPIRIT<\/title>\n<meta name=\"description\" content=\"Les pneus Big Foot sont de pneus basses pression permettant de rouler sur des terrains mous.Ils peuvent \u00eatre mont\u00e9s sur des petites jantes 2.50-8 pour \u00e9quiper les petits chars de loisirs et les kite buggy (classe 8)\" \/>\n<meta name=\"robots\" content=\"index, follow, max-snippet:-1, max-image-preview:large, max-video-preview:-1\" \/>\n<link rel=\"canonical\" href=\"https:\/\/www.beachspirit.fr\/bs\/produit\/pneu-big-foot-12x12-00-8-tl-2pr\/\" \/>\n<meta property=\"og:locale\" content=\"fr_FR\" \/>\n<meta property=\"og:type\" content=\"article\" \/>\n<meta property=\"og:title\" content=\"Pneu big foot (21x12.00-8 TL 2PR) - BEACH SPIRIT\" \/>\n<meta property=\"og:description\" content=\"Les pneus Big Foot sont de pneus basses pression permettant de rouler sur des terrains mous.Ils peuvent \u00eatre mont\u00e9s sur des petites jantes 2.50-8 pour \u00e9quiper les petits chars de loisirs et les kite buggy (classe 8)\" \/>\n<meta property=\"og:url\" content=\"https:\/\/www.beachspirit.fr\/bs\/produit\/pneu-big-foot-12x12-00-8-tl-2pr\/\" \/>\n<meta property=\"og:site_name\" content=\"BEACH SPIRIT\" \/>\n<meta property=\"article:publisher\" content=\"https:\/\/www.facebook.com\/beachspirit.fr\/\" \/>\n<meta property=\"article:modified_time\" content=\"2025-09-10T15:58:37+00:00\" \/>\n<meta property=\"og:image\" content=\"https:\/\/www.beachspirit.fr\/bs\/wp-content\/uploads\/2023\/04\/big-foot-wanda.jpg\" \/>\n\t<meta property=\"og:image:width\" content=\"265\" \/>\n\t<meta property=\"og:image:height\" content=\"265\" \/>\n\t<meta property=\"og:image:type\" content=\"image\/jpeg\" \/>\n<meta name=\"twitter:card\" content=\"summary_large_image\" \/>\n<meta name=\"twitter:label1\" content=\"Dur\u00e9e de lecture estim\u00e9e\" \/>\n\t<meta name=\"twitter:data1\" content=\"1 minute\" \/>\n<script type=\"application\/ld+json\" class=\"yoast-schema-graph\">{\"@context\":\"https:\\\/\\\/schema.org\",\"@graph\":[{\"@type\":\"WebPage\",\"@id\":\"https:\\\/\\\/www.beachspirit.fr\\\/bs\\\/produit\\\/pneu-big-foot-12x12-00-8-tl-2pr\\\/\",\"url\":\"https:\\\/\\\/www.beachspirit.fr\\\/bs\\\/produit\\\/pneu-big-foot-12x12-00-8-tl-2pr\\\/\",\"name\":\"Pneu big foot (21x12.00-8 TL 2PR) - BEACH SPIRIT\",\"isPartOf\":{\"@id\":\"https:\\\/\\\/www.beachspirit.fr\\\/bs\\\/#website\"},\"primaryImageOfPage\":{\"@id\":\"https:\\\/\\\/www.beachspirit.fr\\\/bs\\\/produit\\\/pneu-big-foot-12x12-00-8-tl-2pr\\\/#primaryimage\"},\"image\":{\"@id\":\"https:\\\/\\\/www.beachspirit.fr\\\/bs\\\/produit\\\/pneu-big-foot-12x12-00-8-tl-2pr\\\/#primaryimage\"},\"thumbnailUrl\":\"https:\\\/\\\/www.beachspirit.fr\\\/bs\\\/wp-content\\\/uploads\\\/2023\\\/04\\\/big-foot-wanda.jpg\",\"datePublished\":\"2023-04-24T14:33:53+00:00\",\"dateModified\":\"2025-09-10T15:58:37+00:00\",\"description\":\"Les pneus Big Foot sont de pneus basses pression permettant de rouler sur des terrains mous.Ils peuvent \u00eatre mont\u00e9s sur des petites jantes 2.50-8 pour \u00e9quiper les petits chars de loisirs et les kite buggy (classe 8)\",\"breadcrumb\":{\"@id\":\"https:\\\/\\\/www.beachspirit.fr\\\/bs\\\/produit\\\/pneu-big-foot-12x12-00-8-tl-2pr\\\/#breadcrumb\"},\"inLanguage\":\"fr-FR\",\"potentialAction\":[{\"@type\":\"ReadAction\",\"target\":[\"https:\\\/\\\/www.beachspirit.fr\\\/bs\\\/produit\\\/pneu-big-foot-12x12-00-8-tl-2pr\\\/\"]}]},{\"@type\":\"ImageObject\",\"inLanguage\":\"fr-FR\",\"@id\":\"https:\\\/\\\/www.beachspirit.fr\\\/bs\\\/produit\\\/pneu-big-foot-12x12-00-8-tl-2pr\\\/#primaryimage\",\"url\":\"https:\\\/\\\/www.beachspirit.fr\\\/bs\\\/wp-content\\\/uploads\\\/2023\\\/04\\\/big-foot-wanda.jpg\",\"contentUrl\":\"https:\\\/\\\/www.beachspirit.fr\\\/bs\\\/wp-content\\\/uploads\\\/2023\\\/04\\\/big-foot-wanda.jpg\",\"width\":265,\"height\":265,\"caption\":\"pneu big foot kite buggy\"},{\"@type\":\"BreadcrumbList\",\"@id\":\"https:\\\/\\\/www.beachspirit.fr\\\/bs\\\/produit\\\/pneu-big-foot-12x12-00-8-tl-2pr\\\/#breadcrumb\",\"itemListElement\":[{\"@type\":\"ListItem\",\"position\":1,\"name\":\"Accueil\",\"item\":\"https:\\\/\\\/www.beachspirit.fr\\\/bs\\\/\"},{\"@type\":\"ListItem\",\"position\":2,\"name\":\"Boutique\",\"item\":\"https:\\\/\\\/www.beachspirit.fr\\\/bs\\\/boutique\\\/\"},{\"@type\":\"ListItem\",\"position\":3,\"name\":\"Pneu big foot (21&#215;12.00-8 TL 2PR)\"}]},{\"@type\":\"WebSite\",\"@id\":\"https:\\\/\\\/www.beachspirit.fr\\\/bs\\\/#website\",\"url\":\"https:\\\/\\\/www.beachspirit.fr\\\/bs\\\/\",\"name\":\"BEACH SPIRIT\",\"description\":\"beach spirit approved\",\"publisher\":{\"@id\":\"https:\\\/\\\/www.beachspirit.fr\\\/bs\\\/#organization\"},\"potentialAction\":[{\"@type\":\"SearchAction\",\"target\":{\"@type\":\"EntryPoint\",\"urlTemplate\":\"https:\\\/\\\/www.beachspirit.fr\\\/bs\\\/?s={search_term_string}\"},\"query-input\":{\"@type\":\"PropertyValueSpecification\",\"valueRequired\":true,\"valueName\":\"search_term_string\"}}],\"inLanguage\":\"fr-FR\"},{\"@type\":\"Organization\",\"@id\":\"https:\\\/\\\/www.beachspirit.fr\\\/bs\\\/#organization\",\"name\":\"BEACH SPIRIT\",\"url\":\"https:\\\/\\\/www.beachspirit.fr\\\/bs\\\/\",\"logo\":{\"@type\":\"ImageObject\",\"inLanguage\":\"fr-FR\",\"@id\":\"https:\\\/\\\/www.beachspirit.fr\\\/bs\\\/#\\\/schema\\\/logo\\\/image\\\/\",\"url\":\"http:\\\/\\\/www.beachspirit.fr\\\/bs\\\/wp-content\\\/uploads\\\/2020\\\/03\\\/logoBS-petit-2.png\",\"contentUrl\":\"http:\\\/\\\/www.beachspirit.fr\\\/bs\\\/wp-content\\\/uploads\\\/2020\\\/03\\\/logoBS-petit-2.png\",\"width\":200,\"height\":117,\"caption\":\"BEACH SPIRIT\"},\"image\":{\"@id\":\"https:\\\/\\\/www.beachspirit.fr\\\/bs\\\/#\\\/schema\\\/logo\\\/image\\\/\"},\"sameAs\":[\"https:\\\/\\\/www.facebook.com\\\/beachspirit.fr\\\/\",\"https:\\\/\\\/www.instagram.com\\\/beachspirit.fr\\\/\"]}]}<\/script>\n<!-- \/ Yoast SEO plugin. -->","yoast_head_json":{"title":"Pneu big foot (21x12.00-8 TL 2PR) - BEACH SPIRIT","description":"Les pneus Big Foot sont de pneus basses pression permettant de rouler sur des terrains mous.Ils peuvent \u00eatre mont\u00e9s sur des petites jantes 2.50-8 pour \u00e9quiper les petits chars de loisirs et les kite buggy (classe 8)","robots":{"index":"index","follow":"follow","max-snippet":"max-snippet:-1","max-image-preview":"max-image-preview:large","max-video-preview":"max-video-preview:-1"},"canonical":"https:\/\/www.beachspirit.fr\/bs\/produit\/pneu-big-foot-12x12-00-8-tl-2pr\/","og_locale":"fr_FR","og_type":"article","og_title":"Pneu big foot (21x12.00-8 TL 2PR) - BEACH SPIRIT","og_description":"Les pneus Big Foot sont de pneus basses pression permettant de rouler sur des terrains mous.Ils peuvent \u00eatre mont\u00e9s sur des petites jantes 2.50-8 pour \u00e9quiper les petits chars de loisirs et les kite buggy (classe 8)","og_url":"https:\/\/www.beachspirit.fr\/bs\/produit\/pneu-big-foot-12x12-00-8-tl-2pr\/","og_site_name":"BEACH SPIRIT","article_publisher":"https:\/\/www.facebook.com\/beachspirit.fr\/","article_modified_time":"2025-09-10T15:58:37+00:00","og_image":[{"width":265,"height":265,"url":"https:\/\/www.beachspirit.fr\/bs\/wp-content\/uploads\/2023\/04\/big-foot-wanda.jpg","type":"image\/jpeg"}],"twitter_card":"summary_large_image","twitter_misc":{"Dur\u00e9e de lecture estim\u00e9e":"1 minute"},"schema":{"@context":"https:\/\/schema.org","@graph":[{"@type":"WebPage","@id":"https:\/\/www.beachspirit.fr\/bs\/produit\/pneu-big-foot-12x12-00-8-tl-2pr\/","url":"https:\/\/www.beachspirit.fr\/bs\/produit\/pneu-big-foot-12x12-00-8-tl-2pr\/","name":"Pneu big foot (21x12.00-8 TL 2PR) - BEACH SPIRIT","isPartOf":{"@id":"https:\/\/www.beachspirit.fr\/bs\/#website"},"primaryImageOfPage":{"@id":"https:\/\/www.beachspirit.fr\/bs\/produit\/pneu-big-foot-12x12-00-8-tl-2pr\/#primaryimage"},"image":{"@id":"https:\/\/www.beachspirit.fr\/bs\/produit\/pneu-big-foot-12x12-00-8-tl-2pr\/#primaryimage"},"thumbnailUrl":"https:\/\/www.beachspirit.fr\/bs\/wp-content\/uploads\/2023\/04\/big-foot-wanda.jpg","datePublished":"2023-04-24T14:33:53+00:00","dateModified":"2025-09-10T15:58:37+00:00","description":"Les pneus Big Foot sont de pneus basses pression permettant de rouler sur des terrains mous.Ils peuvent \u00eatre mont\u00e9s sur des petites jantes 2.50-8 pour \u00e9quiper les petits chars de loisirs et les kite buggy (classe 8)","breadcrumb":{"@id":"https:\/\/www.beachspirit.fr\/bs\/produit\/pneu-big-foot-12x12-00-8-tl-2pr\/#breadcrumb"},"inLanguage":"fr-FR","potentialAction":[{"@type":"ReadAction","target":["https:\/\/www.beachspirit.fr\/bs\/produit\/pneu-big-foot-12x12-00-8-tl-2pr\/"]}]},{"@type":"ImageObject","inLanguage":"fr-FR","@id":"https:\/\/www.beachspirit.fr\/bs\/produit\/pneu-big-foot-12x12-00-8-tl-2pr\/#primaryimage","url":"https:\/\/www.beachspirit.fr\/bs\/wp-content\/uploads\/2023\/04\/big-foot-wanda.jpg","contentUrl":"https:\/\/www.beachspirit.fr\/bs\/wp-content\/uploads\/2023\/04\/big-foot-wanda.jpg","width":265,"height":265,"caption":"pneu big foot kite buggy"},{"@type":"BreadcrumbList","@id":"https:\/\/www.beachspirit.fr\/bs\/produit\/pneu-big-foot-12x12-00-8-tl-2pr\/#breadcrumb","itemListElement":[{"@type":"ListItem","position":1,"name":"Accueil","item":"https:\/\/www.beachspirit.fr\/bs\/"},{"@type":"ListItem","position":2,"name":"Boutique","item":"https:\/\/www.beachspirit.fr\/bs\/boutique\/"},{"@type":"ListItem","position":3,"name":"Pneu big foot (21&#215;12.00-8 TL 2PR)"}]},{"@type":"WebSite","@id":"https:\/\/www.beachspirit.fr\/bs\/#website","url":"https:\/\/www.beachspirit.fr\/bs\/","name":"BEACH SPIRIT","description":"beach spirit approved","publisher":{"@id":"https:\/\/www.beachspirit.fr\/bs\/#organization"},"potentialAction":[{"@type":"SearchAction","target":{"@type":"EntryPoint","urlTemplate":"https:\/\/www.beachspirit.fr\/bs\/?s={search_term_string}"},"query-input":{"@type":"PropertyValueSpecification","valueRequired":true,"valueName":"search_term_string"}}],"inLanguage":"fr-FR"},{"@type":"Organization","@id":"https:\/\/www.beachspirit.fr\/bs\/#organization","name":"BEACH SPIRIT","url":"https:\/\/www.beachspirit.fr\/bs\/","logo":{"@type":"ImageObject","inLanguage":"fr-FR","@id":"https:\/\/www.beachspirit.fr\/bs\/#\/schema\/logo\/image\/","url":"http:\/\/www.beachspirit.fr\/bs\/wp-content\/uploads\/2020\/03\/logoBS-petit-2.png","contentUrl":"http:\/\/www.beachspirit.fr\/bs\/wp-content\/uploads\/2020\/03\/logoBS-petit-2.png","width":200,"height":117,"caption":"BEACH SPIRIT"},"image":{"@id":"https:\/\/www.beachspirit.fr\/bs\/#\/schema\/logo\/image\/"},"sameAs":["https:\/\/www.facebook.com\/beachspirit.fr\/","https:\/\/www.instagram.com\/beachspirit.fr\/"]}]}},"_links":{"self":[{"href":"https:\/\/www.beachspirit.fr\/bs\/wp-json\/wp\/v2\/product\/27840","targetHints":{"allow":["GET"]}}],"collection":[{"href":"https:\/\/www.beachspirit.fr\/bs\/wp-json\/wp\/v2\/product"}],"about":[{"href":"https:\/\/www.beachspirit.fr\/bs\/wp-json\/wp\/v2\/types\/product"}],"replies":[{"embeddable":true,"href":"https:\/\/www.beachspirit.fr\/bs\/wp-json\/wp\/v2\/comments?post=27840"}],"wp:featuredmedia":[{"embeddable":true,"href":"https:\/\/www.beachspirit.fr\/bs\/wp-json\/wp\/v2\/media\/27841"}],"wp:attachment":[{"href":"https:\/\/www.beachspirit.fr\/bs\/wp-json\/wp\/v2\/media?parent=27840"}],"wp:term":[{"taxonomy":"product_brand","embeddable":true,"href":"https:\/\/www.beachspirit.fr\/bs\/wp-json\/wp\/v2\/product_brand?post=27840"},{"taxonomy":"product_cat","embeddable":true,"href":"https:\/\/www.beachspirit.fr\/bs\/wp-json\/wp\/v2\/product_cat?post=27840"},{"taxonomy":"product_tag","embeddable":true,"href":"https:\/\/www.beachspirit.fr\/bs\/wp-json\/wp\/v2\/product_tag?post=27840"}],"curies":[{"name":"wp","href":"https:\/\/api.w.org\/{rel}","templated":true}]}}