{"id":27845,"date":"2023-04-26T12:05:54","date_gmt":"2023-04-26T11:05:54","guid":{"rendered":"https:\/\/www.beachspirit.fr\/bs\/?post_type=product&#038;p=27845"},"modified":"2023-04-26T12:28:28","modified_gmt":"2023-04-26T11:28:28","slug":"decapage-et-peinture-essieu-char-a-voile-classes-2-et-3","status":"publish","type":"product","link":"https:\/\/www.beachspirit.fr\/bs\/produit\/decapage-et-peinture-essieu-char-a-voile-classes-2-et-3\/","title":{"rendered":"D\u00e9capage et peinture essieu char \u00e0 voile classes 2 et 3"},"content":{"rendered":"<h3><span style=\"color: #ffcc00;\">D\u00e9capage et peinture essieu char \u00e0 voile classes 2 et 3<\/span><\/h3>\n<p>Les<a href=\"https:\/\/fr.wikipedia.org\/wiki\/Essieu\" target=\"_blank\" rel=\"noopener\"> essieux<\/a> bois (en g\u00e9n\u00e9ral en fr\u00eane) de char \u00e0 voile classes 2 ou 3 demandent un minimum d&rsquo;entretien pour durer dans le temps.<\/p>\n<p>Pour ceux qui n&rsquo;ont ni le temps ni le gout du bricolage, Beach Spirit vous propose de les entretenir en faisant le d\u00e9capage et la peinture (ou vernis).<\/p>\n<p>&nbsp;<\/p>\n<p>N&rsquo;h\u00e9sitez pas \u00e0 <a href=\"https:\/\/www.beachspirit.fr\/bs\/nous-contacter\/\" target=\"_blank\" rel=\"noopener\">nous contacter<\/a><\/p>\n","protected":false},"excerpt":{"rendered":"<p>D\u00e9capage et peinture essieu char \u00e0 voile classes 2 et 3 Les essieux bois (en g\u00e9n\u00e9ral en fr\u00eane) de char \u00e0 voile classes 2 ou 3 demandent un minimum d&rsquo;entretien pour durer dans le temps. Pour ceux qui n&rsquo;ont ni <a href=\"https:\/\/www.beachspirit.fr\/bs\/produit\/decapage-et-peinture-essieu-char-a-voile-classes-2-et-3\/\"> Read more&#8230;<\/a><\/p>\n","protected":false},"featured_media":27849,"comment_status":"closed","ping_status":"closed","template":"","meta":[],"product_brand":[],"product_cat":[546,361,262],"product_tag":[],"class_list":{"0":"post-27845","1":"product","2":"type-product","3":"status-publish","4":"has-post-thumbnail","6":"product_cat-char-a-voile-classes-2-et-3","7":"product_cat-articles-techniques-voile-char-a-voile","8":"product_cat-divers","9":"product_shipping_class-pas-de-livraison","11":"first","12":"instock","13":"purchasable","14":"product-type-variable"},"yoast_head":"<!-- This site is optimized with the Yoast SEO plugin v27.5 - https:\/\/yoast.com\/product\/yoast-seo-wordpress\/ -->\n<title>D\u00e9capage et peinture essieu char \u00e0 voile classes 2 et 3 - BEACH SPIRIT<\/title>\n<meta name=\"description\" content=\"Les essieux bois (en g\u00e9n\u00e9ral en fr\u00eane) de char \u00e0 voile classes 2 ou 3 demandent un minimum d&#039;entretien pour durer dans le temps. Beach Spirit vous propose de les entretenir en faisant le d\u00e9capage et la peinture (ou vernis).\" \/>\n<meta name=\"robots\" content=\"index, follow, max-snippet:-1, max-image-preview:large, max-video-preview:-1\" \/>\n<link rel=\"canonical\" href=\"https:\/\/www.beachspirit.fr\/bs\/produit\/decapage-et-peinture-essieu-char-a-voile-classes-2-et-3\/\" \/>\n<meta property=\"og:locale\" content=\"fr_FR\" \/>\n<meta property=\"og:type\" content=\"article\" \/>\n<meta property=\"og:title\" content=\"D\u00e9capage et peinture essieu char \u00e0 voile classes 2 et 3 - BEACH SPIRIT\" \/>\n<meta property=\"og:description\" content=\"Les essieux bois (en g\u00e9n\u00e9ral en fr\u00eane) de char \u00e0 voile classes 2 ou 3 demandent un minimum d&#039;entretien pour durer dans le temps. Beach Spirit vous propose de les entretenir en faisant le d\u00e9capage et la peinture (ou vernis).\" \/>\n<meta property=\"og:url\" content=\"https:\/\/www.beachspirit.fr\/bs\/produit\/decapage-et-peinture-essieu-char-a-voile-classes-2-et-3\/\" \/>\n<meta property=\"og:site_name\" content=\"BEACH SPIRIT\" \/>\n<meta property=\"article:publisher\" content=\"https:\/\/www.facebook.com\/beachspirit.fr\/\" \/>\n<meta property=\"article:modified_time\" content=\"2023-04-26T11:28:28+00:00\" \/>\n<meta property=\"og:image\" content=\"https:\/\/www.beachspirit.fr\/bs\/wp-content\/uploads\/2023\/04\/essieu-classe-3.jpg\" \/>\n\t<meta property=\"og:image:width\" content=\"2048\" \/>\n\t<meta property=\"og:image:height\" content=\"1412\" \/>\n\t<meta property=\"og:image:type\" content=\"image\/jpeg\" \/>\n<meta name=\"twitter:card\" content=\"summary_large_image\" \/>\n<meta name=\"twitter:label1\" content=\"Dur\u00e9e de lecture estim\u00e9e\" \/>\n\t<meta name=\"twitter:data1\" content=\"1 minute\" \/>\n<script type=\"application\/ld+json\" class=\"yoast-schema-graph\">{\"@context\":\"https:\\\/\\\/schema.org\",\"@graph\":[{\"@type\":\"WebPage\",\"@id\":\"https:\\\/\\\/www.beachspirit.fr\\\/bs\\\/produit\\\/decapage-et-peinture-essieu-char-a-voile-classes-2-et-3\\\/\",\"url\":\"https:\\\/\\\/www.beachspirit.fr\\\/bs\\\/produit\\\/decapage-et-peinture-essieu-char-a-voile-classes-2-et-3\\\/\",\"name\":\"D\u00e9capage et peinture essieu char \u00e0 voile classes 2 et 3 - BEACH SPIRIT\",\"isPartOf\":{\"@id\":\"https:\\\/\\\/www.beachspirit.fr\\\/bs\\\/#website\"},\"primaryImageOfPage\":{\"@id\":\"https:\\\/\\\/www.beachspirit.fr\\\/bs\\\/produit\\\/decapage-et-peinture-essieu-char-a-voile-classes-2-et-3\\\/#primaryimage\"},\"image\":{\"@id\":\"https:\\\/\\\/www.beachspirit.fr\\\/bs\\\/produit\\\/decapage-et-peinture-essieu-char-a-voile-classes-2-et-3\\\/#primaryimage\"},\"thumbnailUrl\":\"https:\\\/\\\/www.beachspirit.fr\\\/bs\\\/wp-content\\\/uploads\\\/2023\\\/04\\\/essieu-classe-3.jpg\",\"datePublished\":\"2023-04-26T11:05:54+00:00\",\"dateModified\":\"2023-04-26T11:28:28+00:00\",\"description\":\"Les essieux bois (en g\u00e9n\u00e9ral en fr\u00eane) de char \u00e0 voile classes 2 ou 3 demandent un minimum d'entretien pour durer dans le temps. Beach Spirit vous propose de les entretenir en faisant le d\u00e9capage et la peinture (ou vernis).\",\"breadcrumb\":{\"@id\":\"https:\\\/\\\/www.beachspirit.fr\\\/bs\\\/produit\\\/decapage-et-peinture-essieu-char-a-voile-classes-2-et-3\\\/#breadcrumb\"},\"inLanguage\":\"fr-FR\",\"potentialAction\":[{\"@type\":\"ReadAction\",\"target\":[\"https:\\\/\\\/www.beachspirit.fr\\\/bs\\\/produit\\\/decapage-et-peinture-essieu-char-a-voile-classes-2-et-3\\\/\"]}]},{\"@type\":\"ImageObject\",\"inLanguage\":\"fr-FR\",\"@id\":\"https:\\\/\\\/www.beachspirit.fr\\\/bs\\\/produit\\\/decapage-et-peinture-essieu-char-a-voile-classes-2-et-3\\\/#primaryimage\",\"url\":\"https:\\\/\\\/www.beachspirit.fr\\\/bs\\\/wp-content\\\/uploads\\\/2023\\\/04\\\/essieu-classe-3.jpg\",\"contentUrl\":\"https:\\\/\\\/www.beachspirit.fr\\\/bs\\\/wp-content\\\/uploads\\\/2023\\\/04\\\/essieu-classe-3.jpg\",\"width\":2048,\"height\":1412,\"caption\":\"d\u00e9capage et peinture essieu char \u00e0 voile classes 2 et 3\"},{\"@type\":\"BreadcrumbList\",\"@id\":\"https:\\\/\\\/www.beachspirit.fr\\\/bs\\\/produit\\\/decapage-et-peinture-essieu-char-a-voile-classes-2-et-3\\\/#breadcrumb\",\"itemListElement\":[{\"@type\":\"ListItem\",\"position\":1,\"name\":\"Accueil\",\"item\":\"https:\\\/\\\/www.beachspirit.fr\\\/bs\\\/\"},{\"@type\":\"ListItem\",\"position\":2,\"name\":\"Boutique\",\"item\":\"https:\\\/\\\/www.beachspirit.fr\\\/bs\\\/boutique\\\/\"},{\"@type\":\"ListItem\",\"position\":3,\"name\":\"D\u00e9capage et peinture essieu char \u00e0 voile classes 2 et 3\"}]},{\"@type\":\"WebSite\",\"@id\":\"https:\\\/\\\/www.beachspirit.fr\\\/bs\\\/#website\",\"url\":\"https:\\\/\\\/www.beachspirit.fr\\\/bs\\\/\",\"name\":\"BEACH SPIRIT\",\"description\":\"beach spirit approved\",\"publisher\":{\"@id\":\"https:\\\/\\\/www.beachspirit.fr\\\/bs\\\/#organization\"},\"potentialAction\":[{\"@type\":\"SearchAction\",\"target\":{\"@type\":\"EntryPoint\",\"urlTemplate\":\"https:\\\/\\\/www.beachspirit.fr\\\/bs\\\/?s={search_term_string}\"},\"query-input\":{\"@type\":\"PropertyValueSpecification\",\"valueRequired\":true,\"valueName\":\"search_term_string\"}}],\"inLanguage\":\"fr-FR\"},{\"@type\":\"Organization\",\"@id\":\"https:\\\/\\\/www.beachspirit.fr\\\/bs\\\/#organization\",\"name\":\"BEACH SPIRIT\",\"url\":\"https:\\\/\\\/www.beachspirit.fr\\\/bs\\\/\",\"logo\":{\"@type\":\"ImageObject\",\"inLanguage\":\"fr-FR\",\"@id\":\"https:\\\/\\\/www.beachspirit.fr\\\/bs\\\/#\\\/schema\\\/logo\\\/image\\\/\",\"url\":\"http:\\\/\\\/www.beachspirit.fr\\\/bs\\\/wp-content\\\/uploads\\\/2020\\\/03\\\/logoBS-petit-2.png\",\"contentUrl\":\"http:\\\/\\\/www.beachspirit.fr\\\/bs\\\/wp-content\\\/uploads\\\/2020\\\/03\\\/logoBS-petit-2.png\",\"width\":200,\"height\":117,\"caption\":\"BEACH SPIRIT\"},\"image\":{\"@id\":\"https:\\\/\\\/www.beachspirit.fr\\\/bs\\\/#\\\/schema\\\/logo\\\/image\\\/\"},\"sameAs\":[\"https:\\\/\\\/www.facebook.com\\\/beachspirit.fr\\\/\",\"https:\\\/\\\/www.instagram.com\\\/beachspirit.fr\\\/\"]}]}<\/script>\n<!-- \/ Yoast SEO plugin. -->","yoast_head_json":{"title":"D\u00e9capage et peinture essieu char \u00e0 voile classes 2 et 3 - BEACH SPIRIT","description":"Les essieux bois (en g\u00e9n\u00e9ral en fr\u00eane) de char \u00e0 voile classes 2 ou 3 demandent un minimum d'entretien pour durer dans le temps. Beach Spirit vous propose de les entretenir en faisant le d\u00e9capage et la peinture (ou vernis).","robots":{"index":"index","follow":"follow","max-snippet":"max-snippet:-1","max-image-preview":"max-image-preview:large","max-video-preview":"max-video-preview:-1"},"canonical":"https:\/\/www.beachspirit.fr\/bs\/produit\/decapage-et-peinture-essieu-char-a-voile-classes-2-et-3\/","og_locale":"fr_FR","og_type":"article","og_title":"D\u00e9capage et peinture essieu char \u00e0 voile classes 2 et 3 - BEACH SPIRIT","og_description":"Les essieux bois (en g\u00e9n\u00e9ral en fr\u00eane) de char \u00e0 voile classes 2 ou 3 demandent un minimum d'entretien pour durer dans le temps. Beach Spirit vous propose de les entretenir en faisant le d\u00e9capage et la peinture (ou vernis).","og_url":"https:\/\/www.beachspirit.fr\/bs\/produit\/decapage-et-peinture-essieu-char-a-voile-classes-2-et-3\/","og_site_name":"BEACH SPIRIT","article_publisher":"https:\/\/www.facebook.com\/beachspirit.fr\/","article_modified_time":"2023-04-26T11:28:28+00:00","og_image":[{"width":2048,"height":1412,"url":"https:\/\/www.beachspirit.fr\/bs\/wp-content\/uploads\/2023\/04\/essieu-classe-3.jpg","type":"image\/jpeg"}],"twitter_card":"summary_large_image","twitter_misc":{"Dur\u00e9e de lecture estim\u00e9e":"1 minute"},"schema":{"@context":"https:\/\/schema.org","@graph":[{"@type":"WebPage","@id":"https:\/\/www.beachspirit.fr\/bs\/produit\/decapage-et-peinture-essieu-char-a-voile-classes-2-et-3\/","url":"https:\/\/www.beachspirit.fr\/bs\/produit\/decapage-et-peinture-essieu-char-a-voile-classes-2-et-3\/","name":"D\u00e9capage et peinture essieu char \u00e0 voile classes 2 et 3 - BEACH SPIRIT","isPartOf":{"@id":"https:\/\/www.beachspirit.fr\/bs\/#website"},"primaryImageOfPage":{"@id":"https:\/\/www.beachspirit.fr\/bs\/produit\/decapage-et-peinture-essieu-char-a-voile-classes-2-et-3\/#primaryimage"},"image":{"@id":"https:\/\/www.beachspirit.fr\/bs\/produit\/decapage-et-peinture-essieu-char-a-voile-classes-2-et-3\/#primaryimage"},"thumbnailUrl":"https:\/\/www.beachspirit.fr\/bs\/wp-content\/uploads\/2023\/04\/essieu-classe-3.jpg","datePublished":"2023-04-26T11:05:54+00:00","dateModified":"2023-04-26T11:28:28+00:00","description":"Les essieux bois (en g\u00e9n\u00e9ral en fr\u00eane) de char \u00e0 voile classes 2 ou 3 demandent un minimum d'entretien pour durer dans le temps. Beach Spirit vous propose de les entretenir en faisant le d\u00e9capage et la peinture (ou vernis).","breadcrumb":{"@id":"https:\/\/www.beachspirit.fr\/bs\/produit\/decapage-et-peinture-essieu-char-a-voile-classes-2-et-3\/#breadcrumb"},"inLanguage":"fr-FR","potentialAction":[{"@type":"ReadAction","target":["https:\/\/www.beachspirit.fr\/bs\/produit\/decapage-et-peinture-essieu-char-a-voile-classes-2-et-3\/"]}]},{"@type":"ImageObject","inLanguage":"fr-FR","@id":"https:\/\/www.beachspirit.fr\/bs\/produit\/decapage-et-peinture-essieu-char-a-voile-classes-2-et-3\/#primaryimage","url":"https:\/\/www.beachspirit.fr\/bs\/wp-content\/uploads\/2023\/04\/essieu-classe-3.jpg","contentUrl":"https:\/\/www.beachspirit.fr\/bs\/wp-content\/uploads\/2023\/04\/essieu-classe-3.jpg","width":2048,"height":1412,"caption":"d\u00e9capage et peinture essieu char \u00e0 voile classes 2 et 3"},{"@type":"BreadcrumbList","@id":"https:\/\/www.beachspirit.fr\/bs\/produit\/decapage-et-peinture-essieu-char-a-voile-classes-2-et-3\/#breadcrumb","itemListElement":[{"@type":"ListItem","position":1,"name":"Accueil","item":"https:\/\/www.beachspirit.fr\/bs\/"},{"@type":"ListItem","position":2,"name":"Boutique","item":"https:\/\/www.beachspirit.fr\/bs\/boutique\/"},{"@type":"ListItem","position":3,"name":"D\u00e9capage et peinture essieu char \u00e0 voile classes 2 et 3"}]},{"@type":"WebSite","@id":"https:\/\/www.beachspirit.fr\/bs\/#website","url":"https:\/\/www.beachspirit.fr\/bs\/","name":"BEACH SPIRIT","description":"beach spirit approved","publisher":{"@id":"https:\/\/www.beachspirit.fr\/bs\/#organization"},"potentialAction":[{"@type":"SearchAction","target":{"@type":"EntryPoint","urlTemplate":"https:\/\/www.beachspirit.fr\/bs\/?s={search_term_string}"},"query-input":{"@type":"PropertyValueSpecification","valueRequired":true,"valueName":"search_term_string"}}],"inLanguage":"fr-FR"},{"@type":"Organization","@id":"https:\/\/www.beachspirit.fr\/bs\/#organization","name":"BEACH SPIRIT","url":"https:\/\/www.beachspirit.fr\/bs\/","logo":{"@type":"ImageObject","inLanguage":"fr-FR","@id":"https:\/\/www.beachspirit.fr\/bs\/#\/schema\/logo\/image\/","url":"http:\/\/www.beachspirit.fr\/bs\/wp-content\/uploads\/2020\/03\/logoBS-petit-2.png","contentUrl":"http:\/\/www.beachspirit.fr\/bs\/wp-content\/uploads\/2020\/03\/logoBS-petit-2.png","width":200,"height":117,"caption":"BEACH SPIRIT"},"image":{"@id":"https:\/\/www.beachspirit.fr\/bs\/#\/schema\/logo\/image\/"},"sameAs":["https:\/\/www.facebook.com\/beachspirit.fr\/","https:\/\/www.instagram.com\/beachspirit.fr\/"]}]}},"_links":{"self":[{"href":"https:\/\/www.beachspirit.fr\/bs\/wp-json\/wp\/v2\/product\/27845","targetHints":{"allow":["GET"]}}],"collection":[{"href":"https:\/\/www.beachspirit.fr\/bs\/wp-json\/wp\/v2\/product"}],"about":[{"href":"https:\/\/www.beachspirit.fr\/bs\/wp-json\/wp\/v2\/types\/product"}],"replies":[{"embeddable":true,"href":"https:\/\/www.beachspirit.fr\/bs\/wp-json\/wp\/v2\/comments?post=27845"}],"wp:featuredmedia":[{"embeddable":true,"href":"https:\/\/www.beachspirit.fr\/bs\/wp-json\/wp\/v2\/media\/27849"}],"wp:attachment":[{"href":"https:\/\/www.beachspirit.fr\/bs\/wp-json\/wp\/v2\/media?parent=27845"}],"wp:term":[{"taxonomy":"product_brand","embeddable":true,"href":"https:\/\/www.beachspirit.fr\/bs\/wp-json\/wp\/v2\/product_brand?post=27845"},{"taxonomy":"product_cat","embeddable":true,"href":"https:\/\/www.beachspirit.fr\/bs\/wp-json\/wp\/v2\/product_cat?post=27845"},{"taxonomy":"product_tag","embeddable":true,"href":"https:\/\/www.beachspirit.fr\/bs\/wp-json\/wp\/v2\/product_tag?post=27845"}],"curies":[{"name":"wp","href":"https:\/\/api.w.org\/{rel}","templated":true}]}}