{"id":27941,"date":"2023-06-23T07:26:42","date_gmt":"2023-06-23T06:26:42","guid":{"rendered":"https:\/\/www.beachspirit.fr\/bs\/?post_type=product&#038;p=27941"},"modified":"2023-08-03T12:22:15","modified_gmt":"2023-08-03T11:22:15","slug":"t-shirts-rsyc","status":"publish","type":"product","link":"https:\/\/www.beachspirit.fr\/bs\/produit\/t-shirts-rsyc\/","title":{"rendered":"T-shirts RSYC"},"content":{"rendered":"<h3><span style=\"color: #ff6600;\">T-shirts RSYC<\/span><\/h3>\n<h4><span style=\"color: #ffff99;\"><strong>T-shirts\u00a0 personnalis\u00e9s S\u00e9rie sp\u00e9ciale \u00ab\u00a0<a href=\"https:\/\/www.rsyc.be\/\" target=\"_blank\" rel=\"noopener\">RSYC<\/a>\u00ab\u00a0<\/strong><\/span><\/h4>\n<ul>\n<li><span style=\"color: #ffff99;\"><strong>Marque<\/strong> Fruit of the loom SS008, Heavy<\/span><\/li>\n<li><span style=\"color: #ffff99;\"><strong>Mati\u00e8re<\/strong> : 100% Coton. <\/span><\/li>\n<li><span style=\"color: #ffff99;\"><strong>Grammage : <\/strong>\u00a0 195 g\/m\u00b2<\/span><\/li>\n<li><span style=\"color: #ffff99;\"><strong>Tailles<\/strong> : <b>S<\/b>\u00a089\/94cm\u00a0<b>M<\/b>\u00a096.5\/101.5cm\u00a0<b>L<\/b>\u00a0104\/109cm\u00a0<b>XL<\/b>\u00a0112\/117cm\u00a0<b>2XL<\/b>\u00a0119.5\/124.5cm\u00a0<b>3XL<\/b>\u00a0127\/132cm<\/span><\/li>\n<li><span style=\"color: #ffff99;\">Couleur : Navy Blue<\/span><\/li>\n<\/ul>\n<div>\n<p><span style=\"color: #ffff99;\">Encolure ras-du-cou c\u00f4tel\u00e9e avec bande de confort. Manches et ourlet \u00e0 surpiq\u00fbres doubles. Certifi\u00e9 WRAP.<\/span><\/p>\n<div><span style=\"color: #ffff99;\"><strong>Instructions de Lavage : <\/strong>Lavage en machine \u00e0 40\u00b0 v\u00eatement retourn\u00e9 afin de pr\u00e9server le marquage. Ne pas blanchir. S\u00e9chage en machine \u00e0 basse temp\u00e9rature. Repasser \u00e0 temp\u00e9rature moyenne v\u00eatement retourn\u00e9. Ne pas nettoyer \u00e0 sec<\/span><\/div>\n<\/div>\n<div><\/div>\n<p><span style=\"color: #ffff99;\"><strong>Marquage<\/strong><\/span><\/p>\n<p><span style=\"color: #ffff99;\"><strong>Poitrine<\/strong> :<\/span><\/p>\n<ul>\n<li><span style=\"color: #ffff99;\">Petit l<strong>ogo RSYC<\/strong> (\u00d86.5cm) sur le c\u0153ur +<\/span><\/li>\n<li><span style=\"color: #ffff99;\"><strong>Nom<\/strong> (\u00e0 indiquer en \u00ab\u00a0note de commande\u00a0\u00bb)<\/span><\/li>\n<li><span style=\"color: #ffff99;\"><strong>n\u00b0 de voile<\/strong> (\u00e0 indiquer en \u00ab\u00a0note de commande\u00a0\u00bb)<\/span><\/li>\n<li><span style=\"color: #ffff99;\"><strong>Cat\u00e9gorie<\/strong> (INSTRUCTOR,TEAM, PILOT, PILOOT, PILOTE)<\/span><\/li>\n<\/ul>\n<p><span style=\"color: #ffff99;\"><strong>Dos<\/strong> :<\/span><\/p>\n<ul>\n<li><span style=\"color: #ffff99;\">Grand <strong>logo RSYC<\/strong> (\u00d8 12cm) +<\/span><\/li>\n<li><span style=\"color: #ffff99;\"><strong>Nom<\/strong> (\u00e0 indiquer en \u00ab\u00a0note de commande\u00a0\u00bb)<\/span><\/li>\n<li><span style=\"color: #ffff99;\"><strong>n\u00b0 de voile<\/strong> (\u00e0 indiquer en \u00ab\u00a0note de commande\u00a0\u00bb)<\/span><\/li>\n<li><span style=\"color: #ffff99;\"><strong>Cat\u00e9gorie<\/strong> (INSTRUCTOR,TEAM, PILOT, PILOOT, PILOTE)<\/span><\/li>\n<\/ul>\n<p><span style=\"color: #ffff99;\"><strong>Livraisons :<\/strong><\/span><\/p>\n<p><span style=\"color: #ffff99;\">Vous pouvez b\u00e9n\u00e9ficier d&rsquo;une livraison gratuite au RSYC (cochez\u00a0 livraison sur site de comp\u00e9tition en fin de commande) comme indiqu\u00e9 ci dessous :<\/span><\/p>\n<div class=\"gmail_default\"><span style=\"color: #ffff99;\"><b>le 19 ao\u00fbt\u00a0<\/b>\u00e0\u00a0la\u00a0DEMUYSERE CUP\u00a0pour\u00a0<b>les commandes pass\u00e9es avant le\u00a0 30 juillet <\/b>(suivant stock disponible chez mon fournisseur*)<\/span><\/div>\n<div class=\"gmail_default\"><span style=\"color: #ffff99;\"><b>le\u00a0<\/b><b>02 septembre<\/b>\u00a0\u00e0 la\u00a0POTJESREGATTA\u00a0pour les\u00a0<b>commandes pass\u00e9es avant le 15 aout\u00a0<\/b>(suivant stock disponible chez mon fournisseur*)<\/span><\/div>\n<div class=\"gmail_default\"><span style=\"color: #ffff99;\"><b>le 01 octobre<\/b>\u00a0\u00e0 l&rsquo;\u00a0EURO23 DE PANNE\u00a0pour les\u00a0<b>commandes pass\u00e9es avant le 15 septembre\u00a0<\/b>(suivant stock disponible chez mon fournisseur*)<\/span><\/div>\n<div class=\"gmail_default\"><span style=\"color: #ffff99;\"><b>le 18 novembre\u00a0<\/b>aux<b> 6H de BERCK <\/b>\u00a0pour r\u00e9cup\u00e9rer les reliquats\u00a0\u00e9ventuels<\/span><\/div>\n<div class=\"gmail_default\"><\/div>\n<div class=\"gmail_default\"><span style=\"color: #ffff99;\">* En cas de rupture de stock la livraison est report\u00e9e \u00e0 l&rsquo;\u00e9ch\u00e9ance prochaine.<\/span><\/div>\n<div><\/div>\n<div><span style=\"color: #ffff99;\">Si vous d\u00e9sirez une livraison par colissimo \u00e0 votre adresse, celle ci est payante. En ce cas cochez \u00ab\u00a0livraison par colissimo\u00a0\u00bb en fin de commande.<\/span><\/div>\n<div><\/div>\n<div>Une question : <a href=\"https:\/\/www.beachspirit.fr\/bs\/nous-contacter\/\" target=\"_blank\" rel=\"noopener\">contactez nous<\/a><\/div>\n<p>&nbsp;<\/p>\n<p>&nbsp;<\/p>\n","protected":false},"excerpt":{"rendered":"<h2><span style=\"color: #ff6600;\">T-shirts RSYC<\/span><\/h2>\n<p><span style=\"color: #ffff99;\"><strong>T-shirts personnalis\u00e9s S\u00e9rie sp\u00e9ciale \u00ab\u00a0RSYC\u00a0\u00bb<\/strong><\/span><\/p>\n<p><span style=\"color: #ffff99;\">Descriptif ci dessous<\/span><\/p>\n","protected":false},"featured_media":27970,"comment_status":"open","ping_status":"closed","template":"","meta":[],"product_brand":[],"product_cat":[571,574,560],"product_tag":[],"class_list":{"0":"post-27941","1":"product","2":"type-product","3":"status-publish","4":"has-post-thumbnail","6":"product_cat-articles-beachwear-rsyc","7":"product_cat-articles-selectionnes-rsyc-adherents","8":"product_cat-beach-spirit-exclusive","9":"product_shipping_class-tarif-suivant-poids","11":"first","12":"instock","13":"purchasable","14":"product-type-variable"},"yoast_head":"<!-- This site is optimized with the Yoast SEO plugin v27.4 - https:\/\/yoast.com\/product\/yoast-seo-wordpress\/ -->\n<title>T-shirts RSYC - BEACH SPIRIT<\/title>\n<meta name=\"description\" content=\"T-shirts personnalis\u00e9s S\u00e9rie sp\u00e9ciale &quot;RSYC&quot;\" \/>\n<meta name=\"robots\" content=\"index, follow, max-snippet:-1, max-image-preview:large, max-video-preview:-1\" \/>\n<link rel=\"canonical\" href=\"https:\/\/www.beachspirit.fr\/bs\/produit\/t-shirts-rsyc\/\" \/>\n<meta property=\"og:locale\" content=\"fr_FR\" \/>\n<meta property=\"og:type\" content=\"article\" \/>\n<meta property=\"og:title\" content=\"T-shirts RSYC - BEACH SPIRIT\" \/>\n<meta property=\"og:description\" content=\"T-shirts personnalis\u00e9s S\u00e9rie sp\u00e9ciale &quot;RSYC&quot;\" \/>\n<meta property=\"og:url\" content=\"https:\/\/www.beachspirit.fr\/bs\/produit\/t-shirts-rsyc\/\" \/>\n<meta property=\"og:site_name\" content=\"BEACH SPIRIT\" \/>\n<meta property=\"article:publisher\" content=\"https:\/\/www.facebook.com\/beachspirit.fr\/\" \/>\n<meta property=\"article:modified_time\" content=\"2023-08-03T11:22:15+00:00\" \/>\n<meta property=\"og:image\" content=\"https:\/\/www.beachspirit.fr\/bs\/wp-content\/uploads\/2023\/06\/ss008_navy_ft-face-1.jpg\" \/>\n\t<meta property=\"og:image:width\" content=\"546\" \/>\n\t<meta property=\"og:image:height\" content=\"665\" \/>\n\t<meta property=\"og:image:type\" content=\"image\/jpeg\" \/>\n<meta name=\"twitter:card\" content=\"summary_large_image\" \/>\n<meta name=\"twitter:label1\" content=\"Dur\u00e9e de lecture estim\u00e9e\" \/>\n\t<meta name=\"twitter:data1\" content=\"2 minutes\" \/>\n<script type=\"application\/ld+json\" class=\"yoast-schema-graph\">{\"@context\":\"https:\\\/\\\/schema.org\",\"@graph\":[{\"@type\":\"WebPage\",\"@id\":\"https:\\\/\\\/www.beachspirit.fr\\\/bs\\\/produit\\\/t-shirts-rsyc\\\/\",\"url\":\"https:\\\/\\\/www.beachspirit.fr\\\/bs\\\/produit\\\/t-shirts-rsyc\\\/\",\"name\":\"T-shirts RSYC - BEACH SPIRIT\",\"isPartOf\":{\"@id\":\"https:\\\/\\\/www.beachspirit.fr\\\/bs\\\/#website\"},\"primaryImageOfPage\":{\"@id\":\"https:\\\/\\\/www.beachspirit.fr\\\/bs\\\/produit\\\/t-shirts-rsyc\\\/#primaryimage\"},\"image\":{\"@id\":\"https:\\\/\\\/www.beachspirit.fr\\\/bs\\\/produit\\\/t-shirts-rsyc\\\/#primaryimage\"},\"thumbnailUrl\":\"https:\\\/\\\/www.beachspirit.fr\\\/bs\\\/wp-content\\\/uploads\\\/2023\\\/06\\\/ss008_navy_ft-face-1.jpg\",\"datePublished\":\"2023-06-23T06:26:42+00:00\",\"dateModified\":\"2023-08-03T11:22:15+00:00\",\"description\":\"T-shirts personnalis\u00e9s S\u00e9rie sp\u00e9ciale \\\"RSYC\\\"\",\"breadcrumb\":{\"@id\":\"https:\\\/\\\/www.beachspirit.fr\\\/bs\\\/produit\\\/t-shirts-rsyc\\\/#breadcrumb\"},\"inLanguage\":\"fr-FR\",\"potentialAction\":[{\"@type\":\"ReadAction\",\"target\":[\"https:\\\/\\\/www.beachspirit.fr\\\/bs\\\/produit\\\/t-shirts-rsyc\\\/\"]}]},{\"@type\":\"ImageObject\",\"inLanguage\":\"fr-FR\",\"@id\":\"https:\\\/\\\/www.beachspirit.fr\\\/bs\\\/produit\\\/t-shirts-rsyc\\\/#primaryimage\",\"url\":\"https:\\\/\\\/www.beachspirit.fr\\\/bs\\\/wp-content\\\/uploads\\\/2023\\\/06\\\/ss008_navy_ft-face-1.jpg\",\"contentUrl\":\"https:\\\/\\\/www.beachspirit.fr\\\/bs\\\/wp-content\\\/uploads\\\/2023\\\/06\\\/ss008_navy_ft-face-1.jpg\",\"width\":546,\"height\":665,\"caption\":\"t-shirts rsyc\"},{\"@type\":\"BreadcrumbList\",\"@id\":\"https:\\\/\\\/www.beachspirit.fr\\\/bs\\\/produit\\\/t-shirts-rsyc\\\/#breadcrumb\",\"itemListElement\":[{\"@type\":\"ListItem\",\"position\":1,\"name\":\"Accueil\",\"item\":\"https:\\\/\\\/www.beachspirit.fr\\\/bs\\\/\"},{\"@type\":\"ListItem\",\"position\":2,\"name\":\"Boutique\",\"item\":\"https:\\\/\\\/www.beachspirit.fr\\\/bs\\\/boutique\\\/\"},{\"@type\":\"ListItem\",\"position\":3,\"name\":\"T-shirts RSYC\"}]},{\"@type\":\"WebSite\",\"@id\":\"https:\\\/\\\/www.beachspirit.fr\\\/bs\\\/#website\",\"url\":\"https:\\\/\\\/www.beachspirit.fr\\\/bs\\\/\",\"name\":\"BEACH SPIRIT\",\"description\":\"beach spirit approved\",\"publisher\":{\"@id\":\"https:\\\/\\\/www.beachspirit.fr\\\/bs\\\/#organization\"},\"potentialAction\":[{\"@type\":\"SearchAction\",\"target\":{\"@type\":\"EntryPoint\",\"urlTemplate\":\"https:\\\/\\\/www.beachspirit.fr\\\/bs\\\/?s={search_term_string}\"},\"query-input\":{\"@type\":\"PropertyValueSpecification\",\"valueRequired\":true,\"valueName\":\"search_term_string\"}}],\"inLanguage\":\"fr-FR\"},{\"@type\":\"Organization\",\"@id\":\"https:\\\/\\\/www.beachspirit.fr\\\/bs\\\/#organization\",\"name\":\"BEACH SPIRIT\",\"url\":\"https:\\\/\\\/www.beachspirit.fr\\\/bs\\\/\",\"logo\":{\"@type\":\"ImageObject\",\"inLanguage\":\"fr-FR\",\"@id\":\"https:\\\/\\\/www.beachspirit.fr\\\/bs\\\/#\\\/schema\\\/logo\\\/image\\\/\",\"url\":\"http:\\\/\\\/www.beachspirit.fr\\\/bs\\\/wp-content\\\/uploads\\\/2020\\\/03\\\/logoBS-petit-2.png\",\"contentUrl\":\"http:\\\/\\\/www.beachspirit.fr\\\/bs\\\/wp-content\\\/uploads\\\/2020\\\/03\\\/logoBS-petit-2.png\",\"width\":200,\"height\":117,\"caption\":\"BEACH SPIRIT\"},\"image\":{\"@id\":\"https:\\\/\\\/www.beachspirit.fr\\\/bs\\\/#\\\/schema\\\/logo\\\/image\\\/\"},\"sameAs\":[\"https:\\\/\\\/www.facebook.com\\\/beachspirit.fr\\\/\",\"https:\\\/\\\/www.instagram.com\\\/beachspirit.fr\\\/\"]}]}<\/script>\n<!-- \/ Yoast SEO plugin. -->","yoast_head_json":{"title":"T-shirts RSYC - BEACH SPIRIT","description":"T-shirts personnalis\u00e9s S\u00e9rie sp\u00e9ciale \"RSYC\"","robots":{"index":"index","follow":"follow","max-snippet":"max-snippet:-1","max-image-preview":"max-image-preview:large","max-video-preview":"max-video-preview:-1"},"canonical":"https:\/\/www.beachspirit.fr\/bs\/produit\/t-shirts-rsyc\/","og_locale":"fr_FR","og_type":"article","og_title":"T-shirts RSYC - BEACH SPIRIT","og_description":"T-shirts personnalis\u00e9s S\u00e9rie sp\u00e9ciale \"RSYC\"","og_url":"https:\/\/www.beachspirit.fr\/bs\/produit\/t-shirts-rsyc\/","og_site_name":"BEACH SPIRIT","article_publisher":"https:\/\/www.facebook.com\/beachspirit.fr\/","article_modified_time":"2023-08-03T11:22:15+00:00","og_image":[{"width":546,"height":665,"url":"https:\/\/www.beachspirit.fr\/bs\/wp-content\/uploads\/2023\/06\/ss008_navy_ft-face-1.jpg","type":"image\/jpeg"}],"twitter_card":"summary_large_image","twitter_misc":{"Dur\u00e9e de lecture estim\u00e9e":"2 minutes"},"schema":{"@context":"https:\/\/schema.org","@graph":[{"@type":"WebPage","@id":"https:\/\/www.beachspirit.fr\/bs\/produit\/t-shirts-rsyc\/","url":"https:\/\/www.beachspirit.fr\/bs\/produit\/t-shirts-rsyc\/","name":"T-shirts RSYC - BEACH SPIRIT","isPartOf":{"@id":"https:\/\/www.beachspirit.fr\/bs\/#website"},"primaryImageOfPage":{"@id":"https:\/\/www.beachspirit.fr\/bs\/produit\/t-shirts-rsyc\/#primaryimage"},"image":{"@id":"https:\/\/www.beachspirit.fr\/bs\/produit\/t-shirts-rsyc\/#primaryimage"},"thumbnailUrl":"https:\/\/www.beachspirit.fr\/bs\/wp-content\/uploads\/2023\/06\/ss008_navy_ft-face-1.jpg","datePublished":"2023-06-23T06:26:42+00:00","dateModified":"2023-08-03T11:22:15+00:00","description":"T-shirts personnalis\u00e9s S\u00e9rie sp\u00e9ciale \"RSYC\"","breadcrumb":{"@id":"https:\/\/www.beachspirit.fr\/bs\/produit\/t-shirts-rsyc\/#breadcrumb"},"inLanguage":"fr-FR","potentialAction":[{"@type":"ReadAction","target":["https:\/\/www.beachspirit.fr\/bs\/produit\/t-shirts-rsyc\/"]}]},{"@type":"ImageObject","inLanguage":"fr-FR","@id":"https:\/\/www.beachspirit.fr\/bs\/produit\/t-shirts-rsyc\/#primaryimage","url":"https:\/\/www.beachspirit.fr\/bs\/wp-content\/uploads\/2023\/06\/ss008_navy_ft-face-1.jpg","contentUrl":"https:\/\/www.beachspirit.fr\/bs\/wp-content\/uploads\/2023\/06\/ss008_navy_ft-face-1.jpg","width":546,"height":665,"caption":"t-shirts rsyc"},{"@type":"BreadcrumbList","@id":"https:\/\/www.beachspirit.fr\/bs\/produit\/t-shirts-rsyc\/#breadcrumb","itemListElement":[{"@type":"ListItem","position":1,"name":"Accueil","item":"https:\/\/www.beachspirit.fr\/bs\/"},{"@type":"ListItem","position":2,"name":"Boutique","item":"https:\/\/www.beachspirit.fr\/bs\/boutique\/"},{"@type":"ListItem","position":3,"name":"T-shirts RSYC"}]},{"@type":"WebSite","@id":"https:\/\/www.beachspirit.fr\/bs\/#website","url":"https:\/\/www.beachspirit.fr\/bs\/","name":"BEACH SPIRIT","description":"beach spirit approved","publisher":{"@id":"https:\/\/www.beachspirit.fr\/bs\/#organization"},"potentialAction":[{"@type":"SearchAction","target":{"@type":"EntryPoint","urlTemplate":"https:\/\/www.beachspirit.fr\/bs\/?s={search_term_string}"},"query-input":{"@type":"PropertyValueSpecification","valueRequired":true,"valueName":"search_term_string"}}],"inLanguage":"fr-FR"},{"@type":"Organization","@id":"https:\/\/www.beachspirit.fr\/bs\/#organization","name":"BEACH SPIRIT","url":"https:\/\/www.beachspirit.fr\/bs\/","logo":{"@type":"ImageObject","inLanguage":"fr-FR","@id":"https:\/\/www.beachspirit.fr\/bs\/#\/schema\/logo\/image\/","url":"http:\/\/www.beachspirit.fr\/bs\/wp-content\/uploads\/2020\/03\/logoBS-petit-2.png","contentUrl":"http:\/\/www.beachspirit.fr\/bs\/wp-content\/uploads\/2020\/03\/logoBS-petit-2.png","width":200,"height":117,"caption":"BEACH SPIRIT"},"image":{"@id":"https:\/\/www.beachspirit.fr\/bs\/#\/schema\/logo\/image\/"},"sameAs":["https:\/\/www.facebook.com\/beachspirit.fr\/","https:\/\/www.instagram.com\/beachspirit.fr\/"]}]}},"_links":{"self":[{"href":"https:\/\/www.beachspirit.fr\/bs\/wp-json\/wp\/v2\/product\/27941","targetHints":{"allow":["GET"]}}],"collection":[{"href":"https:\/\/www.beachspirit.fr\/bs\/wp-json\/wp\/v2\/product"}],"about":[{"href":"https:\/\/www.beachspirit.fr\/bs\/wp-json\/wp\/v2\/types\/product"}],"replies":[{"embeddable":true,"href":"https:\/\/www.beachspirit.fr\/bs\/wp-json\/wp\/v2\/comments?post=27941"}],"wp:featuredmedia":[{"embeddable":true,"href":"https:\/\/www.beachspirit.fr\/bs\/wp-json\/wp\/v2\/media\/27970"}],"wp:attachment":[{"href":"https:\/\/www.beachspirit.fr\/bs\/wp-json\/wp\/v2\/media?parent=27941"}],"wp:term":[{"taxonomy":"product_brand","embeddable":true,"href":"https:\/\/www.beachspirit.fr\/bs\/wp-json\/wp\/v2\/product_brand?post=27941"},{"taxonomy":"product_cat","embeddable":true,"href":"https:\/\/www.beachspirit.fr\/bs\/wp-json\/wp\/v2\/product_cat?post=27941"},{"taxonomy":"product_tag","embeddable":true,"href":"https:\/\/www.beachspirit.fr\/bs\/wp-json\/wp\/v2\/product_tag?post=27941"}],"curies":[{"name":"wp","href":"https:\/\/api.w.org\/{rel}","templated":true}]}}