{"id":27972,"date":"2023-06-26T12:28:50","date_gmt":"2023-06-26T11:28:50","guid":{"rendered":"https:\/\/www.beachspirit.fr\/bs\/?post_type=product&#038;p=27972"},"modified":"2023-12-14T17:22:38","modified_gmt":"2023-12-14T16:22:38","slug":"manometre-reglage-de-la-pression-des-pneus-char","status":"publish","type":"product","link":"https:\/\/www.beachspirit.fr\/bs\/produit\/manometre-reglage-de-la-pression-des-pneus-char\/","title":{"rendered":"manom\u00e8tre r\u00e9glage de la pression des pneus"},"content":{"rendered":"<h3><span style=\"color: #ff6600;\">manom\u00e8tre r\u00e9glage de la pression des pneus<\/span><\/h3>\n<p><span style=\"color: #ffff99;\">En char \u00e0 voile, comme en v\u00e9lo, moto voiture&#8230;,\u00a0 la pression des pneus c&rsquo;est primordial.<\/span><\/p>\n<p><span style=\"color: #ffff99;\">Ce <a style=\"color: #ffff99;\" href=\"https:\/\/fr.wikipedia.org\/wiki\/Manom%C3%A8tre\" target=\"_blank\" rel=\"noopener\">manom\u00e8tre<\/a> \u00e0 aiguille est un des outils indispensable \u00e0 avoir toujours avec soi.<\/span><\/p>\n<p><span style=\"color: #ffff99;\">A aiguille, sans \u00e9lectronique, ni pile, c&rsquo;est la rusticit\u00e9 qu&rsquo;il faut pour les milieux agressifs tels que la plage.<\/span><\/p>\n<p><span style=\"color: #ffff99;\">Il est vendu avec une coque de protection id\u00e9ale pour le garder dans une poche, dans un sac, une boite \u00e0 gants&#8230;\u00a0<\/span><\/p>\n<p>&nbsp;<\/p>\n<p><span style=\"color: #ffff99;\">Une question ? <a style=\"color: #ffff99;\" href=\"https:\/\/www.beachspirit.fr\/bs\/nous-contacter\/\" target=\"_blank\" rel=\"noopener\">Contactez nous<\/a><\/span><\/p>\n","protected":false},"excerpt":{"rendered":"<h2><span style=\"color: #ff6600;\">manom\u00e8tre r\u00e9glage de la pression des pneus<\/span><\/h2>\n<p>Descriptif ci-dessous<\/p>\n","protected":false},"featured_media":27977,"comment_status":"open","ping_status":"closed","template":"","meta":[],"product_brand":[],"product_cat":[545,546,547,549,548,361,578,341,562,22],"product_tag":[],"class_list":{"0":"post-27972","1":"product","2":"type-product","3":"status-publish","4":"has-post-thumbnail","6":"product_cat-blokart","7":"product_cat-char-a-voile-classes-2-et-3","8":"product_cat-chars-a-voile-classes-5-promo-standart-mini-loisir","9":"product_cat-articles-techniques-pour-kite-buggy","10":"product_cat-articles-techniques-speed-sail","11":"product_cat-articles-techniques-voile-char-a-voile","12":"product_cat-idees-cadeaux-noel","13":"product_cat-non-classe","14":"product_cat-roues-pneus-chambres-a-air","15":"product_cat-roulements-roues-pneus-char-a-voile","16":"product_shipping_class-tarif-suivant-poids","18":"first","19":"instock","20":"purchasable","21":"product-type-simple"},"yoast_head":"<!-- This site is optimized with the Yoast SEO plugin v27.5 - https:\/\/yoast.com\/product\/yoast-seo-wordpress\/ -->\n<title>manom\u00e8tre r\u00e9glage de la pression des pneus - BEACH SPIRIT<\/title>\n<meta name=\"description\" content=\"En char \u00e0 voile, comme en v\u00e9lo, moto voiture...,\u00a0 la pression des pneus c&#039;est primordial.Ce manom\u00e8tre \u00e0 aiguille est un des outils indispensable \u00e0 avoir toujours avec soi.\" \/>\n<meta name=\"robots\" content=\"index, follow, max-snippet:-1, max-image-preview:large, max-video-preview:-1\" \/>\n<link rel=\"canonical\" href=\"https:\/\/www.beachspirit.fr\/bs\/produit\/manometre-reglage-de-la-pression-des-pneus-char\/\" \/>\n<meta property=\"og:locale\" content=\"fr_FR\" \/>\n<meta property=\"og:type\" content=\"article\" \/>\n<meta property=\"og:title\" content=\"manom\u00e8tre r\u00e9glage de la pression des pneus - BEACH SPIRIT\" \/>\n<meta property=\"og:description\" content=\"En char \u00e0 voile, comme en v\u00e9lo, moto voiture...,\u00a0 la pression des pneus c&#039;est primordial.Ce manom\u00e8tre \u00e0 aiguille est un des outils indispensable \u00e0 avoir toujours avec soi.\" \/>\n<meta property=\"og:url\" content=\"https:\/\/www.beachspirit.fr\/bs\/produit\/manometre-reglage-de-la-pression-des-pneus-char\/\" \/>\n<meta property=\"og:site_name\" content=\"BEACH SPIRIT\" \/>\n<meta property=\"article:publisher\" content=\"https:\/\/www.facebook.com\/beachspirit.fr\/\" \/>\n<meta property=\"article:modified_time\" content=\"2023-12-14T16:22:38+00:00\" \/>\n<meta property=\"og:image\" content=\"https:\/\/www.beachspirit.fr\/bs\/wp-content\/uploads\/2023\/06\/356406841_1602028486870746_2541351485576450484_n.jpg\" \/>\n\t<meta property=\"og:image:width\" content=\"1533\" \/>\n\t<meta property=\"og:image:height\" content=\"1812\" \/>\n\t<meta property=\"og:image:type\" content=\"image\/jpeg\" \/>\n<meta name=\"twitter:card\" content=\"summary_large_image\" \/>\n<meta name=\"twitter:label1\" content=\"Dur\u00e9e de lecture estim\u00e9e\" \/>\n\t<meta name=\"twitter:data1\" content=\"1 minute\" \/>\n<script type=\"application\/ld+json\" class=\"yoast-schema-graph\">{\"@context\":\"https:\\\/\\\/schema.org\",\"@graph\":[{\"@type\":\"WebPage\",\"@id\":\"https:\\\/\\\/www.beachspirit.fr\\\/bs\\\/produit\\\/manometre-reglage-de-la-pression-des-pneus-char\\\/\",\"url\":\"https:\\\/\\\/www.beachspirit.fr\\\/bs\\\/produit\\\/manometre-reglage-de-la-pression-des-pneus-char\\\/\",\"name\":\"manom\u00e8tre r\u00e9glage de la pression des pneus - BEACH SPIRIT\",\"isPartOf\":{\"@id\":\"https:\\\/\\\/www.beachspirit.fr\\\/bs\\\/#website\"},\"primaryImageOfPage\":{\"@id\":\"https:\\\/\\\/www.beachspirit.fr\\\/bs\\\/produit\\\/manometre-reglage-de-la-pression-des-pneus-char\\\/#primaryimage\"},\"image\":{\"@id\":\"https:\\\/\\\/www.beachspirit.fr\\\/bs\\\/produit\\\/manometre-reglage-de-la-pression-des-pneus-char\\\/#primaryimage\"},\"thumbnailUrl\":\"https:\\\/\\\/www.beachspirit.fr\\\/bs\\\/wp-content\\\/uploads\\\/2023\\\/06\\\/356406841_1602028486870746_2541351485576450484_n.jpg\",\"datePublished\":\"2023-06-26T11:28:50+00:00\",\"dateModified\":\"2023-12-14T16:22:38+00:00\",\"description\":\"En char \u00e0 voile, comme en v\u00e9lo, moto voiture...,\u00a0 la pression des pneus c'est primordial.Ce manom\u00e8tre \u00e0 aiguille est un des outils indispensable \u00e0 avoir toujours avec soi.\",\"breadcrumb\":{\"@id\":\"https:\\\/\\\/www.beachspirit.fr\\\/bs\\\/produit\\\/manometre-reglage-de-la-pression-des-pneus-char\\\/#breadcrumb\"},\"inLanguage\":\"fr-FR\",\"potentialAction\":[{\"@type\":\"ReadAction\",\"target\":[\"https:\\\/\\\/www.beachspirit.fr\\\/bs\\\/produit\\\/manometre-reglage-de-la-pression-des-pneus-char\\\/\"]}]},{\"@type\":\"ImageObject\",\"inLanguage\":\"fr-FR\",\"@id\":\"https:\\\/\\\/www.beachspirit.fr\\\/bs\\\/produit\\\/manometre-reglage-de-la-pression-des-pneus-char\\\/#primaryimage\",\"url\":\"https:\\\/\\\/www.beachspirit.fr\\\/bs\\\/wp-content\\\/uploads\\\/2023\\\/06\\\/356406841_1602028486870746_2541351485576450484_n.jpg\",\"contentUrl\":\"https:\\\/\\\/www.beachspirit.fr\\\/bs\\\/wp-content\\\/uploads\\\/2023\\\/06\\\/356406841_1602028486870746_2541351485576450484_n.jpg\",\"width\":1533,\"height\":1812,\"caption\":\"manometre pression pneu char\"},{\"@type\":\"BreadcrumbList\",\"@id\":\"https:\\\/\\\/www.beachspirit.fr\\\/bs\\\/produit\\\/manometre-reglage-de-la-pression-des-pneus-char\\\/#breadcrumb\",\"itemListElement\":[{\"@type\":\"ListItem\",\"position\":1,\"name\":\"Accueil\",\"item\":\"https:\\\/\\\/www.beachspirit.fr\\\/bs\\\/\"},{\"@type\":\"ListItem\",\"position\":2,\"name\":\"Boutique\",\"item\":\"https:\\\/\\\/www.beachspirit.fr\\\/bs\\\/boutique\\\/\"},{\"@type\":\"ListItem\",\"position\":3,\"name\":\"manom\u00e8tre r\u00e9glage de la pression des pneus\"}]},{\"@type\":\"WebSite\",\"@id\":\"https:\\\/\\\/www.beachspirit.fr\\\/bs\\\/#website\",\"url\":\"https:\\\/\\\/www.beachspirit.fr\\\/bs\\\/\",\"name\":\"BEACH SPIRIT\",\"description\":\"beach spirit approved\",\"publisher\":{\"@id\":\"https:\\\/\\\/www.beachspirit.fr\\\/bs\\\/#organization\"},\"potentialAction\":[{\"@type\":\"SearchAction\",\"target\":{\"@type\":\"EntryPoint\",\"urlTemplate\":\"https:\\\/\\\/www.beachspirit.fr\\\/bs\\\/?s={search_term_string}\"},\"query-input\":{\"@type\":\"PropertyValueSpecification\",\"valueRequired\":true,\"valueName\":\"search_term_string\"}}],\"inLanguage\":\"fr-FR\"},{\"@type\":\"Organization\",\"@id\":\"https:\\\/\\\/www.beachspirit.fr\\\/bs\\\/#organization\",\"name\":\"BEACH SPIRIT\",\"url\":\"https:\\\/\\\/www.beachspirit.fr\\\/bs\\\/\",\"logo\":{\"@type\":\"ImageObject\",\"inLanguage\":\"fr-FR\",\"@id\":\"https:\\\/\\\/www.beachspirit.fr\\\/bs\\\/#\\\/schema\\\/logo\\\/image\\\/\",\"url\":\"http:\\\/\\\/www.beachspirit.fr\\\/bs\\\/wp-content\\\/uploads\\\/2020\\\/03\\\/logoBS-petit-2.png\",\"contentUrl\":\"http:\\\/\\\/www.beachspirit.fr\\\/bs\\\/wp-content\\\/uploads\\\/2020\\\/03\\\/logoBS-petit-2.png\",\"width\":200,\"height\":117,\"caption\":\"BEACH SPIRIT\"},\"image\":{\"@id\":\"https:\\\/\\\/www.beachspirit.fr\\\/bs\\\/#\\\/schema\\\/logo\\\/image\\\/\"},\"sameAs\":[\"https:\\\/\\\/www.facebook.com\\\/beachspirit.fr\\\/\",\"https:\\\/\\\/www.instagram.com\\\/beachspirit.fr\\\/\"]}]}<\/script>\n<!-- \/ Yoast SEO plugin. -->","yoast_head_json":{"title":"manom\u00e8tre r\u00e9glage de la pression des pneus - BEACH SPIRIT","description":"En char \u00e0 voile, comme en v\u00e9lo, moto voiture...,\u00a0 la pression des pneus c'est primordial.Ce manom\u00e8tre \u00e0 aiguille est un des outils indispensable \u00e0 avoir toujours avec soi.","robots":{"index":"index","follow":"follow","max-snippet":"max-snippet:-1","max-image-preview":"max-image-preview:large","max-video-preview":"max-video-preview:-1"},"canonical":"https:\/\/www.beachspirit.fr\/bs\/produit\/manometre-reglage-de-la-pression-des-pneus-char\/","og_locale":"fr_FR","og_type":"article","og_title":"manom\u00e8tre r\u00e9glage de la pression des pneus - BEACH SPIRIT","og_description":"En char \u00e0 voile, comme en v\u00e9lo, moto voiture...,\u00a0 la pression des pneus c'est primordial.Ce manom\u00e8tre \u00e0 aiguille est un des outils indispensable \u00e0 avoir toujours avec soi.","og_url":"https:\/\/www.beachspirit.fr\/bs\/produit\/manometre-reglage-de-la-pression-des-pneus-char\/","og_site_name":"BEACH SPIRIT","article_publisher":"https:\/\/www.facebook.com\/beachspirit.fr\/","article_modified_time":"2023-12-14T16:22:38+00:00","og_image":[{"width":1533,"height":1812,"url":"https:\/\/www.beachspirit.fr\/bs\/wp-content\/uploads\/2023\/06\/356406841_1602028486870746_2541351485576450484_n.jpg","type":"image\/jpeg"}],"twitter_card":"summary_large_image","twitter_misc":{"Dur\u00e9e de lecture estim\u00e9e":"1 minute"},"schema":{"@context":"https:\/\/schema.org","@graph":[{"@type":"WebPage","@id":"https:\/\/www.beachspirit.fr\/bs\/produit\/manometre-reglage-de-la-pression-des-pneus-char\/","url":"https:\/\/www.beachspirit.fr\/bs\/produit\/manometre-reglage-de-la-pression-des-pneus-char\/","name":"manom\u00e8tre r\u00e9glage de la pression des pneus - BEACH SPIRIT","isPartOf":{"@id":"https:\/\/www.beachspirit.fr\/bs\/#website"},"primaryImageOfPage":{"@id":"https:\/\/www.beachspirit.fr\/bs\/produit\/manometre-reglage-de-la-pression-des-pneus-char\/#primaryimage"},"image":{"@id":"https:\/\/www.beachspirit.fr\/bs\/produit\/manometre-reglage-de-la-pression-des-pneus-char\/#primaryimage"},"thumbnailUrl":"https:\/\/www.beachspirit.fr\/bs\/wp-content\/uploads\/2023\/06\/356406841_1602028486870746_2541351485576450484_n.jpg","datePublished":"2023-06-26T11:28:50+00:00","dateModified":"2023-12-14T16:22:38+00:00","description":"En char \u00e0 voile, comme en v\u00e9lo, moto voiture...,\u00a0 la pression des pneus c'est primordial.Ce manom\u00e8tre \u00e0 aiguille est un des outils indispensable \u00e0 avoir toujours avec soi.","breadcrumb":{"@id":"https:\/\/www.beachspirit.fr\/bs\/produit\/manometre-reglage-de-la-pression-des-pneus-char\/#breadcrumb"},"inLanguage":"fr-FR","potentialAction":[{"@type":"ReadAction","target":["https:\/\/www.beachspirit.fr\/bs\/produit\/manometre-reglage-de-la-pression-des-pneus-char\/"]}]},{"@type":"ImageObject","inLanguage":"fr-FR","@id":"https:\/\/www.beachspirit.fr\/bs\/produit\/manometre-reglage-de-la-pression-des-pneus-char\/#primaryimage","url":"https:\/\/www.beachspirit.fr\/bs\/wp-content\/uploads\/2023\/06\/356406841_1602028486870746_2541351485576450484_n.jpg","contentUrl":"https:\/\/www.beachspirit.fr\/bs\/wp-content\/uploads\/2023\/06\/356406841_1602028486870746_2541351485576450484_n.jpg","width":1533,"height":1812,"caption":"manometre pression pneu char"},{"@type":"BreadcrumbList","@id":"https:\/\/www.beachspirit.fr\/bs\/produit\/manometre-reglage-de-la-pression-des-pneus-char\/#breadcrumb","itemListElement":[{"@type":"ListItem","position":1,"name":"Accueil","item":"https:\/\/www.beachspirit.fr\/bs\/"},{"@type":"ListItem","position":2,"name":"Boutique","item":"https:\/\/www.beachspirit.fr\/bs\/boutique\/"},{"@type":"ListItem","position":3,"name":"manom\u00e8tre r\u00e9glage de la pression des pneus"}]},{"@type":"WebSite","@id":"https:\/\/www.beachspirit.fr\/bs\/#website","url":"https:\/\/www.beachspirit.fr\/bs\/","name":"BEACH SPIRIT","description":"beach spirit approved","publisher":{"@id":"https:\/\/www.beachspirit.fr\/bs\/#organization"},"potentialAction":[{"@type":"SearchAction","target":{"@type":"EntryPoint","urlTemplate":"https:\/\/www.beachspirit.fr\/bs\/?s={search_term_string}"},"query-input":{"@type":"PropertyValueSpecification","valueRequired":true,"valueName":"search_term_string"}}],"inLanguage":"fr-FR"},{"@type":"Organization","@id":"https:\/\/www.beachspirit.fr\/bs\/#organization","name":"BEACH SPIRIT","url":"https:\/\/www.beachspirit.fr\/bs\/","logo":{"@type":"ImageObject","inLanguage":"fr-FR","@id":"https:\/\/www.beachspirit.fr\/bs\/#\/schema\/logo\/image\/","url":"http:\/\/www.beachspirit.fr\/bs\/wp-content\/uploads\/2020\/03\/logoBS-petit-2.png","contentUrl":"http:\/\/www.beachspirit.fr\/bs\/wp-content\/uploads\/2020\/03\/logoBS-petit-2.png","width":200,"height":117,"caption":"BEACH SPIRIT"},"image":{"@id":"https:\/\/www.beachspirit.fr\/bs\/#\/schema\/logo\/image\/"},"sameAs":["https:\/\/www.facebook.com\/beachspirit.fr\/","https:\/\/www.instagram.com\/beachspirit.fr\/"]}]}},"_links":{"self":[{"href":"https:\/\/www.beachspirit.fr\/bs\/wp-json\/wp\/v2\/product\/27972","targetHints":{"allow":["GET"]}}],"collection":[{"href":"https:\/\/www.beachspirit.fr\/bs\/wp-json\/wp\/v2\/product"}],"about":[{"href":"https:\/\/www.beachspirit.fr\/bs\/wp-json\/wp\/v2\/types\/product"}],"replies":[{"embeddable":true,"href":"https:\/\/www.beachspirit.fr\/bs\/wp-json\/wp\/v2\/comments?post=27972"}],"wp:featuredmedia":[{"embeddable":true,"href":"https:\/\/www.beachspirit.fr\/bs\/wp-json\/wp\/v2\/media\/27977"}],"wp:attachment":[{"href":"https:\/\/www.beachspirit.fr\/bs\/wp-json\/wp\/v2\/media?parent=27972"}],"wp:term":[{"taxonomy":"product_brand","embeddable":true,"href":"https:\/\/www.beachspirit.fr\/bs\/wp-json\/wp\/v2\/product_brand?post=27972"},{"taxonomy":"product_cat","embeddable":true,"href":"https:\/\/www.beachspirit.fr\/bs\/wp-json\/wp\/v2\/product_cat?post=27972"},{"taxonomy":"product_tag","embeddable":true,"href":"https:\/\/www.beachspirit.fr\/bs\/wp-json\/wp\/v2\/product_tag?post=27972"}],"curies":[{"name":"wp","href":"https:\/\/api.w.org\/{rel}","templated":true}]}}