{"id":28036,"date":"2023-08-03T12:57:36","date_gmt":"2023-08-03T11:57:36","guid":{"rendered":"https:\/\/www.beachspirit.fr\/bs\/?post_type=product&#038;p=28036"},"modified":"2025-10-31T12:58:14","modified_gmt":"2025-10-31T11:58:14","slug":"hoodies-club-nautique-de-merlimont-2023","status":"publish","type":"product","link":"https:\/\/www.beachspirit.fr\/bs\/produit\/hoodies-club-nautique-de-merlimont-2023\/","title":{"rendered":"Hoodies \u00ab\u00a0Club Nautique de Merlimont\u00a0\u00bb"},"content":{"rendered":"<h3><span style=\"color: #ff6600;\">Hoodies \u00ab\u00a0Club Nautique de Merlimont\u00a0\u00bb<\/span><\/h3>\n<h4><span style=\"color: #000000;\"><strong>Hoodies (sweat \u00e0 capuche) S\u00e9rie sp\u00e9ciale <\/strong><a style=\"color: #000000;\" href=\"http:\/\/club-nautique-merlimont.fr\/\" target=\"_blank\" rel=\"noopener\">\u00ab\u00a0Club Nautique de Merlimont\u00a0\u00bb<\/a><\/span><\/h4>\n<ul>\n<li><span style=\"color: #000000;\"><strong>Marque<\/strong> AWDIS JH001<\/span><\/li>\n<li><span style=\"color: #000000;\"><strong>Mati\u00e8re<\/strong> 80% Coton ringspun, 20% Polyester.<\/span><\/li>\n<li><span style=\"color: #000000;\"><strong>Grammage<\/strong> 280 g\/m\u00b2<\/span><\/li>\n<li><span style=\"color: #000000;\"><strong>Taille<\/strong> <b>XS<\/b>\u00a040\u00a0<b>S<\/b>\u00a042\u00a0<b>M<\/b>\u00a044\u00a0<b>L<\/b>\u00a046\u00a0<b>XL<\/b>\u00a048\u00a0<b>2XL<\/b>\u00a050\u00a0<b>3X<\/b><\/span><\/li>\n<li><span style=\"color: #000000;\">Navy, fushia, noir<\/span><\/li>\n<\/ul>\n<p><span style=\"color: #000000;\">D\u00e9tails \u00e0 surpiq\u00fbres doubles. Capuche \u00e0 double \u00e9paisseur de tissu cordons de la m\u00eame couleur. Poche frontale kangourou. Bords de manche et bord inf\u00e9rieur c\u00f4tel\u00e9s. Production certifi\u00e9e WRAP (Worldwide Responsible Accredited Production). Tissu en coton doux. Certifi\u00e9 WRAP. Certifi\u00e9 SEDEX. Certifi\u00e9 Vegan.<\/span><\/p>\n<div><span style=\"color: #000000;\"><strong>Instructions de Lavage\u00a0 :<\/strong> Lavage en machine \u00e0 30\u00b0, v\u00e8tement retourn\u00e9 pour pr\u00e9server le marquage. Ne pas blanchir. S\u00e9chage en machine \u00e0 basse temp\u00e9rature. Repassage \u00e0 faible temp\u00e9rature. Ne pas nettoyer \u00e0 sec<\/span><\/div>\n<div><\/div>\n<div>\n<p><span style=\"color: #000000;\"><strong>Marquage<\/strong><\/span><\/p>\n<p><span style=\"color: #000000;\"><strong>Poitrine<\/strong> :<\/span><\/p>\n<ul>\n<li><span style=\"color: #000000;\">l<strong>ogo <\/strong>\u00a0\u00ab\u00a0club nautique Merlimont\u00a0\u00bb sur le c\u0153ur<\/span><\/li>\n<\/ul>\n<p><span style=\"color: #000000;\"><strong>Livraisons :<\/strong><\/span><\/p>\n<p><span style=\"color: #000000;\">Vous pouvez b\u00e9n\u00e9ficier d&rsquo;une livraison gratuite au CLUB (cochez\u00a0 livraison sur site de comp\u00e9tition en fin de commande) comme indiqu\u00e9 ci dessous :<\/span><\/p>\n<div><span style=\"color: #000000;\">Si vous d\u00e9sirez une livraison par colissimo \u00e0 votre adresse, celle ci est payante. En ce cas cochez \u00ab\u00a0livraison par colissimo\u00a0\u00bb en fin de commande.<\/span><\/div>\n<\/div>\n<div><\/div>\n<div>Les commandes prises avant le 7 du mois sont livr\u00e9es la 3eme semaine du mois<\/div>\n<div>les commandes prises avant le 16 du mois sont livr\u00e9es la derni\u00e8re semaine du mois<\/div>\n<div><\/div>\n<div><\/div>\n<div><span style=\"color: #000000;\">Une question ? <a style=\"color: #000000;\" href=\"https:\/\/www.beachspirit.fr\/bs\/nous-contacter\/\" target=\"_blank\" rel=\"noopener\">contactez nous<\/a><\/span><\/div>\n<p>&nbsp;<\/p>\n<p>&nbsp;<\/p>\n","protected":false},"excerpt":{"rendered":"<h2><span style=\"color: #ff6600;\">Hoodies <\/span><span style=\"color: #ff6600;\">\u00ab\u00a0Club Nautique de Merlimont\u00a0\u00bb<\/span><\/h2>\n<p><span style=\"color: #000000;\">Descriptif ci dessous<\/span><\/p>\n","protected":false},"featured_media":28044,"comment_status":"open","ping_status":"closed","template":"","meta":[],"product_brand":[],"product_cat":[575],"product_tag":[],"class_list":{"0":"post-28036","1":"product","2":"type-product","3":"status-publish","4":"has-post-thumbnail","6":"product_cat-articles-club-nautique-merlimont","7":"product_shipping_class-tarif-suivant-poids","9":"first","10":"instock","11":"purchasable","12":"product-type-variable"},"yoast_head":"<!-- This site is optimized with the Yoast SEO plugin v27.5 - https:\/\/yoast.com\/product\/yoast-seo-wordpress\/ -->\n<title>Hoodies &quot;Club Nautique de Merlimont&quot; - BEACH SPIRIT<\/title>\n<meta name=\"description\" content=\"Hoodies (sweat \u00e0 capuche) personnalis\u00e9s S\u00e9rie sp\u00e9ciale &quot;RSYC&quot;\" \/>\n<meta name=\"robots\" content=\"index, follow, max-snippet:-1, max-image-preview:large, max-video-preview:-1\" \/>\n<link rel=\"canonical\" href=\"https:\/\/www.beachspirit.fr\/bs\/produit\/hoodies-club-nautique-de-merlimont-2023\/\" \/>\n<meta property=\"og:locale\" content=\"fr_FR\" \/>\n<meta property=\"og:type\" content=\"article\" \/>\n<meta property=\"og:title\" content=\"Hoodies &quot;Club Nautique de Merlimont&quot; - BEACH SPIRIT\" \/>\n<meta property=\"og:description\" content=\"Hoodies (sweat \u00e0 capuche) personnalis\u00e9s S\u00e9rie sp\u00e9ciale &quot;RSYC&quot;\" \/>\n<meta property=\"og:url\" content=\"https:\/\/www.beachspirit.fr\/bs\/produit\/hoodies-club-nautique-de-merlimont-2023\/\" \/>\n<meta property=\"og:site_name\" content=\"BEACH SPIRIT\" \/>\n<meta property=\"article:publisher\" content=\"https:\/\/www.facebook.com\/beachspirit.fr\/\" \/>\n<meta property=\"article:modified_time\" content=\"2025-10-31T11:58:14+00:00\" \/>\n<meta property=\"og:image\" content=\"https:\/\/www.beachspirit.fr\/bs\/wp-content\/uploads\/2023\/08\/hoodie-logo.jpg\" \/>\n\t<meta property=\"og:image:width\" content=\"546\" \/>\n\t<meta property=\"og:image:height\" content=\"665\" \/>\n\t<meta property=\"og:image:type\" content=\"image\/jpeg\" \/>\n<meta name=\"twitter:card\" content=\"summary_large_image\" \/>\n<meta name=\"twitter:label1\" content=\"Dur\u00e9e de lecture estim\u00e9e\" \/>\n\t<meta name=\"twitter:data1\" content=\"2 minutes\" \/>\n<script type=\"application\/ld+json\" class=\"yoast-schema-graph\">{\"@context\":\"https:\\\/\\\/schema.org\",\"@graph\":[{\"@type\":\"WebPage\",\"@id\":\"https:\\\/\\\/www.beachspirit.fr\\\/bs\\\/produit\\\/hoodies-club-nautique-de-merlimont-2023\\\/\",\"url\":\"https:\\\/\\\/www.beachspirit.fr\\\/bs\\\/produit\\\/hoodies-club-nautique-de-merlimont-2023\\\/\",\"name\":\"Hoodies \\\"Club Nautique de Merlimont\\\" - BEACH SPIRIT\",\"isPartOf\":{\"@id\":\"https:\\\/\\\/www.beachspirit.fr\\\/bs\\\/#website\"},\"primaryImageOfPage\":{\"@id\":\"https:\\\/\\\/www.beachspirit.fr\\\/bs\\\/produit\\\/hoodies-club-nautique-de-merlimont-2023\\\/#primaryimage\"},\"image\":{\"@id\":\"https:\\\/\\\/www.beachspirit.fr\\\/bs\\\/produit\\\/hoodies-club-nautique-de-merlimont-2023\\\/#primaryimage\"},\"thumbnailUrl\":\"https:\\\/\\\/www.beachspirit.fr\\\/bs\\\/wp-content\\\/uploads\\\/2023\\\/08\\\/hoodie-logo.jpg\",\"datePublished\":\"2023-08-03T11:57:36+00:00\",\"dateModified\":\"2025-10-31T11:58:14+00:00\",\"description\":\"Hoodies (sweat \u00e0 capuche) personnalis\u00e9s S\u00e9rie sp\u00e9ciale \\\"RSYC\\\"\",\"breadcrumb\":{\"@id\":\"https:\\\/\\\/www.beachspirit.fr\\\/bs\\\/produit\\\/hoodies-club-nautique-de-merlimont-2023\\\/#breadcrumb\"},\"inLanguage\":\"fr-FR\",\"potentialAction\":[{\"@type\":\"ReadAction\",\"target\":[\"https:\\\/\\\/www.beachspirit.fr\\\/bs\\\/produit\\\/hoodies-club-nautique-de-merlimont-2023\\\/\"]}]},{\"@type\":\"ImageObject\",\"inLanguage\":\"fr-FR\",\"@id\":\"https:\\\/\\\/www.beachspirit.fr\\\/bs\\\/produit\\\/hoodies-club-nautique-de-merlimont-2023\\\/#primaryimage\",\"url\":\"https:\\\/\\\/www.beachspirit.fr\\\/bs\\\/wp-content\\\/uploads\\\/2023\\\/08\\\/hoodie-logo.jpg\",\"contentUrl\":\"https:\\\/\\\/www.beachspirit.fr\\\/bs\\\/wp-content\\\/uploads\\\/2023\\\/08\\\/hoodie-logo.jpg\",\"width\":546,\"height\":665,\"caption\":\"Hoodie club nautique merlimont\"},{\"@type\":\"BreadcrumbList\",\"@id\":\"https:\\\/\\\/www.beachspirit.fr\\\/bs\\\/produit\\\/hoodies-club-nautique-de-merlimont-2023\\\/#breadcrumb\",\"itemListElement\":[{\"@type\":\"ListItem\",\"position\":1,\"name\":\"Accueil\",\"item\":\"https:\\\/\\\/www.beachspirit.fr\\\/bs\\\/\"},{\"@type\":\"ListItem\",\"position\":2,\"name\":\"Boutique\",\"item\":\"https:\\\/\\\/www.beachspirit.fr\\\/bs\\\/boutique\\\/\"},{\"@type\":\"ListItem\",\"position\":3,\"name\":\"Hoodies \u00ab\u00a0Club Nautique de Merlimont\u00a0\u00bb\"}]},{\"@type\":\"WebSite\",\"@id\":\"https:\\\/\\\/www.beachspirit.fr\\\/bs\\\/#website\",\"url\":\"https:\\\/\\\/www.beachspirit.fr\\\/bs\\\/\",\"name\":\"BEACH SPIRIT\",\"description\":\"beach spirit approved\",\"publisher\":{\"@id\":\"https:\\\/\\\/www.beachspirit.fr\\\/bs\\\/#organization\"},\"potentialAction\":[{\"@type\":\"SearchAction\",\"target\":{\"@type\":\"EntryPoint\",\"urlTemplate\":\"https:\\\/\\\/www.beachspirit.fr\\\/bs\\\/?s={search_term_string}\"},\"query-input\":{\"@type\":\"PropertyValueSpecification\",\"valueRequired\":true,\"valueName\":\"search_term_string\"}}],\"inLanguage\":\"fr-FR\"},{\"@type\":\"Organization\",\"@id\":\"https:\\\/\\\/www.beachspirit.fr\\\/bs\\\/#organization\",\"name\":\"BEACH SPIRIT\",\"url\":\"https:\\\/\\\/www.beachspirit.fr\\\/bs\\\/\",\"logo\":{\"@type\":\"ImageObject\",\"inLanguage\":\"fr-FR\",\"@id\":\"https:\\\/\\\/www.beachspirit.fr\\\/bs\\\/#\\\/schema\\\/logo\\\/image\\\/\",\"url\":\"http:\\\/\\\/www.beachspirit.fr\\\/bs\\\/wp-content\\\/uploads\\\/2020\\\/03\\\/logoBS-petit-2.png\",\"contentUrl\":\"http:\\\/\\\/www.beachspirit.fr\\\/bs\\\/wp-content\\\/uploads\\\/2020\\\/03\\\/logoBS-petit-2.png\",\"width\":200,\"height\":117,\"caption\":\"BEACH SPIRIT\"},\"image\":{\"@id\":\"https:\\\/\\\/www.beachspirit.fr\\\/bs\\\/#\\\/schema\\\/logo\\\/image\\\/\"},\"sameAs\":[\"https:\\\/\\\/www.facebook.com\\\/beachspirit.fr\\\/\",\"https:\\\/\\\/www.instagram.com\\\/beachspirit.fr\\\/\"]}]}<\/script>\n<!-- \/ Yoast SEO plugin. -->","yoast_head_json":{"title":"Hoodies \"Club Nautique de Merlimont\" - BEACH SPIRIT","description":"Hoodies (sweat \u00e0 capuche) personnalis\u00e9s S\u00e9rie sp\u00e9ciale \"RSYC\"","robots":{"index":"index","follow":"follow","max-snippet":"max-snippet:-1","max-image-preview":"max-image-preview:large","max-video-preview":"max-video-preview:-1"},"canonical":"https:\/\/www.beachspirit.fr\/bs\/produit\/hoodies-club-nautique-de-merlimont-2023\/","og_locale":"fr_FR","og_type":"article","og_title":"Hoodies \"Club Nautique de Merlimont\" - BEACH SPIRIT","og_description":"Hoodies (sweat \u00e0 capuche) personnalis\u00e9s S\u00e9rie sp\u00e9ciale \"RSYC\"","og_url":"https:\/\/www.beachspirit.fr\/bs\/produit\/hoodies-club-nautique-de-merlimont-2023\/","og_site_name":"BEACH SPIRIT","article_publisher":"https:\/\/www.facebook.com\/beachspirit.fr\/","article_modified_time":"2025-10-31T11:58:14+00:00","og_image":[{"width":546,"height":665,"url":"https:\/\/www.beachspirit.fr\/bs\/wp-content\/uploads\/2023\/08\/hoodie-logo.jpg","type":"image\/jpeg"}],"twitter_card":"summary_large_image","twitter_misc":{"Dur\u00e9e de lecture estim\u00e9e":"2 minutes"},"schema":{"@context":"https:\/\/schema.org","@graph":[{"@type":"WebPage","@id":"https:\/\/www.beachspirit.fr\/bs\/produit\/hoodies-club-nautique-de-merlimont-2023\/","url":"https:\/\/www.beachspirit.fr\/bs\/produit\/hoodies-club-nautique-de-merlimont-2023\/","name":"Hoodies \"Club Nautique de Merlimont\" - BEACH SPIRIT","isPartOf":{"@id":"https:\/\/www.beachspirit.fr\/bs\/#website"},"primaryImageOfPage":{"@id":"https:\/\/www.beachspirit.fr\/bs\/produit\/hoodies-club-nautique-de-merlimont-2023\/#primaryimage"},"image":{"@id":"https:\/\/www.beachspirit.fr\/bs\/produit\/hoodies-club-nautique-de-merlimont-2023\/#primaryimage"},"thumbnailUrl":"https:\/\/www.beachspirit.fr\/bs\/wp-content\/uploads\/2023\/08\/hoodie-logo.jpg","datePublished":"2023-08-03T11:57:36+00:00","dateModified":"2025-10-31T11:58:14+00:00","description":"Hoodies (sweat \u00e0 capuche) personnalis\u00e9s S\u00e9rie sp\u00e9ciale \"RSYC\"","breadcrumb":{"@id":"https:\/\/www.beachspirit.fr\/bs\/produit\/hoodies-club-nautique-de-merlimont-2023\/#breadcrumb"},"inLanguage":"fr-FR","potentialAction":[{"@type":"ReadAction","target":["https:\/\/www.beachspirit.fr\/bs\/produit\/hoodies-club-nautique-de-merlimont-2023\/"]}]},{"@type":"ImageObject","inLanguage":"fr-FR","@id":"https:\/\/www.beachspirit.fr\/bs\/produit\/hoodies-club-nautique-de-merlimont-2023\/#primaryimage","url":"https:\/\/www.beachspirit.fr\/bs\/wp-content\/uploads\/2023\/08\/hoodie-logo.jpg","contentUrl":"https:\/\/www.beachspirit.fr\/bs\/wp-content\/uploads\/2023\/08\/hoodie-logo.jpg","width":546,"height":665,"caption":"Hoodie club nautique merlimont"},{"@type":"BreadcrumbList","@id":"https:\/\/www.beachspirit.fr\/bs\/produit\/hoodies-club-nautique-de-merlimont-2023\/#breadcrumb","itemListElement":[{"@type":"ListItem","position":1,"name":"Accueil","item":"https:\/\/www.beachspirit.fr\/bs\/"},{"@type":"ListItem","position":2,"name":"Boutique","item":"https:\/\/www.beachspirit.fr\/bs\/boutique\/"},{"@type":"ListItem","position":3,"name":"Hoodies \u00ab\u00a0Club Nautique de Merlimont\u00a0\u00bb"}]},{"@type":"WebSite","@id":"https:\/\/www.beachspirit.fr\/bs\/#website","url":"https:\/\/www.beachspirit.fr\/bs\/","name":"BEACH SPIRIT","description":"beach spirit approved","publisher":{"@id":"https:\/\/www.beachspirit.fr\/bs\/#organization"},"potentialAction":[{"@type":"SearchAction","target":{"@type":"EntryPoint","urlTemplate":"https:\/\/www.beachspirit.fr\/bs\/?s={search_term_string}"},"query-input":{"@type":"PropertyValueSpecification","valueRequired":true,"valueName":"search_term_string"}}],"inLanguage":"fr-FR"},{"@type":"Organization","@id":"https:\/\/www.beachspirit.fr\/bs\/#organization","name":"BEACH SPIRIT","url":"https:\/\/www.beachspirit.fr\/bs\/","logo":{"@type":"ImageObject","inLanguage":"fr-FR","@id":"https:\/\/www.beachspirit.fr\/bs\/#\/schema\/logo\/image\/","url":"http:\/\/www.beachspirit.fr\/bs\/wp-content\/uploads\/2020\/03\/logoBS-petit-2.png","contentUrl":"http:\/\/www.beachspirit.fr\/bs\/wp-content\/uploads\/2020\/03\/logoBS-petit-2.png","width":200,"height":117,"caption":"BEACH SPIRIT"},"image":{"@id":"https:\/\/www.beachspirit.fr\/bs\/#\/schema\/logo\/image\/"},"sameAs":["https:\/\/www.facebook.com\/beachspirit.fr\/","https:\/\/www.instagram.com\/beachspirit.fr\/"]}]}},"_links":{"self":[{"href":"https:\/\/www.beachspirit.fr\/bs\/wp-json\/wp\/v2\/product\/28036","targetHints":{"allow":["GET"]}}],"collection":[{"href":"https:\/\/www.beachspirit.fr\/bs\/wp-json\/wp\/v2\/product"}],"about":[{"href":"https:\/\/www.beachspirit.fr\/bs\/wp-json\/wp\/v2\/types\/product"}],"replies":[{"embeddable":true,"href":"https:\/\/www.beachspirit.fr\/bs\/wp-json\/wp\/v2\/comments?post=28036"}],"wp:featuredmedia":[{"embeddable":true,"href":"https:\/\/www.beachspirit.fr\/bs\/wp-json\/wp\/v2\/media\/28044"}],"wp:attachment":[{"href":"https:\/\/www.beachspirit.fr\/bs\/wp-json\/wp\/v2\/media?parent=28036"}],"wp:term":[{"taxonomy":"product_brand","embeddable":true,"href":"https:\/\/www.beachspirit.fr\/bs\/wp-json\/wp\/v2\/product_brand?post=28036"},{"taxonomy":"product_cat","embeddable":true,"href":"https:\/\/www.beachspirit.fr\/bs\/wp-json\/wp\/v2\/product_cat?post=28036"},{"taxonomy":"product_tag","embeddable":true,"href":"https:\/\/www.beachspirit.fr\/bs\/wp-json\/wp\/v2\/product_tag?post=28036"}],"curies":[{"name":"wp","href":"https:\/\/api.w.org\/{rel}","templated":true}]}}